{"id":19464,"date":"2025-04-07T06:48:59","date_gmt":"2025-04-07T06:48:59","guid":{"rendered":"https:\/\/www.hydraulic-cylinders.net\/product\/boom-cylinder-for-world-middle-excavator-w2225lc-8\/"},"modified":"2025-04-07T06:49:02","modified_gmt":"2025-04-07T06:49:02","slug":"boom-cylinder-for-world-middle-excavator-w2225lc-8","status":"publish","type":"product","link":"https:\/\/www.hydraulic-cylinders.net\/lv\/products\/boom-cylinder-for-world-middle-excavator-w2225lc-8\/","title":{"rendered":"Str\u0113les cilindrs pasaules vid\u0113j\u0101 ekskavatora W2225LC-8"},"content":{"rendered":"<h1>Str\u0113les cilindrs pasaules vid\u0113j\u0101 ekskavatora W2225LC-8<\/h1>\n<h2>Str\u0113les cilindra p\u0101rskats<\/h2>\n<p>Str\u0113les cilindrs, kas \u012bpa\u0161i paredz\u0113ts smagaj\u0101m ma\u0161\u012bn\u0101m, piem\u0113ram, ekskavatoriem, sp\u0113l\u0113 kritisku lomu hidrauliskaj\u0101s sist\u0113m\u0101s. \u0160\u0101da veida hidrauliskais cilindrs ir b\u016btisks, lai kontrol\u0113tu kausa kust\u012bbu ekskavatoros, ekskavatoros-iekr\u0101v\u0113jos un front\u0101lajos iekr\u0101v\u0113jos. Hidrauliskais cilindrs \u013cauj kausam pacelties, nolaisties un noliekties, t\u0101d\u0113j\u0101di atvieglojot materi\u0101lu transport\u0113\u0161anas uzdevumu efekt\u012bvu veik\u0161anu.<\/p>\n<p><img decoding=\"async\" src=\"https:\/\/www.hydraulic-cylinders.net\/wp-content\/uploads\/2025\/04\/songte-company-1.webp\" alt=\"Str\u0113les cilindrs\"><\/p>\n<h3>Kausa cilindru funkcija un pielietojums<\/h3>\n<p>Kausa cilindri ir hidrauliskie cilindri, kas \u012bpa\u0161i izstr\u0101d\u0101ti smago ma\u0161\u012bnu darbin\u0101\u0161anai. Tie ir vit\u0101li svar\u012bgi rak\u0161anas proces\u0101, \u013caujot operatoriem efekt\u012bvi rakt un p\u0101rvietot zemi un gru\u017eus. \u0160o cilindru funkcionalit\u0101te nodro\u0161ina, ka apr\u012bkojums var veikt da\u017e\u0101dus uzdevumus, s\u0101kot no rak\u0161anas l\u012bdz cel\u0161anai, kas visi ir \u013coti svar\u012bgi b\u016bvniec\u012bbas un rak\u0161anas projektos.<\/p>\n<h2>Str\u0113les cilindra \u012bpa\u0161\u012bbas<\/h2>\n<ul>\n<li><strong>Augsta iztur\u012bba un ilgm\u016b\u017e\u012bba:<\/strong> \u0160ie cilindri, kas parasti ir izgatavoti no augstas stipr\u012bbas t\u0113rauda vai alum\u012bnija, var iztur\u0113t augstu spiedienu un lielas slodzes, padarot tos piem\u0113rotus skarbajiem darba apst\u0101k\u013ciem.<\/li>\n<li><strong>Efekt\u012bva hidraulisk\u0101 darb\u012bba:<\/strong> Izmantojot hidraulisk\u0101s e\u013c\u013cas spiedienu vienm\u0113r\u012bgai izvilk\u0161anai un ievilk\u0161anai, tie \u0101tri rea\u0123\u0113 uz operatora komand\u0101m, nodro\u0161inot jaud\u012bgas stum\u0161anas un vilk\u0161anas iesp\u0113jas.<\/li>\n<li><strong>Da\u017e\u0101di veidi:<\/strong> Pieejami ar vienas darb\u012bbas (darbojas vien\u0101 virzien\u0101) vai divk\u0101r\u0161as darb\u012bbas (darbojas abos virzienos) cilindriem, lai apmierin\u0101tu da\u017e\u0101das ekspluat\u0101cijas vajadz\u012bbas; da\u017ei mode\u013ci ir teleskopiski, kas \u013cauj liel\u0101ku pagarin\u0101jumu, nepalielinot \u0101r\u0113jos izm\u0113rus.<\/li>\n<li><strong>Piel\u0101gojamas opcijas:<\/strong> Ir pieejami piel\u0101goti risin\u0101jumi konkr\u0113t\u0101m iek\u0101rt\u0101m un lietojumiem, nodro\u0161inot optim\u0101lu veiktsp\u0113ju da\u017e\u0101dos scen\u0101rijos.<\/li>\n<li><strong>Apkopei draudz\u012bgs dizains:<\/strong> Izstr\u0101d\u0101ts vieglai apkopei, \u013caujot operatoriem veikt regul\u0101ras p\u0101rbaudes un remontu bez ilgsto\u0161as \u200b\u200bd\u012bkst\u0101ves.<\/li>\n<\/ul>\n<p>M\u0113s ra\u017eojam \u0161o produktu, un m\u016bsu cilindri var lieliski aizst\u0101t eso\u0161os hidrauliskos cilindrus tirg\u016b.<\/p>\n<p><img decoding=\"async\" src=\"https:\/\/www.hydraulic-cylinders.net\/wp-content\/uploads\/2025\/04\/songte-cylinder-head-with-all-kinds-excavator-models.webp\" alt=\"Ekskavatoru mode\u013ci\"><\/p>\n<h2>Str\u0113les cilindru pielietojums<\/h2>\n<h3>Celtniec\u012bbas apr\u012bkojums<\/h3>\n<p>B\u016bvniec\u012bbas iek\u0101rt\u0101s, piem\u0113ram, ekskavatoros, str\u0113les cilindri ir b\u016btiski augsnes vai gru\u017eu rak\u0161anai, iekrau\u0161anai un p\u0101rvieto\u0161anai. Hidraulisk\u0101 jauda \u013cauj operatoram kontrol\u0113t kausa dzi\u013cumu un le\u0146\u0137i, nodro\u0161inot precizit\u0101ti rak\u0161anas darbos.<\/p>\n<h3>Lauksaimniec\u012bbas tehnika<\/h3>\n<p>Front\u0101lie iekr\u0101v\u0113ji bie\u017ei izmanto str\u0113les cilindrus, lai paceltu, paceltu un transport\u0113tu augsni, sienu un citus materi\u0101lus. \u0160o cilindru efektivit\u0101te tie\u0161i ietekm\u0113 lauksaimniec\u012bbas darb\u012bbu produktivit\u0101ti, padarot tos nenov\u0113rt\u0113jamus m\u016bsdienu lauksaimniec\u012bbas tehnik\u0101s.<\/p>\n<h3>Ekskavatori<\/h3>\n<p>Ekskavatoros str\u0113les cilindri atvieglo rak\u0161anas kust\u012bbu, \u013caujot kausam iek\u013c\u016bt augsn\u0113. \u0160\u012b funkcija ir kritiski svar\u012bga efekt\u012bvai rak\u0161anai, nodro\u0161inot, ka ma\u0161\u012bna var efekt\u012bvi veikt savus uzdevumus, nep\u0101rslogojot hidraulisko sist\u0113mu.<\/p>\n<h3>Iekr\u0101v\u0113ji<\/h3>\n<p>Front\u0101lajos iekr\u0101v\u0113jos str\u0113les cilindri pal\u012bdz efekt\u012bvi pacelt un izkraut kravas. To konstrukcija nodro\u0161ina neman\u0101mu p\u0101reju starp iekrau\u0161anu un izkrau\u0161anu, optimiz\u0113jot darbpl\u016bsmu b\u016bvlaukumos un cit\u0101s materi\u0101lu apstr\u0101des vid\u0113s.<\/p>\n<h2>Dizaina apsv\u0113rumi un atlases krit\u0113riji<\/h2>\n<ul>\n<li><strong>Kravnes\u012bba:<\/strong> Konstrukcijai ir j\u0101iztur maksim\u0101l\u0101 paredzam\u0101 slodze bez boj\u0101jumiem, nodro\u0161inot, ka balons var darboties zem spiediena un laika gait\u0101 saglab\u0101t konstrukcijas integrit\u0101ti.<\/li>\n<li><strong>Bl\u012bv\u0113jums:<\/strong> Efekt\u012bvs bl\u012bv\u0113jums ir \u013coti svar\u012bgs, lai nov\u0113rstu hidraulisk\u0101 \u0161\u0137idruma nopl\u016bdi, kas var samazin\u0101t efektivit\u0101ti un izrais\u012bt sist\u0113mas k\u013c\u016bmes. Pareizi bl\u012bv\u0113jumi ar\u012b nodro\u0161ina, ka pies\u0101r\u0146ot\u0101ji nenon\u0101k hidrauliskaj\u0101 sist\u0113m\u0101, t\u0101d\u0113j\u0101di pagarinot cilindra kalpo\u0161anas laiku.<\/li>\n<li><strong>Iztur\u012bba:<\/strong> Materi\u0101li j\u0101izv\u0113las, \u0146emot v\u0113r\u0101 to iztur\u012bbu pret nodilumu, nodro\u0161inot, ka cilindrs var iztur\u0113t lielas slodzes pielietojumu. Tas ietver iztur\u012bbu pret koroziju un nodilumu, kas var b\u016btiski ietekm\u0113t veiktsp\u0113ju.<\/li>\n<li><strong>Dro\u0161\u012bba:<\/strong> Projekt\u0113\u0161an\u0101 j\u0101iek\u013cauj dro\u0161\u012bbas elementi, lai nov\u0113rstu negad\u012bjumus ekspluat\u0101cijas laik\u0101. Tas ietver spiediena samazin\u0101\u0161anas v\u0101rstus un av\u0101rijas aptur\u0113\u0161anas meh\u0101nismus operatoru un iek\u0101rtu aizsardz\u012bbai.<\/li>\n<li><strong>Uzturam\u012bba:<\/strong> Projektam j\u0101nodro\u0161ina \u0113rta piek\u013cuve apkopes un remonta veik\u0161anai. \u0160is apsv\u0113rums pal\u012bdz samazin\u0101t d\u012bkst\u0101ves laiku un nodro\u0161ina hidraulisko sist\u0113mu optim\u0101lu darba st\u0101vokli.<\/li>\n<\/ul>\n<p><img decoding=\"async\" src=\"https:\/\/www.hydraulic-cylinders.net\/wp-content\/uploads\/2025\/04\/songte-oil-pipes-and-spare-parts.webp\" alt=\"E\u013c\u013cas caurules un rezerves da\u013cas\"><\/p>\n<h2>Str\u0113les cilindra bl\u012bv\u0113\u0161ana un e\u013c\u013co\u0161ana<\/h2>\n<p>Pareiza bl\u012bv\u0113\u0161ana un e\u013c\u013co\u0161ana ir \u013coti svar\u012bga str\u0113les cilindru efekt\u012bvai darb\u012bbai. Lai nodro\u0161in\u0101tu hidraulisk\u0101 \u0161\u0137idruma notur\u0113\u0161anu sist\u0113m\u0101, tiek izmantoti da\u017e\u0101di bl\u012bv\u0113\u0161anas komponenti, tostarp virzu\u013ca bl\u012bv\u0113jumi un stie\u0146a bl\u012bv\u0113jumi. Bl\u012bv\u0113jumi var b\u016bt izgatavoti no t\u0101diem materi\u0101liem k\u0101 poliuret\u0101ns un nitrilgumija, lai nodro\u0161in\u0101tu iztur\u012bbu un nodilumiztur\u012bbu.<\/p>\n<p>Cilindra korpuss un v\u012bt\u0146ot\u0101s gala virsmas ir r\u016bp\u012bgi j\u0101apstr\u0101d\u0101, lai uzlabotu nodilumiztur\u012bbu. Svar\u012bga ir ar\u012b regul\u0101ra e\u013c\u013co\u0161ana, kas liek operatoriem periodiski pievienot atbilsto\u0161u hidraulisk\u0101s e\u013c\u013cas daudzumu, lai nodro\u0161in\u0101tu vienm\u0113r\u012bgu darb\u012bbu un nov\u0113rstu kust\u012bgo da\u013cu nodilumu.<\/p>\n<h2>Prevent\u012bvie apkopes pas\u0101kumi<\/h2>\n<ul>\n<li><strong>Regul\u0101ras p\u0101rbaudes:<\/strong> Veiciet r\u016bp\u012bgas str\u0113les cilindra p\u0101rbaudes, lai noteiktu jebk\u0101das nodiluma, nopl\u016b\u017eu vai boj\u0101jumu paz\u012bmes. Regul\u0101ras p\u0101rbaudes pal\u012bdz atkl\u0101t probl\u0113mas, pirms t\u0101s p\u0101raug d\u0101rgos remontos.<\/li>\n<li><strong>Piem\u0113rota e\u013c\u013co\u0161ana:<\/strong> P\u0101rliecinieties, vai hidraulisk\u0101 sist\u0113ma ir pien\u0101c\u012bgi iee\u013c\u013cota. Lai uztur\u0113tu optim\u0101lu veiktsp\u0113ju un nov\u0113rstu p\u0101rkar\u0161anu, j\u0101izmanto pareizais hidraulisk\u0101s e\u013c\u013cas veids un daudzums.<\/li>\n<li><strong>Bl\u012bv\u0113juma nomai\u0146a:<\/strong> Regul\u0101ri p\u0101rbaudiet bl\u012bves, vai t\u0101s nav nodilu\u0161as vai boj\u0101tas, un nomainiet t\u0101s, ja nepiecie\u0161ams. Efekt\u012bvu bl\u012bv\u0113jumu uztur\u0113\u0161ana ir \u013coti svar\u012bga, lai nov\u0113rstu hidraulisk\u0101 \u0161\u0137idruma nopl\u016bdes un nodro\u0161in\u0101tu efekt\u012bvu darb\u012bbu.<\/li>\n<\/ul>\n<h2>Str\u0113les cilindra uzst\u0101d\u012b\u0161anas vadl\u012bnijas<\/h2>\n<p>Pareiza str\u0113les cilindra uzst\u0101d\u012b\u0161ana ir b\u016btiska optim\u0101lai veiktsp\u0113jai. Vispirms p\u0101rliecinieties, vai uzst\u0101d\u012b\u0161anas vieta ir t\u012bra un bez gru\u017eiem. Pareizi izl\u012bdziniet cilindru, lai izvair\u012btos no sprieguma uz stiprin\u0101jumiem un nodro\u0161in\u0101tu vienm\u0113r\u012bgu darb\u012bbu.<\/p>\n<p>Izmantojiet atbilsto\u0161us mont\u0101\u017eas kron\u0161teinus, lai nostiprin\u0101tu cilindru viet\u0101. \u0160iem kron\u0161teiniem j\u0101b\u016bt pietiekami iztur\u012bgiem, lai iztur\u0113tu ekspluat\u0101cijas slodzi, neliecoties un nel\u016bstot. P\u0113c uzst\u0101d\u012b\u0161anas pirms iek\u0101rtas nodo\u0161anas ekspluat\u0101cij\u0101 p\u0101rbaudiet izl\u012bdzin\u0101jumu un funkcionalit\u0101ti. Regul\u0101ri uzraugiet cilindra darb\u012bbu p\u0113c uzst\u0101d\u012b\u0161anas, lai nodro\u0161in\u0101tu ilgm\u016b\u017e\u012bbu un uzticam\u012bbu.<\/p>\n<h2>Bie\u017ei sastopamie apkopes uzdevumi<\/h2>\n<ul>\n<li><strong>Regul\u0101ras p\u0101rbaudes:<\/strong> Ir \u013coti svar\u012bgi veikt regul\u0101ras str\u0113les cilindra p\u0101rbaudes. Tas ietver nopl\u016b\u017eu p\u0101rbaudi, bl\u012bv\u0113jumu st\u0101vok\u013ca nov\u0113rt\u0113\u0161anu un visu komponentu pareizas darb\u012bbas nodro\u0161in\u0101\u0161anu.<\/li>\n<li><strong>Pareiza e\u013c\u013co\u0161ana:<\/strong> Adequate lubrication is necessary for maintaining the cylinder&#8217;s performance. Operators should ensure that the hydraulic oil levels are sufficient and that the correct type of oil is used for lubrication.<\/li>\n<li><strong>Bl\u012bv\u0113juma nomai\u0146a un kalibr\u0113\u0161ana:<\/strong> Regul\u0101ra nodilu\u0161o bl\u012bv\u0113jumu nomai\u0146a un pareiza hidraulisk\u0101s sist\u0113mas kalibr\u0113\u0161ana ir \u013coti svar\u012bga, lai nov\u0113rstu darb\u012bbas trauc\u0113jumus. Kalibr\u0113\u0161ana nodro\u0161ina, ka sist\u0113ma darbojas atbilsto\u0161i noteiktajiem parametriem, uzlabojot efektivit\u0101ti un dro\u0161\u012bbu.<\/li>\n<\/ul>\n<p><img decoding=\"async\" src=\"https:\/\/www.hydraulic-cylinders.net\/wp-content\/uploads\/2025\/04\/songte-chushion-collar.webp\" alt=\"Spilvenu apkakle\"><\/p>\n<h2>Dro\u0161\u012bbas apsv\u0113rumi un vides faktori<\/h2>\n<p>Izmantojot str\u0113les cilindrus, dro\u0161\u012bbas pas\u0101kumu ievie\u0161ana ir \u0101rk\u0101rt\u012bgi svar\u012bga. Operatori ir j\u0101apm\u0101ca atpaz\u012bt iesp\u0113jamos apdraud\u0113jumus un iev\u0113rot dro\u0161\u012bbas protokolus, lai samazin\u0101tu riskus. Iek\u0101rtas ir regul\u0101ri j\u0101p\u0101rbauda, \u200b\u200blai nodro\u0161in\u0101tu dro\u0161us darba apst\u0101k\u013cus. Turkl\u0101t j\u0101\u0146em v\u0113r\u0101 vides apsv\u0113rumi, piem\u0113ram, hidraulisk\u0101 \u0161\u0137idruma nopl\u016b\u017eu nov\u0113r\u0161ana, kas var\u0113tu kait\u0113t apk\u0101rt\u0113jai videi.<\/p>\n<h2>K\u013c\u016bmju diagnostika un bie\u017e\u0101k sastopam\u0101s probl\u0113mas<\/h2>\n<ul>\n<li><strong>Nopl\u016bde:<\/strong> Hidraulisk\u0101 \u0161\u0137idruma nopl\u016bdes var rasties nodilu\u0161u bl\u012bv\u0113jumu vai boj\u0101tu \u0161\u013c\u016bte\u0146u d\u0113\u013c. Lai nopl\u016bdes laikus atkl\u0101tu, ir nepiecie\u0161ama regul\u0101ra p\u0101rbaude.<\/li>\n<li><strong>Jaudas zudums:<\/strong> Hidraulisk\u0101s jaudas samazin\u0101\u0161an\u0101s var liecin\u0101t par zemu \u0161\u0137idruma l\u012bmeni vai aizsprostojumiem hidrauliskaj\u0101 sist\u0113m\u0101. \u0160\u0137idruma l\u012bme\u0146a un l\u012bniju p\u0101rbaude var pal\u012bdz\u0113t atrisin\u0101t \u0161o probl\u0113mu.<\/li>\n<li><strong>Nekonsekventa kust\u012bba:<\/strong> Ja str\u0113les cilindrs neizvirz\u0101s vai neievelkas vienm\u0113r\u012bgi, tas var b\u016bt nepietiekamas e\u013c\u013co\u0161anas vai iek\u0161\u0113ju boj\u0101jumu d\u0113\u013c. Lai nov\u0113rstu \u0161o probl\u0113mu, ir svar\u012bgi nov\u0113rst darb\u012bbas trauc\u0113jumus un veikt apkopi.<\/li>\n<\/ul>\n<p>Lai efekt\u012bvi diagnostic\u0113tu un nov\u0113rstu probl\u0113mas, operatoriem j\u0101uztur probl\u0113mu nov\u0113r\u0161anas kontrolsaraksts. \u0160aj\u0101 kontrolsarakst\u0101 j\u0101iek\u013cauj darb\u012bbas simptomu identific\u0113\u0161anai, iesp\u0113jamo c\u0113lo\u0146u nov\u0113rt\u0113\u0161anai un korekt\u012bvu darb\u012bbu ievie\u0161anai. Prevent\u012bvie pas\u0101kumi, piem\u0113ram, regul\u0101ra apkope un r\u016bp\u012bga uzraudz\u012bba, var iev\u0113rojami samazin\u0101t probl\u0113mu ra\u0161an\u0101s iesp\u0113jam\u012bbu.<\/p>\n<p><img decoding=\"async\" src=\"https:\/\/www.hydraulic-cylinders.net\/wp-content\/uploads\/2025\/04\/songte-bushings-with-all-kinds-of-excavator-models.webp\" alt=\"Ekskavatoru mode\u013cu bukses\"><\/p>\n<h2>Uz\u0146\u0113muma p\u0101rskats<\/h2>\n<p>M\u0113s esam vado\u0161ais rezerves hidraulisko cilindru ra\u017eot\u0101js, kas pied\u0101v\u0101 pla\u0161u produktu kl\u0101stu gan viet\u0113jam, gan starptautiskajam tirgum. M\u016bsu ap\u0146em\u0161anos nodro\u0161in\u0101t izcil\u012bbu kvalit\u0101t\u0113 atbalsta sare\u017e\u0123\u012bta ra\u017eo\u0161anas vad\u012bbas strat\u0113\u0123ija un progres\u012bva tehnolo\u0123isk\u0101 integr\u0101cija.<\/p>\n<p>We pride ourselves on our technical expertise and investment in high-end digital manufacturing equipment, ensuring that our products meet stringent quality standards. Our robust R&#038;D capabilities allow us to innovate continuously, and we offer customized solutions tailored to meet diverse customer requirements.<\/p>\n<p><img decoding=\"async\" src=\"https:\/\/www.hydraulic-cylinders.net\/wp-content\/uploads\/2025\/04\/songte-company-4.webp\" alt=\"Uz\u0146\u0113muma p\u0101rskats 1\"><br \/>\n<img decoding=\"async\" src=\"https:\/\/www.hydraulic-cylinders.net\/wp-content\/uploads\/2025\/04\/songte-company-3.webp\" alt=\"Uz\u0146\u0113muma p\u0101rskats 2\"><\/p>\n<p>M\u016bsu ap\u0146em\u0161an\u0101s nodro\u0161in\u0101t starptautiskus sertifik\u0101tus, piel\u0101gotus pakalpojumus un izcilu p\u0113cp\u0101rdo\u0161anas atbalstu at\u0161\u0137ir m\u016bs hidraulisko cilindru ra\u017eo\u0161anas nozar\u0113. M\u0113s tiecamies uz augstu efektivit\u0101ti, precizit\u0101ti un kvalit\u0101ti vis\u0101s sav\u0101s darb\u012bb\u0101s, lai apmierin\u0101tu m\u016bsu klientu da\u017e\u0101d\u0101s vajadz\u012bbas.<\/p>\n<p>Autors: lil<\/p>","protected":false},"excerpt":{"rendered":"<p>Boom Cylinder For World Middle Excavator W2225LC-8 Overview of the Boom Cylinder The boom cylinder, specifically designed for heavy machinery such as excavators, plays a critical role in hydraulic systems. This type of hydraulic cylinder is essential for controlling the movement of the bucket in excavators, backhoe loaders, and front loaders. The hydraulic cylinder enables [&hellip;]<\/p>","protected":false},"featured_media":17878,"comment_status":"open","ping_status":"closed","template":"","meta":{"_et_pb_use_builder":"","_et_pb_old_content":"","_et_gb_content_width":""},"product_brand":[],"product_cat":[1546],"product_tag":[1547,1496],"class_list":{"0":"post-19464","1":"product","2":"type-product","3":"status-publish","4":"has-post-thumbnail","6":"product_cat-boom-cylinders","7":"product_tag-boom-cylinders","8":"product_tag-hydraulic-cylinders","10":"first","11":"instock","12":"shipping-taxable","13":"product-type-simple"},"amp_enabled":true,"_links":{"self":[{"href":"https:\/\/www.hydraulic-cylinders.net\/lv\/wp-json\/wp\/v2\/product\/19464","targetHints":{"allow":["GET"]}}],"collection":[{"href":"https:\/\/www.hydraulic-cylinders.net\/lv\/wp-json\/wp\/v2\/product"}],"about":[{"href":"https:\/\/www.hydraulic-cylinders.net\/lv\/wp-json\/wp\/v2\/types\/product"}],"replies":[{"embeddable":true,"href":"https:\/\/www.hydraulic-cylinders.net\/lv\/wp-json\/wp\/v2\/comments?post=19464"}],"wp:featuredmedia":[{"embeddable":true,"href":"https:\/\/www.hydraulic-cylinders.net\/lv\/wp-json\/wp\/v2\/media\/17878"}],"wp:attachment":[{"href":"https:\/\/www.hydraulic-cylinders.net\/lv\/wp-json\/wp\/v2\/media?parent=19464"}],"wp:term":[{"taxonomy":"product_brand","embeddable":true,"href":"https:\/\/www.hydraulic-cylinders.net\/lv\/wp-json\/wp\/v2\/product_brand?post=19464"},{"taxonomy":"product_cat","embeddable":true,"href":"https:\/\/www.hydraulic-cylinders.net\/lv\/wp-json\/wp\/v2\/product_cat?post=19464"},{"taxonomy":"product_tag","embeddable":true,"href":"https:\/\/www.hydraulic-cylinders.net\/lv\/wp-json\/wp\/v2\/product_tag?post=19464"}],"curies":[{"name":"wp","href":"https:\/\/api.w.org\/{rel}","templated":true}]}}