{"id":19465,"date":"2025-04-07T06:49:02","date_gmt":"2025-04-07T06:49:02","guid":{"rendered":"https:\/\/www.hydraulic-cylinders.net\/product\/boom-cylinder-for-world-middle-excavator-w2245dlc-8\/"},"modified":"2025-04-07T06:49:04","modified_gmt":"2025-04-07T06:49:04","slug":"boom-cylinder-for-world-middle-excavator-w2245dlc-8","status":"publish","type":"product","link":"https:\/\/www.hydraulic-cylinders.net\/lv\/products\/boom-cylinder-for-world-middle-excavator-w2245dlc-8\/","title":{"rendered":"Str\u0113les cilindrs pasaules vid\u0113j\u0101 ekskavatora W2245DLC-8"},"content":{"rendered":"<h1>Str\u0113les cilindrs pasaules vid\u0113j\u0101 ekskavatora W2245DLC-8<\/h1>\n<h2>Produkta p\u0101rskats<\/h2>\n<p>Str\u0113les cilindrs ir specializ\u0113ts hidrauliskais cilindrs, kas paredz\u0113ts kausu kust\u012bbas vad\u012bbai da\u017e\u0101d\u0101s smagaj\u0101s ma\u0161\u012bn\u0101s, tostarp ekskavatoros, iekr\u0101v\u0113ju ekskavatoros un front\u0101lajos iekr\u0101v\u0113jos. \u0160\u012b b\u016btisk\u0101 sast\u0101vda\u013ca \u013cauj kausam pacelties, nolaisties un noliekties, t\u0101d\u0113j\u0101di atvieglojot efekt\u012bvus materi\u0101lu apstr\u0101des darbus. Kausa cilindrs darbojas hidrauliskaj\u0101s sist\u0113m\u0101s, izmantojot hidraulisko \u0161\u0137idrumu, lai rad\u012btu spiedienu, kas p\u0101rvieto cilindra virzuli, galu gal\u0101 p\u0101rv\u0113r\u0161oties meh\u0101nisk\u0101 kust\u012bb\u0101, kas nepiecie\u0161ama rak\u0161anas un iekrau\u0161anas oper\u0101cij\u0101m.<\/p>\n<p><img decoding=\"async\" src=\"https:\/\/www.hydraulic-cylinders.net\/wp-content\/uploads\/2025\/04\/songte-company-1.webp\" alt=\"Str\u0113les cilindrs\"><\/p>\n<h2>Str\u0113les cilindra \u012bpa\u0161\u012bbas<\/h2>\n<ul>\n<li><strong>Augsta iztur\u012bba un ilgm\u016b\u017e\u012bba:<\/strong> \u0160ie cilindri, kas parasti ir izgatavoti no augstas stipr\u012bbas t\u0113rauda vai alum\u012bnija, var iztur\u0113t augstu spiedienu un lielas slodzes, t\u0101p\u0113c ir piem\u0113roti skarbiem darba apst\u0101k\u013ciem. Tie ir konstru\u0113ti t\u0101, lai b\u016btu iztur\u012bgi pret nodilumu un koroziju, t\u0101d\u0113j\u0101di pagarinot to kalpo\u0161anas laiku.<\/li>\n<li><strong>Efekt\u012bva hidraulisk\u0101 darb\u012bba:<\/strong> Cilindrs izmanto hidraulisk\u0101s e\u013c\u013cas spiedienu, lai pan\u0101ktu vienm\u0113r\u012bgu izstiep\u0161anu un ievilk\u0161anu, \u013caujot \u0101tri rea\u0123\u0113t uz darb\u012bbas komand\u0101m un nodro\u0161inot sp\u0113c\u012bgu stum\u0161anas un vilk\u0161anas sp\u0113ku, padarot tos ide\u0101li piem\u0113rotus smagu un sare\u017e\u0123\u012btu uzdevumu veik\u0161anai.<\/li>\n<li><strong>Da\u017e\u0101di veidi:<\/strong> Pieejams vienk\u0101r\u0161\u0101s darb\u012bbas (izmantojot hidraulisko spiedienu vien\u0101 virzien\u0101) vai divk\u0101r\u0161\u0101s darb\u012bbas (izmantojot hidraulisko spiedienu abos virzienos) konfigur\u0101cij\u0101s, lai atbilstu da\u017e\u0101d\u0101m ekspluat\u0101cijas pras\u012bb\u0101m. Da\u017ei mode\u013ci ir teleskopiski, kas \u013cauj pan\u0101kt liel\u0101ku pagarin\u0101jumu, nepalielinot \u0101r\u0113jos izm\u0113rus, un ir piem\u0113roti lietojumiem ar ierobe\u017eotu vietu.<\/li>\n<\/ul>\n<p>M\u0113s sp\u0113jam ra\u017eot \u0161o produktu, un m\u016bsu cilindri var lieliski aizst\u0101t eso\u0161os hidrauliskos cilindrus.<\/p>\n<p><img decoding=\"async\" src=\"https:\/\/www.hydraulic-cylinders.net\/wp-content\/uploads\/2025\/04\/songte-cylinder-head-with-all-kinds-excavator-models.webp\" alt=\"Ekskavatoru mode\u013ci\"><\/p>\n<h2>Str\u0113les cilindru pielietojums<\/h2>\n<h3>Celtniec\u012bbas apr\u012bkojums<\/h3>\n<p>Ekskavatoros str\u0113les cilindrs ir \u013coti svar\u012bgs augsnes vai gru\u017eu rak\u0161anai, iekrau\u0161anai un p\u0101rvieto\u0161anai. T\u0101 prec\u012bz\u0101 vad\u012bba \u013cauj operatoriem efekt\u012bvi manevr\u0113t kausu, uzlabojot produktivit\u0101ti b\u016bvlaukumos. Cilindra robust\u0101 konstrukcija nodro\u0161ina, ka tas sp\u0113j tikt gal\u0101 ar stingraj\u0101m smago kravu cel\u0161anas un rak\u0161anas pras\u012bb\u0101m, padarot to par b\u016btisku celtniec\u012bbas tehnikas sast\u0101vda\u013cu.<\/p>\n<h3>Lauksaimniec\u012bbas tehnika<\/h3>\n<p>Front\u0101lajos iekr\u0101v\u0113jos str\u0113les cilindri tiek izmantoti augsnes, siena un citu materi\u0101lu sav\u0101k\u0161anai, cel\u0161anai un transport\u0113\u0161anai. To sp\u0113ja rad\u012bt iev\u0113rojamu sp\u0113ku \u013cauj lauksaimniekiem efekt\u012bvi p\u0101rvald\u012bt lielu materi\u0101lu daudzumu. \u0160\u012b daudzpus\u012bba ir b\u016btiska da\u017e\u0101diem lauksaimniec\u012bbas uzdevumiem, nodro\u0161inot, ka apr\u012bkojums var piel\u0101goties da\u017e\u0101d\u0101m iekrau\u0161anas un transport\u0113\u0161anas vajadz\u012bb\u0101m.<\/p>\n<h3>Ekskavatori<\/h3>\n<p>Str\u0113les cilindrs atvieglo rak\u0161anas procesu, \u013caujot kausam efekt\u012bvi iek\u013c\u016bt augsn\u0113. \u0160\u012b sp\u0113ja ir vit\u0101li svar\u012bga da\u017e\u0101diem pielietojumiem, s\u0101kot no pamatu rak\u0161anas l\u012bdz ainavu veido\u0161anai. Hidraulisk\u0101 darb\u012bba nodro\u0161ina vienm\u0113r\u012bgas un kontrol\u0113tas kust\u012bbas, optimiz\u0113jot ekskavatoru veiktsp\u0113ju un uzlabojot to darb\u012bbas efektivit\u0101ti.<\/p>\n<h3>Iekr\u0101v\u0113ji<\/h3>\n<p>Front\u0101lajos iekr\u0101v\u0113jos str\u0113les cilindri pal\u012bdz efekt\u012bvi pacelt un izkraut kravas. To konstrukcija nodro\u0161ina iev\u0113rojamu kust\u012bbu diapazonu, \u013caujot operatoriem efekt\u012bvi iekraut materi\u0101lus kravas automa\u0161\u012bn\u0101s vai citos transporta l\u012bdzek\u013cos. \u0160\u012b funkcionalit\u0101te ir b\u016btiska b\u016bvniec\u012bbas un materi\u0101lu apstr\u0101des darbos, kur laiks un efektivit\u0101te ir kritiski svar\u012bgi.<\/p>\n<h2>Dizaina apsv\u0113rumi un atlases krit\u0113riji<\/h2>\n<h3>Kravnes\u012bba<\/h3>\n<p>Izv\u0113loties str\u0113les cilindru, galvenais apsv\u0113rums ir kravnes\u012bba. Ir \u013coti svar\u012bgi nodro\u0161in\u0101t, lai cilindrs var\u0113tu iztur\u0113t maksim\u0101lo svaru, kas tiks piem\u0113rots darb\u012bbas laik\u0101. Projekt\u0113jot j\u0101\u0146em v\u0113r\u0101 gan statisk\u0101s, gan dinamisk\u0101s slodzes, nodro\u0161inot dro\u0161\u012bbu un funkcionalit\u0101ti da\u017e\u0101dos apst\u0101k\u013cos.<\/p>\n<h3>Bl\u012bv\u0113\u0161ana<\/h3>\n<p>Efekt\u012bvs bl\u012bv\u0113jums ir vit\u0101li svar\u012bgs hidraulisko cilindru veiktsp\u0113jai un ilgm\u016b\u017e\u012bbai. Labi bl\u012bv\u0113jumi nov\u0113r\u0161 hidraulisk\u0101 \u0161\u0137idruma nopl\u016bdes, kas var izrais\u012bt sist\u0113mas k\u013c\u016bmes. Ir svar\u012bgi izmantot augstas kvalit\u0101tes bl\u012bv\u0113\u0161anas materi\u0101lus, kas var iztur\u0113t hidrauliskaj\u0101s sist\u0113m\u0101s sastopamo spiedienu un temperat\u016bru. Lai nodro\u0161in\u0101tu optim\u0101lu veiktsp\u0113ju, ir nepiecie\u0161amas regul\u0101ras bl\u012bv\u0113jumu p\u0101rbaudes un apkope.<\/p>\n<h3>Iztur\u012bba<\/h3>\n<p>Iztur\u012bba ir galvenais hidraulisko cilindru elements, \u012bpa\u0161i sare\u017e\u0123\u012btos apst\u0101k\u013cos. Materi\u0101li j\u0101izv\u0113las, pamatojoties uz to iztur\u012bbu pret nodilumu un koroziju, nodro\u0161inot, ka cilindri var efekt\u012bvi darboties laika gait\u0101. Konstrukcijas elementi, piem\u0113ram, cietie p\u0101rkl\u0101jumi un virsmas apstr\u0101de, var uzlabot cilindra iztur\u012bbu, padarot to piem\u0113rotu pla\u0161am pielietojumu kl\u0101stam.<\/p>\n<h3>Dro\u0161\u012bba<\/h3>\n<p>Hidraulisko cilindru projekt\u0113\u0161an\u0101 vissvar\u012bg\u0101kie ir dro\u0161\u012bbas apsv\u0113rumi. T\u0101das funkcijas k\u0101 spiediena samazin\u0101\u0161anas v\u0101rsti un iztur\u012bga konstrukcija ir b\u016btiskas, lai nov\u0113rstu boj\u0101jumus, kas var\u0113tu izrais\u012bt negad\u012bjumus. Pareiza apm\u0101c\u012bba un dro\u0161\u012bbas protokolu iev\u0113ro\u0161ana ekspluat\u0101cijas un apkopes laik\u0101 ir ar\u012b \u013coti svar\u012bga, lai nodro\u0161in\u0101tu lietot\u0101ju dro\u0161\u012bbu.<\/p>\n<h3>Uzturam\u012bba<\/h3>\n<p>Projekt\u0113jot, \u0146emot v\u0113r\u0101 apkopes iesp\u0113jas, ir j\u0101nodro\u0161ina, lai komponentiem var\u0113tu viegli piek\u013c\u016bt ikdienas apkopes un remonta veik\u0161anai. \u0160is apsv\u0113rums var iev\u0113rojami samazin\u0101t d\u012bkst\u0101ves laiku un apkopes izmaksas. Standartiz\u0113tu deta\u013cu iek\u013cau\u0161ana un skaidra dokument\u0101cija var atvieglot remontu un regul\u0113\u0161anu, t\u0101d\u0113j\u0101di pagarinot balona kalpo\u0161anas laiku.<\/p>\n<p><img decoding=\"async\" src=\"https:\/\/www.hydraulic-cylinders.net\/wp-content\/uploads\/2025\/04\/songte-oil-pipes-and-spare-parts.webp\" alt=\"E\u013c\u013cas caurules un rezerves da\u013cas\"><\/p>\n<h2>Bl\u012bv\u0113\u0161ana un e\u013c\u013co\u0161ana<\/h2>\n<p>Pareiza hidraulisko cilindru bl\u012bv\u0113\u0161ana un e\u013c\u013co\u0161ana ir kritiski svar\u012bga to funkcionalit\u0101tei un ilgm\u016b\u017e\u012bbai. Da\u017e\u0101du bl\u012bv\u0113jumu, piem\u0113ram, virzu\u013ca bl\u012bv\u0113jumu un stie\u0146a bl\u012bv\u0113jumu, izmanto\u0161ana pal\u012bdz nov\u0113rst nopl\u016bdes un uztur\u0113t spiedienu sist\u0113m\u0101. Bl\u012bv\u0113jumi, kas izgatavoti no iztur\u012bgiem materi\u0101liem, piem\u0113ram, poliuret\u0101na un nitrila gumijas, ir v\u0113lami to nodilumiztur\u012bbas d\u0113\u013c. Cilindra korpuss un v\u012bt\u0146otie gali ir r\u016bp\u012bgi j\u0101apstr\u0101d\u0101, lai uzlabotu nodilumiztur\u012bbu un bl\u012bv\u0113\u0161anas sp\u0113ju. Turkl\u0101t ir nepiecie\u0161ama regul\u0101ra e\u013c\u013co\u0161ana ar hidraulisko e\u013c\u013cu, lai nodro\u0161in\u0101tu vienm\u0113r\u012bgu darb\u012bbu un nov\u0113rstu iek\u0161\u0113jo deta\u013cu nodilumu.<\/p>\n<h2>Prevent\u012bvie apkopes pas\u0101kumi<\/h2>\n<ul>\n<li><strong>Regul\u0101ras p\u0101rbaudes:<\/strong> Regul\u0101ru p\u0101rbau\u017eu veik\u0161ana pal\u012bdz laikus identific\u0113t iesp\u0113jam\u0101s probl\u0113mas. P\u0101rbaudiet, vai bl\u012bv\u0113m un cilindru deta\u013c\u0101m nav nodiluma paz\u012bmju, nopl\u016b\u017eu vai boj\u0101jumu. Regul\u0101ras p\u0101rbaudes var nov\u0113rst nopietnus boj\u0101jumus un pagarin\u0101t iek\u0101rtas kalpo\u0161anas laiku.<\/li>\n<li><strong>Savlaic\u012bga e\u013c\u013co\u0161ana:<\/strong> Lai nodro\u0161in\u0101tu vienm\u0113r\u012bgu darb\u012bbu, p\u0101rliecinieties, vai cilindrs ir iee\u013c\u013cots ar ieteicamo hidraulisko e\u013c\u013cu. Pareiza e\u013c\u013co\u0161ana samazina iek\u0161\u0113jo deta\u013cu berzi un nodilumu, uzlabojot veiktsp\u0113ju un iztur\u012bbu.<\/li>\n<li><strong>Bl\u012bvju nomai\u0146a:<\/strong> Laika gait\u0101 bl\u012bves var nolietoties, izraisot nopl\u016bdes un spiediena zudumu. Regul\u0101ri p\u0101rbaudiet un nomainiet bl\u012bves p\u0113c nepiecie\u0161am\u012bbas, lai saglab\u0101tu hidraulisk\u0101s sist\u0113mas integrit\u0101ti.<\/li>\n<\/ul>\n<h2>Uzst\u0101d\u012b\u0161anas vadl\u012bnijas<\/h2>\n<p>Pareiza str\u0113les cilindra uzst\u0101d\u012b\u0161ana ir \u013coti svar\u012bga t\u0101 veiktsp\u0113jai un ilgm\u016b\u017e\u012bbai. Vispirms p\u0101rliecinieties, vai visas sast\u0101vda\u013cas ir t\u012bras un bez gru\u017eiem. Prec\u012bzi izl\u012bdziniet cilindru ar stiprin\u0101juma punktiem, lai darb\u012bbas laik\u0101 izvair\u012btos no p\u0101rm\u0113r\u012bgas slodzes uz cilindru. Izmantojiet atbilsto\u0161us stiprin\u0101juma kron\u0161teinus, lai nostiprin\u0101tu cilindru viet\u0101, p\u0101rliecinoties, ka tas ir pareizi nostiprin\u0101ts, nep\u0101rslogojot to, kas var izrais\u012bt boj\u0101jumus. P\u0113c uzst\u0101d\u012b\u0161anas v\u0113lreiz p\u0101rbaudiet visus savienojumus un bl\u012bves, lai p\u0101rliecin\u0101tos, ka nav nopl\u016b\u017eu. Visbeidzot, pirms darba piepildiet hidraulisko sist\u0113mu ar ieteicamo e\u013c\u013cu un izlaidiet gaisu no sist\u0113mas.<\/p>\n<h2>Bie\u017ei sastopamie apkopes uzdevumi<\/h2>\n<h3>Regul\u0101ra p\u0101rbaude<\/h3>\n<p>Regul\u0101ras p\u0101rbaudes ir b\u016btiskas, lai noteiktu nodilumu un potenci\u0101lus boj\u0101jumus, pirms tie p\u0101raug nopietn\u0101s probl\u0113m\u0101s. P\u0101rbaudiet cilindru, vai nav redzamu boj\u0101jumu paz\u012bmju, piem\u0113ram, iespiedumu vai skr\u0101p\u0113jumu, un p\u0101rbaudiet, vai ap bl\u012bv\u0113m nav nopl\u016b\u017eu. P\u0101rliecinieties, vai hidraulisk\u0101s l\u012bnijas ir neskartas un nav pak\u013cautas p\u0101rm\u0113r\u012bgai slodzei. Apkopes \u017eurn\u0101la uztur\u0113\u0161ana var pal\u012bdz\u0113t laika gait\u0101 izsekot cilindra st\u0101voklim.<\/p>\n<h3>Piem\u0113rota e\u013c\u013co\u0161ana<\/h3>\n<p>Pareizas e\u013c\u013co\u0161anas uztur\u0113\u0161ana ir \u013coti svar\u012bga hidraulisk\u0101 cilindra darb\u012bbai. Izmantojiet nor\u0101d\u012bto hidraulisko e\u013c\u013cu un iev\u0113rojiet ra\u017eot\u0101ja ieteikumus par e\u013c\u013co\u0161anas interv\u0101liem. Regul\u0101ri p\u0101rbaudiet e\u013c\u013cas l\u012bmeni un piepildiet to p\u0113c nepiecie\u0161am\u012bbas, nodro\u0161inot, ka sist\u0113ma darbojas nevainojami un efekt\u012bvi.<\/p>\n<h3>Bl\u012bvju nomai\u0146as un kalibr\u0113\u0161anas p\u0101rbaudes<\/h3>\n<p>T\u0101 k\u0101 bl\u012bves laika gait\u0101 nolietojas, ir svar\u012bgi t\u0101s nomain\u012bt, lai nov\u0113rstu nopl\u016bdes un uztur\u0113tu spiedienu sist\u0113m\u0101. Pl\u0101nojiet regul\u0101ras bl\u012bvju p\u0101rbaudes un nomai\u0146u atkar\u012bb\u0101 no lieto\u0161anas un apst\u0101k\u013ciem. Turkl\u0101t regul\u0101ri kalibr\u0113jiet cilindru, lai nodro\u0161in\u0101tu, ka tas darbojas noteiktos parametros. Pareiza kalibr\u0113\u0161ana var nov\u0113rst t\u0101das probl\u0113mas k\u0101 nevienm\u0113r\u012bgas kust\u012bbas, kas var izrais\u012bt priek\u0161laic\u012bgu nodilumu un samazin\u0101tu veiktsp\u0113ju.<\/p>\n<p><img decoding=\"async\" src=\"https:\/\/www.hydraulic-cylinders.net\/wp-content\/uploads\/2025\/04\/songte-chushion-collar.webp\" alt=\"Spilvenu apkakle\"><\/p>\n<h2>Dro\u0161\u012bbas apsv\u0113rumi un vides faktori<\/h2>\n<p>Str\u0101d\u0101jot ar hidrauliskajiem cilindriem, dro\u0161\u012bbas pas\u0101kumi ir \u013coti svar\u012bgi. Vienm\u0113r valk\u0101jiet atbilsto\u0161us individu\u0101los aizsardz\u012bbas l\u012bdzek\u013cus (IAL) un p\u0101rliecinieties, ka visi operatori ir apm\u0101c\u012bti dro\u0161as r\u012bc\u012bbas praks\u0113. Dro\u0161\u012bbas funkciju, piem\u0113ram, spiediena samazin\u0101\u0161anas v\u0101rstu, ievie\u0161ana var nov\u0113rst negad\u012bjumus, ko izraisa p\u0113k\u0161\u0146as spiediena izmai\u0146as. Turkl\u0101t \u0146emiet v\u0113r\u0101 hidraulisko \u0161\u0137idrumu ietekmi uz vidi un nodro\u0161iniet atbilsto\u0161as \u200b\u200butiliz\u0101cijas metodes, lai samazin\u0101tu pies\u0101r\u0146ojumu.<\/p>\n<h2>Probl\u0113mu nov\u0113r\u0161ana un bie\u017ei sastopamas probl\u0113mas<\/h2>\n<ul>\n<li><strong>Nopl\u016bde:<\/strong> Ja paman\u0101t hidraulisk\u0101 \u0161\u0137idruma nopl\u016bdi no cilindra, p\u0101rbaudiet bl\u012bves un savienojumus. Nolietotas bl\u012bves bie\u017ei izraisa nopl\u016bdes un var b\u016bt nepiecie\u0161ama to nomai\u0146a.<\/li>\n<li><strong>L\u0113na darb\u012bba:<\/strong> Ja cilindrs kustas l\u0113ni, tas var\u0113tu b\u016bt saist\u012bts ar zemu hidraulisk\u0101 \u0161\u0137idruma l\u012bmeni vai gaisu sist\u0113m\u0101. P\u0101rbaudiet \u0161\u0137idruma l\u012bmeni un nepiecie\u0161am\u012bbas gad\u012bjum\u0101 atgaisojiet sist\u0113mu.<\/li>\n<li><strong>Nekonsekventa kust\u012bba:<\/strong> Neregul\u0101ra kust\u012bba var liecin\u0101t par iek\u0161\u0113jiem boj\u0101jumiem vai nodilumu. P\u0101rbaudiet cilindru, vai nav nodiluma paz\u012bmju, un, ja nepiecie\u0161ams, apsveriet profesion\u0101la nov\u0113rt\u0113jumu.<\/li>\n<\/ul>\n<p>Lai efekt\u012bvi diagnostic\u0113tu un nov\u0113rstu \u0161\u012bs probl\u0113mas, uzturiet detaliz\u0113tu apkopes \u017eurn\u0101lu, lai izsekotu veiktsp\u0113ju un identific\u0113tu mode\u013cus, kas var liecin\u0101t par pamatprobl\u0113m\u0101m. Ieviesiet prevent\u012bvus pas\u0101kumus, piem\u0113ram, regul\u0101ras p\u0101rbaudes un savlaic\u012bgu komponentu nomai\u0146u, lai samazin\u0101tu iesp\u0113jam\u0101s probl\u0113mas un nodro\u0161in\u0101tu nevainojamu darb\u012bbu.<\/p>\n<p><img decoding=\"async\" src=\"https:\/\/www.hydraulic-cylinders.net\/wp-content\/uploads\/2025\/04\/songte-bushings-with-all-kinds-of-excavator-models.webp\" alt=\"Bukses ar ekskavatora mode\u013ciem\"><\/p>\n<h2>Uz\u0146\u0113muma p\u0101rskats<\/h2>\n<p>M\u0113s esam vado\u0161ais rezerves hidraulisko cilindru ra\u017eot\u0101js, kas pied\u0101v\u0101 pla\u0161u produktu kl\u0101stu gan viet\u0113j\u0101, gan starptautiskaj\u0101 tirg\u016b. M\u016bsu ap\u0146em\u0161anos nodro\u0161in\u0101t izcilu kvalit\u0101ti nodro\u0161ina pilnveidoti ra\u017eo\u0161anas procesi un progres\u012bvas ra\u017eo\u0161anas strat\u0113\u0123ijas. M\u0113s past\u0101v\u012bgi uzlabojam savas ra\u017eo\u0161anas platformas, izmantojot kvalific\u0113tu tehnisko person\u0101lu, augst\u0101k\u0101s klases digit\u0101lo apr\u012bkojumu un profesion\u0101las test\u0113\u0161anas sist\u0113mas. \u0160\u012b ap\u0146em\u0161an\u0101s nodro\u0161ina augstu efektivit\u0101ti, precizit\u0101ti un kvalit\u0101ti, apmierinot m\u016bsu klientu da\u017e\u0101d\u0101s vajadz\u012bbas.<\/p>\n<p><img decoding=\"async\" src=\"https:\/\/www.hydraulic-cylinders.net\/wp-content\/uploads\/2025\/04\/songte-company-4.webp\" alt=\"Uz\u0146\u0113muma p\u0101rskats\"><br \/>\n<img decoding=\"async\" src=\"https:\/\/www.hydraulic-cylinders.net\/wp-content\/uploads\/2025\/04\/songte-company-3.webp\" alt=\"Uz\u0146\u0113muma apr\u012bkojums\"><\/p>\n<h2>Secin\u0101jums<\/h2>\n<p>\u0160is visaptvero\u0161ais World Middle Excavator W2245DLC-8 str\u0113les cilindra p\u0101rskats izce\u013c t\u0101 noz\u012bmi da\u017e\u0101dos pielietojumos, s\u0101kot no b\u016bvniec\u012bbas l\u012bdz lauksaimniec\u012bbai. Apspriestie projekt\u0113\u0161anas apsv\u0113rumi, apkopes prakse un dro\u0161\u012bbas pas\u0101kumi nodro\u0161ina hidraulisko cilindru optim\u0101lu veiktsp\u0113ju un ilgm\u016b\u017e\u012bbu. M\u016bsu uz\u0146\u0113mums lepojas ar kvalitat\u012bvu produktu pieg\u0101di, ko nodro\u0161ina profesion\u0101ls serviss un zin\u0101\u0161anas, padarot m\u016bs par uzticamu partneri hidraulisko cilindru nozar\u0113.<\/p>\n<p>Autors: lil<\/p>","protected":false},"excerpt":{"rendered":"<p>Boom Cylinder For World Middle Excavator W2245DLC-8 Product Overview The Boom Cylinder is a specialized hydraulic cylinder designed for controlling the movement of buckets in various heavy machinery, including excavators, backhoe loaders, and front loaders. This essential component allows the bucket to lift, lower, and tilt, facilitating efficient material handling tasks. The bucket cylinder operates [&hellip;]<\/p>","protected":false},"featured_media":17879,"comment_status":"open","ping_status":"closed","template":"","meta":{"_et_pb_use_builder":"","_et_pb_old_content":"","_et_gb_content_width":""},"product_brand":[],"product_cat":[1546],"product_tag":[1547,1496],"class_list":{"0":"post-19465","1":"product","2":"type-product","3":"status-publish","4":"has-post-thumbnail","6":"product_cat-boom-cylinders","7":"product_tag-boom-cylinders","8":"product_tag-hydraulic-cylinders","10":"first","11":"instock","12":"shipping-taxable","13":"product-type-simple"},"amp_enabled":true,"_links":{"self":[{"href":"https:\/\/www.hydraulic-cylinders.net\/lv\/wp-json\/wp\/v2\/product\/19465","targetHints":{"allow":["GET"]}}],"collection":[{"href":"https:\/\/www.hydraulic-cylinders.net\/lv\/wp-json\/wp\/v2\/product"}],"about":[{"href":"https:\/\/www.hydraulic-cylinders.net\/lv\/wp-json\/wp\/v2\/types\/product"}],"replies":[{"embeddable":true,"href":"https:\/\/www.hydraulic-cylinders.net\/lv\/wp-json\/wp\/v2\/comments?post=19465"}],"wp:featuredmedia":[{"embeddable":true,"href":"https:\/\/www.hydraulic-cylinders.net\/lv\/wp-json\/wp\/v2\/media\/17879"}],"wp:attachment":[{"href":"https:\/\/www.hydraulic-cylinders.net\/lv\/wp-json\/wp\/v2\/media?parent=19465"}],"wp:term":[{"taxonomy":"product_brand","embeddable":true,"href":"https:\/\/www.hydraulic-cylinders.net\/lv\/wp-json\/wp\/v2\/product_brand?post=19465"},{"taxonomy":"product_cat","embeddable":true,"href":"https:\/\/www.hydraulic-cylinders.net\/lv\/wp-json\/wp\/v2\/product_cat?post=19465"},{"taxonomy":"product_tag","embeddable":true,"href":"https:\/\/www.hydraulic-cylinders.net\/lv\/wp-json\/wp\/v2\/product_tag?post=19465"}],"curies":[{"name":"wp","href":"https:\/\/api.w.org\/{rel}","templated":true}]}}