{"id":19466,"date":"2025-04-07T06:49:04","date_gmt":"2025-04-07T06:49:04","guid":{"rendered":"https:\/\/www.hydraulic-cylinders.net\/product\/boom-cylinder-for-world-middle-excavator-w2260lc-8\/"},"modified":"2025-04-07T06:49:07","modified_gmt":"2025-04-07T06:49:07","slug":"boom-cylinder-for-world-middle-excavator-w2260lc-8","status":"publish","type":"product","link":"https:\/\/www.hydraulic-cylinders.net\/lv\/products\/boom-cylinder-for-world-middle-excavator-w2260lc-8\/","title":{"rendered":"Str\u0113les cilindrs pasaules vid\u0113j\u0101 ekskavatora W2260LC-8"},"content":{"rendered":"<h1>Str\u0113les cilindrs pasaules vid\u0113j\u0101 ekskavatora W2260LC-8<\/h1>\n<h2>Ievads str\u0113les cilindros<\/h2>\n<p>Str\u0113les cilindrs ir b\u016btiska smago ma\u0161\u012bnu hidraulisko sist\u0113mu sast\u0101vda\u013ca, \u012bpa\u0161i ekskavatoros, piem\u0113ram, W2260LC-8. Tas kalpo, lai kontrol\u0113tu str\u0113les kust\u012bbu, \u013caujot tai pacelties, nolaisties un noliekties, t\u0101d\u0113j\u0101di atvieglojot efekt\u012bvus materi\u0101lu apstr\u0101des uzdevumus. \u0160\u0101da veida hidrauliskais cilindrs ir b\u016btisks da\u017e\u0101d\u0101m smagaj\u0101m iek\u0101rt\u0101m, tostarp ekskavatoriem-iekr\u0101v\u0113jiem un front\u0101lajiem iekr\u0101v\u0113jiem, uzlabojot to ekspluat\u0101cijas iesp\u0113jas.<\/p>\n<p><img decoding=\"async\" src=\"https:\/\/www.hydraulic-cylinders.net\/wp-content\/uploads\/2025\/04\/songte-company-1.webp\" alt=\"Str\u0113les cilindrs\" \/><\/p>\n<h3>Defin\u012bcija un p\u0101rskats<\/h3>\n<p>Kausa cilindrs ir specializ\u0113ts hidrauliskais cilindrs, kas paredz\u0113ts kausu kust\u012bbas vad\u012bbai smagaj\u0101s ma\u0161\u012bn\u0101s. Tie nodro\u0161ina prec\u012bzas darb\u012bbas, \u013caujot operatoriem veikt t\u0101dus uzdevumus k\u0101 rak\u0161ana, gr\u0101b\u0161ana, cel\u0161ana un materi\u0101lu izg\u0101\u0161ana. Hidrauliskaj\u0101s sist\u0113m\u0101s \u0161ie cilindri p\u0101rveido hidraulisko ener\u0123iju meh\u0101niskaj\u0101 ener\u0123ij\u0101, nodro\u0161inot nepiecie\u0161amo sp\u0113ku smagu kravu p\u0101rvieto\u0161anai.<\/p>\n<h2>Str\u0113les cilindra galven\u0101s iez\u012bmes<\/h2>\n<ul>\n<li><strong>Augsta iztur\u012bba un ilgm\u016b\u017e\u012bba:<\/strong> Parasti no augstas stipr\u012bbas t\u0113rauda vai alum\u012bnija izgatavotais str\u0113les cilindrs var iztur\u0113t augstu spiedienu un lielas slodzes, padarot to piem\u0113rotu skarbiem darba apst\u0101k\u013ciem. Konstrukcij\u0101 ir \u0146emta v\u0113r\u0101 ar\u012b nodilumiztur\u012bba un aizsardz\u012bba pret koroziju, lai pagarin\u0101tu t\u0101 kalpo\u0161anas laiku.<\/li>\n<li><strong>Efekt\u012bva hidraulisk\u0101 darb\u012bba:<\/strong> Cilindrs izmanto hidraulisk\u0101s e\u013c\u013cas spiedienu, lai pan\u0101ktu vienm\u0113r\u012bgu izvirz\u012b\u0161anos un ievilk\u0161anu. Tas \u0101tri rea\u0123\u0113 uz operatora komand\u0101m, nodro\u0161inot sp\u0113c\u012bgus stum\u0161anas un vilk\u0161anas sp\u0113kus, padarot to ide\u0101li piem\u0113rotu smagu un sare\u017e\u0123\u012btu uzdevumu veik\u0161anai.<\/li>\n<li><strong>Da\u017e\u0101di veidi:<\/strong> Str\u0113les cilindrus var piel\u0101got \u012bpa\u0161\u0101m vajadz\u012bb\u0101m, pied\u0101v\u0101jot vienas darb\u012bbas (darbojas vien\u0101 virzien\u0101) vai divk\u0101r\u0161as darb\u012bbas (darbojas divos virzienos) konfigur\u0101cijas iesp\u0113jas. Da\u017eiem mode\u013ciem ir teleskopiska konstrukcija, kas nodro\u0161ina liel\u0101ku pagarin\u0101jumu, nepalielinot \u0101r\u0113jos izm\u0113rus, kas ir ide\u0101li piem\u0113rots \u0161aur\u0101m telp\u0101m.<\/li>\n<\/ul>\n<h2>M\u016bsu ra\u017eo\u0161anas iesp\u0113jas<\/h2>\n<p>M\u0113s specializ\u0113jamies str\u0113les cilindru ra\u017eo\u0161an\u0101, kas lieliski aizst\u0101j eso\u0161os hidrauliskos cilindrus. M\u016bsu produkti ir izstr\u0101d\u0101ti, lai atbilstu augst\u0101kajiem kvalit\u0101tes un veiktsp\u0113jas standartiem.<\/p>\n<p><img decoding=\"async\" src=\"https:\/\/www.hydraulic-cylinders.net\/wp-content\/uploads\/2025\/04\/songte-cylinder-head-with-all-kinds-excavator-models.webp\" alt=\"Ekskavatoru mode\u013ci\" \/><\/p>\n<h2>Str\u0113les cilindru pielietojums<\/h2>\n<h3>Celtniec\u012bbas apr\u012bkojums<\/h3>\n<p>Ekskavatoros str\u0113les cilindram ir iz\u0161\u0137iro\u0161a noz\u012bme zemes vai gru\u017eu rak\u0161an\u0101, iekrau\u0161an\u0101 un p\u0101rvieto\u0161an\u0101. T\u0101 hidraulisk\u0101 darb\u012bba nodro\u0161ina sp\u0113c\u012bgu kausa pacel\u0161anu un pozicion\u0113\u0161anu, padarot to neaizst\u0101jamu b\u016bvlaukumos. Ekskavatoriem-iekr\u0101v\u0113jiem kausa cilindrs pal\u012bdz ne tikai rak\u0161anas, bet ar\u012b cel\u0161anas oper\u0101cij\u0101s, demonstr\u0113jot t\u0101 daudzpus\u012bbu da\u017e\u0101dos b\u016bvniec\u012bbas uzdevumos.<\/p>\n<h3>Lauksaimniec\u012bbas tehnika<\/h3>\n<p>Front\u0101lo iekr\u0101v\u0113ju str\u0113les cilindrus izmanto t\u0101diem uzdevumiem k\u0101 augsnes, siena un citu materi\u0101lu sav\u0101k\u0161ana, cel\u0161ana un transport\u0113\u0161ana. To hidraulisk\u0101 efektivit\u0101te nodro\u0161ina, ka lauksaimnieki var apstr\u0101d\u0101t smagas kravas ar minim\u0101lu fizisko piep\u016bli, t\u0101d\u0113j\u0101di palielinot lauksaimniec\u012bbas darbu produktivit\u0101ti.<\/p>\n<h3>Ekskavatori<\/h3>\n<p>Ekskavatoros kausa cilindrs \u013cauj kausam iek\u013c\u016bt augsn\u0113, atvieglojot efekt\u012bvu rak\u0161anu. Hidraulisk\u0101s iesp\u0113jas nodro\u0161ina prec\u012bzu vad\u012bbu, \u013caujot operatoriem viegli un prec\u012bzi veikt sare\u017e\u0123\u012btus uzdevumus, piem\u0113ram, tran\u0161eju rak\u0161anu vai plan\u0113\u0161anu.<\/p>\n<h3>Iekr\u0101v\u0113ji<\/h3>\n<p>Front\u0101lajos iekr\u0101v\u0113jos str\u0113les cilindri pal\u012bdz efekt\u012bvi pacelt un izg\u0101zt materi\u0101lus. Hidraulisk\u0101 sist\u0113ma nodro\u0161ina nepiecie\u0161amo sp\u0113ku smagu kravu pacel\u0161anai, padarot to par b\u016btisku sast\u0101vda\u013cu darb\u012bb\u0101s, kas saist\u012btas ar materi\u0101lu apstr\u0101di un transport\u0113\u0161anu.<\/p>\n<h2>Dizaina apsv\u0113rumi un atlases krit\u0113riji<\/h2>\n<h3>Kravnes\u012bba<\/h3>\n<p>Izv\u0113loties str\u0113les cilindru, ir svar\u012bgi izprast t\u0101 kravnes\u012bbu. Cilindram j\u0101sp\u0113j iztur\u0113t maksim\u0101lo paredzamo slodzi bez atteices riska. In\u017eenieri parasti \u0146em v\u0113r\u0101 t\u0101dus faktorus k\u0101 p\u0101rvietojamo materi\u0101lu svars un darba vide, lai noteiktu atbilsto\u0161\u0101s specifik\u0101cijas.<\/p>\n<h3>Bl\u012bv\u0113\u0161ana<\/h3>\n<p>Labs bl\u012bv\u0113jums ir b\u016btisks hidraulisko cilindru ilgm\u016b\u017e\u012bbai. Augstas kvalit\u0101tes bl\u012bv\u0113jumi nov\u0113r\u0161 hidraulisk\u0101 \u0161\u0137idruma nopl\u016bdes, kas var izrais\u012bt veiktsp\u0113jas samazin\u0101\u0161anos un iesp\u0113jamu sist\u0113mas k\u013c\u016bmi. Da\u017e\u0101di bl\u012bv\u0113jumu veidi, tostarp virzu\u013ca un stie\u0146a bl\u012bv\u0113jumi, j\u0101izv\u0113las atkar\u012bb\u0101 no ekspluat\u0101cijas apst\u0101k\u013ciem, tostarp temperat\u016bras un spiediena diapazoniem.<\/p>\n<h3>Iztur\u012bba<\/h3>\n<p>Iztur\u012bba ir v\u0113l viens svar\u012bgs faktors. Str\u0113les cilindriem j\u0101iztur skarbi darba apst\u0101k\u013ci, tostarp net\u012brumu, mitruma un ekstrem\u0101lu temperat\u016bru iedarb\u012bba. Materi\u0101li un p\u0101rkl\u0101jumi, kas ir iztur\u012bgi pret nodilumu un koroziju, bie\u017ei tiek izv\u0113l\u0113ti, lai uzlabotu kalpo\u0161anas laiku un uzticam\u012bbu.<\/p>\n<h3>Dro\u0161\u012bba<\/h3>\n<p>Hidrauliskaj\u0101s sist\u0113m\u0101s dro\u0161\u012bbas funkcijas ir \u0101rk\u0101rt\u012bgi svar\u012bgas. Projekt\u0113jum\u0101 j\u0101iek\u013cauj dro\u0161\u012bbas meh\u0101nismi, lai nov\u0113rstu nejau\u0161u k\u013c\u016bmi. In\u017eenieriem j\u0101nodro\u0161ina, ka visas sast\u0101vda\u013cas var iztur\u0113t neparedz\u0113tas slodzes un ka ir ieviesti ekspluat\u0101cijas protokoli operatoru aizsardz\u012bbai.<\/p>\n<h3>Apkope<\/h3>\n<p>Svar\u012bgs apsv\u0113rums ir vienk\u0101r\u0161a apkope. Labi izstr\u0101d\u0101ts str\u0113les cilindrs \u013cauj veikt vienk\u0101r\u0161as p\u0101rbaudes, apkopi un deta\u013cu nomai\u0146u, nodro\u0161inot t\u0101 darb\u012bbas uztur\u0113\u0161anu ar minim\u0101lu d\u012bkst\u0101vi. J\u0101izveido regul\u0101ri apkopes grafiki, lai p\u0101rbaud\u012btu bl\u012bves, e\u013c\u013cotu kust\u012bg\u0101s da\u013cas un p\u0101rbaud\u012btu nodilumu.<\/p>\n<p><img decoding=\"async\" src=\"https:\/\/www.hydraulic-cylinders.net\/wp-content\/uploads\/2025\/04\/songte-oil-pipes-and-spare-parts.webp\" alt=\"E\u013c\u013cas caurules un rezerves da\u013cas\" \/><\/p>\n<h2>Bl\u012bv\u0113\u0161ana un e\u013c\u013co\u0161ana<\/h2>\n<p>Bl\u012bv\u0113jums un e\u013c\u013co\u0161ana ir kritiski svar\u012bgi aspekti str\u0113les cilindra funkcionalit\u0101tes uztur\u0113\u0161an\u0101. Lai nov\u0113rstu hidraulisk\u0101 \u0161\u0137idruma nopl\u016bdes, tiek izmantoti da\u017e\u0101di bl\u012bv\u0113\u0161anas komponenti, piem\u0113ram, virzu\u013ca bl\u012bv\u0113jumi un stie\u0146a bl\u012bv\u0113jumi. Ir svar\u012bgi izv\u0113l\u0113ties bl\u012bv\u0113jumus, kas izgatavoti no iztur\u012bgiem materi\u0101liem, piem\u0113ram, poliuret\u0101na vai nitrila gumijas, kas var iztur\u0113t nodilumu un skarbus apst\u0101k\u013cus. Cilindra korpuss un v\u012bt\u0146ot\u0101s gala virsmas tiek prec\u012bzi apstr\u0101d\u0101tas, lai uzlabotu nodilumiztur\u012bbu.<\/p>\n<p>Svar\u012bga ir ar\u012b regul\u0101ra e\u013c\u013co\u0161ana ar atbilsto\u0161u hidraulisko e\u013c\u013cu. Tas samazina berzi cilindr\u0101, nodro\u0161inot vienm\u0113r\u012bgu darb\u012bbu un nov\u0113r\u0161ot priek\u0161laic\u012bgu deta\u013cu nodilumu. Operatoriem j\u0101ievie\u0161 rut\u012bna hidraulisk\u0101s e\u013c\u013cas p\u0101rbaudei un uzpild\u012b\u0161anai p\u0113c nepiecie\u0161am\u012bbas, t\u0101d\u0113j\u0101di veicinot hidraulisk\u0101s sist\u0113mas kop\u0113jo efektivit\u0101ti un ilgm\u016b\u017e\u012bbu.<\/p>\n<h2>Prevent\u012bvie apkopes pas\u0101kumi<\/h2>\n<ul>\n<li><strong>Regul\u0101ras p\u0101rbaudes:<\/strong> Regul\u0101ras str\u0113les cilindra p\u0101rbaudes, lai noteiktu nodiluma vai boj\u0101jumu paz\u012bmes, var nov\u0113rst liel\u0101ku probl\u0113mu ra\u0161anos. P\u0101rbaudiet bl\u012bves, \u0161\u013c\u016btenes un savienojumus, vai nav nopl\u016b\u017eu vai boj\u0101jumu.<\/li>\n<li><strong>Pareiza e\u013c\u013co\u0161ana:<\/strong> Ensure that the cylinder is lubricated according to the manufacturer&#8217;s guidelines. This helps maintain smooth operation and prevents wear.<\/li>\n<li><strong>Bl\u012bv\u0113juma nomai\u0146a:<\/strong> Laika gait\u0101 bl\u012bves var nolietoties un t\u0101s var b\u016bt j\u0101nomaina. Regul\u0101ri p\u0101rbaudiet to st\u0101vokli un nomainiet t\u0101s p\u0113c nepiecie\u0161am\u012bbas, lai nov\u0113rstu hidraulisk\u0101 \u0161\u0137idruma nopl\u016bdes.<\/li>\n<\/ul>\n<h2>Uzst\u0101d\u012b\u0161anas vadl\u012bnijas<\/h2>\n<p>Lai pareizi uzst\u0101d\u012btu str\u0113les cilindru, iev\u0113rojiet \u0161\u012bs vadl\u012bnijas:<br \/>\n1. Pirms uzst\u0101d\u012b\u0161anas p\u0101rliecinieties, vai darba zona ir t\u012bra un bez gru\u017eiem, kas var\u0113tu trauc\u0113t cilindra darb\u012bbu.<br \/>\n2. Pareizi nol\u012bdziniet cilindru ar stiprin\u0101juma punktiem, lai nov\u0113rstu iesp\u012bl\u0113\u0161anos vai nepareizu novietojumu darb\u012bbas laik\u0101.<br \/>\n3. Izmantojiet atbilsto\u0161\u0101s atbalsta kron\u0161teinus, lai nostiprin\u0101tu cilindru viet\u0101, nodro\u0161inot, ka tas ir stabils un lieto\u0161anas laik\u0101 nep\u0101rvietosies.<br \/>\n4. P\u0113c cilindra nostiprin\u0101\u0161anas pievienojiet hidraulisk\u0101s l\u012bnijas un p\u0101rliecinieties, vai visi savienojumi ir cie\u0161i pievilkti, lai nov\u0113rstu nopl\u016bdes.<br \/>\n5. P\u0113c uzst\u0101d\u012b\u0161anas veiciet testa darb\u012bbu, lai p\u0101rliecin\u0101tos, ka cilindrs darbojas pareizi un nevainojami, pirms pilna m\u0113roga lieto\u0161anas.<\/p>\n<h2>Bie\u017ei sastopamie apkopes uzdevumi<\/h2>\n<ul>\n<li><strong>Regul\u0101ras p\u0101rbaudes:<\/strong> Regul\u0101ras p\u0101rbaudes ir nepiecie\u0161amas, lai identific\u0113tu potenci\u0101l\u0101s probl\u0113mas, pirms t\u0101s k\u013c\u016bst par nopietn\u0101m probl\u0113m\u0101m. Darb\u012bbas laik\u0101 mekl\u0113jiet nopl\u016bdes, nodiluma vai jebk\u0101du neparastu trok\u0161\u0146u paz\u012bmes. \u0160\u012b proakt\u012bv\u0101 pieeja var ietaup\u012bt laiku un naudu remontam.<\/li>\n<li><strong>Pareiza e\u013c\u013co\u0161ana:<\/strong> Str\u0113les cilindra pien\u0101c\u012bga e\u013c\u013co\u0161ana ir \u013coti svar\u012bga t\u0101 veiktsp\u0113jai. Izmantojiet pareiza veida hidraulisko e\u013c\u013cu, k\u0101 ieteicis ra\u017eot\u0101js, un bie\u017ei p\u0101rbaudiet l\u012bmeni, lai izvair\u012btos no e\u013c\u013cas iz\u017e\u016b\u0161anas.<\/li>\n<li><strong>Bl\u012bv\u0113juma nomai\u0146a:<\/strong> Laika gait\u0101 nolietojoties, bl\u012bves j\u0101nomaina, lai saglab\u0101tu cilindra veiktsp\u0113ju. Regul\u0101ri p\u0101rbaudiet, vai bl\u012bv\u0113m nav nodiluma paz\u012bmju, un nomainiet t\u0101s p\u0113c nepiecie\u0161am\u012bbas. Pareiza bl\u012bvju apkope nov\u0113r\u0161 nopl\u016bdes un nodro\u0161ina hidraulisko efektivit\u0101ti.<\/li>\n<\/ul>\n<h2>Dro\u0161\u012bbas apsv\u0113rumi un vides faktori<\/h2>\n<p>Str\u0101d\u0101jot ar str\u0113les cilindriem, dro\u0161\u012bbas pas\u0101kumu ievie\u0161ana ir \u013coti svar\u012bga, lai nov\u0113rstu negad\u012bjumus. Operatoriem j\u0101b\u016bt apm\u0101c\u012btiem, lai r\u016bp\u012bgi izprastu hidraulisk\u0101s sist\u0113mas un iev\u0113rotu dro\u0161\u012bbas protokolus. Ir svar\u012bgi valk\u0101t atbilsto\u0161us individu\u0101los aizsardz\u012bbas l\u012bdzek\u013cus (IAL), lai samazin\u0101tu riskus, kas saist\u012bti ar hidraulisk\u0101 \u0161\u0137idruma nopl\u016bd\u0113m vai meh\u0101nisk\u0101m k\u013c\u016bm\u0113m.<\/p>\n<p>Ar\u012b vides ilgtsp\u0113j\u012bbai j\u0101b\u016bt vienam no faktoriem hidrauliskaj\u0101s darb\u012bb\u0101s. Biolo\u0123iski no\u0101rd\u0101mu hidraulisko \u0161\u0137idrumu izmanto\u0161ana var samazin\u0101t ietekmi uz vidi, un nolietotu deta\u013cu pareiza utiliz\u0101cija ir b\u016btiska, lai saglab\u0101tu ekolo\u0123iskos standartus. Past\u0101v\u012bgas apm\u0101c\u012bbas un izpratnes veicin\u0101\u0161anas programmas var pal\u012bdz\u0113t veicin\u0101t dro\u0161\u012bbas un vides atbild\u012bbas kult\u016bru.<\/p>\n<h2>Probl\u0113mu nov\u0113r\u0161ana un bie\u017ei sastopamas probl\u0113mas<\/h2>\n<ul>\n<li><strong>Nopl\u016bde:<\/strong> Hidraulisk\u0101 \u0161\u0137idruma nopl\u016bdes var rasties nodilu\u0161u bl\u012bv\u0113jumu vai va\u013c\u012bgu savienojumu d\u0113\u013c. Regul\u0101ras p\u0101rbaudes var pal\u012bdz\u0113t \u0161\u012bs probl\u0113mas atkl\u0101t agr\u012bn\u0101 stadij\u0101. Savienojumu pievilk\u0161ana vai bl\u012bv\u0113jumu nomai\u0146a var atrisin\u0101t probl\u0113mu.<\/li>\n<li><strong>L\u0113na darb\u012bba:<\/strong> Ja str\u0113les cilindrs darbojas l\u0113ni, tas var liecin\u0101t par zemu hidraulisk\u0101 \u0161\u0137idruma l\u012bmeni vai gaisu sist\u0113m\u0101. P\u0101rbaudiet \u0161\u0137idruma l\u012bmeni un, ja nepiecie\u0161ams, atgaisojiet sist\u0113mu.<\/li>\n<li><strong>Neparastas ska\u0146as:<\/strong> D\u012bvainas ska\u0146as darb\u012bbas laik\u0101 var liecin\u0101t par deta\u013cu nodilumu vai nepietiekamu e\u013c\u013co\u0161anu. Nekav\u0113joties izp\u0113tiet un nov\u0113rsiet visas iesp\u0113jam\u0101s probl\u0113mas, lai nov\u0113rstu turpm\u0101kus boj\u0101jumus.<\/li>\n<\/ul>\n<p>Efekt\u012bva probl\u0113mu nov\u0113r\u0161ana ietver simptomu izpratni un atbilsto\u0161u darb\u012bbu veik\u0161anu, lai nov\u0113rstu probl\u0113mas. Regul\u0101ra apkope un p\u0101rbaudes var samazin\u0101t probl\u0113mu ra\u0161anos, nodro\u0161inot sist\u0113mas efektivit\u0101ti.<\/p>\n<p><img decoding=\"async\" src=\"https:\/\/www.hydraulic-cylinders.net\/wp-content\/uploads\/2025\/04\/songte-bushings-with-all-kinds-of-excavator-models.webp\" alt=\"Ekskavatoru mode\u013ci\" \/><\/p>\n<h2>Par m\u016bsu uz\u0146\u0113mumu<\/h2>\n<p>M\u0113s esam vado\u0161ais rezerves hidraulisko cilindru ra\u017eot\u0101js ar pla\u0161u produktu kl\u0101stu, kas ir nostiprin\u0101jis m\u016bsu k\u0101 galven\u0101 sp\u0113l\u0113t\u0101ja poz\u012bciju gan viet\u0113j\u0101, gan starptautiskaj\u0101 tirg\u016b. M\u016bsu ap\u0146em\u0161an\u0101s sasniegt izcil\u012bbu mudina m\u016bs izmantot prec\u012bzas ra\u017eo\u0161anas strat\u0113\u0123ijas, kas uzlabo ra\u017eo\u0161anas vad\u012bbu.<\/p>\n<p>Our company invests in skilled technical talent and advanced digital manufacturing equipment, ensuring high standards throughout our production platform. We emphasize quality-driven production routes and possess robust creative capabilities that allow us to meet our customers&#8217; diverse needs with high efficiency, accuracy, and quality.<\/p>\n<p><img decoding=\"async\" src=\"https:\/\/www.hydraulic-cylinders.net\/wp-content\/uploads\/2025\/04\/songte-company-4.webp\" alt=\"Uz\u0146\u0113muma p\u0101rskats\" \/><br \/>\n<img decoding=\"async\" src=\"https:\/\/www.hydraulic-cylinders.net\/wp-content\/uploads\/2025\/04\/songte-company-3.webp\" alt=\"Ra\u017eo\u0161anas process\" \/><\/p>\n<p>M\u016bsu uzman\u012bbas centr\u0101 ir profesionalit\u0101te, starptautiski sertifik\u0101ti un piel\u0101goti pakalpojumi, kas m\u016bs at\u0161\u0137ir tirg\u016b. M\u0113s lepojamies ar to, ka pied\u0101v\u0101jam izcilu p\u0113cp\u0101rdo\u0161anas atbalstu, nodro\u0161inot klientu apmierin\u0101t\u012bbu un produktu ilgm\u016b\u017e\u012bbu.<\/p>\n<p>Autors: lil<\/p>","protected":false},"excerpt":{"rendered":"<p>Boom Cylinder For World Middle Excavator W2260LC-8 Introduction to Boom Cylinders The Boom Cylinder is a crucial component in the hydraulic systems of heavy machinery, particularly in excavators like the W2260LC-8. It serves to control the movement of the boom, allowing it to raise, lower, and tilt, thereby facilitating efficient material handling tasks. This specific [&hellip;]<\/p>","protected":false},"featured_media":17880,"comment_status":"open","ping_status":"closed","template":"","meta":{"_et_pb_use_builder":"","_et_pb_old_content":"","_et_gb_content_width":""},"product_brand":[],"product_cat":[1546],"product_tag":[1547,1496],"class_list":{"0":"post-19466","1":"product","2":"type-product","3":"status-publish","4":"has-post-thumbnail","6":"product_cat-boom-cylinders","7":"product_tag-boom-cylinders","8":"product_tag-hydraulic-cylinders","10":"first","11":"instock","12":"shipping-taxable","13":"product-type-simple"},"amp_enabled":true,"_links":{"self":[{"href":"https:\/\/www.hydraulic-cylinders.net\/lv\/wp-json\/wp\/v2\/product\/19466","targetHints":{"allow":["GET"]}}],"collection":[{"href":"https:\/\/www.hydraulic-cylinders.net\/lv\/wp-json\/wp\/v2\/product"}],"about":[{"href":"https:\/\/www.hydraulic-cylinders.net\/lv\/wp-json\/wp\/v2\/types\/product"}],"replies":[{"embeddable":true,"href":"https:\/\/www.hydraulic-cylinders.net\/lv\/wp-json\/wp\/v2\/comments?post=19466"}],"wp:featuredmedia":[{"embeddable":true,"href":"https:\/\/www.hydraulic-cylinders.net\/lv\/wp-json\/wp\/v2\/media\/17880"}],"wp:attachment":[{"href":"https:\/\/www.hydraulic-cylinders.net\/lv\/wp-json\/wp\/v2\/media?parent=19466"}],"wp:term":[{"taxonomy":"product_brand","embeddable":true,"href":"https:\/\/www.hydraulic-cylinders.net\/lv\/wp-json\/wp\/v2\/product_brand?post=19466"},{"taxonomy":"product_cat","embeddable":true,"href":"https:\/\/www.hydraulic-cylinders.net\/lv\/wp-json\/wp\/v2\/product_cat?post=19466"},{"taxonomy":"product_tag","embeddable":true,"href":"https:\/\/www.hydraulic-cylinders.net\/lv\/wp-json\/wp\/v2\/product_tag?post=19466"}],"curies":[{"name":"wp","href":"https:\/\/api.w.org\/{rel}","templated":true}]}}