{"id":19467,"date":"2025-04-07T06:49:07","date_gmt":"2025-04-07T06:49:07","guid":{"rendered":"https:\/\/www.hydraulic-cylinders.net\/product\/boom-cylinder-for-world-large-excavator-w2500lc-8\/"},"modified":"2025-04-07T06:49:09","modified_gmt":"2025-04-07T06:49:09","slug":"boom-cylinder-for-world-large-excavator-w2500lc-8","status":"publish","type":"product","link":"https:\/\/www.hydraulic-cylinders.net\/lv\/products\/boom-cylinder-for-world-large-excavator-w2500lc-8\/","title":{"rendered":"Str\u0113les cilindrs pasaules lielajam ekskavatoram W2500LC-8"},"content":{"rendered":"<h1>Str\u0113les cilindrs pasaules lielajam ekskavatoram W2500LC-8<\/h1>\n<h2>Ievads str\u0113les cilindros<\/h2>\n<p>Str\u0113les cilindrs ir b\u016btiska sast\u0101vda\u013ca hidrauliskaj\u0101s sist\u0113m\u0101s, ko izmanto smagaj\u0101s ma\u0161\u012bn\u0101s, jo \u012bpa\u0161i ekskavatoros, univers\u0101lajos iekr\u0101v\u0113jos un front\u0101lajos iekr\u0101v\u0113jos. \u0160is hidrauliskais cilindrs ir \u012bpa\u0161i izstr\u0101d\u0101ts, lai kontrol\u0113tu kausa kust\u012bbu, \u013caujot tam pacelt, nolaist un noliekt da\u017e\u0101du materi\u0101lu apstr\u0101des uzdevumu veik\u0161anai. Str\u0113les cilindra efekt\u012bv\u0101 darb\u012bba iev\u0113rojami uzlabo \u0161o ma\u0161\u012bnu ekspluat\u0101cijas iesp\u0113jas, padarot t\u0101s neaizst\u0101jamas b\u016bvniec\u012bb\u0101 un lauksaimniec\u012bbas darb\u012bb\u0101s.<\/p>\n<p><img decoding=\"async\" src=\"https:\/\/www.hydraulic-cylinders.net\/wp-content\/uploads\/2025\/04\/songte-company-1.webp\" alt=\"Str\u0113les cilindrs\" \/><\/p>\n<h3>Defin\u012bcija un p\u0101rskats<\/h3>\n<p>Str\u0113les cilindrs ir hidraulisk\u0101 cilindra veids, kam ir b\u016btiska loma smag\u0101 apr\u012bkojuma str\u0113les sviras kust\u012bb\u0101. Tas p\u0101rveido hidraulisko spiedienu meh\u0101nisk\u0101 sp\u0113k\u0101, \u013caujot str\u0113lei vienm\u0113r\u012bgi izstiepties un ievilkties. \u0160\u012b funkcionalit\u0101te ir \u013coti svar\u012bga t\u0101du uzdevumu veik\u0161anai k\u0101 rak\u0161ana, cel\u0161ana un materi\u0101lu transport\u0113\u0161ana. Str\u0113les cilindri, kas sp\u0113j iztur\u0113t augstu spiedienu, ir konstru\u0113ti iztur\u012bbai un uzticam\u012bbai, nodro\u0161inot to efekt\u012bvu darb\u012bbu skarbos apst\u0101k\u013cos.<\/p>\n<h2>Str\u0113les cilindra galven\u0101s iez\u012bmes<\/h2>\n<ul>\n<li><strong>Augsta iztur\u012bba un ilgm\u016b\u017e\u012bba:<\/strong> \u0160ie cilindri, kas parasti ir izgatavoti no augstas stipr\u012bbas t\u0113rauda vai alum\u012bnija, var iztur\u0113t augstu spiedienu un lielas slodzes, ir paredz\u0113ti nodilumiztur\u012bbai un korozijas iztur\u012bbai, t\u0101d\u0113j\u0101di pagarinot to kalpo\u0161anas laiku.<\/li>\n<li><strong>Efekt\u012bva hidraulisk\u0101 darb\u012bba:<\/strong> Tie izmanto hidraulisk\u0101s e\u013c\u013cas spiedienu, lai nodro\u0161in\u0101tu vienm\u0113r\u012bgu izvilk\u0161anu un ievilk\u0161anu, \u0101tri rea\u0123\u0113jot uz operatora komand\u0101m un nodro\u0161inot sp\u0113c\u012bgu stum\u0161anas un vilk\u0161anas sp\u0113ku, kas ir ide\u0101li piem\u0113rots smagu un sare\u017e\u0123\u012btu uzdevumu veik\u0161anai.<\/li>\n<li><strong>Da\u017e\u0101di veidi:<\/strong> Pieejami vienk\u0101r\u0161\u0101s darb\u012bbas (izmantojot hidraulisko sp\u0113ku vien\u0101 virzien\u0101) vai divk\u0101r\u0161\u0101s darb\u012bbas (izmantojot hidraulisko sp\u0113ku abos virzienos) konfigur\u0101cij\u0101s, da\u017ei mode\u013ci ir teleskopiski, kas \u013cauj liel\u0101ku pagarin\u0101jumu, nepalielinot \u0101r\u0113jos izm\u0113rus, lietojumprogramm\u0101m ar ierobe\u017eotu vietu.<\/li>\n<\/ul>\n<h3>M\u016bsu ra\u017eo\u0161anas iesp\u0113jas<\/h3>\n<p>M\u0113s ra\u017eojam \u0161o produktu ar precizit\u0101ti, nodro\u0161inot, ka m\u016bsu hidrauliskie cilindri perfekti aizst\u0101j eso\u0161os mode\u013cus da\u017e\u0101d\u0101s smagaj\u0101s ma\u0161\u012bn\u0101s. M\u016bsu produkti ir izstr\u0101d\u0101ti, lai atbilstu stingriem kvalit\u0101tes standartiem, padarot tos par uzticamu izv\u0113li klientiem.<\/p>\n<p><img decoding=\"async\" src=\"https:\/\/www.hydraulic-cylinders.net\/wp-content\/uploads\/2025\/04\/songte-cylinder-head-with-all-kinds-excavator-models.webp\" alt=\"Ekskavatoru mode\u013ci\" \/><\/p>\n<h2>Str\u0113les cilindru pielietojuma scen\u0101riji<\/h2>\n<h3>Celtniec\u012bbas apr\u012bkojums<\/h3>\n<p>In excavators, boom cylinders are crucial for digging, loading, and moving dirt or debris. Their ability to provide significant lifting power allows for efficient operation in various construction tasks. In backhoe loaders, the boom cylinder aids both in excavation and lifting, enhancing the machine&#8217;s versatility on job sites.<\/p>\n<h3>Lauksaimniec\u012bbas tehnika<\/h3>\n<p>Front\u0101lajiem iekr\u0101v\u0113jiem str\u0113les cilindri ir svar\u012bgi augsnes, siena un citu materi\u0101lu sav\u0101k\u0161anai, cel\u0161anai un transport\u0113\u0161anai. Tie atvieglo \u0101tru un efekt\u012bvu materi\u0101lu apstr\u0101di, kas ir nepiecie\u0161ams, lai optimiz\u0113tu produktivit\u0101ti saimniec\u012bb\u0101s.<\/p>\n<h3>Ekskavatori<\/h3>\n<p>Ekskavatoros str\u0113les cilindrs \u013cauj kausam efekt\u012bvi iek\u013c\u016bt zem\u0113, nodro\u0161inot efekt\u012bvu rak\u0161anu. To iztur\u012bg\u0101 konstrukcija nodro\u0161ina, ka tie sp\u0113j tikt gal\u0101 ar slodzi, kas rodas, iek\u013c\u016bjot sare\u017e\u0123\u012btos augsnes apst\u0101k\u013cos.<\/p>\n<h3>Iekr\u0101v\u0113ji<\/h3>\n<p>Front\u0101lajos iekr\u0101v\u0113jos str\u0113les cilindri pal\u012bdz efekt\u012bvi pacelt un izg\u0101zt kravas. To sp\u0113ja nodro\u0161in\u0101t iev\u0113rojamu celtsp\u0113ju nodro\u0161ina produktivit\u0101ti un efektivit\u0101ti materi\u0101lu apstr\u0101des uzdevumos.<\/p>\n<h2>Str\u0113les cilindru projekt\u0113\u0161anas apsv\u0113rumi<\/h2>\n<h3>Kravnes\u012bba<\/h3>\n<p>The load capacity of boom cylinders is a critical design consideration. It determines how much weight the cylinder can safely lift and manipulate. Engineers must ensure that the cylinder can withstand the maximum expected loads during operation without compromising safety or performance. This involves selecting appropriate materials and dimensions to achieve optimal strength and fatigue resistance, extending the cylinder&#8217;s operational life.<\/p>\n<h3>Bl\u012bv\u0113jums un iztur\u012bba<\/h3>\n<p>Efekt\u012bvs bl\u012bv\u0113jums ir vit\u0101li svar\u012bgs hidrauliskajiem cilindriem, lai nov\u0113rstu nopl\u016bdes un uztur\u0113tu spiedienu. Augstas kvalit\u0101tes bl\u012bv\u0113jumi j\u0101izv\u0113las, \u0146emot v\u0113r\u0101 to iztur\u012bbu un sader\u012bbu ar hidrauliskajiem \u0161\u0137idrumiem. Bl\u012bv\u0113\u0161anas sist\u0113mai j\u0101b\u016bt projekt\u0113tai t\u0101, lai samazin\u0101tu nodilumu, pagarinot cilindra kalpo\u0161anas laiku. Lai uztur\u0113tu optim\u0101lu veiktsp\u0113ju, ir nepiecie\u0161amas regul\u0101ras bl\u012bv\u0113jumu p\u0101rbaudes un nomai\u0146a.<\/p>\n<h3>Dro\u0161\u012bbas funkcijas<\/h3>\n<p>Dro\u0161\u012bba ir \u0101rk\u0101rt\u012bgi svar\u012bga hidraulisko cilindru konstrukcij\u0101. T\u0101das funkcijas k\u0101 spiediena samazin\u0101\u0161anas v\u0101rsti, iztur\u012bga konstrukcija un av\u0101rijas aptur\u0113\u0161anas meh\u0101nismi nodro\u0161ina dro\u0161u darb\u012bbu da\u017e\u0101dos apst\u0101k\u013cos. In\u017eenieriem j\u0101\u0146em v\u0113r\u0101 hidraulisko k\u013c\u016bmju iesp\u0113jam\u012bba un j\u0101ievie\u0161 projekt\u0113\u0161anas strat\u0113\u0123ijas, lai mazin\u0101tu riskus, aizsarg\u0101jot gan operatorus, gan ma\u0161\u012bnas.<\/p>\n<p><img decoding=\"async\" src=\"https:\/\/www.hydraulic-cylinders.net\/wp-content\/uploads\/2025\/04\/songte-oil-pipes-and-spare-parts.webp\" alt=\"E\u013c\u013cas caurules un rezerves da\u013cas\" \/><\/p>\n<h2>Str\u0113les cilindru bl\u012bv\u0113\u0161ana un e\u013c\u013co\u0161ana<\/h2>\n<p>Da\u017e\u0101du bl\u012bv\u0113\u0161anas komponentu, piem\u0113ram, virzu\u013ca bl\u012bv\u0113jumu un stie\u0146a bl\u012bv\u0113jumu, izmanto\u0161ana ir \u013coti svar\u012bga, lai saglab\u0101tu hidraulisko cilindru integrit\u0101ti. Bl\u012bv\u0113jumi, kas izgatavoti no nodilumiztur\u012bgiem materi\u0101liem, piem\u0113ram, poliuret\u0101na un nitrila gumijas, ir svar\u012bgi, lai nov\u0113rstu nopl\u016bdes un nodro\u0161in\u0101tu efekt\u012bvu darb\u012bbu. Cilindra korpuss un v\u012bt\u0146ot\u0101s gala virsmas ir r\u016bp\u012bgi j\u0101apstr\u0101d\u0101, lai uzlabotu nodilumiztur\u012bbu. Regul\u0101ra e\u013c\u013co\u0161ana ar hidraulisko e\u013c\u013cu ir nepiecie\u0161ama, lai uztur\u0113tu pareizu darb\u012bbu un samazin\u0101tu berzi, t\u0101d\u0113j\u0101di pagarinot cilindra kalpo\u0161anas laiku.<\/p>\n<h2>Regul\u0101ra apkope un prevent\u012bvie pas\u0101kumi<\/h2>\n<ul>\n<li><strong>Regul\u0101ras p\u0101rbaudes:<\/strong> Regul\u0101ras p\u0101rbaudes pal\u012bdz noteikt nodilumu un potenci\u0101lus boj\u0101jumus, pirms tie rada nopietnas probl\u0113mas. Operatoriem regul\u0101ri j\u0101p\u0101rbauda cilindrs, vai nav nopl\u016b\u017eu, un visp\u0101r\u0113jais st\u0101voklis.<\/li>\n<li><strong>Pareiza e\u013c\u013co\u0161ana:<\/strong> Pareiza hidraulisk\u0101s sist\u0113mas e\u013c\u013co\u0161ana samazina nodilumu un uzlabo veiktsp\u0113ju. Operatoriem ir j\u0101iev\u0113ro ieteicamie e\u013c\u013co\u0161anas grafiki.<\/li>\n<li><strong>Bl\u012bvju nomai\u0146a:<\/strong> Regul\u0101ra bl\u012bv\u0113jumu nomai\u0146a nodro\u0161ina, ka cilindrs uztur atbilsto\u0161u spiedienu un darb\u012bbu, nov\u0113r\u0161ot nopl\u016bdes un hidraulisk\u0101s k\u013c\u016bmes.<\/li>\n<\/ul>\n<h2>Str\u0113les cilindru uzst\u0101d\u012b\u0161anas vadl\u012bnijas<\/h2>\n<p>Proper installation of boom cylinders is critical for optimal performance. Start by ensuring that the work area is clean and free of debris. Align the cylinder accurately with the mounting points on the machine to avoid misalignment, which can lead to premature wear. Use appropriate mounting brackets to secure the cylinder in place. Once installed, check for proper hydraulic connections and ensure all fittings are tight to prevent leaks. After installation, perform a test run to verify the cylinder&#8217;s operation and ensure everything is functioning as expected.<\/p>\n<p><img decoding=\"async\" src=\"https:\/\/www.hydraulic-cylinders.net\/wp-content\/uploads\/2025\/04\/songte-chushion-collar.webp\" alt=\"Spilvenu apkakle\" \/><\/p>\n<h2>Dro\u0161\u012bbas apsv\u0113rumi un vides faktori<\/h2>\n<p>Dro\u0161\u012bbas pas\u0101kumu ievie\u0161ana, lietojot hidrauliskos cilindrus, ir kritiski svar\u012bga. Operatoriem j\u0101b\u016bt apm\u0101c\u012btiem atpaz\u012bt potenci\u0101los apdraud\u0113jumus, kas saist\u012bti ar hidrauliskaj\u0101m sist\u0113m\u0101m. Vienm\u0113r j\u0101valk\u0101 atbilsto\u0161i individu\u0101lie aizsardz\u012bbas l\u012bdzek\u013ci (IAL) un j\u0101iev\u0113ro dro\u0161\u012bbas protokoli, lai nov\u0113rstu negad\u012bjumus. Turkl\u0101t j\u0101\u0146em v\u0113r\u0101 ietekme uz vidi, nodro\u0161inot, ka izmantotie hidrauliskie \u0161\u0137idrumi ir videi draudz\u012bgi un ka jebk\u0101das nopl\u016bdes tiek nekav\u0113joties nov\u0113rstas.<\/p>\n<h2>Probl\u0113mu nov\u0113r\u0161ana un bie\u017ei sastopamas probl\u0113mas<\/h2>\n<ul>\n<li><strong>Nopl\u016bdis cilindrs:<\/strong> Ja str\u0113les cilindram ir nopl\u016bde, p\u0101rbaudiet, vai bl\u012bves nav nodilu\u0161as vai boj\u0101tas. Nomainiet visas boj\u0101t\u0101s bl\u012bves un p\u0101rliecinieties, vai savienojumi ir cie\u0161i.<\/li>\n<li><strong>Jaudas zudums:<\/strong> Cel\u0161anas jaudas samazin\u0101\u0161an\u0101s var liecin\u0101t par zemu hidraulisk\u0101 \u0161\u0137idruma l\u012bmeni vai iek\u0161\u0113jiem boj\u0101jumiem. P\u0101rbaudiet \u0161\u0137idruma l\u012bmeni un, ja nepiecie\u0161ams, papildiniet, k\u0101 ar\u012b p\u0101rbaudiet, vai nav iek\u0161\u0113ja nodiluma paz\u012bmju.<\/li>\n<li><strong>Neparastas ska\u0146as:<\/strong> Neparastas ska\u0146as darb\u012bbas laik\u0101 var liecin\u0101t par meh\u0101nisk\u0101m probl\u0113m\u0101m. Izp\u0113tiet trok\u0161\u0146a avotu un nov\u0113rsiet visus iesp\u0113jamos meh\u0101niskos boj\u0101jumus.<\/li>\n<\/ul>\n<p>Prevent\u012bvie pas\u0101kumi ietver regul\u0101ras p\u0101rbaudes un apkopi, lai samazin\u0101tu iesp\u0113jam\u0101s probl\u0113mas un pagarin\u0101tu str\u0113les cilindru kalpo\u0161anas laiku.<\/p>\n<p><img decoding=\"async\" src=\"https:\/\/www.hydraulic-cylinders.net\/wp-content\/uploads\/2025\/04\/songte-bushings-with-all-kinds-of-excavator-models.webp\" alt=\"Ekskavatoru mode\u013cu bukses\" \/><\/p>\n<h2>Uz\u0146\u0113muma p\u0101rskats<\/h2>\n<p>M\u0113s esam vado\u0161ais hidraulisko cilindru ra\u017eot\u0101js un vairumtirgot\u0101js, kas specializ\u0113jas augstas kvalit\u0101tes rezerves da\u013cu nodro\u0161in\u0101\u0161an\u0101 da\u017e\u0101diem pielietojumiem. M\u016bsu ap\u0146em\u0161an\u0101s sasniegt izcil\u012bbu mudina m\u016bs izmantot progres\u012bvas ra\u017eo\u0161anas metodes un iev\u0113rot stingrus kvalit\u0101tes standartus, padarot m\u016bs par iev\u0113rojamu sp\u0113l\u0113t\u0101ju gan viet\u0113j\u0101, gan starptautiskaj\u0101 tirg\u016b. M\u016bsu kvalific\u0113tais darbasp\u0113ks, modernais apr\u012bkojums un inovat\u012bv\u0101s ra\u017eo\u0161anas strat\u0113\u0123ijas nodro\u0161ina, ka m\u0113s efekt\u012bvi un prec\u012bzi apmierin\u0101m da\u017e\u0101das klientu vajadz\u012bbas.<\/p>\n<p><img decoding=\"async\" src=\"https:\/\/www.hydraulic-cylinders.net\/wp-content\/uploads\/2025\/04\/songte-company-4.webp\" alt=\"Uz\u0146\u0113muma p\u0101rskats\" \/><br \/>\n<img decoding=\"async\" src=\"https:\/\/www.hydraulic-cylinders.net\/wp-content\/uploads\/2025\/04\/songte-company-3.webp\" alt=\"Ra\u017eo\u0161anas iek\u0101rta\" \/><\/p>\n<p>Koncentr\u0113joties uz profesionalit\u0101ti, starptautisk\u0101m sertifik\u0101cij\u0101m, piel\u0101gotiem pakalpojumiem un sp\u0113c\u012bgu p\u0113cp\u0101rdo\u0161anas atbalstu, m\u0113s nodro\u0161in\u0101m, ka m\u016bsu klienti sa\u0146em lab\u0101kos produktus, kas piel\u0101goti vi\u0146u specifik\u0101cij\u0101m. M\u016bsu ap\u0146em\u0161an\u0101s nodro\u0161in\u0101t klientu apmierin\u0101t\u012bbu atspogu\u013cojas m\u016bsu pakalpojumu pied\u0101v\u0101jumos un ilgtermi\u0146a attiec\u012bb\u0101s, ko veidojam ar saviem klientiem.<\/p>\n<p>Autors: lil<\/p>","protected":false},"excerpt":{"rendered":"<p>Boom Cylinder For World Large Excavator W2500LC-8 Introduction to Boom Cylinders The boom cylinder is an essential component in hydraulic systems used in heavy machinery, particularly in excavators, backhoe loaders, and front loaders. This hydraulic cylinder is specifically designed to control the motion of the bucket, allowing it to lift, lower, and tilt for various [&hellip;]<\/p>","protected":false},"featured_media":17881,"comment_status":"open","ping_status":"closed","template":"","meta":{"_et_pb_use_builder":"","_et_pb_old_content":"","_et_gb_content_width":""},"product_brand":[],"product_cat":[1546],"product_tag":[1547,1496],"class_list":{"0":"post-19467","1":"product","2":"type-product","3":"status-publish","4":"has-post-thumbnail","6":"product_cat-boom-cylinders","7":"product_tag-boom-cylinders","8":"product_tag-hydraulic-cylinders","10":"first","11":"instock","12":"shipping-taxable","13":"product-type-simple"},"amp_enabled":true,"_links":{"self":[{"href":"https:\/\/www.hydraulic-cylinders.net\/lv\/wp-json\/wp\/v2\/product\/19467","targetHints":{"allow":["GET"]}}],"collection":[{"href":"https:\/\/www.hydraulic-cylinders.net\/lv\/wp-json\/wp\/v2\/product"}],"about":[{"href":"https:\/\/www.hydraulic-cylinders.net\/lv\/wp-json\/wp\/v2\/types\/product"}],"replies":[{"embeddable":true,"href":"https:\/\/www.hydraulic-cylinders.net\/lv\/wp-json\/wp\/v2\/comments?post=19467"}],"wp:featuredmedia":[{"embeddable":true,"href":"https:\/\/www.hydraulic-cylinders.net\/lv\/wp-json\/wp\/v2\/media\/17881"}],"wp:attachment":[{"href":"https:\/\/www.hydraulic-cylinders.net\/lv\/wp-json\/wp\/v2\/media?parent=19467"}],"wp:term":[{"taxonomy":"product_brand","embeddable":true,"href":"https:\/\/www.hydraulic-cylinders.net\/lv\/wp-json\/wp\/v2\/product_brand?post=19467"},{"taxonomy":"product_cat","embeddable":true,"href":"https:\/\/www.hydraulic-cylinders.net\/lv\/wp-json\/wp\/v2\/product_cat?post=19467"},{"taxonomy":"product_tag","embeddable":true,"href":"https:\/\/www.hydraulic-cylinders.net\/lv\/wp-json\/wp\/v2\/product_tag?post=19467"}],"curies":[{"name":"wp","href":"https:\/\/api.w.org\/{rel}","templated":true}]}}