{"id":19472,"date":"2025-04-07T06:49:21","date_gmt":"2025-04-07T06:49:21","guid":{"rendered":"https:\/\/www.hydraulic-cylinders.net\/product\/boom-cylinder-for-jingong-crawler-excavator-jcm906\/"},"modified":"2025-04-07T06:49:23","modified_gmt":"2025-04-07T06:49:23","slug":"boom-cylinder-for-jingong-crawler-excavator-jcm906","status":"publish","type":"product","link":"https:\/\/www.hydraulic-cylinders.net\/lv\/products\/boom-cylinder-for-jingong-crawler-excavator-jcm906\/","title":{"rendered":"Jingong k\u0101pur\u0137\u0113\u017eu ekskavatora JCM906 str\u0113les cilindrs"},"content":{"rendered":"<h1>Jingong k\u0101pur\u0137\u0113\u017eu ekskavatora JCM906 str\u0113les cilindrs<\/h1>\n<h2>Ievads str\u0113les cilindr\u0101<\/h2>\n<p>Str\u0113les cilindrs ir b\u016btiska smago ma\u0161\u012bnu hidraulisko sist\u0113mu sast\u0101vda\u013ca, kas \u012bpa\u0161i paredz\u0113ta ekskavatoru, iekr\u0101v\u0113ju un front\u0101lo iekr\u0101v\u0113ju kausu kust\u012bbas vad\u012bbai. \u0160is hidrauliskais cilindrs nodro\u0161ina prec\u012bzu kausa pacel\u0161anu, nolai\u0161anu un noliek\u0161anu, t\u0101d\u0113j\u0101di atvieglojot efekt\u012bvus materi\u0101lu apstr\u0101des uzdevumus. Izgatavoti no iztur\u012bgiem materi\u0101liem, str\u0113les cilindri ir konstru\u0113ti t\u0101, lai iztur\u0113tu lielas slodzes oper\u0101ciju pras\u012bbas, nodro\u0161inot uzticam\u012bbu un veiktsp\u0113ju da\u017e\u0101d\u0101s darba vid\u0113s.<\/p>\n<p><img decoding=\"async\" src=\"https:\/\/www.hydraulic-cylinders.net\/wp-content\/uploads\/2025\/04\/songte-company-1.webp\" alt=\"Ekskavatoru str\u0113les cilindrs\"><\/p>\n<h2>Str\u0113les cilindra \u012bpa\u0161\u012bbas<\/h2>\n<ul>\n<li><strong>Augsta iztur\u012bba un ilgm\u016b\u017e\u012bba:<\/strong> \u0160ie cilindri, kas izgatavoti no augstas stipr\u012bbas t\u0113rauda vai alum\u012bnija, var iztur\u0113t augstu spiedienu un lielas slodzes, vienlaikus ir konstru\u0113ti t\u0101, lai nodro\u0161in\u0101tu nodilumiztur\u012bbu un aizsardz\u012bbu pret koroziju, t\u0101d\u0113j\u0101di pagarinot to kalpo\u0161anas laiku.<\/li>\n<li><strong>Efekt\u012bva hidraulisk\u0101 darb\u012bba:<\/strong> Izmantojot hidraulisk\u0101s e\u013c\u013cas spiedienu, str\u0113les cilindrs nodro\u0161ina vienm\u0113r\u012bgas pagarin\u0101\u0161anas un ievilk\u0161anas kust\u012bbas, \u013caujot \u0101tri rea\u0123\u0113t uz vad\u012bbas komand\u0101m un rad\u012bt sp\u0113c\u012bgus stum\u0161anas un vilk\u0161anas sp\u0113kus, kas ir ide\u0101li piem\u0113roti smagu materi\u0101lu apstr\u0101dei un sare\u017e\u0123\u012btu uzdevumu veik\u0161anai.<\/li>\n<li><strong>Da\u017e\u0101di veidi:<\/strong> Pieejams vienk\u0101r\u0161\u0101s darb\u012bbas (hidrauliska darb\u012bba vien\u0101 virzien\u0101) vai divk\u0101r\u0161\u0101s darb\u012bbas (hidrauliska darb\u012bba abos virzienos) konfigur\u0101cij\u0101s, un da\u017eiem mode\u013ciem ir teleskopiska konstrukcija, kas nodro\u0161ina liel\u0101ku sniedzam\u012bbu, nepalielinot \u0101r\u0113jos izm\u0113rus, padarot tos piem\u0113rotus lieto\u0161anai ierobe\u017eot\u0101 telp\u0101.<\/li>\n<li><strong>Prec\u012bzijas in\u017eenierija:<\/strong> Katrs cilindrs tiek pak\u013cauts stingrai p\u0101rbaudei, lai nodro\u0161in\u0101tu t\u0101 atbilst\u012bbu nepiecie\u0161amaj\u0101m veiktsp\u0113jas un uzticam\u012bbas specifik\u0101cij\u0101m, t\u0101d\u0113j\u0101di nodro\u0161inot t\u0101 efekt\u012bvu darb\u012bbu da\u017e\u0101dos apst\u0101k\u013cos.<\/li>\n<li><strong>Piel\u0101gojami risin\u0101jumi:<\/strong> M\u0113s pied\u0101v\u0101jam \u0161\u012b produkta ra\u017eo\u0161anu, un m\u016bsu cilindri var lieliski aizst\u0101t eso\u0161os hidrauliskos cilindrus, kas ir piel\u0101goti specifisk\u0101m ekspluat\u0101cijas pras\u012bb\u0101m.<\/li>\n<\/ul>\n<p><img decoding=\"async\" src=\"https:\/\/www.hydraulic-cylinders.net\/wp-content\/uploads\/2025\/04\/songte-cylinder-head-with-all-kinds-excavator-models.webp\" alt=\"Ekskavatoru mode\u013ci\"><\/p>\n<h2>Str\u0113les cilindra pielietojums<\/h2>\n<h3>Celtniec\u012bbas apr\u012bkojums<\/h3>\n<p>Ekskavatoros atrodamie str\u0113les cilindri sp\u0113l\u0113 b\u016btisku lomu augsnes vai gru\u017eu rak\u0161an\u0101, iekrau\u0161an\u0101 un p\u0101rvieto\u0161an\u0101. Ekskavatoros-iekr\u0101v\u0113jos kausa cilindrs pal\u012bdz ne tikai rak\u0161anas, bet ar\u012b cel\u0161anas oper\u0101cij\u0101s, padarot to neaizst\u0101jamu b\u016bvniec\u012bbas darbos.<\/p>\n<h3>Lauksaimniec\u012bbas tehnika<\/h3>\n<p>Front\u0101lajos iekr\u0101v\u0113jos str\u0113les cilindri tiek izmantoti augsnes, siena un citu materi\u0101lu sav\u0101k\u0161anai, cel\u0161anai un transport\u0113\u0161anai. \u0160\u012b daudzpus\u012bba padara tos neaizst\u0101jamus da\u017e\u0101dos lauksaimniec\u012bbas darbos, uzlabojot produktivit\u0101ti un efektivit\u0101ti.<\/p>\n<h3>Rak\u0161anas darbi<\/h3>\n<p>Str\u0113les cilindrs \u013cauj kausam efekt\u012bvi iek\u013c\u016bt zem\u0113, atvieglojot rak\u0161anas darb\u012bbas. Ar \u0161iem cilindriem apr\u012bkoti ekskavatori var manevr\u0113t prec\u012bzi, padarot tos efekt\u012bvus gan dz\u012bvojamo, gan komerci\u0101lo rak\u0161anas projektu veik\u0161anai.<\/p>\n<h3>Iekr\u0101v\u0113ja darb\u012bbas<\/h3>\n<p>Front\u0101lajos iekr\u0101v\u0113jos str\u0113les cilindri ir \u013coti svar\u012bgi kravu efekt\u012bvai pacel\u0161anai un izg\u0101\u0161anai. To konstrukcija nodro\u0161ina vienm\u0113r\u012bgu darb\u012bbu, nodro\u0161inot, ka materi\u0101lus var viegli transport\u0113t un utiliz\u0113t.<\/p>\n<h2>Dizaina apsv\u0113rumi un atlases krit\u0113riji<\/h2>\n<h3>Kravnes\u012bba<\/h3>\n<p>Izv\u0113loties str\u0113les cilindru, ir svar\u012bgi \u0146emt v\u0113r\u0101 t\u0101 kravnes\u012bbu. Cilindram j\u0101sp\u0113j iztur\u0113t maksim\u0101lo svaru, ar kuru tas saskarsies darb\u012bbas laik\u0101. Tas ietver pace\u013camo materi\u0101lu svara apr\u0113\u0137in\u0101\u0161anu un cilindra atbilsto\u0161as \u200b\u200b\u200b\u200bnomin\u0101cijas nodro\u0161in\u0101\u0161anu. Cilindrs ar nepietiekamu kravnes\u012bbu var saboj\u0101ties, izraisot d\u0101rgus remontdarbus un dro\u0161\u012bbas apdraud\u0113jumus.<\/p>\n<h3>Bl\u012bv\u0113\u0161anas meh\u0101nismi<\/h3>\n<p>Efekt\u012bvs bl\u012bv\u0113jums ir kritiski svar\u012bgs hidrauliskajos cilindros, lai nov\u0113rstu nopl\u016bdes un uztur\u0113tu spiedienu. J\u0101izmanto augstas kvalit\u0101tes bl\u012bv\u0113jumi, kas izgatavoti no iztur\u012bgiem materi\u0101liem, piem\u0113ram, poliuret\u0101na un nitrila gumijas. \u0160ie bl\u012bv\u0113jumi ir r\u016bp\u012bgi j\u0101izv\u0113las atbilsto\u0161i cilindra konstrukcijai un darba videi, jo nepareizs bl\u012bv\u0113jums var izrais\u012bt hidraulisk\u0101 \u0161\u0137idruma zudumus un samazin\u0101t efektivit\u0101ti.<\/p>\n<h3>Iztur\u012bba<\/h3>\n<p>Iztur\u012bba ir hidraulisko cilindru konstrukcijas pamatelements. Konstrukcij\u0101 izmantotajiem materi\u0101liem j\u0101sp\u0113j iztur\u0113t nodilumu past\u0101v\u012bga hidraulisk\u0101 spiediena un vides faktoru d\u0113\u013c. Ra\u017eot\u0101ji bie\u017ei izmanto uzlabotus t\u0113rauda sakaus\u0113jumus un korozijiztur\u012bgus p\u0101rkl\u0101jumus, lai uzlabotu cilindru ilgm\u016b\u017e\u012bbu, nodro\u0161inot to uzticamu darb\u012bbu laika gait\u0101.<\/p>\n<h3>Dro\u0161\u012bbas funkcijas<\/h3>\n<p>Str\u0113les cilindru konstrukcij\u0101 j\u0101iek\u013cauj dro\u0161\u012bbas elementi, lai aizsarg\u0101tu gan apr\u012bkojumu, gan operatoru. Tie var ietvert p\u0101rslodzes aizsardz\u012bbu, kas nov\u0113r\u0161 cilindra p\u0101rm\u0113r\u012bgu svaru, un dro\u0161\u012bbas v\u0101rstus, kas darb\u012bbas trauc\u0113jumu gad\u012bjum\u0101 \u013cauj kontrol\u0113ti atbr\u012bvot spiedienu.<\/p>\n<h3>Apkopes pieejam\u012bba<\/h3>\n<p>Str\u0113les cilindra konstrukcijai j\u0101b\u016bt t\u0101dai, lai apkopes laik\u0101 tam b\u016btu \u0113rta piek\u013cuve. Lai hidraulisk\u0101 sist\u0113ma darbotos pareizi, ir nepiecie\u0161amas regul\u0101ras p\u0101rbaudes un apkope. Apkopi atvieglojo\u0161as funkcijas, piem\u0113ram, no\u0146emami v\u0101ki un viegli sasniedzami e\u013c\u013co\u0161anas punkti, var iev\u0113rojami samazin\u0101t d\u012bkst\u0101ves laiku un apkopes izmaksas.<\/p>\n<p><img decoding=\"async\" src=\"https:\/\/www.hydraulic-cylinders.net\/wp-content\/uploads\/2025\/04\/songte-oil-pipes-and-spare-parts.webp\" alt=\"Hidraulisk\u0101s sist\u0113mas da\u013cas\"><\/p>\n<h2>Str\u0113les cilindru bl\u012bv\u0113\u0161ana un e\u013c\u013co\u0161ana<\/h2>\n<p>Pareiza bl\u012bv\u0113\u0161ana un e\u013c\u013co\u0161ana ir b\u016btiska str\u0113les cilindru optim\u0101lai darb\u012bbai. Lai uztur\u0113tu hidraulisko integrit\u0101ti, tiek izmantoti da\u017e\u0101di bl\u012bv\u0113jumi, tostarp virzu\u013ca bl\u012bv\u0113jumi un stie\u0146a bl\u012bv\u0113jumi. \u0160iem bl\u012bv\u0113jumiem j\u0101b\u016bt izgatavotiem no nodilumiztur\u012bgiem materi\u0101liem, piem\u0113ram, poliuret\u0101na vai nitrila gumijas, lai uzlabotu iztur\u012bbu. Turkl\u0101t cilindra korpuss un v\u012bt\u0146ot\u0101s gala virsmas ir r\u016bp\u012bgi j\u0101apstr\u0101d\u0101, lai uzlabotu nodilumiztur\u012bbu. Regul\u0101ra e\u013c\u013co\u0161ana ar hidraulisko e\u013c\u013cu ir \u013coti svar\u012bga; t\u0101 ir j\u0101p\u0101rbauda un j\u0101papildina, lai nodro\u0161in\u0101tu vienm\u0113r\u012bgu darb\u012bbu un nov\u0113rstu p\u0101rkar\u0161anu vai palielin\u0101tu nodilumu.<\/p>\n<h2>Prevent\u012bvie apkopes pas\u0101kumi<\/h2>\n<ul>\n<li><strong>Regul\u0101ras p\u0101rbaudes:<\/strong> Regul\u0101ru p\u0101rbau\u017eu veik\u0161ana \u013cauj laikus atkl\u0101t nodilumu un potenci\u0101las probl\u0113mas. Operatoriem darb\u012bbas laik\u0101 j\u0101mekl\u0113 nopl\u016bdes paz\u012bmes, bl\u012bv\u0113jumu nodilums un jebk\u0101di neparasti trok\u0161\u0146i.<\/li>\n<li><strong>E\u013c\u013co\u0161anas grafiks:<\/strong> Izveidojiet regul\u0101ru e\u013c\u013co\u0161anas rut\u012bnu, lai nodro\u0161in\u0101tu, ka visas kust\u012bg\u0101s da\u013cas tiek pien\u0101c\u012bgi iee\u013c\u013cotas, samazinot berzi un nodilumu, vienlaikus saglab\u0101jot hidraulisko veiktsp\u0113ju.<\/li>\n<li><strong>Bl\u012bv\u0113juma nomai\u0146a:<\/strong> Regul\u0101ri p\u0101rbaudiet bl\u012bv\u0113jumu nodilumu un nomainiet tos p\u0113c nepiecie\u0161am\u012bbas, lai nov\u0113rstu nopl\u016bdes un uztur\u0113tu spiedienu. \u0160is apkopes uzdevums ir \u013coti svar\u012bgs hidraulisk\u0101s sist\u0113mas ilgtermi\u0146a darb\u012bbai.<\/li>\n<\/ul>\n<h2>Str\u0113les cilindra uzst\u0101d\u012b\u0161anas vadl\u012bnijas<\/h2>\n<p>Pareiza uzst\u0101d\u012b\u0161ana ir \u0101rk\u0101rt\u012bgi svar\u012bga str\u0113les cilindra efekt\u012bvai darb\u012bbai. \u0160eit ir da\u017ei nor\u0101d\u012bjumi, kas j\u0101iev\u0113ro:<\/p>\n<ul>\n<li>Nodro\u0161iniet pareizu cilindra izl\u012bdzin\u0101\u0161anu ar mont\u0101\u017eas kron\u0161teiniem. Nepareiza izl\u012bdzin\u0101\u0161ana var izrais\u012bt nevienm\u0113r\u012bgu nodilumu un palielin\u0101tu slodzi uz deta\u013c\u0101m.<\/li>\n<li>Nostipriniet cilindru, izmantojot atbilsto\u0161us stiprin\u0101juma elementus. Nepietiekams stiprin\u0101jums var izrais\u012bt t\u0101 kust\u012bbu darb\u012bbas laik\u0101, radot boj\u0101jumus cilindram vai apr\u012bkojumam, uz kura tas ir uzst\u0101d\u012bts.<\/li>\n<li>P\u0101rliecinieties, vai hidraulisk\u0101s \u0161\u013c\u016btenes ir pareizi pievienotas, p\u0101rliecinoties, ka nav loc\u012bjumu vai asu l\u012bkumu, kas var\u0113tu ierobe\u017eot \u0161\u0137idruma pl\u016bsmu.<\/li>\n<li>P\u0113c uzst\u0101d\u012b\u0161anas p\u0101rbaudiet balonu zem\u0101 spiedien\u0101, lai p\u0101rliecin\u0101tos, vai nav nopl\u016b\u017eu vai citu probl\u0113mu, pirms p\u0101rsl\u0113g\u0161an\u0101s uz pilnu darba spiedienu.<\/li>\n<li>Regul\u0101ri p\u0101rbaudiet instal\u0101ciju, lai p\u0101rliecin\u0101tos, ka t\u0101 ir dro\u0161a un visas sast\u0101vda\u013cas darbojas pareizi.<\/li>\n<\/ul>\n<h2>Bie\u017ei sastopamie apkopes uzdevumi<\/h2>\n<h3>Regul\u0101ras p\u0101rbaudes<\/h3>\n<p>Regul\u0101ru p\u0101rbau\u017eu veik\u0161ana ir b\u016btiska, lai laikus identific\u0113tu nodilumu un iesp\u0113jam\u0101s probl\u0113mas. Operatoriem j\u0101veic vizu\u0101las p\u0101rbaudes, lai noteiktu nopl\u016bdes, neparastas ska\u0146as un jebk\u0101das bl\u012bv\u0113jumu un stiprin\u0101juma punktu nodiluma paz\u012bmes. Atkl\u0101jumu dokument\u0113\u0161ana var pal\u012bdz\u0113t laika gait\u0101 izsekot apr\u012bkojuma st\u0101voklim, atvieglojot lab\u0101ku apkopes pl\u0101no\u0161anu.<\/p>\n<h3>Piem\u0113rota e\u013c\u013co\u0161ana<\/h3>\n<p>Pareiza hidraulisko cilindru e\u013c\u013co\u0161ana ir \u013coti svar\u012bga to ilgm\u016b\u017e\u012bbai un veiktsp\u0113jai. Operatoriem j\u0101iev\u0113ro e\u013c\u013co\u0161anas grafiks, pamatojoties uz ra\u017eot\u0101ja vadl\u012bnij\u0101m, izmantojot ieteicamo hidraulisko e\u013c\u013cu. Regul\u0101ra e\u013c\u013co\u0161ana samazina berzi un nodilumu, uzlabo hidraulisko efektivit\u0101ti un nov\u0113r\u0161 p\u0101rkar\u0161anu, kas var izrais\u012bt priek\u0161laic\u012bgu boj\u0101jumu.<\/p>\n<h3>Bl\u012bvju nomai\u0146as un kalibr\u0113\u0161anas p\u0101rbaudes<\/h3>\n<p>Laika gait\u0101 bl\u012bves nolietosies past\u0101v\u012bga spiediena un vides iedarb\u012bbas d\u0113\u013c. Regul\u0101ra bl\u012bvju nodiluma p\u0101rbaude un nepiecie\u0161am\u012bbas gad\u012bjum\u0101 to nomai\u0146a ir \u013coti svar\u012bga, lai saglab\u0101tu sist\u0113mas integrit\u0101ti. J\u0101veic ar\u012b kalibr\u0113\u0161anas p\u0101rbaudes, lai p\u0101rliecin\u0101tos, ka hidraulisk\u0101 sist\u0113ma darbojas noteiktaj\u0101 diapazon\u0101, \u013caujot veikt nepiecie\u0161am\u0101s korekcijas, lai uztur\u0113tu optim\u0101lu veiktsp\u0113ju.<\/p>\n<p><img decoding=\"async\" src=\"https:\/\/www.hydraulic-cylinders.net\/wp-content\/uploads\/2025\/04\/songte-chushion-collar.webp\" alt=\"Spilvenu apkakle cilindriem\"><\/p>\n<h2>Dro\u0161\u012bbas apsv\u0113rumi un vides faktori<\/h2>\n<p>Str\u0101d\u0101jot ar hidrauliskaj\u0101m sist\u0113m\u0101m, dro\u0161\u012bbas pas\u0101kumi ir \u0101rk\u0101rt\u012bgi svar\u012bgi. Operatoriem ir j\u0101b\u016bt apm\u0101c\u012btiem par pareizu str\u0113les cilindru lieto\u0161anu un ekspluat\u0101ciju, lai nov\u0113rstu negad\u012bjumus. Tas ietver apr\u012bkojuma ierobe\u017eojumu izpratni, individu\u0101lo aizsardz\u012bbas l\u012bdzek\u013cu (IAL) lieto\u0161anu un dro\u0161\u012bbas protokolu iev\u0113ro\u0161anu ekspluat\u0101cijas un apkopes laik\u0101. Turkl\u0101t t\u0101di vides faktori k\u0101 temperat\u016bras sv\u0101rst\u012bbas un \u0137\u012bmisko vielu iedarb\u012bba var ietekm\u0113t hidraulisk\u0101 \u0161\u0137idruma integrit\u0101ti un sist\u0113mas darb\u012bbu, t\u0101p\u0113c ir nepiecie\u0161ama r\u016bp\u012bga uzraudz\u012bba un regul\u0113\u0161ana.<\/p>\n<h2>K\u013c\u016bmju diagnostika un bie\u017e\u0101k sastopam\u0101s probl\u0113mas<\/h2>\n<ul>\n<li><strong>Nopl\u016bde:<\/strong> Viena no visbie\u017e\u0101k sastopamaj\u0101m probl\u0113m\u0101m ir hidraulisk\u0101 \u0161\u0137idruma nopl\u016bde. To var izrais\u012bt nodilu\u0161as bl\u012bves vai boj\u0101tas \u0161\u013c\u016btenes. Regul\u0101ras p\u0101rbaudes var laikus atkl\u0101t nopl\u016bdes, \u013caujot veikt savlaic\u012bgu remontu.<\/li>\n<li><strong>Jaudas zudums:<\/strong> Ja str\u0113les cilindrs nerea\u0123\u0113 efekt\u012bvi, tas var liecin\u0101t par hidraulisk\u0101 spiediena zudumu. Tas var\u0113tu b\u016bt saist\u012bts ar zemu hidraulisk\u0101 \u0161\u0137idruma l\u012bmeni, aizsprostojumiem sist\u0113m\u0101 vai boj\u0101tu s\u016bkni.<\/li>\n<li><strong>Neparastas ska\u0146as:<\/strong> Sl\u012bpo\u0161a vai \u0161\u0146\u0101co\u0161a ska\u0146a darb\u012bbas laik\u0101 var liecin\u0101t par iek\u0161\u0113jiem boj\u0101jumiem vai gaisu hidrauliskaj\u0101 sist\u0113m\u0101. Lai nov\u0113rstu turpm\u0101kus boj\u0101jumus, nepiecie\u0161ama t\u016bl\u012bt\u0113ja izmekl\u0113\u0161ana.<\/li>\n<\/ul>\n<h2>Probl\u0113mu nov\u0113r\u0161anas padomi un risin\u0101jumi<\/h2>\n<p>Lai efekt\u012bvi diagnostic\u0113tu un nov\u0113rstu probl\u0113mas ar str\u0113les cilindriem, operatoriem j\u0101iev\u0113ro \u0161ie probl\u0113mu nov\u0113r\u0161anas padomi:<\/p>\n<ul>\n<li>Veiciet vizu\u0101lu p\u0101rbaudi, vai nav nopl\u016b\u017eu, boj\u0101tu \u0161\u013c\u016bte\u0146u vai va\u013c\u012bgu savienojumu. Nekav\u0113joties nov\u0113rsiet visas redzam\u0101s probl\u0113mas, lai nov\u0113rstu turpm\u0101kas komplik\u0101cijas.<\/li>\n<li>P\u0101rbaudiet hidraulisk\u0101 \u0161\u0137idruma l\u012bmeni un uzpildiet to, ja nepiecie\u0161ams. P\u0101rliecinieties, ka \u0161\u0137idrums ir t\u012brs un piem\u0113rots cilindram, lai izvair\u012btos no boj\u0101jumiem un saglab\u0101tu veiktsp\u0113ju.<\/li>\n<li>Ja dzirdamas neparastas ska\u0146as, nekav\u0113joties p\u0101rtrauciet darb\u012bbu un p\u0101rbaudiet, vai cilindr\u0101 nav boj\u0101jumu vai gru\u017eu. Nov\u0113rsiet visus aizsprostojumus un, ja nepiecie\u0161ams, nomainiet boj\u0101t\u0101s deta\u013cas.<\/li>\n<li>Ieviesiet prevent\u012bvus pas\u0101kumus, piem\u0113ram, regul\u0101ras apkopes p\u0101rbaudes, lai samazin\u0101tu iesp\u0113jam\u0101s probl\u0113mas un uzlabotu str\u0113les cilindra kalpo\u0161anas laiku.<\/li>\n<\/ul>\n<p><img decoding=\"async\" src=\"https:\/\/www.hydraulic-cylinders.net\/wp-content\/uploads\/2025\/04\/songte-bushings-with-all-kinds-of-excavator-models.webp\" alt=\"Ekskavatoru bukses\"><\/p>\n<h2>Par m\u016bsu uz\u0146\u0113mumu<\/h2>\n<p>M\u0113s esam vado\u0161ais hidraulisko cilindru ra\u017eot\u0101js un vairumtirdzniec\u012bbas izplat\u012bt\u0101js, kas specializ\u0113jas alternat\u012bvu risin\u0101jumu nodro\u0161in\u0101\u0161an\u0101 hidrauliskaj\u0101m sist\u0113m\u0101m. Ar pla\u0161u produktu kl\u0101stu m\u0113s esam nostiprin\u0101ju\u0161i savu poz\u012bciju k\u0101 galvenais sp\u0113l\u0113t\u0101js gan viet\u0113j\u0101, gan starptautiskaj\u0101 tirg\u016b. M\u016bsu ap\u0146em\u0161anos sasniegt izcil\u012bbu atbalsta izsmalcin\u0101ta ra\u017eo\u0161anas vad\u012bbas strat\u0113\u0123ija, izmantojot modernas digit\u0101l\u0101s ra\u017eo\u0161anas iek\u0101rtas un specializ\u0113tu test\u0113\u0161anas sist\u0113mu. Tas \u013cauj mums nep\u0101rtraukti uzlabot m\u016bsu ra\u017eo\u0161anas jaudas, nodro\u0161inot augstus kvalit\u0101tes un efektivit\u0101tes standartus, apmierinot da\u017e\u0101das klientu vajadz\u012bbas.<\/p>\n<p><img decoding=\"async\" src=\"https:\/\/www.hydraulic-cylinders.net\/wp-content\/uploads\/2025\/04\/songte-company-4.webp\" alt=\"Uz\u0146\u0113muma ra\u017eo\u0161anas iek\u0101rta\"><br \/>\n<img decoding=\"async\" src=\"https:\/\/www.hydraulic-cylinders.net\/wp-content\/uploads\/2025\/04\/songte-company-3.webp\" alt=\"Uzlabotas ra\u017eo\u0161anas iek\u0101rtas\"><\/p>\n<h2>Secin\u0101jums<\/h2>\n<p>Nosl\u0113gum\u0101 j\u0101saka, ka str\u0113les cilindrs ir b\u016btiska smago ma\u0161\u012bnu hidraulisko sist\u0113mu sast\u0101vda\u013ca, kam ir noz\u012bm\u012bga loma da\u017e\u0101dos pielietojumos, s\u0101kot no b\u016bvniec\u012bbas l\u012bdz lauksaimniec\u012bbai. Ar atbilsto\u0161u projekt\u0113\u0161anas apsv\u0113rumu, apkopes prakses un dro\u0161\u012bbas pas\u0101kumu iev\u0113ro\u0161anu \u0161ie cilindri var darboties efekt\u012bvi un dro\u0161i, atbilstot sare\u017e\u0123\u012btu vides pras\u012bb\u0101m.<\/p>\n<p>Autors: lil<\/p>","protected":false},"excerpt":{"rendered":"<p>Boom Cylinder For Jingong Crawler Excavator JCM906 Introduction to Boom Cylinder The boom cylinder is a crucial component of hydraulic systems used in heavy machinery, specifically designed for controlling the movement of buckets in excavators, backhoe loaders, and front loaders. This hydraulic cylinder enables the precise lifting, lowering, and tilting of the bucket, thereby facilitating [&hellip;]<\/p>","protected":false},"featured_media":17871,"comment_status":"open","ping_status":"closed","template":"","meta":{"_et_pb_use_builder":"","_et_pb_old_content":"","_et_gb_content_width":""},"product_brand":[],"product_cat":[1546],"product_tag":[1547,1496],"class_list":{"0":"post-19472","1":"product","2":"type-product","3":"status-publish","4":"has-post-thumbnail","6":"product_cat-boom-cylinders","7":"product_tag-boom-cylinders","8":"product_tag-hydraulic-cylinders","10":"first","11":"instock","12":"shipping-taxable","13":"product-type-simple"},"amp_enabled":true,"_links":{"self":[{"href":"https:\/\/www.hydraulic-cylinders.net\/lv\/wp-json\/wp\/v2\/product\/19472","targetHints":{"allow":["GET"]}}],"collection":[{"href":"https:\/\/www.hydraulic-cylinders.net\/lv\/wp-json\/wp\/v2\/product"}],"about":[{"href":"https:\/\/www.hydraulic-cylinders.net\/lv\/wp-json\/wp\/v2\/types\/product"}],"replies":[{"embeddable":true,"href":"https:\/\/www.hydraulic-cylinders.net\/lv\/wp-json\/wp\/v2\/comments?post=19472"}],"wp:featuredmedia":[{"embeddable":true,"href":"https:\/\/www.hydraulic-cylinders.net\/lv\/wp-json\/wp\/v2\/media\/17871"}],"wp:attachment":[{"href":"https:\/\/www.hydraulic-cylinders.net\/lv\/wp-json\/wp\/v2\/media?parent=19472"}],"wp:term":[{"taxonomy":"product_brand","embeddable":true,"href":"https:\/\/www.hydraulic-cylinders.net\/lv\/wp-json\/wp\/v2\/product_brand?post=19472"},{"taxonomy":"product_cat","embeddable":true,"href":"https:\/\/www.hydraulic-cylinders.net\/lv\/wp-json\/wp\/v2\/product_cat?post=19472"},{"taxonomy":"product_tag","embeddable":true,"href":"https:\/\/www.hydraulic-cylinders.net\/lv\/wp-json\/wp\/v2\/product_tag?post=19472"}],"curies":[{"name":"wp","href":"https:\/\/api.w.org\/{rel}","templated":true}]}}