{"id":19473,"date":"2025-04-07T06:49:23","date_gmt":"2025-04-07T06:49:23","guid":{"rendered":"https:\/\/www.hydraulic-cylinders.net\/product\/boom-cylinder-for-jingong-crawler-excavator-jcm915-lc\/"},"modified":"2025-04-07T06:49:41","modified_gmt":"2025-04-07T06:49:41","slug":"boom-cylinder-for-jingong-crawler-excavator-jcm915-lc","status":"publish","type":"product","link":"https:\/\/www.hydraulic-cylinders.net\/lv\/products\/boom-cylinder-for-jingong-crawler-excavator-jcm915-lc\/","title":{"rendered":"Jingong k\u0101pur\u0137\u0113\u017eu ekskavatora JCM915-LC str\u0113les cilindrs"},"content":{"rendered":"<h1>Jingong k\u0101pur\u0137\u0113\u017eu ekskavatora JCM915-LC str\u0113les cilindrs<\/h1>\n<h2>Produkta p\u0101rskats<\/h2>\n<p>Jingong k\u0101pur\u0137\u0113\u017eu ekskavatora JCM915-LC str\u0113les cilindrs ir b\u016btiska sast\u0101vda\u013ca, kas paredz\u0113ta ekskavatora str\u0113les kust\u012bbas vad\u012bbai. \u0160im hidrauliskajam cilindram ir b\u016btiska loma hidrauliskaj\u0101 sist\u0113m\u0101, nodro\u0161inot da\u017e\u0101du smago ma\u0161\u012bnu, piem\u0113ram, ekskavatoru, ekskavatoru-iekr\u0101v\u0113ju un front\u0101lo iekr\u0101v\u0113ju, darb\u012bbu. Tas \u013cauj str\u0113lei pacelt, nolaist un noliekt, atvieglojot efekt\u012bvus materi\u0101lu apstr\u0101des uzdevumus.<\/p>\n<p><img decoding=\"async\" src=\"https:\/\/www.hydraulic-cylinders.net\/wp-content\/uploads\/2025\/04\/songte-company-1.webp\" alt=\"Str\u0113les cilindra att\u0113ls\"\/><\/p>\n<h3>Defin\u012bcija un funkcija<\/h3>\n<p>Kausa cilindrs ir hidraulisk\u0101 cilindra veids, kas \u012bpa\u0161i paredz\u0113ts, lai kontrol\u0113tu kausu kust\u012bbu smagaj\u0101 ma\u0161\u012bn\u0101. Tas nodro\u0161ina prec\u012bzu kausa pacel\u0161anu, nolai\u0161anu un noliek\u0161anu, kas ir \u013coti svar\u012bgi t\u0101diem uzdevumiem k\u0101 rak\u0161ana, iekrau\u0161ana un materi\u0101lu transport\u0113\u0161ana. Kausa cilindrs darbojas, izmantojot hidraulisko \u0161\u0137idrumu, kas tiek ievad\u012bts cilindr\u0101 caur da\u017e\u0101d\u0101m atver\u0113m, nodro\u0161inot vienm\u0113r\u012bgu un sp\u0113c\u012bgu kust\u012bbu.<\/p>\n<h2>Str\u0113les cilindra \u012bpa\u0161\u012bbas<\/h2>\n<ul>\n<li><strong>Augsta iztur\u012bba un ilgm\u016b\u017e\u012bba:<\/strong> \u0160is str\u0113les cilindrs, kas izgatavots no augstas stipr\u012bbas t\u0113rauda vai alum\u012bnija, var iztur\u0113t augstu spiedienu un lielas slodzes, padarot to piem\u0113rotu skarbiem darba apst\u0101k\u013ciem. T\u0101 konstrukcij\u0101 ir iek\u013cauta nodilumiztur\u012bba un aizsardz\u012bba pret koroziju, lai pagarin\u0101tu t\u0101 kalpo\u0161anas laiku.<\/li>\n<li><strong>Efekt\u012bva hidraulisk\u0101 darb\u012bba:<\/strong> Tas izmanto hidraulisk\u0101s e\u013c\u013cas spiedienu, lai pan\u0101ktu vienm\u0113r\u012bgas izstiep\u0161anas un ievilk\u0161anas kust\u012bbas, \u013caujot \u0101tri rea\u0123\u0113t uz vad\u012bbas komand\u0101m un nodro\u0161in\u0101t iev\u0113rojamu stum\u0161anas un vilk\u0161anas sp\u0113ku, kas ir ide\u0101li piem\u0113rots smagu un sare\u017e\u0123\u012btu uzdevumu veik\u0161anai.<\/li>\n<li><strong>Veidu da\u017e\u0101d\u012bba:<\/strong> Pieejams vienk\u0101r\u0161\u0101s darb\u012bbas (darbojas vien\u0101 virzien\u0101) vai divk\u0101r\u0161\u0101s darb\u012bbas (darbojas abos virzienos) konfigur\u0101cij\u0101s, kas atbilst da\u017e\u0101d\u0101m ekspluat\u0101cijas vajadz\u012bb\u0101m. Da\u017eiem mode\u013ciem ir teleskopiska konstrukcija, kas nodro\u0161ina liel\u0101ku pagarin\u0101jumu, nepalielinot \u0101r\u0113jos izm\u0113rus, kas ir piem\u0113rots lieto\u0161anai ierobe\u017eotas telpas apst\u0101k\u013cos.<\/li>\n<\/ul>\n<h3>Ra\u017eo\u0161anas iesp\u0113jas<\/h3>\n<p>M\u0113s varam ra\u017eot \u0161o produktu prec\u012bzi un kvalitat\u012bvi, nodro\u0161inot, ka m\u016bsu str\u0113les cilindri var neman\u0101mi aizst\u0101t eso\u0161os hidrauliskos cilindrus da\u017e\u0101dos pielietojumos.<\/p>\n<p><img decoding=\"async\" src=\"https:\/\/www.hydraulic-cylinders.net\/wp-content\/uploads\/2025\/04\/songte-cylinder-head-with-all-kinds-excavator-models.webp\" alt=\"Cilindru sader\u012bba\"\/><\/p>\n<h2>Str\u0113les cilindra pielietojumi<\/h2>\n<ul>\n<li><strong>Celtniec\u012bbas apr\u012bkojums:<\/strong> Ekskavatoros str\u0113les cilindri ir \u013coti svar\u012bgi augsnes vai gru\u017eu rak\u0161anai, iekrau\u0161anai un p\u0101rvieto\u0161anai. To sp\u0113ja pacelt un nolaist kausu uzlabo darb\u012bbas efektivit\u0101ti un lietder\u012bbu b\u016bvniec\u012bbas darbos.<\/li>\n<li><strong>Lauksaimniec\u012bbas tehnika:<\/strong> Izmanto front\u0101lajos iekr\u0101v\u0113jos augsnes, siena un citu materi\u0101lu sav\u0101k\u0161anai, cel\u0161anai un transport\u0113\u0161anai. Str\u0113les cilindrs uzlabo produktivit\u0101ti, nodro\u0161inot vienm\u0113r\u012bgu un jaud\u012bgu darb\u012bbu.<\/li>\n<li><strong>Ekskavatori:<\/strong> Str\u0113les cilindrs \u013cauj kausam iek\u013c\u016bt augsn\u0113, veicot efekt\u012bvas rak\u0161anas darb\u012bbas. T\u0101 konstrukcija nodro\u0161ina maksim\u0101lu sp\u0113ka pielieto\u0161anu optim\u0101lai veiktsp\u0113jai da\u017e\u0101dos rak\u0161anas darbos.<\/li>\n<li><strong>Iekr\u0101v\u0113ji:<\/strong> Front\u0101lajos iekr\u0101v\u0113jos \u0161ie cilindri pal\u012bdz efekt\u012bvi pacelt un izkraut kravas. To iztur\u012bg\u0101 konstrukcija nodro\u0161ina labu smago kravu cel\u0161anu un darb\u012bbu ilgsto\u0161\u0101 laika period\u0101.<\/li>\n<\/ul>\n<h2>Dizaina apsv\u0113rumi un atlases krit\u0113riji<\/h2>\n<ul>\n<li><strong>Kravnes\u012bba:<\/strong> Str\u0113les cilindram j\u0101b\u016bt projekt\u0113tam t\u0101, lai tas iztur\u0113tu konkr\u0113t\u0101s tehnikas slodzes pras\u012bbas. Cilindra izv\u0113le ar atbilsto\u0161u slodzes kapacit\u0101ti nodro\u0161ina uzticamu darb\u012bbu un nov\u0113r\u0161 boj\u0101jumus ekspluat\u0101cijas laik\u0101. Ra\u017eot\u0101jiem j\u0101sniedz detaliz\u0113tas specifik\u0101cijas par slodzes v\u0113rt\u0113jumiem, lai pal\u012bdz\u0113tu izv\u0113l\u0113ties.<\/li>\n<li><strong>Bl\u012bv\u0113juma integrit\u0101te:<\/strong> Efekt\u012bva bl\u012bv\u0113\u0161ana ir \u013coti svar\u012bga, lai nov\u0113rstu hidraulisk\u0101 \u0161\u0137idruma nopl\u016bdi. Lai uzlabotu cilindra ilgm\u016b\u017e\u012bbu un veiktsp\u0113ju, j\u0101izmanto augstas kvalit\u0101tes bl\u012bves, kas izgatavotas no iztur\u012bgiem materi\u0101liem. Regul\u0101ras bl\u012bvju p\u0101rbaudes un apkope var nov\u0113rst d\u0101rgus remontdarbus.<\/li>\n<li><strong>Iztur\u012bba:<\/strong> Str\u0113les cilindra konstrukcij\u0101 izmantotajiem materi\u0101liem j\u0101b\u016bt iztur\u012bgiem pret nodilumu. Balonu ar aizsargp\u0101rkl\u0101jumiem izv\u0113le var uzlabot iztur\u012bbu, \u012bpa\u0161i sare\u017e\u0123\u012btos apst\u0101k\u013cos.<\/li>\n<li><strong>Dro\u0161\u012bbas funkcijas:<\/strong> Hidraulisko cilindru projekt\u0113\u0161an\u0101 dro\u0161\u012bbai j\u0101b\u016bt priorit\u0101tei. T\u0101du funkciju k\u0101 spiediena samazin\u0101\u0161anas v\u0101rstu un dro\u0161\u012bbas atsl\u0113g\u0161anas meh\u0101nismu iek\u013cau\u0161ana var pal\u012bdz\u0113t nov\u0113rst negad\u012bjumus un iek\u0101rtu boj\u0101jumus darb\u012bbas laik\u0101.<\/li>\n<li><strong>Apkopes pieejam\u012bba:<\/strong> Konstrukcijai j\u0101b\u016bt t\u0101dai, lai nodro\u0161in\u0101tu \u0113rtu apkopi un p\u0101rbaudi. Funkcijas, kas nodro\u0161ina \u0101tru piek\u013cuvi komponentiem remontam vai nomai\u0146ai, var iev\u0113rojami samazin\u0101t d\u012bkst\u0101ves laiku.<\/li>\n<\/ul>\n<p><img decoding=\"async\" src=\"https:\/\/www.hydraulic-cylinders.net\/wp-content\/uploads\/2025\/04\/songte-oil-pipes-and-spare-parts.webp\" alt=\"E\u013c\u013cas caurules un rezerves da\u013cas\"\/><\/p>\n<h2>Bl\u012bv\u0113\u0161ana un e\u013c\u013co\u0161ana<\/h2>\n<p>Str\u0113les cilindr\u0101 tiek izmantoti da\u017e\u0101di bl\u012bv\u0113\u0161anas komponenti, tostarp virzu\u013ca bl\u012bv\u0113jumi un stie\u0146a bl\u012bv\u0113jumi. Bl\u012bv\u0113jumi, kas izgatavoti no nodilumiztur\u012bgiem materi\u0101liem, piem\u0113ram, poliuret\u0101na un nitrila gumijas, nodro\u0161ina optim\u0101lu veiktsp\u0113ju un ilgm\u016b\u017e\u012bbu. Cilindra korpuss un v\u012bt\u0146otie gali ir smalki apstr\u0101d\u0101ti, lai uzlabotu nodilumiztur\u012bbu, kas ir svar\u012bgi efektivit\u0101tes uztur\u0113\u0161anai. Regul\u0101ra e\u013c\u013co\u0161ana ar hidraulisko e\u013c\u013cu ir \u013coti svar\u012bga, lai samazin\u0101tu berzi un nodro\u0161in\u0101tu vienm\u0113r\u012bgu darb\u012bbu.<\/p>\n<h2>Prevent\u012bvie apkopes pas\u0101kumi<\/h2>\n<ul>\n<li><strong>Regul\u0101ras p\u0101rbaudes:<\/strong> Regul\u0101ri p\u0101rbaudiet str\u0113les cilindru, lai noteiktu nodiluma, nopl\u016bdes vai boj\u0101jumu paz\u012bmes. Probl\u0113mu agr\u012bna atkl\u0101\u0161ana var nov\u0113rst katastrof\u0101las k\u013c\u016bmes un d\u0101rgus remontdarbus.<\/li>\n<li><strong>Pareiza e\u013c\u013co\u0161ana:<\/strong> Lai saglab\u0101tu cilindra funkcionalit\u0101ti, p\u0101rliecinieties, vai tas ir pietiekami iee\u013c\u013cots ar hidraulisko e\u013c\u013cu. E\u013c\u013co\u0161anas tr\u016bkums var izrais\u012bt palielin\u0101tu nodilumu.<\/li>\n<li><strong>Bl\u012bv\u0113juma nomai\u0146a:<\/strong> Uzraugiet bl\u012bv\u0113jumu st\u0101vokli un nomainiet tos p\u0113c nepiecie\u0161am\u012bbas. Nodilu\u0161as bl\u012bves var izrais\u012bt hidraulisk\u0101 \u0161\u0137idruma nopl\u016bdes un samazin\u0101tu veiktsp\u0113ju.<\/li>\n<\/ul>\n<h2>Uzst\u0101d\u012b\u0161anas vadl\u012bnijas<\/h2>\n<p>Pareiza str\u0113les cilindra uzst\u0101d\u012b\u0161ana ir \u013coti svar\u012bga optim\u0101lai veiktsp\u0113jai. Vispirms p\u0101rliecinieties, vai mont\u0101\u017eas virsmas ir t\u012bras un bez gru\u017eiem. Pareizi izl\u012bdziniet cilindru ar mont\u0101\u017eas kron\u0161teiniem un izmantojiet atbilsto\u0161us instrumentus, lai to stingri nostiprin\u0101tu. Cilindra stabiliz\u0113\u0161anai ieteicams izmantot piem\u0113rotus mont\u0101\u017eas kron\u0161teinus. P\u0113c uzst\u0101d\u012b\u0161anas pirms tehnikas lieto\u0161anas veiciet r\u016bp\u012bgu p\u0101rbaudi, lai p\u0101rliecin\u0101tos, ka viss ir pareizi izl\u012bdzin\u0101ts.<\/p>\n<h2>Bie\u017ei sastopamie apkopes uzdevumi<\/h2>\n<ul>\n<li><strong>Regul\u0101ras p\u0101rbaudes:<\/strong> Regul\u0101ri veiciet p\u0101rbaudes, lai p\u0101rliecin\u0101tos, ka str\u0113les cilindrs darbojas pareizi. Tas ietver jebk\u0101du neparastu trok\u0161\u0146u vai kust\u012bbu uzraudz\u012bbu darb\u012bbas laik\u0101.<\/li>\n<li><strong>E\u013c\u013co\u0161ana:<\/strong> Iev\u0113rojiet atbilsto\u0161u e\u013c\u013co\u0161anas grafiku, lai nov\u0113rstu p\u0101rm\u0113r\u012bgu nodilumu. P\u0101rliecinieties, ka tiek izmantots pareizais hidraulisk\u0101s e\u013c\u013cas veids, lai optimiz\u0113tu veiktsp\u0113ju.<\/li>\n<li><strong>Bl\u012bv\u0113juma nomai\u0146a:<\/strong> Izstr\u0101d\u0101jiet bl\u012bv\u0113jumu p\u0101rbaudes un nomai\u0146as rut\u012bnu, lai uztur\u0113tu str\u0113les cilindra hidraulisko integrit\u0101ti. Savlaic\u012bga bl\u012bv\u0113jumu nomai\u0146a var nov\u0113rst nopl\u016bdes un uztur\u0113t optim\u0101lu veiktsp\u0113ju.<\/li>\n<\/ul>\n<h2>Dro\u0161\u012bbas apsv\u0113rumi un vides faktori<\/h2>\n<p>Dro\u0161\u012bbas pas\u0101kumu ievie\u0161ana, lietojot str\u0113les cilindrus, ir \u0101rk\u0101rt\u012bgi svar\u012bga. Operatoriem j\u0101b\u016bt pien\u0101c\u012bgi apm\u0101c\u012btiem par hidraulisko iek\u0101rtu dro\u0161u ekspluat\u0101ciju, tostarp izprotot ar hidrauliskaj\u0101m sist\u0113m\u0101m saist\u012btos riskus. Nodro\u0161inot, ka dro\u0161\u012bbas aizsargi ir uzst\u0101d\u012bti un av\u0101rijas izsl\u0113g\u0161anas sist\u0113mas darbojas, var nov\u0113rst negad\u012bjumus. Turkl\u0101t \u0146emiet v\u0113r\u0101 vides faktorus, piem\u0113ram, temperat\u016bras sv\u0101rst\u012bbas, kas var\u0113tu ietekm\u0113t hidraulisk\u0101 \u0161\u0137idruma darb\u012bbu.<\/p>\n<h2>Probl\u0113mu nov\u0113r\u0161ana un bie\u017ei sastopamas probl\u0113mas<\/h2>\n<ul>\n<li><strong>Hidraulisk\u0101 \u0161\u0137idruma nopl\u016bde:<\/strong> P\u0101rbaudiet bl\u012bves un savienojumus, vai tie nav nodilu\u0161i vai boj\u0101ti. Nomainiet bl\u012bves p\u0113c nepiecie\u0161am\u012bbas, lai nov\u0113rstu nopl\u016bdes.<\/li>\n<li><strong>Samazin\u0101ta cilindra kust\u012bba:<\/strong> P\u0101rbaudiet, vai nav aizsprostojumu, un p\u0101rliecinieties, vai hidraulisk\u0101 \u0161\u0137idruma l\u012bmenis ir pietiekams. Gaiss hidrauliskaj\u0101 sist\u0113m\u0101 var izrais\u012bt ar\u012b veiktsp\u0113jas probl\u0113mas; ja nepiecie\u0161ams, atgaisojiet sist\u0113mu.<\/li>\n<li><strong>Neparastas ska\u0146as:<\/strong> Trok\u0161\u0146i var liecin\u0101t par nodilumu vai nepietiekamu e\u013c\u013co\u0161anu. Nekav\u0113joties p\u0101rbaudiet cilindru un, ja nepiecie\u0161ams, iee\u013c\u013cojiet vai nomainiet deta\u013cas.<\/li>\n<\/ul>\n<h2>Profilakses padomi<\/h2>\n<p>Lai samazin\u0101tu iesp\u0113jam\u0101s probl\u0113mas, izveidojiet regul\u0101ru apkopes grafiku, kas ietver regul\u0101ras p\u0101rbaudes un e\u013c\u013co\u0161anu. Apm\u0101ciet operatorus par pareizu tehnikas lieto\u0161anu un ierobe\u017eojumiem. Pareiza hidraulisk\u0101 \u0161\u0137idruma l\u012bme\u0146a uztur\u0113\u0161ana un sist\u0113mas t\u012br\u012bbas nodro\u0161in\u0101\u0161ana var iev\u0113rojami samazin\u0101t atteices risku.<\/p>\n<p><img decoding=\"async\" src=\"https:\/\/www.hydraulic-cylinders.net\/wp-content\/uploads\/2025\/04\/songte-bushings-with-all-kinds-of-excavator-models.webp\" alt=\"Bukses att\u0113ls\"\/><\/p>\n<h2>Uz\u0146\u0113muma p\u0101rskats<\/h2>\n<p>M\u0113s esam vado\u0161ais rezerves hidraulisko cilindru ra\u017eot\u0101js, pied\u0101v\u0101jot pla\u0161u produktu kl\u0101stu, kas ir nostiprin\u0101jis m\u016bsu k\u0101 viena no vado\u0161ajiem ra\u017eot\u0101jiem un vairumtirgot\u0101jiem gan viet\u0113j\u0101, gan starptautiskaj\u0101 tirg\u016b. M\u016bsu ap\u0146em\u0161an\u0101s sasniegt izcil\u012bbu atspogu\u013cojas m\u016bsu prec\u012bzi piel\u0101gotaj\u0101s ra\u017eo\u0161anas strat\u0113\u0123ij\u0101s, iek\u013caujot kvalific\u0113tu tehnisko person\u0101lu, modernu digit\u0101lo ra\u017eo\u0161anas apr\u012bkojumu un profesion\u0101las test\u0113\u0161anas sist\u0113mas. M\u0113s nep\u0101rtraukti uzlabojam savas ra\u017eo\u0161anas iesp\u0113jas, lai apmierin\u0101tu da\u017e\u0101das klientu pras\u012bbas ar augstu efektivit\u0101ti, precizit\u0101ti un kvalit\u0101ti.<\/p>\n<p><img decoding=\"async\" src=\"https:\/\/www.hydraulic-cylinders.net\/wp-content\/uploads\/2025\/04\/songte-company-4.webp\" alt=\"Uz\u0146\u0113muma t\u0113ls\"\/><br \/>\n<img decoding=\"async\" src=\"https:\/\/www.hydraulic-cylinders.net\/wp-content\/uploads\/2025\/04\/songte-company-3.webp\" alt=\"Uz\u0146\u0113muma t\u0113ls\"\/><\/p>\n<h2>Secin\u0101jums<\/h2>\n<p>Rezum\u0113jot, Jingong k\u0101pur\u0137\u0113\u017eu ekskavatora JCM915-LC str\u0113les cilindrs ir b\u016btiska sast\u0101vda\u013ca, lai nodro\u0161in\u0101tu smago ma\u0161\u012bnu efekt\u012bvu darb\u012bbu. Izprotot t\u0101 funkcijas, pielietojumu un apkopes pras\u012bbas, operatori var maksim\u0101li palielin\u0101t veiktsp\u0113ju un ilgm\u016b\u017e\u012bbu.<\/p>\n<p>Autors lyl<\/p>","protected":false},"excerpt":{"rendered":"<p>Boom Cylinder For Jingong Crawler Excavator JCM915-LC Product Overview The Boom Cylinder for Jingong Crawler Excavator JCM915-LC is a crucial component designed to control the movement of the excavator&#8217;s boom. This hydraulic cylinder plays an essential role in the hydraulic system, enabling the operation of various heavy machinery like excavators, backhoe loaders, and front loaders. [&hellip;]<\/p>","protected":false},"featured_media":17872,"comment_status":"open","ping_status":"closed","template":"","meta":{"_et_pb_use_builder":"","_et_pb_old_content":"","_et_gb_content_width":""},"product_brand":[],"product_cat":[1546],"product_tag":[1547,1496],"class_list":{"0":"post-19473","1":"product","2":"type-product","3":"status-publish","4":"has-post-thumbnail","6":"product_cat-boom-cylinders","7":"product_tag-boom-cylinders","8":"product_tag-hydraulic-cylinders","10":"first","11":"instock","12":"shipping-taxable","13":"product-type-simple"},"amp_enabled":true,"_links":{"self":[{"href":"https:\/\/www.hydraulic-cylinders.net\/lv\/wp-json\/wp\/v2\/product\/19473","targetHints":{"allow":["GET"]}}],"collection":[{"href":"https:\/\/www.hydraulic-cylinders.net\/lv\/wp-json\/wp\/v2\/product"}],"about":[{"href":"https:\/\/www.hydraulic-cylinders.net\/lv\/wp-json\/wp\/v2\/types\/product"}],"replies":[{"embeddable":true,"href":"https:\/\/www.hydraulic-cylinders.net\/lv\/wp-json\/wp\/v2\/comments?post=19473"}],"wp:featuredmedia":[{"embeddable":true,"href":"https:\/\/www.hydraulic-cylinders.net\/lv\/wp-json\/wp\/v2\/media\/17872"}],"wp:attachment":[{"href":"https:\/\/www.hydraulic-cylinders.net\/lv\/wp-json\/wp\/v2\/media?parent=19473"}],"wp:term":[{"taxonomy":"product_brand","embeddable":true,"href":"https:\/\/www.hydraulic-cylinders.net\/lv\/wp-json\/wp\/v2\/product_brand?post=19473"},{"taxonomy":"product_cat","embeddable":true,"href":"https:\/\/www.hydraulic-cylinders.net\/lv\/wp-json\/wp\/v2\/product_cat?post=19473"},{"taxonomy":"product_tag","embeddable":true,"href":"https:\/\/www.hydraulic-cylinders.net\/lv\/wp-json\/wp\/v2\/product_tag?post=19473"}],"curies":[{"name":"wp","href":"https:\/\/api.w.org\/{rel}","templated":true}]}}