{"id":19476,"date":"2025-04-07T06:49:48","date_gmt":"2025-04-07T06:49:48","guid":{"rendered":"https:\/\/www.hydraulic-cylinders.net\/product\/boom-cylinder-for-jingong-crawler-excavator-jcm937\/"},"modified":"2025-04-07T06:49:50","modified_gmt":"2025-04-07T06:49:50","slug":"boom-cylinder-for-jingong-crawler-excavator-jcm937","status":"publish","type":"product","link":"https:\/\/www.hydraulic-cylinders.net\/lv\/products\/boom-cylinder-for-jingong-crawler-excavator-jcm937\/","title":{"rendered":"Jingong k\u0101pur\u0137\u0113\u017eu ekskavatora JCM937 str\u0113les cilindrs"},"content":{"rendered":"<h1>Jingong k\u0101pur\u0137\u0113\u017eu ekskavatora JCM937 str\u0113les cilindrs<\/h1>\n<h2>Ievads str\u0113les cilindr\u0101<\/h2>\n<p>The Boom Cylinder is a crucial hydraulic component designed specifically for use in heavy machinery, particularly excavators like the Jingong Crawler Excavator JCM937. This cylinder facilitates the movement of the machine&#8217;s boom, allowing for essential actions such as lifting, lowering, and tilting. Through hydraulic pressure, the boom cylinder plays a vital role in enhancing the operational efficiency and performance of excavators during various material handling tasks.<\/p>\n<p><img decoding=\"async\" src=\"https:\/\/www.hydraulic-cylinders.net\/wp-content\/uploads\/2025\/04\/songte-company-1.webp\" alt=\"Ekskavatoru str\u0113les cilindrs\"><\/p>\n<h3>Defin\u012bcija un p\u0101rskats<\/h3>\n<p>The boom cylinder is a type of hydraulic cylinder specifically engineered for controlling the motion of the boom in heavy equipment like excavators, backhoe loaders, and front loaders. Its primary function is to manage the lifting, lowering, and tilting movements of the bucket, which is essential for effective material handling operations. When hydraulic fluid is pumped into the cylinder, it creates pressure that allows the cylinder to extend or retract, thus controlling the boom&#8217;s position. This capability is critical in construction, excavation, and various industrial applications, where precise control of heavy loads is necessary.<\/p>\n<h2>Str\u0113les cilindra galven\u0101s iez\u012bmes<\/h2>\n<ul>\n<li><strong>Augsta iztur\u012bba un ilgm\u016b\u017e\u012bba:<\/strong> M\u016bsu str\u0113les cilindri parasti ir izgatavoti no augstas stipr\u012bbas t\u0113rauda vai alum\u012bnija, kas paredz\u0113ti, lai iztur\u0113tu augstu spiedienu un lielas slodzes, padarot tos piem\u0113rotus skarb\u0101m darba vid\u0113m, vienlaikus nodro\u0161inot nodilumiztur\u012bbu un aizsardz\u012bbu pret koroziju.<\/li>\n<li><strong>Efekt\u012bva hidraulisk\u0101 darb\u012bba:<\/strong> \u0160ie cilindri izmanto hidraulisk\u0101s e\u013c\u013cas spiedienu, lai nodro\u0161in\u0101tu vienm\u0113r\u012bgu izvilk\u0161anu un ievilk\u0161anu, nodro\u0161inot \u0101tru rea\u0123\u0113\u0161anu uz darb\u012bbas komand\u0101m un iev\u0113rojamu stum\u0161anas un vilk\u0161anas sp\u0113ku, padarot tos ide\u0101li piem\u0113rotus smagu materi\u0101lu apstr\u0101dei un sare\u017e\u0123\u012btiem uzdevumiem.<\/li>\n<li><strong>Da\u017e\u0101di veidi:<\/strong> M\u016bsu cilindri ir pieejami vienk\u0101r\u0161\u0101s darb\u012bbas (izmanto hidraulisko spiedienu vien\u0101 virzien\u0101) un divk\u0101r\u0161\u0101s darb\u012bbas (darbojas abos virzienos) konfigur\u0101cij\u0101s, un tie var apmierin\u0101t da\u017e\u0101das ekspluat\u0101cijas vajadz\u012bbas. Da\u017ei mode\u013ci ir teleskopiski, kas \u013cauj tos pagarin\u0101t, nepalielinot \u0101r\u0113jos izm\u0113rus, kas ir ide\u0101li piem\u0113rots ierobe\u017eotas telpas lietojumprogramm\u0101m.<\/li>\n<\/ul>\n<p>M\u0113s sp\u0113jam ra\u017eot \u0161o produktu, un m\u016bsu cilindri var lieliski aizst\u0101t eso\u0161os hidrauliskos cilindrus.<\/p>\n<p><img decoding=\"async\" src=\"https:\/\/www.hydraulic-cylinders.net\/wp-content\/uploads\/2025\/04\/songte-cylinder-head-with-all-kinds-excavator-models.webp\" alt=\"Hidrauliskais cilindrs ekskavatoriem\"><\/p>\n<h2>Str\u0113les cilindra pielietojumi<\/h2>\n<ul>\n<li><strong>Celtniec\u012bbas apr\u012bkojums:<\/strong> In excavators, boom cylinders are indispensable for digging, loading, and moving soil or debris. They enhance the machine&#8217;s ability to perform tasks effectively and efficiently, making them a cornerstone of construction operations.<\/li>\n<li><strong>Lauksaimniec\u012bbas tehnika:<\/strong> Izmantojot front\u0101los iekr\u0101v\u0113jus, str\u0113les cilindri atvieglo augsnes, siena un citu materi\u0101lu sav\u0101k\u0161anu, cel\u0161anu un transport\u0113\u0161anu, pier\u0101dot to daudzpus\u012bbu lauksaimniec\u012bbas darbos.<\/li>\n<li><strong>Ekskavatori:<\/strong> The boom cylinder allows the excavator&#8217;s bucket to penetrate the soil, enabling efficient digging operations. This functionality is crucial for various excavation tasks across different industries.<\/li>\n<li><strong>Iekr\u0101v\u0113ji:<\/strong> Front\u0101lajos iekr\u0101v\u0113jos str\u0113les cilindri pal\u012bdz efekt\u012bvi pacelt un izg\u0101zt materi\u0101lus, nodro\u0161inot \u0101tru materi\u0101lu apstr\u0101di.<\/li>\n<\/ul>\n<h2>Dizaina apsv\u0113rumi un atlases krit\u0113riji<\/h2>\n<h3>Kravnes\u012bba<\/h3>\n<p>Str\u0113les cilindra kravnes\u012bba ir viens no kritisk\u0101kajiem konstrukcijas apsv\u0113rumiem. Tam j\u0101sp\u0113j iztur\u0113t maksim\u0101lo svaru, ko tas pacels vai nolaid\u012bs darb\u012bbas laik\u0101. In\u017eenieriem j\u0101apr\u0113\u0137ina nepiecie\u0161am\u0101 iztur\u012bba, pamatojoties uz apstr\u0101d\u0101jamajiem materi\u0101liem un tehnikas \u012bpa\u0161aj\u0101m pras\u012bb\u0101m. Augstas kvalit\u0101tes materi\u0101lu izmanto\u0161ana un konstrukcijas integrit\u0101te nodro\u0161ina cilindra dro\u0161u darb\u012bbu bez boj\u0101jumiem.<\/p>\n<h3>Bl\u012bv\u0113\u0161anas meh\u0101nismi<\/h3>\n<p>Effective sealing is vital in hydraulic systems, as it prevents leaks and maintains pressure. The choice of seal types, such as piston seals and rod seals, plays a significant role in the performance of the boom cylinder. High-quality seals made from materials like polyurethane and nitrile rubber enhance durability and resistance to wear and tear, ultimately prolonging the cylinder&#8217;s lifespan.<\/p>\n<h3>Iztur\u012bba un apkope<\/h3>\n<p>Iztur\u012bba ir \u0101rk\u0101rt\u012bgi svar\u012bga, \u012bpa\u0161i skarbos darba apst\u0101k\u013cos. Projekt\u0113\u0161an\u0101 j\u0101iek\u013cauj materi\u0101li, kas ir iztur\u012bgi pret nodilumu un koroziju. Regul\u0101ra apkope ir svar\u012bga ar\u012b, lai nodro\u0161in\u0101tu optim\u0101lu veiktsp\u0113ju un ilgm\u016b\u017e\u012bbu. Tas ietver nodiluma p\u0101rbaudi, stiprin\u0101jumu pievilk\u0161anu un bl\u012bv\u0113jumu nomai\u0146u, ja nepiecie\u0161ams.<\/p>\n<h3>Dro\u0161\u012bbas funkcijas<\/h3>\n<p>Dro\u0161\u012bbas elementu iek\u013cau\u0161ana str\u0113les cilindru konstrukcij\u0101 ir \u013coti svar\u012bga, lai nov\u0113rstu negad\u012bjumus ekspluat\u0101cijas laik\u0101. Tas ietver spiediena samazin\u0101\u0161anas v\u0101rstus un p\u0101rslodzes aizsardz\u012bbas meh\u0101nismus, kas nodro\u0161ina cilindra darb\u012bbu dro\u0161os parametros, samazinot atteices risku lielas slodzes laik\u0101.<\/p>\n<h3>Apkope un remont\u0113jam\u012bba<\/h3>\n<p>Str\u0113les cilindru projekt\u0113\u0161ana, lai tos b\u016btu viegli apkopt un remont\u0113t, ir b\u016btiska, lai samazin\u0101tu d\u012bkst\u0101ves laiku. Funkcijas, kas nodro\u0161ina \u0101tru piek\u013cuvi bl\u012bv\u0113m un iek\u0161\u0113j\u0101m sast\u0101vda\u013c\u0101m, atvieglo regul\u0101ras p\u0101rbaudes un remontu, nodro\u0161inot, ka apr\u012bkojums ir optim\u0101l\u0101 darba st\u0101vokl\u012b.<\/p>\n<p><img decoding=\"async\" src=\"https:\/\/www.hydraulic-cylinders.net\/wp-content\/uploads\/2025\/04\/songte-oil-pipes-and-spare-parts.webp\" alt=\"Hidraulisk\u0101s sast\u0101vda\u013cas un rezerves da\u013cas\"><\/p>\n<h2>Bl\u012bv\u0113\u0161ana un e\u013c\u013co\u0161ana<\/h2>\n<p>Bl\u012bv\u0113\u0161ana un e\u013c\u013co\u0161ana ir kritiski svar\u012bgi aspekti str\u0113les cilindru veiktsp\u0113jas uztur\u0113\u0161an\u0101. Lai nodro\u0161in\u0101tu hidraulisk\u0101s sist\u0113mas integrit\u0101ti, tiek izmantoti da\u017e\u0101di bl\u012bv\u0113jumu veidi, tostarp virzu\u013ca bl\u012bv\u0113jumi un stie\u0146a bl\u012bv\u0113jumi. Bl\u012bv\u0113jumi, kas izgatavoti no iztur\u012bgiem materi\u0101liem, piem\u0113ram, poliuret\u0101na un nitrila gumijas, ir v\u0113lami to nodilumiztur\u012bbas d\u0113\u013c. Turkl\u0101t cilindra korpuss un v\u012bt\u0146otie gali tiek r\u016bp\u012bgi apstr\u0101d\u0101ti, lai uzlabotu iztur\u012bbu un nodilumiztur\u012bbu. Regul\u0101ra e\u013c\u013co\u0161ana ar hidraulisko e\u013c\u013cu ir nepiecie\u0161ama, lai saglab\u0101tu bl\u012bv\u0113jumu efektivit\u0101ti un nov\u0113rstu berzi sist\u0113m\u0101.<\/p>\n<h2>Regul\u0101ra p\u0101rbaude un profilaktisk\u0101 apkope<\/h2>\n<ul>\n<li><strong>Regul\u0101ras p\u0101rbaudes:<\/strong> Regul\u0101ru p\u0101rbau\u017eu veik\u0161ana pal\u012bdz laikus noteikt nolietojumu, \u013caujot veikt prevent\u012bvu apkopi un nov\u0113rst d\u0101rgus remontdarbus.<\/li>\n<li><strong>Pareiza e\u013c\u013co\u0161ana:<\/strong> Nodro\u0161inot, ka cilindrs ir pien\u0101c\u012bgi iee\u013c\u013cots, tiek nov\u0113rsta p\u0101rkar\u0161ana un samazin\u0101ta berze, t\u0101d\u0113j\u0101di pagarinot deta\u013cu kalpo\u0161anas laiku.<\/li>\n<li><strong>Bl\u012bv\u0113juma nomai\u0146a:<\/strong> Regul\u0101ra bl\u012bv\u0113jumu nomai\u0146a ir b\u016btiska, lai saglab\u0101tu hidraulisk\u0101s sist\u0113mas integrit\u0101ti un nov\u0113rstu nopl\u016bdes.<\/li>\n<\/ul>\n<h2>Uzst\u0101d\u012b\u0161anas vadl\u012bnijas<\/h2>\n<p>Lai nodro\u0161in\u0101tu pareizu str\u0113les cilindra uzst\u0101d\u012b\u0161anu, iev\u0113rojiet \u0161\u012bs vadl\u012bnijas:<\/p>\n<ul>\n<li>P\u0101rliecinieties, vai cilindrs ir pareizi izl\u012bdzin\u0101ts ar stiprin\u0101juma punktiem, lai izvair\u012btos no p\u0101rm\u0113r\u012bga sprieguma uz deta\u013c\u0101m.<\/li>\n<li>Izmantojiet piem\u0113rotus mont\u0101\u017eas kron\u0161teinus, lai nostiprin\u0101tu cilindru viet\u0101, nodro\u0161inot, ka tas darb\u012bbas laik\u0101 nevar nob\u012bd\u012bties.<\/li>\n<li>Pirms darba uzs\u0101k\u0161anas p\u0101rbaudiet, vai visi hidrauliskie savienojumi ir cie\u0161i un bez nopl\u016bd\u0113m.<\/li>\n<li>P\u0113c uzst\u0101d\u012b\u0161anas veiciet funkcion\u0101lo p\u0101rbaudi, lai p\u0101rliecin\u0101tos, ka cilindrs darbojas nevainojami un prec\u012bzi rea\u0123\u0113 uz komand\u0101m.<\/li>\n<li>Dokument\u0113jiet uzst\u0101d\u012b\u0161anas procesu, atz\u012bm\u0113jot visas veikt\u0101s korekcijas turpm\u0101kai uzzi\u0146ai.<\/li>\n<\/ul>\n<h2>Bie\u017ei sastopamie apkopes uzdevumi<\/h2>\n<ul>\n<li><strong>Regul\u0101ras p\u0101rbaudes:<\/strong> Pl\u0101nojiet regul\u0101ras p\u0101rbaudes, lai laikus identific\u0113tu visas iesp\u0113jam\u0101s probl\u0113mas. Ir svar\u012bgi p\u0101rbaud\u012bt, vai nav nopl\u016b\u017eu, bl\u012bv\u0113jumu nodiluma, k\u0101 ar\u012b p\u0101rliecin\u0101ties, ka visas skr\u016bves un savienojumi ir dro\u0161i.<\/li>\n<li><strong>Piem\u0113rota e\u013c\u013co\u0161ana:<\/strong> Pareiza e\u013c\u013co\u0161ana ir \u013coti svar\u012bga cilindra ilgm\u016b\u017e\u012bbai. Nodro\u0161iniet, lai hidraulisk\u0101 e\u013c\u013ca tiktu regul\u0101ri papildin\u0101ta un lai bl\u012bves tiktu uztur\u0113tas lab\u0101 st\u0101vokl\u012b, lai nov\u0113rstu to nodilumu.<\/li>\n<li><strong>Bl\u012bvju nomai\u0146a:<\/strong> Seals may wear out over time and need replacement. It&#8217;s essential to monitor their condition and replace them as needed to maintain system integrity.<\/li>\n<\/ul>\n<h2>Dro\u0161\u012bbas apsv\u0113rumi un vides faktori<\/h2>\n<p>Str\u0113les cilindru darb\u012bbas laik\u0101 dro\u0161\u012bbas pas\u0101kumiem vienm\u0113r j\u0101b\u016bt priorit\u0101tei. Operatoriem j\u0101b\u016bt apm\u0101c\u012btiem, lai vi\u0146i apzin\u0101tos dro\u0161\u012bbas vadl\u012bniju iev\u0113ro\u0161anas noz\u012bmi negad\u012bjumu nov\u0113r\u0161an\u0101. Nodro\u0161inot, ka viss apr\u012bkojums ir lab\u0101 st\u0101vokl\u012b un darbojas pareizi, tiek samazin\u0101ts ar hidrauliskaj\u0101m k\u013c\u016bm\u0113m saist\u012btais risks. Turkl\u0101t, izmantojot videi draudz\u012bgus hidrauliskos \u0161\u0137idrumus, var samazin\u0101t ietekmi uz apk\u0101rt\u0113jo vidi, veicinot dro\u0161\u0101ku darba vidi.<\/p>\n<h2>K\u013c\u016bmju diagnostika un bie\u017e\u0101k sastopam\u0101s probl\u0113mas<\/h2>\n<ul>\n<li><strong>Hidraulisk\u0101s nopl\u016bdes:<\/strong> Viena no visbie\u017e\u0101k sastopamaj\u0101m probl\u0113m\u0101m ir hidraulisk\u0101 \u0161\u0137idruma nopl\u016bdes, kas var rasties nolietotu bl\u012bv\u0113jumu vai nepareizu savienojumu d\u0113\u013c. Lai saglab\u0101tu sist\u0113mas integrit\u0101ti, ir svar\u012bgi savlaic\u012bgi noteikt nopl\u016bdes avotu.<\/li>\n<li><strong>Slikta veiktsp\u0113ja:<\/strong> Ja cilindrs nerea\u0123\u0113 pareizi uz vad\u012bbas ier\u012bc\u0113m, tas var nor\u0101d\u012bt uz probl\u0113m\u0101m ar hidraulisk\u0101 \u0161\u0137idruma l\u012bmeni vai aizsprostojumiem l\u012bnij\u0101s, kur\u0101m j\u0101piev\u0113r\u0161 uzman\u012bba.<\/li>\n<li><strong>Neparastas ska\u0146as:<\/strong> Jebkuras sl\u012bp\u0113\u0161anas vai klauv\u0113\u0161anas ska\u0146as darb\u012bbas laik\u0101 var liecin\u0101t par iek\u0161\u0113jiem boj\u0101jumiem vai e\u013c\u013co\u0161anas tr\u016bkumu, kas prasa t\u016bl\u012bt\u0113ju p\u0101rbaudi.<\/li>\n<\/ul>\n<h2>Probl\u0113mu nov\u0113r\u0161anas padomi<\/h2>\n<p>Effective troubleshooting requires a systematic approach. Start by checking hydraulic fluid levels and the quality of the fluid. Inspect for leaks, and ensure that all connections are tight. If performance issues persist, assess the integrity of the cylinder&#8217;s seals and consider replacing any that show signs of wear. Regular maintenance, including lubrication and seal replacement, can significantly reduce the risk of problems occurring.<\/p>\n<p><img decoding=\"async\" src=\"https:\/\/www.hydraulic-cylinders.net\/wp-content\/uploads\/2025\/04\/songte-bushings-with-all-kinds-of-excavator-models.webp\" alt=\"Ekskavatoru bukses komponenti\"><\/p>\n<h2>Par m\u016bsu uz\u0146\u0113mumu<\/h2>\n<p>M\u0113s esam vado\u0161ais alternat\u012bvo hidraulisko cilindru ra\u017eot\u0101js ar daudzveid\u012bgu produktu kl\u0101stu, kas ir padar\u012bjis m\u016bs par vienu no vado\u0161ajiem ra\u017eot\u0101jiem un vairumtirgot\u0101jiem gan viet\u0113j\u0101, gan starptautiskaj\u0101 tirg\u016b. M\u0113s iev\u0113rojam izcil\u012bbu kvalit\u0101t\u0113, pa\u013caujoties uz izsmalcin\u0101tiem ra\u017eo\u0161anas procesiem un strat\u0113\u0123ij\u0101m. M\u016bsu uz\u0146\u0113mums uzsver tehnolo\u0123isko kompetenci, digit\u0101las augstas klases ra\u017eo\u0161anas iek\u0101rtas un profesion\u0101las test\u0113\u0161anas sist\u0113mas, nep\u0101rtraukti uzlabojot savu ra\u017eo\u0161anas platformu. M\u0113s priorit\u0101ri izvirz\u0101m augstu efektivit\u0101ti, precizit\u0101ti un kvalit\u0101ti, lai apmierin\u0101tu m\u016bsu klientu da\u017e\u0101d\u0101s vajadz\u012bbas.<\/p>\n<p><img decoding=\"async\" src=\"https:\/\/www.hydraulic-cylinders.net\/wp-content\/uploads\/2025\/04\/songte-company-4.webp\" alt=\"Uz\u0146\u0113muma p\u0101rskats\"><br \/>\n<img decoding=\"async\" src=\"https:\/\/www.hydraulic-cylinders.net\/wp-content\/uploads\/2025\/04\/songte-company-3.webp\" alt=\"Ra\u017eo\u0161anas iek\u0101rtas\"><\/p>\n<p>M\u016bsu ap\u0146em\u0161an\u0101s ietver profesionalit\u0101ti, starptautiskus sertifik\u0101tus, piel\u0101gotus pakalpojumus, modernas ra\u017eo\u0161anas iek\u0101rtas un izcilu p\u0113cp\u0101rdo\u0161anas atbalstu, nodro\u0161inot, ka m\u0113s pied\u0101v\u0101jam visaptvero\u0161us risin\u0101jumus, kas piel\u0101goti m\u016bsu klientu pras\u012bb\u0101m.<\/p>\n<p>Autors: lil<\/p>","protected":false},"excerpt":{"rendered":"<p>Boom Cylinder For Jingong Crawler Excavator JCM937 Introduction to Boom Cylinder The Boom Cylinder is a crucial hydraulic component designed specifically for use in heavy machinery, particularly excavators like the Jingong Crawler Excavator JCM937. This cylinder facilitates the movement of the machine&#8217;s boom, allowing for essential actions such as lifting, lowering, and tilting. Through hydraulic [&hellip;]<\/p>","protected":false},"featured_media":17875,"comment_status":"open","ping_status":"closed","template":"","meta":{"_et_pb_use_builder":"","_et_pb_old_content":"","_et_gb_content_width":""},"product_brand":[],"product_cat":[1546],"product_tag":[1547,1496],"class_list":{"0":"post-19476","1":"product","2":"type-product","3":"status-publish","4":"has-post-thumbnail","6":"product_cat-boom-cylinders","7":"product_tag-boom-cylinders","8":"product_tag-hydraulic-cylinders","10":"first","11":"instock","12":"shipping-taxable","13":"product-type-simple"},"amp_enabled":true,"_links":{"self":[{"href":"https:\/\/www.hydraulic-cylinders.net\/lv\/wp-json\/wp\/v2\/product\/19476","targetHints":{"allow":["GET"]}}],"collection":[{"href":"https:\/\/www.hydraulic-cylinders.net\/lv\/wp-json\/wp\/v2\/product"}],"about":[{"href":"https:\/\/www.hydraulic-cylinders.net\/lv\/wp-json\/wp\/v2\/types\/product"}],"replies":[{"embeddable":true,"href":"https:\/\/www.hydraulic-cylinders.net\/lv\/wp-json\/wp\/v2\/comments?post=19476"}],"wp:featuredmedia":[{"embeddable":true,"href":"https:\/\/www.hydraulic-cylinders.net\/lv\/wp-json\/wp\/v2\/media\/17875"}],"wp:attachment":[{"href":"https:\/\/www.hydraulic-cylinders.net\/lv\/wp-json\/wp\/v2\/media?parent=19476"}],"wp:term":[{"taxonomy":"product_brand","embeddable":true,"href":"https:\/\/www.hydraulic-cylinders.net\/lv\/wp-json\/wp\/v2\/product_brand?post=19476"},{"taxonomy":"product_cat","embeddable":true,"href":"https:\/\/www.hydraulic-cylinders.net\/lv\/wp-json\/wp\/v2\/product_cat?post=19476"},{"taxonomy":"product_tag","embeddable":true,"href":"https:\/\/www.hydraulic-cylinders.net\/lv\/wp-json\/wp\/v2\/product_tag?post=19476"}],"curies":[{"name":"wp","href":"https:\/\/api.w.org\/{rel}","templated":true}]}}