{"id":19478,"date":"2025-04-07T06:49:53","date_gmt":"2025-04-07T06:49:53","guid":{"rendered":"https:\/\/www.hydraulic-cylinders.net\/product\/boom-cylinder-for-jingong-wheel-type-jcm9075l\/"},"modified":"2025-04-07T06:49:55","modified_gmt":"2025-04-07T06:49:55","slug":"boom-cylinder-for-jingong-wheel-type-jcm9075l","status":"publish","type":"product","link":"https:\/\/www.hydraulic-cylinders.net\/lv\/products\/boom-cylinder-for-jingong-wheel-type-jcm9075l\/","title":{"rendered":"Jingong rite\u0146u tipa str\u0113les cilindrs JCM9075L"},"content":{"rendered":"<h1>Jingong rite\u0146u tipa str\u0113les cilindrs JCM9075L<\/h1>\n<h2>Produkta p\u0101rskats<\/h2>\n<p>Jingong rite\u0146u tipa JCM9075L str\u0113les cilindrs ir b\u016btiska hidrauliska sast\u0101vda\u013ca, kas \u012bpa\u0161i paredz\u0113ta smagaj\u0101m ma\u0161\u012bn\u0101m. \u0160is hidrauliskais cilindrs ir \u013coti svar\u012bgs, lai kontrol\u0113tu kausa kust\u012bbu da\u017e\u0101d\u0101s smag\u0101s ma\u0161\u012bn\u0101s, piem\u0113ram, ekskavatoros, ekskavatoros-iekr\u0101v\u0113jos un front\u0101lajos iekr\u0101v\u0113jos. Tas \u013cauj kausam pacelt, nolaist un noliekt, efekt\u012bvi atvieglojot materi\u0101lu apstr\u0101des uzdevumus.<\/p>\n<p>Hidrauliskie cilindri darbojas, izmantojot spiediena hidraulisko \u0161\u0137idrumu kust\u012bbas rad\u012b\u0161anai. Str\u0113les cilindra kontekst\u0101 tas nodro\u0161ina vienm\u0113r\u012bgu un uzticamu apr\u012bkojuma, kur\u0101 tas ir uzst\u0101d\u012bts, darb\u012bbu. Kausa cilindrs ir konstru\u0113ts t\u0101, lai iztur\u0113tu augstu spiedienu un lielas slodzes, padarot to neaizst\u0101jamu celtniec\u012bbas un lauksaimniec\u012bbas tehnik\u0101.<\/p>\n<p><img decoding=\"async\" src=\"https:\/\/www.hydraulic-cylinders.net\/wp-content\/uploads\/2025\/04\/songte-company-1.webp\" alt=\"Str\u0113les cilindrs\" \/><\/p>\n<h2>Galven\u0101s iez\u012bmes<\/h2>\n<ul>\n<li><strong>Augsta iztur\u012bba un ilgm\u016b\u017e\u012bba:<\/strong> \u0160ie cilindri, kas izgatavoti no augstas stipr\u012bbas t\u0113rauda vai alum\u012bnija, var iztur\u0113t augstu spiedienu un lielas slodzes, vienlaikus piel\u0101gojoties skarbajai darba videi. Tie ir izstr\u0101d\u0101ti, \u0146emot v\u0113r\u0101 nodilumiztur\u012bbu un aizsardz\u012bbu pret koroziju, iev\u0113rojami pagarinot to kalpo\u0161anas laiku.<\/li>\n<li><strong>Efekt\u012bva hidraulisk\u0101 darb\u012bba:<\/strong> Izmantojot hidraulisk\u0101s e\u013c\u013cas spiedienu vienm\u0113r\u012bgai izvilk\u0161anai un ievilk\u0161anai, tie \u0101tri rea\u0123\u0113 uz vad\u012bbas komand\u0101m, nodro\u0161inot iev\u0113rojamu stum\u0161anas un vilk\u0161anas sp\u0113ku, kas ir piem\u0113rots smagu priek\u0161metu apstr\u0101dei un sare\u017e\u0123\u012btu uzdevumu veik\u0161anai.<\/li>\n<li><strong>Veidu da\u017e\u0101d\u012bba:<\/strong> Pieejami ar vienas darb\u012bbas (izmantojot hidraulisko spiedienu vien\u0101 virzien\u0101) vai divk\u0101r\u0161as darb\u012bbas (izmantojot hidraulisko spiedienu abos virzienos) cilindriem, lai apmierin\u0101tu da\u017e\u0101das ekspluat\u0101cijas vajadz\u012bbas. Da\u017ei mode\u013ci ir teleskopiski, kas \u013cauj veikt liel\u0101ku pagarin\u0101jumu, nepalielinot \u0101r\u0113jos izm\u0113rus, kas ir ide\u0101li piem\u0113rots lietojumiem ar ierobe\u017eotu vietu.<\/li>\n<li><strong>Piel\u0101gota ra\u017eo\u0161ana:<\/strong> M\u016bsu produkti var lieliski aizst\u0101t eso\u0161os hidrauliskos cilindrus, nodro\u0161inot sader\u012bbu un veiktsp\u0113jas nemain\u012bgumu.<\/li>\n<li><strong>Uzlabotas tehnolo\u0123ijas:<\/strong> Iek\u013caujot jaun\u0101k\u0101s ra\u017eo\u0161anas tehnolo\u0123ijas, lai garant\u0113tu precizit\u0101ti un kvalit\u0101ti katr\u0101 sara\u017eotaj\u0101 cilindr\u0101.<\/li>\n<\/ul>\n<p><img decoding=\"async\" src=\"https:\/\/www.hydraulic-cylinders.net\/wp-content\/uploads\/2025\/04\/songte-cylinder-head-with-all-kinds-excavator-models.webp\" alt=\"Cilindra galva\" \/><\/p>\n<h2>Lietojumprogrammu scen\u0101riji<\/h2>\n<h3>Celtniec\u012bbas apr\u012bkojums<\/h3>\n<p>Ekskavatoros str\u0113les cilindri ir vit\u0101li svar\u012bgi augsnes vai gru\u017eu rak\u0161anai, iekrau\u0161anai un p\u0101rvieto\u0161anai. Tiem ir iz\u0161\u0137iro\u0161a noz\u012bme gan rak\u0161anas, gan cel\u0161anas procesos, \u013caujot operatoram veikt prec\u012bzas kust\u012bbas. \u0160o cilindru efektivit\u0101te tie\u0161i ietekm\u0113 b\u016bvniec\u012bbas projektu kop\u0113jo produktivit\u0101ti, \u013caujot operatoriem str\u0101d\u0101t \u0101tr\u0101k un efekt\u012bv\u0101k.<\/p>\n<h3>Lauksaimniec\u012bbas tehnika<\/h3>\n<p>Front\u0101lajos iekr\u0101v\u0113jos str\u0113les cilindri tiek izmantoti augsnes, siena un citu materi\u0101lu sav\u0101k\u0161anai, cel\u0161anai un transport\u0113\u0161anai. To iztur\u012bg\u0101 konstrukcija nodro\u0161ina, ka tie var tikt gal\u0101 ar sare\u017e\u0123\u012btiem uzdevumiem, kas bie\u017ei vien ir saist\u012bti ar lauksaimniec\u012bbas vidi, padarot tos par b\u016btiskiem saimniec\u012bbas vad\u012bb\u0101 un darb\u012bb\u0101.<\/p>\n<h3>Ekskavatori<\/h3>\n<p>Str\u0113les cilindri \u013cauj kausam iek\u013c\u016bt augsn\u0113 rak\u0161anas darbu laik\u0101, nodro\u0161inot jaudu, kas nepiecie\u0161ama efekt\u012bv\u0101m rak\u0161anas oper\u0101cij\u0101m. To loma ir kritiski svar\u012bga, lai nodro\u0161in\u0101tu, ka rak\u0161anas darbi tiek paveikti efekt\u012bvi un prec\u012bzi.<\/p>\n<h3>Iekr\u0101v\u0113ji<\/h3>\n<p>Front\u0101lajos iekr\u0101v\u0113jos str\u0113les cilindri pal\u012bdz efekt\u012bvi pacelt un izg\u0101zt materi\u0101lus. To sp\u0113ja darboties ar liel\u0101m slodz\u0113m padara tos neaizst\u0101jamus materi\u0101lu apstr\u0101d\u0113 da\u017e\u0101d\u0101s nozar\u0113s, uzlabojot kop\u0113jo darbpl\u016bsmu un efektivit\u0101ti.<\/p>\n<h2>Dizaina apsv\u0113rumi<\/h2>\n<h3>Kravnes\u012bba<\/h3>\n<p>Hidraulisk\u0101 cilindra kravnes\u012bba ir \u0101rk\u0101rt\u012bgi svar\u012bga, jo t\u0101 nosaka maksim\u0101lo svaru, ko tas var dro\u0161i iztur\u0113t. Ir svar\u012bgi izv\u0113l\u0113ties cilindru, kas atbilst vai p\u0101rsniedz ekspluat\u0101cijas pras\u012bbas, lai nov\u0113rstu k\u013c\u016bmes vai negad\u012bjumus lieto\u0161anas laik\u0101. Lai nodro\u0161in\u0101tu dro\u0161\u012bbu un efektivit\u0101ti, vienm\u0113r j\u0101veic pareizi slodzes apr\u0113\u0137ini.<\/p>\n<h3>Bl\u012bv\u0113juma integrit\u0101te<\/h3>\n<p>Bl\u012bv\u0113jums ir \u013coti svar\u012bgs hidraulisko cilindru efektivit\u0101tei un ilgm\u016b\u017e\u012bbai. Augstas kvalit\u0101tes bl\u012bv\u0113jumi nov\u0113r\u0161 hidraulisk\u0101 \u0161\u0137idruma nopl\u016bdi, saglab\u0101jot spiedienu un veiktsp\u0113ju. Regul\u0101ras bl\u012bv\u0113jumu p\u0101rbaudes un apkope ir \u013coti svar\u012bgas, lai nodro\u0161in\u0101tu optim\u0101lu funkcionalit\u0101ti un izvair\u012btos no d\u0101rgiem remontiem vai nomai\u0146as.<\/p>\n<h3>Iztur\u012bba<\/h3>\n<p>\u0145emot v\u0113r\u0101 skarbos apst\u0101k\u013cus, kuros \u0161ie cilindri bie\u017ei darbojas, iztur\u012bba ir galvenais projekt\u0113\u0161anas apsv\u0113rums. Baloniem j\u0101b\u016bt izgatavotiem no materi\u0101liem, kas sp\u0113j iztur\u0113t nodilumu, koroziju un vides faktorus, nodro\u0161inot ilg\u0101ku kalpo\u0161anas laiku un samazin\u0101tu d\u012bkst\u0101ves laiku.<\/p>\n<h3>Dro\u0161\u012bbas funkcijas<\/h3>\n<p>Dro\u0161\u012bbas funkciju, piem\u0113ram, spiediena samazin\u0101\u0161anas v\u0101rstu un p\u0101rslodzes aizsardz\u012bbas, iek\u013cau\u0161ana ir b\u016btiska operatoru un iek\u0101rtu aizsardz\u012bbai. \u0160ie meh\u0101nismi pal\u012bdz nov\u0113rst katastrof\u0101las k\u013c\u016bmes, nodro\u0161inot dro\u0161u darb\u012bbu da\u017e\u0101dos apst\u0101k\u013cos.<\/p>\n<h3>Apkope un izmantojam\u012bba<\/h3>\n<p>Hidraulisko cilindru projekt\u0113\u0161ana, \u0146emot v\u0113r\u0101 apkopi, var iev\u0113rojami samazin\u0101t d\u012bkst\u0101ves laiku. Iz\u0161\u0137iro\u0161a noz\u012bme ir t\u0101d\u0101m funkcij\u0101m k\u0101 viegla piek\u013cuve bl\u012bv\u0113m un komponentiem p\u0101rbaudei un nomai\u0146ai. Regul\u0101ra apkope nodro\u0161in\u0101s cilindru maksim\u0101lu efektivit\u0101ti un pagarin\u0101s to ekspluat\u0101cijas laiku.<\/p>\n<p><img decoding=\"async\" src=\"https:\/\/www.hydraulic-cylinders.net\/wp-content\/uploads\/2025\/04\/songte-oil-pipes-and-spare-parts.webp\" alt=\"E\u013c\u013cas caurules un rezerves da\u013cas\" \/><\/p>\n<h2>Bl\u012bv\u0113\u0161ana un e\u013c\u013co\u0161ana<\/h2>\n<p>Efekt\u012bva bl\u012bv\u0113\u0161ana un e\u013c\u013co\u0161ana ir b\u016btiska hidraulisko cilindru darb\u012bbai. Izmantojot da\u017e\u0101dus bl\u012bv\u0113\u0161anas risin\u0101jumus, piem\u0113ram, virzu\u013ca bl\u012bv\u0113jumus un stie\u0146a bl\u012bv\u0113jumus, tiek nodro\u0161in\u0101ta hidraulisko \u0161\u0137idrumu aiztur\u0113\u0161ana. Bl\u012bv\u0113jumi, kas izgatavoti no iztur\u012bgiem materi\u0101liem, piem\u0113ram, poliuret\u0101na un nitrila gumijas, ir b\u016btiski, lai iztur\u0113tu pret nodilumu un saglab\u0101tu veiktsp\u0113ju.<\/p>\n<p>Cilindra korpuss un v\u012bt\u0146ot\u0101s gala virsmas ir r\u016bp\u012bgi j\u0101apstr\u0101d\u0101, lai uzlabotu nodilumiztur\u012bbu. Regul\u0101ra e\u013c\u013co\u0161ana, pievienojot hidraulisko e\u013c\u013cu, ir nepiecie\u0161ama, lai samazin\u0101tu berzi un nodilumu, nodro\u0161inot vienm\u0113r\u012bgu darb\u012bbu.<\/p>\n<h2>Regul\u0101ra p\u0101rbaude un profilaktisk\u0101 apkope<\/h2>\n<ul>\n<li><strong>Bie\u017eas p\u0101rbaudes:<\/strong> Regul\u0101ras p\u0101rbaudes grafika ievie\u0161ana var pal\u012bdz\u0113t identific\u0113t potenci\u0101l\u0101s probl\u0113mas, pirms t\u0101s saasin\u0101s. Regul\u0101ras p\u0101rbaudes, lai noteiktu nopl\u016bdes, nodilumu un boj\u0101jumus, ir \u013coti svar\u012bgas, lai saglab\u0101tu balona integrit\u0101ti.<\/li>\n<li><strong>Pareiza e\u013c\u013co\u0161ana:<\/strong> Ensuring that the cylinders are adequately lubricated reduces friction and wear. Following the manufacturer&#8217;s recommendations for lubrication intervals is critical to maintaining performance.<\/li>\n<li><strong>Bl\u012bv\u0113juma nomai\u0146a:<\/strong> Regul\u0101ra bl\u012bv\u0113jumu nodiluma p\u0101rbaude un nepiecie\u0161am\u012bbas gad\u012bjum\u0101 to nomai\u0146a nov\u0113r\u0161 nopl\u016bdes un uztur efekt\u012bvu darb\u012bbu. Ir svar\u012bgi izmantot pareizos bl\u012bv\u0113\u0161anas materi\u0101lus, lai nodro\u0161in\u0101tu sader\u012bbu un iztur\u012bbu.<\/li>\n<\/ul>\n<h2>Uzst\u0101d\u012b\u0161anas vadl\u012bnijas<\/h2>\n<p>Lai pareizi uzst\u0101d\u012btu str\u0113les cilindru, veiciet t\u0101l\u0101k nor\u0101d\u012bt\u0101s darb\u012bbas.<\/p>\n<ol>\n<li><strong>Sagatavo\u0161ana:<\/strong> P\u0101rliecinieties, vai mont\u0101\u017eas virsmas ir t\u012bras un bez gru\u017eiem. Pirms uzst\u0101d\u012b\u0161anas p\u0101rbaudiet, vai cilindrs un visas sast\u0101vda\u013cas nav boj\u0101tas.<\/li>\n<li><strong>Izl\u012bdzin\u0101\u0161ana:<\/strong> Ir \u013coti svar\u012bgi pareizi izl\u012bdzin\u0101t cilindru ar apr\u012bkojumu. Nepareiza izl\u012bdzin\u0101\u0161ana var izrais\u012bt priek\u0161laic\u012bgu nodilumu vai boj\u0101jumus. Izmantojiet atbilsto\u0161us mont\u0101\u017eas kron\u0161teinus, lai nostiprin\u0101tu cilindru viet\u0101.<\/li>\n<li><strong>P\u0101rbaudiet hidrauliskos savienojumus:<\/strong> Ensure all hydraulic connections are secure and leak-free. Follow the manufacturer&#8217;s specifications for torque settings.<\/li>\n<li><strong>Test\u0113\u0161ana:<\/strong> P\u0113c uzst\u0101d\u012b\u0161anas veiciet testa darb\u012bbu, lai p\u0101rbaud\u012btu, vai nav nopl\u016b\u017eu vai darb\u012bbas trauc\u0113jumu. Pirm\u0101s lieto\u0161anas laik\u0101 r\u016bp\u012bgi uzraugiet veiktsp\u0113ju.<\/li>\n<\/ol>\n<h2>Apkopes uzdevumi<\/h2>\n<ul>\n<li><strong>Regul\u0101ras p\u0101rbaudes:<\/strong> Nodro\u0161iniet regul\u0101ras vizu\u0101las p\u0101rbaudes, lai noteiktu nopl\u016bdes vai nodilumu. \u0160\u012b proakt\u012bv\u0101 pieeja ir \u013coti svar\u012bga iek\u0101rtu integrit\u0101tes uztur\u0113\u0161anai.<\/li>\n<li><strong>Piem\u0113rota e\u013c\u013co\u0161ana:<\/strong> Adhering to lubrication schedules based on manufacturer&#8217;s recommendations helps keep the cylinder functioning smoothly.<\/li>\n<li><strong>Bl\u012bv\u0113juma nomai\u0146a un kalibr\u0113\u0161ana:<\/strong> Regul\u0101ra nodilu\u0161o bl\u012bv\u0113jumu nomai\u0146a un cilindra kalibr\u0113\u0161ana nodro\u0161ina optim\u0101lu veiktsp\u0113ju un pagarina t\u0101 kalpo\u0161anas laiku.<\/li>\n<\/ul>\n<h2>Dro\u0161\u012bbas apsv\u0113rumi un vides faktori<\/h2>\n<p>Dro\u0161\u012bbas pas\u0101kumu ievie\u0161ana, lietojot hidrauliskos cilindrus, ir kritiski svar\u012bga. Tas ietver operatoru apm\u0101c\u012bbu, lai vi\u0146i izprastu ar hidrauliskaj\u0101m sist\u0113m\u0101m saist\u012btos riskus, un nodro\u0161in\u0101tu, ka visas dro\u0161\u012bbas funkcijas darbojas pareizi. Lai mazin\u0101tu ekolo\u0123isko kait\u0113jumu, priorit\u0101te j\u0101pie\u0161\u0137ir ar\u012b izpratnei par ietekmi uz vidi, piem\u0113ram, \u0161\u0137idrumu nopl\u016bd\u0113m.<\/p>\n<h2>Diagnoze un bie\u017e\u0101k sastopam\u0101s probl\u0113mas<\/h2>\n<ul>\n<li><strong>Nopl\u016bde:<\/strong> \u0160\u012b ir viena no visbie\u017e\u0101k sastopamaj\u0101m probl\u0113m\u0101m, ko bie\u017ei izraisa nodilu\u0161as bl\u012bves vai cilindra korpusa boj\u0101jumi. Regul\u0101ras p\u0101rbaudes var pal\u012bdz\u0113t savlaic\u012bgi atkl\u0101t nopl\u016bdes.<\/li>\n<li><strong>Samazin\u0101ta veiktsp\u0113ja:<\/strong> Efektivit\u0101tes samazin\u0101\u0161an\u0101s var nor\u0101d\u012bt uz probl\u0113m\u0101m ar hidraulisk\u0101 \u0161\u0137idruma l\u012bmeni vai iek\u0161\u0113jo nodilumu. Veiktsp\u0113jas r\u0101d\u012bt\u0101ju uzraudz\u012bba ir \u013coti svar\u012bga savlaic\u012bgai iejauk\u0161an\u0101s veik\u0161anai.<\/li>\n<li><strong>P\u0101rkar\u0161ana:<\/strong> Excessive heat can indicate hydraulic fluid breakdown or overloading. It&#8217;s essential to monitor operating temperatures and adjust usage accordingly.<\/li>\n<\/ul>\n<h2>Probl\u0113mu nov\u0113r\u0161anas padomi<\/h2>\n<p>Lai efekt\u012bvi diagnostic\u0113tu un nov\u0113rstu probl\u0113mas ar str\u0113les cilindru, \u0146emiet v\u0113r\u0101 \u0161\u0101dus padomus:<\/p>\n<ul>\n<li><strong>\u0160\u0137idruma l\u012bme\u0146a monitor\u0113\u0161ana:<\/strong> Vienm\u0113r p\u0101rbaudiet un uzturiet atbilsto\u0161u hidraulisk\u0101 \u0161\u0137idruma l\u012bmeni, lai nodro\u0161in\u0101tu sist\u0113mas efektivit\u0101ti.<\/li>\n<li><strong>Regul\u0101ri p\u0101rbaudiet bl\u012bves:<\/strong> Regul\u0101ras bl\u012bv\u0113jumu p\u0101rbaudes var nov\u0113rst nopl\u016bdes un uztur\u0113t spiedienu sist\u0113m\u0101.<\/li>\n<li><strong>\u012astenot prevent\u012bvus pas\u0101kumus:<\/strong> Veicot prevent\u012bvus pas\u0101kumus, piem\u0113ram, regul\u0101ru apkopi un operatoru apm\u0101c\u012bbu, var iev\u0113rojami samazin\u0101t iesp\u0113jamo probl\u0113mu risku.<\/li>\n<\/ul>\n<p><img decoding=\"async\" src=\"https:\/\/www.hydraulic-cylinders.net\/wp-content\/uploads\/2025\/04\/songte-bushings-with-all-kinds-of-excavator-models.webp\" alt=\"Bukses\" \/><\/p>\n<h2>Par m\u016bsu uz\u0146\u0113mumu<\/h2>\n<p>M\u0113s esam vado\u0161ais rezerves hidraulisko cilindru ra\u017eot\u0101js, pied\u0101v\u0101jot pla\u0161u produktu kl\u0101stu, kas ir nostiprin\u0101jis m\u016bsu k\u0101 viena no vado\u0161ajiem ra\u017eot\u0101jiem un vairumtirgot\u0101jiem gan viet\u0113j\u0101, gan starptautiskaj\u0101 tirg\u016b. M\u016bsu ap\u0146em\u0161an\u0101s sasniegt izcil\u012bbu sak\u0146ojas m\u016bsu izsmalcin\u0101taj\u0101s ra\u017eo\u0161anas vad\u012bbas strat\u0113\u0123ij\u0101s un modernu ra\u017eo\u0161anas tehnolo\u0123iju izmanto\u0161an\u0101.<\/p>\n<p>M\u0113s lepojamies ar savu profesion\u0101lo pieredzi, starptautiskajiem sertifik\u0101tiem un piel\u0101gojamiem pakalpojumiem, kas atbilst da\u017e\u0101d\u0101m klientu vajadz\u012bb\u0101m. M\u016bsu modern\u0101kais ra\u017eo\u0161anas apr\u012bkojums un stabils p\u0113cp\u0101rdo\u0161anas atbalsts nodro\u0161ina augstas kvalit\u0101tes produktu pieg\u0101di, kas p\u0101rsniedz klientu cer\u012bbas.<\/p>\n<p><img decoding=\"async\" src=\"https:\/\/www.hydraulic-cylinders.net\/wp-content\/uploads\/2025\/04\/songte-company-4.webp\" alt=\"Uz\u0146\u0113muma p\u0101rskats\" \/><br \/>\n<img decoding=\"async\" src=\"https:\/\/www.hydraulic-cylinders.net\/wp-content\/uploads\/2025\/04\/songte-company-3.webp\" alt=\"Ra\u017eo\u0161anas iek\u0101rta\" \/><\/p>\n<p>Autors: lil<\/p>","protected":false},"excerpt":{"rendered":"<p>Boom Cylinder For Jingong Wheel Type JCM9075L Product Overview The Boom Cylinder for Jingong Wheel Type JCM9075L is an essential hydraulic component designed specifically for heavy machinery. This hydraulic cylinder is crucial for controlling the movement of the bucket in various heavy-duty machines, such as excavators, backhoe loaders, and front loaders. It enables the bucket [&hellip;]<\/p>","protected":false},"featured_media":17877,"comment_status":"open","ping_status":"closed","template":"","meta":{"_et_pb_use_builder":"","_et_pb_old_content":"","_et_gb_content_width":""},"product_brand":[],"product_cat":[1546],"product_tag":[1547,1496],"class_list":{"0":"post-19478","1":"product","2":"type-product","3":"status-publish","4":"has-post-thumbnail","6":"product_cat-boom-cylinders","7":"product_tag-boom-cylinders","8":"product_tag-hydraulic-cylinders","10":"first","11":"instock","12":"shipping-taxable","13":"product-type-simple"},"amp_enabled":true,"_links":{"self":[{"href":"https:\/\/www.hydraulic-cylinders.net\/lv\/wp-json\/wp\/v2\/product\/19478","targetHints":{"allow":["GET"]}}],"collection":[{"href":"https:\/\/www.hydraulic-cylinders.net\/lv\/wp-json\/wp\/v2\/product"}],"about":[{"href":"https:\/\/www.hydraulic-cylinders.net\/lv\/wp-json\/wp\/v2\/types\/product"}],"replies":[{"embeddable":true,"href":"https:\/\/www.hydraulic-cylinders.net\/lv\/wp-json\/wp\/v2\/comments?post=19478"}],"wp:featuredmedia":[{"embeddable":true,"href":"https:\/\/www.hydraulic-cylinders.net\/lv\/wp-json\/wp\/v2\/media\/17877"}],"wp:attachment":[{"href":"https:\/\/www.hydraulic-cylinders.net\/lv\/wp-json\/wp\/v2\/media?parent=19478"}],"wp:term":[{"taxonomy":"product_brand","embeddable":true,"href":"https:\/\/www.hydraulic-cylinders.net\/lv\/wp-json\/wp\/v2\/product_brand?post=19478"},{"taxonomy":"product_cat","embeddable":true,"href":"https:\/\/www.hydraulic-cylinders.net\/lv\/wp-json\/wp\/v2\/product_cat?post=19478"},{"taxonomy":"product_tag","embeddable":true,"href":"https:\/\/www.hydraulic-cylinders.net\/lv\/wp-json\/wp\/v2\/product_tag?post=19478"}],"curies":[{"name":"wp","href":"https:\/\/api.w.org\/{rel}","templated":true}]}}