{"id":19479,"date":"2025-04-07T06:49:55","date_gmt":"2025-04-07T06:49:55","guid":{"rendered":"https:\/\/www.hydraulic-cylinders.net\/product\/boom-cylinder-for-jingong-wheel-type-jcm909l\/"},"modified":"2025-04-07T06:49:57","modified_gmt":"2025-04-07T06:49:57","slug":"boom-cylinder-for-jingong-wheel-type-jcm909l","status":"publish","type":"product","link":"https:\/\/www.hydraulic-cylinders.net\/lv\/products\/boom-cylinder-for-jingong-wheel-type-jcm909l\/","title":{"rendered":"Jingong rite\u0146u tipa str\u0113les cilindrs JCM909L"},"content":{"rendered":"<h1>Jingong rite\u0146u tipa str\u0113les cilindrs JCM909L<\/h1>\n<h2>Produkta p\u0101rskats<\/h2>\n<p>Jingong rite\u0146u tipa JCM909L str\u0113les cilindrs ir b\u016btiska smago ma\u0161\u012bnu sast\u0101vda\u013ca, kas \u012bpa\u0161i paredz\u0113ta ekskavatoru, iekr\u0101v\u0113ju un front\u0101lo iekr\u0101v\u0113ju str\u0113les kust\u012bbas vad\u012bbai. \u0160is hidrauliskais cilindrs atvieglo str\u0113les pacel\u0161anu, nolai\u0161anu un noliek\u0161anu, padarot materi\u0101lu apstr\u0101des uzdevumus efekt\u012bv\u0101kus. Hidrauliskaj\u0101s sist\u0113m\u0101s str\u0113les cilindriem ir iz\u0161\u0137iro\u0161a noz\u012bme, p\u0101rveidojot hidraulisko spiedienu meh\u0101nisk\u0101 kust\u012bb\u0101, nodro\u0161inot prec\u012bzu kontroli da\u017e\u0101d\u0101s darb\u012bb\u0101s.<\/p>\n<p>As a type of hydraulic cylinder, the boom cylinder is engineered to withstand high pressures and heavy loads. It is commonly made from high-strength steel or aluminum, ensuring durability and performance even in harsh working environments. This cylinder&#8217;s design focuses on wear resistance and corrosion protection, significantly extending its lifespan.<\/p>\n<p><img decoding=\"async\" src=\"https:\/\/www.hydraulic-cylinders.net\/wp-content\/uploads\/2025\/04\/songte-company-1.webp\" alt=\"Str\u0113les cilindrs\" \/><\/p>\n<h2>Str\u0113les cilindra \u012bpa\u0161\u012bbas<\/h2>\n<ul>\n<li>\n<h3>Augsta iztur\u012bba un ilgm\u016b\u017e\u012bba<\/h3>\n<p>        \u0160is cilindrs, kas parasti ir izgatavots no augstas stipr\u012bbas t\u0113rauda vai alum\u012bnija, var iztur\u0113t augstu spiedienu un lielas slodzes, padarot to piem\u0113rotu sare\u017e\u0123\u012btiem darba apst\u0101k\u013ciem, vienlaikus nodro\u0161inot ilgu ekspluat\u0101cijas laiku.<\/li>\n<li>\n<h3>Efekt\u012bva hidraulisk\u0101 darb\u012bba<\/h3>\n<p>        Str\u0113les cilindrs izmanto hidraulisk\u0101s e\u013c\u013cas spiedienu, lai nodro\u0161in\u0101tu vienm\u0113r\u012bgu izstiep\u0161anu un ievilk\u0161anu, \u0101tri rea\u0123\u0113jot uz vad\u012bbas komand\u0101m un nodro\u0161inot sp\u0113c\u012bgus stum\u0161anas un vilk\u0161anas sp\u0113kus smagu un sare\u017e\u0123\u012btu uzdevumu veik\u0161anai.<\/li>\n<li>\n<h3>Pieejami da\u017e\u0101di veidi<\/h3>\n<p>        Iesp\u0113jas ietver vienk\u0101r\u0161as darb\u012bbas (darbojas vien\u0101 virzien\u0101) vai divk\u0101r\u0161as darb\u012bbas (darbojas abos virzienos) cilindrus, da\u017eiem mode\u013ciem ir teleskopiska konstrukcija, kas nodro\u0161ina liel\u0101ku sniedzam\u012bbu, nepalielinot \u0101r\u0113jos izm\u0113rus, kas ir ide\u0101li piem\u0113rots ierobe\u017eotas vietas lietojumprogramm\u0101m.<\/li>\n<li>\n<h3>Prec\u012bzijas in\u017eenierija<\/h3>\n<p>        Katrs cilindrs ir r\u016bp\u012bgi izstr\u0101d\u0101ts optim\u0101lai veiktsp\u0113jai, nodro\u0161inot, ka katra sast\u0101vda\u013ca hidrauliskaj\u0101 sist\u0113m\u0101 darbojas nevainojami, t\u0101d\u0113j\u0101di uzlabojot kop\u0113jo tehnikas efektivit\u0101ti.<\/li>\n<li>\n<h3>Piel\u0101gotas ra\u017eo\u0161anas iesp\u0113jas<\/h3>\n<p>        M\u016bsu ra\u017eo\u0161anas process \u013cauj mums ra\u017eot cilindrus, kas perfekti aizst\u0101j eso\u0161os hidrauliskos cilindrus, nodro\u0161inot sader\u012bbu un funkcionalit\u0101ti ar da\u017e\u0101diem tehnikas z\u012bmoliem un mode\u013ciem.<\/h3>\n<\/li>\n<\/ul>\n<p><img decoding=\"async\" src=\"https:\/\/www.hydraulic-cylinders.net\/wp-content\/uploads\/2025\/04\/songte-cylinder-head-with-all-kinds-excavator-models.webp\" alt=\"Ekskavatoru mode\u013ci\" \/><\/p>\n<h2>Str\u0113les cilindra pielietojumi<\/h2>\n<h3>Celtniec\u012bbas apr\u012bkojums<\/h3>\n<p>Ekskavatoros str\u0113les cilindri ir svar\u012bgi augsnes vai gru\u017eu rak\u0161anai, iekrau\u0161anai un p\u0101rvieto\u0161anai. Tie nodro\u0161ina nepiecie\u0161amo sp\u0113ku, lai izstieptu str\u0113li uz \u0101ru un uz leju, t\u0101d\u0113j\u0101di nodro\u0161inot efekt\u012bvu rak\u0161anu. Ekskavatoros-iekr\u0101v\u0113jos \u0161ie cilindri pal\u012bdz ne tikai rak\u0161anas, bet ar\u012b cel\u0161anas oper\u0101cij\u0101s, uzlabojot tehnikas daudzpus\u012bbu un funkcionalit\u0101ti.<\/p>\n<h3>Lauksaimniec\u012bbas tehnika<\/h3>\n<p>Front\u0101lajiem iekr\u0101v\u0113jiem str\u0113les cilindri \u013cauj pacelt, sav\u0101kt un transport\u0113t augsni, sienu un citus materi\u0101lus lauksaimniec\u012bbas vid\u0113. To iztur\u012bg\u0101 konstrukcija nodro\u0161ina, ka tie sp\u0113j tikt gal\u0101 ar lauksaimniec\u012bbas darbu pras\u012bb\u0101m, nodro\u0161inot lauksaimniekiem uzticamu apr\u012bkojumu ikdienas uzdevumiem.<\/p>\n<h3>Ekskavatori<\/h3>\n<p>Ekskavatoros str\u0113les cilindri atvieglo rak\u0161anas procesu, \u013caujot kausam efekt\u012bvi iek\u013c\u016bt augsn\u0113. \u0160\u012b darb\u012bba ir vit\u0101li svar\u012bga efekt\u012bvai darb\u012bbai b\u016bvniec\u012bbas un nojauk\u0161anas projektos, kur nepiecie\u0161ama precizit\u0101te un jauda, \u200b\u200blai izlauztos cauri ciet\u0101kiem materi\u0101liem.<\/p>\n<h3>Iekr\u0101v\u0113ji<\/h3>\n<p>Front\u0101lajos iekr\u0101v\u0113jos str\u0113les cilindri pal\u012bdz efekt\u012bvi pacelt un izg\u0101zt kravu. To konstrukcija nodro\u0161ina vienm\u0113r\u012bgu p\u0101reju starp cel\u0161anas un izg\u0101\u0161anas poz\u012bcij\u0101m, t\u0101d\u0113j\u0101di nodro\u0161inot \u0101tru un efekt\u012bvu materi\u0101lu apstr\u0101di darba viet\u0101s.<\/p>\n<h2>Dizaina apsv\u0113rumi un atlases krit\u0113riji<\/h2>\n<h3>Kravnes\u012bba<\/h3>\n<p>Izv\u0113loties str\u0113les cilindru, ir \u013coti svar\u012bgi izprast t\u0101 kravnes\u012bbu. Cilindram j\u0101sp\u0113j iztur\u0113t maksim\u0101lo paredzamo slodzi bez atteices riska. Tas ietver pace\u013camo kravu svara un darba vides anal\u012bzi. Cilindra izv\u0113le ar atbilsto\u0161u kravnes\u012bbu nodro\u0161ina dro\u0161\u012bbu un optim\u0101lu veiktsp\u0113ju, samazinot meh\u0101nisku boj\u0101jumu iesp\u0113jam\u012bbu.<\/p>\n<h3>Bl\u012bv\u0113jums un iztur\u012bba<\/h3>\n<p>Efekt\u012bvas bl\u012bv\u0113\u0161anas sist\u0113mas ir b\u016btiskas hidrauliskajiem cilindriem, jo \u200b\u200bt\u0101s nov\u0113r\u0161 nopl\u016bdes un uztur spiedienu. Augstas kvalit\u0101tes bl\u012bv\u0113jumi, kas izgatavoti no iztur\u012bgiem materi\u0101liem, piem\u0113ram, poliuret\u0101na vai nitrila gumijas, ir nepiecie\u0161ami, lai iztur\u0113tu nodilumu. Pareiza bl\u012bv\u0113\u0161ana pagarina hidraulisk\u0101 \u0161\u0137idruma kalpo\u0161anas laiku un nodro\u0161ina cilindra vienm\u0113r\u012bgu darb\u012bbu laika gait\u0101.<\/p>\n<h3>Dro\u0161\u012bbas funkcijas<\/h3>\n<p>Dro\u0161\u012bba hidrauliskaj\u0101s sist\u0113m\u0101s ir \u0101rk\u0101rt\u012bgi svar\u012bga. Baloniem j\u0101b\u016bt konstru\u0113tiem ar integr\u0113t\u0101m dro\u0161\u012bbas funkcij\u0101m, piem\u0113ram, spiediena samazin\u0101\u0161anas v\u0101rstiem un iztur\u012bgu konstrukciju, lai nov\u0113rstu negad\u012bjumus darb\u012bbas laik\u0101. Balona izv\u0113le ar uzticamiem dro\u0161\u012bbas meh\u0101nismiem pal\u012bdz mazin\u0101t ar hidrauliskaj\u0101m k\u013c\u016bm\u0113m saist\u012btos riskus un palielina operatora p\u0101rliec\u012bbu.<\/p>\n<h3>Uzturam\u012bba<\/h3>\n<p>Ease of maintenance is another key consideration. A well-designed boom cylinder should allow for straightforward inspection and servicing, enabling regular maintenance without extensive disassembly. This reduces downtime and helps maintain the equipment&#8217;s performance over its lifespan.<\/p>\n<p><img decoding=\"async\" src=\"https:\/\/www.hydraulic-cylinders.net\/wp-content\/uploads\/2025\/04\/songte-oil-pipes-and-spare-parts.webp\" alt=\"Hidraulisk\u0101s rezerves da\u013cas\" \/><\/p>\n<h2>Bl\u012bv\u0113\u0161ana un e\u013c\u013co\u0161ana<\/h2>\n<p>Efekt\u012bva bl\u012bv\u0113\u0161ana un e\u013c\u013co\u0161ana ir kritiski svar\u012bga str\u0113les cilindru ilgm\u016b\u017e\u012bbai un veiktsp\u0113jai. Lai nov\u0113rstu nopl\u016bdes un uztur\u0113tu hidraulisko spiedienu, tiek izmantoti da\u017e\u0101di bl\u012bv\u0113jumi, tostarp virzu\u013ca bl\u012bv\u0113jumi un stie\u0146a bl\u012bv\u0113jumi. Bl\u012bv\u0113jumi, kas izgatavoti no nodilumiztur\u012bgiem materi\u0101liem, piem\u0113ram, poliuret\u0101na un nitrila gumijas, nodro\u0161ina iztur\u012bbu skarbos apst\u0101k\u013cos. Turkl\u0101t cilindra korpuss un v\u012bt\u0146ot\u0101s gala virsmas ir smalki apstr\u0101d\u0101tas, lai uzlabotu nodilumiztur\u012bbu.<\/p>\n<p>Regul\u0101ra e\u013c\u013co\u0161ana ar hidraulisko e\u013c\u013cu ir b\u016btiska, jo t\u0101 samazina berzi un nodilumu starp kust\u012bgaj\u0101m da\u013c\u0101m. Pareiza e\u013c\u013co\u0161ana ar\u012b nov\u0113r\u0161 p\u0101rkar\u0161anu, nodro\u0161inot hidraulisk\u0101s sist\u0113mas vienm\u0113r\u012bgu un efekt\u012bvu darb\u012bbu.<\/p>\n<h2>Regul\u0101ra p\u0101rbaude un profilaktisk\u0101 apkope<\/h2>\n<ul>\n<li>\n<h3>P\u0101rbaudiet, vai nav nopl\u016b\u017eu<\/h3>\n<p>        Regul\u0101ri p\u0101rbaudiet hidraulisko cilindru, vai nav e\u013c\u013cas nopl\u016bdes paz\u012bmju. Savlaic\u012bga nopl\u016b\u017eu nov\u0113r\u0161ana var nov\u0113rst turpm\u0101kus boj\u0101jumus un saglab\u0101t sist\u0113mas integrit\u0101ti.<\/h3>\n<\/li>\n<li>\n<h3>E\u013c\u013co\u0161anas grafiks<\/h3>\n<p>        Izveidojiet regul\u0101ru e\u013c\u013co\u0161anas grafiku, lai nodro\u0161in\u0101tu, ka visas kust\u012bg\u0101s da\u013cas ir pien\u0101c\u012bgi iee\u013c\u013cotas. Tas pal\u012bdz uzlabot veiktsp\u0113ju un pagarin\u0101t cilindra kalpo\u0161anas laiku.<\/h3>\n<\/li>\n<li>\n<h3>Bl\u012bv\u0113juma nomai\u0146a<\/h3>\n<p>        Monitor the condition of seals and replace them as needed. Worn seals can lead to hydraulic fluid leaks, compromising the cylinder&#8217;s efficiency.<\/h3>\n<\/li>\n<\/ul>\n<h2>Uzst\u0101d\u012b\u0161anas vadl\u012bnijas<\/h2>\n<p>Pareiza str\u0113les cilindra uzst\u0101d\u012b\u0161ana ir \u013coti svar\u012bga optim\u0101lai veiktsp\u0113jai. Vispirms p\u0101rliecinieties, vai visas mont\u0101\u017eas virsmas ir t\u012bras un bez gru\u017eiem. Prec\u012bzi izl\u012bdziniet cilindru ar mont\u0101\u017eas punktiem, lai nov\u0113rstu p\u0101rm\u0113r\u012bgu slodzi uz deta\u013c\u0101m. Izmantojiet atbilsto\u0161us mont\u0101\u017eas kron\u0161teinus, lai nostiprin\u0101tu cilindru viet\u0101, nodro\u0161inot t\u0101 stabilit\u0101ti un labu atbalstu.<\/p>\n<p>Once installed, verify that the hydraulic lines are connected correctly and check for any signs of leaks. Additionally, test the cylinder&#8217;s operation before full deployment to ensure everything is functioning as expected. Following these guidelines will help ensure the long-term performance of your boom cylinder.<\/p>\n<h2>Bie\u017ei sastopamie apkopes uzdevumi<\/h2>\n<ul>\n<li>\n<h3>Regul\u0101ras p\u0101rbaudes<\/h3>\n<p>        Regul\u0101ras p\u0101rbaudes \u013cauj laikus identific\u0113t potenci\u0101l\u0101s probl\u0113mas. \u0160\u012b proakt\u012bv\u0101 pieeja pal\u012bdz uztur\u0113t hidraulisk\u0101s sist\u0113mas integrit\u0101ti un nov\u0113r\u0161 d\u0101rgus remontdarbus.<\/h3>\n<\/li>\n<li>\n<h3>Piem\u0113rota e\u013c\u013co\u0161ana<\/h3>\n<p>        Lai cilindrs darbotos nevainojami, ir svar\u012bgi nodro\u0161in\u0101t t\u0101 labu iee\u013c\u013co\u0161anu. Regul\u0101ri p\u0101rbaudiet un p\u0113c nepiecie\u0161am\u012bbas uzpildiet hidraulisko e\u013c\u013cu, lai uztur\u0113tu optim\u0101lu veiktsp\u0113ju.<\/h3>\n<\/li>\n<li>\n<h3>Bl\u012bv\u0113juma nomai\u0146a un kalibr\u0113\u0161ana<\/h3>\n<p>        Savlaic\u012bga nodilu\u0161o bl\u012bv\u0113jumu nomai\u0146a un kalibr\u0113\u0161anas p\u0101rbaudes ir b\u016btiskas hidraulisk\u0101s efektivit\u0101tes uztur\u0113\u0161anai. Pareizi kalibr\u0113tas sist\u0113mas darbojas efekt\u012bv\u0101k un dro\u0161\u0101k.<\/h3>\n<\/li>\n<\/ul>\n<p>Pareiza uzst\u0101d\u012b\u0161ana, e\u013c\u013co\u0161ana un regul\u0113\u0161ana ir \u013coti svar\u012bga, lai nodro\u0161in\u0101tu str\u0113les cilindra ilgm\u016b\u017e\u012bbu. Uzst\u0101d\u012b\u0161anas laik\u0101 p\u0101rliecinieties par pareizu cilindra izl\u012bdzin\u0101\u0161anu, lai izvair\u012btos no nepareizas izl\u012bdzin\u0101\u0161anas probl\u0113m\u0101m. Izmantojot atbilsto\u0161us mont\u0101\u017eas kron\u0161teinus, cilindrs tiks efekt\u012bvi nostiprin\u0101ts. Lai maksim\u0101li palielin\u0101tu hidraulisk\u0101s sist\u0113mas veiktsp\u0113ju, iev\u0113rojiet ieteicam\u0101s p\u0101rbaudes, remonta un nomai\u0146as proced\u016bras.<\/p>\n<p><img decoding=\"async\" src=\"https:\/\/www.hydraulic-cylinders.net\/wp-content\/uploads\/2025\/04\/songte-chushion-collar.webp\" alt=\"Spilvenu apkakle\" \/><\/p>\n<h2>Dro\u0161\u012bbas un vides apsv\u0113rumi<\/h2>\n<p>Str\u0101d\u0101jot ar hidrauliskajiem cilindriem, dro\u0161\u012bbas pas\u0101kumu ievie\u0161ana ir \u013coti svar\u012bga, lai nov\u0113rstu negad\u012bjumus un traumas. Operatoriem j\u0101b\u016bt apm\u0101c\u012btiem par pareizu hidraulisko iek\u0101rtu lieto\u0161anu un ekspluat\u0101ciju. Regul\u0101ras dro\u0161\u012bbas rev\u012bzijas un apkopes p\u0101rbaudes var pal\u012bdz\u0113t identific\u0113t iesp\u0113jamos apdraud\u0113jumus, nodro\u0161inot dro\u0161u darba vidi. Turkl\u0101t \u0146emiet v\u0113r\u0101 hidraulisko \u0161\u0137idrumu ietekmi uz vidi, ja iesp\u0113jams, izv\u0113loties biolo\u0123iski no\u0101rd\u0101mas alternat\u012bvas, lai samazin\u0101tu ekolo\u0123isko kait\u0113jumu.<\/p>\n<h2>Probl\u0113mu nov\u0113r\u0161ana un bie\u017ei sastopamas probl\u0113mas<\/h2>\n<ul>\n<li>\n<h3>Nopl\u016bdes probl\u0113mas<\/h3>\n<p>        Hidraulisk\u0101s nopl\u016bdes, ko parasti izraisa nodilu\u0161as bl\u012bves vai boj\u0101tas deta\u013cas, var b\u016btiski ietekm\u0113t veiktsp\u0113ju. Regul\u0101ras p\u0101rbaudes var pal\u012bdz\u0113t atkl\u0101t un nov\u0113rst \u0161\u012bs probl\u0113mas, pirms t\u0101s saasin\u0101s.<\/h3>\n<\/li>\n<li>\n<h3>L\u0113ns reakcijas laiks<\/h3>\n<p>        Ja str\u0113les cilindrs l\u0113ni rea\u0123\u0113 uz vad\u012bbas ievad\u0113m, tas var liecin\u0101t par zemu hidraulisk\u0101 \u0161\u0137idruma l\u012bmeni vai gaisu sist\u0113m\u0101. \u0160\u0137idruma l\u012bme\u0146a p\u0101rbaude un gaisa izvad\u012b\u0161ana var atrisin\u0101t \u0161\u012bs probl\u0113mas.<\/h3>\n<\/li>\n<li>\n<h3>P\u0101rm\u0113r\u012bgs troksnis vai vibr\u0101cijas<\/h3>\n<p>        Neparasti trok\u0161\u0146i vai vibr\u0101cijas darb\u012bbas laik\u0101 var liecin\u0101t par meh\u0101nisk\u0101m probl\u0113m\u0101m, piem\u0113ram, nepareizu izl\u012bdzin\u0101\u0161anu vai nodilu\u0161\u0101m deta\u013c\u0101m. \u0160o simptomu savlaic\u012bga izp\u0113te var nov\u0113rst turpm\u0101kus boj\u0101jumus.<\/h3>\n<\/li>\n<\/ul>\n<p>Izprotot bie\u017ei sastopam\u0101s probl\u0113mas un to risin\u0101jumus, operatori var efekt\u012bvi nov\u0113rst probl\u0113mas un uztur\u0113t optim\u0101lu cilindru darb\u012bbu. Prevent\u012bvie pas\u0101kumi, piem\u0113ram, regul\u0101ras p\u0101rbaudes un savlaic\u012bgs remonts, pal\u012bdz\u0113s samazin\u0101t iesp\u0113jam\u0101s probl\u0113mas un uzlabot kop\u0113jo veiktsp\u0113ju.<\/p>\n<p><img decoding=\"async\" src=\"https:\/\/www.hydraulic-cylinders.net\/wp-content\/uploads\/2025\/04\/songte-bushings-with-all-kinds-of-excavator-models.webp\" alt=\"Ekskavatoru mode\u013cu bukses\" \/><\/p>\n<h2>Uz\u0146\u0113muma ievads<\/h2>\n<p>M\u0113s esam vado\u0161ais hidraulisko cilindru ra\u017eot\u0101js un vairumtirdzniec\u012bbas izplat\u012bt\u0101js, kas pied\u0101v\u0101 pla\u0161u produktu kl\u0101stu viet\u0113j\u0101 un starptautiskaj\u0101 tirg\u016b. M\u016bsu ap\u0146em\u0161anos nodro\u0161in\u0101t izcilu kvalit\u0101ti nodro\u0161ina izsmalcin\u0101ts ra\u017eo\u0161anas process un progres\u012bvas ra\u017eo\u0161anas vad\u012bbas strat\u0113\u0123ijas. Koncentr\u0113joties uz tehniskajiem talantiem, augstas klases digit\u0101laj\u0101m ra\u017eo\u0161anas iek\u0101rt\u0101m un sp\u0113c\u012bg\u0101m test\u0113\u0161anas sist\u0113m\u0101m, m\u0113s nep\u0101rtraukti uzlabojam savu ra\u017eo\u0161anas platformu, lai uzlabotu produktu kvalit\u0101ti.<\/p>\n<p>M\u016bsu iesp\u0113jas \u013cauj mums efekt\u012bvi un prec\u012bzi apmierin\u0101t da\u017e\u0101das klientu vajadz\u012bbas. M\u0113s lepojamies ar to, ka pied\u0101v\u0101jam piel\u0101gotus risin\u0101jumus, starptautiskus sertifik\u0101tus un izcilu p\u0113cp\u0101rdo\u0161anas atbalstu, nodro\u0161inot, ka m\u016bsu klienti sa\u0146em visaugst\u0101kos apkalpo\u0161anas standartus. M\u016bsu modern\u0101k\u0101s ra\u017eo\u0161anas iek\u0101rtas \u013cauj mums saglab\u0101t precizit\u0101ti un efektivit\u0101ti vis\u0101 ra\u017eo\u0161anas proces\u0101.<\/p>\n<p><img decoding=\"async\" src=\"https:\/\/www.hydraulic-cylinders.net\/wp-content\/uploads\/2025\/04\/songte-company-4.webp\" alt=\"Uz\u0146\u0113muma p\u0101rskats\" \/><br \/>\n<img decoding=\"async\" src=\"https:\/\/www.hydraulic-cylinders.net\/wp-content\/uploads\/2025\/04\/songte-company-3.webp\" alt=\"Ra\u017eo\u0161anas process\" \/><\/p>\n<p>Autors: lil<\/p>","protected":false},"excerpt":{"rendered":"<p>Boom Cylinder For Jingong Wheel Type JCM909L Product Overview The Boom Cylinder for Jingong Wheel Type JCM909L is a vital component in heavy machinery, specifically designed for controlling the movement of booms in excavators, backhoe loaders, and front loaders. This hydraulic cylinder facilitates the lifting, lowering, and tilting of the boom, making material handling tasks [&hellip;]<\/p>","protected":false},"featured_media":17878,"comment_status":"open","ping_status":"closed","template":"","meta":{"_et_pb_use_builder":"","_et_pb_old_content":"","_et_gb_content_width":""},"product_brand":[],"product_cat":[1546],"product_tag":[1547,1496],"class_list":{"0":"post-19479","1":"product","2":"type-product","3":"status-publish","4":"has-post-thumbnail","6":"product_cat-boom-cylinders","7":"product_tag-boom-cylinders","8":"product_tag-hydraulic-cylinders","10":"first","11":"instock","12":"shipping-taxable","13":"product-type-simple"},"amp_enabled":true,"_links":{"self":[{"href":"https:\/\/www.hydraulic-cylinders.net\/lv\/wp-json\/wp\/v2\/product\/19479","targetHints":{"allow":["GET"]}}],"collection":[{"href":"https:\/\/www.hydraulic-cylinders.net\/lv\/wp-json\/wp\/v2\/product"}],"about":[{"href":"https:\/\/www.hydraulic-cylinders.net\/lv\/wp-json\/wp\/v2\/types\/product"}],"replies":[{"embeddable":true,"href":"https:\/\/www.hydraulic-cylinders.net\/lv\/wp-json\/wp\/v2\/comments?post=19479"}],"wp:featuredmedia":[{"embeddable":true,"href":"https:\/\/www.hydraulic-cylinders.net\/lv\/wp-json\/wp\/v2\/media\/17878"}],"wp:attachment":[{"href":"https:\/\/www.hydraulic-cylinders.net\/lv\/wp-json\/wp\/v2\/media?parent=19479"}],"wp:term":[{"taxonomy":"product_brand","embeddable":true,"href":"https:\/\/www.hydraulic-cylinders.net\/lv\/wp-json\/wp\/v2\/product_brand?post=19479"},{"taxonomy":"product_cat","embeddable":true,"href":"https:\/\/www.hydraulic-cylinders.net\/lv\/wp-json\/wp\/v2\/product_cat?post=19479"},{"taxonomy":"product_tag","embeddable":true,"href":"https:\/\/www.hydraulic-cylinders.net\/lv\/wp-json\/wp\/v2\/product_tag?post=19479"}],"curies":[{"name":"wp","href":"https:\/\/api.w.org\/{rel}","templated":true}]}}