{"id":19487,"date":"2025-04-07T06:50:18","date_gmt":"2025-04-07T06:50:18","guid":{"rendered":"https:\/\/www.hydraulic-cylinders.net\/product\/boom-cylinder-for-jchi-ns80-7\/"},"modified":"2025-04-07T06:50:20","modified_gmt":"2025-04-07T06:50:20","slug":"boom-cylinder-for-jchi-ns80-7","status":"publish","type":"product","link":"https:\/\/www.hydraulic-cylinders.net\/lv\/products\/boom-cylinder-for-jchi-ns80-7\/","title":{"rendered":"Str\u0113les cilindrs JCHI NS80-7"},"content":{"rendered":"<h1>Str\u0113les cilindrs JCHI NS80-7<\/h1>\n<h2>Produkta p\u0101rskats<\/h2>\n<p>JCHI NS80-7 str\u0113les cilindrs ir svar\u012bga hidrauliska sast\u0101vda\u013ca, kas \u012bpa\u0161i paredz\u0113ta smagaj\u0101m ma\u0161\u012bn\u0101m, \u012bpa\u0161i ekskavatoriem. \u0160\u0101da veida hidrauliskais cilindrs ir atbild\u012bgs par kausu kust\u012bbas vad\u012bbu, \u013caujot tiem efekt\u012bvi pacelt, nolaist un noliekt. Str\u0113les cilindra funkcionalit\u0101te ir \u013coti svar\u012bga da\u017e\u0101diem materi\u0101lu apstr\u0101des uzdevumiem, nodro\u0161inot, ka tehnika darbojas vienm\u0113r\u012bgi un efekt\u012bvi.<\/p>\n<p><img decoding=\"async\" src=\"https:\/\/www.hydraulic-cylinders.net\/wp-content\/uploads\/2025\/04\/songte-company-1.webp\" alt=\"Str\u0113les cilindra att\u0113ls\"><\/p>\n<h3>Kausa cilindru izpratne<\/h3>\n<p>Kausu cilindri, \u012bpa\u0161a veida hidrauliskie cilindri, ir izstr\u0101d\u0101ti, lai atvieglotu da\u017e\u0101du smago iek\u0101rtu kausu kust\u012bbu. \u0160iem cilindriem ir b\u016btiska loma hidrauliskaj\u0101s sist\u0113m\u0101s, nodro\u0161inot nepiecie\u0161amo sp\u0113ku t\u0101du uzdevumu veik\u0161anai k\u0101 rak\u0161ana, cel\u0161ana un materi\u0101lu transport\u0113\u0161ana. Izmantojot spiediena ietekm\u0113 eso\u0161a hidraulisk\u0101 \u0161\u0137idruma jaudu, kausu cilindri \u013cauj operatoriem prec\u012bzi un viegli manipul\u0113t ar smag\u0101m krav\u0101m. Tie ir izstr\u0101d\u0101ti, lai iztur\u0113tu iev\u0113rojamas slodzes un vides faktorus, padarot tos neaizst\u0101jamus b\u016bvniec\u012bb\u0101, lauksaimniec\u012bb\u0101 un cit\u0101s r\u016bpniecisk\u0101s lietojumprogramm\u0101s.<\/p>\n<h2>Str\u0113les cilindra galven\u0101s iez\u012bmes<\/h2>\n<ul>\n<li><strong>Augsta iztur\u012bba un ilgm\u016b\u017e\u012bba:<\/strong> \u0160ie cilindri, kas parasti ir izgatavoti no augstas stipr\u012bbas t\u0113rauda vai alum\u012bnija, var iztur\u0113t augstu spiedienu un lielas slodzes, vienlaikus piel\u0101gojoties skarbajiem darba apst\u0101k\u013ciem.<\/li>\n<li><strong>Efekt\u012bva hidraulisk\u0101 darb\u012bba:<\/strong> Hidraulisk\u0101s e\u013c\u013cas spiediena izmanto\u0161ana nodro\u0161ina vienm\u0113r\u012bgu izvirz\u012b\u0161anu un ievilk\u0161anu, nodro\u0161inot \u0101tru rea\u0123\u0113\u0161anu uz darb\u012bbas komand\u0101m un jaud\u012bgu stum\u0161anas un vilk\u0161anas sp\u0113ku.<\/li>\n<li><strong>Da\u017e\u0101di veidi:<\/strong> Pieejams vienk\u0101r\u0161\u0101s darb\u012bbas (izmantojot hidrauliku vien\u0101 virzien\u0101) vai divk\u0101r\u0161\u0101s darb\u012bbas (izmantojot hidrauliku abos virzienos) konstrukcij\u0101s, lai apmierin\u0101tu da\u017e\u0101das ekspluat\u0101cijas vajadz\u012bbas. Da\u017ei mode\u013ci ir teleskopiski, kas \u013cauj liel\u0101ku pagarin\u0101jumu, nepalielinot \u0101r\u0113jos izm\u0113rus.<\/li>\n<li><strong>Uzlabota bl\u012bv\u0113\u0161anas tehnolo\u0123ija:<\/strong> Izstr\u0101d\u0101ts ar augstas kvalit\u0101tes bl\u012bv\u0113m, lai nov\u0113rstu \u0161\u0137idruma nopl\u016bdi un uztur\u0113tu spiedienu, nodro\u0161inot uzticam\u012bbu un ilgm\u016b\u017e\u012bbu.<\/li>\n<li><strong>Piel\u0101gojamas opcijas:<\/strong> Iesp\u0113jams modific\u0113t vai piel\u0101got atkar\u012bb\u0101 no konkr\u0113t\u0101m iek\u0101rtu pras\u012bb\u0101m vai lieto\u0161anas scen\u0101rijiem.<\/li>\n<\/ul>\n<h2>M\u016bsu ra\u017eo\u0161anas iesp\u0113jas<\/h2>\n<p>M\u0113s ra\u017eojam augstas kvalit\u0101tes str\u0113les cilindrus, kas var neman\u0101mi aizst\u0101t da\u017e\u0101dus tirg\u016b pieejamos hidrauliskos cilindrus. M\u016bsu produkti ir izstr\u0101d\u0101ti, lai atbilstu stingriem standartiem, nodro\u0161inot optim\u0101lu veiktsp\u0113ju un uzticam\u012bbu vis\u0101s ma\u0161\u012bnu lieto\u0161anas lietojumprogramm\u0101s.<\/p>\n<p><img decoding=\"async\" src=\"https:\/\/www.hydraulic-cylinders.net\/wp-content\/uploads\/2025\/04\/songte-cylinder-head-with-all-kinds-excavator-models.webp\" alt=\"Cilindra galvas att\u0113ls\"><\/p>\n<h2>Lietojumprogrammu scen\u0101riji<\/h2>\n<h3>Celtniec\u012bbas apr\u012bkojums<\/h3>\n<p>Str\u0113les cilindrs ir b\u016btisks celtniec\u012bbas ma\u0161\u012bn\u0101s, piem\u0113ram, ekskavatoros, kur tas ir vit\u0101li svar\u012bgs augsnes vai gru\u017eu rak\u0161anai, iekrau\u0161anai un p\u0101rvieto\u0161anai. Kausa cilindra vienm\u0113r\u012bg\u0101 darb\u012bba \u013cauj efekt\u012bvi izrakt materi\u0101lus, \u013caujot projektiem efekt\u012bvi virz\u012bties uz priek\u0161u.<\/p>\n<h3>Lauksaimniec\u012bbas tehnika<\/h3>\n<p>Front\u0101lajos iekr\u0101v\u0113jos str\u0113les cilindri atvieglo augsnes, siena un da\u017e\u0101du materi\u0101lu sav\u0101k\u0161anu, cel\u0161anu un transport\u0113\u0161anu, kas ir neaizst\u0101jami lauksaimniec\u012bbas darbos, kur efektivit\u0101te un jauda ir \u0101rk\u0101rt\u012bgi svar\u012bgas.<\/p>\n<h3>Ekskavatori<\/h3>\n<p>Ekskavatori izmanto str\u0113les cilindrus, lai efekt\u012bvi iek\u013c\u016btu zem\u0113, t\u0101d\u0113j\u0101di optimiz\u0113jot rak\u0161anas oper\u0101cijas. \u0160\u012b iesp\u0113ja uzlabo produktivit\u0101ti b\u016bvlaukumos un pal\u012bdz prec\u012bzi apstr\u0101d\u0101t materi\u0101lus.<\/p>\n<h3>Iekr\u0101v\u0113ji<\/h3>\n<p>Front\u0101lajos iekr\u0101v\u0113jos str\u0113les cilindri pal\u012bdz pacelt un izkraut kravas. To jaud\u012bg\u0101 veiktsp\u0113ja nodro\u0161ina, ka materi\u0101lus var efekt\u012bvi p\u0101rvietot un izkraut, kas ir \u013coti svar\u012bgi b\u016bvniec\u012bbas un ainavu veido\u0161anas darbos.<\/p>\n<h2>Dizaina apsv\u0113rumi un atlases krit\u0113riji<\/h2>\n<h3>Kravnes\u012bba<\/h3>\n<p>Izv\u0113loties str\u0113les cilindru, ir \u013coti svar\u012bgi nov\u0113rt\u0113t kravnes\u012bbu. Tas nosaka maksim\u0101lo svaru, ko cilindrs var dro\u0161i iztur\u0113t, vienlaikus saglab\u0101jot veiktsp\u0113ju. Optim\u0101las kravnes\u012bbas projekt\u0113\u0161ana nov\u0113r\u0161 konstrukcijas boj\u0101jumus un nodro\u0161ina efekt\u012bvu darb\u012bbu.<\/p>\n<h3>Bl\u012bv\u0113juma veiktsp\u0113ja<\/h3>\n<p>Efekt\u012bva bl\u012bv\u0113\u0161ana ir b\u016btiska, lai nov\u0113rstu \u0161\u0137idruma nopl\u016bdi un uztur\u0113tu spiedienu hidrauliskaj\u0101 sist\u0113m\u0101. Augstas kvalit\u0101tes bl\u012bves, kas bie\u017ei vien ir izgatavotas no iztur\u012bgiem materi\u0101liem, ir \u013coti svar\u012bgas, lai nodro\u0161in\u0101tu uzticam\u012bbu un nov\u0113rstu d\u0101rgas d\u012bkst\u0101ves apkopes probl\u0113mu d\u0113\u013c.<\/p>\n<h3>Iztur\u012bba<\/h3>\n<p>Iztur\u012bba ir b\u016btisks faktors hidraulisko cilindru projekt\u0113\u0161an\u0101. \u0160\u012bm sast\u0101vda\u013c\u0101m ir j\u0101iztur skarba vide un intens\u012bva lieto\u0161ana, neapdraudot integrit\u0101ti. Ir svar\u012bgi izv\u0113l\u0113ties materi\u0101lus un ra\u017eo\u0161anas procesus, kas uzlabo iztur\u012bbu.<\/p>\n<h3>Dro\u0161\u012bbas funkcijas<\/h3>\n<p>Dro\u0161\u012bba ir \u0101rk\u0101rt\u012bgi svar\u012bga, projekt\u0113jot hidrauliskos cilindrus. T\u0101das funkcijas k\u0101 spiediena samazin\u0101\u0161anas v\u0101rsti un iztur\u012bga konstrukcija pal\u012bdz nov\u0113rst negad\u012bjumus un iek\u0101rtu boj\u0101jumus, nodro\u0161inot operatoru un pa\u0161u ma\u0161\u012bnu dro\u0161\u012bbu.<\/p>\n<h3>Apkope un izmantojam\u012bba<\/h3>\n<p>Vienk\u0101r\u0161a apkope ir kritiski svar\u012bgs apsv\u0113rums. Balonu projekt\u0113\u0161ana t\u0101, lai tie b\u016btu viegli pieejami bl\u012bv\u0113m un cit\u0101m sast\u0101vda\u013c\u0101m, atvieglo regul\u0101ras p\u0101rbaudes un remontu, kas pal\u012bdz pagarin\u0101t produkta kalpo\u0161anas laiku un uztur\u0113t darb\u012bbas efektivit\u0101ti.<\/p>\n<p><img decoding=\"async\" src=\"https:\/\/www.hydraulic-cylinders.net\/wp-content\/uploads\/2025\/04\/songte-oil-pipes-and-spare-parts.webp\" alt=\"E\u013c\u013cas caurules un rezerves da\u013cu att\u0113ls\"><\/p>\n<h2>Bl\u012bv\u0113\u0161ana un e\u013c\u013co\u0161ana<\/h2>\n<p>Efekt\u012bva bl\u012bv\u0113\u0161ana un e\u013c\u013co\u0161ana ir b\u016btiska hidraulisko cilindru veiktsp\u0113jai un ilgm\u016b\u017e\u012bbai. Lai nov\u0113rstu nopl\u016bdes un uztur\u0113tu hidraulisko spiedienu, ir iestr\u0101d\u0101ti da\u017e\u0101di bl\u012bv\u0113jumi, tostarp virzu\u013ca bl\u012bv\u0113jumi un stie\u0146a bl\u012bv\u0113jumi. Lai uzlabotu iztur\u012bbu, parasti tiek izmantoti bl\u012bv\u0113jumi, kas izgatavoti no nodilumiztur\u012bgiem materi\u0101liem, piem\u0113ram, poliuret\u0101na un nitrila gumijas. Cilindra korpuss un v\u012bt\u0146ot\u0101s gala virsmas tiek r\u016bp\u012bgi apstr\u0101d\u0101tas, lai uzlabotu nodilumiztur\u012bbu, nodro\u0161inot uzticamu darb\u012bbu. Regul\u0101ra e\u013c\u013co\u0161ana ar hidraulisko e\u013c\u013cu ir nepiecie\u0161ama, lai komponenti darbotos nevainojami un samazin\u0101tu berzi un nodilumu.<\/p>\n<h2>Prevent\u012bvie apkopes pas\u0101kumi<\/h2>\n<ul>\n<li><strong>Regul\u0101ras p\u0101rbaudes:<\/strong> Darb\u012bbas laik\u0101 p\u0101rbaudiet, vai nav nodiluma paz\u012bmju, \u0161\u0137idruma nopl\u016b\u017eu un neparastu trok\u0161\u0146u. Savlaic\u012bga probl\u0113mu nov\u0113r\u0161ana var nov\u0113rst turpm\u0101kus boj\u0101jumus.<\/li>\n<li><strong>Pareiza e\u013c\u013co\u0161ana:<\/strong> P\u0101rliecinieties, vai hidrauliskais cilindrs ir iee\u013c\u013cots ar pareizu hidraulisk\u0101s e\u013c\u013cas veidu un daudzumu, lai uztur\u0113tu optim\u0101lu veiktsp\u0113ju un nov\u0113rstu nodilumu.<\/li>\n<li><strong>Bl\u012bv\u0113juma nomai\u0146a:<\/strong> Regul\u0101ri p\u0101rbaudiet bl\u012bv\u0113jumu nodilumu un nomainiet tos p\u0113c nepiecie\u0161am\u012bbas, lai uztur\u0113tu spiedienu un nov\u0113rstu nopl\u016bdes.<\/li>\n<\/ul>\n<h2>Uzst\u0101d\u012b\u0161anas vadl\u012bnijas<\/h2>\n<p>Pareiza str\u0113les cilindra uzst\u0101d\u012b\u0161ana ir \u013coti svar\u012bga t\u0101 funkcionalit\u0101tei un ilgm\u016b\u017e\u012bbai. Vispirms p\u0101rliecinieties, vai visas nepiecie\u0161am\u0101s sast\u0101vda\u013cas ir pieejamas un lab\u0101 st\u0101vokl\u012b. Prec\u012bzi izl\u012bdziniet hidraulisko cilindru ar mont\u0101\u017eas kron\u0161teiniem, lai nov\u0113rstu nepareizu izl\u012bdzin\u0101\u0161anu, kas var izrais\u012bt priek\u0161laic\u012bgu nodilumu vai boj\u0101jumus. Izmantojiet atbilsto\u0161us mont\u0101\u017eas kron\u0161teinus, lai stingri nostiprin\u0101tu cilindru. P\u0113c uzst\u0101d\u012b\u0161anas izlaidiet gaisu no hidraulisk\u0101s sist\u0113mas, lai nodro\u0161in\u0101tu vienm\u0113r\u012bgu darb\u012bbu. Iev\u0113rojiet ra\u017eot\u0101ja nor\u0101d\u012bjumus par konkr\u0113t\u0101m proced\u016br\u0101m un pievilk\u0161anas specifik\u0101cij\u0101m, lai izvair\u012btos no probl\u0113m\u0101m darb\u012bbas laik\u0101.<\/p>\n<h2>Bie\u017ei sastopamie apkopes uzdevumi<\/h2>\n<ul>\n<li><strong>Regul\u0101ras p\u0101rbaudes:<\/strong> Veiciet regul\u0101ras p\u0101rbaudes, lai noteiktu nodilumu. \u0160is prevent\u012bvais pas\u0101kums pal\u012bdz agr\u012bn\u0101 stadij\u0101 atkl\u0101t potenci\u0101las probl\u0113mas.<\/li>\n<li><strong>Piem\u0113rota e\u013c\u013co\u0161ana:<\/strong> Regul\u0101ri iee\u013c\u013cojiet cilindru, lai uztur\u0113tu optim\u0101lu hidraulisk\u0101 \u0161\u0137idruma l\u012bmeni, samazinot kust\u012bgo da\u013cu berzi un nodilumu.<\/li>\n<li><strong>Bl\u012bv\u0113juma nomai\u0146a:<\/strong> Uzraugiet bl\u012bv\u0113jumu nolieto\u0161anos un nomainiet tos, lai saglab\u0101tu veiktsp\u0113ju un nov\u0113rstu nopl\u016bdes.<\/li>\n<\/ul>\n<h2>Dro\u0161\u012bbas apsv\u0113rumi un vides faktori<\/h2>\n<p>Izmantojot hidrauliskos cilindrus, ir svar\u012bgi priorit\u0101ri piev\u0113rsties dro\u0161\u012bbas pas\u0101kumiem, lai aizsarg\u0101tu operatorus un vidi. Nodro\u0161inot, ka visas sast\u0101vda\u013cas ir pareizi uzst\u0101d\u012btas un tiek veikta regul\u0101ra apkope, var iev\u0113rojami samazin\u0101t negad\u012bjumu risku. Turkl\u0101t videi draudz\u012bgu hidraulisko \u0161\u0137idrumu izmanto\u0161ana un jebk\u0101du atkritumu atbild\u012bga utiliz\u0101cija pal\u012bdz samazin\u0101t ietekmi uz vidi.<\/p>\n<h2>Probl\u0113mu nov\u0113r\u0161ana un bie\u017ei sastopamas probl\u0113mas<\/h2>\n<ul>\n<li><strong>Hidraulisk\u0101 \u0161\u0137idruma nopl\u016bdes:<\/strong> P\u0101rbaudiet bl\u012bves un savienojumus, ja paman\u0101t \u0161\u0137idruma uzkr\u0101\u0161anos. Nekav\u0113joties nov\u0113rsiet nopl\u016bdes, lai nov\u0113rstu turpm\u0101kus boj\u0101jumus.<\/li>\n<li><strong>Jaudas zudums:<\/strong> Ja hidrauliskais cilindrs nedarbojas efekt\u012bvi, p\u0101rbaudiet, vai nav aizsprostojumu vai zema \u0161\u0137idruma l\u012bme\u0146a. P\u0101rliecinieties, vai hidrauliskais \u0161\u0137idrums ir t\u012brs un atbilsto\u0161i uzpild\u012bts.<\/li>\n<li><strong>Neparastas ska\u0146as:<\/strong> Ieklausieties, vai nav dzirdamas sl\u012bp\u0113\u0161anas vai \u0161\u0146\u0101k\u0161anas ska\u0146as, kas var liecin\u0101t par nodilu\u0161\u0101m bl\u012bv\u0113m vai iek\u0161\u0113jiem boj\u0101jumiem. Nekav\u0113joties p\u0101rbaudiet un salabojiet.<\/li>\n<\/ul>\n<h2>Probl\u0113mu nov\u0113r\u0161anas padomi<\/h2>\n<p>Lai efekt\u012bvi diagnostic\u0113tu un nov\u0113rstu probl\u0113mas, var b\u016bt noder\u012bgi uztur\u0113t visu radu\u0161os probl\u0113mu \u017eurn\u0101lu. Ieviesiet prevent\u012bvus pas\u0101kumus, piem\u0113ram, regul\u0101ras p\u0101rbaudes un apkopi, lai samazin\u0101tu iesp\u0113jam\u0101s probl\u0113mas. Augstas kvalit\u0101tes hidraulisk\u0101 \u0161\u0137idruma un komponentu izmanto\u0161ana var uzlabot sist\u0113mas uzticam\u012bbu un samazin\u0101t k\u013c\u016bmju iesp\u0113jam\u012bbu.<\/p>\n<p><img decoding=\"async\" src=\"https:\/\/www.hydraulic-cylinders.net\/wp-content\/uploads\/2025\/04\/songte-bushings-with-all-kinds-of-excavator-models.webp\" alt=\"Bukses att\u0113ls\"><\/p>\n<h2>Uz\u0146\u0113muma p\u0101rskats<\/h2>\n<p>M\u0113s esam vado\u0161ais rezerves hidraulisko cilindru ra\u017eot\u0101js, kas specializ\u0113jas pla\u0161\u0101 produktu kl\u0101st\u0101 gan viet\u0113jam, gan starptautiskajam tirgum. M\u016bsu ap\u0146em\u0161anos nodro\u0161in\u0101t kvalit\u0101ti atbalsta r\u016bp\u012bga ra\u017eo\u0161anas strat\u0113\u0123ija, kas uzsver precizit\u0101ti un inov\u0101cijas. M\u0113s ieguld\u0101m l\u012bdzek\u013cus kvalific\u0113tos talantos, modern\u0101s ra\u017eo\u0161anas iek\u0101rt\u0101s un sp\u0113c\u012bg\u0101s test\u0113\u0161anas sist\u0113m\u0101s, lai uzlabotu m\u016bsu ra\u017eo\u0161anas iesp\u0113jas un nodro\u0161in\u0101tu augst\u0101k\u0101s klases produktu kvalit\u0101ti.<\/p>\n<p>M\u016bsu pieredze sniedz piel\u0101gotus pakalpojumus, kas piel\u0101goti konkr\u0113t\u0101m klientu vajadz\u012bb\u0101m, nodro\u0161inot apmierin\u0101t\u012bbu un uzticam\u012bbu. M\u0113s pie\u0161\u0137iram priorit\u0101ti p\u0113cp\u0101rdo\u0161anas atbalstam, pied\u0101v\u0101jot apkopes nor\u0101d\u012bjumus un pal\u012bdz\u012bbu, lai pal\u012bdz\u0113tu klientiem maksim\u0101li palielin\u0101t savu hidraulisko cilindru kalpo\u0161anas laiku.<\/p>\n<p><img decoding=\"async\" src=\"https:\/\/www.hydraulic-cylinders.net\/wp-content\/uploads\/2025\/04\/songte-company-4.webp\" alt=\"Uz\u0146\u0113muma t\u0113ls\"><br \/>\n<img decoding=\"async\" src=\"https:\/\/www.hydraulic-cylinders.net\/wp-content\/uploads\/2025\/04\/songte-company-3.webp\" alt=\"Uz\u0146\u0113muma t\u0113ls\"><\/p>\n<p>Autors: lil<\/p>","protected":false},"excerpt":{"rendered":"<p>Boom Cylinder For JCHI NS80-7 Product Overview The Boom Cylinder for JCHI NS80-7 is a crucial hydraulic component designed specifically for heavy machinery, particularly excavators. This type of hydraulic cylinder is responsible for controlling the movement of buckets, allowing them to lift, lower, and tilt efficiently. The functionality of a boom cylinder is vital for [&hellip;]<\/p>","protected":false},"featured_media":17871,"comment_status":"open","ping_status":"closed","template":"","meta":{"_et_pb_use_builder":"","_et_pb_old_content":"","_et_gb_content_width":""},"product_brand":[],"product_cat":[1546],"product_tag":[1547,1496],"class_list":{"0":"post-19487","1":"product","2":"type-product","3":"status-publish","4":"has-post-thumbnail","6":"product_cat-boom-cylinders","7":"product_tag-boom-cylinders","8":"product_tag-hydraulic-cylinders","10":"first","11":"instock","12":"shipping-taxable","13":"product-type-simple"},"amp_enabled":true,"_links":{"self":[{"href":"https:\/\/www.hydraulic-cylinders.net\/lv\/wp-json\/wp\/v2\/product\/19487","targetHints":{"allow":["GET"]}}],"collection":[{"href":"https:\/\/www.hydraulic-cylinders.net\/lv\/wp-json\/wp\/v2\/product"}],"about":[{"href":"https:\/\/www.hydraulic-cylinders.net\/lv\/wp-json\/wp\/v2\/types\/product"}],"replies":[{"embeddable":true,"href":"https:\/\/www.hydraulic-cylinders.net\/lv\/wp-json\/wp\/v2\/comments?post=19487"}],"wp:featuredmedia":[{"embeddable":true,"href":"https:\/\/www.hydraulic-cylinders.net\/lv\/wp-json\/wp\/v2\/media\/17871"}],"wp:attachment":[{"href":"https:\/\/www.hydraulic-cylinders.net\/lv\/wp-json\/wp\/v2\/media?parent=19487"}],"wp:term":[{"taxonomy":"product_brand","embeddable":true,"href":"https:\/\/www.hydraulic-cylinders.net\/lv\/wp-json\/wp\/v2\/product_brand?post=19487"},{"taxonomy":"product_cat","embeddable":true,"href":"https:\/\/www.hydraulic-cylinders.net\/lv\/wp-json\/wp\/v2\/product_cat?post=19487"},{"taxonomy":"product_tag","embeddable":true,"href":"https:\/\/www.hydraulic-cylinders.net\/lv\/wp-json\/wp\/v2\/product_tag?post=19487"}],"curies":[{"name":"wp","href":"https:\/\/api.w.org\/{rel}","templated":true}]}}