{"id":19488,"date":"2025-04-07T06:50:20","date_gmt":"2025-04-07T06:50:20","guid":{"rendered":"https:\/\/www.hydraulic-cylinders.net\/product\/boom-cylinder-for-jchi-ns220c\/"},"modified":"2025-04-07T06:50:23","modified_gmt":"2025-04-07T06:50:23","slug":"boom-cylinder-for-jchi-ns220c","status":"publish","type":"product","link":"https:\/\/www.hydraulic-cylinders.net\/lv\/products\/boom-cylinder-for-jchi-ns220c\/","title":{"rendered":"Str\u0113les cilindrs JCHI NS220C"},"content":{"rendered":"<h1>Str\u0113les cilindrs JCHI NS220C<\/h1>\n<h2>Ievads str\u0113les cilindr\u0101<\/h2>\n<p>\u012apa\u0161i JCHI NS220C izstr\u0101d\u0101tais str\u0113les cilindrs ir kritiski svar\u012bga hidraulisko sist\u0113mu sast\u0101vda\u013ca, ko izmanto smagaj\u0101 ma\u0161\u012bn\u0101. \u0160is hidrauliskais cilindrs ir atbild\u012bgs par kausa kust\u012bbas vad\u012bbu ekskavatoros, ekskavatoru-iekr\u0101v\u0113jos un front\u0101lajos iekr\u0101v\u0113jos. Tas \u013cauj kausam pacelt, nolaist un noliekt, atvieglojot efekt\u012bvus materi\u0101lu apstr\u0101des uzdevumus. \u0160is hidrauliskais cilindrs darbojas, izmantojot hidraulisk\u0101 \u0161\u0137idruma spiedienu, nodro\u0161inot nepiecie\u0161amo sp\u0113ku da\u017e\u0101d\u0101m darb\u012bb\u0101m b\u016bvniec\u012bbas un lauksaimniec\u012bbas ma\u0161\u012bn\u0101s.<\/p>\n<p><img decoding=\"async\" src=\"https:\/\/www.hydraulic-cylinders.net\/wp-content\/uploads\/2025\/04\/songte-company-1.webp\" alt=\"Str\u0113les cilindra att\u0113ls\" \/><\/p>\n<h2>Str\u0113les cilindra \u012bpa\u0161\u012bbas<\/h2>\n<ul>\n<li>\n<h3>Augsta iztur\u012bba un ilgm\u016b\u017e\u012bba<\/h3>\n<p>\u0160is cilindrs ir izgatavots no augstas stipr\u012bbas t\u0113rauda vai alum\u012bnija, un tas var iztur\u0113t augstu spiedienu un lielas slodzes, padarot to piem\u0113rotu skarbiem darba apst\u0101k\u013ciem. T\u0101 konstrukcija ietver nodilumiztur\u012bbu un iztur\u012bbu pret koroziju, pagarinot t\u0101 kalpo\u0161anas laiku.<\/p>\n<\/li>\n<li>\n<h3>Efekt\u012bva hidraulisk\u0101 darb\u012bba<\/h3>\n<p>Izmantojot hidraulisk\u0101s e\u013c\u013cas spiedienu, str\u0113les cilindrs nodro\u0161ina vienm\u0113r\u012bgu un atsauc\u012bgu izstiep\u0161anu un ievilk\u0161anu, radot sp\u0113c\u012bgus stum\u0161anas un vilk\u0161anas sp\u0113kus, kas ir b\u016btiski smagu un sare\u017e\u0123\u012btu uzdevumu veik\u0161anai.<\/p>\n<\/li>\n<li>\n<h3>Da\u017e\u0101di veidi<\/h3>\n<p>Pieejams vienvirziena darb\u012bbas (darbojas vien\u0101 virzien\u0101) vai divk\u0101r\u0161as darb\u012bbas (darbojas abos virzienos) konfigur\u0101cij\u0101s, kas atbilst da\u017e\u0101d\u0101m ekspluat\u0101cijas vajadz\u012bb\u0101m. Da\u017ei mode\u013ci ir teleskopiski, kas \u013cauj veikt liel\u0101ku pagarin\u0101jumu, nepalielinot \u0101r\u0113jos izm\u0113rus, kas ir ide\u0101li piem\u0113rots ierobe\u017eotas vietas lietojumprogramm\u0101m.<\/p>\n<\/li>\n<\/ul>\n<h2>Ra\u017eo\u0161anas jauda<\/h2>\n<p>M\u0113s specializ\u0113jamies \u0161\u012b str\u0113les cilindra ra\u017eo\u0161an\u0101, nodro\u0161inot, ka m\u016bsu produkti ir ide\u0101ls eso\u0161o hidraulisko cilindru aizvietot\u0101js.<\/p>\n<p><img decoding=\"async\" src=\"https:\/\/www.hydraulic-cylinders.net\/wp-content\/uploads\/2025\/04\/songte-cylinder-head-with-all-kinds-excavator-models.webp\" alt=\"Cilindra galvas att\u0113ls\" \/><\/p>\n<h2>Lietojumprogrammu scen\u0101riji<\/h2>\n<ul>\n<li>\n<h3>Celtniec\u012bbas apr\u012bkojums<\/h3>\n<p>Ekskavatoros str\u0113les cilindri ir nepiecie\u0161ami augsnes vai gru\u017eu rak\u0161anai, iekrau\u0161anai un p\u0101rvieto\u0161anai. Ekskavatoros-iekr\u0101v\u0113jos tie pal\u012bdz ne tikai rak\u0161anas, bet ar\u012b cel\u0161anas oper\u0101cij\u0101s, padarot tos par neat\u0146emamu sast\u0101vda\u013cu da\u017e\u0101dos b\u016bvniec\u012bbas uzdevumos.<\/p>\n<\/li>\n<li>\n<h3>Lauksaimniec\u012bbas tehnika<\/h3>\n<p>Front\u0101lo iekr\u0101v\u0113ju str\u0113les cilindri ir \u013coti svar\u012bgi augsnes, siena un citu materi\u0101lu sav\u0101k\u0161anai, cel\u0161anai un transport\u0113\u0161anai, uzlabojot lauksaimniec\u012bbas darbu produktivit\u0101ti.<\/p>\n<\/li>\n<li>\n<h3>Ekskavatori<\/h3>\n<p>Str\u0113les cilindrs \u013cauj kausam efekt\u012bvi iek\u013c\u016bt augsn\u0113, atvieglojot efekt\u012bvas rak\u0161anas oper\u0101cijas, kas ir \u013coti svar\u012bgas b\u016bvniec\u012bbas un ainavu veido\u0161anas projektos.<\/p>\n<\/li>\n<li>\n<h3>Iekr\u0101v\u0113ji<\/h3>\n<p>Front\u0101lajos iekr\u0101v\u0113jos \u0161ie cilindri pal\u012bdz efekt\u012bvi pacelt un izkraut materi\u0101lus, t\u0101d\u0113j\u0101di veicinot efekt\u012bvus iekrau\u0161anas un izkrau\u0161anas procesus.<\/p>\n<\/li>\n<\/ul>\n<h2>Dizaina apsv\u0113rumi un atlases krit\u0113riji<\/h2>\n<ul>\n<li>\n<h3>Kravnes\u012bba<\/h3>\n<p>Optim\u0101las kravnes\u012bbas projekt\u0113\u0161ana ir \u013coti svar\u012bga, lai nodro\u0161in\u0101tu, ka str\u0113les cilindrs var iztur\u0113t paredzam\u0101s slodzes ekspluat\u0101cijas laik\u0101. Tas ietver maksim\u0101lo slodzes apst\u0101k\u013cu anal\u012bzi un nodro\u0161in\u0101\u0161anu, ka materi\u0101li un konstrukcijas metodes ir piem\u0113rotas, lai p\u0101rsniegtu \u0161\u012bs pras\u012bbas.<\/p>\n<\/li>\n<li>\n<h3>Bl\u012bv\u0113juma integrit\u0101te<\/h3>\n<p>Efekt\u012bva bl\u012bv\u0113\u0161ana ir b\u016btiska, lai nov\u0113rstu hidraulisk\u0101 \u0161\u0137idruma nopl\u016bdi, kas var izrais\u012bt darb\u012bbas trauc\u0113jumus. Konstrukcij\u0101 j\u0101iek\u013cauj augstas kvalit\u0101tes bl\u012bv\u0113jumi, kas iztur spiedienu un vides faktorus, nodro\u0161inot ilgm\u016b\u017e\u012bbu un uzticam\u012bbu.<\/p>\n<\/li>\n<li>\n<h3>Iztur\u012bba<\/h3>\n<p>Iztur\u012bba ir b\u016btisks konstrukcijas apsv\u0113rums, jo str\u0113les cilindri darbojas sare\u017e\u0123\u012btos apst\u0101k\u013cos. Izmantotajiem materi\u0101liem j\u0101b\u016bt iztur\u012bgiem pret nodilumu un koroziju, un cilindram j\u0101b\u016bt konstru\u0113tam t\u0101, lai tas iztur\u0113tu atk\u0101rtotus darb\u012bbas ciklus bez degrad\u0101cijas.<\/p>\n<\/li>\n<li>\n<h3>Dro\u0161\u012bbas funkcijas<\/h3>\n<p>Dro\u0161\u012bbas funkciju, piem\u0113ram, spiediena samazin\u0101\u0161anas v\u0101rstu, iek\u013cau\u0161ana pal\u012bdz nov\u0113rst katastrof\u0101las k\u013c\u016bmes. Projekt\u0113\u0161anai j\u0101nodro\u0161ina, lai \u0161ie dro\u0161\u012bbas meh\u0101nismi b\u016btu viegli pieejami apkopes p\u0101rbaud\u0113m.<\/p>\n<\/li>\n<li>\n<h3>Apkopes pieejam\u012bba<\/h3>\n<p>Konstrukcijai j\u0101nodro\u0161ina vienk\u0101r\u0161a apkope un remonts, ar pieejam\u0101m sast\u0101vda\u013c\u0101m, kuras var apkalpot vai nomain\u012bt bez pla\u0161as iek\u0101rtas demont\u0101\u017eas.<\/p>\n<\/li>\n<\/ul>\n<p><img decoding=\"async\" src=\"https:\/\/www.hydraulic-cylinders.net\/wp-content\/uploads\/2025\/04\/songte-oil-pipes-and-spare-parts.webp\" alt=\"E\u013c\u013cas caurules un rezerves da\u013cu att\u0113ls\" \/><\/p>\n<h2>Bl\u012bv\u0113\u0161ana un e\u013c\u013co\u0161ana<\/h2>\n<p>Efekt\u012bva bl\u012bv\u0113\u0161ana un e\u013c\u013co\u0161ana ir kritiski svar\u012bga str\u0113les cilindru optim\u0101lai darb\u012bbai. Lai nodro\u0161in\u0101tu spiediena saglab\u0101\u0161anu cilindr\u0101, tiek izmantoti da\u017e\u0101di bl\u012bv\u0113\u0161anas elementi, piem\u0113ram, virzu\u013ca bl\u012bves un stie\u0146a bl\u012bves. \u0160iem bl\u012bv\u0113jumiem izv\u0113l\u0113tie materi\u0101li, tostarp poliuret\u0101ns un nitrila gumija, uzlabo nodilumiztur\u012bbu un pagarina kalpo\u0161anas laiku. Turkl\u0101t cilindra korpuss un v\u012bt\u0146ot\u0101s gala virsmas tiek prec\u012bzi apstr\u0101d\u0101tas, lai uzlabotu iztur\u012bbu. Regul\u0101ra e\u013c\u013co\u0161ana ar hidraulisko e\u013c\u013cu ir b\u016btiska, lai samazin\u0101tu berzi, uzlabotu veiktsp\u0113ju un nov\u0113rstu priek\u0161laic\u012bgu nodilumu.<\/p>\n<h2>Regul\u0101ra p\u0101rbaude un profilaktisk\u0101 apkope<\/h2>\n<ul>\n<li>\n<h3>Regul\u0101ras p\u0101rbaudes<\/h3>\n<p>Ir \u013coti svar\u012bgi regul\u0101ri p\u0101rbaud\u012bt str\u0113les cilindru un ar tiem saist\u012btos komponentus. Darb\u012bbas laik\u0101 mekl\u0113jiet nodiluma paz\u012bmes, nopl\u016bdes un neparastas ska\u0146as. Savlaic\u012bga probl\u0113mu atkl\u0101\u0161ana var nov\u0113rst d\u0101rgus remontdarbus un d\u012bkst\u0101ves.<\/p>\n<\/li>\n<li>\n<h3>Pareiza e\u013c\u013co\u0161ana<\/h3>\n<p>Lai nodro\u0161in\u0101tu vienm\u0113r\u012bgu darb\u012bbu, ir \u013coti svar\u012bgi nodro\u0161in\u0101t cilindra pien\u0101c\u012bgu e\u013c\u013co\u0161anu. Izmantojiet ieteicamo hidraulisk\u0101s e\u013c\u013cas veidu un regul\u0101ri p\u0101rbaudiet l\u012bmeni. E\u013c\u013co\u0161ana pal\u012bdz samazin\u0101t berzi un pagarina bl\u012bv\u0113jumu un citu sast\u0101vda\u013cu kalpo\u0161anas laiku.<\/p>\n<\/li>\n<li>\n<h3>Bl\u012bvju nomai\u0146as un kalibr\u0113\u0161anas p\u0101rbaudes<\/h3>\n<p>Laika gait\u0101 bl\u012bves var nolietoties un zaud\u0113t efektivit\u0101ti. Regul\u0101ri p\u0101rbaudiet, vai bl\u012bves nav boj\u0101tas, un nomainiet t\u0101s p\u0113c nepiecie\u0161am\u012bbas, lai saglab\u0101tu hidraulisko integrit\u0101ti. Turkl\u0101t periodiskas kalibr\u0113\u0161anas p\u0101rbaudes nodro\u0161ina, ka cilindrs darbojas noteikto parametru robe\u017e\u0101s, uzlabojot dro\u0161\u012bbu un veiktsp\u0113ju.<\/p>\n<\/li>\n<\/ul>\n<p><img decoding=\"async\" src=\"https:\/\/www.hydraulic-cylinders.net\/wp-content\/uploads\/2025\/04\/songte-chushion-collar.webp\" alt=\"Spilvenu apkakles att\u0113ls\" \/><\/p>\n<h2>Dro\u0161\u012bbas apsv\u0113rumi un vides faktori<\/h2>\n<p>Str\u0113les cilindru lieto\u0161anas laik\u0101 priorit\u0101te j\u0101pie\u0161\u0137ir dro\u0161\u012bbas pas\u0101kumiem. Lai samazin\u0101tu riskus, ir svar\u012bgi pien\u0101c\u012bgi apm\u0101c\u012bt operatorus par dro\u0161\u012bbas protokoliem. Turkl\u0101t vides faktori, piem\u0113ram, laika apst\u0101k\u013ci, var ietekm\u0113t cilindru darb\u012bbu, un tie j\u0101\u0146em v\u0113r\u0101 darb\u012bbas pl\u0101no\u0161an\u0101. Regul\u0101ras dro\u0161\u012bbas rev\u012bzijas un noteikumu iev\u0113ro\u0161ana nodro\u0161ina, ka iek\u0101rtas ir dro\u0161i lietojamas un samazina ietekmi uz vidi.<\/p>\n<h2>K\u013c\u016bmju diagnostika un bie\u017e\u0101k sastopam\u0101s probl\u0113mas<\/h2>\n<ul>\n<li>\n<h3>Nopl\u016bdes probl\u0113mas<\/h3>\n<p>Hidraulisk\u0101 \u0161\u0137idruma nopl\u016bde var liecin\u0101t par boj\u0101tu bl\u012bv\u0113jumu vai cilindru. Regul\u0101ras p\u0101rbaudes var pal\u012bdz\u0113t identific\u0113t \u0161\u012bs probl\u0113mas, pirms t\u0101s p\u0101raug liel\u0101k\u0101s probl\u0113m\u0101s.<\/p>\n<\/li>\n<li>\n<h3>Nekonsekventa veiktsp\u0113ja<\/h3>\n<p>Ja str\u0113les cilindrs kustas nevienm\u0113r\u012bgi vai tam ir samazin\u0101ts sp\u0113ks, tas var b\u016bt saist\u012bts ar gaisu hidrauliskaj\u0101 sist\u0113m\u0101 vai nepietiekamu hidraulisk\u0101 \u0161\u0137idruma daudzumu. Probl\u0113mu nov\u0113r\u0161anai j\u0101koncentr\u0113jas uz \u0161iem iesp\u0113jamiem c\u0113lo\u0146iem.<\/p>\n<\/li>\n<li>\n<h3>Troksnis darb\u012bbas laik\u0101<\/h3>\n<p>Neparastas ska\u0146as var liecin\u0101t par iek\u0161\u0113ju nodilumu vai boj\u0101jumiem. Trok\u0161\u0146a avota izp\u0113te var nov\u0113rst turpm\u0101kus boj\u0101jumus un nodro\u0161in\u0101t dro\u0161u darb\u012bbu.<\/p>\n<\/li>\n<\/ul>\n<h2>Probl\u0113mu nov\u0113r\u0161anas padomi un risin\u0101jumi<\/h2>\n<p>Lai efekt\u012bvi diagnostic\u0113tu un nov\u0113rstu probl\u0113mas ar str\u0113les cilindriem, ir svar\u012bgi saglab\u0101t proakt\u012bvu pieeju. Regul\u0101ra apkope un p\u0101rbaudes var pal\u012bdz\u0113t laikus identific\u0113t potenci\u0101l\u0101s probl\u0113mas. Turkl\u0101t prevent\u012bvu pas\u0101kumu ievie\u0161ana, piem\u0113ram, pareizas e\u013c\u013co\u0161anas nodro\u0161in\u0101\u0161ana un augstas kvalit\u0101tes bl\u012bv\u0113jumu izmanto\u0161ana, var samazin\u0101t probl\u0113mu ra\u0161an\u0101s iesp\u0113jam\u012bbu n\u0101kotn\u0113.<\/p>\n<p><img decoding=\"async\" src=\"https:\/\/www.hydraulic-cylinders.net\/wp-content\/uploads\/2025\/04\/songte-bushings-with-all-kinds-of-excavator-models.webp\" alt=\"Bukses att\u0113ls\" \/><\/p>\n<h2>Uz\u0146\u0113muma p\u0101rskats<\/h2>\n<p>M\u0113s esam vado\u0161ais rezerves hidraulisko cilindru ra\u017eot\u0101js un vairumtirgot\u0101js, kas pied\u0101v\u0101 pla\u0161u produktu kl\u0101stu. M\u016bsu ap\u0146em\u0161an\u0101s nodro\u0161in\u0101t izcil\u012bbu kvalit\u0101t\u0113 apvienojum\u0101 ar prec\u012bzu ra\u017eo\u0161anas strat\u0113\u0123iju ir pozicion\u0113jusi m\u016bs k\u0101 tirgus l\u012bderi gan viet\u0113j\u0101, gan starptautisk\u0101 m\u0113rog\u0101. M\u0113s izmantojam tehnolo\u0123isk\u0101s zin\u0101\u0161anas, modernu ra\u017eo\u0161anas apr\u012bkojumu un profesion\u0101las test\u0113\u0161anas sist\u0113mas, lai uzlabotu savas ra\u017eo\u0161anas iesp\u0113jas. M\u016bsu koncentr\u0113\u0161an\u0101s uz augstu efektivit\u0101ti, precizit\u0101ti un kvalit\u0101ti \u013cauj mums apmierin\u0101t da\u017e\u0101das klientu vajadz\u012bbas, vienlaikus saglab\u0101jot sp\u0113c\u012bgas rado\u0161\u0101s sp\u0113jas.<\/p>\n<p><img decoding=\"async\" src=\"https:\/\/www.hydraulic-cylinders.net\/wp-content\/uploads\/2025\/04\/songte-company-4.webp\" alt=\"Uz\u0146\u0113muma t\u0113ls\" \/><br \/>\n<img decoding=\"async\" src=\"https:\/\/www.hydraulic-cylinders.net\/wp-content\/uploads\/2025\/04\/songte-company-3.webp\" alt=\"Uz\u0146\u0113muma t\u0113ls\" \/><\/p>\n<p>M\u016bsu pieredze aptver profesion\u0101las sertifik\u0101cijas, piel\u0101gotus pakalpojumus, modernas ra\u017eo\u0161anas iek\u0101rtas un visaptvero\u0161u p\u0113cp\u0101rdo\u0161anas atbalstu.<\/p>\n<p>Autors: lil<\/p>","protected":false},"excerpt":{"rendered":"<p>Boom Cylinder For JCHI NS220C Introduction to the Boom Cylinder The Boom Cylinder, specifically designed for JCHI NS220C, is a critical component in hydraulic systems used in heavy machinery. This hydraulic cylinder is responsible for controlling the movement of the bucket in excavators, backhoe loaders, and front-end loaders. It enables the bucket to lift, lower, [&hellip;]<\/p>","protected":false},"featured_media":17872,"comment_status":"open","ping_status":"closed","template":"","meta":{"_et_pb_use_builder":"","_et_pb_old_content":"","_et_gb_content_width":""},"product_brand":[],"product_cat":[1546],"product_tag":[1547,1496],"class_list":{"0":"post-19488","1":"product","2":"type-product","3":"status-publish","4":"has-post-thumbnail","6":"product_cat-boom-cylinders","7":"product_tag-boom-cylinders","8":"product_tag-hydraulic-cylinders","10":"first","11":"instock","12":"shipping-taxable","13":"product-type-simple"},"amp_enabled":true,"_links":{"self":[{"href":"https:\/\/www.hydraulic-cylinders.net\/lv\/wp-json\/wp\/v2\/product\/19488","targetHints":{"allow":["GET"]}}],"collection":[{"href":"https:\/\/www.hydraulic-cylinders.net\/lv\/wp-json\/wp\/v2\/product"}],"about":[{"href":"https:\/\/www.hydraulic-cylinders.net\/lv\/wp-json\/wp\/v2\/types\/product"}],"replies":[{"embeddable":true,"href":"https:\/\/www.hydraulic-cylinders.net\/lv\/wp-json\/wp\/v2\/comments?post=19488"}],"wp:featuredmedia":[{"embeddable":true,"href":"https:\/\/www.hydraulic-cylinders.net\/lv\/wp-json\/wp\/v2\/media\/17872"}],"wp:attachment":[{"href":"https:\/\/www.hydraulic-cylinders.net\/lv\/wp-json\/wp\/v2\/media?parent=19488"}],"wp:term":[{"taxonomy":"product_brand","embeddable":true,"href":"https:\/\/www.hydraulic-cylinders.net\/lv\/wp-json\/wp\/v2\/product_brand?post=19488"},{"taxonomy":"product_cat","embeddable":true,"href":"https:\/\/www.hydraulic-cylinders.net\/lv\/wp-json\/wp\/v2\/product_cat?post=19488"},{"taxonomy":"product_tag","embeddable":true,"href":"https:\/\/www.hydraulic-cylinders.net\/lv\/wp-json\/wp\/v2\/product_tag?post=19488"}],"curies":[{"name":"wp","href":"https:\/\/api.w.org\/{rel}","templated":true}]}}