{"id":19489,"date":"2025-04-07T06:50:23","date_gmt":"2025-04-07T06:50:23","guid":{"rendered":"https:\/\/www.hydraulic-cylinders.net\/product\/boom-cylinder-for-sinomach-zg3065-9\/"},"modified":"2025-04-07T06:50:25","modified_gmt":"2025-04-07T06:50:25","slug":"boom-cylinder-for-sinomach-zg3065-9","status":"publish","type":"product","link":"https:\/\/www.hydraulic-cylinders.net\/lv\/products\/boom-cylinder-for-sinomach-zg3065-9\/","title":{"rendered":"Str\u0113les cilindrs Sinomach ZG3065-9"},"content":{"rendered":"<h1>Str\u0113les cilindrs Sinomach ZG3065-9<\/h1>\n<h2>Ievads str\u0113les cilindr\u0101<\/h2>\n<p>Str\u0113les cilindrs ir b\u016btiska hidraulisko sist\u0113mu sast\u0101vda\u013ca, kas \u012bpa\u0161i paredz\u0113ta kausu kust\u012bbas vad\u012bbai smag\u0101 ma\u0161\u012bn\u0101, piem\u0113ram, ekskavatoros, ekskavatoros-iekr\u0101v\u0113jos un front\u0101lajos iekr\u0101v\u0113jos. \u0160is hidrauliskais cilindrs \u013cauj kausam pacelt, nolaist un noliekt, atvieglojot efekt\u012bvus materi\u0101lu apstr\u0101des uzdevumus. Tam ir iz\u0161\u0137iro\u0161a noz\u012bme da\u017e\u0101du celtniec\u012bbas un lauksaimniec\u012bbas ma\u0161\u012bnu darb\u012bb\u0101, nodro\u0161inot, ka smagas kravas var apstr\u0101d\u0101t prec\u012bzi un viegli.<\/p>\n<p><img decoding=\"async\" src=\"https:\/\/www.hydraulic-cylinders.net\/wp-content\/uploads\/2025\/04\/songte-company-1.webp\" alt=\"Str\u0113les cilindra att\u0113ls\" \/><\/p>\n<h2>Str\u0113les cilindra \u012bpa\u0161\u012bbas<\/h2>\n<ul>\n<li><strong>Augsta iztur\u012bba un ilgm\u016b\u017e\u012bba:<\/strong> Izgatavots no augstas stipr\u012bbas t\u0113rauda vai alum\u012bnija, str\u0113les cilindrs ir paredz\u0113ts augsta spiediena un lielu slodzi iztur\u0113\u0161anai, padarot to piem\u0113rotu skarbiem darba apst\u0101k\u013ciem. T\u0101 konstrukcija ietver nodilumiztur\u012bbu un iztur\u012bbu pret koroziju, iev\u0113rojami pagarinot t\u0101 kalpo\u0161anas laiku.<\/li>\n<li><strong>Efekt\u012bva hidraulisk\u0101 darb\u012bba:<\/strong> Str\u0113les cilindrs izmanto hidraulisk\u0101s e\u013c\u013cas spiedienu, lai pan\u0101ktu vienm\u0113r\u012bgu izstiep\u0161anu un ievilk\u0161anu, \u0101tri rea\u0123\u0113jot uz operatora komand\u0101m un nodro\u0161inot sp\u0113c\u012bgu stum\u0161anas un vilk\u0161anas sp\u0113ku, padarot to ide\u0101li piem\u0113rotu smagu materi\u0101lu apstr\u0101dei un sare\u017e\u0123\u012btu uzdevumu veik\u0161anai.<\/li>\n<li><strong>Da\u017e\u0101di veidi:<\/strong> Atkar\u012bb\u0101 no ekspluat\u0101cijas vajadz\u012bb\u0101m klienti var izv\u0113l\u0113ties vienas darb\u012bbas (hidraulisk\u0101 sist\u0113ma tiek izmantota vien\u0101 virzien\u0101) vai divk\u0101r\u0161as darb\u012bbas (hidraulisk\u0101 sist\u0113ma tiek izmantota abos virzienos) cilindrus. Da\u017ei mode\u013ci ir teleskopiski, kas \u013cauj tos pagarin\u0101t, nepalielinot \u0101r\u0113jos izm\u0113rus, kas ir ide\u0101li piem\u0113roti lieto\u0161anai ierobe\u017eot\u0101 telp\u0101.<\/li>\n<\/ul>\n<p>M\u0113s sp\u0113jam ra\u017eot \u0161os produktus, un m\u016bsu produkti var lieliski aizst\u0101t eso\u0161os hidrauliskos cilindrus.<\/p>\n<p><img decoding=\"async\" src=\"https:\/\/www.hydraulic-cylinders.net\/wp-content\/uploads\/2025\/04\/songte-cylinder-head-with-all-kinds-excavator-models.webp\" alt=\"Ekskavatora mode\u013cu att\u0113ls\" \/><\/p>\n<h2>Str\u0113les cilindra pielietojums<\/h2>\n<ul>\n<li><strong>Celtniec\u012bbas apr\u012bkojums:<\/strong> Ekskavatoros str\u0113les cilindri ir svar\u012bgi rak\u0161anai, iekrau\u0161anai un augsnes vai gru\u017eu p\u0101rvieto\u0161anai. Ekskavatoros-iekr\u0101v\u0113jos kausa cilindrs pal\u012bdz gan rak\u0161anas, gan cel\u0161anas darbos, uzlabojot produktivit\u0101ti b\u016bvlaukumos.<\/li>\n<li><strong>Lauksaimniec\u012bbas tehnika:<\/strong> Front\u0101lo iekr\u0101v\u0113ju str\u0113les cilindri ir \u013coti svar\u012bgi augsnes, siena un citu materi\u0101lu sav\u0101k\u0161anai, cel\u0161anai un transport\u0113\u0161anai, uzlabojot lauksaimniec\u012bbas darb\u012bbu efektivit\u0101ti.<\/li>\n<li><strong>Ekskavatori:<\/strong> Str\u0113les cilindrs \u013cauj kausam efekt\u012bvi iek\u013c\u016bt zem\u0113, veicinot efekt\u012bvus rak\u0161anas procesus.<\/li>\n<li><strong>Iekr\u0101v\u0113ji:<\/strong> Front\u0101lajos iekr\u0101v\u0113jos str\u0113les cilindri pal\u012bdz efekt\u012bvi pacelt un izg\u0101zt kravas, nodro\u0161inot vienm\u0113r\u012bgu materi\u0101lu apstr\u0101di.<\/li>\n<\/ul>\n<h2>Dizaina apsv\u0113rumi<\/h2>\n<h3>Kravnes\u012bba<\/h3>\n<p>Str\u0113les cilindra kravnes\u012bba ir kritisks konstrukcijas apsv\u0113rums, kas tie\u0161i ietekm\u0113 t\u0101 veiktsp\u0113ju. Tas j\u0101projekt\u0113 t\u0101, lai iztur\u0113tu maksim\u0101lo slodzi, kas paredzama ekspluat\u0101cijas laik\u0101, nodro\u0161inot dro\u0161\u012bbu un uzticam\u012bbu. Labi projekt\u0113ts str\u0113les cilindrs var iztur\u0113t smagas slodzes, neliecoties un neboj\u0101joties, kas ir svar\u012bgi efekt\u012bvai tehnikas darb\u012bbai.<\/p>\n<h3>Bl\u012bv\u0113\u0161ana<\/h3>\n<p>Efekt\u012bva bl\u012bv\u0113\u0161ana ir \u0101rk\u0101rt\u012bgi svar\u012bga, lai nov\u0113rstu \u0161\u0137idruma nopl\u016bdes un uztur\u0113tu spiedienu hidrauliskaj\u0101 sist\u0113m\u0101. Augstas kvalit\u0101tes bl\u012bv\u0113jumi nodro\u0161ina hidraulisk\u0101 \u0161\u0137idruma notur\u0113\u0161anu, kas ir svar\u012bgi str\u0113les cilindra darb\u012bbai. Regul\u0101ra bl\u012bv\u0113jumu p\u0101rbaude un nomai\u0146a var nov\u0113rst d\u0101rgas d\u012bkst\u0101ves un remontu.<\/p>\n<h3>Iztur\u012bba<\/h3>\n<p>Iztur\u012bba ir galvenais faktors str\u0113les cilindru konstrukcij\u0101. \u0160\u012bm sast\u0101vda\u013c\u0101m j\u0101iztur ekstrem\u0101li darba apst\u0101k\u013ci, tostarp augsts spiediens, main\u012bgas temperat\u016bras un skarba vide. Izmantojot materi\u0101lus, kas ir iztur\u012bgi pret nodilumu un koroziju, tiek veicin\u0101ta cilindra ilgm\u016b\u017e\u012bba, samazinot apkopes un nomai\u0146as izmaksas.<\/p>\n<h3>Dro\u0161\u012bba<\/h3>\n<p>Dro\u0161\u012bbas funkcijas str\u0113les cilindru konstrukcij\u0101 ir \u013coti svar\u012bgas, lai nov\u0113rstu negad\u012bjumus ekspluat\u0101cijas laik\u0101. Dro\u0161\u012bbas v\u0101rstu, spiediena samazin\u0101\u0161anas sist\u0113mu un rezerves sist\u0113mu iek\u013cau\u0161ana uzlabo dro\u0161\u012bbu, nodro\u0161inot, ka tehnika darbojas dro\u0161\u0101s robe\u017e\u0101s. Regul\u0101ra apkope un dro\u0161\u012bbas protokolu iev\u0113ro\u0161ana v\u0113l vair\u0101k mazina ar hidrauliskaj\u0101m sist\u0113m\u0101m saist\u012btos riskus.<\/p>\n<h3>Uzturam\u012bba<\/h3>\n<p>Str\u0113les cilindru projekt\u0113\u0161ana vienk\u0101r\u0161ai apkopei ir b\u016btiska efekt\u012bvai darb\u012bbai. Sast\u0101vda\u013c\u0101m j\u0101b\u016bt viegli pieejam\u0101m p\u0101rbaudei, e\u013c\u013co\u0161anai un nomai\u0146ai. Konstrukcija, kas atvieglo \u0101tru remontu, var iev\u0113rojami samazin\u0101t d\u012bkst\u0101ves laiku, nodro\u0161inot, ka tehnika turpina darboties un ir produkt\u012bva.<\/p>\n<p><img decoding=\"async\" src=\"https:\/\/www.hydraulic-cylinders.net\/wp-content\/uploads\/2025\/04\/songte-oil-pipes-and-spare-parts.webp\" alt=\"E\u013c\u013cas caurules un rezerves da\u013cu att\u0113ls\" \/><\/p>\n<h2>Bl\u012bv\u0113\u0161ana un e\u013c\u013co\u0161ana<\/h2>\n<p>Pareiza bl\u012bv\u0113\u0161ana un e\u013c\u013co\u0161ana ir kritiski svar\u012bga str\u0113les cilindru darb\u012bbai. Da\u017e\u0101di bl\u012bv\u0113jumi, piem\u0113ram, virzu\u013ca bl\u012bv\u0113jumi un stie\u0146a bl\u012bv\u0113jumi, ir \u013coti svar\u012bgi, lai nov\u0113rstu hidraulisk\u0101 \u0161\u0137idruma nopl\u016bdi. Bl\u012bv\u0113jumu izv\u0113le no nodilumiztur\u012bgiem materi\u0101liem, piem\u0113ram, poliuret\u0101na un nitrila gumijas, palielina iztur\u012bbu. Cilindra korpuss un v\u012bt\u0146ot\u0101s gala virsmas ir r\u016bp\u012bgi j\u0101apstr\u0101d\u0101, lai uzlabotu nodilumiztur\u012bbu. Turkl\u0101t ir nepiecie\u0161ama regul\u0101ra e\u013c\u013co\u0161ana ar hidraulisko e\u013c\u013cu, lai nodro\u0161in\u0101tu vienm\u0113r\u012bgu darb\u012bbu un samazin\u0101tu nodilumu.<\/p>\n<h2>Prevent\u012bvie apkopes pas\u0101kumi<\/h2>\n<ul>\n<li><strong>Regul\u0101ras p\u0101rbaudes:<\/strong> Regul\u0101ri p\u0101rbaudiet str\u0113les cilindru, lai laikus atkl\u0101tu jebk\u0101das nodiluma vai boj\u0101jumu paz\u012bmes. \u0160\u012b proakt\u012bv\u0101 pieeja var pal\u012bdz\u0113t nov\u0113rst nopietnus boj\u0101jumus un d\u0101rgus remontdarbus.<\/li>\n<li><strong>E\u013c\u013co\u0161ana:<\/strong> P\u0101rliecinieties, ka hidraulisk\u0101 \u0161\u0137idruma l\u012bmenis ir atbilsto\u0161\u0101 l\u012bmen\u012b un ka regul\u0101ri tiek uzkl\u0101tas sm\u0113rvielas, lai nodro\u0161in\u0101tu vienm\u0113r\u012bgu darb\u012bbu.<\/li>\n<li><strong>Bl\u012bv\u0113juma nomai\u0146a:<\/strong> Uzraugiet bl\u012bv\u0113jumu nodilumu un nomainiet tos p\u0113c nepiecie\u0161am\u012bbas, lai nov\u0113rstu nopl\u016bdes un uztur\u0113tu sist\u0113mas spiedienu.<\/li>\n<\/ul>\n<h2>Instal\u0101cijas rokasgr\u0101mata<\/h2>\n<p>Pareiza str\u0113les cilindra uzst\u0101d\u012b\u0161ana ir \u013coti svar\u012bga t\u0101 veiktsp\u0113jai. Vispirms p\u0101rliecinieties, vai mont\u0101\u017eas virsmas ir t\u012bras un bez gru\u017eiem. Izmantojiet atbilsto\u0161\u0101s mont\u0101\u017eas kron\u0161teinus, lai nostiprin\u0101tu cilindru viet\u0101, nodro\u0161inot pareizu cilindra un tehnikas izl\u012bdzin\u0101\u0161anu. Iev\u0113rojiet ra\u017eot\u0101ja specifik\u0101cijas par skr\u016bvju pievilk\u0161anu un hidraulisko l\u012bniju uzst\u0101d\u012b\u0161anu. Pirms iek\u0101rtas lieto\u0161anas p\u0101rliecinieties, vai visi savienojumi ir dro\u0161i un bez nopl\u016bd\u0113m. Ir svar\u012bgi ar\u012b atgaisot hidraulisko sist\u0113mu, lai no\u0146emtu gaisa kabatas, kas var ietekm\u0113t veiktsp\u0113ju.<\/p>\n<h2>Bie\u017ei sastopamie apkopes uzdevumi<\/h2>\n<ul>\n<li><strong>Regul\u0101ras p\u0101rbaudes:<\/strong> Regul\u0101ri veiciet p\u0101rbaudes, lai uzraudz\u012btu str\u0113les cilindra st\u0101vokli. Mekl\u0113jiet nodiluma, nopl\u016b\u017eu vai boj\u0101jumu paz\u012bmes, kas var\u0113tu ietekm\u0113t veiktsp\u0113ju.<\/li>\n<li><strong>Pareiza e\u013c\u013co\u0161ana:<\/strong> P\u0101rliecinieties, vai cilindrs ir pien\u0101c\u012bgi iee\u013c\u013cots, lai nodro\u0161in\u0101tu vienm\u0113r\u012bgu darb\u012bbu. Optim\u0101lai veiktsp\u0113jai izmantojiet ieteicamo hidraulisko e\u013c\u013cu.<\/li>\n<li><strong>Bl\u012bv\u0113juma nomai\u0146a un kalibr\u0113\u0161ana:<\/strong> Nomainiet bl\u012bves p\u0113c nepiecie\u0161am\u012bbas un veiciet kalibr\u0113\u0161anas p\u0101rbaudes, lai p\u0101rliecin\u0101tos, ka cilindrs darbojas noteikto parametru robe\u017e\u0101s.<\/li>\n<\/ul>\n<h2>Dro\u0161\u012bbas apsv\u0113rumi un vides faktori<\/h2>\n<p>Izmantojot hidrauliskos cilindrus, ir svar\u012bgi ieviest dro\u0161\u012bbas pas\u0101kumus, lai aizsarg\u0101tu operatorus un apr\u012bkojumu. Tas ietver visu dro\u0161\u012bbas funkciju darb\u012bbu un operatoru apm\u0101c\u012bbu dro\u0161ai tehnikas lieto\u0161anai. Vides apsv\u0113rumi, piem\u0113ram, hidraulisk\u0101 \u0161\u0137idruma nopl\u016b\u017eu nov\u0113r\u0161ana, ir b\u016btiski, lai uztur\u0113tu dro\u0161u un t\u012bru darba vidi. Pareiza hidraulisko \u0161\u0137idrumu un komponentu utiliz\u0101cija ar\u012b veicina ilgtsp\u0113j\u012bbu un atbilst\u012bbu vides noteikumiem.<\/p>\n<h2>Probl\u0113mu nov\u0113r\u0161ana un bie\u017ei sastopamas probl\u0113mas<\/h2>\n<ul>\n<li><strong>Spiediena zudums:<\/strong> Ja str\u0113les cilindr\u0101 rodas spiediena zudums, p\u0101rbaudiet, vai hidrauliskaj\u0101s l\u012bnij\u0101s vai bl\u012bv\u0113s nav nopl\u016b\u017eu. P\u0101rliecinieties, vai hidraulisk\u0101 \u0161\u0137idruma l\u012bmenis ir pietiekams, un p\u0101rbaudiet, vai nav aizsprostojumu.<\/li>\n<li><strong>L\u0113na darb\u012bba:<\/strong> L\u0113na darb\u012bba var liecin\u0101t par nepietiekamu hidraulisk\u0101 \u0161\u0137idruma daudzumu vai gaisu sist\u0113m\u0101. Lai atrisin\u0101tu \u0161o probl\u0113mu, atgaisojiet sist\u0113mu un p\u0101rbaudiet \u0161\u0137idruma l\u012bmeni.<\/li>\n<li><strong>Nevienm\u0113r\u012bga kust\u012bba:<\/strong> Ja str\u0113les cilindrs kustas nevienm\u0113r\u012bgi, p\u0101rbaudiet, vai bl\u012bves un hidrauliskie savienojumi nav boj\u0101ti vai nodilu\u0161i. P\u0101rliecinieties, vai cilindrs ir pareizi izl\u012bdzin\u0101ts un kalibr\u0113ts.<\/li>\n<\/ul>\n<h2>Probl\u0113mu nov\u0113r\u0161anas padomi<\/h2>\n<p>Lai efekt\u012bvi diagnostic\u0113tu un nov\u0113rstu probl\u0113mas ar str\u0113les cilindriem, vispirms p\u0101rskatiet lieto\u0161anas instrukciju, lai iepaz\u012btos ar probl\u0113mu nov\u0113r\u0161anas vadl\u012bnij\u0101m. Regul\u0101ra apkope var nov\u0113rst daudzas bie\u017ei sastopamas probl\u0113mas, t\u0101p\u0113c iev\u0113rojiet pl\u0101not\u0101s p\u0101rbaudes un nekav\u0113joties nomainiet nolietot\u0101s deta\u013cas. Sistem\u0101tiskas pieejas ievie\u0161ana cilindru darb\u012bbas uzraudz\u012bbai pal\u012bdz identific\u0113t potenci\u0101l\u0101s probl\u0113mas, pirms t\u0101s saasin\u0101s, nodro\u0161inot uzticamu darb\u012bbu.<\/p>\n<p><img decoding=\"async\" src=\"https:\/\/www.hydraulic-cylinders.net\/wp-content\/uploads\/2025\/04\/songte-bushings-with-all-kinds-of-excavator-models.webp\" alt=\"Bukses ar ekskavatora mode\u013ca att\u0113lu\" \/><\/p>\n<h2>Par m\u016bsu uz\u0146\u0113mumu<\/h2>\n<p>M\u0113s esam vado\u0161ais rezerves hidraulisko cilindru ra\u017eot\u0101js, kas pied\u0101v\u0101 pla\u0161u produktu kl\u0101stu gan viet\u0113j\u0101, gan starptautiskaj\u0101 tirg\u016b. M\u016bsu ap\u0146em\u0161an\u0101s sasniegt izcil\u012bbu atspogu\u013cojas m\u016bsu r\u016bp\u012bgi izstr\u0101d\u0101tajos ra\u017eo\u0161anas procesos un vad\u012bbas strat\u0113\u0123ij\u0101s. M\u0113s past\u0101v\u012bgi uzlabojam savu ra\u017eo\u0161anas platformu, izmantojot tehniskos talantus, modernu digit\u0101lo ra\u017eo\u0161anas apr\u012bkojumu un profesion\u0101las test\u0113\u0161anas sist\u0113mas, nodro\u0161inot, ka m\u0113s apmierin\u0101m da\u017e\u0101das klientu vajadz\u012bbas ar augstu efektivit\u0101ti, precizit\u0101ti un kvalit\u0101ti.<\/p>\n<h3>Ekspert\u012bze un piel\u0101goti risin\u0101jumi<\/h3>\n<p>Izmantojot m\u016bsu specializ\u0113t\u0101s zin\u0101\u0161anas, m\u0113s pied\u0101v\u0101jam piel\u0101gotus risin\u0101jumus, kas piel\u0101goti konkr\u0113t\u0101m ekspluat\u0101cijas pras\u012bb\u0101m. M\u016bsu starptautiskie sertifik\u0101ti apliecina klientiem m\u016bsu produktu kvalit\u0101ti un uzticam\u012bbu, padarot m\u016bs par uzticamu partneri hidraulisko risin\u0101jumu jom\u0101.<\/p>\n<h3>Uzlabotas ra\u017eo\u0161anas iek\u0101rtas<\/h3>\n<p>M\u016bsu ra\u017eotnes ir apr\u012bkotas ar modern\u0101kaj\u0101m ra\u017eo\u0161anas iek\u0101rt\u0101m, kas \u013cauj mums ra\u017eot hidrauliskos cilindrus, kas atbilst stingriem kvalit\u0101tes standartiem. M\u016bsu stingr\u0101s kvalit\u0101tes kontroles procesi nodro\u0161ina, ka visi produkti p\u0101rsniedz klientu cer\u012bbas.<\/p>\n<h3>P\u0113cp\u0101rdo\u0161anas atbalsts<\/h3>\n<p>M\u0113s lepojamies ar to, ka sniedzam izcilu p\u0113cp\u0101rdo\u0161anas atbalstu, pal\u012bdzot klientiem ar uzst\u0101d\u012b\u0161anu, apkopi un probl\u0113mu nov\u0113r\u0161anu. M\u016bsu \u012bpa\u0161i atlas\u012bt\u0101 klientu apkalpo\u0161anas komanda vienm\u0113r ir pieejama, lai atbild\u0113tu uz visiem jaut\u0101jumiem vai ba\u017e\u0101m.<\/p>\n<p><img decoding=\"async\" src=\"https:\/\/www.hydraulic-cylinders.net\/wp-content\/uploads\/2025\/04\/songte-company-4.webp\" alt=\"Uz\u0146\u0113muma att\u0113ls 1\" \/><br \/>\n<img decoding=\"async\" src=\"https:\/\/www.hydraulic-cylinders.net\/wp-content\/uploads\/2025\/04\/songte-company-3.webp\" alt=\"Uz\u0146\u0113muma att\u0113ls 2\" \/><\/p>\n<p>Autors: lil<\/p>","protected":false},"excerpt":{"rendered":"<p>Boom Cylinder For Sinomach ZG3065-9 Introduction to Boom Cylinder The Boom Cylinder is a vital component in hydraulic systems, specifically designed for controlling the movement of buckets in heavy machinery such as excavators, backhoe loaders, and front loaders. This hydraulic cylinder allows the bucket to lift, lower, and tilt, facilitating efficient material handling tasks. It [&hellip;]<\/p>","protected":false},"featured_media":17873,"comment_status":"open","ping_status":"closed","template":"","meta":{"_et_pb_use_builder":"","_et_pb_old_content":"","_et_gb_content_width":""},"product_brand":[],"product_cat":[1546],"product_tag":[1547,1496],"class_list":{"0":"post-19489","1":"product","2":"type-product","3":"status-publish","4":"has-post-thumbnail","6":"product_cat-boom-cylinders","7":"product_tag-boom-cylinders","8":"product_tag-hydraulic-cylinders","10":"first","11":"instock","12":"shipping-taxable","13":"product-type-simple"},"amp_enabled":true,"_links":{"self":[{"href":"https:\/\/www.hydraulic-cylinders.net\/lv\/wp-json\/wp\/v2\/product\/19489","targetHints":{"allow":["GET"]}}],"collection":[{"href":"https:\/\/www.hydraulic-cylinders.net\/lv\/wp-json\/wp\/v2\/product"}],"about":[{"href":"https:\/\/www.hydraulic-cylinders.net\/lv\/wp-json\/wp\/v2\/types\/product"}],"replies":[{"embeddable":true,"href":"https:\/\/www.hydraulic-cylinders.net\/lv\/wp-json\/wp\/v2\/comments?post=19489"}],"wp:featuredmedia":[{"embeddable":true,"href":"https:\/\/www.hydraulic-cylinders.net\/lv\/wp-json\/wp\/v2\/media\/17873"}],"wp:attachment":[{"href":"https:\/\/www.hydraulic-cylinders.net\/lv\/wp-json\/wp\/v2\/media?parent=19489"}],"wp:term":[{"taxonomy":"product_brand","embeddable":true,"href":"https:\/\/www.hydraulic-cylinders.net\/lv\/wp-json\/wp\/v2\/product_brand?post=19489"},{"taxonomy":"product_cat","embeddable":true,"href":"https:\/\/www.hydraulic-cylinders.net\/lv\/wp-json\/wp\/v2\/product_cat?post=19489"},{"taxonomy":"product_tag","embeddable":true,"href":"https:\/\/www.hydraulic-cylinders.net\/lv\/wp-json\/wp\/v2\/product_tag?post=19489"}],"curies":[{"name":"wp","href":"https:\/\/api.w.org\/{rel}","templated":true}]}}