{"id":19490,"date":"2025-04-07T06:50:25","date_gmt":"2025-04-07T06:50:25","guid":{"rendered":"https:\/\/www.hydraulic-cylinders.net\/product\/boom-cylinder-for-sinomach-zg3150-9c\/"},"modified":"2025-04-07T06:50:31","modified_gmt":"2025-04-07T06:50:31","slug":"boom-cylinder-for-sinomach-zg3150-9c","status":"publish","type":"product","link":"https:\/\/www.hydraulic-cylinders.net\/lv\/products\/boom-cylinder-for-sinomach-zg3150-9c\/","title":{"rendered":"Str\u0113les cilindrs Sinomach ZG3150-9C"},"content":{"rendered":"<h1>Str\u0113les cilindrs Sinomach ZG3150-9C<\/h1>\n<h2>Ievads str\u0113les cilindr\u0101<\/h2>\n<p>Sinomach ZG3150-9C str\u0113les cilindrs ir specializ\u0113ts hidrauliskais cilindrs, kas paredz\u0113ts kausu kust\u012bbas vad\u012bbai smagaj\u0101 ma\u0161\u012bn\u0101. \u0160iem hidrauliskajiem cilindriem ir iz\u0161\u0137iro\u0161a noz\u012bme hidrauliskaj\u0101s sist\u0113m\u0101s, \u013caujot pacelt, nolaist un noliekt t\u0101du apr\u012bkojumu k\u0101 ekskavatorus, ekskavatorus-iekr\u0101v\u0113jus un front\u0101los iekr\u0101v\u0113jus. Ar sp\u0113ju atvieglot materi\u0101lu apstr\u0101des uzdevumus, \u0161ie cilindri nodro\u0161ina darb\u012bbas efektivit\u0101ti un lietder\u012bbu darba viet\u0101s.<\/p>\n<p><img decoding=\"async\" src=\"https:\/\/www.hydraulic-cylinders.net\/wp-content\/uploads\/2025\/04\/songte-company-1.webp\" alt=\"Hidraulisk\u0101 cilindra att\u0113ls\"><\/p>\n<h3>Kausa cilindru defin\u012bcija un p\u0101rskats<\/h3>\n<p>Kausa cilindri, kas paz\u012bstami ar\u012b k\u0101 str\u0113les cilindri, ir hidrauliskie cilindri, kas \u012bpa\u0161i izstr\u0101d\u0101ti, lai p\u0101rvald\u012btu kausu kust\u012bbu da\u017e\u0101d\u0101s smagaj\u0101s ma\u0161\u012bn\u0101s. Tie izmanto hidraulisko spiedienu, lai pan\u0101ktu vienm\u0113r\u012bgas un kontrol\u0113tas kust\u012bbas. Nodro\u0161inot smagu kravu cel\u0161anu un prec\u012bzu le\u0146\u0137a regul\u0113\u0161anu, kausa cilindri iev\u0113rojami uzlabo iek\u0101rtu funkcionalit\u0101ti, padarot tos neaizst\u0101jamus b\u016bvniec\u012bb\u0101, lauksaimniec\u012bb\u0101 un cit\u0101s smag\u0101s ma\u0161\u012bn\u0101s.<\/p>\n<h2>Str\u0113les cilindra \u012bpa\u0161\u012bbas<\/h2>\n<ul>\n<li><strong>Augsta iztur\u012bba un ilgm\u016b\u017e\u012bba:<\/strong> \u0160ie cilindri, kas parasti ir izgatavoti no augstas stipr\u012bbas t\u0113rauda vai alum\u012bnija, ir paredz\u0113ti, lai iztur\u0113tu augstu spiedienu un lielas slodzes. Tie ir konstru\u0113ti darbam skarbos darba apst\u0101k\u013cos, un tiem ir funkcijas, kas uzlabo nodilumiztur\u012bbu un aizsardz\u012bbu pret koroziju, nodro\u0161inot ilgu kalpo\u0161anas laiku.<\/li>\n<li><strong>Efekt\u012bva hidraulisk\u0101 darb\u012bba:<\/strong> Izmantojot hidraulisk\u0101s e\u013c\u013cas spiedienu, str\u0113les cilindrs nodro\u0161ina vienm\u0113r\u012bgu izstiep\u0161anu un ievilk\u0161anu. \u0160\u012b \u0101tr\u0101 reakcija uz operatora komand\u0101m nodro\u0161ina jaud\u012bgas stum\u0161anas un vilk\u0161anas sp\u0113jas, padarot to piem\u0113rotu smagu materi\u0101lu apstr\u0101dei un sare\u017e\u0123\u012btu ekspluat\u0101cijas uzdevumu veik\u0161anai.<\/li>\n<li><strong>Veidu da\u017e\u0101d\u012bba:<\/strong> Atkar\u012bb\u0101 no pras\u012bb\u0101m \u0161ie cilindri var b\u016bt vienas darb\u012bbas (izmantojot hidraulisko sp\u0113ku vien\u0101 virzien\u0101) vai divk\u0101r\u0161as darb\u012bbas (izmantojot hidraulisko sp\u0113ku abos virzienos). Da\u017ei mode\u013ci ir teleskopiski, kas \u013cauj tos papla\u0161in\u0101t, nepalielinot \u0101r\u0113jos izm\u0113rus, kas ir ide\u0101li piem\u0113rots lietojumiem ar ierobe\u017eotu vietu.<\/li>\n<\/ul>\n<p>M\u0113s ra\u017eojam \u0161o produktu, un m\u016bsu cilindri var lieliski aizst\u0101t \u0161os hidrauliskos cilindrus.<\/p>\n<p><img decoding=\"async\" src=\"https:\/\/www.hydraulic-cylinders.net\/wp-content\/uploads\/2025\/04\/songte-cylinder-head-with-all-kinds-excavator-models.webp\" alt=\"Ekskavatoru mode\u013ci\"><\/p>\n<h2>Str\u0113les cilindru pielietojums<\/h2>\n<h3>Celtniec\u012bbas apr\u012bkojums<\/h3>\n<p>B\u016bvniec\u012bbas ma\u0161\u012bn\u0101s str\u0113les cilindri ir b\u016btiskas ekskavatoru sast\u0101vda\u013cas. Tie ir \u013coti svar\u012bgi rak\u0161anai, iekrau\u0161anai un augsnes vai gru\u017eu p\u0101rvieto\u0161anai. Ekskavatoros-iekr\u0101v\u0113jos \u0161ie cilindri ne tikai pal\u012bdz rak\u0161anas darbos, bet ar\u012b cel\u0161anas oper\u0101cij\u0101s.<\/p>\n<h3>Lauksaimniec\u012bbas tehnika<\/h3>\n<p>Front\u0101lajos iekr\u0101v\u0113jos str\u0113les cilindriem ir b\u016btiska loma augsnes, siena un citu materi\u0101lu sav\u0101k\u0161an\u0101, cel\u0161an\u0101 un transport\u0113\u0161an\u0101. To sp\u0113ja efekt\u012bvi veikt da\u017e\u0101dus lauksaimniec\u012bbas uzdevumus padara tos neaizst\u0101jamus lauksaimniec\u012bbas nozar\u0113.<\/p>\n<h3>Ekskavatori<\/h3>\n<p>Str\u0113les cilindrs ir atbild\u012bgs par to, lai kauss var\u0113tu efekt\u012bvi iek\u013c\u016bt augsn\u0113 rak\u0161anas darbu laik\u0101. \u0160\u012b funkcionalit\u0101te ir kritiski svar\u012bga, lai sasniegtu optim\u0101lu rak\u0161anas dzi\u013cumu un efektivit\u0101ti.<\/p>\n<h3>Iekr\u0101v\u0113ji<\/h3>\n<p>Front\u0101lajos iekr\u0101v\u0113jos str\u0113les cilindri pal\u012bdz efekt\u012bvi pacelt un izkraut kravas, uzlabojot produktivit\u0101ti un materi\u0101lu apstr\u0101des iesp\u0113jas darba viet\u0101s.<\/p>\n<h2>Dizaina apsv\u0113rumi un atlases krit\u0113riji<\/h2>\n<h3>Kravnes\u012bba<\/h3>\n<p>Izv\u0113loties str\u0113les cilindru, kravnes\u012bba ir \u0101rk\u0101rt\u012bgi svar\u012bga. Cilindram j\u0101sp\u0113j iztur\u0113t maksim\u0101lo slodzi, kas paredzama ekspluat\u0101cijas laik\u0101. Pareizs izm\u0113rs nodro\u0161ina, ka iek\u0101rta darbojas dro\u0161i un efekt\u012bvi, samazinot cilindra atteices risku.<\/p>\n<h3>Bl\u012bv\u0113\u0161ana<\/h3>\n<p>Efekt\u012bva bl\u012bv\u0113\u0161ana ir \u013coti svar\u012bga, lai nov\u0113rstu hidraulisk\u0101 \u0161\u0137idruma nopl\u016bdes un uztur\u0113tu optim\u0101lu spiedienu cilindr\u0101. Augstas kvalit\u0101tes bl\u012bv\u0113jumi pagarina cilindra kalpo\u0161anas laiku, nov\u0113r\u0161ot pies\u0101r\u0146ojumu un samazinot nodilumu.<\/p>\n<h3>Iztur\u012bba<\/h3>\n<p>Iztur\u012bba ir kritiski svar\u012bgs faktors, \u012bpa\u0161i sare\u017e\u0123\u012btos apst\u0101k\u013cos. Str\u0113les cilindra konstrukcij\u0101 izmantotajiem materi\u0101liem j\u0101b\u016bt iztur\u012bgiem pret nodilumu, koroziju un nogurumu, nodro\u0161inot ilgtermi\u0146a uzticam\u012bbu un veiktsp\u0113ju.<\/p>\n<h3>Dro\u0161\u012bba<\/h3>\n<p>Dro\u0161\u012bba ir galvenais apsv\u0113rums hidraulisko cilindru projekt\u0113\u0161an\u0101. T\u0101das funkcijas k\u0101 spiediena samazin\u0101\u0161anas v\u0101rsti un iztur\u012bgas mont\u0101\u017eas iesp\u0113jas samazina negad\u012bjumu un iek\u0101rtu boj\u0101jumu risku.<\/p>\n<h3>Uzturam\u012bba<\/h3>\n<p>Izv\u0113loties viegli kopjamu str\u0113les cilindru, tiks pagarin\u0101ts t\u0101 kalpo\u0161anas laiks. Konstrukcijas elementi, kas nodro\u0161ina \u0113rtu piek\u013cuvi bl\u012bv\u0113m un iek\u0161\u0113j\u0101m sast\u0101vda\u013c\u0101m, padara apkopes uzdevumus vienk\u0101r\u0161\u0101kus un \u0101tr\u0101kus, t\u0101d\u0113j\u0101di samazinot d\u012bkst\u0101ves laiku.<\/p>\n<p><img decoding=\"async\" src=\"https:\/\/www.hydraulic-cylinders.net\/wp-content\/uploads\/2025\/04\/songte-oil-pipes-and-spare-parts.webp\" alt=\"E\u013c\u013cas caurules un rezerves da\u013cas\"><\/p>\n<h2>Hidraulisk\u0101 cilindra bl\u012bv\u0113\u0161ana un e\u013c\u013co\u0161ana<\/h2>\n<p>Pareiza bl\u012bv\u0113\u0161ana un e\u013c\u013co\u0161ana ir neat\u0146emama str\u0113les cilindra funkcijas un ilgm\u016b\u017e\u012bbas sast\u0101vda\u013ca. Lai uztur\u0113tu hidraulisko spiedienu un nov\u0113rstu \u0161\u0137idruma nopl\u016bdi, tiek izmantoti da\u017e\u0101di bl\u012bv\u0113jumi, piem\u0113ram, virzu\u013ca bl\u012bv\u0113jumi un stie\u0146a bl\u012bv\u0113jumi. Iztur\u012bgu materi\u0101lu, piem\u0113ram, poliuret\u0101na un nitrila gumijas, izv\u0113le bl\u012bv\u0113jumiem uzlabo iztur\u012bbu pret nodilumu un vides faktoriem.<\/p>\n<p>Cilindra korpuss un v\u012bt\u0146ot\u0101s gala virsmas tiek r\u016bp\u012bgi apstr\u0101d\u0101tas, lai uzlabotu nodilumiztur\u012bbu. Regul\u0101ra e\u013c\u013co\u0161ana ar hidraulisko e\u013c\u013cu ir nepiecie\u0161ama, lai samazin\u0101tu berzi un nodro\u0161in\u0101tu vienm\u0113r\u012bgu darb\u012bbu. Atbilsto\u0161a e\u013c\u013co\u0161ana veicina hidraulisk\u0101 cilindra kop\u0113jo efektivit\u0101ti un kalpo\u0161anas laiku.<\/p>\n<h2>Regul\u0101ra apkope un prevent\u012bvie pas\u0101kumi<\/h2>\n<ul>\n<li><strong>Bie\u017eas p\u0101rbaudes:<\/strong> Regul\u0101ri p\u0101rbaudiet str\u0113les cilindru, vai nav nodiluma, nopl\u016b\u017eu vai boj\u0101jumu paz\u012bmju. Probl\u0113mu agr\u012bna atkl\u0101\u0161ana var nov\u0113rst turpm\u0101kas komplik\u0101cijas un d\u0101rgus remontdarbus.<\/li>\n<li><strong>Pareiza e\u013c\u013co\u0161ana:<\/strong> P\u0101rliecinieties, vai cilindrs ir pietiekami iee\u013c\u013cots ar hidraulisko e\u013c\u013cu. Tas samazina kust\u012bgo da\u013cu berzi un nodilumu, veicinot vienm\u0113r\u012bgu darb\u012bbu.<\/li>\n<li><strong>Bl\u012bv\u0113juma nomai\u0146a:<\/strong> Laika gait\u0101 bl\u012bves var nolietoties un k\u013c\u016bt neefekt\u012bvas. Regul\u0101ri p\u0101rbaudiet un nomainiet bl\u012bves p\u0113c nepiecie\u0161am\u012bbas, lai saglab\u0101tu hidraulisko integrit\u0101ti.<\/li>\n<\/ul>\n<h2>Str\u0113les cilindra uzst\u0101d\u012b\u0161anas vadl\u012bnijas<\/h2>\n<p>Pareiza str\u0113les cilindra uzst\u0101d\u012b\u0161ana ir b\u016btiska optim\u0101lai veiktsp\u0113jai. Vispirms p\u0101rliecinieties, vai visas sast\u0101vda\u013cas ir t\u012bras un bez gru\u017eiem. Pareizi izl\u012bdziniet cilindru ar stiprin\u0101juma punktiem, jo \u200b\u200bnepareiza izl\u012bdzin\u0101\u0161ana var izrais\u012bt spriegumu un priek\u0161laic\u012bgu nodilumu.<\/p>\n<p>Izmantojiet atbilsto\u0161us mont\u0101\u017eas kron\u0161teinus, lai nostiprin\u0101tu cilindru viet\u0101, nov\u0113r\u0161ot kust\u012bbu darb\u012bbas laik\u0101. Pievelkot skr\u016bves, iev\u0113rojiet ra\u017eot\u0101ja nor\u0101d\u012btos griezes momentus, lai nodro\u0161in\u0101tu dro\u0161u stiprin\u0101jumu. P\u0113c uzst\u0101d\u012b\u0161anas v\u0113lreiz p\u0101rbaudiet hidraulisko savienojumu izl\u012bdzin\u0101jumu un darb\u012bbu.<\/p>\n<p>P\u0113c uzst\u0101d\u012b\u0161anas veiciet testa darb\u012bbu, lai p\u0101rliecin\u0101tos par cilindra nevainojamu darb\u012bbu, un veiciet nepiecie\u0161am\u0101s korekcijas, lai nodro\u0161in\u0101tu optim\u0101lu veiktsp\u0113ju.<\/p>\n<h2>Bie\u017ei sastopamie apkopes uzdevumi<\/h2>\n<h3>Regul\u0101ras p\u0101rbaudes<\/h3>\n<p>Regul\u0101ras p\u0101rbaudes ir \u013coti svar\u012bgas, lai uztur\u0113tu str\u0113les cilindra darb\u012bbas efektivit\u0101ti. Mekl\u0113jiet jebk\u0101das nopl\u016bdes, nodiluma vai boj\u0101jumu paz\u012bmes. Probl\u0113mu agr\u012bna atkl\u0101\u0161ana var nov\u0113rst nopietn\u0101kas probl\u0113mas v\u0113l\u0101k. Pl\u0101nojiet p\u0101rbaudes, pamatojoties uz lieto\u0161anas bie\u017eumu, nodro\u0161inot, ka visas potenci\u0101l\u0101s probl\u0113mas tiek risin\u0101tas, pirms t\u0101s saasin\u0101s.<\/p>\n<h3>Piem\u0113rota e\u013c\u013co\u0161ana<\/h3>\n<p>E\u013c\u013co\u0161ana j\u0101veic saska\u0146\u0101 ar ra\u017eot\u0101ja vadl\u012bnij\u0101m. Pareiza e\u013c\u013co\u0161ana samazina berzi, pagarinot cilindra kalpo\u0161anas laiku un nodro\u0161inot optim\u0101lu veiktsp\u0113ju. Vienm\u0113r izmantojiet ieteicamo hidraulisk\u0101s e\u013c\u013cas veidu un p\u0101rliecinieties, ka bl\u012bves paliek neskartas, lai nov\u0113rstu pies\u0101r\u0146ojumu.<\/p>\n<h3>Bl\u012bvju nomai\u0146as un kalibr\u0113\u0161anas p\u0101rbaudes<\/h3>\n<p>Regul\u0101ri p\u0101rbaudiet bl\u012bv\u0113jumu nodilumu un nomainiet tos p\u0113c nepiecie\u0161am\u012bbas. Atbilsto\u0161s bl\u012bv\u0113jums uztur hidraulisko spiedienu un nov\u0113r\u0161 nopl\u016bdes. Turkl\u0101t kalibr\u0113\u0161anas p\u0101rbaudes ir b\u016btiskas, lai nodro\u0161in\u0101tu, ka cilindrs darbojas noteikto parametru robe\u017e\u0101s. Pareiza kalibr\u0113\u0161ana uzlabo hidraulisko sist\u0113mu efektivit\u0101ti un dro\u0161\u012bbu.<\/p>\n<p><img decoding=\"async\" src=\"https:\/\/www.hydraulic-cylinders.net\/wp-content\/uploads\/2025\/04\/songte-chushion-collar.webp\" alt=\"Spilvenu apkakle\"><\/p>\n<h2>Dro\u0161\u012bbas apsv\u0113rumi un vides faktori<\/h2>\n<p>Str\u0101d\u0101jot ar hidrauliskajiem cilindriem, dro\u0161\u012bbas pas\u0101kumi ir \u0101rk\u0101rt\u012bgi svar\u012bgi. Operatoriem j\u0101b\u016bt apm\u0101c\u012btiem par hidraulisko sist\u0113mu dro\u0161u ekspluat\u0101ciju un apkopi, lai mazin\u0101tu riskus. Lai nov\u0113rstu negad\u012bjumus, ir svar\u012bgi ar\u012b valk\u0101t atbilsto\u0161us individu\u0101los aizsardz\u012bbas l\u012bdzek\u013cus (IAL). Turkl\u0101t \u0146emiet v\u0113r\u0101 hidraulisko \u0161\u0137idrumu ietekmi uz vidi, nodro\u0161inot pareizu utiliz\u0101ciju un samazinot nopl\u016bdes, lai aizsarg\u0101tu ekosist\u0113mu.<\/p>\n<h2>K\u013c\u016bmju diagnostika un bie\u017e\u0101k sastopam\u0101s probl\u0113mas<\/h2>\n<ul>\n<li><strong>Nopl\u016bde:<\/strong> Nopl\u016bdes var rasties nodilu\u0161u bl\u012bv\u0113jumu vai boj\u0101tu \u0161\u013c\u016bte\u0146u d\u0113\u013c. Regul\u0101ra p\u0101rbaude un t\u016bl\u012bt\u0113ja nopl\u016b\u017eu nov\u0113r\u0161ana ir \u013coti svar\u012bga, lai uztur\u0113tu hidraulisko spiedienu un funkcionalit\u0101ti.<\/li>\n<li><strong>L\u0113na kust\u012bba:<\/strong> Ja str\u0113les cilindrs kustas l\u0113ni, tas var liecin\u0101t par zemu hidraulisk\u0101 \u0161\u0137idruma l\u012bmeni, pies\u0101r\u0146ojumu vai nodilu\u0161\u0101m bl\u012bv\u0113m. \u0160o probl\u0113mu savlaic\u012bga nov\u0113r\u0161ana nodro\u0161ina vienm\u0113r\u012bgu darb\u012bbu.<\/li>\n<li><strong>Neparastas ska\u0146as:<\/strong> Neparastas ska\u0146as darb\u012bbas laik\u0101 var liecin\u0101t par meh\u0101nisku k\u013c\u016bmi vai nepietiekamu e\u013c\u013co\u0161anu. \u0160o probl\u0113mu izp\u0113te un nov\u0113r\u0161ana ir \u013coti svar\u012bga, lai nov\u0113rstu turpm\u0101kus boj\u0101jumus.<\/li>\n<\/ul>\n<p>Lai nov\u0113rstu \u0161\u012bs probl\u0113mas, s\u0101ciet ar visu sast\u0101vda\u013cu r\u016bp\u012bgu p\u0101rbaudi. Nomainiet boj\u0101t\u0101s deta\u013cas, p\u0113c nepiecie\u0161am\u012bbas uzpildiet hidraulisko \u0161\u0137idrumu un nodro\u0161iniet atbilsto\u0161u e\u013c\u013co\u0161anu, lai sist\u0113ma darbotos lab\u0101 darba k\u0101rt\u012bb\u0101.<\/p>\n<h2>Secin\u0101jums<\/h2>\n<p>M\u0113s esam vado\u0161ais alternat\u012bvo hidraulisko cilindru ra\u017eot\u0101js, kas pied\u0101v\u0101 pla\u0161u produktu kl\u0101stu. M\u016bsu ap\u0146em\u0161an\u0101s nodro\u0161in\u0101t izcil\u012bbu un prec\u012bzu ra\u017eo\u0161anu nodro\u0161ina, ka m\u0113s apmierin\u0101m da\u017e\u0101das klientu vajadz\u012bbas gan viet\u0113j\u0101, gan starptautiskaj\u0101 tirg\u016b. Koncentr\u0113joties uz augstas kvalit\u0101tes ra\u017eo\u0161anu, m\u016bsu modern\u0101s ra\u017eo\u0161anas iek\u0101rtas un profesion\u0101l\u0101s test\u0113\u0161anas sist\u0113mas uzlabo produktu kvalit\u0101ti un uzticam\u012bbu.<\/p>\n<p>M\u016bsu pieredze sniedzas l\u012bdz piel\u0101gotu risin\u0101jumu pied\u0101v\u0101\u0161anai, un m\u016bsu starptautiskie sertifik\u0101ti garant\u0113 augst\u0101kos standartus. M\u0113s lepojamies ar savu p\u0113cp\u0101rdo\u0161anas servisu, nodro\u0161inot klientu apmierin\u0101t\u012bbu, sniedzot nep\u0101rtrauktu atbalstu.<\/p>\n<p><img decoding=\"async\" src=\"https:\/\/www.hydraulic-cylinders.net\/wp-content\/uploads\/2025\/04\/songte-company-4.webp\" alt=\"Uz\u0146\u0113muma t\u0113ls\"><br \/>\n<img decoding=\"async\" src=\"https:\/\/www.hydraulic-cylinders.net\/wp-content\/uploads\/2025\/04\/songte-company-3.webp\" alt=\"Uz\u0146\u0113muma t\u0113ls\"><\/p>\n<p>Autors: lil<\/p>","protected":false},"excerpt":{"rendered":"<p>Boom Cylinder For Sinomach ZG3150-9C Introduction to Boom Cylinder The Boom Cylinder for Sinomach ZG3150-9C is a specialized hydraulic cylinder designed to control the movement of buckets in heavy machinery. These hydraulic cylinders play a crucial role in hydraulic systems, allowing for the lifting, lowering, and tilting of equipment such as excavators, backhoe loaders, and [&hellip;]<\/p>","protected":false},"featured_media":17874,"comment_status":"open","ping_status":"closed","template":"","meta":{"_et_pb_use_builder":"","_et_pb_old_content":"","_et_gb_content_width":""},"product_brand":[],"product_cat":[1546],"product_tag":[1547,1496],"class_list":{"0":"post-19490","1":"product","2":"type-product","3":"status-publish","4":"has-post-thumbnail","6":"product_cat-boom-cylinders","7":"product_tag-boom-cylinders","8":"product_tag-hydraulic-cylinders","10":"first","11":"instock","12":"shipping-taxable","13":"product-type-simple"},"amp_enabled":true,"_links":{"self":[{"href":"https:\/\/www.hydraulic-cylinders.net\/lv\/wp-json\/wp\/v2\/product\/19490","targetHints":{"allow":["GET"]}}],"collection":[{"href":"https:\/\/www.hydraulic-cylinders.net\/lv\/wp-json\/wp\/v2\/product"}],"about":[{"href":"https:\/\/www.hydraulic-cylinders.net\/lv\/wp-json\/wp\/v2\/types\/product"}],"replies":[{"embeddable":true,"href":"https:\/\/www.hydraulic-cylinders.net\/lv\/wp-json\/wp\/v2\/comments?post=19490"}],"wp:featuredmedia":[{"embeddable":true,"href":"https:\/\/www.hydraulic-cylinders.net\/lv\/wp-json\/wp\/v2\/media\/17874"}],"wp:attachment":[{"href":"https:\/\/www.hydraulic-cylinders.net\/lv\/wp-json\/wp\/v2\/media?parent=19490"}],"wp:term":[{"taxonomy":"product_brand","embeddable":true,"href":"https:\/\/www.hydraulic-cylinders.net\/lv\/wp-json\/wp\/v2\/product_brand?post=19490"},{"taxonomy":"product_cat","embeddable":true,"href":"https:\/\/www.hydraulic-cylinders.net\/lv\/wp-json\/wp\/v2\/product_cat?post=19490"},{"taxonomy":"product_tag","embeddable":true,"href":"https:\/\/www.hydraulic-cylinders.net\/lv\/wp-json\/wp\/v2\/product_tag?post=19490"}],"curies":[{"name":"wp","href":"https:\/\/api.w.org\/{rel}","templated":true}]}}