{"id":19492,"date":"2025-04-07T06:50:42","date_gmt":"2025-04-07T06:50:42","guid":{"rendered":"https:\/\/www.hydraulic-cylinders.net\/product\/boom-cylinder-for-jove-jv55-7\/"},"modified":"2025-04-07T06:50:44","modified_gmt":"2025-04-07T06:50:44","slug":"boom-cylinder-for-jove-jv55-7","status":"publish","type":"product","link":"https:\/\/www.hydraulic-cylinders.net\/lv\/products\/boom-cylinder-for-jove-jv55-7\/","title":{"rendered":"Str\u0113les cilindrs Jove JV55-7"},"content":{"rendered":"<h1>Str\u0113les cilindrs Jove JV55-7<\/h1>\n<h2>Kausa cilindra defin\u012bcija un p\u0101rskats<\/h2>\n<p>Jove JV55-7 str\u0113les cilindrs ir specializ\u0113ts hidrauliskais cilindrs, kas paredz\u0113ts, lai kontrol\u0113tu kausu kust\u012bbu da\u017e\u0101d\u0101s smagaj\u0101s ma\u0161\u012bn\u0101s, piem\u0113ram, ekskavatoros, univers\u0101lajos iekr\u0101v\u0113jos un front\u0101lajos iekr\u0101v\u0113jos. \u0160\u012b b\u016btisk\u0101 sast\u0101vda\u013ca \u013cauj kausam pacelt, nolaist un noliekt, atvieglojot efekt\u012bvus materi\u0101lu apstr\u0101des uzdevumus. Kausa cilindrs darbojas hidrauliskaj\u0101s sist\u0113m\u0101s, izmantojot spiediena hidraulisko \u0161\u0137idrumu, lai rad\u012btu kust\u012bbu un sp\u0113ku. Kausa cilindri ir \u013coti svar\u012bgi uzdevumiem, kuriem nepiecie\u0161ama precizit\u0101te un jauda, \u200b\u200bpadarot tos neaizst\u0101jamus vair\u0101k\u0101s nozar\u0113s.<\/p>\n<p><img decoding=\"async\" src=\"https:\/\/www.hydraulic-cylinders.net\/wp-content\/uploads\/2025\/04\/songte-company-1.webp\" alt=\"Kausa cilindra att\u0113ls\"><\/p>\n<h2>Str\u0113les cilindra \u012bpa\u0161\u012bbas<\/h2>\n<ul>\n<li><strong>Augsta iztur\u012bba un ilgm\u016b\u017e\u012bba:<\/strong> Izgatavots no augstas stipr\u012bbas t\u0113rauda vai alum\u012bnija, str\u0113les cilindrs var iztur\u0113t augstu spiedienu un lielas slodzes, kas ir piem\u0113rots skarbiem darba apst\u0101k\u013ciem. Konstrukcij\u0101 ir \u0146emta v\u0113r\u0101 nodilumiztur\u012bba un aizsardz\u012bba pret koroziju, pagarinot t\u0101 kalpo\u0161anas laiku.<\/li>\n<li><strong>Efekt\u012bva hidraulisk\u0101 darb\u012bba:<\/strong> Tas izmanto hidraulisk\u0101s e\u013c\u013cas spiedienu vienm\u0113r\u012bgai izvilk\u0161anai un ievilk\u0161anai, \u0101tri rea\u0123\u0113jot uz vad\u012bbas komand\u0101m un nodro\u0161inot jaud\u012bgu stum\u0161anas un vilk\u0161anas sp\u0113ku, kas piem\u0113rots smagiem un sare\u017e\u0123\u012btiem uzdevumiem.<\/li>\n<li><strong>Da\u017e\u0101di veidi:<\/strong> Pieejams gan vienk\u0101r\u0161as darb\u012bbas (darbojas vien\u0101 virzien\u0101), gan divpus\u0113jas darb\u012bbas (darbojas abos virzienos) konfigur\u0101cij\u0101s, lai apmierin\u0101tu da\u017e\u0101das ekspluat\u0101cijas vajadz\u012bbas. Da\u017ei mode\u013ci ir teleskopiski, kas \u013cauj tos papla\u0161in\u0101t, nepalielinot \u0101r\u0113jos izm\u0113rus, t\u0101p\u0113c tie ir ide\u0101li piem\u0113roti ierobe\u017eotas vietas lietojumprogramm\u0101m.<\/li>\n<li><strong>Piel\u0101gota ra\u017eo\u0161ana:<\/strong> M\u016bsu produkti var lieliski aizst\u0101t citus hidrauliskos cilindrus, nodro\u0161inot piel\u0101gotus risin\u0101jumus, pamatojoties uz \u012bpa\u0161\u0101m pras\u012bb\u0101m.<\/li>\n<li><strong>Daudzpus\u012bgi pielietojumi:<\/strong> Str\u0113les cilindrs ir sader\u012bgs ar da\u017e\u0101d\u0101m ma\u0161\u012bn\u0101m, nodro\u0161inot funkcionalit\u0101ti da\u017e\u0101dos ekspluat\u0101cijas kontekstos.<\/li>\n<\/ul>\n<p><img decoding=\"async\" src=\"https:\/\/www.hydraulic-cylinders.net\/wp-content\/uploads\/2025\/04\/songte-cylinder-head-with-all-kinds-excavator-models.webp\" alt=\"Ekskavatoru mode\u013ci\"><\/p>\n<h2>Str\u0113les cilindra pielietojuma scen\u0101riji<\/h2>\n<h3>Celtniec\u012bbas apr\u012bkojums<\/h3>\n<p>Ekskavatoros str\u0113les cilindri ir \u013coti svar\u012bgi rak\u0161anai, iekrau\u0161anai un augsnes vai gru\u017eu p\u0101rvieto\u0161anai. Tie atvieglo b\u016btiskas darb\u012bbas, \u013caujot kausam efekt\u012bvi iek\u013c\u016bt augsn\u0113, padarot b\u016bvniec\u012bbas darbus efekt\u012bvus. Ekskavatoros-iekr\u0101v\u0113jos \u0161ie cilindri pal\u012bdz gan rak\u0161an\u0101, gan cel\u0161an\u0101, un tie ir iz\u0161\u0137iro\u0161i svar\u012bgi da\u017e\u0101diem b\u016bvniec\u012bbas uzdevumiem.<\/p>\n<h3>Lauksaimniec\u012bbas tehnika<\/h3>\n<p>Front\u0101lie iekr\u0101v\u0113ji izmanto str\u0113les cilindrus augsnes, siena un citu materi\u0101lu sav\u0101k\u0161anai, cel\u0161anai un transport\u0113\u0161anai. To sp\u0113ja regul\u0113t kausa augstumu \u013cauj efekt\u012bvi veikt lauksaimniec\u012bbas darbus, uzlabojot produktivit\u0101ti lauksaimniec\u012bbas darb\u012bb\u0101s.<\/p>\n<h3>Ekskavatori<\/h3>\n<p>Ekskavatoros kausa cilindrs \u013cauj kausam efekt\u012bvi iek\u013c\u016bt augsn\u0113 rak\u0161anas darbu laik\u0101. \u0160\u012b darb\u012bba ir b\u016btiska b\u016bvniec\u012bb\u0101 un ainavu veido\u0161an\u0101, kur precizit\u0101te un iztur\u012bba ir \u0101rk\u0101rt\u012bgi svar\u012bga veiksm\u012bgai darb\u012bbai.<\/p>\n<h3>Iekr\u0101v\u0113ji<\/h3>\n<p>Front\u0101lajos iekr\u0101v\u0113jos str\u0113les cilindri pal\u012bdz efekt\u012bvi pacelt un izg\u0101zt kravas. To konstrukcija nodro\u0161ina \u0101tru darb\u012bbu, padarot tos piem\u0113rotus da\u017e\u0101du materi\u0101lu apstr\u0101dei, uzlabojot kop\u0113jo darbpl\u016bsmu b\u016bvlaukumos.<\/p>\n<h2>Dizaina apsv\u0113rumi un atlases krit\u0113riji<\/h2>\n<h3>Kravnes\u012bba<\/h3>\n<p>Izv\u0113loties str\u0113les cilindru, ir \u013coti svar\u012bgi izprast t\u0101 kravnes\u012bbu. Cilindram j\u0101sp\u0113j iztur\u0113t maksim\u0101l\u0101s slodzes, kas paredzamas ekspluat\u0101cijas laik\u0101, nerisk\u0113jot ar boj\u0101jumu. Augsta kravnes\u012bba tiek pan\u0101kta, pateicoties iztur\u012bgai konstrukcijai un materi\u0101lu izv\u0113lei, nodro\u0161inot, ka tas var dro\u0161i iztur\u0113t sare\u017e\u0123\u012btus uzdevumus. Kravnes\u012bba tie\u0161i ietekm\u0113 tehnikas veiktsp\u0113ju un uzticam\u012bbu, padarot to par galveno faktoru projekt\u0113\u0161anas proces\u0101.<\/p>\n<h3>Bl\u012bv\u0113juma kvalit\u0101te<\/h3>\n<p>Efekt\u012bva bl\u012bv\u0113\u0161ana ir vit\u0101li svar\u012bga hidrauliskajiem cilindriem. Kvalitat\u012bvi bl\u012bv\u0113jumi nov\u0113r\u0161 hidraulisk\u0101 \u0161\u0137idruma nopl\u016bdi, kas var izrais\u012bt spiediena zudumu un samazin\u0101tu veiktsp\u0113ju. Uzlabotas bl\u012bv\u0113\u0161anas tehnolo\u0123ijas, piem\u0113ram, virzu\u013ca un stie\u0146a bl\u012bv\u0113jumi, kas izgatavoti no iztur\u012bgiem materi\u0101liem, uzlabo cilindra efektivit\u0101ti un kalpo\u0161anas laiku. Pareiza bl\u012bv\u0113juma nodro\u0161in\u0101\u0161ana ar\u012b samazina apkopes pras\u012bbas un ekspluat\u0101cijas d\u012bkst\u0101ves laiku, t\u0101d\u0113j\u0101di veicinot kop\u0113jo produktivit\u0101ti.<\/p>\n<h3>Iztur\u012bba<\/h3>\n<p>Iztur\u012bba ir galvenais apsv\u0113rums str\u0113les cilindru projekt\u0113\u0161an\u0101. Tiem j\u0101iztur skarbi darba apst\u0101k\u013ci, tostarp ekstrem\u0101las temperat\u016bras, abraz\u012bvi materi\u0101li un lielas slodzes. Materi\u0101lu un virsmas apstr\u0101des izv\u0113le, kas ir iztur\u012bga pret nodilumu un koroziju, pagarina produkta kalpo\u0161anas ciklu, padarot iztur\u012bbu par kritisku faktoru ra\u017eo\u0161an\u0101 un lieto\u0161an\u0101.<\/p>\n<h3>Dro\u0161\u012bbas funkcijas<\/h3>\n<p>Dro\u0161\u012bbas elementu iek\u013cau\u0161ana konstrukcij\u0101 ir b\u016btiska, lai nov\u0113rstu negad\u012bjumus un traumas darb\u012bbas laik\u0101. Tas ietver t\u0101das funkcijas k\u0101 spiediena samazin\u0101\u0161anas v\u0101rstus, kas aizsarg\u0101 pret p\u0101rspiedienu, un ierobe\u017eojuma sl\u0113d\u017eus, kas nov\u0113r\u0161 p\u0101rm\u0113r\u012bgu kust\u012bbu. Dro\u0161\u012bbas priorit\u0101te konstrukcij\u0101 ne tikai aizsarg\u0101 operatorus, bet ar\u012b uzlabo iek\u0101rtu kop\u0113jo uzticam\u012bbu.<\/p>\n<h3>Apkopes apsv\u0113rumi<\/h3>\n<p>Apkopes vienk\u0101r\u0161\u012bba ir svar\u012bgs konstrukcijas aspekts. Hidrauliskajiem cilindriem j\u0101b\u016bt konstru\u0113tiem t\u0101, lai tos b\u016btu viegli apkopt, nodro\u0161inot \u0113rtu piek\u013cuvi deta\u013c\u0101m p\u0101rbaudei un remontam. T\u0101di apsv\u0113rumi k\u0101 no\u0146emami bl\u012bv\u0113jumi, pieejami e\u013c\u013co\u0161anas punkti un modul\u0101ra konstrukcija vienk\u0101r\u0161o apkopes uzdevumus, veicinot ilgm\u016b\u017e\u012bbu un optim\u0101lu veiktsp\u0113ju.<\/p>\n<p><img decoding=\"async\" src=\"https:\/\/www.hydraulic-cylinders.net\/wp-content\/uploads\/2025\/04\/songte-oil-pipes-and-spare-parts.webp\" alt=\"E\u013c\u013cas caurules un rezerves da\u013cas\"><\/p>\n<h2>Cilindra bl\u012bv\u0113\u0161ana un e\u013c\u013co\u0161ana<\/h2>\n<p>Pareiza str\u0113les cilindra bl\u012bv\u0113\u0161ana un e\u013c\u013co\u0161ana ir kritiski svar\u012bga t\u0101 veiktsp\u0113jai un ilgm\u016b\u017e\u012bbai. Da\u017e\u0101di bl\u012bv\u0113\u0161anas komponenti, piem\u0113ram, virzu\u013ca bl\u012bv\u0113jumi un stie\u0146a bl\u012bv\u0113jumi, ir b\u016btiski, lai nov\u0113rstu hidraulisk\u0101 \u0161\u0137idruma nopl\u016bdi. Bl\u012bv\u0113jumi, kas izgatavoti no poliuret\u0101na un nitrila gumijas, parasti tiek izmantoti to nodilumiztur\u012bgo \u012bpa\u0161\u012bbu d\u0113\u013c, nodro\u0161inot efekt\u012bvu bl\u012bv\u0113\u0161anu vis\u0101 cilindra kalpo\u0161anas laik\u0101. Turkl\u0101t cilindra korpuss un v\u012bt\u0146ot\u0101s gala virsmas tiek r\u016bp\u012bgi apstr\u0101d\u0101tas, lai uzlabotu to nodilumiztur\u012bbu.<\/p>\n<p>Regul\u0101ra e\u013c\u013co\u0161ana ir ar\u012b \u013coti svar\u012bga. Hidraulisk\u0101 e\u013c\u013ca periodiski j\u0101papildina, lai uztur\u0113tu optim\u0101lu e\u013c\u013co\u0161anas l\u012bmeni, nov\u0113r\u0161ot kust\u012bgo da\u013cu nodilumu. Pareiza e\u013c\u013co\u0161ana pal\u012bdz samazin\u0101t berzi, nodro\u0161inot vienm\u0113r\u012bgu darb\u012bbu un pagarinot hidraulisko komponentu kalpo\u0161anas laiku.<\/p>\n<h2>Prevent\u012bvie apkopes pas\u0101kumi<\/h2>\n<ul>\n<li><strong>Regul\u0101ras p\u0101rbaudes:<\/strong> Ir \u013coti svar\u012bgi periodiski p\u0101rbaud\u012bt hidraulisko cilindru, vai nav nopl\u016b\u017eu, nodiluma vai boj\u0101jumu. Probl\u0113mu agr\u012bna atkl\u0101\u0161ana var nov\u0113rst nopietn\u0101kas probl\u0113mas un d\u0101rgus remontdarbus.<\/li>\n<li><strong>Pareiza e\u013c\u013co\u0161ana:<\/strong> Lai nodro\u0161in\u0101tu vienm\u0113r\u012bgu darb\u012bbu un samazin\u0101tu nodilumu, ir svar\u012bgi nodro\u0161in\u0101t kust\u012bgo da\u013cu atbilsto\u0161u e\u013c\u013co\u0161anu. Regul\u0101ri p\u0101rbaudiet e\u013c\u013cas l\u012bmeni un nepiecie\u0161am\u012bbas gad\u012bjum\u0101 papildiniet.<\/li>\n<li><strong>Bl\u012bv\u0113juma nomai\u0146a:<\/strong> Laika gait\u0101 bl\u012bves var nolietoties. Regul\u0101ri p\u0101rbaudiet bl\u012bves, vai nav nodiluma paz\u012bmju, un nekav\u0113joties nomainiet t\u0101s, lai nov\u0113rstu hidraulisk\u0101 \u0161\u0137idruma nopl\u016bdi un saglab\u0101tu veiktsp\u0113ju.<\/li>\n<\/ul>\n<h2>Uzst\u0101d\u012b\u0161anas vadl\u012bnijas<\/h2>\n<p>Str\u0113les cilindra uzst\u0101d\u012b\u0161ana prasa r\u016bp\u012bgu uzman\u012bbu deta\u013c\u0101m, lai nodro\u0161in\u0101tu optim\u0101lu veiktsp\u0113ju un dro\u0161\u012bbu. Vispirms p\u0101rliecinieties, vai mont\u0101\u017eas kron\u0161teini ir pareizi izl\u012bdzin\u0101ti. Atbilsto\u0161u uzst\u0101d\u012b\u0161anas stiprin\u0101jumu izmanto\u0161ana pal\u012bdz nostiprin\u0101t cilindru viet\u0101, nov\u0113r\u0161ot nepareizu izl\u012bdzin\u0101\u0161anu, kas var\u0113tu izrais\u012bt priek\u0161laic\u012bgu nodilumu.<\/p>\n<p>Uzst\u0101d\u012b\u0161anas laik\u0101 ir svar\u012bgi p\u0101rbaud\u012bt, vai hidrauliskie savienojumi ir cie\u0161i un bez nopl\u016bd\u0113m. Iev\u0113rojiet ra\u017eot\u0101ja nor\u0101d\u012bjumus par griezes momenta iestat\u012bjumiem, lai p\u0101rliecin\u0101tos, ka visi savienojumi ir pareizi nostiprin\u0101ti. P\u0113c uzst\u0101d\u012b\u0161anas p\u0101rbaudiet cilindru, lai p\u0101rliecin\u0101tos, ka tas darbojas vienm\u0113r\u012bgi, bez jebk\u0101diem aizsprostojumiem vai nopl\u016bd\u0113m.<\/p>\n<p>Iev\u0113rojot \u0161\u012bs vadl\u012bnijas, tiek nodro\u0161in\u0101ta str\u0113les cilindra efekt\u012bva darb\u012bba un ilgs kalpo\u0161anas laiks.<\/p>\n<h2>Apkopes uzdevumi<\/h2>\n<h3>Regul\u0101ras p\u0101rbaudes<\/h3>\n<p>Regul\u0101ras p\u0101rbaudes ir b\u016btiskas hidraulisk\u0101 cilindra dro\u0161\u012bbai un efektivit\u0101tei. \u0160\u012bm p\u0101rbaud\u0113m j\u0101koncentr\u0113jas uz jebk\u0101du nodiluma vai boj\u0101jumu paz\u012bmju, tostarp plaisu, nopl\u016b\u017eu un pla\u0161a bl\u012bv\u0113jumu vai virsmu nodiluma, identific\u0113\u0161anu. Probl\u0113mu agr\u012bna atkl\u0101\u0161ana var pal\u012bdz\u0113t nov\u0113rst katastrof\u0101las k\u013c\u016bmes un d\u012bkst\u0101ves, nodro\u0161inot netrauc\u0113tu darb\u012bbu.<\/p>\n<h3>Pareiza e\u013c\u013co\u0161ana<\/h3>\n<p>E\u013c\u013co\u0161ana ir b\u016btiska hidraulisk\u0101 cilindra funkcionalit\u0101tes uztur\u0113\u0161anai. Nodro\u0161iniet, lai e\u013c\u013co\u0161anas punkti b\u016btu viegli pieejami, un regul\u0101ri p\u0101rbaudiet e\u013c\u013cas l\u012bmeni. Pareiza hidraulisk\u0101 \u0161\u0137idruma veida un daudzuma lieto\u0161ana pal\u012bdz samazin\u0101t kust\u012bgo da\u013cu berzi un nodilumu, t\u0101d\u0113j\u0101di pagarinot cilindra kalpo\u0161anas laiku.<\/p>\n<h3>Bl\u012bv\u0113juma nomai\u0146a un kalibr\u0113\u0161ana<\/h3>\n<p>Regul\u0101ra bl\u012bv\u0113jumu nomai\u0146a ir \u013coti svar\u012bga, lai saglab\u0101tu hidraulisko integrit\u0101ti. Nekav\u0113joties nomainiet nolietotos bl\u012bv\u0113jumus, lai nov\u0113rstu hidraulisk\u0101 \u0161\u0137idruma nopl\u016bdi. Kalibr\u0113\u0161anas p\u0101rbaudes nodro\u0161ina, ka cilindrs darbojas noteiktos parametros, optimiz\u0113jot veiktsp\u0113ju un nov\u0113r\u0161ot turpm\u0101kus boj\u0101jumus.<\/p>\n<p>Pareiza uzst\u0101d\u012b\u0161ana, e\u013c\u013co\u0161ana un regul\u0113\u0161ana ir b\u016btiska darb\u012bbas efektivit\u0101tei. Uzst\u0101d\u012b\u0161anas laik\u0101 nodro\u0161iniet pareizu cilindra izl\u012bdzin\u0101\u0161anu un izmantojiet atbilsto\u0161us mont\u0101\u017eas kron\u0161teinus, lai to stabiliz\u0113tu. Iev\u0113rojiet ieteicam\u0101s p\u0101rbaudes, remonta un nomai\u0146as proced\u016bras, lai maksim\u0101li palielin\u0101tu str\u0113les cilindra ilgm\u016b\u017e\u012bbu un efektivit\u0101ti.<\/p>\n<p><img decoding=\"async\" src=\"https:\/\/www.hydraulic-cylinders.net\/wp-content\/uploads\/2025\/04\/songte-chushion-collar.webp\" alt=\"Spilvenu apkakle\"><\/p>\n<h2>Dro\u0161\u012bbas apsv\u0113rumi un vides faktori<\/h2>\n<p>Dro\u0161\u012bbas pas\u0101kumu ievie\u0161ana hidraulisko cilindru darb\u012bbas laik\u0101 ir b\u016btiska. Operatoriem j\u0101b\u016bt apm\u0101c\u012btiem atpaz\u012bt iesp\u0113jamos apdraud\u0113jumus, kas saist\u012bti ar hidrauliskaj\u0101m sist\u0113m\u0101m, tostarp spiediena izlai\u0161anas un \u0161\u0137idruma nopl\u016bdes riskus. Aizsargl\u012bdzek\u013cu lieto\u0161ana un ekspluat\u0101cijas vadl\u012bniju iev\u0113ro\u0161ana pal\u012bdz nov\u0113rst negad\u012bjumus un traumas, nodro\u0161inot dro\u0161u darba vidi.<\/p>\n<h2>Bie\u017ei sastopamo probl\u0113mu nov\u0113r\u0161ana<\/h2>\n<h3>Bie\u017ei sastopamas probl\u0113mas<\/h3>\n<ul>\n<li><strong>Nopl\u016bde:<\/strong> Hidraulisk\u0101 \u0161\u0137idruma nopl\u016bdes var liecin\u0101t par bl\u012bv\u0113juma atteici vai boj\u0101jumu. Regul\u0101ras p\u0101rbaudes var pal\u012bdz\u0113t \u0161\u012bs probl\u0113mas atkl\u0101t agr\u012bn\u0101 stadij\u0101.<\/li>\n<li><strong>L\u0113na darb\u012bba:<\/strong> Ja cilindrs rea\u0123\u0113 l\u0113ni, tas var liecin\u0101t par zemu hidraulisk\u0101 \u0161\u0137idruma l\u012bmeni vai \u0161\u0137idruma pies\u0101r\u0146ojumu.<\/li>\n<li><strong>Nekonsekventa kust\u012bba:<\/strong> Kust\u012bbas sv\u0101rst\u012bbas var liecin\u0101t par gaisu hidrauliskaj\u0101 sist\u0113m\u0101 vai nolietot\u0101m deta\u013c\u0101m.<\/li>\n<\/ul>\n<h3>Padomi probl\u0113mu nov\u0113r\u0161anai<\/h3>\n<p>Lai efekt\u012bvi risin\u0101tu probl\u0113mas, operatoriem j\u0101veic r\u016bp\u012bga p\u0101rbaude, lai noteiktu probl\u0113mu avotu. Lai noteiktu nopl\u016bdes, p\u0101rbaudiet bl\u012bves un savienojumus, nepiecie\u0161am\u012bbas gad\u012bjum\u0101 tos nomainot. Ja veiktsp\u0113jas probl\u0113mas joproj\u0101m past\u0101v, apsveriet iesp\u0113ju iepaz\u012bties ar ra\u017eot\u0101ja vadl\u012bnij\u0101m vai mekl\u0113t profesion\u0101lu pal\u012bdz\u012bbu, lai diagnostic\u0113tu dzi\u013c\u0101kas meh\u0101niskas probl\u0113mas.<\/p>\n<p>Prevent\u012bvie pas\u0101kumi, piem\u0113ram, regul\u0101ra apkope un p\u0101rbaudes, var iev\u0113rojami samazin\u0101t \u0161o probl\u0113mu ra\u0161an\u0101s iesp\u0113jam\u012bbu, nodro\u0161inot vienm\u0113r\u012bg\u0101ku darb\u012bbu un ilg\u0101ku hidraulisk\u0101 cilindra kalpo\u0161anas laiku.<\/p>\n<p><img decoding=\"async\" src=\"https:\/\/www.hydraulic-cylinders.net\/wp-content\/uploads\/2025\/04\/songte-bushings-with-all-kinds-of-excavator-models.webp\" alt=\"Bukses ar ekskavatora mode\u013ciem\"><\/p>\n<h2>Par m\u016bsu uz\u0146\u0113mumu<\/h2>\n<p>M\u0113s esam vado\u0161ais rezerves hidraulisko cilindru ra\u017eot\u0101js, pied\u0101v\u0101jot pla\u0161u produktu kl\u0101stu un k\u013c\u016bstot par vado\u0161o vairumtirgot\u0101ju gan viet\u0113j\u0101, gan starptautiskaj\u0101 tirg\u016b. M\u016bsu ap\u0146em\u0161anos nodro\u0161in\u0101t izcilu kvalit\u0101ti atbalsta izsmalcin\u0101ta ra\u017eo\u0161anas vad\u012bbas strat\u0113\u0123ija. M\u0113s ieguld\u0101m l\u012bdzek\u013cus modern\u0101s ra\u017eo\u0161anas iek\u0101rt\u0101s, kvalific\u0113tos tehni\u0137os un stabil\u0101 p\u0101rbaudes sist\u0113m\u0101, lai nep\u0101rtraukti uzlabotu m\u016bsu ra\u017eo\u0161anas jaudas.<\/p>\n<p>Koncentr\u0113joties uz augstu efektivit\u0101ti, precizit\u0101ti un kvalit\u0101ti, m\u0113s apmierin\u0101m da\u017e\u0101das klientu vajadz\u012bbas. M\u016bsu sp\u0113ja nodro\u0161in\u0101t piel\u0101gotus risin\u0101jumus, ko apliecina starptautiski sertifik\u0101ti, nodro\u0161ina, ka m\u0113s atbilstam augst\u0101kajiem nozares standartiem.<\/p>\n<p><img decoding=\"async\" src=\"https:\/\/www.hydraulic-cylinders.net\/wp-content\/uploads\/2025\/04\/songte-company-4.webp\" alt=\"Uz\u0146\u0113muma att\u0113ls 1\"><br \/>\n<img decoding=\"async\" src=\"https:\/\/www.hydraulic-cylinders.net\/wp-content\/uploads\/2025\/04\/songte-company-3.webp\" alt=\"Uz\u0146\u0113muma att\u0113ls 2\"><\/p>\n<p>Autors: lil<\/p>","protected":false},"excerpt":{"rendered":"<p>Boom Cylinder For Jove JV55-7 Definition and Overview of the Bucket Cylinder The Boom Cylinder for Jove JV55-7 is a specialized hydraulic cylinder designed to control the movement of buckets in various heavy machinery, such as excavators, backhoes, and front loaders. This essential component enables the bucket to lift, lower, and tilt, facilitating efficient material [&hellip;]<\/p>","protected":false},"featured_media":17876,"comment_status":"open","ping_status":"closed","template":"","meta":{"_et_pb_use_builder":"","_et_pb_old_content":"","_et_gb_content_width":""},"product_brand":[],"product_cat":[1546],"product_tag":[1547,1496],"class_list":{"0":"post-19492","1":"product","2":"type-product","3":"status-publish","4":"has-post-thumbnail","6":"product_cat-boom-cylinders","7":"product_tag-boom-cylinders","8":"product_tag-hydraulic-cylinders","10":"first","11":"instock","12":"shipping-taxable","13":"product-type-simple"},"amp_enabled":true,"_links":{"self":[{"href":"https:\/\/www.hydraulic-cylinders.net\/lv\/wp-json\/wp\/v2\/product\/19492","targetHints":{"allow":["GET"]}}],"collection":[{"href":"https:\/\/www.hydraulic-cylinders.net\/lv\/wp-json\/wp\/v2\/product"}],"about":[{"href":"https:\/\/www.hydraulic-cylinders.net\/lv\/wp-json\/wp\/v2\/types\/product"}],"replies":[{"embeddable":true,"href":"https:\/\/www.hydraulic-cylinders.net\/lv\/wp-json\/wp\/v2\/comments?post=19492"}],"wp:featuredmedia":[{"embeddable":true,"href":"https:\/\/www.hydraulic-cylinders.net\/lv\/wp-json\/wp\/v2\/media\/17876"}],"wp:attachment":[{"href":"https:\/\/www.hydraulic-cylinders.net\/lv\/wp-json\/wp\/v2\/media?parent=19492"}],"wp:term":[{"taxonomy":"product_brand","embeddable":true,"href":"https:\/\/www.hydraulic-cylinders.net\/lv\/wp-json\/wp\/v2\/product_brand?post=19492"},{"taxonomy":"product_cat","embeddable":true,"href":"https:\/\/www.hydraulic-cylinders.net\/lv\/wp-json\/wp\/v2\/product_cat?post=19492"},{"taxonomy":"product_tag","embeddable":true,"href":"https:\/\/www.hydraulic-cylinders.net\/lv\/wp-json\/wp\/v2\/product_tag?post=19492"}],"curies":[{"name":"wp","href":"https:\/\/api.w.org\/{rel}","templated":true}]}}