{"id":19494,"date":"2025-04-07T06:50:47","date_gmt":"2025-04-07T06:50:47","guid":{"rendered":"https:\/\/www.hydraulic-cylinders.net\/product\/boom-cylinder-for-jove-jv85\/"},"modified":"2025-04-07T06:50:49","modified_gmt":"2025-04-07T06:50:49","slug":"boom-cylinder-for-jove-jv85","status":"publish","type":"product","link":"https:\/\/www.hydraulic-cylinders.net\/lv\/products\/boom-cylinder-for-jove-jv85\/","title":{"rendered":"Str\u0113les cilindrs Jove JV85"},"content":{"rendered":"<h1>Str\u0113les cilindrs Jove JV85<\/h1>\n<h2>Ievads str\u0113les cilindr\u0101<\/h2>\n<p>\u012apa\u0161i Jove JV85 izstr\u0101d\u0101tais str\u0113les cilindrs ir b\u016btiska hidrauliska sast\u0101vda\u013ca, ko galvenok\u0101rt izmanto smagaj\u0101s ma\u0161\u012bn\u0101s. \u0160is hidrauliskais cilindrs ir \u013coti svar\u012bgs kausa kust\u012bbas kontrolei da\u017e\u0101dos pielietojumos, piem\u0113ram, ekskavatoros, iekr\u0101v\u0113jiem ar ekskavatoru un front\u0101lajiem iekr\u0101v\u0113jiem. Tas nodro\u0161ina prec\u012bzu kausa pacel\u0161anu, nolai\u0161anu un noliek\u0161anu, atvieglojot efekt\u012bvus materi\u0101lu apstr\u0101des uzdevumus.<\/p>\n<p>Hidrauliskaj\u0101s sist\u0113m\u0101s str\u0113les cilindriem ir b\u016btiska loma, p\u0101rveidojot hidraulisko ener\u0123iju meh\u0101nisk\u0101 darb\u0101. Tie sast\u0101v no cilindra korpusa, virzu\u013ca un stie\u0146a. Kad hidrauliskais \u0161\u0137idrums tiek ies\u016bkn\u0113ts cilindr\u0101, tas rada spiedienu, kas darbina virzuli, k\u0101 rezult\u0101t\u0101 stienis izstiepjas vai ievelkas. \u0160is meh\u0101nisms nodro\u0161ina vienm\u0113r\u012bgu smag\u0101 apr\u012bkojuma darb\u012bbu, padarot to neaizst\u0101jamu b\u016bvniec\u012bbas un lauksaimniec\u012bbas nozar\u0113s.<\/p>\n<p><img decoding=\"async\" src=\"https:\/\/www.hydraulic-cylinders.net\/wp-content\/uploads\/2025\/04\/songte-company-1.webp\" alt=\"Jove JV85 str\u0113les cilindrs\"><\/p>\n<h2>Str\u0113les cilindra \u012bpa\u0161\u012bbas<\/h2>\n<ul>\n<li>\n<h3>Augsta iztur\u012bba un ilgm\u016b\u017e\u012bba<\/h3>\n<p>Parasti no augstas stipr\u012bbas t\u0113rauda vai alum\u012bnija izgatavotais str\u0113les cilindrs var iztur\u0113t augstu spiedienu un lielas slodzes. T\u0101 konstrukcija ir paredz\u0113ta nodilumiztur\u012bbai un korozijas iztur\u012bbai, nodro\u0161inot ilgm\u016b\u017e\u012bbu skarbos darba apst\u0101k\u013cos.<\/p>\n<\/li>\n<li>\n<h3>Efekt\u012bva hidraulisk\u0101 darb\u012bba<\/h3>\n<p>Izmantojot hidraulisk\u0101s e\u013c\u013cas spiedienu, cilindrs pan\u0101k vienm\u0113r\u012bgu izvirz\u012b\u0161anos un ievilk\u0161anos. Tas \u0101tri rea\u0123\u0113 uz vad\u012bbas komand\u0101m, nodro\u0161inot sp\u0113c\u012bgus stum\u0161anas un vilk\u0161anas sp\u0113kus, kas ir piem\u0113roti smagu priek\u0161metu apstr\u0101dei un sare\u017e\u0123\u012btu uzdevumu veik\u0161anai.<\/p>\n<\/li>\n<li>\n<h3>Da\u017e\u0101di veidi<\/h3>\n<p>Pieejams vienvirziena darb\u012bbas (darbojas vien\u0101 virzien\u0101) un divk\u0101r\u0161as darb\u012bbas (darbojas abos virzienos) konstrukcij\u0101s, str\u0113les cilindrs var apmierin\u0101t da\u017e\u0101das ekspluat\u0101cijas vajadz\u012bbas. Da\u017ei mode\u013ci ir teleskopiski, kas \u013cauj veikt liel\u0101ku pagarin\u0101jumu, nepalielinot \u0101r\u0113jos izm\u0113rus, kas ir ide\u0101li piem\u0113rots lietojumiem ar ierobe\u017eotu vietu.<\/p>\n<\/li>\n<li>\n<h3>Sader\u012bba<\/h3>\n<p>M\u016bsu produkti ir izstr\u0101d\u0101ti, lai perfekti aizst\u0101tu eso\u0161os hidrauliskos cilindrus, nodro\u0161inot neman\u0101mu integr\u0101ciju un veiktsp\u0113ju j\u016bsu iek\u0101rt\u0101s.<\/p>\n<\/li>\n<li>\n<h3>Piel\u0101gota ra\u017eo\u0161ana<\/h3>\n<p>M\u0113s pied\u0101v\u0101jam piel\u0101gotus risin\u0101jumus, kas piel\u0101goti konkr\u0113t\u0101m pras\u012bb\u0101m, nodro\u0161inot, ka katrs str\u0113les cilindrs prec\u012bzi atbilst m\u016bsu klientu vajadz\u012bb\u0101m.<\/p>\n<\/li>\n<\/ul>\n<p><img decoding=\"async\" src=\"https:\/\/www.hydraulic-cylinders.net\/wp-content\/uploads\/2025\/04\/songte-cylinder-head-with-all-kinds-excavator-models.webp\" alt=\"Hidraulisko cilindru sader\u012bba\"><\/p>\n<h2>Str\u0113les cilindra pielietojumi<\/h2>\n<ul>\n<li>\n<h3>Celtniec\u012bbas apr\u012bkojums<\/h3>\n<p>Str\u0113les cilindrs ir \u013coti svar\u012bgs ekskavatoros, lai raktu, iekrautu un p\u0101rvietotu augsni vai gru\u017eus. Tas \u013cauj efekt\u012bvi rakt un celt ekskavatorus-iekr\u0101v\u0113jus, palielinot produktivit\u0101ti darba viet\u0101s.<\/p>\n<\/li>\n<li>\n<h3>Lauksaimniec\u012bbas tehnika<\/h3>\n<p>Front\u0101lajos iekr\u0101v\u0113jos str\u0113les cilindrs ir vit\u0101li svar\u012bgs augsnes, siena un citu materi\u0101lu sav\u0101k\u0161anai, cel\u0161anai un transport\u0113\u0161anai, racionaliz\u0113jot da\u017e\u0101das lauksaimniec\u012bbas darb\u012bbas.<\/p>\n<\/li>\n<li>\n<h3>Ekskavatori<\/h3>\n<p>Str\u0113les cilindrs \u013cauj kausam iek\u013c\u016bt zem\u0113, nodro\u0161inot efekt\u012bvus rak\u0161anas darbus, padarot to par b\u016btisku sast\u0101vda\u013cu b\u016bvniec\u012bbas un zemes p\u0101rvieto\u0161anas darbos.<\/p>\n<\/li>\n<li>\n<h3>Iekr\u0101v\u0113ji<\/h3>\n<p>Front\u0101lajos iekr\u0101v\u0113jos str\u0113les cilindri pal\u012bdz efekt\u012bvi pacelt un izg\u0101zt materi\u0101lus, t\u0101d\u0113j\u0101di uzlabojot darb\u012bbas efektivit\u0101ti.<\/p>\n<\/li>\n<\/ul>\n<h2>Dizaina apsv\u0113rumi un atlases krit\u0113riji<\/h2>\n<ul>\n<li>\n<h3>Kravnes\u012bba<\/h3>\n<p>Izpratne par kravnes\u012bbu ir b\u016btiska, lai izv\u0113l\u0113tos atbilsto\u0161u str\u0113les cilindru. T\u0101 nodro\u0161ina, ka cilindrs var iztur\u0113t maksim\u0101lo svaru, ar kuru tas saskarsies darb\u012bbas laik\u0101, nov\u0113r\u0161ot k\u013c\u016bmes un uzlabojot dro\u0161\u012bbu. Pareiza slodzes nov\u0113rt\u0113\u0161ana ir \u013coti svar\u012bga, izv\u0113loties pareizo cilindra izm\u0113ru un specifik\u0101cijas.<\/p>\n<\/li>\n<li>\n<h3>Bl\u012bv\u0113juma integrit\u0101te<\/h3>\n<p>Bl\u012bv\u0113juma integrit\u0101te ir \u013coti svar\u012bga, lai uztur\u0113tu hidraulisko spiedienu un nov\u0113rstu nopl\u016bdes. Konstrukcij\u0101 ir iek\u013cauti augstas kvalit\u0101tes bl\u012bv\u0113jumi, kas iztur da\u017e\u0101dus ekspluat\u0101cijas apst\u0101k\u013cus, nodro\u0161inot ilgm\u016b\u017e\u012bbu un uzticam\u012bbu. Regul\u0101ra bl\u012bv\u0113jumu st\u0101vok\u013ca nov\u0113rt\u0113\u0161ana var nov\u0113rst veiktsp\u0113jas probl\u0113mas.<\/p>\n<\/li>\n<li>\n<h3>Iztur\u012bba<\/h3>\n<p>Iztur\u012bba ir galvenais faktors str\u0113les cilindru konstrukcij\u0101. Tiem j\u0101iztur skarbi apst\u0101k\u013ci, piem\u0113ram, ekstrem\u0101la temperat\u016bra, abraz\u012bvi materi\u0101li un sp\u0113c\u012bgi triecieni. Augstas kvalit\u0101tes materi\u0101li un aizsargp\u0101rkl\u0101jumi veicina cilindra kalpo\u0161anas laiku.<\/p>\n<\/li>\n<li>\n<h3>Dro\u0161\u012bbas funkcijas<\/h3>\n<p>Dro\u0161\u012bbas elementu iek\u013cau\u0161ana konstrukcij\u0101 ir b\u016btiska, lai nov\u0113rstu negad\u012bjumus un nodro\u0161in\u0101tu operatora dro\u0161\u012bbu. T\u0101das funkcijas k\u0101 spiediena samazin\u0101\u0161anas v\u0101rsti un blo\u0137\u0113\u0161anas meh\u0101nismi pal\u012bdz uztur\u0113t dro\u0161us ekspluat\u0101cijas apst\u0101k\u013cus.<\/p>\n<\/li>\n<li>\n<h3>Apkopes pieejam\u012bba<\/h3>\n<p>Str\u0113les cilindru projekt\u0113\u0161ana, \u0146emot v\u0113r\u0101 apkopes pieejam\u012bbu, \u013cauj viegli veikt p\u0101rbaudes, remontu un nomai\u0146u. \u0160is apsv\u0113rums samazina d\u012bkst\u0101ves laiku un pagarina iek\u0101rtas ekspluat\u0101cijas laiku.<\/p>\n<\/li>\n<\/ul>\n<p><img decoding=\"async\" src=\"https:\/\/www.hydraulic-cylinders.net\/wp-content\/uploads\/2025\/04\/songte-oil-pipes-and-spare-parts.webp\" alt=\"Hidraulisko cilindru rezerves da\u013cas\"><\/p>\n<h2>Bl\u012bv\u0113\u0161ana un e\u013c\u013co\u0161ana<\/h2>\n<p>Efekt\u012bva bl\u012bv\u0113\u0161ana un e\u013c\u013co\u0161ana ir kritiski svar\u012bga str\u0113les cilindru optim\u0101lai darb\u012bbai. Lai uztur\u0113tu spiedienu un nov\u0113rstu nopl\u016bdes, tiek izmantoti da\u017e\u0101di bl\u012bv\u0113\u0161anas komponenti, tostarp virzu\u013ca bl\u012bv\u0113jumi un stie\u0146a bl\u012bv\u0113jumi. Bl\u012bv\u0113jumi, kas izgatavoti no iztur\u012bgiem materi\u0101liem, piem\u0113ram, poliuret\u0101na un nitrila gumijas, uzlabo nodilumiztur\u012bbu un ilgm\u016b\u017e\u012bbu.<\/p>\n<p>Turkl\u0101t cilindra korpuss un v\u012bt\u0146ot\u0101s gala virsmas tiek prec\u012bzi apstr\u0101d\u0101tas, lai uzlabotu iztur\u012bbu. Regul\u0101ra e\u013c\u013co\u0161ana ar hidraulisko e\u013c\u013cu ir nepiecie\u0161ama, lai samazin\u0101tu berzi, nov\u0113rstu nodilumu un nodro\u0161in\u0101tu vienm\u0113r\u012bgus darb\u012bbas apst\u0101k\u013cus. Pareiza e\u013c\u013co\u0161anas prakse pagarina bl\u012bv\u0113jumu un citu svar\u012bgu komponentu kalpo\u0161anas laiku.<\/p>\n<h2>Prevent\u012bvie apkopes pas\u0101kumi<\/h2>\n<ul>\n<li>\n<h3>Regul\u0101ras p\u0101rbaudes<\/h3>\n<p>Regul\u0101ru p\u0101rbau\u017eu veik\u0161ana ir b\u016btiska, lai noteiktu nodiluma, nopl\u016b\u017eu vai boj\u0101jumu paz\u012bmes. P\u0101rliecinieties, vai visas sast\u0101vda\u013cas darbojas pareizi, un nekav\u0113joties nomainiet visas nolietot\u0101s deta\u013cas.<\/p>\n<\/li>\n<li>\n<h3>Pareiza e\u013c\u013co\u0161ana<\/h3>\n<p>Pietiekama e\u013c\u013co\u0161ana ir \u013coti svar\u012bga, lai samazin\u0101tu berzi un nov\u0113rstu p\u0101rkar\u0161anu. P\u0101rliecinieties, vai hidraulisk\u0101s e\u013c\u013cas l\u012bmenis ir pietiekams, un nomainiet e\u013c\u013cu saska\u0146\u0101 ar ra\u017eot\u0101ja ieteikumiem.<\/p>\n<\/li>\n<li>\n<h3>Bl\u012bv\u0113juma nomai\u0146a<\/h3>\n<p>Regul\u0101ri p\u0101rbaudiet un nomainiet bl\u012bves, lai saglab\u0101tu hidraulisko integrit\u0101ti un nov\u0113rstu nopl\u016bdes. Boj\u0101tas bl\u012bves var izrais\u012bt iev\u0113rojamus efektivit\u0101tes zudumus un potenci\u0101lus iek\u0101rtu boj\u0101jumus.<\/p>\n<\/li>\n<\/ul>\n<h2>Uzst\u0101d\u012b\u0161anas vadl\u012bnijas<\/h2>\n<p>Pareiza str\u0113les cilindra uzst\u0101d\u012b\u0161ana ir \u013coti svar\u012bga t\u0101 veiktsp\u0113jai. Vispirms p\u0101rliecinieties, vai cilindrs ir pareizi izl\u012bdzin\u0101ts ar stiprin\u0101juma punktiem. Nepareiza izl\u012bdzin\u0101\u0161ana var izrais\u012bt nevienm\u0113r\u012bgu nodilumu un iesp\u0113jamu boj\u0101jumu. Izmantojiet atbilsto\u0161us stiprin\u0101juma kron\u0161teinus, lai nostiprin\u0101tu cilindru viet\u0101 un nov\u0113rstu kust\u012bbu darb\u012bbas laik\u0101.<\/p>\n<p>Pirms uzst\u0101d\u012b\u0161anas p\u0101rbaudiet visas sast\u0101vda\u013cas, vai nav boj\u0101jumu. Not\u012briet mont\u0101\u017eas virsmas un uzkl\u0101jiet bl\u012bv\u0113m sm\u0113rvielu, lai nodro\u0161in\u0101tu vienm\u0113r\u012bgu darb\u012bbu. P\u0113c uzst\u0101d\u012b\u0161anas p\u0101rbaudiet, vai hidrauliskie savienojumi ir pareizi, un p\u0101rbaudiet sist\u0113mu zem\u0101 spiedien\u0101, lai p\u0101rliecin\u0101tos par funkcionalit\u0101ti. P\u0113c tam, kad esat p\u0101rliecin\u0101jies, ka viss darbojas, k\u0101 paredz\u0113ts, pak\u0101peniski palieliniet spiedienu l\u012bdz pilnam darb\u012bbas l\u012bmenim, vienlaikus uzraugot, vai nav nopl\u016b\u017eu vai citu anom\u0101liju.<\/p>\n<h2>Bie\u017ei sastopamie apkopes uzdevumi<\/h2>\n<ul>\n<li>\n<h3>Regul\u0101ras p\u0101rbaudes<\/h3>\n<p>Regul\u0101ri j\u0101veic p\u0101rbaudes, lai nov\u0113rt\u0113tu str\u0113les cilindra st\u0101vokli. P\u0101rbaudiet, vai nav nopl\u016b\u017eu, korozijas un nodiluma paz\u012bmju. Probl\u0113mu agr\u012bna atkl\u0101\u0161ana var nov\u0113rst d\u0101rgus remontdarbus.<\/p>\n<\/li>\n<li>\n<h3>Piem\u0113rota e\u013c\u013co\u0161ana<\/h3>\n<p>Ir svar\u012bgi nodro\u0161in\u0101t pareizu e\u013c\u013co\u0161anu. Izmantojiet ieteicamo hidraulisko e\u013c\u013cu un regul\u0101ri p\u0101rbaudiet t\u0101s l\u012bmeni. Nepietiekama e\u013c\u013co\u0161ana var izrais\u012bt palielin\u0101tu nodilumu un samazin\u0101tu veiktsp\u0113ju.<\/p>\n<\/li>\n<li>\n<h3>Bl\u012bvju nomai\u0146as un kalibr\u0113\u0161anas p\u0101rbaudes<\/h3>\n<p>Bl\u012bves j\u0101nomaina p\u0113c nepiecie\u0161am\u012bbas, un periodiski j\u0101veic kalibr\u0113\u0161anas p\u0101rbaudes, lai p\u0101rliecin\u0101tos par cilindra pareizu darb\u012bbu. \u0160is process ietver izl\u012bdzin\u0101\u0161anas un hidraulisk\u0101 spiediena iestat\u012bjumu p\u0101rbaudi.<\/p>\n<\/li>\n<\/ul>\n<p><img decoding=\"async\" src=\"https:\/\/www.hydraulic-cylinders.net\/wp-content\/uploads\/2025\/04\/songte-chushion-collar.webp\" alt=\"Hidraulisk\u0101 cilindra uzst\u0101d\u012b\u0161anas rokasgr\u0101mata\"><\/p>\n<h2>Dro\u0161\u012bbas apsv\u0113rumi un vides faktori<\/h2>\n<p>Str\u0101d\u0101jot ar hidrauliskajiem cilindriem, dro\u0161\u012bbas pas\u0101kumi ir \u0101rk\u0101rt\u012bgi svar\u012bgi. Operatoriem j\u0101apzin\u0101s iesp\u0113jamie apdraud\u0113jumi, kas saist\u012bti ar augstspiediena sist\u0113m\u0101m. Ir svar\u012bgi iev\u0113rot dro\u0161\u012bbas protokolus, tostarp valk\u0101t atbilsto\u0161u aizsargapr\u012bkojumu un veikt r\u016bp\u012bgu apm\u0101c\u012bbu. Regul\u0101ras dro\u0161\u012bbas p\u0101rbaudes var pal\u012bdz\u0113t nodro\u0161in\u0101t atbilst\u012bbu dro\u0161\u012bbas standartiem un samazin\u0101t riskus.<\/p>\n<h2>Probl\u0113mu nov\u0113r\u0161ana un bie\u017ei sastopamas probl\u0113mas<\/h2>\n<ul>\n<li>\n<h3>Nopl\u016bde<\/h3>\n<p>Nopl\u016bde var rasties nodilu\u0161u bl\u012bv\u0113jumu vai nepareizas uzst\u0101d\u012b\u0161anas d\u0113\u013c. Regul\u0101ras p\u0101rbaudes var pal\u012bdz\u0113t laikus atkl\u0101t nopl\u016bdes, un bl\u012bv\u0113jumu savlaic\u012bga nomai\u0146a ir nepiecie\u0161ama, lai uztur\u0113tu veiktsp\u0113ju.<\/p>\n<\/li>\n<li>\n<h3>Nekonsekventa kust\u012bba<\/h3>\n<p>Ja str\u0113les cilindrs kustas nevienm\u0113r\u012bgi, tas var\u0113tu b\u016bt saist\u012bts ar zemu hidraulisk\u0101 \u0161\u0137idruma l\u012bmeni vai sist\u0113m\u0101 iesprostotu gaisu. P\u0101rbaudiet \u0161\u0137idruma l\u012bmeni un nepiecie\u0161am\u012bbas gad\u012bjum\u0101 atgaisojiet sist\u0113mu.<\/p>\n<\/li>\n<li>\n<h3>P\u0101rkar\u0161ana<\/h3>\n<p>P\u0101rkar\u0161anu var izrais\u012bt nepietiekama e\u013c\u013co\u0161ana vai p\u0101rm\u0113r\u012bga darba slodze. Regul\u0101ra e\u013c\u013co\u0161ana un ieteicamo ekspluat\u0101cijas ierobe\u017eojumu iev\u0113ro\u0161ana var nov\u0113rst \u0161o probl\u0113mu.<\/p>\n<\/li>\n<\/ul>\n<p>Lai nov\u0113rstu \u0161\u012bs probl\u0113mas, veiciet r\u016bp\u012bgas p\u0101rbaudes un iev\u0113rojiet prevent\u012bv\u0101s apkopes ieteikumus, lai samazin\u0101tu iesp\u0113jam\u0101s probl\u0113mas.<\/p>\n<p><img decoding=\"async\" src=\"https:\/\/www.hydraulic-cylinders.net\/wp-content\/uploads\/2025\/04\/songte-bushings-with-all-kinds-of-excavator-models.webp\" alt=\"Hidraulisk\u0101 cilindra probl\u0113mu nov\u0113r\u0161anas rokasgr\u0101mata\"><\/p>\n<h2>Par m\u016bsu uz\u0146\u0113mumu<\/h2>\n<p>M\u0113s esam vado\u0161ais hidraulisko cilindru ra\u017eot\u0101js, kas specializ\u0113jas rezerves da\u013cu un piel\u0101gotu risin\u0101jumu nodro\u0161in\u0101\u0161an\u0101 da\u017e\u0101diem pielietojumiem. M\u016bsu pla\u0161ais produktu kl\u0101sts ir padar\u012bjis m\u016bs par vienu no vado\u0161ajiem ra\u017eot\u0101jiem un vairumtirgot\u0101jiem gan viet\u0113j\u0101, gan starptautiskaj\u0101 tirg\u016b. Iev\u0113rojot izcil\u012bbu kvalit\u0101t\u0113, m\u0113s izmantojam izsmalcin\u0101tas ra\u017eo\u0161anas vad\u012bbas strat\u0113\u0123ijas, kas balst\u0101s uz progres\u012bv\u0101m tehnolo\u0123ij\u0101m un prasm\u012bgu person\u0101lu.<\/p>\n<p>M\u016bsu ra\u017eotnes ir apr\u012bkotas ar augst\u0101k\u0101s klases digit\u0101laj\u0101m ra\u017eo\u0161anas iek\u0101rt\u0101m un profesion\u0101l\u0101m test\u0113\u0161anas sist\u0113m\u0101m, kas \u013cauj mums nep\u0101rtraukti uzlabot ra\u017eo\u0161anas jaudas. M\u0113s priorit\u0101ri izvirz\u0101m efektivit\u0101ti, precizit\u0101ti un kvalit\u0101ti, nodro\u0161inot, ka apmierin\u0101m da\u017e\u0101das klientu vajadz\u012bbas, vienlaikus saglab\u0101jot stingru ap\u0146em\u0161anos ieviest inov\u0101cijas.<\/p>\n<p><img decoding=\"async\" src=\"https:\/\/www.hydraulic-cylinders.net\/wp-content\/uploads\/2025\/04\/songte-company-4.webp\" alt=\"Uz\u0146\u0113muma ra\u017eo\u0161anas iek\u0101rta\"><br \/>\n<img decoding=\"async\" src=\"https:\/\/www.hydraulic-cylinders.net\/wp-content\/uploads\/2025\/04\/songte-company-3.webp\" alt=\"Uz\u0146\u0113muma p\u0101rskats\"><\/p>\n<p>Autors: lil<\/p>","protected":false},"excerpt":{"rendered":"<p>Boom Cylinder For Jove JV85 Introduction to Boom Cylinder The boom cylinder, specifically designed for the Jove JV85, is an essential hydraulic component used primarily in heavy machinery. This hydraulic cylinder is crucial for controlling the movement of the bucket in various applications such as excavators, backhoe loaders, and front loaders. It enables precise lifting, [&hellip;]<\/p>","protected":false},"featured_media":17878,"comment_status":"open","ping_status":"closed","template":"","meta":{"_et_pb_use_builder":"","_et_pb_old_content":"","_et_gb_content_width":""},"product_brand":[],"product_cat":[1546],"product_tag":[1547,1496],"class_list":{"0":"post-19494","1":"product","2":"type-product","3":"status-publish","4":"has-post-thumbnail","6":"product_cat-boom-cylinders","7":"product_tag-boom-cylinders","8":"product_tag-hydraulic-cylinders","10":"first","11":"instock","12":"shipping-taxable","13":"product-type-simple"},"amp_enabled":true,"_links":{"self":[{"href":"https:\/\/www.hydraulic-cylinders.net\/lv\/wp-json\/wp\/v2\/product\/19494","targetHints":{"allow":["GET"]}}],"collection":[{"href":"https:\/\/www.hydraulic-cylinders.net\/lv\/wp-json\/wp\/v2\/product"}],"about":[{"href":"https:\/\/www.hydraulic-cylinders.net\/lv\/wp-json\/wp\/v2\/types\/product"}],"replies":[{"embeddable":true,"href":"https:\/\/www.hydraulic-cylinders.net\/lv\/wp-json\/wp\/v2\/comments?post=19494"}],"wp:featuredmedia":[{"embeddable":true,"href":"https:\/\/www.hydraulic-cylinders.net\/lv\/wp-json\/wp\/v2\/media\/17878"}],"wp:attachment":[{"href":"https:\/\/www.hydraulic-cylinders.net\/lv\/wp-json\/wp\/v2\/media?parent=19494"}],"wp:term":[{"taxonomy":"product_brand","embeddable":true,"href":"https:\/\/www.hydraulic-cylinders.net\/lv\/wp-json\/wp\/v2\/product_brand?post=19494"},{"taxonomy":"product_cat","embeddable":true,"href":"https:\/\/www.hydraulic-cylinders.net\/lv\/wp-json\/wp\/v2\/product_cat?post=19494"},{"taxonomy":"product_tag","embeddable":true,"href":"https:\/\/www.hydraulic-cylinders.net\/lv\/wp-json\/wp\/v2\/product_tag?post=19494"}],"curies":[{"name":"wp","href":"https:\/\/api.w.org\/{rel}","templated":true}]}}