{"id":19495,"date":"2025-04-07T06:50:50","date_gmt":"2025-04-07T06:50:50","guid":{"rendered":"https:\/\/www.hydraulic-cylinders.net\/product\/boom-cylinder-for-jove-jv150\/"},"modified":"2025-04-07T06:50:52","modified_gmt":"2025-04-07T06:50:52","slug":"boom-cylinder-for-jove-jv150","status":"publish","type":"product","link":"https:\/\/www.hydraulic-cylinders.net\/lv\/products\/boom-cylinder-for-jove-jv150\/","title":{"rendered":"Jove JV150 str\u0113les cilindrs"},"content":{"rendered":"<h1>Jove JV150 str\u0113les cilindrs<\/h1>\n<h2>Produkta p\u0101rskats<\/h2>\n<p>Jove JV150 str\u0113les cilindrs ir b\u016btiska hidraulisko sist\u0113mu sast\u0101vda\u013ca, kas \u012bpa\u0161i paredz\u0113ta smago ma\u0161\u012bnu kausu kust\u012bbas vad\u012bbai. \u0160ie cilindri tiek izmantoti da\u017e\u0101dos pielietojumos, tostarp ekskavatoros, ekskavatoros-iekr\u0101v\u0113jos un front\u0101lajos iekr\u0101v\u0113jos, \u013caujot kausam efekt\u012bvi pacelt, nolaist un noliekt materi\u0101lu apstr\u0101des uzdevumu veik\u0161anai. Kausa cilindrs, kas defin\u0113ts k\u0101 hidraulisk\u0101 cilindra veids, sp\u0113l\u0113 noz\u012bm\u012bgu lomu darb\u012bbas veiktsp\u0113jas optimiz\u0113\u0161an\u0101 b\u016bvniec\u012bbas un lauksaimniec\u012bbas nozar\u0113s.<\/p>\n<p><img decoding=\"async\" src=\"https:\/\/www.hydraulic-cylinders.net\/wp-content\/uploads\/2025\/04\/songte-company-1.webp\" alt=\"Str\u0113les cilindrs\" \/><\/p>\n<h3>Kas ir kausa cilindri?<\/h3>\n<p>Kausa cilindri ir hidrauliskie cilindri, kas \u012bpa\u0161i izstr\u0101d\u0101ti, lai p\u0101rvald\u012btu kausu kust\u012bbu uz smag\u0101m ma\u0161\u012bn\u0101m. \u0160ie cilindri darbojas, p\u0101rveidojot hidraulisko ener\u0123iju meh\u0101nisk\u0101 sp\u0113k\u0101, nodro\u0161inot prec\u012bzu smagu kravu kontroli. Hidraulisk\u0101 sist\u0113ma izmanto spiediena \u0161\u0137idrumu, lai rad\u012btu kust\u012bbu, kas nepiecie\u0161ama kausa pacel\u0161anai, nolai\u0161anai vai noliek\u0161anai, kas ir b\u016btiski da\u017e\u0101d\u0101m materi\u0101lu apstr\u0101des darb\u012bb\u0101m.<\/p>\n<h2>Str\u0113les cilindra \u012bpa\u0161\u012bbas<\/h2>\n<ul>\n<li><strong>Augsta iztur\u012bba un ilgm\u016b\u017e\u012bba:<\/strong> Izgatavots no augstas stipr\u012bbas t\u0113rauda vai alum\u012bnija, paredz\u0113ts iztur\u0113t lielas slodzes un augstu spiedienu, nodro\u0161inot uzticam\u012bbu skarbos darba apst\u0101k\u013cos.<\/li>\n<li><strong>Efekt\u012bva hidraulisk\u0101 darb\u012bba:<\/strong> Nodro\u0161ina vienm\u0113r\u012bgu un \u0101tru izvilk\u0161anu un ievilk\u0161anu, \u0101tri rea\u0123\u0113jot uz operatora komand\u0101m ar iev\u0113rojamu stum\u0161anas un vilk\u0161anas sp\u0113ku.<\/li>\n<li><strong>Da\u017e\u0101di veidi:<\/strong> Pieejams vienk\u0101r\u0161\u0101s un divk\u0101r\u0161\u0101s darb\u012bbas konfigur\u0101cij\u0101s, un atsevi\u0161\u0137iem mode\u013ciem ir teleskopiska konstrukcija, kas nodro\u0161ina liel\u0101ku sniedzam\u012bbu, nepalielinot \u0101r\u0113jos izm\u0113rus.<\/li>\n<li><strong>Korozijas iztur\u012bba:<\/strong> Izstr\u0101d\u0101ts, lai iztur\u0113tu pret nodilumu un koroziju, pagarinot cilindra kalpo\u0161anas laiku pat sare\u017e\u0123\u012btos apst\u0101k\u013cos.<\/li>\n<li><strong>Apkopei draudz\u012bgs:<\/strong> Izstr\u0101d\u0101ts vienk\u0101r\u0161ai apkopei un remontam, nodro\u0161inot iek\u0101rtu darb\u012bbu ar minim\u0101lu d\u012bkst\u0101vi.<\/li>\n<\/ul>\n<p>M\u016bsu ra\u017eo\u0161anas iesp\u0113jas \u013cauj mums ra\u017eot \u0161o produktu, kas var lieliski aizst\u0101t eso\u0161os hidrauliskos cilindrus.<\/p>\n<p><img decoding=\"async\" src=\"https:\/\/www.hydraulic-cylinders.net\/wp-content\/uploads\/2025\/04\/songte-cylinder-head-with-all-kinds-excavator-models.webp\" alt=\"Ekskavatoru mode\u013ci\" \/><\/p>\n<h2>Str\u0113les cilindra pielietojumi<\/h2>\n<h3>Celtniec\u012bbas apr\u012bkojums<\/h3>\n<p>Ekskavatoros str\u0113les cilindri ir vit\u0101li svar\u012bgi rak\u0161anai, iekrau\u0161anai un augsnes vai gru\u017eu p\u0101rvieto\u0161anai. To sp\u0113ja regul\u0113t kausa le\u0146\u0137i uzlabo ma\u0161\u012bnas efektivit\u0101ti rak\u0161anas darbu laik\u0101. Ekskavatoriem-iekr\u0101v\u0113jiem \u0161ie cilindri ne tikai pal\u012bdz rak\u0161an\u0101, bet ar\u012b atvieglo cel\u0161anas darb\u012bbas, padarot tos neaizst\u0101jamus b\u016bvniec\u012bbas projektos, kur daudzpus\u012bba ir \u013coti svar\u012bga.<\/p>\n<h3>Lauksaimniec\u012bbas tehnika<\/h3>\n<p>Front\u0101lajos iekr\u0101v\u0113jos str\u0113les cilindram ir iz\u0161\u0137iro\u0161a noz\u012bme augsnes, siena un citu materi\u0101lu sav\u0101k\u0161an\u0101, cel\u0161an\u0101 un transport\u0113\u0161an\u0101. \u0160ie cilindri uzlabo iekr\u0101v\u0113ja veiktsp\u0113ju, \u013caujot lauksaimniekiem efekt\u012bvi apstr\u0101d\u0101t lielu materi\u0101lu daudzumu, kas ir svar\u012bgi, lai saglab\u0101tu produktivit\u0101ti lauksaimniec\u012bbas darbos.<\/p>\n<h3>Ekskavatori<\/h3>\n<p>Str\u0113les cilindrs \u013cauj kausam efekt\u012bvi iek\u013c\u016bt zem\u0113, atvieglojot materi\u0101lu izrak\u0161anu. \u0160\u012b funkcionalit\u0101te ir \u013coti svar\u012bga t\u0101diem uzdevumiem k\u0101 tran\u0161eju rak\u0161ana, pamatu rak\u0161ana un vietas sagatavo\u0161ana, nodro\u0161inot ekskavatora maksim\u0101lu efektivit\u0101ti.<\/p>\n<h3>Iekr\u0101v\u0113ji<\/h3>\n<p>Front\u0101lajos iekr\u0101v\u0113jos str\u0113les cilindri iev\u0113rojami veicina kravu cel\u0161anu un izg\u0101\u0161anu. To konstrukcija nodro\u0161ina optim\u0101lu pacel\u0161anas augstumu un izg\u0101\u0161anas le\u0146\u0137i, atvieglojot \u0101tru un efekt\u012bvu materi\u0101lu apstr\u0101di b\u016bvlaukumos.<\/p>\n<h2>Dizaina apsv\u0113rumi un atlases krit\u0113riji<\/h2>\n<h3>Kravnes\u012bba<\/h3>\n<p>Izv\u0113loties str\u0113les cilindru, kravnes\u012bba ir \u0101rk\u0101rt\u012bgi svar\u012bga. Cilindram j\u0101sp\u0113j iztur\u0113t maksim\u0101lo svaru, ko kauss pacels. In\u017eenieri \u0146em v\u0113r\u0101 hidraulisko spiedienu un materi\u0101la \u012bpa\u0161\u012bbas, lai nodro\u0161in\u0101tu, ka cilindrs var darboties paredz\u0113tajos darba apst\u0101k\u013cos bez k\u013c\u016bm\u0113m, maksim\u0101li palielinot ekspluat\u0101cijas dro\u0161\u012bbu un efektivit\u0101ti.<\/p>\n<h3>Bl\u012bv\u0113\u0161anas meh\u0101nismi<\/h3>\n<p>Efekt\u012bva bl\u012bv\u0113\u0161ana ir kritiski svar\u012bga hidraulisk\u0101 spiediena uztur\u0113\u0161anai un nopl\u016b\u017eu nov\u0113r\u0161anai. Augstas kvalit\u0101tes bl\u012bves ir paredz\u0113tas, lai iztur\u0113tu ekstrem\u0101lus apst\u0101k\u013cus un nov\u0113rstu pies\u0101r\u0146ot\u0101ju iek\u013c\u016b\u0161anu hidrauliskaj\u0101 sist\u0113m\u0101. Regul\u0101ra bl\u012bvju apkope ir b\u016btiska, lai nodro\u0161in\u0101tu str\u0113les cilindra ilgm\u016b\u017e\u012bbu un uzticam\u012bbu.<\/p>\n<h3>Iztur\u012bba<\/h3>\n<p>Iztur\u012bba ir v\u0113l viens svar\u012bgs dizaina aspekts. Str\u0113les cilindriem j\u0101b\u016bt izgatavotiem no materi\u0101liem, kas var iztur\u0113t lielas slodzes darb\u012bbas slodzi. Projekt\u0113\u0161anas process ietver nodiluma mode\u013cu anal\u012bzi un materi\u0101lu, kas uzlabo ilgm\u016b\u017e\u012bbu, piem\u0113ram, r\u016bd\u012bta t\u0113rauda un aizsargp\u0101rkl\u0101jumu, iek\u013cau\u0161anu.<\/p>\n<h3>Dro\u0161\u012bbas funkcijas<\/h3>\n<p>Dro\u0161\u012bba ir galven\u0101 priorit\u0101te hidraulisko cilindru konstrukcij\u0101. T\u0101das funkcijas k\u0101 spiediena samazin\u0101\u0161anas v\u0101rsti, p\u0101rslodzes aizsardz\u012bba un av\u0101rijas meh\u0101nismi ir b\u016btiskas, lai nov\u0113rstu negad\u012bjumus ekspluat\u0101cijas laik\u0101. In\u017eenieriem ir j\u0101nodro\u0161ina, ka \u0161\u012bs funkcijas ir efekt\u012bvi integr\u0113tas, lai aizsarg\u0101tu gan iek\u0101rtas, gan operatorus.<\/p>\n<h3>Apkopes pieejam\u012bba<\/h3>\n<p>Projekt\u0113jot apkopes pieejam\u012bbu, tiek nodro\u0161in\u0101ta \u0113rta regul\u0101ru p\u0101rbau\u017eu un remontu veik\u0161ana. Tas ietver apsv\u0113rumus par e\u013c\u013co\u0161anas piesl\u0113gvietu izvietojumu, bl\u012bv\u0113jumu nomai\u0146as vienk\u0101r\u0161\u012bbu un iesp\u0113ju piek\u013c\u016bt cilindram remonta veik\u0161anai, neveicot pla\u0161u iek\u0101rtas demont\u0101\u017eu.<\/p>\n<p><img decoding=\"async\" src=\"https:\/\/www.hydraulic-cylinders.net\/wp-content\/uploads\/2025\/04\/songte-oil-pipes-and-spare-parts.webp\" alt=\"E\u013c\u013cas caurules un rezerves da\u013cas\" \/><\/p>\n<h2>Hidraulisk\u0101 cilindra bl\u012bv\u0113\u0161ana un e\u013c\u013co\u0161ana<\/h2>\n<p>Pareiza bl\u012bv\u0113\u0161ana un e\u013c\u013co\u0161ana ir \u013coti svar\u012bga str\u0113les cilindra efekt\u012bvai darb\u012bbai. Lai uztur\u0113tu hidraulisko integrit\u0101ti, tiek izmantoti da\u017e\u0101di bl\u012bv\u0113jumi, piem\u0113ram, virzu\u013ca bl\u012bv\u0113jumi un stie\u0146a bl\u012bv\u0113jumi. Materi\u0101li, piem\u0113ram, poliuret\u0101ns un nitrila gumija, parasti tiek izmantoti to nodilumiztur\u012bgo \u012bpa\u0161\u012bbu d\u0113\u013c. Cilindra korpuss un v\u012bt\u0146otie gali tiek prec\u012bzi apstr\u0101d\u0101ti, lai uzlabotu nodilumiztur\u012bbu. Regul\u0101ra e\u013c\u013co\u0161ana ar hidraulisko e\u013c\u013cu ir nepiecie\u0161ama, lai samazin\u0101tu berzi un nodilumu, nodro\u0161inot vienm\u0113r\u012bgu darb\u012bbu un pagarinot cilindra kalpo\u0161anas laiku.<\/p>\n<h2>Regul\u0101ras p\u0101rbaudes un profilaktisk\u0101s apkopes pas\u0101kumi<\/h2>\n<ul>\n<li><strong>Pl\u0101not\u0101s p\u0101rbaudes:<\/strong> Regul\u0101ras hidraulisko cilindru p\u0101rbaudes ir b\u016btiskas, lai noteiktu nodilumu un iesp\u0113jam\u0101s probl\u0113mas, pirms t\u0101s saasin\u0101s. Nopl\u016b\u017eu, korozijas vai neregul\u0101ru kust\u012bbu paz\u012bmju p\u0101rbaude var nov\u0113rst d\u0101rgus boj\u0101jumus.<\/li>\n<li><strong>E\u013c\u013co\u0161anas apkope:<\/strong> Pareizas e\u013c\u013co\u0161anas nodro\u0161in\u0101\u0161ana ir \u013coti svar\u012bga hidraulisko cilindru ilgm\u016b\u017e\u012bbai. Operatoriem regul\u0101ri j\u0101p\u0101rbauda un j\u0101uzpilda hidraulisk\u0101 e\u013c\u013ca, t\u0101d\u0113j\u0101di samazinot nodiluma risku.<\/li>\n<li><strong>Bl\u012bv\u0113juma nomai\u0146a:<\/strong> Bl\u012bves j\u0101nomaina ieteicamajos interv\u0101los vai tad, kad ir redzamas nodiluma paz\u012bmes. \u0160is prevent\u012bvais pas\u0101kums var nov\u0113rst nopl\u016bdes un uztur\u0113t hidraulisko efektivit\u0101ti.<\/li>\n<\/ul>\n<h2>Uzst\u0101d\u012b\u0161anas vadl\u012bnijas<\/h2>\n<p>Pareiza str\u0113les cilindra uzst\u0101d\u012b\u0161ana ir \u013coti svar\u012bga optim\u0101lai veiktsp\u0113jai. Vispirms p\u0101rliecinieties, vai cilindrs ir pareizi izl\u012bdzin\u0101ts ar tehnikas stiprin\u0101juma punktiem. Izmantojiet atbilsto\u0161us stiprin\u0101juma kron\u0161teinus, lai stingri nostiprin\u0101tu cilindru. Ir svar\u012bgi, lai hidrauliskie savienojumi b\u016btu t\u012bri un bez gru\u017eiem, lai izvair\u012btos no pies\u0101r\u0146ojuma. P\u0113c uzst\u0101d\u012b\u0161anas p\u0101rbaudiet cilindru zem\u0101 spiedien\u0101, lai p\u0101rliecin\u0101tos, vai nav nopl\u016b\u017eu un vai tas darbojas pareizi. Pirms p\u0101rsl\u0113g\u0161an\u0101s uz pilnu darba spiedienu veiciet nepiecie\u0161amos piel\u0101gojumus, lai nodro\u0161in\u0101tu dro\u0161\u012bbu un uzticam\u012bbu.<\/p>\n<h2>Bie\u017ei sastopamie apkopes uzdevumi<\/h2>\n<ul>\n<li><strong>Regul\u0101ras p\u0101rbaudes:<\/strong> Regul\u0101ras nodiluma un nopl\u016b\u017eu p\u0101rbaudes pal\u012bdz laikus atkl\u0101t probl\u0113mas, \u013caujot savlaic\u012bgi veikt remontu un samazin\u0101t d\u012bkst\u0101ves laiku.<\/li>\n<li><strong>Pareiza e\u013c\u013co\u0161ana:<\/strong> Ir svar\u012bgi nodro\u0161in\u0101t cilindra pien\u0101c\u012bgu e\u013c\u013co\u0161anu, lai nodro\u0161in\u0101tu vienm\u0113r\u012bgu darb\u012bbu un pagarin\u0101tu cilindra kalpo\u0161anas laiku.<\/li>\n<li><strong>Bl\u012bv\u0113juma nomai\u0146a:<\/strong> Regul\u0101ras p\u0101rbaudes un savlaic\u012bga bl\u012bv\u0113jumu nomai\u0146a nov\u0113r\u0161 hidraulisk\u0101 \u0161\u0137idruma nopl\u016bdi, nodro\u0161inot sist\u0113mas efektivit\u0101ti un dro\u0161\u012bbu.<\/li>\n<\/ul>\n<h2>Dro\u0161\u012bbas apsv\u0113rumi un vides faktori<\/h2>\n<p>Darbinot hidrauliskos cilindrus, ir \u013coti svar\u012bgi ieviest dro\u0161\u012bbas pas\u0101kumus. Operatoriem j\u0101b\u016bt apm\u0101c\u012btiem, lai izprastu ma\u0161\u012bnu ierobe\u017eojumus un dro\u0161\u012bbas protokolu iev\u0113ro\u0161anas noz\u012bmi. Turkl\u0101t, lai samazin\u0101tu ietekmi uz vidi, ir svar\u012bgi \u0146emt v\u0113r\u0101 ar\u012b vides apsv\u0113rumus, piem\u0113ram, hidraulisk\u0101 \u0161\u0137idruma nopl\u016bdes nov\u0113r\u0161anu un nolietotu deta\u013cu pareizu utiliz\u0101ciju.<\/p>\n<h2>Bie\u017ei sastopamo probl\u0113mu nov\u0113r\u0161ana<\/h2>\n<ul>\n<li><strong>Nopl\u016bde:<\/strong> Parasti to izraisa nodilu\u0161as bl\u012bves vai boj\u0101tas \u0161\u013c\u016btenes. P\u0101rbaudiet, vai bl\u012bves nav nodilu\u0161as, un nomainiet t\u0101s, ja nepiecie\u0161ams. P\u0101rliecinieties, vai savienojumi ir cie\u0161i un nav boj\u0101ti.<\/li>\n<li><strong>L\u0113na darb\u012bba:<\/strong> Bie\u017ei nor\u0101da uz zemu hidraulisk\u0101 \u0161\u0137idruma l\u012bmeni vai pies\u0101r\u0146ojumu. P\u0101rbaudiet \u0161\u0137idruma l\u012bmeni un kvalit\u0101ti; ja nepiecie\u0161ams, nomainiet \u0161\u0137idrumu.<\/li>\n<li><strong>Neparastas ska\u0146as:<\/strong> Trok\u0161\u0146i var liecin\u0101t par iek\u0161\u0113jiem boj\u0101jumiem vai kavit\u0101ciju. Veiciet r\u016bp\u012bgu p\u0101rbaudi, lai identific\u0113tu un nov\u0113rstu pamatprobl\u0113mu.<\/li>\n<\/ul>\n<h2>Probl\u0113mu nov\u0113r\u0161anas padomi<\/h2>\n<p>Lai efekt\u012bvi diagnostic\u0113tu un nov\u0113rstu probl\u0113mas, operatoriem ir j\u0101uztur veiktsp\u0113jas simptomu \u017eurn\u0101ls un regul\u0101ri j\u0101p\u0101rbauda hidraulisk\u0101 \u0161\u0137idruma l\u012bmenis un kvalit\u0101te. Ieviesiet prevent\u012bvus pas\u0101kumus, piem\u0113ram, izmantojiet augstas kvalit\u0101tes hidraulisko \u0161\u0137idrumu un nodr\u012bkojiet regul\u0101ru apkopi, lai samazin\u0101tu iesp\u0113jam\u0101s probl\u0113mas. Profesion\u0101la apkope var ar\u012b pal\u012bdz\u0113t identific\u0113t probl\u0113mas, kas var neb\u016bt uzreiz paman\u0101mas.<\/p>\n<p><img decoding=\"async\" src=\"https:\/\/www.hydraulic-cylinders.net\/wp-content\/uploads\/2025\/04\/songte-bushings-with-all-kinds-of-excavator-models.webp\" alt=\"Bukses\" \/><\/p>\n<h2>Par m\u016bsu uz\u0146\u0113mumu<\/h2>\n<p>M\u0113s esam rezerves hidraulisko cilindru ra\u017eot\u0101js, pied\u0101v\u0101jot pla\u0161u produktu kl\u0101stu, kas m\u016bs ir padar\u012bjis par vienu no vado\u0161ajiem ra\u017eot\u0101jiem un vairumtirgot\u0101jiem viet\u0113j\u0101 un starptautiskaj\u0101 tirg\u016b. M\u0113s iev\u0113rojam izcil\u012bbas principu, izmantojot izsmalcin\u0101tas ra\u017eo\u0161anas strat\u0113\u0123ijas un visaptvero\u0161u pieeju ra\u017eo\u0161anas vad\u012bbai. M\u016bsu uz\u0146\u0113mums nep\u0101rtraukti uzlabo savas ra\u017eo\u0161anas iesp\u0113jas, izmantojot progres\u012bvas tehnolo\u0123ijas un profesion\u0101las test\u0113\u0161anas sist\u0113mas, nodro\u0161inot augstu efektivit\u0101ti, precizit\u0101ti un kvalit\u0101ti, lai apmierin\u0101tu da\u017e\u0101das klientu vajadz\u012bbas.<\/p>\n<p><img decoding=\"async\" src=\"https:\/\/www.hydraulic-cylinders.net\/wp-content\/uploads\/2025\/04\/songte-company-4.webp\" alt=\"Uz\u0146\u0113muma p\u0101rskats\" \/><br \/>\n<img decoding=\"async\" src=\"https:\/\/www.hydraulic-cylinders.net\/wp-content\/uploads\/2025\/04\/songte-company-3.webp\" alt=\"Uz\u0146\u0113muma telpas\" \/><\/p>\n<p>M\u016bsu ap\u0146em\u0161an\u0101s nodro\u0161in\u0101t profesionalit\u0101ti, starptautisk\u0101s sertifik\u0101cijas, piel\u0101goti pakalpojumi, modernas ra\u017eo\u0161anas iek\u0101rtas un izcils p\u0113cp\u0101rdo\u0161anas atbalsts m\u016bs at\u0161\u0137ir hidraulisko cilindru tirg\u016b.<\/p>\n<p>Autors: lil<\/p>","protected":false},"excerpt":{"rendered":"<p>Boom Cylinder For Jove JV150 Product Overview The Boom Cylinder for Jove JV150 is a crucial component in hydraulic systems, specifically designed to control the movement of heavy machinery buckets. These cylinders are used in various applications, including excavators, backhoe loaders, and front-end loaders, allowing the bucket to lift, lower, and tilt efficiently for material [&hellip;]<\/p>","protected":false},"featured_media":17879,"comment_status":"open","ping_status":"closed","template":"","meta":{"_et_pb_use_builder":"","_et_pb_old_content":"","_et_gb_content_width":""},"product_brand":[],"product_cat":[1546],"product_tag":[1547,1496],"class_list":{"0":"post-19495","1":"product","2":"type-product","3":"status-publish","4":"has-post-thumbnail","6":"product_cat-boom-cylinders","7":"product_tag-boom-cylinders","8":"product_tag-hydraulic-cylinders","10":"first","11":"instock","12":"shipping-taxable","13":"product-type-simple"},"amp_enabled":true,"_links":{"self":[{"href":"https:\/\/www.hydraulic-cylinders.net\/lv\/wp-json\/wp\/v2\/product\/19495","targetHints":{"allow":["GET"]}}],"collection":[{"href":"https:\/\/www.hydraulic-cylinders.net\/lv\/wp-json\/wp\/v2\/product"}],"about":[{"href":"https:\/\/www.hydraulic-cylinders.net\/lv\/wp-json\/wp\/v2\/types\/product"}],"replies":[{"embeddable":true,"href":"https:\/\/www.hydraulic-cylinders.net\/lv\/wp-json\/wp\/v2\/comments?post=19495"}],"wp:featuredmedia":[{"embeddable":true,"href":"https:\/\/www.hydraulic-cylinders.net\/lv\/wp-json\/wp\/v2\/media\/17879"}],"wp:attachment":[{"href":"https:\/\/www.hydraulic-cylinders.net\/lv\/wp-json\/wp\/v2\/media?parent=19495"}],"wp:term":[{"taxonomy":"product_brand","embeddable":true,"href":"https:\/\/www.hydraulic-cylinders.net\/lv\/wp-json\/wp\/v2\/product_brand?post=19495"},{"taxonomy":"product_cat","embeddable":true,"href":"https:\/\/www.hydraulic-cylinders.net\/lv\/wp-json\/wp\/v2\/product_cat?post=19495"},{"taxonomy":"product_tag","embeddable":true,"href":"https:\/\/www.hydraulic-cylinders.net\/lv\/wp-json\/wp\/v2\/product_tag?post=19495"}],"curies":[{"name":"wp","href":"https:\/\/api.w.org\/{rel}","templated":true}]}}