{"id":19496,"date":"2025-04-07T06:50:52","date_gmt":"2025-04-07T06:50:52","guid":{"rendered":"https:\/\/www.hydraulic-cylinders.net\/product\/boom-cylinder-for-jove-jv235lc\/"},"modified":"2025-04-07T06:50:54","modified_gmt":"2025-04-07T06:50:54","slug":"boom-cylinder-for-jove-jv235lc","status":"publish","type":"product","link":"https:\/\/www.hydraulic-cylinders.net\/lv\/products\/boom-cylinder-for-jove-jv235lc\/","title":{"rendered":"Str\u0113les cilindrs Jove JV235LC"},"content":{"rendered":"<h1>Str\u0113les cilindrs Jove JV235LC<\/h1>\n<h2>Produkta p\u0101rskats<\/h2>\n<p>Jove JV235LC str\u0113les cilindrs ir specializ\u0113ts hidrauliskais cilindrs, kas paredz\u0113ts da\u017e\u0101du smago ma\u0161\u012bnu kausu kust\u012bbas vad\u012bbai. \u0160\u012b svar\u012bg\u0101 sast\u0101vda\u013ca sp\u0113l\u0113 kritisku lomu hidrauliskaj\u0101s sist\u0113m\u0101s, jo \u012bpa\u0161i ekskavatoros, ekskavatoros-iekr\u0101v\u0113jos un front\u0101lajos iekr\u0101v\u0113jos. Tas \u013cauj kausam pacelt, nolaist un noliekt, atvieglojot efekt\u012bvus materi\u0101lu apstr\u0101des uzdevumus. Kausa cilindrs ir \u012bpa\u0161i izstr\u0101d\u0101ts, lai iztur\u0113tu stingr\u0101s pras\u012bbas lieljaudas oper\u0101cij\u0101m un nodro\u0161in\u0101tu optim\u0101lu funkcionalit\u0101ti sare\u017e\u0123\u012btos apst\u0101k\u013cos.<\/p>\n<p><img decoding=\"async\" src=\"https:\/\/www.hydraulic-cylinders.net\/wp-content\/uploads\/2025\/04\/songte-company-1.webp\" alt=\"Hidrauliskais cilindrs\"><\/p>\n<h2>Str\u0113les cilindra \u012bpa\u0161\u012bbas<\/h2>\n<ul>\n<li>\n<h3>Augsta iztur\u012bba un ilgm\u016b\u017e\u012bba<\/h3>\n<p>    Parasti no augstas stipr\u012bbas t\u0113rauda vai alum\u012bnija izgatavotais str\u0113les cilindrs var iztur\u0113t augstu spiedienu un lielas slodzes, padarot to piem\u0113rotu skarbiem darba apst\u0101k\u013ciem. T\u0101 konstrukcija \u0146em v\u0113r\u0101 nodilumiztur\u012bbu un korozijas iztur\u012bbu, nodro\u0161inot ilgu kalpo\u0161anas laiku.<\/li>\n<li>\n<h3>Efekt\u012bva hidraulisk\u0101 darb\u012bba<\/h3>\n<p>    Izmantojot hidraulisk\u0101s e\u013c\u013cas spiedienu, cilindrs pan\u0101k vienm\u0113r\u012bgas izstiep\u0161anas un ievilk\u0161anas kust\u012bbas, kas \u0101tri rea\u0123\u0113 uz vad\u012bbas komand\u0101m, nodro\u0161inot jaud\u012bgas stum\u0161anas un vilk\u0161anas sp\u0113jas, kas ir ide\u0101li piem\u0113rotas smagu priek\u0161metu apstr\u0101dei un sare\u017e\u0123\u012btu uzdevumu veik\u0161anai.<\/li>\n<li>\n<h3>Da\u017e\u0101di veidi<\/h3>\n<p>    Klienti var izv\u0113l\u0113ties starp vienk\u0101r\u0161as darb\u012bbas (hidrauliska darb\u012bba vien\u0101 virzien\u0101) un divk\u0101r\u0161as darb\u012bbas cilindriem (hidrauliska darb\u012bba abos virzienos), lai apmierin\u0101tu da\u017e\u0101das ekspluat\u0101cijas vajadz\u012bbas. Da\u017eiem mode\u013ciem ir teleskopiska konstrukcija, kas \u013cauj pan\u0101kt liel\u0101ku pagarin\u0101jumu, nepalielinot \u0101r\u0113jos izm\u0113rus, kas ir ide\u0101li piem\u0113rots ierobe\u017eotas vietas pielietojumiem.<\/li>\n<li>\n<h3>Sader\u012bba<\/h3>\n<p>    M\u016bsu produkti ir izstr\u0101d\u0101ti, lai perfekti aizst\u0101tu \u0161os hidrauliskos cilindrus, nodro\u0161inot neman\u0101mu integr\u0101ciju un funkcionalit\u0101ti ar eso\u0161aj\u0101m iek\u0101rt\u0101m.<\/li>\n<li>\n<h3>Kvalit\u0101tes nodro\u0161in\u0101\u0161ana<\/h3>\n<p>    M\u016bsu ra\u017eo\u0161anas procesi atbilst stingriem kvalit\u0101tes nodro\u0161in\u0101\u0161anas protokoliem, lai nodro\u0161in\u0101tu, ka katrs str\u0113les cilindrs atbilst nozares standartiem attiec\u012bb\u0101 uz veiktsp\u0113ju un uzticam\u012bbu.<\/li>\n<\/ul>\n<p><img decoding=\"async\" src=\"https:\/\/www.hydraulic-cylinders.net\/wp-content\/uploads\/2025\/04\/songte-cylinder-head-with-all-kinds-excavator-models.webp\" alt=\"Ekskavatoru mode\u013ci\"><\/p>\n<h2>Lietojumprogrammu scen\u0101riji<\/h2>\n<ul>\n<li>\n<h3>Celtniec\u012bbas apr\u012bkojums<\/h3>\n<p>    Ekskavatoros str\u0113les cilindrs ir b\u016btisks augsnes vai gru\u017eu rak\u0161anai, iekrau\u0161anai un p\u0101rvieto\u0161anai. Tas nodro\u0161ina, ka kauss var efekt\u012bvi iek\u013c\u016bt zem\u0113, vienlaikus nodro\u0161inot nepiecie\u0161amo celtsp\u0113ju materi\u0101lu pacel\u0161anai. Ekskavatoros-iekr\u0101v\u0113jos kausa cilindrs pal\u012bdz ne tikai rakt, bet ar\u012b pacelt materi\u0101lus b\u016bvniec\u012bbas projektu laik\u0101.<\/h3>\n<\/li>\n<li>\n<h3>Lauksaimniec\u012bbas tehnika<\/h3>\n<p>    Front\u0101lo iekr\u0101v\u0113ju str\u0113les cilindrs ir \u013coti svar\u012bgs augsnes, siena un citu materi\u0101lu sav\u0101k\u0161anai, cel\u0161anai un transport\u0113\u0161anai. Tas nodro\u0161ina, ka apr\u012bkojums var darboties efekt\u012bvi, \u013caujot lauksaimniekiem viegli apstr\u0101d\u0101t lielus materi\u0101lu apjomus.<\/h3>\n<\/li>\n<li>\n<h3>Ekskavatori<\/h3>\n<p>    Ekskavatoros str\u0113les cilindrs atvieglo rak\u0161anas darb\u012bbas, \u013caujot kausam efekt\u012bvi iek\u013c\u016bt augsn\u0113, \u013caujot operatoriem \u0101tri un efekt\u012bvi veikt rak\u0161anas darbus. T\u0101 iztur\u012bg\u0101 konstrukcija nodro\u0161ina, ka tas sp\u0113j iztur\u0113t nep\u0101rtrauktas darb\u012bbas rad\u012bt\u0101s slodzes da\u017e\u0101dos augsnes apst\u0101k\u013cos.<\/h3>\n<\/li>\n<li>\n<h3>Iekr\u0101v\u0113ji<\/h3>\n<p>    Front\u0101lajos iekr\u0101v\u0113jos str\u0113les cilindram ir b\u016btiska loma kravu efekt\u012bv\u0101 cel\u0161an\u0101 un izg\u0101\u0161an\u0101, uzlabojot produktivit\u0101ti, nodro\u0161inot \u0101tru cikla laiku materi\u0101lu apstr\u0101des darbos.<\/h3>\n<\/li>\n<\/ul>\n<h2>Projekt\u0113\u0161anas apsv\u0113rumi un atlases standarti<\/h2>\n<ul>\n<li>\n<h3>Kravnes\u012bba<\/h3>\n<p>    Izv\u0113loties str\u0113les cilindru, galvenais apsv\u0113rums ir kravnes\u012bba. Tam j\u0101sp\u0113j iztur\u0113t maksim\u0101lo svaru, kas tiks pielietots darb\u012bbas laik\u0101, neapdraudot dro\u0161\u012bbu vai veiktsp\u0113ju. Tas ietver r\u016bp\u012bgu test\u0113\u0161anu un anal\u012bzi, lai nodro\u0161in\u0101tu, ka cilindrs iztur dinamiskas slodzes un negaid\u012btus spriegumus.<\/h3>\n<\/li>\n<li>\n<h3>Bl\u012bv\u0113juma veiktsp\u0113ja<\/h3>\n<p>    Efekt\u012bva bl\u012bv\u0113\u0161ana ir \u013coti svar\u012bga, lai nov\u0113rstu hidraulisk\u0101 \u0161\u0137idruma nopl\u016bdes un uztur\u0113tu optim\u0101lu spiedienu cilindr\u0101. Augstas kvalit\u0101tes bl\u012bves, kas izgatavotas no t\u0101diem materi\u0101liem k\u0101 poliuret\u0101ns un nitrilgumija, ir b\u016btiskas, lai iztur\u0113tu hidraulisk\u0101s vides slodzi, vienlaikus nodro\u0161inot ilgm\u016b\u017e\u012bbu un uzticam\u012bbu.<\/h3>\n<\/li>\n<li>\n<h3>Iztur\u012bba<\/h3>\n<p>    Str\u0113les cilindra konstrukcij\u0101 izmantotajiem materi\u0101liem j\u0101b\u016bt iztur\u012bgiem pret nodilumu un koroziju. Augstas stipr\u012bbas t\u0113rauda vai alum\u012bnija izv\u0113le apvienojum\u0101 ar aizsargp\u0101rkl\u0101jumiem uzlabo iztur\u012bbu un pagarina kalpo\u0161anas laiku skarbos darba apst\u0101k\u013cos.<\/h3>\n<\/li>\n<li>\n<h3>Dro\u0161\u012bbas funkcijas<\/h3>\n<p>    Dro\u0161\u012bba hidrauliskaj\u0101s sist\u0113m\u0101s ir \u0101rk\u0101rt\u012bgi svar\u012bga. Konstrukcij\u0101 j\u0101iek\u013cauj funkcijas, kas nov\u0113r\u0161 p\u0101rstiep\u0161anos vai sabruk\u0161anu. Turkl\u0101t dro\u0161\u012bbas v\u0101rsti, kas samazina spiedienu darb\u012bbas trauc\u0113jumu gad\u012bjum\u0101, ir \u013coti svar\u012bgi, lai nodro\u0161in\u0101tu operatora aizsardz\u012bbu lieto\u0161anas laik\u0101.<\/h3>\n<\/li>\n<li>\n<h3>Apkopes pieejam\u012bba<\/h3>\n<p>    Str\u0113les cilindra konstrukcija, kas paredz\u0113ta vienk\u0101r\u0161ai apkopei, nodro\u0161ina, ka operatori var veikt regul\u0101ras p\u0101rbaudes un remontu ar minim\u0101lu d\u012bkst\u0101vi. Tas ietver apsv\u0113rumus par piek\u013cuvi bl\u012bv\u0113m, e\u013c\u013co\u0161anas punktiem un \u0113rtu demont\u0101\u017eu remontam.<\/h3>\n<\/li>\n<\/ul>\n<p><img decoding=\"async\" src=\"https:\/\/www.hydraulic-cylinders.net\/wp-content\/uploads\/2025\/04\/songte-oil-pipes-and-spare-parts.webp\" alt=\"E\u013c\u013cas caurules un rezerves da\u013cas\"><\/p>\n<h2>Bl\u012bv\u0113\u0161ana un e\u013c\u013co\u0161ana<\/h2>\n<p>Hidraulisko cilindru integrit\u0101te liel\u0101 m\u0113r\u0101 ir atkar\u012bga no efekt\u012bvas bl\u012bv\u0113\u0161anas un e\u013c\u013co\u0161anas. Lai nov\u0113rstu hidraulisk\u0101 \u0161\u0137idruma nopl\u016bdes un pies\u0101r\u0146ojumu, tiek izmantoti da\u017e\u0101di bl\u012bv\u0113jumi, piem\u0113ram, virzu\u013ca bl\u012bv\u0113jumi un stie\u0146a bl\u012bv\u0113jumi. Lai nodro\u0161in\u0101tu iztur\u012bbu, parasti tiek izmantoti bl\u012bv\u0113jumi, kas izgatavoti no nodilumiztur\u012bgiem materi\u0101liem, tostarp poliuret\u0101na un nitrila gumijas. Turkl\u0101t cilindru korpusi un v\u012bt\u0146ot\u0101s gala virsmas tiek prec\u012bzi apstr\u0101d\u0101tas, lai uzlabotu nodilumiztur\u012bbu. Regul\u0101ra e\u013c\u013co\u0161ana ar hidraulisko e\u013c\u013cu ir nepiecie\u0161ama, lai samazin\u0101tu berzi starp kust\u012bgaj\u0101m da\u013c\u0101m, nodro\u0161inot vienm\u0113r\u012bgu darb\u012bbu un pagarinot deta\u013cas kalpo\u0161anas laiku.<\/p>\n<h2>Prevent\u012bvie apkopes pas\u0101kumi<\/h2>\n<ul>\n<li>\n<h3>Regul\u0101ras p\u0101rbaudes<\/h3>\n<p>    Regul\u0101ras p\u0101rbaudes pal\u012bdz noteikt nodilumu un iesp\u0113jam\u0101s probl\u0113mas, pirms t\u0101s saasin\u0101s. Operatoriem j\u0101p\u0101rbauda, \u200b\u200bvai nav \u0161\u0137idruma nopl\u016b\u017eu, j\u0101p\u0101rbauda bl\u012bves un savienojumi, k\u0101 ar\u012b j\u0101nov\u0113rt\u0113 hidraulisk\u0101 cilindra visp\u0101r\u0113jais st\u0101voklis.<\/h3>\n<\/li>\n<li>\n<h3>Piem\u0113rota e\u013c\u013co\u0161ana<\/h3>\n<p>    Hidraulisk\u0101 cilindra pien\u0101c\u012bga e\u013c\u013co\u0161ana ir \u013coti svar\u012bga, lai nov\u0113rstu nodilumu un nodro\u0161in\u0101tu efekt\u012bvu darb\u012bbu. Operatoriem regul\u0101ri j\u0101p\u0101rbauda un nepiecie\u0161am\u012bbas gad\u012bjum\u0101 j\u0101papildina hidraulisk\u0101 \u0161\u0137idruma l\u012bmenis.<\/h3>\n<\/li>\n<li>\n<h3>Bl\u012bv\u0113juma nomai\u0146a<\/h3>\n<p>    Laika gait\u0101 bl\u012bves var nolietoties un t\u0101s var b\u016bt j\u0101nomaina. Regul\u0101ra bl\u012bvju st\u0101vok\u013ca uzraudz\u012bba un savlaic\u012bga nomai\u0146a ir b\u016btiska, lai saglab\u0101tu hidraulisko integrit\u0101ti un veiktsp\u0113ju.<\/h3>\n<\/li>\n<\/ul>\n<h2>Uzst\u0101d\u012b\u0161anas vadl\u012bnijas<\/h2>\n<p>Pareiza str\u0113les cilindra uzst\u0101d\u012b\u0161ana ir \u013coti svar\u012bga, lai nodro\u0161in\u0101tu optim\u0101lu veiktsp\u0113ju un dro\u0161\u012bbu. Vispirms p\u0101rliecinieties, vai visas sast\u0101vda\u013cas ir t\u012bras un bez gru\u017eiem. Prec\u012bzi izl\u012bdziniet cilindru ar stiprin\u0101juma punktiem, lai nov\u0113rstu nepareizu izl\u012bdzin\u0101\u0161anu, kas var izrais\u012bt priek\u0161laic\u012bgu nodilumu vai boj\u0101jumus. Izmantojiet atbilsto\u0161us stiprin\u0101juma kron\u0161teinus, lai nostiprin\u0101tu cilindru viet\u0101, p\u0101rliecinoties, ka tas ir stingri piestiprin\u0101ts un stabils. P\u0113c uzst\u0101d\u012b\u0161anas v\u0113lreiz p\u0101rbaudiet, vai hidrauliskie savienojumi ir cie\u0161i un bez nopl\u016bd\u0113m. Pirms tehnikas lieto\u0161anas veiciet testa braucienu, lai p\u0101rliecin\u0101tos, ka cilindrs darbojas pareizi un rea\u0123\u0113 uz vad\u012bbas ievad\u0113m bez probl\u0113m\u0101m.<\/p>\n<h2>Bie\u017ei sastopamie apkopes uzdevumi<\/h2>\n<ul>\n<li>\n<h3>Regul\u0101ras p\u0101rbaudes<\/h3>\n<p>    Periodiskas p\u0101rbaudes pal\u012bdz noteikt agr\u012bnas nodiluma vai gaid\u0101mas atteices paz\u012bmes. Ir \u013coti svar\u012bgi izstr\u0101d\u0101t regul\u0101ru p\u0101rbau\u017eu grafiku, lai uztur\u0113tu optim\u0101lu veiktsp\u0113ju un nov\u0113rstu negaid\u012btus d\u012bkst\u0101ves laikus.<\/h3>\n<\/li>\n<li>\n<h3>Pareiza e\u013c\u013co\u0161ana<\/h3>\n<p>    Nodro\u0161inot labu hidraulisk\u0101 cilindra e\u013c\u013co\u0161anu, tiek samazin\u0101ta berze un nodilums. Operatoriem j\u0101iev\u0113ro ra\u017eot\u0101ja ieteikumi attiec\u012bb\u0101 uz e\u013c\u013co\u0161anas interv\u0101liem un \u0161\u0137idrumu veidiem, lai saglab\u0101tu sist\u0113mas integrit\u0101ti.<\/h3>\n<\/li>\n<li>\n<h3>Bl\u012bvju nomai\u0146as un kalibr\u0113\u0161anas p\u0101rbaudes<\/h3>\n<p>    Lai nov\u0113rstu nopl\u016bdes un uztur\u0113tu hidraulisko efektivit\u0101ti, ir nepiecie\u0161ama savlaic\u012bga bl\u012bv\u0113jumu nomai\u0146a. Regul\u0101ras kalibr\u0113\u0161anas p\u0101rbaudes nodro\u0161ina, ka cilindrs darbojas noteiktos parametros, un var pal\u012bdz\u0113t izvair\u012bties no ekspluat\u0101cijas probl\u0113m\u0101m.<\/h3>\n<\/li>\n<\/ul>\n<p><img decoding=\"async\" src=\"https:\/\/www.hydraulic-cylinders.net\/wp-content\/uploads\/2025\/04\/songte-chushion-collar.webp\" alt=\"Spilvenu apkakle\"><\/p>\n<h2>Dro\u0161\u012bbas apsv\u0113rumi un vides faktori<\/h2>\n<p>Str\u0101d\u0101jot ar hidrauliskaj\u0101m sist\u0113m\u0101m, dro\u0161\u012bbas pas\u0101kumi ir \u0101rk\u0101rt\u012bgi svar\u012bgi. Operatoriem j\u0101b\u016bt apm\u0101c\u012btiem par pareizu hidraulisko iek\u0101rtu lieto\u0161anu un ekspluat\u0101ciju, lai samazin\u0101tu ar spiediena sist\u0113m\u0101m saist\u012btos riskus. Ir svar\u012bgi ieviest dro\u0161\u012bbas protokolus, piem\u0113ram, valk\u0101t aizsargl\u012bdzek\u013cus un nodro\u0161in\u0101t pareizas blo\u0137\u0113\u0161anas\/mar\u0137\u0113\u0161anas proced\u016bras apkopes laik\u0101. Turkl\u0101t, lai samazin\u0101tu hidraulisko darb\u012bbu ekolo\u0123isko ietekmi, ir svar\u012bgi \u0146emt v\u0113r\u0101 vides faktorus, piem\u0113ram, hidraulisko \u0161\u0137idrumu ierobe\u017eo\u0161anu un pies\u0101r\u0146oto materi\u0101lu pareizu utiliz\u0101ciju.<\/p>\n<h2>Probl\u0113mu nov\u0113r\u0161ana un bie\u017ei sastopamas probl\u0113mas<\/h2>\n<ul>\n<li>\n<h3>Hidraulisk\u0101s nopl\u016bdes<\/h3>\n<p>    Nopl\u016bdes var rasties nodilu\u0161u bl\u012bv\u0113jumu vai boj\u0101tu savienojumu d\u0113\u013c. Efekt\u012bvam remontam ir svar\u012bgi noteikt nopl\u016bdes avotu. Operatoriem regul\u0101ri j\u0101p\u0101rbauda bl\u012bv\u0113jumi un savienojumi un nekav\u0113joties j\u0101nomaina nolietot\u0101s deta\u013cas, lai nov\u0113rstu hidraulisk\u0101 spiediena zudumu.<\/h3>\n<\/li>\n<li>\n<h3>L\u0113na vai nevienm\u0113r\u012bga kust\u012bba<\/h3>\n<p>    Ja cilindrs neizvirz\u0101s vai neievelkas vienm\u0113r\u012bgi, tas var liecin\u0101t par probl\u0113m\u0101m ar hidraulisk\u0101 \u0161\u0137idruma l\u012bmeni vai iek\u0161\u0113jiem boj\u0101jumiem. Operatoriem j\u0101p\u0101rbauda \u0161\u0137idruma l\u012bmenis un j\u0101apskata cilindrs, vai nav \u0161\u0137\u0113r\u0161\u013cu vai boj\u0101jumu, kas var\u0113tu trauc\u0113t kust\u012bbu.<\/h3>\n<\/li>\n<li>\n<h3>P\u0101rm\u0113r\u012bgs troksnis<\/h3>\n<p>    Neparasti trok\u0161\u0146i darb\u012bbas laik\u0101 var liecin\u0101t par iek\u0161\u0113ju nodilumu vai nepietiekamu e\u013c\u013co\u0161anu. Operatoriem nekav\u0113joties j\u0101risina visas trok\u0161\u0146a probl\u0113mas, p\u0101rbaudot cilindru un nodro\u0161inot, ka tas ir pien\u0101c\u012bgi iee\u013c\u013cots.<\/h3>\n<\/li>\n<\/ul>\n<h2>Probl\u0113mu nov\u0113r\u0161anas padomi<\/h2>\n<p>Lai efekt\u012bvi diagnostic\u0113tu un nov\u0113rstu probl\u0113mas, operatoriem j\u0101iev\u0113ro sistem\u0101tiskas probl\u0113mu nov\u0113r\u0161anas darb\u012bbas. S\u0101ciet ar hidraulisk\u0101 \u0161\u0137idruma l\u012bme\u0146a p\u0101rbaudi un nepiecie\u0161am\u012bbas gad\u012bjum\u0101 papildin\u0101\u0161anu. P\u0101rbaudiet visus bl\u012bv\u0113jumus un savienojumus, vai nav nodiluma vai nopl\u016b\u017eu paz\u012bmju. Darb\u012bbas laik\u0101 ieklausieties neparast\u0101s ska\u0146\u0101s, kas var liecin\u0101t par iek\u0161\u0113j\u0101m probl\u0113m\u0101m. Ieviesiet prevent\u012bvus pas\u0101kumus, piem\u0113ram, regul\u0101ru apkopi un savlaic\u012bgus remontdarbus, lai samazin\u0101tu atk\u0101rto\u0161an\u0101s iesp\u0113jam\u012bbu. Detaliz\u0113ta apkopes \u017eurn\u0101la uztur\u0113\u0161ana var ar\u012b pal\u012bdz\u0113t identific\u0113t mode\u013cus, kas var izrais\u012bt k\u013c\u016bmes.<\/p>\n<p><img decoding=\"async\" src=\"https:\/\/www.hydraulic-cylinders.net\/wp-content\/uploads\/2025\/04\/songte-bushings-with-all-kinds-of-excavator-models.webp\" alt=\"Bukses ar ekskavatora mode\u013ciem\"><\/p>\n<h2>Par m\u016bsu uz\u0146\u0113mumu<\/h2>\n<p>M\u0113s esam vado\u0161ais rezerves hidraulisko cilindru ra\u017eot\u0101js, pied\u0101v\u0101jot pla\u0161u produktu kl\u0101stu, kas ir nostiprin\u0101jis m\u016bsu k\u0101 viena no vado\u0161ajiem ra\u017eot\u0101jiem un vairumtirgot\u0101jiem gan viet\u0113j\u0101, gan starptautiskaj\u0101 tirg\u016b. M\u016bsu ap\u0146em\u0161an\u0101s sasniegt izcil\u012bbu atspogu\u013cojas m\u016bsu prec\u012bzi piel\u0101gotaj\u0101s ra\u017eo\u0161anas strat\u0113\u0123ij\u0101s, izmantojot progres\u012bvus tehnolo\u0123iskos talantus, augstas klases digit\u0101l\u0101s ra\u017eo\u0161anas iek\u0101rtas un stabilas test\u0113\u0161anas sist\u0113mas. M\u0113s nep\u0101rtraukti uzlabojam savu ra\u017eo\u0161anas platformu un uzlabojam produktu kvalit\u0101ti, izmantojot r\u016bp\u012bgi izstr\u0101d\u0101tus ra\u017eo\u0161anas procesus. M\u016bsu iesp\u0113jas \u013cauj mums efekt\u012bvi apmierin\u0101t da\u017e\u0101das klientu vajadz\u012bbas ar augstu precizit\u0101ti un kvalit\u0101ti.<\/p>\n<p><img decoding=\"async\" src=\"https:\/\/www.hydraulic-cylinders.net\/wp-content\/uploads\/2025\/04\/songte-company-4.webp\" alt=\"Uz\u0146\u0113muma t\u0113ls\"><br \/>\n<img decoding=\"async\" src=\"https:\/\/www.hydraulic-cylinders.net\/wp-content\/uploads\/2025\/04\/songte-company-3.webp\" alt=\"Uz\u0146\u0113muma t\u0113ls\"><\/p>\n<p>Autors: lil<\/p>","protected":false},"excerpt":{"rendered":"<p>Boom Cylinder For Jove JV235LC Product Overview The Boom Cylinder for Jove JV235LC is a specialized hydraulic cylinder designed to control the movement of various heavy machinery buckets. This essential component plays a critical role in hydraulic systems, particularly in excavators, backhoe loaders, and front-end loaders. It enables the bucket to lift, lower, and tilt, [&hellip;]<\/p>","protected":false},"featured_media":17880,"comment_status":"open","ping_status":"closed","template":"","meta":{"_et_pb_use_builder":"","_et_pb_old_content":"","_et_gb_content_width":""},"product_brand":[],"product_cat":[1546],"product_tag":[1547,1496],"class_list":{"0":"post-19496","1":"product","2":"type-product","3":"status-publish","4":"has-post-thumbnail","6":"product_cat-boom-cylinders","7":"product_tag-boom-cylinders","8":"product_tag-hydraulic-cylinders","10":"first","11":"instock","12":"shipping-taxable","13":"product-type-simple"},"amp_enabled":true,"_links":{"self":[{"href":"https:\/\/www.hydraulic-cylinders.net\/lv\/wp-json\/wp\/v2\/product\/19496","targetHints":{"allow":["GET"]}}],"collection":[{"href":"https:\/\/www.hydraulic-cylinders.net\/lv\/wp-json\/wp\/v2\/product"}],"about":[{"href":"https:\/\/www.hydraulic-cylinders.net\/lv\/wp-json\/wp\/v2\/types\/product"}],"replies":[{"embeddable":true,"href":"https:\/\/www.hydraulic-cylinders.net\/lv\/wp-json\/wp\/v2\/comments?post=19496"}],"wp:featuredmedia":[{"embeddable":true,"href":"https:\/\/www.hydraulic-cylinders.net\/lv\/wp-json\/wp\/v2\/media\/17880"}],"wp:attachment":[{"href":"https:\/\/www.hydraulic-cylinders.net\/lv\/wp-json\/wp\/v2\/media?parent=19496"}],"wp:term":[{"taxonomy":"product_brand","embeddable":true,"href":"https:\/\/www.hydraulic-cylinders.net\/lv\/wp-json\/wp\/v2\/product_brand?post=19496"},{"taxonomy":"product_cat","embeddable":true,"href":"https:\/\/www.hydraulic-cylinders.net\/lv\/wp-json\/wp\/v2\/product_cat?post=19496"},{"taxonomy":"product_tag","embeddable":true,"href":"https:\/\/www.hydraulic-cylinders.net\/lv\/wp-json\/wp\/v2\/product_tag?post=19496"}],"curies":[{"name":"wp","href":"https:\/\/api.w.org\/{rel}","templated":true}]}}