{"id":19497,"date":"2025-04-07T06:50:56","date_gmt":"2025-04-07T06:50:56","guid":{"rendered":"https:\/\/www.hydraulic-cylinders.net\/product\/boom-cylinder-for-jove-jv365lc\/"},"modified":"2025-04-07T06:50:58","modified_gmt":"2025-04-07T06:50:58","slug":"boom-cylinder-for-jove-jv365lc","status":"publish","type":"product","link":"https:\/\/www.hydraulic-cylinders.net\/lv\/products\/boom-cylinder-for-jove-jv365lc\/","title":{"rendered":"Str\u0113les cilindrs Jove JV365LC"},"content":{"rendered":"<h1>Str\u0113les cilindrs Jove JV365LC<\/h1>\n<h2>Produkta p\u0101rskats<\/h2>\n<p>The <strong>Str\u0113les cilindrs Jove JV365LC<\/strong> ir specializ\u0113ts hidrauliskais cilindrs, kas paredz\u0113ts kausu kust\u012bbas vad\u012bbai smagaj\u0101s ma\u0161\u012bn\u0101s, piem\u0113ram, ekskavatoros, iekr\u0101v\u0113ju ekskavatoros un front\u0101lajos iekr\u0101v\u0113jos. \u0160iem cilindriem ir iz\u0161\u0137iro\u0161a noz\u012bme kausu pacel\u0161an\u0101, nolai\u0161an\u0101 un noliek\u0161an\u0101, atvieglojot da\u017e\u0101dus materi\u0101lu apstr\u0101des uzdevumus. Kausa cilindrs darbojas hidrauliskaj\u0101s sist\u0113m\u0101s, p\u0101rveidojot hidraulisko ener\u0123iju meh\u0101nisk\u0101 sp\u0113k\u0101, nodro\u0161inot vienm\u0113r\u012bgu un efekt\u012bvu darb\u012bbu sare\u017e\u0123\u012btos apst\u0101k\u013cos.<\/p>\n<p><img decoding=\"async\" src=\"https:\/\/www.hydraulic-cylinders.net\/wp-content\/uploads\/2025\/04\/songte-company-1.webp\" alt=\"Str\u0113les cilindrs Jove JV365LC\"><\/p>\n<h3>Galven\u0101s iez\u012bmes<\/h3>\n<ul>\n<li><strong>Augsta iztur\u012bba un ilgm\u016b\u017e\u012bba:<\/strong> \u0160ie cilindri ir izgatavoti no augstas stipr\u012bbas t\u0113rauda vai alum\u012bnija un var iztur\u0113t augstu spiedienu un lielas slodzes. To konstrukcija ir paredz\u0113ta nodilumiztur\u012bbai un korozijas iztur\u012bbai, kas pagarina to kalpo\u0161anas laiku.<\/li>\n<li><strong>Efekt\u012bva hidraulisk\u0101 darb\u012bba:<\/strong> Tie izmanto hidraulisk\u0101s e\u013c\u013cas spiedienu, lai pan\u0101ktu vienm\u0113r\u012bgu izstiep\u0161anu un ievilk\u0161anu, \u0101tri rea\u0123\u0113jot uz vad\u012bbas komand\u0101m, vienlaikus nodro\u0161inot iev\u0113rojamu stum\u0161anas un vilk\u0161anas sp\u0113ku, kas ir ide\u0101li piem\u0113rots smagu un sare\u017e\u0123\u012btu uzdevumu veik\u0161anai.<\/li>\n<li><strong>Da\u017e\u0101di veidi:<\/strong> Pieejams gan vienas darb\u012bbas (hidraulisk\u0101 sist\u0113ma darbojas vien\u0101 virzien\u0101), gan divk\u0101r\u0161as darb\u012bbas (hidraulisk\u0101 sist\u0113ma darbojas abos virzienos) versij\u0101s, kas atbilst da\u017e\u0101d\u0101m ekspluat\u0101cijas vajadz\u012bb\u0101m. Da\u017eiem mode\u013ciem ir teleskopiska konstrukcija, kas nodro\u0161ina liel\u0101ku pagarin\u0101jumu, nepalielinot \u0101r\u0113jos izm\u0113rus, kas ir ide\u0101li piem\u0113rots \u0161aur\u0101m vajadz\u012bb\u0101m.<\/li>\n<li><strong>Piel\u0101gota ra\u017eo\u0161ana:<\/strong> M\u0113s varam ra\u017eot \u0161o produktu, nodro\u0161inot, ka m\u016bsu hidrauliskie cilindri ir ide\u0101li eso\u0161o mode\u013cu aizvietot\u0101ji.<\/li>\n<\/ul>\n<p><img decoding=\"async\" src=\"https:\/\/www.hydraulic-cylinders.net\/wp-content\/uploads\/2025\/04\/songte-cylinder-head-with-all-kinds-excavator-models.webp\" alt=\"Hidraulisk\u0101 cilindra galva\"><\/p>\n<h2>Pieteikumi<\/h2>\n<h3>Celtniec\u012bbas apr\u012bkojums<\/h3>\n<p>B\u016bvniec\u012bbas nozar\u0113 str\u0113les cilindri ir ekskavatoru galven\u0101s sast\u0101vda\u013cas, kas \u013cauj izrakt, iekraut un transport\u0113t augsni vai gru\u017eus. To funkcionalit\u0101te ir \u013coti svar\u012bga gan rak\u0161anas, gan cel\u0161anas oper\u0101cij\u0101m ekskavatoros-iekr\u0101v\u0113jos, uzlabojot b\u016bvniec\u012bbas projektu kop\u0113jo efektivit\u0101ti. Prec\u012bza kust\u012bba, ko nodro\u0161ina \u0161ie cilindri, atvieglo prec\u012bzu rak\u0161anu un materi\u0101lu apstr\u0101di, nodro\u0161inot produktivit\u0101ti darba viet\u0101s.<\/p>\n<h3>Lauksaimniec\u012bbas tehnika<\/h3>\n<p>Front\u0101lie iekr\u0101v\u0113ji, kas apr\u012bkoti ar str\u0113les cilindriem, ir b\u016btiski lauksaimniec\u012bbas darbiem, jo \u200b\u200btie \u013cauj pacelt, sav\u0101kt un transport\u0113t da\u017e\u0101dus materi\u0101lus, piem\u0113ram, augsni un sienu. \u0160\u012b piel\u0101go\u0161an\u0101s sp\u0113ja ir vit\u0101li svar\u012bga lauksaimniekiem, lai efekt\u012bvi p\u0101rvald\u012btu resursus, \u013caujot \u0101tr\u0101k un efekt\u012bv\u0101k veikt darb\u012bbas saimniec\u012bb\u0101. \u0160o cilindru uzticam\u012bba tie\u0161i ietekm\u0113 lauksaimniec\u012bbas tehnikas produktivit\u0101ti, padarot tos neaizst\u0101jamus m\u016bsdienu lauksaimniec\u012bbas praks\u0113.<\/p>\n<h3>Ekskavatori<\/h3>\n<p>In excavators, boom cylinders enable the bucket to penetrate into the ground during digging operations. This capability allows for efficient excavation of various materials, from loose soil to hard surfaces. The hydraulic force generated by these cylinders enhances the excavator&#8217;s effectiveness, making it a vital tool in construction and mining industries. Their ability to perform under heavy loads ensures that projects can be completed on time with minimal downtime.<\/p>\n<h3>Iekr\u0101v\u0113ji<\/h3>\n<p>In front loaders, boom cylinders are responsible for lifting and tipping loads effectively. They provide the necessary force to handle heavy materials, ensuring smooth operation during loading and unloading processes. The efficiency of these cylinders contributes significantly to a loader&#8217;s operational capabilities, helping to streamline workflows on construction sites and material handling operations.<\/p>\n<h2>Dizaina apsv\u0113rumi un atlases krit\u0113riji<\/h2>\n<h3>Kravnes\u012bba<\/h3>\n<p>Izv\u0113loties str\u0113les cilindru, ir svar\u012bgi \u0146emt v\u0113r\u0101 t\u0101 kravnes\u012bbu. Cilindram j\u0101b\u016bt projekt\u0113tam t\u0101, lai tas iztur\u0113tu konkr\u0113to svaru paredz\u0113tajos pielietojumos. Cilindra ar nepietiekamu kravnes\u012bbu izv\u0113le var izrais\u012bt boj\u0101jumus un rad\u012bt dro\u0161\u012bbas riskus. T\u0101p\u0113c svara ierobe\u017eojumu izpratne un cilindra atbilsto\u0161as \u200b\u200bnov\u0113rt\u0113\u0161anas nodro\u0161in\u0101\u0161ana ir \u0101rk\u0101rt\u012bgi svar\u012bga dro\u0161ai un efekt\u012bvai darb\u012bbai.<\/p>\n<h3>Bl\u012bv\u0113jums un iztur\u012bba<\/h3>\n<p>Efekt\u012bvs bl\u012bv\u0113jums ir vit\u0101li svar\u012bgs hidraulisko cilindru ilgm\u016b\u017e\u012bbai. Konstrukcij\u0101 j\u0101iek\u013cauj augstas kvalit\u0101tes bl\u012bv\u0113jumi, kas nov\u0113r\u0161 hidraulisk\u0101 \u0161\u0137idruma nopl\u016bdi, vienlaikus nodro\u0161inot, ka cilindr\u0101 nenon\u0101k piemais\u012bjumi. Bl\u012bv\u0113\u0161anas materi\u0101li, piem\u0113ram, poliuret\u0101ns un nitrilgumija, j\u0101izv\u0113las, \u0146emot v\u0113r\u0101 to nodilumiztur\u012bbu un ilgm\u016b\u017e\u012bbu. Pareizs bl\u012bv\u0113jums pagarina cilindra kalpo\u0161anas laiku, samazina apkopes nepiecie\u0161am\u012bbu un nodro\u0161ina nemain\u012bgu hidraulisko veiktsp\u0113ju.<\/p>\n<h3>Dro\u0161\u012bbas funkcijas<\/h3>\n<p>Dro\u0161\u012bba ir \u0101rk\u0101rt\u012bgi svar\u012bgs apsv\u0113rums hidraulisko cilindru projekt\u0113\u0161an\u0101. T\u0101das funkcijas k\u0101 spiediena samazin\u0101\u0161anas v\u0101rsti un iztur\u012bgi mont\u0101\u017eas noteikumi uzlabo ekspluat\u0101cijas dro\u0161\u012bbu. \u0160\u012bs funkcijas aizsarg\u0101 pret p\u0101rspiedienu un nodro\u0161ina, ka cilindrs ekspluat\u0101cijas laik\u0101 paliek dro\u0161i piestiprin\u0101ts. Regul\u0101ras p\u0101rbaudes un dro\u0161\u012bbas protokolu iev\u0113ro\u0161ana v\u0113l vair\u0101k uzlabo hidraulisko cilindru darb\u012bbu dro\u0161\u012bbu.<\/p>\n<h3>Apkope un izmantojam\u012bba<\/h3>\n<p>Hidraulisko cilindru projekt\u0113\u0161ana, \u0146emot v\u0113r\u0101 to vienk\u0101r\u0161otu apkopi, ir b\u016btiska, lai nodro\u0161in\u0101tu to ilgm\u016b\u017e\u012bbu un uzticam\u012bbu. Cilindriem j\u0101b\u016bt konstru\u0113tiem t\u0101, lai tiem b\u016btu \u0113rta piek\u013cuve regul\u0101ru p\u0101rbau\u017eu un remontu laik\u0101. Tas ietver t\u0101das funkcijas k\u0101 nomain\u0101mas bl\u012bves un viegli pieejamas e\u013c\u013co\u0161anas vietas, kas atvieglo regul\u0101ras apkopes p\u0101rbaudes, samazinot negaid\u012btu k\u013c\u016bmju risku un pagarinot iek\u0101rtas kalpo\u0161anas laiku.<\/p>\n<p><img decoding=\"async\" src=\"https:\/\/www.hydraulic-cylinders.net\/wp-content\/uploads\/2025\/04\/songte-oil-pipes-and-spare-parts.webp\" alt=\"Hidraulisko cilindru deta\u013cas\"><\/p>\n<h2>Bl\u012bv\u0113\u0161ana un e\u013c\u013co\u0161ana<\/h2>\n<p>Str\u0113les cilindru veiktsp\u0113ja un ilgm\u016b\u017e\u012bba ir liel\u0101 m\u0113r\u0101 atkar\u012bga no efekt\u012bv\u0101m bl\u012bv\u0113\u0161anas un e\u013c\u013co\u0161anas strat\u0113\u0123ij\u0101m. Da\u017e\u0101diem bl\u012bv\u0113\u0161anas elementiem, piem\u0113ram, virzu\u013ca bl\u012bv\u0113m un stie\u0146a bl\u012bv\u0113m, ir iz\u0161\u0137iro\u0161a noz\u012bme hidraulisko sist\u0113mu integrit\u0101tes uztur\u0113\u0161an\u0101. Priek\u0161roka tiek dota bl\u012bv\u0113m, kas izgatavotas no nodilumiztur\u012bgiem materi\u0101liem, piem\u0113ram, poliuret\u0101na un nitrila gumijas, jo t\u0101s sp\u0113j iztur\u0113t skarbus ekspluat\u0101cijas apst\u0101k\u013cus.<\/p>\n<p>Turkl\u0101t cilindra korpuss un v\u012bt\u0146ot\u0101s gala virsmas tiek r\u016bp\u012bgi apstr\u0101d\u0101tas, lai uzlabotu nodilumiztur\u012bbu. Regul\u0101ra e\u013c\u013co\u0161ana ar atbilsto\u0161u hidraulisko e\u013c\u013cu ir b\u016btiska, lai samazin\u0101tu berzi un nodilumu, nodro\u0161inot vienm\u0113r\u012bgu darb\u012bbu. \u0160\u012b regul\u0101r\u0101 apkope pagarina hidraulisk\u0101 cilindra kalpo\u0161anas laiku, vienlaikus saglab\u0101jot optim\u0101lu veiktsp\u0113ju.<\/p>\n<h2>Regul\u0101ra p\u0101rbaude un profilaktisk\u0101 apkope<\/h2>\n<ul>\n<li><strong>Regul\u0101ras p\u0101rbaudes:<\/strong> Regul\u0101ru hidraulisk\u0101s sist\u0113mas p\u0101rbau\u017eu veik\u0161ana ir \u013coti svar\u012bga, lai identific\u0113tu iesp\u0113jam\u0101s probl\u0113mas, pirms t\u0101s saasin\u0101s. Tas ietver nopl\u016b\u017eu p\u0101rbaudi, bl\u012bv\u0113jumu nodiluma p\u0101rbaudi un pietiekama hidraulisk\u0101 \u0161\u0137idruma l\u012bme\u0146a nodro\u0161in\u0101\u0161anu.<\/li>\n<li><strong>Pareiza e\u013c\u013co\u0161ana:<\/strong> Hidraulisko komponentu pien\u0101c\u012bga e\u013c\u013co\u0161ana nov\u0113r\u0161 p\u0101rm\u0113r\u012bgu nodilumu. Regul\u0101ra hidraulisk\u0101 \u0161\u0137idruma pievieno\u0161ana un sm\u0113rvielas bez piemais\u012bjumiem nodro\u0161in\u0101\u0161ana var iev\u0113rojami palielin\u0101t sist\u0113mas kalpo\u0161anas laiku.<\/li>\n<li><strong>Bl\u012bv\u0113juma nomai\u0146a:<\/strong> Laika gait\u0101 bl\u012bves nolietosies. Bl\u012bvju p\u0101rbaudes un nomai\u0146as grafika ievie\u0161ana ir \u013coti svar\u012bga, lai nov\u0113rstu nopl\u016bdes un saglab\u0101tu sist\u0113mas integrit\u0101ti. Regul\u0101ras kalibr\u0113\u0161anas p\u0101rbaudes var ar\u012b pal\u012bdz\u0113t noteikt jebk\u0101das neatbilst\u012bbas, kas var\u0113tu izrais\u012bt veiktsp\u0113jas probl\u0113mas.<\/li>\n<\/ul>\n<h2>Uzst\u0101d\u012b\u0161anas vadl\u012bnijas<\/h2>\n<p>Proper installation of a boom cylinder is crucial for ensuring optimal performance and safety. Begin by carefully reading the manufacturer&#8217;s instructions and guidelines. Align the cylinder correctly with the mounting points to avoid undue stress on the component. It is recommended to use appropriate mounting brackets to secure the cylinder in place. Ensure that all hydraulic connections are tight and leak-free before testing the system. After installation, conduct a thorough inspection to confirm that the cylinder operates smoothly and efficiently. Regularly monitor the installation for any signs of wear or leaks to address issues proactively.<\/p>\n<h2>Apkopes uzdevumi<\/h2>\n<h3>Regul\u0101ra p\u0101rbaude<\/h3>\n<p>Routine inspections are fundamental in maintaining the performance of hydraulic cylinders. This involves visually checking for any signs of wear or damage, particularly in seals and mounting points. Keeping a log of inspections can help track the cylinder&#8217;s performance over time and identify trends that may indicate potential issues.<\/p>\n<h3>Pareiza e\u013c\u013co\u0161ana<\/h3>\n<p>E\u013c\u013co\u0161ana ir kritiski svar\u012bgs hidraulisk\u0101 cilindra apkopes aspekts. Nodro\u0161inot, ka visas kust\u012bg\u0101s da\u013cas ir pien\u0101c\u012bgi iee\u013c\u013cotas, var nov\u0113rst berzi un nodilumu, t\u0101d\u0113j\u0101di pagarinot cilindra kalpo\u0161anas laiku. Ir svar\u012bgi izmantot ra\u017eot\u0101ja ieteikto hidraulisko \u0161\u0137idrumu un regul\u0101ri p\u0101rbaud\u012bt \u0161\u0137idruma l\u012bmeni, lai uztur\u0113tu optim\u0101lu darb\u012bbu.<\/p>\n<h3>Bl\u012bv\u0113juma nomai\u0146a<\/h3>\n<p>T\u0101 k\u0101 bl\u012bves tiek past\u0101v\u012bgi pak\u013cautas nodilumam, to regul\u0101ra nomai\u0146a ir b\u016btiska, lai nov\u0113rstu nopl\u016bdes un saglab\u0101tu sist\u0113mas integrit\u0101ti. Regul\u0101ras apkopes laik\u0101 p\u0101rbaudiet, vai bl\u012bv\u0113m nav boj\u0101jumu vai nodiluma paz\u012bmju, un nomainiet t\u0101s p\u0113c nepiecie\u0161am\u012bbas. \u0160\u012b proakt\u012bv\u0101 pieeja pal\u012bdz\u0113s uztur\u0113t hidraulisk\u0101s sist\u0113mas efektivit\u0101ti un dro\u0161\u012bbu, vienlaikus samazinot negaid\u012btu d\u012bkst\u0101ves gad\u012bjumu iesp\u0113jam\u012bbu.<\/p>\n<p><img decoding=\"async\" src=\"https:\/\/www.hydraulic-cylinders.net\/wp-content\/uploads\/2025\/04\/songte-chushion-collar.webp\" alt=\"Hidraulisko cilindru spilvena apkakle\"><\/p>\n<h2>Dro\u0161\u012bbas apsv\u0113rumi un vides faktori<\/h2>\n<p>Izmantojot hidrauliskos cilindrus, ir \u0101rk\u0101rt\u012bgi svar\u012bgi \u012bstenot atbilsto\u0161us dro\u0161\u012bbas pas\u0101kumus. Operatoriem j\u0101b\u016bt apm\u0101c\u012btiem izprast potenci\u0101los apdraud\u0113jumus, kas saist\u012bti ar hidrauliskaj\u0101m sist\u0113m\u0101m, tostarp spiediena izlai\u0161anas un \u0161\u0137idruma nopl\u016bdes riskus. Darb\u012bbas laik\u0101 visu laiku j\u0101valk\u0101 individu\u0101lie aizsardz\u012bbas l\u012bdzek\u013ci (IAL). Turkl\u0101t j\u0101\u0146em v\u0113r\u0101 vides apsv\u0113rumi, piem\u0113ram, pareiza hidraulisko \u0161\u0137idrumu un apkopes materi\u0101lu utiliz\u0101cija, lai nov\u0113rstu augsnes un \u016bdens pies\u0101r\u0146ojumu. Dro\u0161\u012bbas protokolu iev\u0113ro\u0161ana ne tikai aizsarg\u0101 darbiniekus, bet ar\u012b pal\u012bdz nodro\u0161in\u0101t atbilst\u012bbu vides noteikumiem.<\/p>\n<h2>Bie\u017ei sastopamo probl\u0113mu nov\u0113r\u0161ana<\/h2>\n<ul>\n<li><strong>Hidraulisk\u0101 \u0161\u0137idruma nopl\u016bdes:<\/strong> Viena no visbie\u017e\u0101k sastopamaj\u0101m probl\u0113m\u0101m ir hidraulisk\u0101 \u0161\u0137idruma nopl\u016bdes. To var izrais\u012bt nodilu\u0161as bl\u012bves vai nepareizi savienojumi. Lai to nov\u0113rstu, p\u0101rbaudiet sist\u0113mu, vai nav boj\u0101tu bl\u012bvju, un nomainiet t\u0101s, ja nepiecie\u0161ams.<\/li>\n<li><strong>Nekonsekventa cilindra kust\u012bba:<\/strong> Ja cilindrs darbojas nevienm\u0113r\u012bgi, tas var b\u016bt saist\u012bts ar hidrauliskaj\u0101s l\u012bnij\u0101s iesprostotu gaisu vai nepietiekamu hidraulisk\u0101 \u0161\u0137idruma daudzumu. Sist\u0113mas atgaiso\u0161ana, lai izvad\u012btu iesprostoto gaisu, un \u0161\u0137idruma l\u012bme\u0146a p\u0101rbaude var pal\u012bdz\u0113t atjaunot nemain\u012bgu veiktsp\u0113ju.<\/li>\n<li><strong>P\u0101rkar\u0161ana:<\/strong> P\u0101rm\u0113r\u012bgs karstums var rasties p\u0101rslodzes vai nepietiekamas e\u013c\u013co\u0161anas d\u0113\u013c. Regul\u0101ri uzraugiet darba temperat\u016bru un p\u0101rliecinieties, ka hidrauliskais \u0161\u0137idrums ir t\u012brs un atbilsto\u0161\u0101 l\u012bmen\u012b, lai mazin\u0101tu p\u0101rkar\u0161anas probl\u0113mas.<\/li>\n<\/ul>\n<h2>Prevent\u012bvie pas\u0101kumi<\/h2>\n<p>Lai l\u012bdz minimumam samazin\u0101tu iesp\u0113jam\u0101s probl\u0113mas ar hidrauliskajiem cilindriem, ir svar\u012bgi veikt prevent\u012bvus pas\u0101kumus. Regul\u0101ra apkope un savlaic\u012bgas p\u0101rbaudes var identific\u0113t probl\u0113mas, pirms t\u0101s saasin\u0101s, t\u0101d\u0113j\u0101di samazinot negaid\u012btu k\u013c\u016bmju risku. Pareiza operatoru apm\u0101c\u012bba var ar\u012b uzlabot hidraulisko sist\u0113mu lieto\u0161anas dro\u0161\u012bbu un efektivit\u0101ti. Visbeidzot, t\u012bra un labi iee\u013c\u013cota hidraulisk\u0101 \u0161\u0137idruma uztur\u0113\u0161ana var iev\u0113rojami samazin\u0101t nodilumu un palielin\u0101t deta\u013cu kalpo\u0161anas laiku.<\/p>\n<p><img decoding=\"async\" src=\"https:\/\/www.hydraulic-cylinders.net\/wp-content\/uploads\/2025\/04\/songte-bushings-with-all-kinds-of-excavator-models.webp\" alt=\"Ekskavatoru mode\u013cu bukses\"><\/p>\n<h2>Uz\u0146\u0113muma ievads<\/h2>\n<p>M\u0113s esam vado\u0161ais rezerves hidraulisko cilindru ra\u017eot\u0101js, pied\u0101v\u0101jot pla\u0161u produktu kl\u0101stu, kas ir nostiprin\u0101jis m\u016bsu k\u0101 viena no vado\u0161ajiem ra\u017eot\u0101jiem un vairumtirgot\u0101jiem gan viet\u0113j\u0101, gan starptautiskaj\u0101 tirg\u016b. M\u016bsu ap\u0146em\u0161anos nodro\u0161in\u0101t izcil\u012bbu kvalit\u0101t\u0113 nodro\u0161ina izsmalcin\u0101ta ra\u017eo\u0161anas strat\u0113\u0123ija, kas izmanto modernas digit\u0101l\u0101s ra\u017eo\u0161anas iek\u0101rtas un profesion\u0101las test\u0113\u0161anas sist\u0113mas.<\/p>\n<p>M\u016bsu darbn\u012bcas nep\u0101rtraukti uzlabo savas ra\u017eo\u0161anas platformas, nodro\u0161inot racionaliz\u0113tu un augstas kvalit\u0101tes ra\u017eo\u0161anas procesu. Ar sp\u0113c\u012bgu uzsvaru uz tehniskajiem talantiem un inov\u0101cij\u0101m m\u0113s cen\u0161amies efekt\u012bvi un lietder\u012bgi apmierin\u0101t da\u017e\u0101das klientu vajadz\u012bbas. M\u016bsu uzman\u012bbas centr\u0101 ir augsta efektivit\u0101te, precizit\u0101te un kvalit\u0101te, kas \u013cauj mums pieg\u0101d\u0101t augst\u0101k\u0101s kvalit\u0101tes produktus, kas iztur laika p\u0101rbaudi.<\/p>\n<p><img decoding=\"async\" src=\"https:\/\/www.hydraulic-cylinders.net\/wp-content\/uploads\/2025\/04\/songte-company-4.webp\" alt=\"Uz\u0146\u0113muma p\u0101rskats\"><br \/>\n<img decoding=\"async\" src=\"https:\/\/www.hydraulic-cylinders.net\/wp-content\/uploads\/2025\/04\/songte-company-3.webp\" alt=\"Uz\u0146\u0113muma telpas\"><\/p>\n<p>Autors: lil<\/p>","protected":false},"excerpt":{"rendered":"<p>Boom Cylinder For Jove JV365LC Product Overview The Boom Cylinder for Jove JV365LC is a specialized hydraulic cylinder designed for controlling the movement of buckets in heavy machinery such as excavators, backhoe loaders, and front loaders. These cylinders play a crucial role in enabling the lifting, lowering, and tilting of buckets, facilitating various material handling [&hellip;]<\/p>","protected":false},"featured_media":17881,"comment_status":"open","ping_status":"closed","template":"","meta":{"_et_pb_use_builder":"","_et_pb_old_content":"","_et_gb_content_width":""},"product_brand":[],"product_cat":[1546],"product_tag":[1547,1496],"class_list":{"0":"post-19497","1":"product","2":"type-product","3":"status-publish","4":"has-post-thumbnail","6":"product_cat-boom-cylinders","7":"product_tag-boom-cylinders","8":"product_tag-hydraulic-cylinders","10":"first","11":"instock","12":"shipping-taxable","13":"product-type-simple"},"amp_enabled":true,"_links":{"self":[{"href":"https:\/\/www.hydraulic-cylinders.net\/lv\/wp-json\/wp\/v2\/product\/19497","targetHints":{"allow":["GET"]}}],"collection":[{"href":"https:\/\/www.hydraulic-cylinders.net\/lv\/wp-json\/wp\/v2\/product"}],"about":[{"href":"https:\/\/www.hydraulic-cylinders.net\/lv\/wp-json\/wp\/v2\/types\/product"}],"replies":[{"embeddable":true,"href":"https:\/\/www.hydraulic-cylinders.net\/lv\/wp-json\/wp\/v2\/comments?post=19497"}],"wp:featuredmedia":[{"embeddable":true,"href":"https:\/\/www.hydraulic-cylinders.net\/lv\/wp-json\/wp\/v2\/media\/17881"}],"wp:attachment":[{"href":"https:\/\/www.hydraulic-cylinders.net\/lv\/wp-json\/wp\/v2\/media?parent=19497"}],"wp:term":[{"taxonomy":"product_brand","embeddable":true,"href":"https:\/\/www.hydraulic-cylinders.net\/lv\/wp-json\/wp\/v2\/product_brand?post=19497"},{"taxonomy":"product_cat","embeddable":true,"href":"https:\/\/www.hydraulic-cylinders.net\/lv\/wp-json\/wp\/v2\/product_cat?post=19497"},{"taxonomy":"product_tag","embeddable":true,"href":"https:\/\/www.hydraulic-cylinders.net\/lv\/wp-json\/wp\/v2\/product_tag?post=19497"}],"curies":[{"name":"wp","href":"https:\/\/api.w.org\/{rel}","templated":true}]}}