{"id":19499,"date":"2025-04-07T06:51:01","date_gmt":"2025-04-07T06:51:01","guid":{"rendered":"https:\/\/www.hydraulic-cylinders.net\/product\/boom-cylinder-for-tck-hd1225lc-8h\/"},"modified":"2025-04-07T06:51:03","modified_gmt":"2025-04-07T06:51:03","slug":"boom-cylinder-for-tck-hd1225lc-8h","status":"publish","type":"product","link":"https:\/\/www.hydraulic-cylinders.net\/lv\/products\/boom-cylinder-for-tck-hd1225lc-8h\/","title":{"rendered":"Str\u0113les cilindrs TCK HD1225LC-8H"},"content":{"rendered":"<h1>Str\u0113les cilindrs TCK HD1225LC-8H<\/h1>\n<h2>Ievads str\u0113les cilindr\u0101<\/h2>\n<p>Str\u0113les cilindrs ir specializ\u0113ts hidrauliskais cilindrs, kas paredz\u0113ts kausu kust\u012bbas vad\u012bbai da\u017e\u0101d\u0101s smagaj\u0101s ma\u0161\u012bn\u0101s, piem\u0113ram, ekskavatoros, iekr\u0101v\u0113ju ekskavatoros un front\u0101lajos iekr\u0101v\u0113jos. \u0160\u012b b\u016btisk\u0101 sast\u0101vda\u013ca \u013cauj kausam pacelt, nolaist un noliekt, atvieglojot materi\u0101lu apstr\u0101des darbus. Kausa cilindram ir iz\u0161\u0137iro\u0161a noz\u012bme hidrauliskaj\u0101s sist\u0113m\u0101s, nodro\u0161inot nepiecie\u0161amo sp\u0113ku efekt\u012bvai darb\u012bbai. T\u0101 iztur\u012bg\u0101 konstrukcija un dizains nodro\u0161ina uzticamu darb\u012bbu sare\u017e\u0123\u012btos apst\u0101k\u013cos, padarot to neaizst\u0101jamu b\u016bvniec\u012bbas un lauksaimniec\u012bbas vajadz\u012bb\u0101m.<\/p>\n<p><img decoding=\"async\" src=\"https:\/\/www.hydraulic-cylinders.net\/wp-content\/uploads\/2025\/04\/songte-company-1.webp\" alt=\"Str\u0113les cilindrs\"><\/p>\n<h2>Str\u0113les cilindra galven\u0101s iez\u012bmes<\/h2>\n<ul>\n<li>\n<h3>Augsta iztur\u012bba un ilgm\u016b\u017e\u012bba<\/h3>\n<p>Parasti no augstas stipr\u012bbas t\u0113rauda vai alum\u012bnija izgatavotais str\u0113les cilindrs var iztur\u0113t augstu spiedienu un lielas slodzes, nodro\u0161inot iztur\u012bbu skarbos darba apst\u0101k\u013cos. Konstrukcij\u0101 \u0146emta v\u0113r\u0101 nodilumiztur\u012bba un iztur\u012bba pret koroziju, pagarinot produkta kalpo\u0161anas laiku.<\/p>\n<\/li>\n<li>\n<h3>Efekt\u012bva hidraulisk\u0101 darb\u012bba<\/h3>\n<p>Hidraulisk\u0101s e\u013c\u013cas spiediena izmanto\u0161ana nodro\u0161ina vienm\u0113r\u012bgu izvilk\u0161anu un ievilk\u0161anu, \u0101tri rea\u0123\u0113jot uz vad\u012bbas komand\u0101m un nodro\u0161inot sp\u0113c\u012bgu stum\u0161anas un vilk\u0161anas sp\u0113ku. Tas padara to piem\u0113rotu smagu materi\u0101lu apstr\u0101dei un sare\u017e\u0123\u012btu ekspluat\u0101cijas uzdevumu veik\u0161anai.<\/p>\n<\/li>\n<li>\n<h3>Da\u017e\u0101di veidi<\/h3>\n<p>Pieejams vienk\u0101r\u0161\u0101s darb\u012bbas (izmantojot hidraulisko sp\u0113ku vien\u0101 virzien\u0101) vai divk\u0101r\u0161\u0101s darb\u012bbas (izmantojot hidraulisko sp\u0113ku abos virzienos) konfigur\u0101cij\u0101s, lai apmierin\u0101tu da\u017e\u0101das ekspluat\u0101cijas vajadz\u012bbas. Da\u017ei mode\u013ci ir teleskopiski, kas \u013cauj liel\u0101ku pagarin\u0101jumu, nepalielinot \u0101r\u0113jos izm\u0113rus, kas ir ide\u0101li piem\u0113rots ierobe\u017eotas vietas lietojumprogramm\u0101m.<\/p>\n<\/li>\n<li>\n<h3>Piel\u0101gota ra\u017eo\u0161ana<\/h3>\n<p>M\u0113s ra\u017eojam \u0161o produktu, lai perfekti aizst\u0101tu eso\u0161os hidrauliskos cilindrus da\u017e\u0101dos pielietojumos, nodro\u0161inot sader\u012bbu un veiktsp\u0113jas uzticam\u012bbu.<\/p>\n<\/li>\n<\/ul>\n<p><img decoding=\"async\" src=\"https:\/\/www.hydraulic-cylinders.net\/wp-content\/uploads\/2025\/04\/songte-cylinder-head-with-all-kinds-excavator-models.webp\" alt=\"Hidraulisko cilindru sader\u012bba\"><\/p>\n<h2>Str\u0113les cilindra pielietojumi<\/h2>\n<ul>\n<li>\n<h3>Celtniec\u012bbas apr\u012bkojums<\/h3>\n<p>Ekskavatoros str\u0113les cilindri ir vit\u0101li svar\u012bgi rak\u0161anai, iekrau\u0161anai un augsnes vai gru\u017eu p\u0101rvieto\u0161anai. Tie \u013cauj kausam efekt\u012bvi iek\u013c\u016bt zem\u0113 un prec\u012bzi pacelt materi\u0101lus. Ekskavatoros-iekr\u0101v\u0113jos tie ne tikai pal\u012bdz rak\u0161anas darbos, bet ar\u012b pal\u012bdz pacelt kausu iekrau\u0161anas oper\u0101cij\u0101m, padarot tos par iz\u0161\u0137iro\u0161iem b\u016bvniec\u012bbas efektivit\u0101tei.<\/p>\n<\/li>\n<li>\n<h3>Lauksaimniec\u012bbas tehnika<\/h3>\n<p>Front\u0101lo iekr\u0101v\u0113ju str\u0113les cilindri atvieglo augsnes, siena un citu materi\u0101lu sav\u0101k\u0161anu, cel\u0161anu un transport\u0113\u0161anu. To sp\u0113ja tikt gal\u0101 ar smag\u0101m krav\u0101m, vienlaikus saglab\u0101jot stabilit\u0101ti, ir b\u016btiska lauksaimniec\u012bbas produktivit\u0101tei, nodro\u0161inot vienm\u0113r\u012bgu darb\u012bbu s\u0113\u0161anas un ra\u017eas nov\u0101k\u0161anas sezon\u0101s.<\/p>\n<\/li>\n<li>\n<h3>Ekskavatori<\/h3>\n<p>Ekskavatoros str\u0113les cilindrs nodro\u0161ina kausa iegrie\u0161anos augsn\u0113, pan\u0101kot efekt\u012bvas rak\u0161anas darb\u012bbas. \u0160\u012b funkcija ir kritiski svar\u012bga rak\u0161anas darbos, veicinot tehnikas kop\u0113jo produktivit\u0101ti da\u017e\u0101dos projektos, s\u0101kot no b\u016bvniec\u012bbas l\u012bdz ainavu veido\u0161anai.<\/p>\n<\/li>\n<li>\n<h3>Iekr\u0101v\u0113ji<\/h3>\n<p>Front\u0101lajos iekr\u0101v\u0113jos str\u0113les cilindri pal\u012bdz efekt\u012bvi pacelt un izg\u0101zt kravas. To konstrukcija nodro\u0161ina, ka operatori var \u0101tri un dro\u0161i apstr\u0101d\u0101t materi\u0101lus, samazinot katram darbam velt\u012bto laiku un uzlabojot darb\u012bbas efektivit\u0101ti.<\/p>\n<\/li>\n<\/ul>\n<h2>Projekt\u0113\u0161anas apsv\u0113rumi un atlases standarti<\/h2>\n<ul>\n<li>\n<h3>Kravnes\u012bba<\/h3>\n<p>Kravnes\u012bba ir \u013coti svar\u012bga, lai nodro\u0161in\u0101tu, ka str\u0113les cilindrs var iztur\u0113t maksim\u0101lo svaru, ar ko tas saskarsies ekspluat\u0101cijas laik\u0101. Ra\u017eot\u0101jiem j\u0101\u0146em v\u0113r\u0101 tehnikas \u012bpa\u0161\u0101s pras\u012bbas un apstr\u0101d\u0101jamo materi\u0101lu veidi. P\u0101rslodze var izrais\u012bt priek\u0161laic\u012bgu boj\u0101jumu, t\u0101p\u0113c ir svar\u012bgi izv\u0113l\u0113ties cilindru, kas atbilst vai p\u0101rsniedz ekspluat\u0101cijas pras\u012bbas.<\/p>\n<\/li>\n<li>\n<h3>Bl\u012bv\u0113juma veiktsp\u0113ja<\/h3>\n<p>Efekt\u012bva bl\u012bv\u0113\u0161ana ir \u013coti svar\u012bga, lai nov\u0113rstu hidraulisk\u0101 \u0161\u0137idruma nopl\u016bdi un nodro\u0161in\u0101tu efekt\u012bvu darb\u012bbu. Lai uztur\u0113tu spiedienu un nodro\u0161in\u0101tu optim\u0101lu veiktsp\u0113ju vis\u0101 cilindra kalpo\u0161anas laik\u0101, ir nepiecie\u0161ami augstas kvalit\u0101tes bl\u012bv\u0113jumi. Ra\u017eot\u0101ji bie\u017ei izmanto uzlabotus materi\u0101lus un konstrukcijas, lai uzlabotu bl\u012bv\u0113\u0161anas iesp\u0113jas, t\u0101d\u0113j\u0101di palielinot uzticam\u012bbu.<\/p>\n<\/li>\n<li>\n<h3>Iztur\u012bba<\/h3>\n<p>Iztur\u012bba ir galvenais apsv\u0113rums str\u0113les cilindru projekt\u0113\u0161an\u0101, jo tie darbojas skarbos apst\u0101k\u013cos. Materi\u0101liem j\u0101b\u016bt iztur\u012bgiem pret nodilumu, berzi un koroziju, nodro\u0161inot, ka cilindrs laika gait\u0101 saglab\u0101 savu funkcionalit\u0101ti. Atbilsto\u0161u materi\u0101lu izv\u0113le un aizsargp\u0101rkl\u0101jumu uzkl\u0101\u0161ana var iev\u0113rojami pagarin\u0101t produkta kalpo\u0161anas laiku.<\/p>\n<\/li>\n<li>\n<h3>Dro\u0161\u012bbas funkcijas<\/h3>\n<p>Izv\u0113loties hidrauliskos komponentus, dro\u0161\u012bba ir \u0101rk\u0101rt\u012bgi svar\u012bga. Str\u0113les cilindriem j\u0101b\u016bt apr\u012bkotiem ar dro\u0161\u012bbas funkcij\u0101m, piem\u0113ram, spiediena samazin\u0101\u0161anas v\u0101rstiem, un iztur\u012bgai konstrukcijai, lai nov\u0113rstu negad\u012bjumus darb\u012bbas laik\u0101. R\u016bp\u012bga p\u0101rbaude un dro\u0161\u012bbas standartu iev\u0113ro\u0161ana ir b\u016btiska operatoru un ma\u0161\u012bnu aizsardz\u012bbai.<\/p>\n<\/li>\n<li>\n<h3>Apkope un izmantojam\u012bba<\/h3>\n<p>Str\u0113les cilindru projekt\u0113\u0161ana, lai atvieglotu apkopi, ir \u013coti svar\u012bga, lai pagarin\u0101tu to kalpo\u0161anas laiku. T\u0101das funkcijas k\u0101 pieejami e\u013c\u013co\u0161anas punkti un nomain\u0101mas bl\u012bves atvieglo regul\u0101rus apkopes darbus. \u0160is apsv\u0113rums pal\u012bdz samazin\u0101t d\u012bkst\u0101ves laiku un izmaksas, kas saist\u012btas ar remontu un nomai\u0146u.<\/p>\n<\/li>\n<\/ul>\n<p><img decoding=\"async\" src=\"https:\/\/www.hydraulic-cylinders.net\/wp-content\/uploads\/2025\/04\/songte-oil-pipes-and-spare-parts.webp\" alt=\"Hidraulisko cilindru komponenti\"><\/p>\n<h2>Bl\u012bv\u0113\u0161ana un e\u013c\u013co\u0161ana<\/h2>\n<p>Efekt\u012bva bl\u012bv\u0113\u0161ana un e\u013c\u013co\u0161ana ir \u013coti svar\u012bga str\u0113les cilindru optim\u0101lai darb\u012bbai. Lai uztur\u0113tu hidraulisko spiedienu un nov\u0113rstu nopl\u016bdes, tiek izmantoti da\u017e\u0101di bl\u012bv\u0113jumi, tostarp virzu\u013ca bl\u012bv\u0113jumi un stie\u0146a bl\u012bv\u0113jumi. No iztur\u012bgiem materi\u0101liem, piem\u0113ram, poliuret\u0101na un nitrila gumijas, izgatavotu bl\u012bv\u0113jumu izv\u0113le pal\u012bdz uzlabot cilindra ilgm\u016b\u017e\u012bbu un uzticam\u012bbu.<\/p>\n<p>Cilindra korpuss un v\u012bt\u0146ot\u0101s gala virsmas tiek pak\u013cautas prec\u012bzai apstr\u0101des procesiem, lai uzlabotu nodilumiztur\u012bbu un bl\u012bv\u0113juma veiktsp\u0113ju. Regul\u0101ra e\u013c\u013co\u0161ana ar atbilsto\u0161u hidraulisko e\u013c\u013cu ir nepiecie\u0161ama, lai samazin\u0101tu berzi un nodilumu, nodro\u0161inot cilindra nevainojamu darb\u012bbu laika gait\u0101. E\u013c\u013co\u0161anas nov\u0101rt\u0101 atst\u0101\u0161ana var izrais\u012bt priek\u0161laic\u012bgu nodilumu un boj\u0101jumus, kas uzsver regul\u0101ras apkopes noz\u012bmi.<\/p>\n<h2>Regul\u0101ra p\u0101rbaude un profilaktisk\u0101 apkope<\/h2>\n<ul>\n<li>\n<h3>Regul\u0101ras p\u0101rbaudes<\/h3>\n<p>Regul\u0101ru p\u0101rbau\u017eu veik\u0161ana ir b\u016btiska, lai identific\u0113tu potenci\u0101l\u0101s probl\u0113mas, pirms t\u0101s saasin\u0101s. Hidraulisko \u0161\u013c\u016bte\u0146u, bl\u012bv\u0113jumu un savienojumu p\u0101rbaude var nov\u0113rst nopl\u016bdes un nodro\u0161in\u0101t optim\u0101lu veiktsp\u0113ju. Mekl\u0113jiet nodiluma paz\u012bmes, piem\u0113ram, plaisas vai nodilumu, un nekav\u0113joties nov\u0113rsiet t\u0101s.<\/p>\n<\/li>\n<li>\n<h3>Pareiza e\u013c\u013co\u0161ana<\/h3>\n<p>Ir \u013coti svar\u012bgi nodro\u0161in\u0101t, lai str\u0113les cilindrs b\u016btu pien\u0101c\u012bgi iee\u013c\u013cots, lai nov\u0113rstu nodilumu un nodro\u0161in\u0101tu vienm\u0113r\u012bgu darb\u012bbu. Izmantojiet ieteicamo hidraulisko e\u013c\u013cu un iev\u0113rojiet ra\u017eot\u0101ja nor\u0101d\u012bjumus par e\u013c\u013co\u0161anas interv\u0101liem. Regul\u0101ras e\u013c\u013cas l\u012bme\u0146a p\u0101rbaudes pal\u012bdz\u0113s uztur\u0113t optim\u0101lu veiktsp\u0113ju un nov\u0113rst boj\u0101jumus.<\/p>\n<\/li>\n<li>\n<h3>Bl\u012bvju nomai\u0146as un kalibr\u0113\u0161anas p\u0101rbaudes<\/h3>\n<p>Regul\u0101ra bl\u012bv\u0113jumu nomai\u0146a ir \u013coti svar\u012bga, lai saglab\u0101tu bl\u012bv\u0113juma veiktsp\u0113ju un nov\u0113rstu \u0161\u0137idruma nopl\u016bdes. Kalibr\u0113\u0161anas p\u0101rbaudes ir svar\u012bgas ar\u012b, lai nodro\u0161in\u0101tu, ka cilindrs darbojas noteikto parametru robe\u017e\u0101s. Ra\u017eot\u0101ja ieteikumu iev\u0113ro\u0161ana attiec\u012bb\u0101 uz nomai\u0146as interv\u0101liem un kalibr\u0113\u0161anas proced\u016br\u0101m uzlabos str\u0113les cilindra efektivit\u0101ti un ilgm\u016b\u017e\u012bbu.<\/p>\n<\/li>\n<\/ul>\n<p><img decoding=\"async\" src=\"https:\/\/www.hydraulic-cylinders.net\/wp-content\/uploads\/2025\/04\/songte-chushion-collar.webp\" alt=\"Spilvenu apkakle\"><\/p>\n<h2>Dro\u0161\u012bbas apsv\u0113rumi un vides faktori<\/h2>\n<p>Izmantojot str\u0113les cilindrus, dro\u0161\u012bbas pas\u0101kumi ir \u0101rk\u0101rt\u012bgi svar\u012bgi. Operatoriem j\u0101b\u016bt apm\u0101c\u012btiem pareiz\u0101 hidraulisk\u0101 apr\u012bkojuma lieto\u0161an\u0101, tostarp izprast spiediena ierobe\u017eojumus un kravnes\u012bbu. Dro\u0161\u012bbas protokolu ievie\u0161ana var iev\u0113rojami samazin\u0101t negad\u012bjumu risku darba viet\u0101. Turkl\u0101t vides faktori, piem\u0113ram, \u0161\u0137idrumu nopl\u016bdes, ir j\u0101risina nekav\u0113joties, lai nov\u0113rstu pies\u0101r\u0146ojumu un nodro\u0161in\u0101tu atbilst\u012bbu vides noteikumiem.<\/p>\n<h2>Probl\u0113mu nov\u0113r\u0161ana un bie\u017ei sastopamas probl\u0113mas<\/h2>\n<ul>\n<li>\n<h3>Hidraulisk\u0101 \u0161\u0137idruma nopl\u016bdes<\/h3>\n<p>Nopl\u016bdes var rasties nolietotu bl\u012bv\u0113jumu vai boj\u0101tu \u0161\u013c\u016bte\u0146u d\u0113\u013c, kas var samazin\u0101t hidraulisk\u0101s sist\u0113mas efektivit\u0101ti. Regul\u0101ras p\u0101rbaudes un apkope var pal\u012bdz\u0113t savlaic\u012bgi atkl\u0101t nopl\u016bdes, \u013caujot veikt savlaic\u012bgu remontu. Ja tiek konstat\u0113ta nopl\u016bde, ir svar\u012bgi nekav\u0113joties nomain\u012bt boj\u0101t\u0101s deta\u013cas, lai nov\u0113rstu turpm\u0101kas probl\u0113mas.<\/p>\n<\/li>\n<li>\n<h3>Nekonsekventa cilindra kust\u012bba<\/h3>\n<p>Nevienm\u0113r\u012bga kust\u012bba var nor\u0101d\u012bt uz probl\u0113m\u0101m ar hidraulisko spiedienu vai aizsprostojumiem hidrauliskaj\u0101s l\u012bnij\u0101s. Operatoriem j\u0101p\u0101rbauda, \u200b\u200bvai hidraulisk\u0101 sist\u0113ma darbojas pareizi un vai nav aizsprostojumu. Regul\u0101ra hidraulisko l\u012bniju apkope un t\u012br\u012b\u0161ana ir b\u016btiska, lai nodro\u0161in\u0101tu nemain\u012bgu veiktsp\u0113ju.<\/p>\n<\/li>\n<li>\n<h3>Neparastas ska\u0146as<\/h3>\n<p>D\u012bvainas ska\u0146as darb\u012bbas laik\u0101 var liecin\u0101t par meh\u0101nisk\u0101m probl\u0113m\u0101m vai nepietiekamu e\u013c\u013co\u0161anu. Operatoriem nekav\u0113joties j\u0101p\u0101rbauda trok\u0161\u0146a avots, jo tas var liecin\u0101t par remonta vai apkopes nepiecie\u0161am\u012bbu. Pareizas e\u013c\u013co\u0161anas nodro\u0161in\u0101\u0161ana un meh\u0101nisku probl\u0113mu \u0101tra nov\u0113r\u0161ana var pal\u012bdz\u0113t saglab\u0101t hidraulisk\u0101s sist\u0113mas integrit\u0101ti.<\/p>\n<\/li>\n<\/ul>\n<p><img decoding=\"async\" src=\"https:\/\/www.hydraulic-cylinders.net\/wp-content\/uploads\/2025\/04\/songte-bushings-with-all-kinds-of-excavator-models.webp\" alt=\"Hidraulisko cilindru bukses\"><\/p>\n<h2>Probl\u0113mu nov\u0113r\u0161anas padomi un prevent\u012bvie pas\u0101kumi<\/h2>\n<p>Lai efekt\u012bvi diagnostic\u0113tu un nov\u0113rstu probl\u0113mas ar str\u0113les cilindriem, ir svar\u012bgi iev\u0113rot sistem\u0101tisku pieeju. S\u0101ciet ar vizu\u0101lu p\u0101rbaudi, lai noteiktu jebk\u0101das nodiluma vai boj\u0101jumu paz\u012bmes. Hidraulisk\u0101 \u0161\u0137idruma l\u012bme\u0146a un bl\u012bv\u0113jumu st\u0101vok\u013ca p\u0101rbaudei j\u0101b\u016bt standarta apkopes rut\u012bnas sast\u0101vda\u013cai. Ja probl\u0113mas joproj\u0101m past\u0101v, skatiet ra\u017eot\u0101ja vadl\u012bnijas par probl\u0113mu nov\u0113r\u0161anas proced\u016br\u0101m.<\/p>\n<p>Prevent\u012bvu pas\u0101kumu, piem\u0113ram, regul\u0101ras apkopes, savlaic\u012bgas bl\u012bvju nomai\u0146as un r\u016bp\u012bgu p\u0101rbau\u017eu, ievie\u0161ana var iev\u0113rojami samazin\u0101t probl\u0113mu ra\u0161an\u0101s iesp\u0113jam\u012bbu. Uzturot proakt\u012bvu pieeju, operatori var samazin\u0101t d\u012bkst\u0101ves laiku un pagarin\u0101t str\u0113les cilindru kalpo\u0161anas laiku.<\/p>\n<h2>Par m\u016bsu uz\u0146\u0113mumu<\/h2>\n<p>M\u0113s esam alternat\u012bvu hidraulisko cilindru ra\u017eot\u0101js un esam k\u013cuvu\u0161i par vienu no vado\u0161ajiem ra\u017eot\u0101jiem un vairumtirgot\u0101jiem gan viet\u0113j\u0101, gan starptautiskaj\u0101 tirg\u016b. M\u016bsu produkti aptver pla\u0161u kl\u0101stu, nodro\u0161inot, ka m\u0113s apmierin\u0101m da\u017e\u0101das klientu vajadz\u012bbas. M\u0113s iev\u0113rojam izcil\u012bbu kvalit\u0101t\u0113 un pa\u013caujamies uz izsmalcin\u0101tu ra\u017eo\u0161anas darbn\u012bcu r\u016bpniecisk\u0101s ra\u017eo\u0161anas vad\u012bbas strat\u0113\u0123ij\u0101s.<\/p>\n<p>M\u016bsu uz\u0146\u0113mums nep\u0101rtraukti uzlabo savu ra\u017eo\u0161anas platformu, integr\u0113jot tehniskos talantus, modernu digit\u0101lo ra\u017eo\u0161anas apr\u012bkojumu un profesion\u0101las test\u0113\u0161anas sist\u0113mas. \u0160\u012b ap\u0146em\u0161an\u0101s nodro\u0161in\u0101t kvalit\u0101ti \u013cauj mums izpild\u012bt klientu da\u017e\u0101d\u0101s pras\u012bbas ar augstu efektivit\u0101ti, precizit\u0101ti un kvalit\u0101ti.<\/p>\n<p><img decoding=\"async\" src=\"https:\/\/www.hydraulic-cylinders.net\/wp-content\/uploads\/2025\/04\/songte-company-4.webp\" alt=\"Uz\u0146\u0113muma p\u0101rskats\"><br \/>\n<img decoding=\"async\" src=\"https:\/\/www.hydraulic-cylinders.net\/wp-content\/uploads\/2025\/04\/songte-company-3.webp\" alt=\"Ra\u017eo\u0161anas iek\u0101rta\"><\/p>\n<p>M\u016bsu profesionalit\u0101te ir atz\u012bta ar starptautiskiem sertifik\u0101tiem, un m\u0113s pied\u0101v\u0101jam piel\u0101gotus pakalpojumus, lai apmierin\u0101tu konkr\u0113tas klientu vajadz\u012bbas. M\u016bsu modern\u0101s ra\u017eo\u0161anas iek\u0101rtas nodro\u0161ina augstus ra\u017eo\u0161anas standartus, savuk\u0101rt m\u016bsu specializ\u0113tais p\u0113cp\u0101rdo\u0161anas serviss sniedz atbalstu un pal\u012bdz\u012bbu, kad vien tas nepiecie\u0161ams.<\/p>\n<p>Autors: lil<\/p>","protected":false},"excerpt":{"rendered":"<p>Boom Cylinder For TCK HD1225LC-8H Introduction to Boom Cylinder The Boom Cylinder is a specialized hydraulic cylinder designed for controlling the movement of buckets in various heavy machinery, such as excavators, backhoe loaders, and front loaders. This essential component enables the bucket to lift, lower, and tilt, facilitating material handling tasks. The bucket cylinder plays [&hellip;]<\/p>","protected":false},"featured_media":17868,"comment_status":"open","ping_status":"closed","template":"","meta":{"_et_pb_use_builder":"","_et_pb_old_content":"","_et_gb_content_width":""},"product_brand":[],"product_cat":[1546],"product_tag":[1547,1496],"class_list":{"0":"post-19499","1":"product","2":"type-product","3":"status-publish","4":"has-post-thumbnail","6":"product_cat-boom-cylinders","7":"product_tag-boom-cylinders","8":"product_tag-hydraulic-cylinders","10":"first","11":"instock","12":"shipping-taxable","13":"product-type-simple"},"amp_enabled":true,"_links":{"self":[{"href":"https:\/\/www.hydraulic-cylinders.net\/lv\/wp-json\/wp\/v2\/product\/19499","targetHints":{"allow":["GET"]}}],"collection":[{"href":"https:\/\/www.hydraulic-cylinders.net\/lv\/wp-json\/wp\/v2\/product"}],"about":[{"href":"https:\/\/www.hydraulic-cylinders.net\/lv\/wp-json\/wp\/v2\/types\/product"}],"replies":[{"embeddable":true,"href":"https:\/\/www.hydraulic-cylinders.net\/lv\/wp-json\/wp\/v2\/comments?post=19499"}],"wp:featuredmedia":[{"embeddable":true,"href":"https:\/\/www.hydraulic-cylinders.net\/lv\/wp-json\/wp\/v2\/media\/17868"}],"wp:attachment":[{"href":"https:\/\/www.hydraulic-cylinders.net\/lv\/wp-json\/wp\/v2\/media?parent=19499"}],"wp:term":[{"taxonomy":"product_brand","embeddable":true,"href":"https:\/\/www.hydraulic-cylinders.net\/lv\/wp-json\/wp\/v2\/product_brand?post=19499"},{"taxonomy":"product_cat","embeddable":true,"href":"https:\/\/www.hydraulic-cylinders.net\/lv\/wp-json\/wp\/v2\/product_cat?post=19499"},{"taxonomy":"product_tag","embeddable":true,"href":"https:\/\/www.hydraulic-cylinders.net\/lv\/wp-json\/wp\/v2\/product_tag?post=19499"}],"curies":[{"name":"wp","href":"https:\/\/api.w.org\/{rel}","templated":true}]}}