{"id":19501,"date":"2025-04-07T06:51:06","date_gmt":"2025-04-07T06:51:06","guid":{"rendered":"https:\/\/www.hydraulic-cylinders.net\/product\/boom-cylinder-for-tck-hd1533lc-8h\/"},"modified":"2025-04-07T06:51:08","modified_gmt":"2025-04-07T06:51:08","slug":"boom-cylinder-for-tck-hd1533lc-8h","status":"publish","type":"product","link":"https:\/\/www.hydraulic-cylinders.net\/lv\/products\/boom-cylinder-for-tck-hd1533lc-8h\/","title":{"rendered":"Str\u0113les cilindrs TCK HD1533LC-8H"},"content":{"rendered":"<h1>Str\u0113les cilindrs TCK HD1533LC-8H<\/h1>\n<h2>Produkta p\u0101rskats<\/h2>\n<p>Str\u0113les cilindrs ir b\u016btiska da\u017e\u0101du smago ma\u0161\u012bnu hidraulisko sist\u0113mu sast\u0101vda\u013ca. \u0160is hidrauliskais cilindrs, kas \u012bpa\u0161i paredz\u0113ts ekskavatoru, iekr\u0101v\u0113ju un front\u0101lo iekr\u0101v\u0113ju kausu kust\u012bbas vad\u012bbai, \u013cauj kausam pacelt, nolaist un noliekt. \u0160\u012b funkcionalit\u0101te ir b\u016btiska efekt\u012bviem materi\u0101lu apstr\u0101des uzdevumiem, padarot str\u0113les cilindrus neaizst\u0101jamus b\u016bvniec\u012bbas un lauksaimniec\u012bbas darbos.<\/p>\n<p><img decoding=\"async\" src=\"https:\/\/www.hydraulic-cylinders.net\/wp-content\/uploads\/2025\/04\/songte-company-1.webp\" alt=\"Str\u0113les cilindra att\u0113ls\" \/><\/p>\n<h3>Defin\u012bcija un funkcionalit\u0101te<\/h3>\n<p>A boom cylinder is a specialized hydraulic cylinder that operates using pressurized hydraulic fluid to perform its actions. In various machines, it plays a pivotal role in enabling the effective operation of the bucket, allowing for precise control over lifting and dumping materials. The hydraulic system&#8217;s efficiency directly influences the performance of heavy equipment, thus making the boom cylinder a key element in maximizing operational productivity.<\/p>\n<h2>Str\u0113les cilindra \u012bpa\u0161\u012bbas<\/h2>\n<ul>\n<li><strong>Augsta iztur\u012bba un ilgm\u016b\u017e\u012bba:<\/strong> \u0160ie cilindri, kas parasti ir izgatavoti no augstas stipr\u012bbas t\u0113rauda vai alum\u012bnija, var iztur\u0113t augstu spiedienu un lielas slodzes, padarot tos piem\u0113rotus skarbajiem darba apst\u0101k\u013ciem.<\/li>\n<li><strong>Efekt\u012bva hidraulisk\u0101 darb\u012bba:<\/strong> Hidraulisk\u0101s e\u013c\u013cas izmanto\u0161ana nodro\u0161ina vienm\u0113r\u012bgu izvilk\u0161anu un ievilk\u0161anu, \u013caujot \u0101tri rea\u0123\u0113t uz operatora komand\u0101m un nodro\u0161inot iev\u0113rojamu stum\u0161anas un vilk\u0161anas jaudu.<\/li>\n<li><strong>Veidu da\u017e\u0101d\u012bba:<\/strong> Pieejamie varianti ietver vienk\u0101r\u0161as darb\u012bbas (darbojas vien\u0101 virzien\u0101) vai divk\u0101r\u0161as darb\u012bbas (darbojas abos virzienos) cilindrus, un da\u017ei mode\u013ci ir teleskopiski, kas \u013cauj pan\u0101kt liel\u0101ku pagarin\u0101jumu, nepalielinot \u0101r\u0113jos izm\u0113rus.<\/li>\n<li><strong>Piel\u0101gojami risin\u0101jumi:<\/strong> M\u0113s ra\u017eojam \u0161o produktu, lai perfekti aizst\u0101tu da\u017e\u0101dus hidrauliskos cilindrus, nodro\u0161inot sader\u012bbu un optim\u0101lu veiktsp\u0113ju.<\/li>\n<li><strong>Paaugstin\u0101ta nodilumiztur\u012bba:<\/strong> Izgatavoti no nodilumiztur\u012bgiem materi\u0101liem, str\u0113les cilindri ir rad\u012bti ilgam kalpo\u0161anas laikam, samazinot d\u012bkst\u0101ves laiku un apkopes nepiecie\u0161am\u012bbu.<\/li>\n<\/ul>\n<p><img decoding=\"async\" src=\"https:\/\/www.hydraulic-cylinders.net\/wp-content\/uploads\/2025\/04\/songte-cylinder-head-with-all-kinds-excavator-models.webp\" alt=\"Cilindra galvas att\u0113ls\" \/><\/p>\n<h2>Lietojumprogrammu scen\u0101riji<\/h2>\n<h3>Celtniec\u012bbas apr\u012bkojums<\/h3>\n<p>Ekskavatoros str\u0113les cilindri ir neat\u0146emama sast\u0101vda\u013ca rak\u0161anai, iekrau\u0161anai un augsnes vai gru\u017eu p\u0101rvieto\u0161anai. Tie atvieglo rak\u0161anas darb\u012bbu, \u013caujot kausam efekt\u012bvi iek\u013c\u016bt zem\u0113. Turkl\u0101t ekskavatoros-iekr\u0101v\u0113jos \u0161ie cilindri pal\u012bdz ne tikai rak\u0161anas, bet ar\u012b cel\u0161anas oper\u0101cij\u0101s.<\/p>\n<h3>Lauksaimniec\u012bbas tehnika<\/h3>\n<p>Front\u0101lajiem iekr\u0101v\u0113jiem str\u0113les cilindri ir \u013coti svar\u012bgi augsnes, siena un citu materi\u0101lu sav\u0101k\u0161anai, cel\u0161anai un transport\u0113\u0161anai. To sp\u0113ja efekt\u012bvi p\u0101rvald\u012bt materi\u0101lu apstr\u0101des uzdevumus uzlabo lauksaimniec\u012bbas produktivit\u0101ti un darb\u012bbas efektivit\u0101ti.<\/p>\n<h3>Ekskavatori<\/h3>\n<p>Ekskavatoros str\u0113les cilindrs \u013cauj kausam iek\u013c\u016bt augsn\u0113, sasniedzot optim\u0101lu rak\u0161anas dzi\u013cumu. \u0160\u012b funkcija ir b\u016btiska da\u017e\u0101diem darbiem, tostarp ainavu veido\u0161anai, plan\u0113\u0161anai un tran\u0161eju rak\u0161anai, kur precizit\u0101te ir \u013coti svar\u012bga.<\/p>\n<h3>Iekr\u0101v\u0113ji<\/h3>\n<p>Front\u0101lajos iekr\u0101v\u0113jos str\u0113les cilindrs pal\u012bdz efekt\u012bvi pacelt un izg\u0101zt kravas. \u0160\u012b iesp\u0113ja ir b\u016btiska b\u016bvniec\u012bbas un materi\u0101lu apstr\u0101des darbos, \u013caujot operatoriem \u0101tri un efekt\u012bvi p\u0101rvietot lielus materi\u0101lu daudzumus.<\/p>\n<h2>Dizaina apsv\u0113rumi un atlases krit\u0113riji<\/h2>\n<h3>Kravnes\u012bba<\/h3>\n<p>Izv\u0113loties str\u0113les cilindru, ir svar\u012bgi \u0146emt v\u0113r\u0101 kravnes\u012bbu. Tam j\u0101sp\u0113j iztur\u0113t apr\u012bkojuma un apstr\u0101d\u0101jamo materi\u0101lu svaru. Cilindra konstrukcij\u0101 j\u0101\u0146em v\u0113r\u0101 ne tikai maksim\u0101l\u0101 slodze, bet ar\u012b dro\u0161\u012bbas rezerves, lai iztur\u0113tu negaid\u012btas slodzes darb\u012bbas laik\u0101.<\/p>\n<h3>Bl\u012bv\u0113juma veiktsp\u0113ja<\/h3>\n<p>Hidrauliskajiem cilindriem bl\u012bv\u0113jums ir \u013coti svar\u012bgs, lai nov\u0113rstu \u0161\u0137idruma nopl\u016bdes un uztur\u0113tu spiedienu. Konstrukcij\u0101 j\u0101iek\u013cauj augstas kvalit\u0101tes bl\u012bv\u0113jumi, kas laika gait\u0101 ir iztur\u012bgi pret nodilumu un degrad\u0101ciju. Bl\u012bv\u0113jumi, kas izgatavoti no t\u0101diem materi\u0101liem k\u0101 poliuret\u0101ns un nitrilgumija, bie\u017ei tiek izv\u0113l\u0113ti to iztur\u012bbas un efektivit\u0101tes d\u0113\u013c hidraulisk\u0101s integrit\u0101tes saglab\u0101\u0161an\u0101.<\/p>\n<h3>Iztur\u012bba<\/h3>\n<p>Iztur\u012bba ir galvenais apsv\u0113rums, jo hidrauliskie cilindri darbojas sare\u017e\u0123\u012btos apst\u0101k\u013cos. Konstrukcij\u0101 izmantotajiem materi\u0101liem j\u0101b\u016bt iztur\u012bgiem gan pret fizisku nodilumu, gan pret vides faktoriem, piem\u0113ram, koroziju. Cieti p\u0101rkl\u0101jumi vai apstr\u0101de var v\u0113l vair\u0101k pagarin\u0101t cilindra kalpo\u0161anas laiku, nodro\u0161inot uzticamu darb\u012bbu laika gait\u0101.<\/p>\n<h3>Dro\u0161\u012bbas funkcijas<\/h3>\n<p>Dro\u0161\u012bba hidrauliskaj\u0101s sist\u0113m\u0101s ir \u0101rk\u0101rt\u012bgi svar\u012bga. Projekt\u0113\u0161an\u0101 j\u0101iek\u013cauj funkcijas, kas nov\u0113r\u0161 cilindru boj\u0101jumus, piem\u0113ram, spiediena samazin\u0101\u0161anas v\u0101rsti un dro\u0161\u012bbas sl\u0113dzenes. \u0160\u012bs sast\u0101vda\u013cas pal\u012bdz mazin\u0101t ar hidrauliskaj\u0101m k\u013c\u016bm\u0113m saist\u012btos riskus, nodro\u0161inot gan operatoru, gan ma\u0161\u012bnu dro\u0161\u012bbu.<\/p>\n<h3>Apkopes pieejam\u012bba<\/h3>\n<p>Vienk\u0101r\u0161a piek\u013cuve apkopei ir b\u016btiska hidraulisko cilindru ilgm\u016b\u017e\u012bbai. Konstrukcijai j\u0101nodro\u0161ina vienk\u0101r\u0161a p\u0101rbaude, e\u013c\u013co\u0161ana un bl\u012bv\u0113juma nomai\u0146a. \u0160\u012b pieejam\u012bba pal\u012bdz samazin\u0101t d\u012bkst\u0101ves laiku un nodro\u0161ina, ka jebkuru nepiecie\u0161amo apkopi var veikt \u0101tri un efekt\u012bvi.<\/p>\n<p><img decoding=\"async\" src=\"https:\/\/www.hydraulic-cylinders.net\/wp-content\/uploads\/2025\/04\/songte-oil-pipes-and-spare-parts.webp\" alt=\"Hidraulisko deta\u013cu att\u0113ls\" \/><\/p>\n<h2>Bl\u012bv\u0113\u0161ana un e\u013c\u013co\u0161ana<\/h2>\n<p>Bl\u012bv\u0113jums un e\u013c\u013co\u0161ana ir kritiski svar\u012bgas str\u0113les cilindru efekt\u012bvai darb\u012bbai. Lai nov\u0113rstu hidraulisk\u0101 \u0161\u0137idruma nopl\u016bdes, j\u0101izmanto da\u017e\u0101di bl\u012bv\u0113\u0161anas komponenti, piem\u0113ram, virzu\u013ca bl\u012bves un stie\u0146a bl\u012bves. Iztur\u012bgu materi\u0101lu, piem\u0113ram, poliuret\u0101na un nitrila gumijas, izv\u0113le \u0161iem bl\u012bv\u0113jumiem ir b\u016btiska ilgm\u016b\u017e\u012bbas nodro\u0161in\u0101\u0161anai. Turkl\u0101t cilindra korpuss un v\u012bt\u0146otie gali ir prec\u012bzi j\u0101apstr\u0101d\u0101, lai uzlabotu nodilumiztur\u012bbu. Regul\u0101ra e\u013c\u013co\u0161ana ar atbilsto\u0161u hidraulisko e\u013c\u013cu ir nepiecie\u0161ama, lai uztur\u0113tu vienm\u0113r\u012bgu darb\u012bbu un pagarin\u0101tu cilindra kalpo\u0161anas laiku.<\/p>\n<h2>Prevent\u012bvie apkopes pas\u0101kumi<\/h2>\n<ul>\n<li><strong>Regul\u0101ras p\u0101rbaudes:<\/strong> Regul\u0101ri p\u0101rbaudiet, vai nav nodiluma paz\u012bmju, nopl\u016b\u017eu un vai darb\u012bba ir pareiza. Tas pal\u012bdz identific\u0113t iesp\u0113jam\u0101s probl\u0113mas, pirms t\u0101s saasin\u0101s.<\/li>\n<li><strong>Piem\u0113rota e\u013c\u013co\u0161ana:<\/strong> P\u0101rliecinieties, vai hidraulisk\u0101s e\u013c\u013cas l\u012bmenis ir pietiekams un vai izmantot\u0101 e\u013c\u013ca ir piem\u0113rota darba apst\u0101k\u013ciem. Tas pal\u012bdz uztur\u0113t hidraulisk\u0101s sist\u0113mas efektivit\u0101ti.<\/li>\n<li><strong>Bl\u012bv\u0113juma nomai\u0146a:<\/strong> Regul\u0101ri p\u0101rbaudiet bl\u012bves, vai nav nodiluma vai boj\u0101jumu paz\u012bmju. To savlaic\u012bga nomai\u0146a var nov\u0113rst nopl\u016bdes un uztur\u0113t cilindra darb\u012bbu.<\/li>\n<\/ul>\n<h2>Uzst\u0101d\u012b\u0161anas vadl\u012bnijas<\/h2>\n<p>Pareiza str\u0113les cilindra uzst\u0101d\u012b\u0161ana ir \u013coti svar\u012bga optim\u0101lai veiktsp\u0113jai. Pirmk\u0101rt, p\u0101rliecinieties, vai cilindrs uzst\u0101d\u012b\u0161anas laik\u0101 ir pareizi izl\u012bdzin\u0101ts, lai nov\u0113rstu p\u0101rm\u0113r\u012bgu slodzi uz deta\u013c\u0101m. Izmantojiet atbilsto\u0161us mont\u0101\u017eas kron\u0161teinus, lai stingri nostiprin\u0101tu cilindru viet\u0101.<\/p>\n<p>Pirms uzst\u0101d\u012b\u0161anas p\u0101rbaudiet, vai visi hidrauliskie savienojumi ir t\u012bri un bez gru\u017eiem. Izmantojiet pareizos hidrauliskos savienojumus, lai izvair\u012btos no nopl\u016bd\u0113m. P\u0113c uzst\u0101d\u012b\u0161anas veiciet sist\u0113mas spiediena p\u0101rbaudi, lai p\u0101rliecin\u0101tos, ka nav nopl\u016b\u017eu un ka cilindrs darbojas vienm\u0113r\u012bgi zem slodzes. Ja nepiecie\u0161ams, noregul\u0113jiet, lai sasniegtu v\u0113lamo veiktsp\u0113ju.<\/p>\n<h2>Apkopes uzdevumi<\/h2>\n<ul>\n<li><strong>Regul\u0101ras p\u0101rbaudes:<\/strong> Regul\u0101ri p\u0101rbaudiet cilindra darb\u012bbu un nodiluma paz\u012bmes.<\/li>\n<li><strong>Piem\u0113rota e\u013c\u013co\u0161ana:<\/strong> Regul\u0101ri iee\u013c\u013cojiet cilindru ar ieteicamo hidraulisko e\u013c\u013cu, lai nodro\u0161in\u0101tu vienm\u0113r\u012bgu darb\u012bbu un nov\u0113rstu nodilumu.<\/li>\n<li><strong>Bl\u012bv\u0113juma nomai\u0146a un kalibr\u0113\u0161ana:<\/strong> P\u0101rliecinieties, ka bl\u012bves tiek nomain\u012btas, kad t\u0101s ir nodilu\u0161as, un ka cilindrs ir pareizi kalibr\u0113ts prec\u012bzai darb\u012bbai.<\/li>\n<\/ul>\n<p>Uzst\u0101d\u012b\u0161anas laik\u0101 ir svar\u012bgi nodro\u0161in\u0101t, lai cilindrs b\u016btu pareizi izl\u012bdzin\u0101ts, lai nov\u0113rstu nepareizas izl\u012bdzin\u0101\u0161anas probl\u0113mas, kas var izrais\u012bt priek\u0161laic\u012bgu nodilumu vai boj\u0101jumus. Lai stingri nostiprin\u0101tu cilindru viet\u0101, ieteicams izmantot piem\u0113rotus mont\u0101\u017eas kron\u0161teinus. J\u0101iev\u0113ro regul\u0101ras p\u0101rbaudes, remonts un nomai\u0146as proced\u016bras, t\u0101d\u0113j\u0101di palielinot str\u0113les cilindra kalpo\u0161anas laiku.<\/p>\n<p><img decoding=\"async\" src=\"https:\/\/www.hydraulic-cylinders.net\/wp-content\/uploads\/2025\/04\/songte-chushion-collar.webp\" alt=\"Spilvenu apkakles att\u0113ls\" \/><\/p>\n<h2>Dro\u0161\u012bbas apsv\u0113rumi un vides faktori<\/h2>\n<p>Dro\u0161\u012bbas pas\u0101kumu ievie\u0161ana str\u0113les cilindru lieto\u0161anas laik\u0101 ir \u013coti svar\u012bga. Operatoriem j\u0101b\u016bt apm\u0101c\u012btiem izprast ar hidraulisko apr\u012bkojumu saist\u012btos riskus un valk\u0101t atbilsto\u0161us individu\u0101los aizsardz\u012bbas l\u012bdzek\u013cus. Lai nov\u0113rstu negad\u012bjumus, ir svar\u012bgi nodro\u0161in\u0101t, lai visas dro\u0161\u012bbas funkcijas darbotos.<\/p>\n<h2>K\u013c\u016bmju diagnostika un bie\u017e\u0101k sastopam\u0101s probl\u0113mas<\/h2>\n<ul>\n<li><strong>Nopl\u016bdes probl\u0113mas:<\/strong> P\u0101rbaudiet, vai ap bl\u012bv\u0113m vai savienojumiem nav redzamu \u0161\u0137idruma nopl\u016b\u017eu. To bie\u017ei var nov\u0113rst, nomainot nolietot\u0101s bl\u012bves vai pievelkot savienojumus.<\/li>\n<li><strong>Samazin\u0101ta veiktsp\u0113ja:<\/strong> Ja cilindrs nenodro\u0161ina paredz\u0113to jaudu, p\u0101rbaudiet hidraulisk\u0101 \u0161\u0137idruma l\u012bmeni un hidraulisko l\u012bniju st\u0101vokli. Gaiss sist\u0113m\u0101 var izrais\u012bt ar\u012b veiktsp\u0113jas probl\u0113mas.<\/li>\n<li><strong>Neparastas ska\u0146as:<\/strong> Darb\u012bbas laik\u0101 ieklausieties, vai nav dzirdamas neparastas ska\u0146as, kas var liecin\u0101t par iek\u0161\u0113j\u0101m probl\u0113m\u0101m. Lai to diagnostic\u0113tu, var b\u016bt nepiecie\u0161ama profesion\u0101la p\u0101rbaude.<\/li>\n<\/ul>\n<h2>Probl\u0113mu nov\u0113r\u0161anas padomi<\/h2>\n<p>To effectively diagnose and address faults, operators should maintain a detailed log of any issues experienced during operations. Regular maintenance practices can mitigate many common problems. It&#8217;s important to train operators on how to identify early signs of wear or failures to prevent costly repairs.<\/p>\n<p><img decoding=\"async\" src=\"https:\/\/www.hydraulic-cylinders.net\/wp-content\/uploads\/2025\/04\/songte-bushings-with-all-kinds-of-excavator-models.webp\" alt=\"Bukses att\u0113ls\" \/><\/p>\n<h2>Par m\u016bsu uz\u0146\u0113mumu<\/h2>\n<p>M\u0113s esam vado\u0161ais hidraulisko cilindru ra\u017eot\u0101js un vairumtirgot\u0101js, kas specializ\u0113jas uzticamu alternat\u012bvu ra\u017eo\u0161an\u0101 eso\u0161aj\u0101m hidrauliskaj\u0101m sist\u0113m\u0101m. M\u016bsu pla\u0161ais produktu kl\u0101sts m\u016bs pozicion\u0113 k\u0101 vienu no vado\u0161ajiem hidraulisko cilindru ra\u017eot\u0101jiem gan viet\u0113j\u0101, gan starptautiskaj\u0101 tirg\u016b. M\u0113s iev\u0113rojam izcil\u012bbu kvalit\u0101t\u0113 un izmantojam prec\u012bzi piel\u0101gotu ra\u017eo\u0161anas vad\u012bbas strat\u0113\u0123iju. M\u016bsu uzman\u012bbas centr\u0101 ir tehnolo\u0123iskie talanti, progres\u012bvas ra\u017eo\u0161anas iek\u0101rtas un specializ\u0113tas test\u0113\u0161anas sist\u0113mas, kas uzlabo m\u016bsu ra\u017eo\u0161anas iesp\u0113jas un nodro\u0161ina augstas kvalit\u0101tes produktus, kas piel\u0101goti da\u017e\u0101d\u0101m klientu vajadz\u012bb\u0101m.<\/p>\n<p><img decoding=\"async\" src=\"https:\/\/www.hydraulic-cylinders.net\/wp-content\/uploads\/2025\/04\/songte-company-4.webp\" alt=\"Uz\u0146\u0113muma att\u0113ls 1\" \/><br \/>\n<img decoding=\"async\" src=\"https:\/\/www.hydraulic-cylinders.net\/wp-content\/uploads\/2025\/04\/songte-company-3.webp\" alt=\"Uz\u0146\u0113muma att\u0113ls 2\" \/><\/p>\n<p>M\u016bsu ap\u0146em\u0161an\u0101s nodro\u0161in\u0101t profesionalit\u0101ti, starptautisk\u0101s sertifik\u0101cijas, piel\u0101gotus pakalpojumus, modern\u0101k\u0101s ra\u017eo\u0161anas iek\u0101rtas un visaptvero\u0161s p\u0113cp\u0101rdo\u0161anas atbalsts nodro\u0161ina, ka m\u016bsu klienti sa\u0146em visaugst\u0101ko apkalpo\u0161anas l\u012bmeni un kvalit\u0101ti.<\/p>\n<p>Autors: lil<\/p>","protected":false},"excerpt":{"rendered":"<p>Boom Cylinder For TCK HD1533LC-8H Product Overview The boom cylinder is a crucial component in the hydraulic systems of various heavy machinery. Specifically designed for controlling the movement of buckets in excavators, backhoe loaders, and front loaders, this hydraulic cylinder enables the bucket to lift, lower, and tilt. This functionality is essential for efficient material [&hellip;]<\/p>","protected":false},"featured_media":17870,"comment_status":"open","ping_status":"closed","template":"","meta":{"_et_pb_use_builder":"","_et_pb_old_content":"","_et_gb_content_width":""},"product_brand":[],"product_cat":[1546],"product_tag":[1547,1496],"class_list":{"0":"post-19501","1":"product","2":"type-product","3":"status-publish","4":"has-post-thumbnail","6":"product_cat-boom-cylinders","7":"product_tag-boom-cylinders","8":"product_tag-hydraulic-cylinders","10":"first","11":"instock","12":"shipping-taxable","13":"product-type-simple"},"amp_enabled":true,"_links":{"self":[{"href":"https:\/\/www.hydraulic-cylinders.net\/lv\/wp-json\/wp\/v2\/product\/19501","targetHints":{"allow":["GET"]}}],"collection":[{"href":"https:\/\/www.hydraulic-cylinders.net\/lv\/wp-json\/wp\/v2\/product"}],"about":[{"href":"https:\/\/www.hydraulic-cylinders.net\/lv\/wp-json\/wp\/v2\/types\/product"}],"replies":[{"embeddable":true,"href":"https:\/\/www.hydraulic-cylinders.net\/lv\/wp-json\/wp\/v2\/comments?post=19501"}],"wp:featuredmedia":[{"embeddable":true,"href":"https:\/\/www.hydraulic-cylinders.net\/lv\/wp-json\/wp\/v2\/media\/17870"}],"wp:attachment":[{"href":"https:\/\/www.hydraulic-cylinders.net\/lv\/wp-json\/wp\/v2\/media?parent=19501"}],"wp:term":[{"taxonomy":"product_brand","embeddable":true,"href":"https:\/\/www.hydraulic-cylinders.net\/lv\/wp-json\/wp\/v2\/product_brand?post=19501"},{"taxonomy":"product_cat","embeddable":true,"href":"https:\/\/www.hydraulic-cylinders.net\/lv\/wp-json\/wp\/v2\/product_cat?post=19501"},{"taxonomy":"product_tag","embeddable":true,"href":"https:\/\/www.hydraulic-cylinders.net\/lv\/wp-json\/wp\/v2\/product_tag?post=19501"}],"curies":[{"name":"wp","href":"https:\/\/api.w.org\/{rel}","templated":true}]}}