{"id":19503,"date":"2025-04-07T06:51:10","date_gmt":"2025-04-07T06:51:10","guid":{"rendered":"https:\/\/www.hydraulic-cylinders.net\/product\/boom-cylinder-for-sgzg-sd08e\/"},"modified":"2025-04-07T06:51:13","modified_gmt":"2025-04-07T06:51:13","slug":"boom-cylinder-for-sgzg-sd08e","status":"publish","type":"product","link":"https:\/\/www.hydraulic-cylinders.net\/lv\/products\/boom-cylinder-for-sgzg-sd08e\/","title":{"rendered":"Str\u0113les cilindrs SGZG SD08E"},"content":{"rendered":"<h1>Str\u0113les cilindrs SGZG SD08E<\/h1>\n<h2>Produkta defin\u012bcija un p\u0101rskats<\/h2>\n<p>SGZG SD08E str\u0113les cilindrs ir \u013coti svar\u012bgs hidrauliskais cilindrs, kas \u012bpa\u0161i paredz\u0113ts kausa kust\u012bbas vad\u012bbai da\u017e\u0101d\u0101s smagaj\u0101s ma\u0161\u012bn\u0101s, piem\u0113ram, ekskavatoros, iekr\u0101v\u0113jos un front\u0101lajos iekr\u0101v\u0113jos. \u0160is specializ\u0113tais apr\u012bkojums \u013cauj kausam pacelt, nolaist un noliekt, t\u0101d\u0113j\u0101di atvieglojot efekt\u012bvus materi\u0101lu apstr\u0101des uzdevumus. Kausa cilindrs ir b\u016btiska hidraulisko sist\u0113mu sast\u0101vda\u013ca, kas nodro\u0161ina netrauc\u0113tu darb\u012bbu un palielin\u0101tu produktivit\u0101ti b\u016bvniec\u012bb\u0101, ieguves r\u016bpniec\u012bb\u0101 un lauksaimniec\u012bbas darbos.<\/p>\n<p><img decoding=\"async\" src=\"https:\/\/www.hydraulic-cylinders.net\/wp-content\/uploads\/2025\/04\/songte-company-1.webp\" alt=\"Str\u0113les cilindra att\u0113ls\"><\/p>\n<h2>Galven\u0101s iez\u012bmes<\/h2>\n<ul>\n<li><strong>Augsta iztur\u012bba un ilgm\u016b\u017e\u012bba:<\/strong> Parasti izgatavoti no augstas stipr\u012bbas t\u0113rauda vai alum\u012bnija, kas var iztur\u0113t augstu spiedienu un lielas slodzes, paredz\u0113ti darbam skarbos darba apst\u0101k\u013cos, ar nodilumiztur\u012bbu un korozijas iztur\u012bbu, kas pagarina kalpo\u0161anas laiku.<\/li>\n<li><strong>Efekt\u012bva hidraulisk\u0101 darb\u012bba:<\/strong> Izmanto hidraulisk\u0101s e\u013c\u013cas spiedienu vienm\u0113r\u012bgai izvilk\u0161anai un ievilk\u0161anai, nodro\u0161inot \u0101tru reakciju uz vad\u012bbas komand\u0101m un jaud\u012bgu stum\u0161anas un vilk\u0161anas sp\u0113ku, kas ir ide\u0101li piem\u0113rots smagu un sare\u017e\u0123\u012btu uzdevumu veik\u0161anai.<\/li>\n<li><strong>Da\u017e\u0101di veidi:<\/strong> Pieejami ar vienas darb\u012bbas (izmantojot hidraulisko jaudu tikai vien\u0101 virzien\u0101) vai divk\u0101r\u0161as darb\u012bbas (izmantojot hidraulisko jaudu abos virzienos) cilindriem, lai apmierin\u0101tu da\u017e\u0101das ekspluat\u0101cijas vajadz\u012bbas. Da\u017ei mode\u013ci ir teleskopiski, kas \u013cauj palielin\u0101t sniedzam\u012bbu, nepalielinot \u0101r\u0113jos izm\u0113rus, un ir piem\u0113roti lietojumiem ar ierobe\u017eotu vietu.<\/li>\n<li><strong>Piel\u0101gota ra\u017eo\u0161ana:<\/strong> M\u0113s sp\u0113jam ra\u017eot \u0161o produktu, un m\u016bsu cilindri var lieliski aizst\u0101t eso\u0161os hidrauliskos cilindrus.<\/li>\n<li><strong>Daudzpus\u012bgi pielietojumi:<\/strong> Paredz\u0113ts da\u017e\u0101diem iestat\u012bjumiem, nodro\u0161inot funkcionalit\u0101ti da\u017e\u0101d\u0101s vid\u0113s.<\/li>\n<\/ul>\n<p><img decoding=\"async\" src=\"https:\/\/www.hydraulic-cylinders.net\/wp-content\/uploads\/2025\/04\/songte-cylinder-head-with-all-kinds-excavator-models.webp\" alt=\"Ekskavatoru mode\u013ci\"><\/p>\n<h2>Lietojumprogrammu scen\u0101riji<\/h2>\n<h3>Celtniec\u012bbas apr\u012bkojums<\/h3>\n<p>Ekskavatoros str\u0113les cilindri ir vit\u0101li svar\u012bgi augsnes vai gru\u017eu rak\u0161anai, iekrau\u0161anai un p\u0101rvieto\u0161anai. Tie kontrol\u0113 kausa le\u0146\u0137i un augstumu, \u013caujot operatoriem efekt\u012bvi izrakt pla\u0161u materi\u0101lu kl\u0101stu. Ekskavatoros-iekr\u0101v\u0113jos str\u0113les cilindrs pal\u012bdz gan rak\u0161anas, gan cel\u0161anas darbos, padarot to par neaizst\u0101jamu sast\u0101vda\u013cu lieljaudas b\u016bvniec\u012bbas projektos.<\/p>\n<h3>Lauksaimniec\u012bbas tehnika<\/h3>\n<p>Front\u0101lajos iekr\u0101v\u0113jos kausa cilindri tiek izmantoti augsnes, siena un citu materi\u0101lu sav\u0101k\u0161anai, pacel\u0161anai un transport\u0113\u0161anai. Iesp\u0113ja regul\u0113t kausa poz\u012bciju palielina produktivit\u0101ti lauksaimniec\u012bbas darbos, \u013caujot \u0101tri un efekt\u012bvi veikt materi\u0101lu apstr\u0101des uzdevumus, kas ir b\u016btiski vienm\u0113r\u012bgu lauksaimniec\u012bbas procesu uztur\u0113\u0161anai.<\/p>\n<h3>Ekskavatori<\/h3>\n<p>Ekskavatoros str\u0113les cilindri atvieglo rak\u0161anas darb\u012bbu, \u013caujot kausam iek\u013c\u016bt augsn\u0113. \u0160\u012b sp\u0113ja ir \u013coti svar\u012bga da\u017e\u0101diem rak\u0161anas darbiem, s\u0101kot no tran\u0161eju rak\u0161anas l\u012bdz b\u016bvlaukumu sagatavo\u0161anai, nodro\u0161inot optim\u0101lu veiktsp\u0113ju, str\u0101d\u0101jot ar smago tehniku.<\/p>\n<h3>Iekr\u0101v\u0113ji<\/h3>\n<p>Front\u0101lajos iekr\u0101v\u0113jos str\u0113les cilindri pal\u012bdz efekt\u012bvi pacelt un izg\u0101zt kravas. To konstrukcija nodro\u0161ina, ka operatori var p\u0101rvietot materi\u0101lus prec\u012bzi un \u0101tri, samazinot d\u012bkst\u0101ves laiku un palielinot darba efektivit\u0101ti objekt\u0101.<\/p>\n<h2>Projekt\u0113\u0161anas apsv\u0113rumi un atlases standarti<\/h2>\n<h3>Kravnes\u012bba<\/h3>\n<p>Viens no galvenajiem apsv\u0113rumiem str\u0113les cilindru projekt\u0113\u0161an\u0101 ir to kravnes\u012bba. Cilindram j\u0101b\u016bt konstru\u0113tam t\u0101, lai tas iztur\u0113tu maksim\u0101lo svaru, ar ko tas saskarsies ekspluat\u0101cijas laik\u0101, neapdraudot dro\u0161\u012bbu. Tas ietver augstas iztur\u012bbas materi\u0101lu izmanto\u0161anu un prec\u012bzu in\u017eenieriju, lai nodro\u0161in\u0101tu uzticam\u012bbu un veiktsp\u0113ju.<\/p>\n<h3>Bl\u012bv\u0113\u0161ana<\/h3>\n<p>Hidraulisko cilindru bl\u012bv\u0113jumu integrit\u0101te ir kritiski svar\u012bga. Pareiza bl\u012bv\u0113\u0161ana nov\u0113r\u0161 hidraulisk\u0101 \u0161\u0137idruma nopl\u016bdi, kas var izrais\u012bt efektivit\u0101tes samazin\u0101\u0161anos un iesp\u0113jamus boj\u0101jumus. Bl\u012bv\u0113jumi j\u0101izv\u0113las, pamatojoties uz to materi\u0101la \u012bpa\u0161\u012bb\u0101m, nodro\u0161inot, ka tie var iztur\u0113t spiedienu un vides apst\u0101k\u013cus, ar kuriem tie saskarsies.<\/p>\n<h3>Iztur\u012bba<\/h3>\n<p>Iztur\u012bba ir b\u016btisks faktors str\u0113les cilindru konstrukcij\u0101. Tiem j\u0101sp\u0113j efekt\u012bvi darboties skarbos apst\u0101k\u013cos, tostarp ekstrem\u0101l\u0101s temperat\u016br\u0101s un net\u012brumu un gru\u017eu iedarb\u012bb\u0101. Pareizu materi\u0101lu un aizsargp\u0101rkl\u0101jumu izv\u0113le var iev\u0113rojami palielin\u0101t to kalpo\u0161anas laiku.<\/p>\n<h3>Dro\u0161\u012bba<\/h3>\n<p>Dro\u0161\u012bba ir \u0101rk\u0101rt\u012bgi svar\u012bga hidraulisko sist\u0113mu projekt\u0113\u0161an\u0101. Dro\u0161\u012bbas ier\u012b\u010du, piem\u0113ram, spiediena samazin\u0101\u0161anas v\u0101rstu, ievie\u0161ana pal\u012bdz nov\u0113rst negad\u012bjumus un iek\u0101rtu boj\u0101jumus. Turkl\u0101t konstrukcijai j\u0101nodro\u0161ina \u0113rta piek\u013cuve komponentiem apkopes un p\u0101rbaudes veik\u0161anai.<\/p>\n<h3>Uzturam\u012bba<\/h3>\n<p>Laba apkopes pieejam\u012bba nodro\u0161ina \u0101tru un efekt\u012bvu str\u0113les cilindru apkopi. Tas ietver t\u0101du deta\u013cu projekt\u0113\u0161anu, kur\u0101m var viegli piek\u013c\u016bt un kuras var nomain\u012bt bez pla\u0161as demont\u0101\u017eas. Regul\u0101ri apkopes protokoli veicina iek\u0101rtas kop\u0113jo kalpo\u0161anas laiku.<\/p>\n<p><img decoding=\"async\" src=\"https:\/\/www.hydraulic-cylinders.net\/wp-content\/uploads\/2025\/04\/songte-oil-pipes-and-spare-parts.webp\" alt=\"E\u013c\u013cas caurules un rezerves da\u013cas\"><\/p>\n<h2>Bl\u012bv\u0113\u0161ana un e\u013c\u013co\u0161ana<\/h2>\n<p>Pareiza bl\u012bv\u0113\u0161ana un e\u013c\u013co\u0161ana ir \u013coti svar\u012bga str\u0113les cilindru efekt\u012bvai darb\u012bbai. Lai uztur\u0113tu spiedienu un nov\u0113rstu nopl\u016bdes, tiek izmantoti da\u017e\u0101di bl\u012bv\u0113jumi, piem\u0113ram, virzu\u013ca bl\u012bv\u0113jumi un stie\u0146a bl\u012bv\u0113jumi. Materi\u0101li, piem\u0113ram, poliuret\u0101ns un nitrila gumija, bie\u017ei tiek izv\u0113l\u0113ti to nodilumiztur\u012bgo \u012bpa\u0161\u012bbu d\u0113\u013c. Cilindra korpuss un v\u012bt\u0146otie gali tiek r\u016bp\u012bgi apstr\u0101d\u0101ti, lai uzlabotu iztur\u012bbu un nodilumiztur\u012bbu. Lai uztur\u0113tu e\u013c\u013co\u0161anu, nodro\u0161in\u0101tu vienm\u0113r\u012bgu darb\u012bbu un nov\u0113rstu cilindra sast\u0101vda\u013cu priek\u0161laic\u012bgu boj\u0101jumu, ir nepiecie\u0161ama regul\u0101ra hidraulisk\u0101s e\u013c\u013cas papildin\u0101\u0161ana.<\/p>\n<h2>Regul\u0101ras p\u0101rbaudes un profilaktisk\u0101s apkopes pas\u0101kumi<\/h2>\n<ul>\n<li><strong>Vizu\u0101l\u0101s p\u0101rbaudes:<\/strong> Regul\u0101ri p\u0101rbaudiet cilindru, vai nav nodiluma, boj\u0101jumu vai nopl\u016b\u017eu paz\u012bmju. Darb\u012bbas laik\u0101 mekl\u0113jiet neparastas ska\u0146as, kas var\u0113tu liecin\u0101t par iesp\u0113jam\u0101m probl\u0113m\u0101m.<\/li>\n<li><strong>Hidraulisk\u0101 \u0161\u0137idruma l\u012bme\u0146i:<\/strong> Uztur\u0113t atbilsto\u0161u hidraulisk\u0101 \u0161\u0137idruma l\u012bmeni un p\u0101rbaud\u012bt, vai nav pies\u0101r\u0146ojuma. Zems \u0161\u0137idruma l\u012bmenis var izrais\u012bt nepietiekamu e\u013c\u013co\u0161anu un p\u0101rkar\u0161anu.<\/li>\n<li><strong>Bl\u012bv\u0113juma integrit\u0101tes p\u0101rbaudes:<\/strong> Periodiski p\u0101rbaudiet bl\u012bves, vai t\u0101s nav nodilu\u0161as, un nomainiet t\u0101s, ja tiek nov\u0113rotas jebk\u0101das nolieto\u0161an\u0101s paz\u012bmes, lai nov\u0113rstu nopl\u016bdes un uztur\u0113tu optim\u0101lu veiktsp\u0113ju.<\/li>\n<\/ul>\n<h2>Uzst\u0101d\u012b\u0161anas vadl\u012bnijas<\/h2>\n<p>Pareiza str\u0113les cilindra uzst\u0101d\u012b\u0161ana ir \u013coti svar\u012bga, lai sasniegtu optim\u0101lu veiktsp\u0113ju. Vispirms p\u0101rliecinieties, vai visas mont\u0101\u017eas virsmas ir t\u012bras un bez gru\u017eiem. Prec\u012bzi izl\u012bdziniet cilindru ar mont\u0101\u017eas punktiem, izmantojot atbilsto\u0161us mont\u0101\u017eas kron\u0161teinus, lai to nostiprin\u0101tu viet\u0101. Pievelciet visus savienojumus atbilsto\u0161i ra\u017eot\u0101ja specifik\u0101cij\u0101m, lai nov\u0113rstu jebk\u0101du kust\u012bbu. P\u0113c uzst\u0101d\u012b\u0161anas veiciet testa braucienu, lai p\u0101rliecin\u0101tos, ka cilindrs darbojas nevainojami un bez nopl\u016bd\u0113m. Regul\u0101ri p\u0101rbaudiet uzst\u0101d\u012b\u0161anas punktus, lai p\u0101rliecin\u0101tos, ka lieto\u0161anas laik\u0101 viss paliek dro\u0161s.<\/p>\n<h2>Bie\u017ei sastopamie apkopes uzdevumi<\/h2>\n<ul>\n<li><strong>Regul\u0101ras p\u0101rbaudes:<\/strong> Regul\u0101ri veiciet p\u0101rbaudes, lai p\u0101rbaud\u012btu nopl\u016bdes un nodilumu. Probl\u0113mu agr\u012bna atkl\u0101\u0161ana var nov\u0113rst d\u0101rgus remontdarbus un d\u012bkst\u0101ves.<\/li>\n<li><strong>Pareiza e\u013c\u013co\u0161ana:<\/strong> P\u0101rliecinieties, ka cilindrs ir pien\u0101c\u012bgi iee\u013c\u013cots, lai samazin\u0101tu berzi un nodilumu, saglab\u0101jot veiktsp\u0113ju un pagarinot kalpo\u0161anas laiku.<\/li>\n<li><strong>Bl\u012bv\u0113juma nomai\u0146a:<\/strong> Regul\u0101ri nomainiet bl\u012bves, lai nov\u0113rstu hidraulisk\u0101 \u0161\u0137idruma nopl\u016bdes. Tam j\u0101b\u016bt da\u013cai no pl\u0101not\u0101s apkopes rut\u012bnas, lai izvair\u012btos no negaid\u012btiem boj\u0101jumiem.<\/li>\n<\/ul>\n<p>Pareiza uzst\u0101d\u012b\u0161ana, e\u013c\u013co\u0161ana un regul\u0113\u0161ana ir \u013coti svar\u012bga str\u0113les cilindra ilgm\u016b\u017e\u012bbai. Pareiza izl\u012bdzin\u0101\u0161ana uzst\u0101d\u012b\u0161anas laik\u0101 var nov\u0113rst p\u0101rm\u0113r\u012bgu slodzi uz deta\u013c\u0101m, nodro\u0161inot vienm\u0113r\u012bgu darb\u012bbu. Ieteicam\u0101s p\u0101rbaudes proced\u016bras ietver nodiluma p\u0101rbaudi, visu konstat\u0113to probl\u0113mu nov\u0113r\u0161anu un nolietoto deta\u013cu nomai\u0146u, lai saglab\u0101tu maksim\u0101lu veiktsp\u0113ju.<\/p>\n<p><img decoding=\"async\" src=\"https:\/\/www.hydraulic-cylinders.net\/wp-content\/uploads\/2025\/04\/songte-chushion-collar.webp\" alt=\"Spilvenu apkakle\"><\/p>\n<h2>Dro\u0161\u012bbas apsv\u0113rumi un vides faktori<\/h2>\n<p>Izmantojot str\u0113les cilindrus, ir \u013coti svar\u012bgi ieviest dro\u0161\u012bbas pas\u0101kumus. Operatoriem j\u0101b\u016bt apm\u0101c\u012btiem atpaz\u012bt potenci\u0101los apdraud\u0113jumus, kas saist\u012bti ar hidrauliskaj\u0101m sist\u0113m\u0101m, tostarp augstspiediena \u0161\u0137idruma nopl\u016bdes un meh\u0101nisku boj\u0101jumu riskus. Lai mazin\u0101tu riskus, vienm\u0113r j\u0101valk\u0101 atbilsto\u0161i individu\u0101lie aizsardz\u012bbas l\u012bdzek\u013ci (IAL). Turkl\u0101t, lai samazin\u0101tu ietekmi uz vidi un veicin\u0101tu ilgtsp\u0113j\u012bbu, j\u0101apsver videi draudz\u012bgu hidraulisko \u0161\u0137idrumu lieto\u0161ana.<\/p>\n<h2>K\u013c\u016bmju diagnostika un bie\u017e\u0101k sastopam\u0101s probl\u0113mas<\/h2>\n<ul>\n<li><strong>Nopl\u016bde:<\/strong> Hidraulisk\u0101 \u0161\u0137idruma nopl\u016bdes ir bie\u017ei sastopama probl\u0113ma, un t\u0101s var rasties nolietotu bl\u012bv\u0113jumu vai boj\u0101tu \u0161\u013c\u016bte\u0146u d\u0113\u013c. Regul\u0101ras p\u0101rbaudes var pal\u012bdz\u0113t \u0161\u012bs probl\u0113mas atkl\u0101t agr\u012bn\u0101 stadij\u0101.<\/li>\n<li><strong>Nekonsekventa darb\u012bba:<\/strong> Ja str\u0113les cilindrs darbojas nevienm\u0113r\u012bgi, tas var liecin\u0101t par probl\u0113m\u0101m ar hidraulisko \u0161\u0137idrumu vai iek\u0161\u0113jo nodilumu. Ir svar\u012bgi p\u0101rbaud\u012bt \u0161\u0137idruma l\u012bmeni un kvalit\u0101ti.<\/li>\n<li><strong>P\u0101rkar\u0161ana:<\/strong> P\u0101rkar\u0161ana var rasties nepietiekamas e\u013c\u013co\u0161anas vai hidraulisk\u0101s sist\u0113mas aizsprostojumu d\u0113\u013c. Regul\u0101ra apkope var pal\u012bdz\u0113t nov\u0113rst \u0161o probl\u0113mu.<\/li>\n<\/ul>\n<h2>Probl\u0113mu nov\u0113r\u0161anas padomi<\/h2>\n<p>Lai risin\u0101tu bie\u017ei sastopamas probl\u0113mas, vispirms p\u0101rbaudiet, vai nav nopl\u016b\u017eu ap bl\u012bv\u0113m un \u0161\u013c\u016bten\u0113m. Ja \u0161\u0137idruma l\u012bmenis ir zems, papildiniet to l\u012bdz pareizajam l\u012bmenim un p\u0101rbaudiet, vai nav pies\u0101r\u0146ojuma. Nevienm\u0113r\u012bgas darb\u012bbas gad\u012bjum\u0101 nov\u0113rt\u0113jiet hidraulisk\u0101 \u0161\u0137idruma st\u0101vokli un, ja nepiecie\u0161ams, nomainiet to. P\u0101rkar\u0161anas probl\u0113mu gad\u012bjum\u0101 p\u0101rbaudiet dzes\u0113\u0161anas sist\u0113mu un nodro\u0161iniet pareizu e\u013c\u013co\u0161anu. Prevent\u012bvie pas\u0101kumi, piem\u0113ram, regul\u0101ra apkope un savlaic\u012bgs remonts, var pal\u012bdz\u0113t samazin\u0101t iesp\u0113jam\u0101s probl\u0113mas un uzlabot str\u0113les cilindra kalpo\u0161anas laiku.<\/p>\n<p><img decoding=\"async\" src=\"https:\/\/www.hydraulic-cylinders.net\/wp-content\/uploads\/2025\/04\/songte-bushings-with-all-kinds-of-excavator-models.webp\" alt=\"Bukses ar ekskavatora mode\u013ciem\"><\/p>\n<h2>Par m\u016bsu uz\u0146\u0113mumu<\/h2>\n<p>M\u0113s esam ra\u017eot\u0101js, kas specializ\u0113jas alternat\u012bvos hidrauliskajos cilindros, pied\u0101v\u0101jot pla\u0161u produktu kl\u0101stu, kas ir nostiprin\u0101jis m\u016bsu k\u0101 vado\u0161\u0101 ra\u017eot\u0101ja un vairumtirgot\u0101ja poz\u012bciju gan viet\u0113j\u0101, gan starptautiskaj\u0101 tirg\u016b. M\u0113s iev\u0113rojam izcil\u012bbas principus, pa\u013caujoties uz izsmalcin\u0101t\u0101m ra\u017eo\u0161anas strat\u0113\u0123ij\u0101m un labi p\u0101rvald\u012btiem ra\u017eo\u0161anas procesiem. M\u016bsu uz\u0146\u0113mums veic iev\u0113rojamas invest\u012bcijas tehniskajos talantos, modern\u0101kaj\u0101s ra\u017eo\u0161anas iek\u0101rt\u0101s un profesion\u0101l\u0101s test\u0113\u0161anas sist\u0113m\u0101s, past\u0101v\u012bgi uzlabojot m\u016bsu ra\u017eo\u0161anas platformas, lai uzlabotu produktu kvalit\u0101ti. M\u016bsu ap\u0146em\u0161an\u0101s nodro\u0161in\u0101t efektivit\u0101ti, precizit\u0101ti un augstus standartus \u013cauj mums apmierin\u0101t da\u017e\u0101das klientu vajadz\u012bbas.<\/p>\n<p><img decoding=\"async\" src=\"https:\/\/www.hydraulic-cylinders.net\/wp-content\/uploads\/2025\/04\/songte-company-4.webp\" alt=\"Uz\u0146\u0113muma p\u0101rskats\"><br \/>\n<img decoding=\"async\" src=\"https:\/\/www.hydraulic-cylinders.net\/wp-content\/uploads\/2025\/04\/songte-company-3.webp\" alt=\"Uz\u0146\u0113muma ra\u017eo\u0161ana\"><\/p>\n<p>M\u016bsu profesion\u0101lo pieredzi papildina starptautiski sertifik\u0101ti, kas nodro\u0161ina, ka m\u016bsu produkti atbilst glob\u0101lajiem standartiem. M\u0113s pied\u0101v\u0101jam piel\u0101gotus pakalpojumus, lai apmierin\u0101tu \u012bpa\u0161as klientu pras\u012bbas, un uzturam stabilu p\u0113cp\u0101rdo\u0161anas apkalpo\u0161anas sist\u0113mu, lai efekt\u012bvi atbalst\u012btu m\u016bsu klientus.<\/p>\n<p>Autors: lil<\/p>","protected":false},"excerpt":{"rendered":"<p>Boom Cylinder For SGZG SD08E Product Definition and Overview The Boom Cylinder for SGZG SD08E is a crucial hydraulic cylinder specifically designed to control the movement of the bucket in various heavy machinery such as excavators, backhoe loaders, and front loaders. This specialized equipment enables the bucket to lift, lower, and tilt, facilitating efficient material [&hellip;]<\/p>","protected":false},"featured_media":17872,"comment_status":"open","ping_status":"closed","template":"","meta":{"_et_pb_use_builder":"","_et_pb_old_content":"","_et_gb_content_width":""},"product_brand":[],"product_cat":[1546],"product_tag":[1547,1496],"class_list":{"0":"post-19503","1":"product","2":"type-product","3":"status-publish","4":"has-post-thumbnail","6":"product_cat-boom-cylinders","7":"product_tag-boom-cylinders","8":"product_tag-hydraulic-cylinders","10":"first","11":"instock","12":"shipping-taxable","13":"product-type-simple"},"amp_enabled":true,"_links":{"self":[{"href":"https:\/\/www.hydraulic-cylinders.net\/lv\/wp-json\/wp\/v2\/product\/19503","targetHints":{"allow":["GET"]}}],"collection":[{"href":"https:\/\/www.hydraulic-cylinders.net\/lv\/wp-json\/wp\/v2\/product"}],"about":[{"href":"https:\/\/www.hydraulic-cylinders.net\/lv\/wp-json\/wp\/v2\/types\/product"}],"replies":[{"embeddable":true,"href":"https:\/\/www.hydraulic-cylinders.net\/lv\/wp-json\/wp\/v2\/comments?post=19503"}],"wp:featuredmedia":[{"embeddable":true,"href":"https:\/\/www.hydraulic-cylinders.net\/lv\/wp-json\/wp\/v2\/media\/17872"}],"wp:attachment":[{"href":"https:\/\/www.hydraulic-cylinders.net\/lv\/wp-json\/wp\/v2\/media?parent=19503"}],"wp:term":[{"taxonomy":"product_brand","embeddable":true,"href":"https:\/\/www.hydraulic-cylinders.net\/lv\/wp-json\/wp\/v2\/product_brand?post=19503"},{"taxonomy":"product_cat","embeddable":true,"href":"https:\/\/www.hydraulic-cylinders.net\/lv\/wp-json\/wp\/v2\/product_cat?post=19503"},{"taxonomy":"product_tag","embeddable":true,"href":"https:\/\/www.hydraulic-cylinders.net\/lv\/wp-json\/wp\/v2\/product_tag?post=19503"}],"curies":[{"name":"wp","href":"https:\/\/api.w.org\/{rel}","templated":true}]}}