{"id":19505,"date":"2025-04-07T06:51:15","date_gmt":"2025-04-07T06:51:15","guid":{"rendered":"https:\/\/www.hydraulic-cylinders.net\/product\/boom-cylinder-for-sgzg-sd15b\/"},"modified":"2025-04-07T06:51:17","modified_gmt":"2025-04-07T06:51:17","slug":"boom-cylinder-for-sgzg-sd15b","status":"publish","type":"product","link":"https:\/\/www.hydraulic-cylinders.net\/lv\/products\/boom-cylinder-for-sgzg-sd15b\/","title":{"rendered":"Str\u0113les cilindrs SGZG SD15B"},"content":{"rendered":"<h1>Str\u0113les cilindrs SGZG SD15B<\/h1>\n<h2>Produkta p\u0101rskats<\/h2>\n<p>SGZG SD15B str\u0113les cilindrs ir specializ\u0113ts hidrauliskais cilindrs, kas paredz\u0113ts smago ma\u0161\u012bnu kausu, tostarp ekskavatoru, univers\u0101lo iekr\u0101v\u0113ju un front\u0101lo iekr\u0101v\u0113ju, kust\u012bbu vad\u012bbai. \u0160im hidrauliskajam cilindram ir iz\u0161\u0137iro\u0161a noz\u012bme kausa pacel\u0161an\u0101, nolai\u0161an\u0101 un noliek\u0161an\u0101, t\u0101d\u0113j\u0101di atvieglojot efekt\u012bvus materi\u0101lu apstr\u0101des uzdevumus. Tas ir b\u016btisks da\u017e\u0101dos pielietojumos, nodro\u0161inot, ka operatori var prec\u012bzi un viegli manevr\u0113t ar smagiem materi\u0101liem.<\/p>\n<p><img decoding=\"async\" src=\"https:\/\/www.hydraulic-cylinders.net\/wp-content\/uploads\/2025\/04\/songte-company-1.webp\" alt=\"Str\u0113les cilindrs SGZG SD15B\" \/><\/p>\n<h3>Defin\u012bcija un funkcija<\/h3>\n<p>Str\u0113les cilindri ir hidrauliskie cilindri, kas \u012bpa\u0161i izstr\u0101d\u0101ti, lai p\u0101rvald\u012btu smago ma\u0161\u012bnu kausu darb\u012bbu. Tie ir svar\u012bgi hidraulisko sist\u0113mu komponenti, kas nodro\u0161ina nepiecie\u0161amo sp\u0113ku sare\u017e\u0123\u012btu kust\u012bbu veik\u0161anai. \u0160o cilindru konstrukcija nodro\u0161ina, ka tie var iztur\u0113t augsta spiediena apst\u0101k\u013cus, vienlaikus saglab\u0101jot efektivit\u0101ti darb\u012bb\u0101. Tas padara tos neaizst\u0101jamus b\u016bvniec\u012bbas un lauksaimniec\u012bbas nozar\u0113s, kur ir nepiecie\u0161ama iztur\u012bga tehnika sare\u017e\u0123\u012btu uzdevumu veik\u0161anai.<\/p>\n<h2>Galven\u0101s iez\u012bmes<\/h2>\n<ul>\n<li><strong>Augsta iztur\u012bba un ilgm\u016b\u017e\u012bba:<\/strong> \u0160ie cilindri, kas parasti ir izgatavoti no augstas stipr\u012bbas t\u0113rauda vai alum\u012bnija, var iztur\u0113t augstu spiedienu un lielas slodzes, vienlaikus piel\u0101gojoties skarbajai darba videi. To konstrukcij\u0101 ir \u0146emta v\u0113r\u0101 ar\u012b nodilumiztur\u012bba un iztur\u012bba pret koroziju, pagarinot to kalpo\u0161anas laiku.<\/li>\n<li><strong>Efekt\u012bva hidraulisk\u0101 darb\u012bba:<\/strong> Str\u0113les cilindrs izmanto hidraulisk\u0101s e\u013c\u013cas spiedienu, lai nodro\u0161in\u0101tu vienm\u0113r\u012bgu izstiep\u0161anu un ievilk\u0161anu, \u013caujot \u0101tri rea\u0123\u0113t uz vad\u012bbas komand\u0101m, vienlaikus nodro\u0161inot iev\u0113rojamu vilk\u0161anas un stum\u0161anas jaudu. Tas ir ide\u0101li piem\u0113rots smagu un sare\u017e\u0123\u012btu uzdevumu veik\u0161anai.<\/li>\n<li><strong>Da\u017e\u0101di veidi:<\/strong> \u0160ie cilindri, kas pieejami gan vienas darb\u012bbas (darbojas vien\u0101 virzien\u0101), gan divk\u0101r\u0161as darb\u012bbas (darbojas divos virzienos) konstrukcij\u0101s, apmierina da\u017e\u0101das ekspluat\u0101cijas vajadz\u012bbas. Da\u017ei mode\u013ci ir teleskopiski, kas \u013cauj tos pagarin\u0101t, nepalielinot \u0101r\u0113jos izm\u0113rus, un ir piem\u0113roti lietojumiem ar ierobe\u017eotu vietu.<\/li>\n<\/ul>\n<h2>M\u016bsu ra\u017eo\u0161anas iesp\u0113jas<\/h2>\n<p>M\u0113s ra\u017eojam \u0161o produktu, un m\u016bsu pied\u0101v\u0101jums var lieliski aizst\u0101t da\u017e\u0101dus tirg\u016b pieejamos hidrauliskos cilindrus.<\/p>\n<p><img decoding=\"async\" src=\"https:\/\/www.hydraulic-cylinders.net\/wp-content\/uploads\/2025\/04\/songte-cylinder-head-with-all-kinds-excavator-models.webp\" alt=\"Hidraulisko cilindru ra\u017eo\u0161ana\" \/><\/p>\n<h2>Pieteikumi<\/h2>\n<h3>Celtniec\u012bbas apr\u012bkojums<\/h3>\n<p>Str\u0113les cilindri ir \u013coti svar\u012bgi celtniec\u012bbas ma\u0161\u012bn\u0101s, \u012bpa\u0161i ekskavatoros. Tie pal\u012bdz rakt, iekraut un p\u0101rvietot augsni vai gru\u017eus. Ekskavatoros-iekr\u0101v\u0113jos kausa cilindrs ne tikai pal\u012bdz rak\u0161anas darbos, bet ar\u012b atvieglo cel\u0161anas darbus, uzlabojot produktivit\u0101ti darba viet\u0101s.<\/p>\n<h3>Lauksaimniec\u012bbas tehnika<\/h3>\n<p>Front\u0101lajos iekr\u0101v\u0113jos str\u0113les cilindri ir atbild\u012bgi par augsnes, siena un citu materi\u0101lu sav\u0101k\u0161anu, cel\u0161anu un transport\u0113\u0161anu. To efektivit\u0101te \u0161aj\u0101s darb\u012bb\u0101s tie\u0161i veicina lauksaimniec\u012bbas darb\u012bbu kop\u0113jo produktivit\u0101ti, \u013caujot lauksaimniekiem efekt\u012bv\u0101k p\u0101rvald\u012bt savus uzdevumus.<\/p>\n<h3>Ekskavatori<\/h3>\n<p>Ekskavatori izmanto kausu cilindrus, lai iek\u013c\u016btu augsn\u0113, nodro\u0161inot efekt\u012bvas rak\u0161anas darb\u012bbas. To konstrukcija nodro\u0161ina vienm\u0113r\u012bgu vad\u012bbu un sp\u0113c\u012bgu sp\u0113ku, kas ir b\u016btiski dzi\u013ciem rak\u0161anas projektiem.<\/p>\n<h3>Iekr\u0101v\u0113ji<\/h3>\n<p>Front\u0101lajos iekr\u0101v\u0113jos str\u0113les cilindri pal\u012bdz efekt\u012bvi pacelt un izg\u0101zt kravas. To uzticam\u0101 darb\u012bba nodro\u0161ina, ka smagus materi\u0101lus var \u0101tri p\u0101rvietot, uzlabojot darba pl\u016bsmu un samazinot d\u012bkst\u0101ves laiku.<\/p>\n<h2>Dizaina apsv\u0113rumi un atlases krit\u0113riji<\/h2>\n<ul>\n<li><strong>Kravnes\u012bba:<\/strong> Izv\u0113loties str\u0113les cilindru, kravnes\u012bba ir kritisks faktors. Tam j\u0101sp\u0113j iztur\u0113t maksim\u0101lo svaru, kas tiks piem\u0113rots darb\u012bbas laik\u0101. Tas ietver izpratni par tehnikas specifik\u0101cij\u0101m, ar kur\u0101m tas tiks integr\u0113ts, lai nodro\u0161in\u0101tu, ka tas var iztur\u0113t paredzam\u0101s slodzes bez atteices.<\/li>\n<li><strong>Bl\u012bv\u0113jums:<\/strong> Efekt\u012bva bl\u012bv\u0113\u0161ana ir b\u016btiska, lai nov\u0113rstu hidraulisk\u0101 \u0161\u0137idruma nopl\u016bdes, kas var samazin\u0101t efektivit\u0101ti un rad\u012bt dro\u0161\u012bbas apdraud\u0113jumus. Augstas kvalit\u0101tes bl\u012bv\u0113jumi, piem\u0113ram, virzu\u013ca bl\u012bv\u0113jumi un stie\u0146a bl\u012bv\u0113jumi, ir nepiecie\u0161ami, lai saglab\u0101tu spiediena integrit\u0101ti un nodro\u0161in\u0101tu vienm\u0113r\u012bgu darb\u012bbu. Materi\u0101lu, piem\u0113ram, poliuret\u0101na un nitrila gumijas, izv\u0113le ietekm\u0113 \u0161o bl\u012bv\u0113jumu iztur\u012bbu un veiktsp\u0113ju.<\/li>\n<li><strong>Iztur\u012bba:<\/strong> Str\u0113les cilindra konstrukcijas materi\u0101liem un konstrukcijas elementiem j\u0101veicina ilgm\u016b\u017e\u012bba. Augstas iztur\u012bbas materi\u0101li un aizsargp\u0101rkl\u0101jumi var uzlabot iztur\u012bbu pret nodilumu un koroziju, nodro\u0161inot uzticamu darb\u012bbu laika gait\u0101 pat sare\u017e\u0123\u012btos apst\u0101k\u013cos.<\/li>\n<li><strong>Dro\u0161\u012bba:<\/strong> Dro\u0161\u012bbas funkcijas, piem\u0113ram, ieb\u016bv\u0113ti spiediena samazin\u0101\u0161anas v\u0101rsti un iztur\u012bga konstrukcijas integrit\u0101te, ir \u0101rk\u0101rt\u012bgi svar\u012bgas. Labi izstr\u0101d\u0101tam str\u0113les cilindram j\u0101sp\u0113j iztur\u0113t negaid\u012btas slodzes un nov\u0113rst negad\u012bjumus, t\u0101d\u0113j\u0101di aizsarg\u0101jot operatorus un ma\u0161\u012bnas.<\/li>\n<li><strong>Apkopes pieejam\u012bba:<\/strong> Konstrukcija, kas nodro\u0161ina vienk\u0101r\u0161u apkopi, ir \u013coti svar\u012bga, lai nodro\u0161in\u0101tu ilgtermi\u0146a veiktsp\u0113ju. Komponentiem j\u0101b\u016bt viegli pieejamiem p\u0101rbaudei, e\u013c\u013co\u0161anai un remontam, t\u0101d\u0113j\u0101di samazinot d\u012bkst\u0101ves laiku un darb\u012bbas trauc\u0113jumus.<\/li>\n<\/ul>\n<p><img decoding=\"async\" src=\"https:\/\/www.hydraulic-cylinders.net\/wp-content\/uploads\/2025\/04\/songte-oil-pipes-and-spare-parts.webp\" alt=\"Hidraulisko cilindru deta\u013cas\" \/><\/p>\n<h2>Bl\u012bv\u0113\u0161ana un e\u013c\u013co\u0161ana<\/h2>\n<p>Da\u017e\u0101du bl\u012bv\u0113\u0161anas komponentu, piem\u0113ram, virzu\u013ca bl\u012bv\u0113jumu un stie\u0146a bl\u012bv\u0113jumu, izmanto\u0161ana ir b\u016btiska str\u0113les cilindru pareizai darb\u012bbai. Bl\u012bv\u0113jumi, kas izgatavoti no nodilumiztur\u012bgiem materi\u0101liem, piem\u0113ram, poliuret\u0101na un nitrila gumijas, nodro\u0161ina iztur\u012bbu un veiktsp\u0113ju. Cilindra korpuss un v\u012bt\u0146ot\u0101s gala virsmas tiek r\u016bp\u012bgi apstr\u0101d\u0101tas, lai uzlabotu nodilumiztur\u012bbu, kas ir \u013coti svar\u012bgi cilindra darb\u012bbas efektivit\u0101tes uztur\u0113\u0161anai. Regul\u0101ra e\u013c\u013co\u0161ana ar atbilsto\u0161u hidraulisko e\u013c\u013cu ir b\u016btiska, lai samazin\u0101tu berzi un nodilumu, nodro\u0161inot vienm\u0113r\u012bgu darb\u012bbu un pagarinot cilindra kalpo\u0161anas laiku.<\/p>\n<h2>Apkopes pas\u0101kumi<\/h2>\n<ul>\n<li><strong>Regul\u0101ras p\u0101rbaudes:<\/strong> Regul\u0101ras hidraulisk\u0101s sist\u0113mas, tostarp str\u0113les cilindra, p\u0101rbaudes ir \u013coti svar\u012bgas, lai identific\u0113tu iesp\u0113jam\u0101s probl\u0113mas, pirms t\u0101s saasin\u0101s. P\u0101rbaud\u0113m j\u0101koncentr\u0113jas uz nodiluma paz\u012bm\u0113m, nopl\u016bd\u0113m vai jebk\u0101diem neparastiem trok\u0161\u0146iem darb\u012bbas laik\u0101.<\/li>\n<li><strong>Pareiza e\u013c\u013co\u0161ana:<\/strong> Nodro\u0161inot pareizu hidraulisk\u0101s e\u013c\u013cas l\u012bmeni un pien\u0101c\u012bgu e\u013c\u013co\u0161anas punktu apkopi, var iev\u0113rojami uzlabot str\u0113les cilindra veiktsp\u0113ju un ilgm\u016b\u017e\u012bbu. Regul\u0101ri j\u0101veic e\u013c\u013co\u0161ana saska\u0146\u0101 ar ra\u017eot\u0101ja ieteikumiem.<\/li>\n<li><strong>Bl\u012bv\u0113juma nomai\u0146a:<\/strong> Laika gait\u0101 bl\u012bves var nolietoties un degrad\u0113ties, izraisot nopl\u016bdes. Regul\u0101ra bl\u012bvju p\u0101rbaude un nepiecie\u0161am\u012bbas gad\u012bjum\u0101 nomai\u0146a ir b\u016btiska, lai uztur\u0113tu balona veiktsp\u0113ju un dro\u0161\u012bbu. \u0160is prevent\u012bvais pas\u0101kums var pal\u012bdz\u0113t nov\u0113rst d\u0101rgus remontdarbus un d\u012bkst\u0101ves.<\/li>\n<\/ul>\n<h2>Uzst\u0101d\u012b\u0161anas vadl\u012bnijas<\/h2>\n<p>Pareiza str\u0113les cilindra uzst\u0101d\u012b\u0161ana ir \u013coti svar\u012bga optim\u0101lai veiktsp\u0113jai un dro\u0161\u012bbai. Pirms uzst\u0101d\u012b\u0161anas procesa s\u0101k\u0161anas p\u0101rliecinieties, vai visi nepiecie\u0161amie instrumenti un apr\u012bkojums ir sagatavoti. Cilindram j\u0101b\u016bt pareizi izl\u012bdzin\u0101tam ar tehnikas stiprin\u0101juma punktiem, un t\u0101 nostiprin\u0101\u0161anai j\u0101izmanto atbilsto\u0161i stiprin\u0101juma kron\u0161teini. P\u0113c uzst\u0101d\u012b\u0161anas p\u0101rbaudiet pareizu izl\u012bdzin\u0101\u0161anu un p\u0101rliecinieties, vai visi savienojumi ir dro\u0161i. Ieteicams ar\u012b veikt testa braucienu, lai p\u0101rliecin\u0101tos, ka cilindrs darbojas vienm\u0113r\u012bgi un dro\u0161i.<\/p>\n<h2>Bie\u017ei sastopamie apkopes uzdevumi<\/h2>\n<ul>\n<li><strong>Regul\u0101ras p\u0101rbaudes:<\/strong> Regul\u0101ras p\u0101rbaudes pal\u012bdz laikus noteikt nodilumu. \u0160aj\u0101s p\u0101rbaud\u0113s j\u0101iek\u013cauj vizu\u0101la nopl\u016b\u017eu, nodiluma paz\u012bmju un visp\u0101r\u0113j\u0101s funkcionalit\u0101tes p\u0101rbaude. Ir svar\u012bgi nekav\u0113joties risin\u0101t visas probl\u0113mas, lai izvair\u012btos no turpm\u0101kiem boj\u0101jumiem.<\/li>\n<li><strong>Piem\u0113rota e\u013c\u013co\u0161ana:<\/strong> Ir \u013coti svar\u012bgi uztur\u0113t pareizu hidraulisk\u0101s e\u013c\u013cas l\u012bmeni. Nodro\u0161iniet, lai e\u013c\u013co\u0161anas punkti tiktu regul\u0101ri apkopti, jo tas samazina berzi un nov\u0113r\u0161 priek\u0161laic\u012bgu nodilumu. Ra\u017eot\u0101ja e\u013c\u013co\u0161anas grafika iev\u0113ro\u0161ana var pal\u012bdz\u0113t uztur\u0113t optim\u0101lu veiktsp\u0113ju.<\/li>\n<li><strong>Bl\u012bv\u0113juma nomai\u0146as un kalibr\u0113\u0161anas p\u0101rbaudes:<\/strong> Nomainiet bl\u012bves saska\u0146\u0101 ar apkopes grafiku, lai nov\u0113rstu nopl\u016bdes un nodro\u0161in\u0101tu efektivit\u0101ti. Regul\u0101ri j\u0101veic ar\u012b kalibr\u0113\u0161anas p\u0101rbaudes, lai nodro\u0161in\u0101tu, ka cilindrs darbojas atbilsto\u0161i noteiktajiem parametriem, uzlabojot dro\u0161\u012bbu un veiktsp\u0113ju.<\/li>\n<\/ul>\n<p><img decoding=\"async\" src=\"https:\/\/www.hydraulic-cylinders.net\/wp-content\/uploads\/2025\/04\/songte-chushion-collar.webp\" alt=\"Str\u0113les cilindra spilvena apkakle\" \/><\/p>\n<h2>Dro\u0161\u012bbas apsv\u0113rumi un vides faktori<\/h2>\n<p>R\u012bkojoties ar str\u0113les cilindriem, dro\u0161\u012bbas pas\u0101kumi ir \u0101rk\u0101rt\u012bgi svar\u012bgi. Operatoriem j\u0101valk\u0101 atbilsto\u0161i individu\u0101lie aizsardz\u012bbas l\u012bdzek\u013ci (IAL) un j\u0101nodro\u0161ina visu dro\u0161\u012bbas protokolu iev\u0113ro\u0161ana ekspluat\u0101cijas un apkopes laik\u0101. Svar\u012bgi ir ar\u012b izprast hidraulisko \u0161\u0137idrumu ietekmi uz vidi; pareiza hidraulisk\u0101s e\u013c\u013cas utiliz\u0101cija un apsaimnieko\u0161ana var samazin\u0101t ekolo\u0123isko kait\u0113jumu, t\u0101p\u0113c, kad vien iesp\u0113jams, ieteicams izmantot videi draudz\u012bgas alternat\u012bvas.<\/p>\n<h2>K\u013c\u016bmju diagnostika un bie\u017e\u0101k sastopam\u0101s probl\u0113mas<\/h2>\n<ul>\n<li><strong>Nopl\u016bde:<\/strong> Viena no visbie\u017e\u0101k sastopamaj\u0101m probl\u0113m\u0101m hidrauliskaj\u0101s sist\u0113m\u0101s ir nopl\u016bde, kas var rasties nolietotu bl\u012bv\u0113jumu vai boj\u0101tu deta\u013cu d\u0113\u013c. Regul\u0101ra bl\u012bv\u0113jumu p\u0101rbaude un savlaic\u012bga nomai\u0146a var pal\u012bdz\u0113t mazin\u0101t \u0161o probl\u0113mu.<\/li>\n<li><strong>Spiediena zudums:<\/strong> Nepietiekams hidrauliskais spiediens var izrais\u012bt neefekt\u012bvu darb\u012bbu. Spiediena zudumu var nov\u0113rst, p\u0101rbaudot, vai hidrauliskaj\u0101s l\u012bnij\u0101s nav aizsprostojumu, nodro\u0161inot atbilsto\u0161u \u0161\u0137idruma l\u012bmeni un p\u0101rliecinoties, ka visi savienojumi ir cie\u0161i.<\/li>\n<li><strong>Nekonsekventa kust\u012bba:<\/strong> Ja str\u0113les cilindrs kustas saraust\u012bti vai nekonsekventi, tas var nor\u0101d\u012bt uz probl\u0113m\u0101m ar hidraulisko \u0161\u0137idrumu vai iek\u0161\u0113j\u0101m sast\u0101vda\u013c\u0101m. Regul\u0101ra apkope un p\u0101rbaudes var pal\u012bdz\u0113t \u0161\u012bs probl\u0113mas identific\u0113t un nov\u0113rst agr\u012bn\u0101 stadij\u0101.<\/li>\n<\/ul>\n<h2>Padomi k\u013c\u016bmju nov\u0113r\u0161anai<\/h2>\n<p>Efekt\u012bva defektu diagnostika un nov\u0113r\u0161ana var iev\u0113rojami pagarin\u0101t str\u0113les cilindru kalpo\u0161anas laiku. Regul\u0101ra veiktsp\u0113jas uzraudz\u012bba, \u012bpa\u0161i s\u0101kotn\u0113j\u0101s darb\u012bbas laik\u0101, var pal\u012bdz\u0113t laikus identific\u0113t probl\u0113mas. Ja rodas probl\u0113mas, ra\u017eot\u0101ja sniegt\u0101s probl\u0113mu nov\u0113r\u0161anas vadl\u012bnijas var sniegt nor\u0101d\u012bjumus. Prevent\u012bvu pas\u0101kumu, piem\u0113ram, regul\u0101ras apkopes un p\u0101rbau\u017eu, ievie\u0161ana var v\u0113l vair\u0101k samazin\u0101t probl\u0113mu ra\u0161an\u0101s iesp\u0113jam\u012bbu.<\/p>\n<p><img decoding=\"async\" src=\"https:\/\/www.hydraulic-cylinders.net\/wp-content\/uploads\/2025\/04\/songte-bushings-with-all-kinds-of-excavator-models.webp\" alt=\"Hidraulisko cilindru bukses\" \/><\/p>\n<h2>Par m\u016bsu uz\u0146\u0113mumu<\/h2>\n<p>M\u0113s esam vado\u0161ais hidraulisko cilindru ra\u017eot\u0101js, kas pied\u0101v\u0101 pla\u0161u nomai\u0146as iesp\u0113ju kl\u0101stu da\u017e\u0101diem pielietojumiem. M\u016bsu ap\u0146em\u0161an\u0101s sasniegt izcil\u012bbu ir pozicion\u0113jusi m\u016bs k\u0101 vienu no vado\u0161ajiem hidraulisko cilindru ra\u017eot\u0101jiem un vairumtirgot\u0101jiem gan viet\u0113j\u0101, gan starptautiskaj\u0101 tirg\u016b. M\u0113s iev\u0113rojam augstus kvalit\u0101tes standartus un izmantojam izsmalcin\u0101tu ra\u017eo\u0161anas procesu, kas integr\u0113 progres\u012bvas tehnolo\u0123ijas un prasm\u012bgu person\u0101lu. M\u016bsu uzman\u012bbas centr\u0101 ir digit\u0101l\u0101s ra\u017eo\u0161anas iek\u0101rtas un profesion\u0101las test\u0113\u0161anas sist\u0113mas, kas nodro\u0161ina nep\u0101rtrauktu ra\u017eo\u0161anas iesp\u0113ju uzlabo\u0161anu, apmierinot da\u017e\u0101das klientu vajadz\u012bbas ar efektivit\u0101ti, precizit\u0101ti un kvalit\u0101ti.<\/p>\n<p><img decoding=\"async\" src=\"https:\/\/www.hydraulic-cylinders.net\/wp-content\/uploads\/2025\/04\/songte-company-4.webp\" alt=\"M\u016bsu uz\u0146\u0113mums\" \/><br \/>\n<img decoding=\"async\" src=\"https:\/\/www.hydraulic-cylinders.net\/wp-content\/uploads\/2025\/04\/songte-company-3.webp\" alt=\"M\u016bsu ra\u017eotne\" \/><\/p>\n<p>M\u016bsu pied\u0101v\u0101jumus nodro\u0161ina starptautiski sertifik\u0101ti, piel\u0101goti pakalpojumi un ap\u0146em\u0161an\u0101s nodro\u0161in\u0101t klientu apmierin\u0101t\u012bbu, kas sniedzas t\u0101l\u0101k par p\u0101rdo\u0161anas punktu. M\u0113s lepojamies ar savu modern\u0101ko ra\u017eo\u0161anas apr\u012bkojumu, visaptvero\u0161o p\u0113cp\u0101rdo\u0161anas atbalstu un sp\u0113ju piel\u0101got produktus konkr\u0113t\u0101m lietojumprogrammu pras\u012bb\u0101m.<\/p>\n<p>Autors: lil<\/p>","protected":false},"excerpt":{"rendered":"<p>Boom Cylinder For SGZG SD15B Product Overview The Boom Cylinder for SGZG SD15B is a specialized hydraulic cylinder designed to control the movements of heavy machinery buckets, including excavators, backhoe loaders, and front loaders. This hydraulic cylinder plays a crucial role in enabling the bucket to lift, lower, and tilt, facilitating efficient material handling tasks. [&hellip;]<\/p>","protected":false},"featured_media":17874,"comment_status":"open","ping_status":"closed","template":"","meta":{"_et_pb_use_builder":"","_et_pb_old_content":"","_et_gb_content_width":""},"product_brand":[],"product_cat":[1546],"product_tag":[1547,1496],"class_list":{"0":"post-19505","1":"product","2":"type-product","3":"status-publish","4":"has-post-thumbnail","6":"product_cat-boom-cylinders","7":"product_tag-boom-cylinders","8":"product_tag-hydraulic-cylinders","10":"first","11":"instock","12":"shipping-taxable","13":"product-type-simple"},"amp_enabled":true,"_links":{"self":[{"href":"https:\/\/www.hydraulic-cylinders.net\/lv\/wp-json\/wp\/v2\/product\/19505","targetHints":{"allow":["GET"]}}],"collection":[{"href":"https:\/\/www.hydraulic-cylinders.net\/lv\/wp-json\/wp\/v2\/product"}],"about":[{"href":"https:\/\/www.hydraulic-cylinders.net\/lv\/wp-json\/wp\/v2\/types\/product"}],"replies":[{"embeddable":true,"href":"https:\/\/www.hydraulic-cylinders.net\/lv\/wp-json\/wp\/v2\/comments?post=19505"}],"wp:featuredmedia":[{"embeddable":true,"href":"https:\/\/www.hydraulic-cylinders.net\/lv\/wp-json\/wp\/v2\/media\/17874"}],"wp:attachment":[{"href":"https:\/\/www.hydraulic-cylinders.net\/lv\/wp-json\/wp\/v2\/media?parent=19505"}],"wp:term":[{"taxonomy":"product_brand","embeddable":true,"href":"https:\/\/www.hydraulic-cylinders.net\/lv\/wp-json\/wp\/v2\/product_brand?post=19505"},{"taxonomy":"product_cat","embeddable":true,"href":"https:\/\/www.hydraulic-cylinders.net\/lv\/wp-json\/wp\/v2\/product_cat?post=19505"},{"taxonomy":"product_tag","embeddable":true,"href":"https:\/\/www.hydraulic-cylinders.net\/lv\/wp-json\/wp\/v2\/product_tag?post=19505"}],"curies":[{"name":"wp","href":"https:\/\/api.w.org\/{rel}","templated":true}]}}