{"id":19510,"date":"2025-04-07T06:51:27","date_gmt":"2025-04-07T06:51:27","guid":{"rendered":"https:\/\/www.hydraulic-cylinders.net\/product\/boom-cylinder-for-sgzg-sd25-9\/"},"modified":"2025-04-07T06:51:32","modified_gmt":"2025-04-07T06:51:32","slug":"boom-cylinder-for-sgzg-sd25-9","status":"publish","type":"product","link":"https:\/\/www.hydraulic-cylinders.net\/lv\/products\/boom-cylinder-for-sgzg-sd25-9\/","title":{"rendered":"Str\u0113les cilindrs SGZG SD25-9"},"content":{"rendered":"<h1>Str\u0113les cilindrs SGZG SD25-9<\/h1>\n<h2>Ievads str\u0113les cilindr\u0101<\/h2>\n<p>Str\u0113les cilindrs, kas \u012bpa\u0161i izstr\u0101d\u0101ts SGZG SD25-9, ir b\u016btiska sast\u0101vda\u013ca hidrauliskaj\u0101s sist\u0113m\u0101s, ko izmanto smagaj\u0101 ma\u0161\u012bn\u0101. \u0160is hidrauliskais cilindrs kontrol\u0113 str\u0113les kust\u012bbu da\u017e\u0101d\u0101s b\u016bvniec\u012bbas un rak\u0161anas iek\u0101rt\u0101s, \u013caujot veikt t\u0101dus uzdevumus k\u0101 cel\u0161ana, nolai\u0161ana un noliek\u0161ana. Atvieglojot \u0161\u012bs b\u016btisk\u0101s kust\u012bbas, str\u0113les cilindram ir b\u016btiska loma materi\u0101lu apstr\u0101des oper\u0101ciju efektivit\u0101tes uzlabo\u0161an\u0101.<\/p>\n<p><img decoding=\"async\" src=\"https:\/\/www.hydraulic-cylinders.net\/wp-content\/uploads\/2025\/04\/songte-company-1.webp\" alt=\"Str\u0113les cilindrs\"><\/p>\n<h3>Kas ir str\u0113les cilindrs?<\/h3>\n<p>Str\u0113les cilindrs ir hidraulisk\u0101 cilindra veids, kas \u012bpa\u0161i izstr\u0101d\u0101ts, lai p\u0101rvald\u012btu str\u0113les kust\u012bbu smagaj\u0101s ma\u0161\u012bn\u0101s, piem\u0113ram, ekskavatoros, ekskavatoros-iekr\u0101v\u0113jos un front\u0101lajos iekr\u0101v\u0113jos. \u0160is cilindrs \u013cauj str\u0113lei izstiepties un ievilkties, uzlabojot ma\u0161\u012bnas sp\u0113ju veikt da\u017e\u0101dus uzdevumus. Str\u0113les cilindr\u0101 eso\u0161ais hidrauliskais meh\u0101nisms darbojas, izmantojot spiediena hidraulisko \u0161\u0137idrumu kust\u012bbas rad\u012b\u0161anai, padarot to par b\u016btisku m\u016bsdienu celtniec\u012bbas un lauksaimniec\u012bbas tehnikas sast\u0101vda\u013cu.<\/p>\n<h2>Str\u0113les cilindra galven\u0101s iez\u012bmes<\/h2>\n<ul>\n<li><strong>Augsta iztur\u012bba un ilgm\u016b\u017e\u012bba:<\/strong> Izgatavots no augstas stipr\u012bbas t\u0113rauda vai alum\u012bnija, str\u0113les cilindrs ir paredz\u0113ts augsta spiediena un lielu kravu iztur\u0113\u0161anai, padarot to piem\u0113rotu skarbajiem darba apst\u0101k\u013ciem.<\/li>\n<li><strong>Efekt\u012bva hidraulisk\u0101 darb\u012bba:<\/strong> Izmanto hidraulisk\u0101 \u0161\u0137idruma spiedienu vienm\u0113r\u012bgai ievilk\u0161anai un izvirz\u012b\u0161anai, nodro\u0161inot \u0101tru reakciju uz operatora komand\u0101m un jaud\u012bgu stum\u0161anas un vilk\u0161anas sp\u0113ku.<\/li>\n<li><strong>Da\u017e\u0101di veidi:<\/strong> Pieejams vienk\u0101r\u0161\u0101s un divk\u0101r\u0161\u0101s darb\u012bbas konfigur\u0101cij\u0101s, da\u017eiem mode\u013ciem ir teleskopiska konstrukcija, kas nodro\u0161ina liel\u0101ku sniedzam\u012bbu, nepalielinot \u0101r\u0113jos izm\u0113rus.<\/li>\n<li><strong>Piel\u0101gojamas opcijas:<\/strong> M\u016bsu produkti var lieliski aizst\u0101t eso\u0161os hidrauliskos cilindrus, nodro\u0161inot sader\u012bbu un veiktsp\u0113ju da\u017e\u0101dos pielietojumos.<\/li>\n<li><strong>Apkopei draudz\u012bgs dizains:<\/strong> Izstr\u0101d\u0101ts, lai nodro\u0161in\u0101tu vieglu apkopi, ilgm\u016b\u017e\u012bbu un uzticamu veiktsp\u0113ju sare\u017e\u0123\u012btos apst\u0101k\u013cos.<\/li>\n<\/ul>\n<p><img decoding=\"async\" src=\"https:\/\/www.hydraulic-cylinders.net\/wp-content\/uploads\/2025\/04\/songte-cylinder-head-with-all-kinds-excavator-models.webp\" alt=\"Cilindra galva\"><\/p>\n<h2>Str\u0113les cilindra pielietojums<\/h2>\n<h3>Celtniec\u012bbas apr\u012bkojums<\/h3>\n<p>Str\u0113les cilindrs ir neat\u0146emama celtniec\u012bbas apr\u012bkojuma, piem\u0113ram, ekskavatoru, sast\u0101vda\u013ca, kas atvieglo rak\u0161anu, iekrau\u0161anu un augsnes vai gru\u017eu transport\u0113\u0161anu. Ekskavatoros-iekr\u0101v\u0113jos tas pal\u012bdz ne tikai rak\u0161anas darbos, bet ar\u012b materi\u0101lu cel\u0161an\u0101, uzlabojot ma\u0161\u012bnas daudzpus\u012bbu.<\/p>\n<h3>Lauksaimniec\u012bbas tehnika<\/h3>\n<p>Front\u0101lajos iekr\u0101v\u0113jos str\u0113les cilindrs ir b\u016btisks augsnes, siena un citu materi\u0101lu sav\u0101k\u0161anai, cel\u0161anai un transport\u0113\u0161anai. T\u0101 hidraulisk\u0101 jauda nodro\u0161ina efekt\u012bvu un lietder\u012bgu materi\u0101lu apstr\u0101di lauksaimniec\u012bbas darbos.<\/p>\n<h3>Ekskavatori<\/h3>\n<p>Rak\u0161anas laik\u0101 str\u0113les cilindrs \u013cauj kausam iek\u013c\u016bt augsn\u0113, atvieglojot efekt\u012bvas rak\u0161anas darb\u012bbas. \u0160\u012b funkcionalit\u0101te ir \u013coti svar\u012bga, lai nodro\u0161in\u0101tu produktivit\u0101ti un efektivit\u0101ti rak\u0161anas darbos.<\/p>\n<h3>Iekr\u0101v\u0113ji<\/h3>\n<p>Front\u0101lajos iekr\u0101v\u0113jos str\u0113les cilindram ir iz\u0161\u0137iro\u0161a noz\u012bme kravu efekt\u012bv\u0101 cel\u0161an\u0101 un izg\u0101\u0161an\u0101. \u0160\u012b sp\u0113ja ir vit\u0101li svar\u012bga b\u016bvniec\u012bbas un ainavu veido\u0161anas darbos, kur ir nepiecie\u0161ama \u0101tra materi\u0101lu p\u0101rvieto\u0161ana.<\/p>\n<h2>Dizaina apsv\u0113rumi un atlases krit\u0113riji<\/h2>\n<h3>Kravnes\u012bba<\/h3>\n<p>Izv\u0113loties str\u0113les cilindru, ir svar\u012bgi \u0146emt v\u0113r\u0101 t\u0101 kravnes\u012bbu. Cilindram j\u0101sp\u0113j efekt\u012bvi pacelt un nolaist kravas, vienlaikus saglab\u0101jot dro\u0161\u012bbas un veiktsp\u0113jas standartus. Tas ietver maksim\u0101l\u0101 svara, ko cilindrs var iztur\u0113t bez atteices, nov\u0113rt\u0113\u0161anu.<\/p>\n<h3>Bl\u012bv\u0113\u0161ana<\/h3>\n<p>Efekt\u012bva bl\u012bv\u0113\u0161ana ir b\u016btiska, lai nov\u0113rstu nopl\u016bdes un uztur\u0113tu hidraulisko spiedienu. Pareizu bl\u012bv\u0113jumu izv\u0113le, piem\u0113ram, virzu\u013ca un stie\u0146a bl\u012bv\u0113jumi, kas izgatavoti no iztur\u012bgiem materi\u0101liem, var iev\u0113rojami uzlabot cilindra veiktsp\u0113ju un kalpo\u0161anas laiku.<\/p>\n<h3>Iztur\u012bba<\/h3>\n<p>Iztur\u012bba ir galvenais faktors str\u0113les cilindra konstrukcij\u0101. Tam j\u0101b\u016bt izgatavotam no materi\u0101liem, kas sp\u0113j iztur\u0113t nodilumu, \u012bpa\u0161i sare\u017e\u0123\u012bt\u0101 vid\u0113, kur bie\u017ei sastopama saskare ar gru\u017eiem un skarbiem apst\u0101k\u013ciem.<\/p>\n<h3>Dro\u0161\u012bba<\/h3>\n<p>Str\u0113les cilindru projekt\u0113\u0161an\u0101 priorit\u0101te j\u0101pie\u0161\u0137ir dro\u0161\u012bbas funkcij\u0101m. Tas ietver uzticamus blo\u0137\u0113\u0161anas meh\u0101nismus un spiediena samazin\u0101\u0161anas v\u0101rstus, kas nov\u0113r\u0161 p\u0101rslodzi, kas var izrais\u012bt katastrof\u0101las k\u013c\u016bmes.<\/p>\n<h3>Apkopes pieejam\u012bba<\/h3>\n<p>Str\u0113les cilindra projekt\u0113\u0161ana t\u0101, lai tas b\u016btu viegli apkopjams, ir \u013coti svar\u012bga, lai nodro\u0161in\u0101tu ilgm\u016b\u017e\u012bbu un uzticam\u012bbu. Funkcijas, kas atvieglo piek\u013cuvi p\u0101rbaud\u0113m un remontam, var pal\u012bdz\u0113t samazin\u0101t d\u012bkst\u0101ves laiku un apkopes izmaksas.<\/p>\n<p><img decoding=\"async\" src=\"https:\/\/www.hydraulic-cylinders.net\/wp-content\/uploads\/2025\/04\/songte-oil-pipes-and-spare-parts.webp\" alt=\"Hidraulisk\u0101s caurules un rezerves da\u013cas\"><\/p>\n<h2>Str\u0113les cilindra bl\u012bv\u0113\u0161ana un e\u013c\u013co\u0161ana<\/h2>\n<p>Pareiza bl\u012bv\u0113\u0161ana un e\u013c\u013co\u0161ana ir b\u016btiska str\u0113les cilindra optim\u0101lai darb\u012bbai. Lai uztur\u0113tu hidraulisko spiedienu un nov\u0113rstu \u0161\u0137idruma nopl\u016bdes, tiek izmantoti da\u017e\u0101di bl\u012bv\u0113jumi, tostarp virzu\u013ca bl\u012bv\u0113jumi un stie\u0146a bl\u012bv\u0113jumi. Bl\u012bv\u0113jumi, kas izgatavoti no nodilumiztur\u012bgiem materi\u0101liem, piem\u0113ram, poliuret\u0101na un nitrila gumijas, nodro\u0161ina uzlabotu iztur\u012bbu. Cilindra korpuss un v\u012bt\u0146otie gali tiek pak\u013cauti prec\u012bzai apdarei, lai uzlabotu nodilumiztur\u012bbu. Ir svar\u012bgi ar\u012b regul\u0101ri pievienot hidraulisko e\u013c\u013cu e\u013c\u013co\u0161anai, nodro\u0161inot vienm\u0113r\u012bgu darb\u012bbu un samazinot berzi cilindra iek\u0161pus\u0113.<\/p>\n<h2>Prevent\u012bvie apkopes pas\u0101kumi<\/h2>\n<ul>\n<li><strong>Regul\u0101ras p\u0101rbaudes:<\/strong> P\u0101rbaudiet, vai nav nodiluma paz\u012bmju, nopl\u016b\u017eu vai boj\u0101jumu. Regul\u0101ras p\u0101rbaudes pal\u012bdz laikus identific\u0113t probl\u0113mas, nov\u0113r\u0161ot d\u0101rgus remontdarbus un d\u012bkst\u0101ves.<\/li>\n<li><strong>Piem\u0113rota e\u013c\u013co\u0161ana:<\/strong> P\u0101rliecinieties, vai hidraulisk\u0101 sist\u0113ma ir pien\u0101c\u012bgi iee\u013c\u013cota ar ieteicamo hidraulisko e\u013c\u013cu, jo pareiza e\u013c\u013co\u0161ana samazina berzi un nodilumu.<\/li>\n<li><strong>Bl\u012bv\u0113juma nomai\u0146a:<\/strong> Uzraugiet bl\u012bv\u0113jumu nodilumu un nomainiet tos p\u0113c nepiecie\u0161am\u012bbas, lai saglab\u0101tu hidraulisk\u0101s sist\u0113mas integrit\u0101ti.<\/li>\n<\/ul>\n<h2>Uzst\u0101d\u012b\u0161anas vadl\u012bnijas<\/h2>\n<p>Pareiza str\u0113les cilindra uzst\u0101d\u012b\u0161ana ir \u013coti svar\u012bga optim\u0101lai veiktsp\u0113jai. Vispirms p\u0101rliecinieties, vai visas sast\u0101vda\u013cas ir t\u012bras un bez gru\u017eiem. Prec\u012bzi izl\u012bdziniet cilindru ar stiprin\u0101juma kron\u0161teiniem un izmantojiet atbilsto\u0161us stiprin\u0101jumus, lai to nostiprin\u0101tu viet\u0101. Izvairieties no skr\u016bvju p\u0101r\u0101k lielas pievilk\u0161anas, jo tas var izrais\u012bt boj\u0101jumus. P\u0113c uzst\u0101d\u012b\u0161anas veiciet testa darb\u012bbu, lai p\u0101rliecin\u0101tos, ka cilindrs vienm\u0113r\u012bgi izb\u012bd\u0101s un ievelkas. Regul\u0101ri p\u0101rbaudiet izl\u012bdzin\u0101jumu un veiciet nepiecie\u0161am\u0101s korekcijas, lai nov\u0113rstu cilindra un stiprin\u0101jumu slodzi.<\/p>\n<h2>Bie\u017ei sastopamie apkopes uzdevumi<\/h2>\n<h3>Regul\u0101ras p\u0101rbaudes<\/h3>\n<p>Darb\u012bbas laik\u0101 regul\u0101ri p\u0101rbaudiet, vai nav e\u013c\u013cas nopl\u016b\u017eu vai neparastu trok\u0161\u0146u. \u0160\u012b proakt\u012bv\u0101 pieeja pal\u012bdz agr\u012bn\u0101 stadij\u0101 atkl\u0101t potenci\u0101l\u0101s probl\u0113mas, \u013caujot savlaic\u012bgi iejaukties.<\/p>\n<h3>Pareiza e\u013c\u013co\u0161ana<\/h3>\n<p>E\u013c\u013co\u0161ana ir \u013coti svar\u012bga str\u0113les cilindra ilgm\u016b\u017e\u012bbai. P\u0101rliecinieties, vai visas kust\u012bg\u0101s da\u013cas ir labi iee\u013c\u013cotas, lai samazin\u0101tu berzi un nodilumu. Lai saglab\u0101tu veiktsp\u0113ju, ir svar\u012bgi iev\u0113rot ra\u017eot\u0101ja ieteikumus par e\u013c\u013co\u0161anas interv\u0101liem.<\/p>\n<h3>Bl\u012bv\u0113juma nomai\u0146a un kalibr\u0113\u0161ana<\/h3>\n<p>Regul\u0101ri p\u0101rbaudiet bl\u012bves, vai t\u0101s nav nodilu\u0161as, un nomainiet t\u0101s, kad nepiecie\u0161ams. Kalibr\u0113\u0161anas p\u0101rbaudes nodro\u0161ina, ka cilindrs darbojas noteikto parametru robe\u017e\u0101s, saglab\u0101jot efektivit\u0101ti un dro\u0161\u012bbu.<\/p>\n<p><img decoding=\"async\" src=\"https:\/\/www.hydraulic-cylinders.net\/wp-content\/uploads\/2025\/04\/songte-chushion-collar.webp\" alt=\"Spilvenu apkakle\"><\/p>\n<h2>Dro\u0161\u012bbas apsv\u0113rumi un vides faktori<\/h2>\n<p>Izmantojot hidrauliskos cilindrus, priorit\u0101te j\u0101pie\u0161\u0137ir dro\u0161\u012bbas pas\u0101kumiem. Operatoriem j\u0101b\u016bt apm\u0101c\u012btiem pareizi r\u012bkoties ar apr\u012bkojumu un j\u0101apzin\u0101s iesp\u0113jamie apdraud\u0113jumi. Izv\u0113loties cilindra materi\u0101lus, j\u0101\u0146em v\u0113r\u0101 ar\u012b vides faktori, piem\u0113ram, temperat\u016bra un \u0137\u012bmisko vielu iedarb\u012bba, lai nodro\u0161in\u0101tu t\u0101 iztur\u012bbu un funkcionalit\u0101ti laika gait\u0101.<\/p>\n<h2>Probl\u0113mu nov\u0113r\u0161ana un bie\u017ei sastopamas probl\u0113mas<\/h2>\n<ul>\n<li><strong>Nopl\u016bde:<\/strong> Parasti to izraisa nodilu\u0161as bl\u012bves vai savienojumi. P\u0101rbaudiet bl\u012bves un nomainiet t\u0101s, ja t\u0101m ir nodiluma paz\u012bmes.<\/li>\n<li><strong>L\u0113na kust\u012bba:<\/strong> Tas var liecin\u0101t par zemu hidraulisk\u0101 \u0161\u0137idruma l\u012bmeni vai pies\u0101r\u0146ojumu hidrauliskaj\u0101 sist\u0113m\u0101. P\u0101rbaudiet \u0161\u0137idruma l\u012bmeni un, ja nepiecie\u0161ams, nomainiet \u0161\u0137idrumu.<\/li>\n<li><strong>Neparastas ska\u0146as:<\/strong> Trok\u0161\u0146i darb\u012bbas laik\u0101 var liecin\u0101t par iek\u0161\u0113jiem boj\u0101jumiem vai e\u013c\u013co\u0161anas tr\u016bkumu. Regul\u0101ra apkope un p\u0101rbaudes var pal\u012bdz\u0113t nov\u0113rst \u0161\u0101das probl\u0113mas.<\/li>\n<\/ul>\n<h2>Diagnostikas un profilakses padomi<\/h2>\n<p>Lai efekt\u012bvi diagnostic\u0113tu probl\u0113mas ar str\u0113les cilindru, vispirms nov\u0113rojiet jebk\u0101du neparastu darb\u012bbu darb\u012bbas laik\u0101. P\u0101rbaudiet, vai nav nopl\u016b\u017eu, ieklausieties neparast\u0101s ska\u0146\u0101s un uzraugiet veiktsp\u0113ju. Prevent\u012bvie pas\u0101kumi, piem\u0113ram, regul\u0101ra apkope un savlaic\u012bga remonta veik\u0161ana, var iev\u0113rojami samazin\u0101t probl\u0113mu ra\u0161an\u0101s risku. Apkopes darb\u012bbu \u017eurn\u0101la uztur\u0113\u0161ana var pal\u012bdz\u0113t noteikt mode\u013cus un jomas, kur\u0101m j\u0101piev\u0113r\u0161 uzman\u012bba.<\/p>\n<p><img decoding=\"async\" src=\"https:\/\/www.hydraulic-cylinders.net\/wp-content\/uploads\/2025\/04\/songte-bushings-with-all-kinds-of-excavator-models.webp\" alt=\"Bukses ar ekskavatora mode\u013ciem\"><\/p>\n<h2>Par m\u016bsu uz\u0146\u0113mumu<\/h2>\n<p>M\u0113s esam vado\u0161ais rezerves hidraulisko cilindru ra\u017eot\u0101js, kas specializ\u0113jas pla\u0161\u0101 produktu kl\u0101st\u0101, kas piel\u0101gots viet\u0113jam un starptautiskajam tirgum. M\u016bsu ap\u0146em\u0161an\u0101s sasniegt izcil\u012bbu atspogu\u013cojas m\u016bsu prec\u012bzaj\u0101s ra\u017eo\u0161anas strat\u0113\u0123ij\u0101s, izmantojot progres\u012bvu ra\u017eo\u0161anas vad\u012bbu un augst\u0101k\u0101s klases digit\u0101lo apr\u012bkojumu. M\u016bsu kvalific\u0113tais person\u0101ls un stingr\u0101s test\u0113\u0161anas sist\u0113mas nodro\u0161ina, ka katrs produkts atbilst stingriem kvalit\u0101tes standartiem. Koncentr\u0113joties uz efektivit\u0101ti, precizit\u0101ti un kvalit\u0101ti, m\u0113s cen\u0161amies apmierin\u0101t da\u017e\u0101das klientu vajadz\u012bbas.<\/p>\n<p><img decoding=\"async\" src=\"https:\/\/www.hydraulic-cylinders.net\/wp-content\/uploads\/2025\/04\/songte-company-4.webp\" alt=\"Uz\u0146\u0113muma p\u0101rskats\"><br \/>\n<img decoding=\"async\" src=\"https:\/\/www.hydraulic-cylinders.net\/wp-content\/uploads\/2025\/04\/songte-company-3.webp\" alt=\"Uz\u0146\u0113muma telpas\"><\/p>\n<h2>Secin\u0101jums<\/h2>\n<p>Rezum\u0113jot, SGZG SD25-9 str\u0113les cilindrs ir b\u016btiska sast\u0101vda\u013ca da\u017e\u0101diem smago ma\u0161\u012bnu lietojumiem. Izpratne par t\u0101 \u012bpa\u0161\u012bb\u0101m, pielietojumu un apkopes pras\u012bb\u0101m var iev\u0113rojami uzlabot darb\u012bbas efektivit\u0101ti un dro\u0161\u012bbu. Regul\u0101ras p\u0101rbaudes un lab\u0101k\u0101s prakses iev\u0113ro\u0161ana uzst\u0101d\u012b\u0161an\u0101 un apkop\u0113 ir \u013coti svar\u012bga, lai maksim\u0101li palielin\u0101tu hidraulisko cilindru kalpo\u0161anas laiku.<\/p>\n<p>Autors: lil<\/p>","protected":false},"excerpt":{"rendered":"<p>Boom Cylinder For SGZG SD25-9 Introduction to Boom Cylinder The Boom Cylinder, specifically designed for SGZG SD25-9, is a crucial component in hydraulic systems used in heavy machinery. This hydraulic cylinder controls the movement of the boom in various construction and excavation equipment, enabling tasks such as lifting, lowering, and tilting. By facilitating these essential [&hellip;]<\/p>","protected":false},"featured_media":17878,"comment_status":"open","ping_status":"closed","template":"","meta":{"_et_pb_use_builder":"","_et_pb_old_content":"","_et_gb_content_width":""},"product_brand":[],"product_cat":[1546],"product_tag":[1547,1496],"class_list":{"0":"post-19510","1":"product","2":"type-product","3":"status-publish","4":"has-post-thumbnail","6":"product_cat-boom-cylinders","7":"product_tag-boom-cylinders","8":"product_tag-hydraulic-cylinders","10":"first","11":"instock","12":"shipping-taxable","13":"product-type-simple"},"amp_enabled":true,"_links":{"self":[{"href":"https:\/\/www.hydraulic-cylinders.net\/lv\/wp-json\/wp\/v2\/product\/19510","targetHints":{"allow":["GET"]}}],"collection":[{"href":"https:\/\/www.hydraulic-cylinders.net\/lv\/wp-json\/wp\/v2\/product"}],"about":[{"href":"https:\/\/www.hydraulic-cylinders.net\/lv\/wp-json\/wp\/v2\/types\/product"}],"replies":[{"embeddable":true,"href":"https:\/\/www.hydraulic-cylinders.net\/lv\/wp-json\/wp\/v2\/comments?post=19510"}],"wp:featuredmedia":[{"embeddable":true,"href":"https:\/\/www.hydraulic-cylinders.net\/lv\/wp-json\/wp\/v2\/media\/17878"}],"wp:attachment":[{"href":"https:\/\/www.hydraulic-cylinders.net\/lv\/wp-json\/wp\/v2\/media?parent=19510"}],"wp:term":[{"taxonomy":"product_brand","embeddable":true,"href":"https:\/\/www.hydraulic-cylinders.net\/lv\/wp-json\/wp\/v2\/product_brand?post=19510"},{"taxonomy":"product_cat","embeddable":true,"href":"https:\/\/www.hydraulic-cylinders.net\/lv\/wp-json\/wp\/v2\/product_cat?post=19510"},{"taxonomy":"product_tag","embeddable":true,"href":"https:\/\/www.hydraulic-cylinders.net\/lv\/wp-json\/wp\/v2\/product_tag?post=19510"}],"curies":[{"name":"wp","href":"https:\/\/api.w.org\/{rel}","templated":true}]}}