{"id":19512,"date":"2025-04-07T06:51:35","date_gmt":"2025-04-07T06:51:35","guid":{"rendered":"https:\/\/www.hydraulic-cylinders.net\/product\/boom-cylinder-for-tyhi-wyd260\/"},"modified":"2025-04-07T06:51:43","modified_gmt":"2025-04-07T06:51:43","slug":"boom-cylinder-for-tyhi-wyd260","status":"publish","type":"product","link":"https:\/\/www.hydraulic-cylinders.net\/lv\/products\/boom-cylinder-for-tyhi-wyd260\/","title":{"rendered":"Str\u0113les cilindrs TYHI WYD260"},"content":{"rendered":"<h1>Str\u0113les cilindrs TYHI WYD260<\/h1>\n<h2>Produkta defin\u012bcija un p\u0101rskats<\/h2>\n<p>TYHI WYD260 str\u0113les cilindrs ir specializ\u0113ts hidrauliskais cilindrs, kas paredz\u0113ts str\u0113les kust\u012bbas vad\u012bbai uz smag\u0101m ma\u0161\u012bn\u0101m, piem\u0113ram, ekskavatoriem, ekskavatoriem-iekr\u0101v\u0113jiem un front\u0101lajiem iekr\u0101v\u0113jiem. \u0160is hidrauliskais cilindrs \u013cauj str\u0113li pacelt, nolaist un noliekt, atvieglojot da\u017e\u0101dus materi\u0101lu apstr\u0101des uzdevumus. Kausa cilindram ir iz\u0161\u0137iro\u0161a noz\u012bme hidrauliskaj\u0101s sist\u0113m\u0101s, nodro\u0161inot prec\u012bzu un efekt\u012bvu b\u016bvniec\u012bbas tehnikas darb\u012bbu. T\u0101 dizains un funkcionalit\u0101te nodro\u0161ina optim\u0101lu veiktsp\u0113ju sare\u017e\u0123\u012btos apst\u0101k\u013cos, padarot to par b\u016btisku m\u016bsdienu tehnikas sast\u0101vda\u013cu.<\/p>\n<p><img decoding=\"async\" src=\"https:\/\/www.hydraulic-cylinders.net\/wp-content\/uploads\/2025\/04\/songte-company-1.webp\" alt=\"Str\u0113les cilindrs TYHI WYD260\"><\/p>\n<p>Izmantojot hidraulisk\u0101s e\u013c\u013cas spiedienu, str\u0113les cilindrs veic vienm\u0113r\u012bgu izstiep\u0161anu un ievilk\u0161anu, nodro\u0161inot jaud\u012bgu stum\u0161anas un vilk\u0161anas sp\u0113ku, kas nepiecie\u0161ams smagu kravu cel\u0161anai. Tas ir \u012bpa\u0161i izstr\u0101d\u0101ts, lai iztur\u0113tu lielas slodzes pielietojumu slodzi, iev\u0113rojami veicinot b\u016bvniec\u012bbas projektu efektivit\u0101ti un lietder\u012bbu.<\/p>\n<h2>Str\u0113les cilindra galven\u0101s iez\u012bmes<\/h2>\n<ul>\n<li><strong>Augsta iztur\u012bba un ilgm\u016b\u017e\u012bba:<\/strong> Izgatavots no augstas stipr\u012bbas t\u0113rauda vai alum\u012bnija, kas sp\u0113j iztur\u0113t augstu spiedienu un lielas slodzes, vienlaikus esot iztur\u012bgs pret skarbajiem darba apst\u0101k\u013ciem.<\/li>\n<li><strong>Efekt\u012bva hidraulisk\u0101 darb\u012bba:<\/strong> Nodro\u0161ina \u0101tru rea\u0123\u0113\u0161anu uz vad\u012bbas komand\u0101m, nodro\u0161inot sp\u0113c\u012bgas stum\u0161anas un vilk\u0161anas iesp\u0113jas, kas ir ide\u0101li piem\u0113rotas smagu un sare\u017e\u0123\u012btu uzdevumu veik\u0161anai.<\/li>\n<li><strong>Da\u017e\u0101di cilindru veidi:<\/strong> Pieejamas vienas darb\u012bbas (hidrauliska darb\u012bba vien\u0101 virzien\u0101) vai divk\u0101r\u0161as darb\u012bbas (hidrauliska darb\u012bba abos virzienos) cilindru opcijas, kas atbilst da\u017e\u0101d\u0101m ekspluat\u0101cijas vajadz\u012bb\u0101m.<\/li>\n<li><strong>Vietu taupo\u0161i dizaini:<\/strong> Da\u017eiem mode\u013ciem ir teleskopiska konstrukcija, kas \u013cauj tos pagarin\u0101t, nepalielinot \u0101r\u0113jos izm\u0113rus, padarot tos piem\u0113rotus lieto\u0161anai ierobe\u017eot\u0101 telp\u0101.<\/li>\n<li><strong>Viegli kopjams:<\/strong> Izstr\u0101d\u0101ts vieglai p\u0101rbaudei un apkopei, nodro\u0161inot ilgm\u016b\u017e\u012bbu un optim\u0101lu veiktsp\u0113ju.<\/li>\n<\/ul>\n<p>M\u0113s ra\u017eojam \u0161o produktu un varam lieliski aizst\u0101t da\u017e\u0101dus hidrauliskos cilindrus.<\/p>\n<p><img decoding=\"async\" src=\"https:\/\/www.hydraulic-cylinders.net\/wp-content\/uploads\/2025\/04\/songte-cylinder-head-with-all-kinds-excavator-models.webp\" alt=\"Hidraulisk\u0101 cilindra galva\"><\/p>\n<h2>Str\u0113les cilindra pielietojumi<\/h2>\n<h3>Celtniec\u012bbas apr\u012bkojums<\/h3>\n<p>Ekskavatoros str\u0113les cilindrs ir \u013coti svar\u012bgs rak\u0161anai, iekrau\u0161anai un augsnes vai gru\u017eu p\u0101rvieto\u0161anai. Tas \u013cauj izstiept un ievilkt str\u0113les mezglu, nodro\u0161inot efekt\u012bvu materi\u0101lu apstr\u0101di un vietas sagatavo\u0161anu. Hidraulisk\u0101 funkcionalit\u0101te nodro\u0161ina nepiecie\u0161amo jaudu smagu kravu cel\u0161anai, padarot to neaizst\u0101jamu b\u016bvniec\u012bbas situ\u0101cij\u0101s.<\/p>\n<h3>Lauksaimniec\u012bbas tehnika<\/h3>\n<p>Front\u0101lajos iekr\u0101v\u0113jos izmantotais str\u0113les cilindrs ir b\u016btisks augsnes, siena un citu materi\u0101lu sav\u0101k\u0161anai, cel\u0161anai un transport\u0113\u0161anai. T\u0101 efektivit\u0101te noz\u012bm\u0113 uzlabotu produktivit\u0101ti saimniec\u012bb\u0101s, \u013caujot operatoriem \u0101tri un ar minim\u0101lu piep\u016bli veikt uzdevumus. Hidraulisk\u0101s iesp\u0113jas nodro\u0161ina, ka iekr\u0101v\u0113js var viegli tikt gal\u0101 ar iev\u0113rojam\u0101m krav\u0101m.<\/p>\n<h3>Ekskavatori<\/h3>\n<p>Ekskavatoros str\u0113les cilindrs \u013cauj kausam iek\u013c\u016bt zem\u0113, atvieglojot rak\u0161anas procesu. \u0160\u012b funkcionalit\u0101te ir vit\u0101li svar\u012bga da\u017e\u0101diem projektiem, s\u0101kot no ainavu veido\u0161anas l\u012bdz \u0113ku pamatu izrak\u0161anai. Hidraulisk\u0101s sist\u0113mas nodro\u0161in\u0101t\u0101 prec\u012bz\u0101 vad\u012bba uzlabo darb\u012bbas efektivit\u0101ti.<\/p>\n<h3>Iekr\u0101v\u0113ji<\/h3>\n<p>Front\u0101lie iekr\u0101v\u0113ji g\u016bst labumu no str\u0113les cilindra sp\u0113jas efekt\u012bvi pacelt un izg\u0101zt kravas. Hidraulisk\u0101 darb\u012bba \u013cauj operatoriem veikt t\u0101dus uzdevumus k\u0101 gru\u017eu t\u012br\u012b\u0161ana vai smagu materi\u0101lu p\u0101rvieto\u0161ana ar precizit\u0101ti, t\u0101d\u0113j\u0101di veicinot kop\u0113jo projekta efektivit\u0101ti un dro\u0161\u012bbu.<\/p>\n<h2>Dizaina apsv\u0113rumi un atlases krit\u0113riji<\/h2>\n<h3>Kravnes\u012bba<\/h3>\n<p>Str\u0113les cilindra kravnes\u012bba ir kritisks faktors t\u0101 konstrukcij\u0101. Tam j\u0101sp\u0113j iztur\u0113t iev\u0113rojamu svaru, neapdraudot dro\u0161\u012bbu vai veiktsp\u0113ju. Konstrukcij\u0101 izmantotie materi\u0101li, piem\u0113ram, augstas stipr\u012bbas t\u0113rauds, tiek izv\u0113l\u0113ti t\u0101, lai nodro\u0161in\u0101tu, ka cilindrs var iztur\u0113t nepiecie\u0161am\u0101s slodzes. R\u016bp\u012bga paredzamo slod\u017eu anal\u012bze ekspluat\u0101cijas laik\u0101 noteiks cilindra specifik\u0101cijas, nodro\u0161inot, ka tas atbilst lielas slodzes pielietojumu pras\u012bb\u0101m.<\/p>\n<h3>Bl\u012bv\u0113jums un iztur\u012bba<\/h3>\n<p>Hidrauliskajos cilindros bl\u012bv\u0113jums ir b\u016btisks, lai nov\u0113rstu \u0161\u0137idruma nopl\u016bdes un uztur\u0113tu spiedienu. Lai nodro\u0161in\u0101tu ilgm\u016b\u017e\u012bbu un uzticam\u012bbu, tiek izmantoti augstas kvalit\u0101tes bl\u012bv\u0113jumi, piem\u0113ram, virzu\u013ca un stie\u0146a bl\u012bv\u0113jumi, kas izgatavoti no iztur\u012bgiem materi\u0101liem, piem\u0113ram, poliuret\u0101na un nitrila gumijas. Turkl\u0101t cilindra konstrukcij\u0101 j\u0101\u0146em v\u0113r\u0101 nodilums, un deta\u013cas j\u0101apstr\u0101d\u0101, lai uzlabotu to iztur\u012bbu pret koroziju un nodilumu, t\u0101d\u0113j\u0101di pagarinot cilindra kalpo\u0161anas laiku.<\/p>\n<h3>Dro\u0161\u012bbas funkcijas<\/h3>\n<p>Dro\u0161\u012bba ir \u0101rk\u0101rt\u012bgi svar\u012bga, projekt\u0113jot hidrauliskos cilindrus. T\u0101das funkcijas k\u0101 spiediena samazin\u0101\u0161anas v\u0101rsti un iztur\u012bgi blo\u0137\u0113\u0161anas meh\u0101nismi pal\u012bdz nov\u0113rst negad\u012bjumus un nodro\u0161in\u0101t dro\u0161u darb\u012bbu. Regul\u0101ras dro\u0161\u012bbas p\u0101rbaudes un nozares standartu iev\u0113ro\u0161ana ra\u017eo\u0161anas proces\u0101 v\u0113l vair\u0101k uzlabo str\u0113les cilindra dro\u0161\u012bbu, padarot to par uzticamu sast\u0101vda\u013cu smagaj\u0101s ma\u0161\u012bn\u0101s.<\/p>\n<h3>Apkope un remont\u0113jam\u012bba<\/h3>\n<p>Labi izstr\u0101d\u0101tam str\u0113les cilindram vajadz\u0113tu atvieglot apkopi un remontu. B\u016btiski svar\u012bgas ir funkcijas, kas \u013cauj \u0101tri piek\u013c\u016bt iek\u0161\u0113j\u0101m sast\u0101vda\u013c\u0101m p\u0101rbaudei un apkopei. Turkl\u0101t deta\u013cu standartiz\u0101cija da\u017e\u0101dos mode\u013cos var vienk\u0101r\u0161ot nomai\u0146as procesu, samazinot d\u012bkst\u0101ves laiku un ar to saist\u012bt\u0101s izmaksas operatoriem.<\/p>\n<p><img decoding=\"async\" src=\"https:\/\/www.hydraulic-cylinders.net\/wp-content\/uploads\/2025\/04\/songte-oil-pipes-and-spare-parts.webp\" alt=\"E\u013c\u013cas caurules un rezerves da\u013cas\"><\/p>\n<h2>Bl\u012bv\u0113\u0161ana un e\u013c\u013co\u0161ana<\/h2>\n<p>Efekt\u012bva bl\u012bv\u0113\u0161ana un e\u013c\u013co\u0161ana ir kritiski svar\u012bga str\u0113les cilindra optim\u0101lai darb\u012bbai. Lai nov\u0113rstu \u0161\u0137idruma nopl\u016bdi, tiek izmantoti da\u017e\u0101di bl\u012bv\u0113\u0161anas elementi, tostarp virzu\u013ca bl\u012bv\u0113jumi un stie\u0146a bl\u012bv\u0113jumi. Nodilumiztur\u012bgu materi\u0101lu, piem\u0113ram, poliuret\u0101na un nitrila gumijas, izv\u0113le nodro\u0161ina, ka bl\u012bv\u0113jumi iztur ekspluat\u0101cijas slodzi.<\/p>\n<p>Cilindra korpuss un v\u012bt\u0146ot\u0101s gala virsmas tiek r\u016bp\u012bgi apstr\u0101d\u0101tas, lai uzlabotu nodilumiztur\u012bbu. Regul\u0101ra e\u013c\u013co\u0161ana ar hidraulisko e\u013c\u013cu ir nepiecie\u0161ama, lai samazin\u0101tu berzi un nodro\u0161in\u0101tu vienm\u0113r\u012bgu darb\u012bbu. Operatoriem j\u0101b\u016bt modriem un j\u0101uztur atbilsto\u0161s e\u013c\u013cas l\u012bmenis un veidi, lai izvair\u012btos no priek\u0161laic\u012bgas nodiluma un saglab\u0101tu veiktsp\u0113ju.<\/p>\n<h2>Regul\u0101ras p\u0101rbaudes un profilaktisk\u0101s apkopes pas\u0101kumi<\/h2>\n<ul>\n<li><strong>Regul\u0101ras p\u0101rbaudes:<\/strong> Ir svar\u012bgi regul\u0101ri p\u0101rbaud\u012bt, vai nav nopl\u016b\u017eu, nodiluma un boj\u0101jumu bl\u012bv\u0113jumos un deta\u013c\u0101s. Operatoriem j\u0101veic vizu\u0101las p\u0101rbaudes un j\u0101izmanto uzraudz\u012bbas iek\u0101rtas, lai laikus atkl\u0101tu jebk\u0101das anom\u0101lijas.<\/li>\n<li><strong>Pareiza e\u013c\u013co\u0161ana:<\/strong> Balona pien\u0101c\u012bga e\u013c\u013co\u0161ana ir \u013coti svar\u012bga t\u0101 kalpo\u0161anas laikam. Operatoriem j\u0101iev\u0113ro ra\u017eot\u0101ja vadl\u012bnijas attiec\u012bb\u0101 uz e\u013c\u013co\u0161anas interv\u0101liem un daudzumiem, lai saglab\u0101tu maksim\u0101lu veiktsp\u0113ju.<\/li>\n<li><strong>Bl\u012bv\u0113juma nomai\u0146a:<\/strong> Bl\u012bves j\u0101nomaina, par\u0101doties pirmaj\u0101m nodiluma paz\u012bm\u0113m. Rezerves bl\u012bvju tur\u0113\u0161ana pie rokas var samazin\u0101t d\u012bkst\u0101ves laiku un nodro\u0161in\u0101t, ka remontu var veikt \u0101tri, kad tas nepiecie\u0161ams.<\/li>\n<\/ul>\n<h2>Uzst\u0101d\u012b\u0161anas vadl\u012bnijas<\/h2>\n<p>Pareiza str\u0113les cilindra uzst\u0101d\u012b\u0161ana ir \u013coti svar\u012bga, lai nodro\u0161in\u0101tu t\u0101 funkcionalit\u0101ti un ilgm\u016b\u017e\u012bbu. Vispirms p\u0101rliecinieties, vai visi savienojuma punkti ir t\u012bri un bez gru\u017eiem. Uzst\u0101d\u012b\u0161anas laik\u0101 prec\u012bzi izl\u012bdziniet cilindru, lai izvair\u012btos no nepareizas izl\u012bdzin\u0101\u0161anas, kas var izrais\u012bt priek\u0161laic\u012bgu nodilumu vai boj\u0101jumus.<\/p>\n<p>Izmantojiet atbilsto\u0161us mont\u0101\u017eas kron\u0161teinus, lai nostiprin\u0101tu balonu, nodro\u0161inot, ka tas ir stingri tur\u0113ts sav\u0101 viet\u0101. P\u0113c uzst\u0101d\u012b\u0161anas veiciet spiediena p\u0101rbaudi, lai p\u0101rliecin\u0101tos, ka balons darbojas pareizi un nav nopl\u016b\u017eu. Regul\u0101ri p\u0101rbaudiet uzst\u0101d\u012bto balonu, vai nav nodiluma vai boj\u0101jumu paz\u012bmju, un nekav\u0113joties nov\u0113rsiet visas probl\u0113mas, lai uztur\u0113tu optim\u0101lu veiktsp\u0113ju.<\/p>\n<h2>Apkopes uzdevumi<\/h2>\n<h3>Regul\u0101ras p\u0101rbaudes<\/h3>\n<p>Regul\u0101ru p\u0101rbau\u017eu veik\u0161ana ir \u013coti svar\u012bga, lai identific\u0113tu potenci\u0101l\u0101s probl\u0113mas, pirms t\u0101s saasin\u0101s. P\u0101rbaudiet, vai nav hidraulisk\u0101 \u0161\u0137idruma nopl\u016b\u017eu paz\u012bmju, kas var\u0113tu liecin\u0101t par bl\u012bv\u0113juma boj\u0101jumu vai deta\u013cu nodilumu. P\u0101rbaudiet cilindru, vai nav redzamu boj\u0101jumu vai deform\u0101cijas. Dokument\u0113jiet konstat\u0113jumus, lai izsekotu veiktsp\u0113jas tendenc\u0113m un nekav\u0113joties risin\u0101tu visas atk\u0101rtot\u0101s probl\u0113mas.<\/p>\n<h3>Pareiza e\u013c\u013co\u0161ana<\/h3>\n<p>E\u013c\u013co\u0161ana ir b\u016btiska, lai nodro\u0161in\u0101tu vienm\u0113r\u012bgu darb\u012bbu un samazin\u0101tu iek\u0161\u0113jo komponentu nodilumu. Iev\u0113rojiet ra\u017eot\u0101ja ieteikumus par e\u013c\u013cas veidiem un daudzumu, k\u0101 ar\u012b izveidojiet e\u013c\u013co\u0161anas grafiku. \u0145emiet v\u0113r\u0101 vides faktorus, kas var ietekm\u0113t e\u013c\u013co\u0161anas bie\u017eumu, piem\u0113ram, temperat\u016bru un mitrumu. Regul\u0101ri p\u0101rbaudiet e\u013c\u013cas l\u012bmeni un nomainiet hidraulisko e\u013c\u013cu saska\u0146\u0101 ar vadl\u012bnij\u0101m, lai uztur\u0113tu optim\u0101lu veiktsp\u0113ju.<\/p>\n<h3>Bl\u012bvju nomai\u0146as un kalibr\u0113\u0161anas p\u0101rbaudes<\/h3>\n<p>T\u0101 k\u0101 bl\u012bves ir \u013coti svar\u012bgas, lai nov\u0113rstu \u0161\u0137idruma nopl\u016bdes, ir svar\u012bgi t\u0101s nomain\u012bt, par\u0101doties pirmaj\u0101m nodiluma vai boj\u0101juma paz\u012bm\u0113m. Turiet pa rokai rezerves bl\u012bves, lai samazin\u0101tu d\u012bkst\u0101ves laiku. Kalibr\u0113\u0161anas p\u0101rbaudes j\u0101veic regul\u0101ri, lai nodro\u0161in\u0101tu, ka cilindrs darbojas noteikto parametru robe\u017e\u0101s. Pareiza kalibr\u0113\u0161ana nodro\u0161ina hidraulisk\u0101s sist\u0113mas efekt\u012bvu darb\u012bbu, uzlabojot kop\u0113jo veiktsp\u0113ju.<\/p>\n<p><img decoding=\"async\" src=\"https:\/\/www.hydraulic-cylinders.net\/wp-content\/uploads\/2025\/04\/songte-chushion-collar.webp\" alt=\"Spilvenu apkakle\"><\/p>\n<h2>Dro\u0161\u012bbas apsv\u0113rumi un vides faktori<\/h2>\n<p>Izmantojot hidrauliskos produktus, ir svar\u012bgi \u012bstenot dro\u0161\u012bbas pas\u0101kumus, lai nov\u0113rstu negad\u012bjumus un nodro\u0161in\u0101tu operatora dro\u0161\u012bbu. Dro\u0161\u012bbas protokolu iev\u0113ro\u0161ana, tostarp atbilsto\u0161a operatoru apm\u0101c\u012bba un regul\u0101ras apr\u012bkojuma p\u0101rbaudes, var mazin\u0101t riskus. Turkl\u0101t vides apsv\u0113rumi, piem\u0113ram, hidraulisko \u0161\u0137idrumu nopl\u016b\u017eu un izlie\u0161anas nov\u0113r\u0161ana, ir svar\u012bgi, lai aizsarg\u0101tu gan person\u0101lu, gan apk\u0101rt\u0113jo vidi.<\/p>\n<h2>K\u013c\u016bmju diagnostika un bie\u017e\u0101k sastopam\u0101s probl\u0113mas<\/h2>\n<ul>\n<li><strong>Nopl\u016bde:<\/strong> Parasti tas notiek nodilu\u0161u bl\u012bv\u0113jumu vai boj\u0101tu savienojumu d\u0113\u013c. Lai nov\u0113rstu \u0161\u0137idruma zudumus un uztur\u0113tu spiedienu sist\u0113m\u0101, nepiecie\u0161ama t\u016bl\u012bt\u0113ja p\u0101rbaude un remonts.<\/li>\n<li><strong>Samazin\u0101ta veiktsp\u0113ja:<\/strong> Ja cilindrs neizvirz\u0101s vai neievelkas pareizi, tas var liecin\u0101t par zemu hidraulisk\u0101 \u0161\u0137idruma l\u012bmeni vai iek\u0161\u0113ju nodilumu. Hidraulisk\u0101 spiediena un \u0161\u0137idruma kvalit\u0101tes anal\u012bze var pal\u012bdz\u0113t diagnostic\u0113t probl\u0113mas.<\/li>\n<li><strong>D\u012bvainas ska\u0146as:<\/strong> Neparastas ska\u0146as darb\u012bbas laik\u0101 var liecin\u0101t par iek\u0161\u0113jiem boj\u0101jumiem vai gaisa kl\u0101tb\u016btni hidrauliskaj\u0101 sist\u0113m\u0101, kas prasa turpm\u0101ku izmekl\u0113\u0161anu.<\/li>\n<\/ul>\n<p>Katras probl\u0113mas gad\u012bjum\u0101 ir svar\u012bgi iev\u0113rot probl\u0113mu nov\u0113r\u0161anas proced\u016bras, lai efekt\u012bvi identific\u0113tu un nov\u0113rstu probl\u0113mu. Regul\u0101ra apkope var pal\u012bdz\u0113t nov\u0113rst \u0161o probl\u0113mu ra\u0161anos, nodro\u0161inot cilindra nevainojamu darb\u012bbu.<\/p>\n<h2>Probl\u0113mu nov\u0113r\u0161anas padomi un prevent\u012bvie pas\u0101kumi<\/h2>\n<p>Lai efekt\u012bvi diagnostic\u0113tu un risin\u0101tu bie\u017ei sastopamas probl\u0113mas, operatoriem j\u0101veic r\u016bp\u012bgas p\u0101rbaudes un j\u0101uztur detaliz\u0113ts apkopes \u017eurn\u0101ls. Veiktsp\u0113jas probl\u0113mu izseko\u0161ana var pal\u012bdz\u0113t identific\u0113t mode\u013cus, kuriem j\u0101piev\u0113r\u0161 uzman\u012bba. Operatoru apm\u0101c\u012bba par agr\u012bnas atkl\u0101\u0161anas noz\u012bmi var ar\u012b pal\u012bdz\u0113t samazin\u0101t d\u012bkst\u0101ves laiku.<\/p>\n<p>Prevent\u012bvu pas\u0101kumu ievie\u0161ana, piem\u0113ram, regul\u0101ras apkopes p\u0101rbaudes un savlaic\u012bga bl\u012bv\u0113jumu nomai\u0146a, iev\u0113rojami samazin\u0101s ekspluat\u0101cijas probl\u0113mu iesp\u0113jam\u012bbu. Proakt\u012bvas apkopes kult\u016bras veicin\u0101\u0161ana operatoru vid\u016b var pagarin\u0101t hidraulisko cilindru kalpo\u0161anas laiku un palielin\u0101t kop\u0113jo darb\u012bbas efektivit\u0101ti.<\/p>\n<p><img decoding=\"async\" src=\"https:\/\/www.hydraulic-cylinders.net\/wp-content\/uploads\/2025\/04\/songte-bushings-with-all-kinds-of-excavator-models.webp\" alt=\"Bukses ar ekskavatora mode\u013ciem\"><\/p>\n<h2>Uz\u0146\u0113muma p\u0101rskats<\/h2>\n<p>M\u0113s esam vado\u0161ais rezerves hidraulisko cilindru ra\u017eot\u0101js, kas pied\u0101v\u0101 pla\u0161u produktu kl\u0101stu, kas ir nostiprin\u0101jis m\u016bsu k\u0101 iev\u0113rojama sp\u0113l\u0113t\u0101ja poz\u012bciju gan viet\u0113j\u0101, gan starptautiskaj\u0101 tirg\u016b. M\u016bsu ap\u0146em\u0161anos nodro\u0161in\u0101t izcilu kvalit\u0101ti atbalsta sare\u017e\u0123\u012bta ra\u017eo\u0161anas vad\u012bbas strat\u0113\u0123ija, kas uzsver prec\u012bzu ra\u017eo\u0161anu.<\/p>\n<p>Pa\u013caujoties uz prasm\u012bgu darbasp\u0113ku, modern\u0101m digit\u0101laj\u0101m ra\u017eo\u0161anas iek\u0101rt\u0101m un sp\u0113c\u012bg\u0101m test\u0113\u0161anas sist\u0113m\u0101m, m\u0113s nep\u0101rtraukti uzlabojam savas ra\u017eo\u0161anas jaudas. M\u016bsu koncentr\u0113\u0161an\u0101s uz augstu efektivit\u0101ti, precizit\u0101ti un kvalit\u0101ti \u013cauj mums efekt\u012bvi apmierin\u0101t da\u017e\u0101das klientu vajadz\u012bbas. Turkl\u0101t m\u016bsu starptautisk\u0101s sertifik\u0101cijas un ap\u0146\u0113m\u012bba sniegt piel\u0101gotus risin\u0101jumus m\u016bs at\u0161\u0137ir nozar\u0113.<\/p>\n<p><img decoding=\"async\" src=\"https:\/\/www.hydraulic-cylinders.net\/wp-content\/uploads\/2025\/04\/songte-company-4.webp\" alt=\"Uz\u0146\u0113muma p\u0101rskats\"><br \/>\n<img decoding=\"async\" src=\"https:\/\/www.hydraulic-cylinders.net\/wp-content\/uploads\/2025\/04\/songte-company-3.webp\" alt=\"Ra\u017eo\u0161anas iek\u0101rtas\"><\/p>\n<p>Autors: lil<\/p>","protected":false},"excerpt":{"rendered":"<p>Boom Cylinder For TYHI WYD260 Product Definition and Overview The Boom Cylinder for TYHI WYD260 is a specialized hydraulic cylinder designed to control the movement of the boom on heavy machinery such as excavators, backhoe loaders, and front loaders. This hydraulic cylinder enables the boom to rise, lower, and tilt, facilitating various material handling tasks. [&hellip;]<\/p>","protected":false},"featured_media":17880,"comment_status":"open","ping_status":"closed","template":"","meta":{"_et_pb_use_builder":"","_et_pb_old_content":"","_et_gb_content_width":""},"product_brand":[],"product_cat":[1546],"product_tag":[1547,1496],"class_list":{"0":"post-19512","1":"product","2":"type-product","3":"status-publish","4":"has-post-thumbnail","6":"product_cat-boom-cylinders","7":"product_tag-boom-cylinders","8":"product_tag-hydraulic-cylinders","10":"first","11":"instock","12":"shipping-taxable","13":"product-type-simple"},"amp_enabled":true,"_links":{"self":[{"href":"https:\/\/www.hydraulic-cylinders.net\/lv\/wp-json\/wp\/v2\/product\/19512","targetHints":{"allow":["GET"]}}],"collection":[{"href":"https:\/\/www.hydraulic-cylinders.net\/lv\/wp-json\/wp\/v2\/product"}],"about":[{"href":"https:\/\/www.hydraulic-cylinders.net\/lv\/wp-json\/wp\/v2\/types\/product"}],"replies":[{"embeddable":true,"href":"https:\/\/www.hydraulic-cylinders.net\/lv\/wp-json\/wp\/v2\/comments?post=19512"}],"wp:featuredmedia":[{"embeddable":true,"href":"https:\/\/www.hydraulic-cylinders.net\/lv\/wp-json\/wp\/v2\/media\/17880"}],"wp:attachment":[{"href":"https:\/\/www.hydraulic-cylinders.net\/lv\/wp-json\/wp\/v2\/media?parent=19512"}],"wp:term":[{"taxonomy":"product_brand","embeddable":true,"href":"https:\/\/www.hydraulic-cylinders.net\/lv\/wp-json\/wp\/v2\/product_brand?post=19512"},{"taxonomy":"product_cat","embeddable":true,"href":"https:\/\/www.hydraulic-cylinders.net\/lv\/wp-json\/wp\/v2\/product_cat?post=19512"},{"taxonomy":"product_tag","embeddable":true,"href":"https:\/\/www.hydraulic-cylinders.net\/lv\/wp-json\/wp\/v2\/product_tag?post=19512"}],"curies":[{"name":"wp","href":"https:\/\/api.w.org\/{rel}","templated":true}]}}