{"id":19513,"date":"2025-04-07T06:51:44","date_gmt":"2025-04-07T06:51:44","guid":{"rendered":"https:\/\/www.hydraulic-cylinders.net\/product\/boom-cylinder-for-tls-hde18\/"},"modified":"2025-04-07T06:51:47","modified_gmt":"2025-04-07T06:51:47","slug":"boom-cylinder-for-tls-hde18","status":"publish","type":"product","link":"https:\/\/www.hydraulic-cylinders.net\/lv\/products\/boom-cylinder-for-tls-hde18\/","title":{"rendered":"Str\u0113les cilindrs TLS HDE18 modelim"},"content":{"rendered":"<h1>Str\u0113les cilindrs TLS HDE18 modelim<\/h1>\n<h2>Produkta p\u0101rskats<\/h2>\n<p>TLS HDE18 str\u0113les cilindrs ir b\u016btiska hidrauliska sast\u0101vda\u013ca, kas \u012bpa\u0161i paredz\u0113ta str\u0113les sviru kust\u012bbas vad\u012bbai da\u017e\u0101dos smag\u0101s tehnikas pielietojumos. \u0160is hidrauliskais cilindrs ir vit\u0101li svar\u012bgs ekskavatoriem, ekskavatoriem-iekr\u0101v\u0113jiem un front\u0101lajiem iekr\u0101v\u0113jiem, \u013caujot \u0161\u012bm ma\u0161\u012bn\u0101m pacelt, nolaist un noliekt kausus, veicot materi\u0101lu apstr\u0101des uzdevumus.<\/p>\n<p>\u0160ie kausu cilindri ir hidrauliskie cilindri, kas izstr\u0101d\u0101ti, lai iztur\u0113tu \u0101rk\u0101rt\u0113ju spiedienu un slodzes, piel\u0101gojoties skarbai darba videi. Tie ir kritiski svar\u012bgi, lai pan\u0101ktu prec\u012bzu ma\u0161\u012bnas darb\u012bbas funkciju kontroli, nodro\u0161inot efekt\u012bvu veiktsp\u0113ju sare\u017e\u0123\u012btos uzdevumos.<\/p>\n<p><img decoding=\"async\" src=\"https:\/\/www.hydraulic-cylinders.net\/wp-content\/uploads\/2025\/04\/songte-company-1.webp\" alt=\"Str\u0113les cilindrs\" \/><\/p>\n<h2>Galven\u0101s iez\u012bmes<\/h2>\n<ul>\n<li><strong>Augsta iztur\u012bba un ilgm\u016b\u017e\u012bba:<\/strong> \u0160ie cilindri ir izgatavoti no augstas stipr\u012bbas t\u0113rauda vai alum\u012bnija, un tie var iztur\u0113t augstu spiedienu un lielas slodzes, padarot tos piem\u0113rotus skarbai videi. Tie ir izstr\u0101d\u0101ti, lai nodro\u0161in\u0101tu nodilumiztur\u012bbu un aizsardz\u012bbu pret koroziju, un nodro\u0161ina ilg\u0101ku kalpo\u0161anas laiku.<\/li>\n<li><strong>Efekt\u012bva hidraulisk\u0101 darb\u012bba:<\/strong> Izmantojot hidraulisk\u0101s e\u013c\u013cas spiedienu, str\u0113les cilindrs nodro\u0161ina vienm\u0113r\u012bgu un atsauc\u012bgu izstiep\u0161anu un ievilk\u0161anu, sniedzot jaud\u012bgas stum\u0161anas un vilk\u0161anas sp\u0113jas, kas ir b\u016btiskas smagu materi\u0101lu apstr\u0101dei un sare\u017e\u0123\u012btu uzdevumu veik\u0161anai.<\/li>\n<li><strong>Da\u017e\u0101di veidi:<\/strong> Pieejam\u0101s opcijas ietver vienk\u0101r\u0161as darb\u012bbas (darbojas vien\u0101 virzien\u0101) un divk\u0101r\u0161as darb\u012bbas (darbojas abos virzienos) cilindrus, kas atbilst da\u017e\u0101d\u0101m ekspluat\u0101cijas vajadz\u012bb\u0101m. Da\u017ei mode\u013ci ir teleskopiski, kas \u013cauj liel\u0101ku pagarin\u0101jumu, nepalielinot \u0101r\u0113jos izm\u0113rus, kas ir ide\u0101li piem\u0113rots \u0161aur\u0101m telp\u0101m.<\/li>\n<\/ul>\n<h2>Ra\u017eo\u0161ana un nomai\u0146a<\/h2>\n<p>M\u016bsu uz\u0146\u0113mums specializ\u0113jas \u0161\u012b produkta ra\u017eo\u0161an\u0101, nodro\u0161inot perfektu eso\u0161o hidraulisko cilindru nomai\u0146u tirg\u016b.<\/p>\n<p><img decoding=\"async\" src=\"https:\/\/www.hydraulic-cylinders.net\/wp-content\/uploads\/2025\/04\/songte-cylinder-head-with-all-kinds-excavator-models.webp\" alt=\"Ekskavatoru mode\u013ci\" \/><\/p>\n<h2>Lietojumprogrammu scen\u0101riji<\/h2>\n<h3>Celtniec\u012bbas apr\u012bkojums<\/h3>\n<p>Ekskavatoros str\u0113les cilindri ir \u013coti svar\u012bgi rak\u0161anai, iekrau\u0161anai un augsnes vai gru\u017eu p\u0101rvieto\u0161anai. Kausa cilindrs pal\u012bdz gan rak\u0161anas, gan cel\u0161anas darbos, uzlabojot tehnikas efektivit\u0101ti un lietder\u012bbu b\u016bvlaukumos.<\/p>\n<h3>Lauksaimniec\u012bbas tehnika<\/h3>\n<p>Front\u0101lajos iekr\u0101v\u0113jos \u0161ie cilindri pal\u012bdz gr\u0101bt, pacelt un transport\u0113t augsni, sienu un citus materi\u0101lus. Hidraulisk\u0101s str\u0113les funkcionalit\u0101te \u013cauj veikt prec\u012bzas darb\u012bbas, kas ir b\u016btiskas lauksaimniec\u012bbas darbos.<\/p>\n<h3>Ekskavatori<\/h3>\n<p>Kausa cilindri nodro\u0161ina rak\u0161anas darb\u012bbu, \u013caujot kausam efekt\u012bvi iek\u013c\u016bt augsn\u0113. \u0160\u012b sp\u0113ja ir vit\u0101li svar\u012bga rak\u0161anas darbiem da\u017e\u0101dos apst\u0101k\u013cos, veicinot produktivit\u0101ti un efektivit\u0101ti.<\/p>\n<h3>Iekr\u0101v\u0113ji<\/h3>\n<p>Front\u0101lajos iekr\u0101v\u0113jos str\u0113les cilindriem ir b\u016btiska loma materi\u0101lu efekt\u012bv\u0101 cel\u0161an\u0101 un izg\u0101\u0161an\u0101. To konstrukcija nodro\u0161ina, ka smagas kravas var p\u0101rvald\u012bt prec\u012bzi un viegli, padarot tos neaizst\u0101jamus iekrau\u0161anas darbos.<\/p>\n<h2>Dizaina apsv\u0113rumi un atlases krit\u0113riji<\/h2>\n<h3>Kravnes\u012bba<\/h3>\n<p>Viens no galvenajiem apsv\u0113rumiem str\u0113les cilindru projekt\u0113\u0161an\u0101 ir to kravnes\u012bba. Ir \u013coti svar\u012bgi nodro\u0161in\u0101t, lai cilindrs var\u0113tu iztur\u0113t maksim\u0101lo darba slodzi, neapdraudot dro\u0161\u012bbu vai veiktsp\u0113ju. Stabila kravnes\u012bba \u013cauj cilindram efekt\u012bvi darboties da\u017e\u0101dos pielietojumos, samazinot boj\u0101jumu risku intens\u012bvas darb\u012bbas laik\u0101.<\/p>\n<h3>Bl\u012bv\u0113juma veiktsp\u0113ja<\/h3>\n<p>Efekt\u012bva bl\u012bv\u0113\u0161ana ir vit\u0101li svar\u012bga, lai nov\u0113rstu hidraulisk\u0101 \u0161\u0137idruma nopl\u016bdes, kas var izrais\u012bt veiktsp\u0113jas probl\u0113mas un palielin\u0101tas apkopes izmaksas. Augstas kvalit\u0101tes bl\u012bves, kas izgatavotas no iztur\u012bgiem materi\u0101liem, ir b\u016btiskas, lai saglab\u0101tu spiediena integrit\u0101ti un nodro\u0161in\u0101tu hidraulisk\u0101s sist\u0113mas vienm\u0113r\u012bgu darb\u012bbu.<\/p>\n<h3>Iztur\u012bba<\/h3>\n<p>Iztur\u012bba ir kritisks faktors str\u0113les cilindru konstrukcij\u0101. Tie bie\u017ei tiek pak\u013cauti skarbai videi, t\u0101p\u0113c ir svar\u012bgi, lai tie iztur\u0113tu nodilumu un koroziju. Konstrukcij\u0101 izmantotie materi\u0101li un p\u0101rkl\u0101jumi j\u0101izv\u0113las t\u0101, lai pagarin\u0101tu cilindra kalpo\u0161anas laiku, vienlaikus saglab\u0101jot darb\u012bbas efektivit\u0101ti.<\/p>\n<h3>Dro\u0161\u012bbas funkcijas<\/h3>\n<p>Dro\u0161\u012bba ir \u0101rk\u0101rt\u012bgi svar\u012bga hidraulisko cilindru projekt\u0113\u0161an\u0101. Dro\u0161\u012bbas elementu, piem\u0113ram, spiediena samazin\u0101\u0161anas v\u0101rstu, iek\u013cau\u0161ana var nov\u0113rst p\u0101rslodzi un iesp\u0113jamus negad\u012bjumus, nodro\u0161inot dro\u0161u darba vidi operatoriem un ma\u0161\u012bn\u0101m.<\/p>\n<h3>Apkopes pieejam\u012bba<\/h3>\n<p>Str\u0113les cilindru konstrukcijai j\u0101b\u016bt t\u0101dai, lai apkopes un remonta laik\u0101 tiem b\u016btu \u0113rta piek\u013cuve. \u0160is apsv\u0113rums samazina d\u012bkst\u0101ves laiku un uzlabo darb\u012bbas efektivit\u0101ti, nodro\u0161inot, ka apr\u012bkojums saglab\u0101 funkcionalit\u0101ti un produktivit\u0101ti.<\/p>\n<p><img decoding=\"async\" src=\"https:\/\/www.hydraulic-cylinders.net\/wp-content\/uploads\/2025\/04\/songte-oil-pipes-and-spare-parts.webp\" alt=\"E\u013c\u013cas caurules un rezerves da\u013cas\" \/><\/p>\n<h2>Bl\u012bv\u0113\u0161ana un e\u013c\u013co\u0161ana<\/h2>\n<p>Str\u0113les cilindru darb\u012bba liel\u0101 m\u0113r\u0101 ir atkar\u012bga no efekt\u012bva bl\u012bv\u0113juma un e\u013c\u013co\u0161anas. Lai nov\u0113rstu \u0161\u0137idruma nopl\u016bdi un uztur\u0113tu spiedienu, tiek izmantoti da\u017e\u0101di bl\u012bv\u0113jumi, piem\u0113ram, virzu\u013ca bl\u012bv\u0113jumi un stie\u0146a bl\u012bv\u0113jumi. No poliuret\u0101na un nitrila gumijas izgatavotie bl\u012bv\u0113jumi nodro\u0161ina nodilumiztur\u012bbu un ilgm\u016b\u017e\u012bbu, garant\u0113jot ilgtermi\u0146a funkcionalit\u0101ti.<\/p>\n<p>Cilindra korpuss un v\u012bt\u0146ot\u0101s gala virsmas ir smalki apstr\u0101d\u0101tas, lai uzlabotu iztur\u012bbu pret nodilumu. Turkl\u0101t ir nepiecie\u0161ama regul\u0101ra e\u013c\u013co\u0161ana ar hidraulisko e\u013c\u013cu, lai nodro\u0161in\u0101tu vienm\u0113r\u012bgu darb\u012bbu un nov\u0113rstu p\u0101rm\u0113r\u012bgu iek\u0161\u0113jo deta\u013cu nodilumu.<\/p>\n<h2>Regul\u0101ras p\u0101rbaudes un profilaktisk\u0101 apkope<\/h2>\n<ul>\n<li><strong>Regul\u0101ras p\u0101rbaudes:<\/strong> Regul\u0101ras hidraulisk\u0101s sist\u0113mas p\u0101rbaudes var pal\u012bdz\u0113t identific\u0113t potenci\u0101l\u0101s probl\u0113mas, pirms t\u0101s saasin\u0101s. Nopl\u016b\u017eu, nodiluma un visp\u0101r\u0113j\u0101s sist\u0113mas veiktsp\u0113jas p\u0101rbaude ir \u013coti svar\u012bga apkopes veik\u0161anai.<\/li>\n<li><strong>Pareiza e\u013c\u013co\u0161ana:<\/strong> Pareiza e\u013c\u013co\u0161ana samazina berzi un nodilumu, pagarinot hidraulisk\u0101 cilindra kalpo\u0161anas laiku. Regul\u0101ra e\u013c\u013co\u0161ana ar atbilsto\u0161u hidraulisko e\u013c\u013cu ir b\u016btiska optim\u0101las veiktsp\u0113jas uztur\u0113\u0161anai.<\/li>\n<li><strong>Bl\u012bv\u0113juma nomai\u0146a:<\/strong> Laika gait\u0101 bl\u012bves var nolietoties un t\u0101s var b\u016bt j\u0101nomaina. Regul\u0101ra bl\u012bvju st\u0101vok\u013ca p\u0101rbaude un nepiecie\u0161am\u012bbas gad\u012bjum\u0101 to nomai\u0146a ir \u013coti svar\u012bga sist\u0113mas integrit\u0101tes uztur\u0113\u0161anai.<\/li>\n<\/ul>\n<h2>Uzst\u0101d\u012b\u0161anas vadl\u012bnijas<\/h2>\n<p>Lai nodro\u0161in\u0101tu str\u0113les cilindra ilgsto\u0161u darb\u012bbu, pareiza uzst\u0101d\u012b\u0161ana ir kritiski svar\u012bga. S\u0101ciet ar cilindra pareizu izl\u012bdzin\u0101\u0161anu ar stiprin\u0101juma punktiem, lai nov\u0113rstu nepareizu izl\u012bdzin\u0101\u0161anu, kas var\u0113tu izrais\u012bt priek\u0161laic\u012bgu boj\u0101jumu. Ieteicams izmantot atbilsto\u0161us stiprin\u0101juma kron\u0161teinus, lai stingri nostiprin\u0101tu cilindru viet\u0101.<\/p>\n<p>Kad cilindrs ir novietots, p\u0101rliecinieties, vai visas hidraulisk\u0101s l\u012bnijas ir pareizi pievienotas, lai izvair\u012btos no nopl\u016bd\u0113m. P\u0113c uzst\u0101d\u012b\u0161anas veiciet r\u016bp\u012bgu p\u0101rbaudi, lai p\u0101rliecin\u0101tos, ka visas sast\u0101vda\u013cas ir dro\u0161i nostiprin\u0101tas un ka cilindrs darbojas nevainojami, bez \u0161\u0137\u0113r\u0161\u013ciem. Visbeidzot, iev\u0113rojiet ra\u017eot\u0101ja ieteikumus par s\u0101kotn\u0113jo p\u0101rbaudi, lai p\u0101rliecin\u0101tos, ka uzst\u0101d\u012b\u0161ana ir veikta pareizi.<\/p>\n<h2>Bie\u017ei sastopamie apkopes uzdevumi<\/h2>\n<ul>\n<li><strong>Regul\u0101ras p\u0101rbaudes:<\/strong> Regul\u0101ru nodiluma un funkcionalit\u0101tes p\u0101rbau\u017eu veik\u0161ana var pal\u012bdz\u0113t nov\u0113rst negaid\u012btus boj\u0101jumus. Tas ietver bl\u012bv\u0113jumu un hidraulisko l\u012bniju p\u0101rbaudi, vai nav nopl\u016b\u017eu un boj\u0101jumu.<\/li>\n<li><strong>Piem\u0113rota e\u013c\u013co\u0161ana:<\/strong> Hidraulisk\u0101 cilindra laba iee\u013c\u013co\u0161ana ir b\u016btiska, lai samazin\u0101tu berzi un nodilumu. Regul\u0101ri p\u0101rbaudiet un p\u0113c nepiecie\u0161am\u012bbas papildiniet hidraulisko e\u013c\u013cu.<\/li>\n<li><strong>Bl\u012bv\u0113juma nomai\u0146a:<\/strong> Regul\u0101ri nov\u0113rt\u0113jiet bl\u012bv\u0113jumu st\u0101vokli un nomainiet tos, lai saglab\u0101tu hidraulisko integrit\u0101ti un veiktsp\u0113ju. Efekt\u012bvu bl\u012bv\u0113jumu uztur\u0113\u0161ana ir \u013coti svar\u012bga efekt\u012bvai darb\u012bbai.<\/li>\n<\/ul>\n<h2>Dro\u0161\u012bbas apsv\u0113rumi un vides faktori<\/h2>\n<p>Darbinot hidrauliskos cilindrus, ir svar\u012bgi ieviest dro\u0161\u012bbas pas\u0101kumus, lai aizsarg\u0101tu gan operatoru, gan vidi. Tas ietver visu dro\u0161\u012bbas aizsargu uzst\u0101d\u012b\u0161anu un operatoru apm\u0101c\u012bbu dro\u0161\u0101s ekspluat\u0101cijas proced\u016br\u0101s. Regul\u0101ras apkopes p\u0101rbaudes var atkl\u0101t potenci\u0101lus apdraud\u0113jumus, piem\u0113ram, nopl\u016bdes vai nolietotas deta\u013cas, kas var\u0113tu rad\u012bt dro\u0161\u012bbas riskus.<\/p>\n<h2>Probl\u0113mu nov\u0113r\u0161ana un bie\u017ei sastopamas probl\u0113mas<\/h2>\n<ul>\n<li><strong>Hidraulisk\u0101 nopl\u016bde:<\/strong> Viena izplat\u012bta probl\u0113ma ir hidraulisk\u0101 \u0161\u0137idruma nopl\u016bde, kas var rasties nolietotu bl\u012bv\u0113jumu vai nepareizu savienojumu d\u0113\u013c. Regul\u0101ras p\u0101rbaudes var laikus atkl\u0101t nopl\u016bdes, \u013caujot veikt \u0101tru remontu.<\/li>\n<li><strong>Slikta veiktsp\u0113ja:<\/strong> Ja str\u0113les cilindrs neizvirz\u0101s vai neievelkas vienm\u0113r\u012bgi, tas var liecin\u0101t par zemu hidraulisk\u0101 \u0161\u0137idruma l\u012bmeni vai iek\u0161\u0113jiem boj\u0101jumiem. P\u0101rbaudiet \u0161\u0137idruma l\u012bmeni un apskatiet iek\u0161\u0113j\u0101s deta\u013cas, vai t\u0101s nav nodilu\u0161as vai boj\u0101tas.<\/li>\n<li><strong>Troksnis darb\u012bbas laik\u0101:<\/strong> Neparastas ska\u0146as var liecin\u0101t par meh\u0101nisk\u0101m probl\u0113m\u0101m cilindr\u0101. \u0160o probl\u0113mu savlaic\u012bga nov\u0113r\u0161ana var nov\u0113rst turpm\u0101kus boj\u0101jumus un nodro\u0161in\u0101t dro\u0161u darb\u012bbu.<\/li>\n<\/ul>\n<p>Lai samazin\u0101tu iesp\u0113jam\u0101s probl\u0113mas, ir svar\u012bgi \u012bstenot prevent\u012bvus pas\u0101kumus, piem\u0113ram, regul\u0101ru apkopi un kvalitat\u012bvu hidraulisko \u0161\u0137idrumu lieto\u0161anu, lai nodro\u0161in\u0101tu str\u0113les cilindra ilgm\u016b\u017e\u012bbu.<\/p>\n<p><img decoding=\"async\" src=\"https:\/\/www.hydraulic-cylinders.net\/wp-content\/uploads\/2025\/04\/songte-bushings-with-all-kinds-of-excavator-models.webp\" alt=\"Ekskavatora bukses\" \/><\/p>\n<h2>Par m\u016bsu uz\u0146\u0113mumu<\/h2>\n<p>M\u0113s esam vado\u0161ais hidraulisko cilindru ra\u017eot\u0101js un vairumtirdzniec\u012bbas izplat\u012bt\u0101js, kas velt\u012bts augstas kvalit\u0101tes nomai\u0146as risin\u0101jumu nodro\u0161in\u0101\u0161anai. M\u016bsu pla\u0161ais produktu kl\u0101sts ir pozicion\u0113jis m\u016bs k\u0101 iev\u0113rojamu sp\u0113l\u0113t\u0101ju gan viet\u0113j\u0101, gan starptautiskaj\u0101 tirg\u016b. M\u0113s iev\u0113rojam stingrus kvalit\u0101tes standartus, izmantojot progres\u012bvas ra\u017eo\u0161anas strat\u0113\u0123ijas, prasm\u012bgu tehnisko person\u0101lu un sare\u017e\u0123\u012btas p\u0101rbaudes sist\u0113mas, lai uzlabotu m\u016bsu ra\u017eo\u0161anas iesp\u0113jas.<\/p>\n<p>M\u016bsu ap\u0146em\u0161an\u0101s sasniegt izcil\u012bbu izpau\u017eas m\u016bsu augstaj\u0101 efektivit\u0101t\u0113, precizit\u0101t\u0113 un kvalit\u0101t\u0113, kas \u013cauj mums apmierin\u0101t da\u017e\u0101das klientu vajadz\u012bbas. M\u0113s pied\u0101v\u0101jam specializ\u0113tus pakalpojumus, starptautiskus sertifik\u0101tus un piel\u0101gotus risin\u0101jumus, nodro\u0161inot, ka m\u016bsu klienti sa\u0146em visaugst\u0101kos hidraulisko cilindru un atbalsta standartus.<\/p>\n<p><img decoding=\"async\" src=\"https:\/\/www.hydraulic-cylinders.net\/wp-content\/uploads\/2025\/04\/songte-company-4.webp\" alt=\"Uz\u0146\u0113muma att\u0113ls 1\" \/><br \/>\n<img decoding=\"async\" src=\"https:\/\/www.hydraulic-cylinders.net\/wp-content\/uploads\/2025\/04\/songte-company-3.webp\" alt=\"Uz\u0146\u0113muma att\u0113ls 2\" \/><\/p>\n<p>Autors: lil<\/p>","protected":false},"excerpt":{"rendered":"<p>Boom Cylinder For TLS HDE18 Product Overview The Boom Cylinder for TLS HDE18 is an essential hydraulic component specifically designed for controlling the movement of boom arms in various heavy machinery applications. This hydraulic cylinder is vital for excavators, backhoe loaders, and front-end loaders, enabling these machines to lift, lower, and tilt their buckets while [&hellip;]<\/p>","protected":false},"featured_media":17881,"comment_status":"open","ping_status":"closed","template":"","meta":{"_et_pb_use_builder":"","_et_pb_old_content":"","_et_gb_content_width":""},"product_brand":[],"product_cat":[1546],"product_tag":[1547,1496],"class_list":{"0":"post-19513","1":"product","2":"type-product","3":"status-publish","4":"has-post-thumbnail","6":"product_cat-boom-cylinders","7":"product_tag-boom-cylinders","8":"product_tag-hydraulic-cylinders","10":"first","11":"instock","12":"shipping-taxable","13":"product-type-simple"},"amp_enabled":true,"_links":{"self":[{"href":"https:\/\/www.hydraulic-cylinders.net\/lv\/wp-json\/wp\/v2\/product\/19513","targetHints":{"allow":["GET"]}}],"collection":[{"href":"https:\/\/www.hydraulic-cylinders.net\/lv\/wp-json\/wp\/v2\/product"}],"about":[{"href":"https:\/\/www.hydraulic-cylinders.net\/lv\/wp-json\/wp\/v2\/types\/product"}],"replies":[{"embeddable":true,"href":"https:\/\/www.hydraulic-cylinders.net\/lv\/wp-json\/wp\/v2\/comments?post=19513"}],"wp:featuredmedia":[{"embeddable":true,"href":"https:\/\/www.hydraulic-cylinders.net\/lv\/wp-json\/wp\/v2\/media\/17881"}],"wp:attachment":[{"href":"https:\/\/www.hydraulic-cylinders.net\/lv\/wp-json\/wp\/v2\/media?parent=19513"}],"wp:term":[{"taxonomy":"product_brand","embeddable":true,"href":"https:\/\/www.hydraulic-cylinders.net\/lv\/wp-json\/wp\/v2\/product_brand?post=19513"},{"taxonomy":"product_cat","embeddable":true,"href":"https:\/\/www.hydraulic-cylinders.net\/lv\/wp-json\/wp\/v2\/product_cat?post=19513"},{"taxonomy":"product_tag","embeddable":true,"href":"https:\/\/www.hydraulic-cylinders.net\/lv\/wp-json\/wp\/v2\/product_tag?post=19513"}],"curies":[{"name":"wp","href":"https:\/\/api.w.org\/{rel}","templated":true}]}}