{"id":19514,"date":"2025-04-07T06:51:47","date_gmt":"2025-04-07T06:51:47","guid":{"rendered":"https:\/\/www.hydraulic-cylinders.net\/product\/boom-cylinder-for-carter-ct18-7bs\/"},"modified":"2025-04-07T06:51:49","modified_gmt":"2025-04-07T06:51:49","slug":"boom-cylinder-for-carter-ct18-7bs","status":"publish","type":"product","link":"https:\/\/www.hydraulic-cylinders.net\/lv\/products\/boom-cylinder-for-carter-ct18-7bs\/","title":{"rendered":"Str\u0113les cilindrs Carter CT18-7BS"},"content":{"rendered":"<h1>Str\u0113les cilindrs Carter CT18-7BS<\/h1>\n<h2>Str\u0113les cilindra izpratne<\/h2>\n<p>Str\u0113les cilindrs ir b\u016btiska sast\u0101vda\u013ca da\u017e\u0101d\u0101s smagaj\u0101s ma\u0161\u012bn\u0101s, kas \u012bpa\u0161i paredz\u0113ta kausa kust\u012bbas kontrolei ekskavatoros, univers\u0101lajos iekr\u0101v\u0113jos un front\u0101lajos iekr\u0101v\u0113jos. K\u0101 hidraulisk\u0101 cilindra veids tam ir b\u016btiska loma pacel\u0161anas, nolai\u0161anas un noliek\u0161anas darb\u012bbu atvieglo\u0161an\u0101, t\u0101d\u0113j\u0101di uzlabojot materi\u0101lu apstr\u0101des uzdevumus. Str\u0113les cilindra funkcija sniedzas t\u0101l\u0101k par vienk\u0101r\u0161u kust\u012bbu; tas pal\u012bdz pan\u0101kt prec\u012bzu stiprin\u0101juma kontroli, kas ir b\u016btiski efekt\u012bvai darb\u012bbai sare\u017e\u0123\u012btos apst\u0101k\u013cos.<\/p>\n<p><img decoding=\"async\" src=\"https:\/\/www.hydraulic-cylinders.net\/wp-content\/uploads\/2025\/04\/songte-company-1.webp\" alt=\"Str\u0113les cilindra att\u0113ls\"><\/p>\n<h3>Str\u0113les cilindra galven\u0101s iez\u012bmes<\/h3>\n<ul>\n<li><strong>Augsta iztur\u012bba un ilgm\u016b\u017e\u012bba:<\/strong> Izgatavots no augstas stipr\u012bbas t\u0113rauda vai alum\u012bnija, kas paredz\u0113ts augsta spiediena un lielu slodzi iztur\u0113\u0161anai, vienlaikus piel\u0101gojoties skarbajiem darba apst\u0101k\u013ciem.<\/li>\n<li><strong>Efekt\u012bva hidraulisk\u0101 darb\u012bba:<\/strong> Izmanto hidraulisk\u0101 \u0161\u0137idruma spiedienu, lai nodro\u0161in\u0101tu vienm\u0113r\u012bgu izstiep\u0161anu un ievilk\u0161anu, \u0101tri rea\u0123\u0113jot uz darb\u012bbas komand\u0101m un nodro\u0161inot iev\u0113rojamu stum\u0161anas un vilk\u0161anas sp\u0113ku.<\/li>\n<li><strong>Da\u017e\u0101di veidi:<\/strong> Pieejami ar vienvirziena darb\u012bbas (darbojas vien\u0101 virzien\u0101) vai divk\u0101r\u0161as darb\u012bbas (darbojas abos virzienos) cilindriem, kas atbilst da\u017e\u0101d\u0101m ekspluat\u0101cijas vajadz\u012bb\u0101m. Da\u017ei mode\u013ci ir teleskopiski, kas \u013cauj pan\u0101kt liel\u0101ku pagarin\u0101jumu, nepalielinot \u0101r\u0113jos izm\u0113rus.<\/li>\n<\/ul>\n<h2>M\u016bsu ra\u017eo\u0161anas iesp\u0113jas<\/h2>\n<p>M\u0113s ar lepnumu ra\u017eojam \u0161os str\u0113les cilindrus, kas nodro\u0161ina perfektu eso\u0161o hidraulisko cilindru aizvieto\u0161anu da\u017e\u0101dos pielietojumos.<\/p>\n<p><img decoding=\"async\" src=\"https:\/\/www.hydraulic-cylinders.net\/wp-content\/uploads\/2025\/04\/songte-cylinder-head-with-all-kinds-excavator-models.webp\" alt=\"Cilindra galvas att\u0113ls\"><\/p>\n<h3>Str\u0113les cilindra pielietojumi<\/h3>\n<ul>\n<li><strong>Celtniec\u012bbas apr\u012bkojums:<\/strong> Ekskavatoros atrodami str\u0113les cilindri ir nepiecie\u0161ami rak\u0161anai, iekrau\u0161anai un augsnes vai gru\u017eu p\u0101rvieto\u0161anai. Ekskavatoros tie atvieglo gan rak\u0161anas, gan cel\u0161anas darb\u012bbas, padarot tos neaizst\u0101jamus b\u016bvniec\u012bbas darbos.<\/li>\n<li><strong>Lauksaimniec\u012bbas tehnika:<\/strong> \u0160ie cilindri, ko izmanto front\u0101lajos iekr\u0101v\u0113jos, pal\u012bdz sav\u0101kt, pacelt un transport\u0113t augsni, sienu un citus materi\u0101lus, uzlabojot efektivit\u0101ti lauksaimniec\u012bbas darbos.<\/li>\n<li><strong>Ekskavatori:<\/strong> Str\u0113les cilindrs \u013cauj kausam iek\u013c\u016bt zem\u0113, nodro\u0161inot efekt\u012bvu rak\u0161anu. Tam ir iz\u0161\u0137iro\u0161a noz\u012bme, lai ekskavators efekt\u012bvi veiktu savus uzdevumus.<\/li>\n<li><strong>Iekr\u0101v\u0113ji:<\/strong> Front\u0101lajos iekr\u0101v\u0113jos str\u0113les cilindri ir atbild\u012bgi par kravu cel\u0161anu un izg\u0101\u0161anu, nodro\u0161inot efekt\u012bvu materi\u0101lu apstr\u0101di darb\u012bbas laik\u0101.<\/li>\n<\/ul>\n<h2>Dizaina apsv\u0113rumi un atlases krit\u0113riji<\/h2>\n<ul>\n<li><strong>Kravnes\u012bba:<\/strong> Str\u0113les cilindram j\u0101b\u016bt konstru\u0113tam t\u0101, lai tas iztur\u0113tu noteiktu slodzi, lai nodro\u0161in\u0101tu dro\u0161u un efekt\u012bvu darb\u012bbu. P\u0101rslodze var izrais\u012bt katastrof\u0101las k\u013c\u016bmes, t\u0101p\u0113c ir svar\u012bgi izv\u0113l\u0113ties cilindru, kas atbilst uzdevuma pras\u012bb\u0101m.<\/li>\n<li><strong>Bl\u012bv\u0113juma kvalit\u0101te:<\/strong> Efekt\u012bva bl\u012bv\u0113\u0161ana ir \u013coti svar\u012bga hidrauliskaj\u0101s sist\u0113m\u0101s, lai nov\u0113rstu nopl\u016bdes un uztur\u0113tu spiedienu. Augstas kvalit\u0101tes bl\u012bv\u0113jumi nodro\u0161ina cilindra ilgm\u016b\u017e\u012bbu un efektivit\u0101ti, samazinot nepiecie\u0161am\u012bbu p\u0113c bie\u017eas apkopes.<\/li>\n<li><strong>Iztur\u012bba:<\/strong> Konstrukcij\u0101 izmantotajiem materi\u0101liem j\u0101b\u016bt iztur\u012bgiem pret nodilumu un koroziju, nodro\u0161inot, ka cilindrs var iztur\u0113t ilgsto\u0161u lieto\u0161anu skarbos apst\u0101k\u013cos bez iev\u0113rojamas degrad\u0101cijas.<\/li>\n<li><strong>Dro\u0161\u012bbas funkcijas:<\/strong> Lai nov\u0113rstu negad\u012bjumus un nodro\u0161in\u0101tu dro\u0161u darb\u012bbu, konstrukcij\u0101 j\u0101integr\u0113 dro\u0161\u012bbas meh\u0101nismi. Tas ietver t\u0101das funkcijas k\u0101 spiediena samazin\u0101\u0161anas v\u0101rstus un av\u0101rijas aptur\u0113\u0161anas funkcijas.<\/li>\n<li><strong>Apkopes pieejam\u012bba:<\/strong> Projektam j\u0101nodro\u0161ina \u0113rta piek\u013cuve komponentiem ikdienas apkopes veik\u0161anai, nodro\u0161inot, ka apkopi var veikt bez p\u0101rm\u0113r\u012bga d\u012bkst\u0101ves laika.<\/li>\n<\/ul>\n<p><img decoding=\"async\" src=\"https:\/\/www.hydraulic-cylinders.net\/wp-content\/uploads\/2025\/04\/songte-oil-pipes-and-spare-parts.webp\" alt=\"Naftas cauru\u013cu att\u0113ls\"><\/p>\n<h2>Cilindra bl\u012bv\u0113\u0161ana un e\u013c\u013co\u0161ana<\/h2>\n<p>Str\u0113les cilindr\u0101 tiek izmantoti da\u017e\u0101di bl\u012bv\u0113\u0161anas komponenti, piem\u0113ram, virzu\u013ca bl\u012bvsl\u0113gi \u200b\u200bun stie\u0146a bl\u012bvsl\u0113gi, kas bie\u017ei vien ir izgatavoti no nodilumiztur\u012bgiem materi\u0101liem, piem\u0113ram, poliuret\u0101na un nitrila gumijas. Cilindra korpuss un v\u012bt\u0146ot\u0101s gala virsmas tiek prec\u012bzi apstr\u0101d\u0101tas, lai uzlabotu iztur\u012bbu. Regul\u0101ra e\u013c\u013co\u0161ana ar hidraulisko e\u013c\u013cu ir b\u016btiska, lai nodro\u0161in\u0101tu vienm\u0113r\u012bgu darb\u012bbu un nov\u0113rstu berzes rad\u012bto nodilumu.<\/p>\n<h2>Prevent\u012bvie apkopes pas\u0101kumi<\/h2>\n<ul>\n<li>Regul\u0101ri veiciet p\u0101rbaudes, lai laikus atkl\u0101tu jebk\u0101das nodiluma vai boj\u0101jumu paz\u012bmes.<\/li>\n<li>Nodro\u0161iniet atbilsto\u0161u e\u013c\u013co\u0161anu, lai samazin\u0101tu berzi un nodilumu.<\/li>\n<li>Nomainiet bl\u012bves p\u0113c nepiecie\u0161am\u012bbas, lai nov\u0113rstu nopl\u016bdes un saglab\u0101tu spiediena integrit\u0101ti.<\/li>\n<\/ul>\n<h2>Uzst\u0101d\u012b\u0161anas vadl\u012bnijas<\/h2>\n<p>Pareiza str\u0113les cilindra uzst\u0101d\u012b\u0161ana ir \u013coti svar\u012bga optim\u0101lai veiktsp\u0113jai. Vispirms p\u0101rliecinieties, ka vieta ir t\u012bra un bez gru\u017eiem. Prec\u012bzi izl\u012bdziniet cilindru ar stiprin\u0101juma punktiem, izmantojot atbilsto\u0161us stiprin\u0101juma kron\u0161teinus, lai to nostiprin\u0101tu viet\u0101. Pievelciet visus stiprin\u0101jumus atbilsto\u0161i ra\u017eot\u0101ja specifik\u0101cij\u0101m, lai izvair\u012btos no vibr\u0101cij\u0101m vai kust\u012bb\u0101m darb\u012bbas laik\u0101. Pirms darba uzs\u0101k\u0161anas p\u0101rliecinieties, vai visi hidrauliskie savienojumi ir bez nopl\u016bd\u0113m, p\u0101rbaudot bl\u012bves un savienojumus.<\/p>\n<h3>Bie\u017ei sastopamie apkopes uzdevumi<\/h3>\n<ul>\n<li><strong>Regul\u0101ras p\u0101rbaudes:<\/strong> Lai uztur\u0113tu funkcionalit\u0101ti, ir nepiecie\u0161amas regul\u0101ras p\u0101rbaudes, lai noteiktu nopl\u016bdes, nodilumu un visp\u0101r\u0113jo st\u0101vokli.<\/li>\n<li><strong>Pareiza e\u013c\u013co\u0161ana:<\/strong> Past\u0101v\u012bga e\u013c\u013co\u0161ana nov\u0113r\u0161 nodilumu, pagarinot cilindra kalpo\u0161anas laiku.<\/li>\n<li><strong>Bl\u012bv\u0113juma nomai\u0146a:<\/strong> Savlaic\u012bga bl\u012bv\u0113jumu nomai\u0146a nodro\u0161ina efektivit\u0101ti un nov\u0113r\u0161 \u0161\u0137idruma nopl\u016bdes, saglab\u0101jot cilindra darb\u012bbu.<\/li>\n<\/ul>\n<h2>Dro\u0161\u012bbas apsv\u0113rumi un vides faktori<\/h2>\n<p>Str\u0101d\u0101jot ar hidrauliskajiem cilindriem, dro\u0161\u012bbas pas\u0101kumi ir \u0101rk\u0101rt\u012bgi svar\u012bgi. Operatoriem j\u0101b\u016bt apm\u0101c\u012btiem izprast ar hidrauliskaj\u0101m sist\u0113m\u0101m saist\u012btos riskus un iev\u0113rot dro\u0161\u012bbas protokolus, lai izvair\u012btos no negad\u012bjumiem. Vides faktori, piem\u0113ram, pak\u013cau\u0161ana ekstrem\u0101l\u0101m temperat\u016br\u0101m un kod\u012bg\u0101m viel\u0101m, var ietekm\u0113t str\u0113les cilindra integrit\u0101ti un darb\u012bbu; t\u0101p\u0113c j\u0101\u0146em v\u0113r\u0101 atbilsto\u0161a materi\u0101lu izv\u0113le un konstrukcijas apsv\u0113rumi.<\/p>\n<h2>K\u013c\u016bmju diagnostika un bie\u017e\u0101k sastopam\u0101s probl\u0113mas<\/h2>\n<ul>\n<li><strong>Nopl\u016bde:<\/strong> Bie\u017e\u0101kie c\u0113lo\u0146i ir nolietotas bl\u012bves vai boj\u0101ti savienojumi. Regul\u0101ras p\u0101rbaudes var pal\u012bdz\u0113t nekav\u0113joties identific\u0113t un nov\u0113rst \u0161\u012bs probl\u0113mas.<\/li>\n<li><strong>Slikta veiktsp\u0113ja:<\/strong> Nepietiekams e\u013c\u013cas l\u012bmenis vai pies\u0101r\u0146ojums var izrais\u012bt l\u0113nu darb\u012bbu. Lai nodro\u0161in\u0101tu efekt\u012bvu darb\u012bbu, ir svar\u012bgi nodro\u0161in\u0101t atbilsto\u0161u \u0161\u0137idruma l\u012bmeni un kvalit\u0101ti.<\/li>\n<li><strong>P\u0101rkar\u0161ana:<\/strong> Tas var rasties p\u0101rm\u0113r\u012bgas slodzes vai nepietiekamas e\u013c\u013co\u0161anas d\u0113\u013c. Temperat\u016bras uzraudz\u012bba un atbilsto\u0161as \u200b\u200be\u013c\u013co\u0161anas nodro\u0161in\u0101\u0161ana var mazin\u0101t \u0161o risku.<\/li>\n<\/ul>\n<h3>Probl\u0113mu nov\u0113r\u0161anas padomi<\/h3>\n<p>Lai efekt\u012bvi diagnostic\u0113tu un nov\u0113rstu probl\u0113mas, operatoriem j\u0101veic r\u016bp\u012bgas p\u0101rbaudes, j\u0101uztur \u0161\u0137idrumu l\u012bmenis un nepiecie\u0161am\u012bbas gad\u012bjum\u0101 j\u0101nomaina visas nolietot\u0101s deta\u013cas. Prevent\u012bvie pas\u0101kumi, piem\u0113ram, regul\u0101ra apkope un pareiza ekspluat\u0101cijas prakse, var iev\u0113rojami samazin\u0101t potenci\u0101lo probl\u0113mu ra\u0161anos.<\/p>\n<p><img decoding=\"async\" src=\"https:\/\/www.hydraulic-cylinders.net\/wp-content\/uploads\/2025\/04\/songte-bushings-with-all-kinds-of-excavator-models.webp\" alt=\"Bukses att\u0113ls\"><\/p>\n<h2>Par m\u016bsu uz\u0146\u0113mumu<\/h2>\n<p>M\u0113s esam vado\u0161ais rezerves hidraulisko cilindru ra\u017eot\u0101js un vairumtirdzniec\u012bbas izplat\u012bt\u0101js, kas ir ap\u0146\u0113mies nodro\u0161in\u0101t izcilu kvalit\u0101ti. M\u016bsu daudzveid\u012bgais produktu kl\u0101sts ir pozicion\u0113jis m\u016bs k\u0101 iev\u0113rojamu sp\u0113l\u0113t\u0101ju gan viet\u0113j\u0101, gan starptautiskaj\u0101 tirg\u016b. Izmantojot pilnveidotas ra\u017eo\u0161anas strat\u0113\u0123ijas, m\u0113s izmantojam progres\u012bvas tehnolo\u0123ijas un prasm\u012bgu person\u0101lu, lai uzlabotu m\u016bsu ra\u017eo\u0161anas iesp\u0113jas, nodro\u0161inot augstu efektivit\u0101ti un precizit\u0101ti, apmierinot da\u017e\u0101das klientu vajadz\u012bbas.<\/p>\n<h3>M\u016bsu kompetence<\/h3>\n<ul>\n<li><strong>Profesionalit\u0101te:<\/strong> M\u016bsu komanda iemieso pieredzi hidraulisko sist\u0113mu jom\u0101, nodro\u0161inot, ka visi produkti atbilst stingriem veiktsp\u0113jas standartiem.<\/li>\n<li><strong>Starptautisk\u0101s sertifik\u0101cijas:<\/strong> M\u0113s iev\u0113rojam glob\u0101los standartus, nodro\u0161inot produktu uzticam\u012bbu un dro\u0161\u012bbu.<\/li>\n<li><strong>Piel\u0101goti risin\u0101jumi:<\/strong> M\u0113s pied\u0101v\u0101jam piel\u0101gotus produktus, lai apmierin\u0101tu \u012bpa\u0161as klientu pras\u012bbas, veicinot ilgtermi\u0146a partnerattiec\u012bbas.<\/li>\n<li><strong>Uzlabots ra\u017eo\u0161anas apr\u012bkojums:<\/strong> Izmantojot jaun\u0101k\u0101s paaudzes iek\u0101rtas, m\u0113s uzlabojam ra\u017eo\u0161anas efektivit\u0101ti un produktu kvalit\u0101ti.<\/li>\n<li><strong>P\u0113cp\u0101rdo\u0161anas atbalsts:<\/strong> M\u016bsu ap\u0146em\u0161an\u0101s sniedzas t\u0101l\u0101k par p\u0101rdo\u0161anu, sniedzot visaptvero\u0161u atbalstu un pakalpojumus m\u016bsu klientiem.<\/li>\n<\/ul>\n<p><img decoding=\"async\" src=\"https:\/\/www.hydraulic-cylinders.net\/wp-content\/uploads\/2025\/04\/songte-company-4.webp\" alt=\"Uz\u0146\u0113muma t\u0113ls\"><br \/>\n<img decoding=\"async\" src=\"https:\/\/www.hydraulic-cylinders.net\/wp-content\/uploads\/2025\/04\/songte-company-3.webp\" alt=\"Uz\u0146\u0113muma t\u0113ls\"><\/p>\n<p>Autors: lil<\/p>","protected":false},"excerpt":{"rendered":"<p>Boom Cylinder For Carter CT18-7BS Understanding the Boom Cylinder The boom cylinder is a crucial component in various heavy machinery, specifically designed for controlling the movement of the bucket in excavators, backhoes, and front loaders. As a type of hydraulic cylinder, it plays a vital role in facilitating lifting, lowering, and tilting actions, thereby enhancing [&hellip;]<\/p>","protected":false},"featured_media":17867,"comment_status":"open","ping_status":"closed","template":"","meta":{"_et_pb_use_builder":"","_et_pb_old_content":"","_et_gb_content_width":""},"product_brand":[],"product_cat":[1546],"product_tag":[1547,1496],"class_list":{"0":"post-19514","1":"product","2":"type-product","3":"status-publish","4":"has-post-thumbnail","6":"product_cat-boom-cylinders","7":"product_tag-boom-cylinders","8":"product_tag-hydraulic-cylinders","10":"first","11":"instock","12":"shipping-taxable","13":"product-type-simple"},"amp_enabled":true,"_links":{"self":[{"href":"https:\/\/www.hydraulic-cylinders.net\/lv\/wp-json\/wp\/v2\/product\/19514","targetHints":{"allow":["GET"]}}],"collection":[{"href":"https:\/\/www.hydraulic-cylinders.net\/lv\/wp-json\/wp\/v2\/product"}],"about":[{"href":"https:\/\/www.hydraulic-cylinders.net\/lv\/wp-json\/wp\/v2\/types\/product"}],"replies":[{"embeddable":true,"href":"https:\/\/www.hydraulic-cylinders.net\/lv\/wp-json\/wp\/v2\/comments?post=19514"}],"wp:featuredmedia":[{"embeddable":true,"href":"https:\/\/www.hydraulic-cylinders.net\/lv\/wp-json\/wp\/v2\/media\/17867"}],"wp:attachment":[{"href":"https:\/\/www.hydraulic-cylinders.net\/lv\/wp-json\/wp\/v2\/media?parent=19514"}],"wp:term":[{"taxonomy":"product_brand","embeddable":true,"href":"https:\/\/www.hydraulic-cylinders.net\/lv\/wp-json\/wp\/v2\/product_brand?post=19514"},{"taxonomy":"product_cat","embeddable":true,"href":"https:\/\/www.hydraulic-cylinders.net\/lv\/wp-json\/wp\/v2\/product_cat?post=19514"},{"taxonomy":"product_tag","embeddable":true,"href":"https:\/\/www.hydraulic-cylinders.net\/lv\/wp-json\/wp\/v2\/product_tag?post=19514"}],"curies":[{"name":"wp","href":"https:\/\/api.w.org\/{rel}","templated":true}]}}