{"id":19515,"date":"2025-04-07T06:51:49","date_gmt":"2025-04-07T06:51:49","guid":{"rendered":"https:\/\/www.hydraulic-cylinders.net\/product\/boom-cylinder-for-carter-ct60-8a-8b\/"},"modified":"2025-04-07T06:51:52","modified_gmt":"2025-04-07T06:51:52","slug":"boom-cylinder-for-carter-ct60-8a-8b","status":"publish","type":"product","link":"https:\/\/www.hydraulic-cylinders.net\/lv\/products\/boom-cylinder-for-carter-ct60-8a-8b\/","title":{"rendered":"Str\u0113les cilindrs Carter CT60-8A-8B"},"content":{"rendered":"<h1>Str\u0113les cilindrs Carter CT60-8A-8B<\/h1>\n<h2>Ievads str\u0113les cilindr\u0101<\/h2>\n<p>Str\u0113les cilindrs ir specializ\u0113ts hidrauliskais cilindrs, kas paredz\u0113ts, lai kontrol\u0113tu kausu kust\u012bbu da\u017e\u0101d\u0101s smagaj\u0101s ma\u0161\u012bn\u0101s, piem\u0113ram, ekskavatoros, ekskavatoros-iekr\u0101v\u0113jos un front\u0101lajos iekr\u0101v\u0113jos. \u0160\u012b hidraulisk\u0101 sast\u0101vda\u013ca \u013cauj kausam pacelt, nolaist un noliekt, atvieglojot materi\u0101lu apstr\u0101des uzdevumus b\u016bvniec\u012bb\u0101 un lauksaimniec\u012bb\u0101. Kausa cilindram ir iz\u0161\u0137iro\u0161a noz\u012bme hidrauliskaj\u0101 sist\u0113m\u0101, nodro\u0161inot vienm\u0113r\u012bgu un efekt\u012bvu darb\u012bbu, ce\u013cot smagas kravas.<\/p>\n<p><img decoding=\"async\" src=\"https:\/\/www.hydraulic-cylinders.net\/wp-content\/uploads\/2025\/04\/songte-company-1.webp\" alt=\"Str\u0113les cilindrs\" \/><\/p>\n<h2>Str\u0113les cilindra \u012bpa\u0161\u012bbas<\/h2>\n<ul>\n<li>\n<h3>Augsta iztur\u012bba un ilgm\u016b\u017e\u012bba<\/h3>\n<p>    \u0160ie cilindri, kas parasti ir izgatavoti no augstas stipr\u012bbas t\u0113rauda vai alum\u012bnija, ir paredz\u0113ti, lai iztur\u0113tu augstu spiedienu un lielas slodzes, padarot tos piem\u0113rotus skarbiem darba apst\u0101k\u013ciem. To konstrukcija ietver ar\u012b nodilumiztur\u012bbu un aizsardz\u012bbu pret koroziju, pagarinot to kalpo\u0161anas laiku.<\/li>\n<li>\n<h3>Efekt\u012bva hidraulisk\u0101 darb\u012bba<\/h3>\n<p>    Izmantojot hidraulisk\u0101s e\u013c\u013cas spiedienu, str\u0113les cilindrs nodro\u0161ina vienm\u0113r\u012bgu izstiep\u0161anu un ievilk\u0161anu, \u0101tri rea\u0123\u0113jot uz operatora komand\u0101m un nodro\u0161inot sp\u0113c\u012bgu stum\u0161anas un vilk\u0161anas sp\u0113ku. Tas padara tos ide\u0101li piem\u0113rotus smagu materi\u0101lu apstr\u0101dei un sare\u017e\u0123\u012btu uzdevumu veik\u0161anai.<\/li>\n<li>\n<h3>Da\u017e\u0101di veidi<\/h3>\n<p>    Str\u0113les cilindrus var izv\u0113l\u0113ties atkar\u012bb\u0101 no konkr\u0113t\u0101m vajadz\u012bb\u0101m, tostarp vienk\u0101r\u0161as darb\u012bbas (izmantojot hidraulisko sp\u0113ku vien\u0101 virzien\u0101) vai divk\u0101r\u0161as darb\u012bbas (izmantojot hidraulisko sp\u0113ku abos virzienos) opcijas. Da\u017ei mode\u013ci ir teleskopiski, kas \u013cauj veikt liel\u0101ku pagarin\u0101jumu, nepalielinot \u0101r\u0113jos izm\u0113rus, un ir piem\u0113roti lietojumiem ar ierobe\u017eotu vietu.<\/li>\n<\/ul>\n<h2>Ra\u017eo\u0161anas jauda<\/h2>\n<p>Mums ir iesp\u0113jas ra\u017eot \u0161o str\u0113les cilindru ar precizit\u0101ti un kvalit\u0101ti, kas var lieliski aizst\u0101t eso\u0161os hidrauliskos cilindrus.<\/p>\n<p><img decoding=\"async\" src=\"https:\/\/www.hydraulic-cylinders.net\/wp-content\/uploads\/2025\/04\/songte-cylinder-head-with-all-kinds-excavator-models.webp\" alt=\"Ra\u017eo\u0161anas jauda\" \/><\/p>\n<h2>Str\u0113les cilindra pielietojumi<\/h2>\n<h3>Celtniec\u012bbas apr\u012bkojums<\/h3>\n<p>Ekskavatoros str\u0113les cilindri ir nepiecie\u0161ami zemes vai gru\u017eu rak\u0161anai, iekrau\u0161anai un p\u0101rvieto\u0161anai. Tiem ir b\u016btiska loma, lai kauss var\u0113tu efekt\u012bvi iek\u013c\u016bt zem\u0113, t\u0101d\u0113j\u0101di nodro\u0161inot efekt\u012bvu rak\u0161anu un materi\u0101lu transport\u0113\u0161anu.<\/p>\n<h3>Lauksaimniec\u012bbas tehnika<\/h3>\n<p>Front\u0101lajos iekr\u0101v\u0113jos str\u0113les cilindri pal\u012bdz sav\u0101kt, pacelt un transport\u0113t augsni, sienu un citus materi\u0101lus. To uzticama darb\u012bba ir \u013coti svar\u012bga lauksaimniec\u012bbas darbu optimiz\u0113\u0161anai, uzlabojot produktivit\u0101ti saimniec\u012bb\u0101s.<\/p>\n<h3>Ekskavatori<\/h3>\n<p>Str\u0113les cilindrs dod ekskavatoriem iesp\u0113ju veikt rak\u0161anas darb\u012bbas, \u013caujot kausam viegli iek\u013c\u016bt augsn\u0113. \u0160\u012b funkcionalit\u0101te ir b\u016btiska da\u017e\u0101dos b\u016bvniec\u012bbas un ainavu veido\u0161anas projektos.<\/p>\n<h3>Iekr\u0101v\u0113ji<\/h3>\n<p>Front\u0101lajos iekr\u0101v\u0113jos str\u0113les cilindrs pal\u012bdz efekt\u012bvi pacelt un izg\u0101zt materi\u0101lus. Tas ir \u013coti svar\u012bgi b\u016bvlaukumos, kur efekt\u012bvi j\u0101p\u0101rvieto smagi materi\u0101li.<\/p>\n<h2>Dizaina apsv\u0113rumi un atlases krit\u0113riji<\/h2>\n<ul>\n<li>\n<h3>Kravnes\u012bba<\/h3>\n<p>    Izv\u0113loties str\u0113les cilindru, ir \u013coti svar\u012bgi izprast t\u0101 kravnes\u012bbu. Cilindram j\u0101sp\u0113j iztur\u0113t maksim\u0101lo slodzi, ar kuru tas saskarsies ekspluat\u0101cijas laik\u0101, neapdraudot dro\u0161\u012bbu vai veiktsp\u0113ju. Lai p\u0101rliecin\u0101tos, ka cilindrs ir atbilsto\u0161i nov\u0113rt\u0113ts t\u0101 pielietojumam, j\u0101\u0146em v\u0113r\u0101 t\u0101di faktori k\u0101 p\u0101rvietojamo materi\u0101lu svars un reljefa reljefs.<\/h3>\n<\/li>\n<li>\n<h3>Bl\u012bv\u0113\u0161ana<\/h3>\n<p>    Str\u0113les cilindros izmantot\u0101s bl\u012bv\u0113\u0161anas sist\u0113mas ir b\u016btiskas to veiktsp\u0113jai. Augstas kvalit\u0101tes bl\u012bv\u0113jumi nov\u0113r\u0161 hidraulisk\u0101 \u0161\u0137idruma nopl\u016bdes, kas var samazin\u0101t efektivit\u0101ti un izrais\u012bt cilindra boj\u0101jumus. Da\u017e\u0101di bl\u012bv\u0113\u0161anas materi\u0101li, piem\u0113ram, poliuret\u0101ns un nitrilgumija, tiek izv\u0113l\u0113ti to iztur\u012bbas un nodilumiztur\u012bbas d\u0113\u013c, nodro\u0161inot cilindra ilgm\u016b\u017e\u012bbu.<\/h3>\n<\/li>\n<li>\n<h3>Iztur\u012bba<\/h3>\n<p>    Str\u0113les cilindru ra\u017eo\u0161an\u0101 izmantotie materi\u0101li liel\u0101 m\u0113r\u0101 ietekm\u0113 to iztur\u012bbu. Augstas iztur\u012bbas materi\u0101li ir b\u016btiski, lai iztur\u0113tu skarbus darba apst\u0101k\u013cus un meh\u0101nisko slodzi. Regul\u0101ra nodiluma nov\u0113rt\u0113\u0161ana var pal\u012bdz\u0113t noteikt, kad cilindram nepiecie\u0161ama apkope vai nomai\u0146a.<\/h3>\n<\/li>\n<li>\n<h3>Dro\u0161\u012bba<\/h3>\n<p>    Dro\u0161\u012bbas funkcijas, piem\u0113ram, spiediena samazin\u0101\u0161anas v\u0101rsti un dro\u0161\u012bbas sl\u0113dzenes, ir svar\u012bgi apsv\u0113rumi str\u0113les cilindru projekt\u0113\u0161an\u0101. \u0160\u012bs funkcijas pal\u012bdz nov\u0113rst negad\u012bjumus ekspluat\u0101cijas laik\u0101, nodro\u0161inot sirdsmieru operatoriem, kas str\u0101d\u0101 ar smagaj\u0101m ma\u0161\u012bn\u0101m.<\/h3>\n<\/li>\n<li>\n<h3>Apkope<\/h3>\n<p>    Izv\u0113loties str\u0113les cilindru, kas paredz\u0113ts vienk\u0101r\u0161ai apkopei, var iev\u0113rojami samazin\u0101t d\u012bkst\u0101ves laiku. Funkcijas, kas atvieglo \u0101tru p\u0101rbaudi, e\u013c\u013co\u0161anu un bl\u012bvju nomai\u0146u, var uzlabot cilindra kalpo\u0161anas laiku, nodro\u0161inot t\u0101 ilg\u0101ku darbsp\u0113ju.<\/h3>\n<\/li>\n<\/ul>\n<p><img decoding=\"async\" src=\"https:\/\/www.hydraulic-cylinders.net\/wp-content\/uploads\/2025\/04\/songte-oil-pipes-and-spare-parts.webp\" alt=\"Dizaina apsv\u0113rumi\" \/><\/p>\n<h2>Cilindra bl\u012bv\u0113\u0161ana un e\u013c\u013co\u0161ana<\/h2>\n<p>Efekt\u012bvs bl\u012bv\u0113jums ir vit\u0101li svar\u012bgs str\u0113les cilindru darb\u012bbai. Da\u017e\u0101di bl\u012bv\u0113\u0161anas komponenti, piem\u0113ram, virzu\u013ca bl\u012bv\u0113jumi un stie\u0146a bl\u012bv\u0113jumi, tiek izmantoti, lai satur\u0113tu hidraulisko \u0161\u0137idrumu, vienlaikus nov\u0113r\u0161ot \u0101r\u0113jo pies\u0101r\u0146ot\u0101ju iek\u013c\u016b\u0161anu cilindr\u0101. Bl\u012bv\u0113jumi, kas izgatavoti no iztur\u012bgiem materi\u0101liem, piem\u0113ram, poliuret\u0101na un nitrila gumijas, nodro\u0161ina iztur\u012bbu pret nodilumu un skarbiem ekspluat\u0101cijas apst\u0101k\u013ciem. Turkl\u0101t cilindra korpuss un v\u012bt\u0146ot\u0101s gala virsmas tiek pak\u013cautas prec\u012bzai apstr\u0101des procesiem, lai uzlabotu nodilumiztur\u012bbu. Regul\u0101ra e\u013c\u013co\u0161ana ar hidraulisko e\u013c\u013cu ir b\u016btiska, lai samazin\u0101tu berzi un nodro\u0161in\u0101tu kust\u012bgo da\u013cu vienm\u0113r\u012bgu darb\u012bbu.<\/p>\n<h2>Regul\u0101ra p\u0101rbaude un profilaktisk\u0101 apkope<\/h2>\n<ul>\n<li>\n<h3>Rut\u012bnas p\u0101rbaudes<\/h3>\n<p>    Regul\u0101ru p\u0101rbau\u017eu veik\u0161ana str\u0113les cilindram ir b\u016btiska, lai identific\u0113tu potenci\u0101l\u0101s probl\u0113mas, pirms t\u0101s k\u013c\u016bst par nopietn\u0101m probl\u0113m\u0101m. Tas ietver nopl\u016b\u017eu, nodiluma un boj\u0101jumu p\u0101rbaudi, kas var liecin\u0101t par pamat\u0101 eso\u0161\u0101m meh\u0101nisk\u0101m k\u013c\u016bm\u0113m. Regul\u0101ra uzraudz\u012bba nodro\u0161ina, ka apr\u012bkojums ir optim\u0101l\u0101 darba st\u0101vokl\u012b, t\u0101d\u0113j\u0101di pagarinot t\u0101 kalpo\u0161anas laiku.<\/h3>\n<\/li>\n<li>\n<h3>Piem\u0113rota e\u013c\u013co\u0161ana<\/h3>\n<p>    Pareiza hidraulisko cilindru e\u013c\u013co\u0161ana ir \u013coti svar\u012bga, lai samazin\u0101tu berzi un nodilumu starp kust\u012bgaj\u0101m da\u013c\u0101m. Ir svar\u012bgi iev\u0113rot ra\u017eot\u0101ja ieteikumus par e\u013c\u013co\u0161anas interv\u0101liem un daudzumu, lai uztur\u0113tu cilindra veiktsp\u0113ju. Pareiza e\u013c\u013co\u0161ana ne tikai nov\u0113r\u0161 priek\u0161laic\u012bgu nodilumu, bet ar\u012b uzlabo hidraulisk\u0101s sist\u0113mas efektivit\u0101ti.<\/h3>\n<\/li>\n<li>\n<h3>Bl\u012bv\u0113juma nomai\u0146a<\/h3>\n<p>    Bl\u012bv\u0113jumi ir bie\u017ei sastopama hidraulisko cilindru nodiluma sast\u0101vda\u013ca, un savlaic\u012bga nomai\u0146a ir \u013coti svar\u012bga, lai izvair\u012btos no hidrauliskaj\u0101m nopl\u016bd\u0113m. Regul\u0101ra nodiluma vai boj\u0101jumu paz\u012bmju p\u0101rbaude var pal\u012bdz\u0113t noteikt, kad bl\u012bv\u0113jumi ir j\u0101nomaina. J\u0101iev\u0113ro pareizas bl\u012bv\u0113jumu nomai\u0146as proced\u016bras, lai nodro\u0161in\u0101tu cie\u0161u piegul\u0161anu un nov\u0113rstu turpm\u0101kas nopl\u016bdes.<\/h3>\n<\/li>\n<\/ul>\n<p><img decoding=\"async\" src=\"https:\/\/www.hydraulic-cylinders.net\/wp-content\/uploads\/2025\/04\/songte-chushion-collar.webp\" alt=\"Apkopes uzdevumi\" \/><\/p>\n<h2>Dro\u0161\u012bbas apsv\u0113rumi un vides faktori<\/h2>\n<p>Str\u0101d\u0101jot ar hidrauliskaj\u0101m sist\u0113m\u0101m, dro\u0161\u012bbas pas\u0101kumi ir \u0101rk\u0101rt\u012bgi svar\u012bgi. Operatoriem j\u0101b\u016bt apm\u0101c\u012btiem par pareizu hidraulisko iek\u0101rtu lieto\u0161anu, tostarp par riskiem, kas saist\u012bti ar augstspiediena sist\u0113m\u0101m. Turkl\u0101t regul\u0101ras apkopes p\u0101rbaudes ir b\u016btiskas, lai nodro\u0161in\u0101tu visu komponentu pareizu darb\u012bbu, t\u0101d\u0113j\u0101di samazinot negad\u012bjumu risku. J\u0101risina ar\u012b t\u0101di vides faktori k\u0101 e\u013c\u013cas nopl\u016bdes un pies\u0101r\u0146ojums, izmantojot videi draudz\u012bgus hidrauliskos \u0161\u0137idrumus un ievie\u0161ot atbilsto\u0161u apkopi visiem atkritumiem, kas rodas apkopes laik\u0101.<\/p>\n<h2>K\u013c\u016bmju diagnostika un bie\u017e\u0101k sastopam\u0101s probl\u0113mas<\/h2>\n<ul>\n<li>\n<h3>Hidraulisk\u0101s nopl\u016bdes<\/h3>\n<p>    Viena no visbie\u017e\u0101k sastopamaj\u0101m probl\u0113m\u0101m ar str\u0113les cilindriem ir hidraulisk\u0101 \u0161\u0137idruma nopl\u016bdes. T\u0101s var rasties nolietotu bl\u012bv\u0113jumu vai boj\u0101tu deta\u013cu d\u0113\u013c, k\u0101 rezult\u0101t\u0101 samazin\u0101s efektivit\u0101te un rodas iesp\u0113jami dro\u0161\u012bbas apdraud\u0113jumi. Regul\u0101ras p\u0101rbaudes var pal\u012bdz\u0113t savlaic\u012bgi atkl\u0101t nopl\u016bdes, \u013caujot veikt \u0101tru remontu.<\/h3>\n<\/li>\n<li>\n<h3>L\u0113ns reakcijas laiks<\/h3>\n<p>    Ja str\u0113les cilindrs l\u0113ni rea\u0123\u0113 uz operatora komand\u0101m, tas var liecin\u0101t par gaisu hidrauliskaj\u0101 sist\u0113m\u0101 vai zemu \u0161\u0137idruma l\u012bmeni. \u0160\u012bs probl\u0113mas risin\u0101\u0161anai var b\u016bt nepiecie\u0161ams atgaisot sist\u0113mu vai papildin\u0101t hidraulisko \u0161\u0137idrumu, lai atjaunotu norm\u0101lu darb\u012bbu.<\/h3>\n<\/li>\n<li>\n<h3>Paaugstin\u0101ts trok\u0161\u0146a l\u012bmenis<\/h3>\n<p>    Neparasts troksnis darb\u012bbas laik\u0101 var liecin\u0101t par meh\u0101nisk\u0101m probl\u0113m\u0101m, piem\u0113ram, nepareizi novietotu cilindru vai e\u013c\u013co\u0161anas tr\u016bkumu. Operatoriem j\u0101izp\u0113ta trok\u0161\u0146a avots, lai nov\u0113rstu turpm\u0101kus hidraulisk\u0101s sist\u0113mas boj\u0101jumus.<\/h3>\n<\/li>\n<\/ul>\n<h2>Probl\u0113mu nov\u0113r\u0161anas padomi un risin\u0101jumi<\/h2>\n<p>Lai efekt\u012bvi diagnostic\u0113tu un nov\u0113rstu probl\u0113mas ar str\u0113les cilindriem, operatoriem j\u0101iev\u0113ro struktur\u0113ta pieeja. S\u0101ciet ar \u0101r\u0113ju nopl\u016b\u017eu p\u0101rbaudi un \u0161\u0137idruma l\u012bme\u0146a p\u0101rbaudi. Ja tiek konstat\u0113tas nopl\u016bdes, nomainiet nepiecie\u0161am\u0101s bl\u012bves un komponentus. L\u0113nas reakcijas laika gad\u012bjum\u0101 p\u0101rliecinieties, vai hidrauliskaj\u0101 sist\u0113m\u0101 nav gaisa un vai \u0161\u0137idruma l\u012bmenis ir pietiekams. Savlaic\u012bga jebkura neparasta trok\u0161\u0146a nov\u0113r\u0161ana nov\u0113rs\u012bs sare\u017e\u0123\u012bjumus, un operatoriem j\u0101iev\u0113ro ra\u017eot\u0101ja vadl\u012bnijas par konkr\u0113t\u0101m probl\u0113mu nov\u0113r\u0161anas proced\u016br\u0101m. Prevent\u012bvie pas\u0101kumi, piem\u0113ram, regul\u0101ra apkope un p\u0101rbaudes, ir b\u016btiski, lai samazin\u0101tu potenci\u0101l\u0101s probl\u0113mas un nodro\u0161in\u0101tu uzticamu darb\u012bbu.<\/p>\n<p><img decoding=\"async\" src=\"https:\/\/www.hydraulic-cylinders.net\/wp-content\/uploads\/2025\/04\/songte-bushings-with-all-kinds-of-excavator-models.webp\" alt=\"Probl\u0113mu nov\u0113r\u0161ana\" \/><\/p>\n<h2>Par m\u016bsu uz\u0146\u0113mumu<\/h2>\n<p>M\u0113s esam rezerves hidraulisko cilindru ra\u017eot\u0101js, pied\u0101v\u0101jot pla\u0161u produktu kl\u0101stu, kas ir nostiprin\u0101jis m\u016bsu k\u0101 viena no vado\u0161ajiem ra\u017eot\u0101jiem un vairumtirgot\u0101jiem gan viet\u0113j\u0101, gan starptautiskaj\u0101 tirg\u016b. M\u0113s iev\u0113rojam izcil\u012bbu kvalit\u0101t\u0113, izmantojot izsmalcin\u0101tu ra\u017eo\u0161anas strat\u0113\u0123iju, kas uzsver r\u016bpniecisk\u0101s ra\u017eo\u0161anas vad\u012bbu. M\u016bsu uz\u0146\u0113mums nep\u0101rtraukti uzlabo savas ra\u017eo\u0161anas iesp\u0113jas, integr\u0113jot kvalific\u0113tu tehnisko person\u0101lu, modernu digit\u0101lo ra\u017eo\u0161anas apr\u012bkojumu un profesion\u0101las test\u0113\u0161anas sist\u0113mas. \u0160\u012b ap\u0146em\u0161an\u0101s nodro\u0161in\u0101t kvalit\u0101ti un precizit\u0101ti \u013cauj mums efekt\u012bvi apmierin\u0101t da\u017e\u0101das klientu vajadz\u012bbas.<\/p>\n<p><img decoding=\"async\" src=\"https:\/\/www.hydraulic-cylinders.net\/wp-content\/uploads\/2025\/04\/songte-company-4.webp\" alt=\"Uz\u0146\u0113muma p\u0101rskats\" \/><br \/>\n<img decoding=\"async\" src=\"https:\/\/www.hydraulic-cylinders.net\/wp-content\/uploads\/2025\/04\/songte-company-3.webp\" alt=\"Uz\u0146\u0113muma p\u0101rskats\" \/><\/p>\n<p>M\u016bsu uz\u0146\u0113mums lepojas ar savu profesionalit\u0101ti, starptautiskajiem sertifik\u0101tiem, piel\u0101gotiem pakalpojumiem, modern\u0101kaj\u0101m ra\u017eo\u0161anas iek\u0101rt\u0101m un izcilu p\u0113cp\u0101rdo\u0161anas apkalpo\u0161anu, nodro\u0161inot, ka m\u016bsu klienti sa\u0146em vislab\u0101kos iesp\u0113jamos produktus un atbalstu.<\/p>\n<p>Autors: lil<\/p>","protected":false},"excerpt":{"rendered":"<p>Boom Cylinder For Carter CT60-8A-8B Introduction to Boom Cylinder The Boom Cylinder is a specialized hydraulic cylinder designed to control the movement of buckets in various heavy machinery, such as excavators, backhoe loaders, and front loaders. This hydraulic component enables the bucket to lift, lower, and tilt, facilitating material handling tasks in construction and agriculture. [&hellip;]<\/p>","protected":false},"featured_media":17868,"comment_status":"open","ping_status":"closed","template":"","meta":{"_et_pb_use_builder":"","_et_pb_old_content":"","_et_gb_content_width":""},"product_brand":[],"product_cat":[1546],"product_tag":[1547,1496],"class_list":{"0":"post-19515","1":"product","2":"type-product","3":"status-publish","4":"has-post-thumbnail","6":"product_cat-boom-cylinders","7":"product_tag-boom-cylinders","8":"product_tag-hydraulic-cylinders","10":"first","11":"instock","12":"shipping-taxable","13":"product-type-simple"},"amp_enabled":true,"_links":{"self":[{"href":"https:\/\/www.hydraulic-cylinders.net\/lv\/wp-json\/wp\/v2\/product\/19515","targetHints":{"allow":["GET"]}}],"collection":[{"href":"https:\/\/www.hydraulic-cylinders.net\/lv\/wp-json\/wp\/v2\/product"}],"about":[{"href":"https:\/\/www.hydraulic-cylinders.net\/lv\/wp-json\/wp\/v2\/types\/product"}],"replies":[{"embeddable":true,"href":"https:\/\/www.hydraulic-cylinders.net\/lv\/wp-json\/wp\/v2\/comments?post=19515"}],"wp:featuredmedia":[{"embeddable":true,"href":"https:\/\/www.hydraulic-cylinders.net\/lv\/wp-json\/wp\/v2\/media\/17868"}],"wp:attachment":[{"href":"https:\/\/www.hydraulic-cylinders.net\/lv\/wp-json\/wp\/v2\/media?parent=19515"}],"wp:term":[{"taxonomy":"product_brand","embeddable":true,"href":"https:\/\/www.hydraulic-cylinders.net\/lv\/wp-json\/wp\/v2\/product_brand?post=19515"},{"taxonomy":"product_cat","embeddable":true,"href":"https:\/\/www.hydraulic-cylinders.net\/lv\/wp-json\/wp\/v2\/product_cat?post=19515"},{"taxonomy":"product_tag","embeddable":true,"href":"https:\/\/www.hydraulic-cylinders.net\/lv\/wp-json\/wp\/v2\/product_tag?post=19515"}],"curies":[{"name":"wp","href":"https:\/\/api.w.org\/{rel}","templated":true}]}}