{"id":19516,"date":"2025-04-07T06:51:52","date_gmt":"2025-04-07T06:51:52","guid":{"rendered":"https:\/\/www.hydraulic-cylinders.net\/product\/boom-cylinder-for-carter-ct65-8b\/"},"modified":"2025-04-07T06:51:54","modified_gmt":"2025-04-07T06:51:54","slug":"boom-cylinder-for-carter-ct65-8b","status":"publish","type":"product","link":"https:\/\/www.hydraulic-cylinders.net\/lv\/products\/boom-cylinder-for-carter-ct65-8b\/","title":{"rendered":"Str\u0113les cilindrs Carter CT65-8B"},"content":{"rendered":"<h1>Str\u0113les cilindrs Carter CT65-8B<\/h1>\n<h2>Ievads str\u0113les cilindr\u0101<\/h2>\n<p>Carter CT65-8B str\u0113les cilindrs ir b\u016btiska hidraulisko sist\u0113mu sast\u0101vda\u013ca, kas \u012bpa\u0161i paredz\u0113ta smagaj\u0101m ma\u0161\u012bn\u0101m, tostarp ekskavatoriem, univers\u0101lajiem iekr\u0101v\u0113jiem un front\u0101lajiem iekr\u0101v\u0113jiem. \u0160is hidrauliskais cilindrs kontrol\u0113 kausa kust\u012bbu, \u013caujot tam efekt\u012bvi pacelt, nolaist un noliekt, kas ir svar\u012bgi materi\u0101lu apstr\u0101des darbos. Pateicoties t\u0101 iztur\u012bgajai konstrukcijai, str\u0113les cilindrs nodro\u0161ina vienm\u0113r\u012bgu darb\u012bbu un precizit\u0101ti da\u017e\u0101dos pielietojumos, nodro\u0161inot nepiecie\u0161amo jaudu, lai efekt\u012bvi p\u0101rvald\u012btu smagas kravas.<\/p>\n<p><img decoding=\"async\" src=\"https:\/\/www.hydraulic-cylinders.net\/wp-content\/uploads\/2025\/04\/songte-company-1.webp\" alt=\"Str\u0113les cilindrs\"><\/p>\n<h3>Kausa cilindra defin\u012bcija un p\u0101rskats<\/h3>\n<p>Kausa cilindrs ir specializ\u0113ts hidraulisk\u0101 cilindra veids, kam ir iz\u0161\u0137iro\u0161a noz\u012bme kausa kust\u012bbas kontrol\u0113\u0161an\u0101 smagaj\u0101s ma\u0161\u012bn\u0101s. Tas \u013cauj operatoriem veikt t\u0101dus uzdevumus k\u0101 rak\u0161ana, cel\u0161ana un materi\u0101lu izg\u0101\u0161ana ar augstu efektivit\u0101ti. \u0160o cilindru konstrukcija ir v\u0113rsta uz iztur\u012bbu un uzticam\u012bbu, nodro\u0161inot, ka tie var iztur\u0113t stingr\u0101s b\u016bvniec\u012bbas un rak\u0161anas darbu pras\u012bbas. \u0160\u012b daudzpus\u012bba padara tos neaizst\u0101jamus da\u017e\u0101d\u0101s nozar\u0113s, s\u0101kot no b\u016bvniec\u012bbas l\u012bdz lauksaimniec\u012bbai.<\/p>\n<h2>Str\u0113les cilindra \u012bpa\u0161\u012bbas<\/h2>\n<ul>\n<li><strong>Augsta iztur\u012bba un ilgm\u016b\u017e\u012bba:<\/strong> Izgatavots no augstas stipr\u012bbas t\u0113rauda vai alum\u012bnija, str\u0113les cilindrs var iztur\u0113t augstu spiedienu un lielas slodzes, padarot to piem\u0113rotu skarbiem darba apst\u0101k\u013ciem.<\/li>\n<li><strong>Efekt\u012bva hidraulisk\u0101 darb\u012bba:<\/strong> Hidraulisk\u0101 \u0161\u0137idruma spiediena izmanto\u0161ana nodro\u0161ina vienm\u0113r\u012bgu izstiep\u0161anu un ievilk\u0161anu, nodro\u0161inot \u0101tru reakciju uz darb\u012bbas komand\u0101m un jaud\u012bgu stum\u0161anas un vilk\u0161anas sp\u0113ku.<\/li>\n<li><strong>Da\u017e\u0101di veidi:<\/strong> \u0160ie cilindri ir pieejami vienk\u0101r\u0161\u0101s un divk\u0101r\u0161\u0101s darb\u012bbas variantos, un tos var piel\u0101got da\u017e\u0101d\u0101m ekspluat\u0101cijas pras\u012bb\u0101m. Da\u017ei mode\u013ci ir teleskopiski, kas \u013cauj tos pagarin\u0101t, nepalielinot \u0101r\u0113jos izm\u0113rus, kas ir ide\u0101li piem\u0113roti lieto\u0161anai ierobe\u017eot\u0101 telp\u0101.<\/li>\n<li><strong>Korozijas iztur\u012bba:<\/strong> Izstr\u0101d\u0101ts no materi\u0101liem, kas ir iztur\u012bgi pret koroziju un nodilumu, pagarinot cilindra kalpo\u0161anas laiku pat sare\u017e\u0123\u012btos apst\u0101k\u013cos.<\/li>\n<li><strong>Vienk\u0101r\u0161a apkope:<\/strong> \u0160\u012b konstrukcija nodro\u0161ina vienk\u0101r\u0161u apkopi, nodro\u0161inot, ka operatori var uztur\u0113t cilindrus optim\u0101l\u0101 darba st\u0101vokl\u012b.<\/li>\n<\/ul>\n<h3>M\u016bsu ra\u017eo\u0161anas iesp\u0113jas<\/h3>\n<p>Mums ir zin\u0101\u0161anas, lai ra\u017eotu augstas kvalit\u0101tes str\u0113les cilindrus, kas var lieliski aizst\u0101t eso\u0161os hidrauliskos cilindrus. M\u016bsu produkti ir izstr\u0101d\u0101ti, dom\u0101jot par precizit\u0101ti un iztur\u012bbu, nodro\u0161inot, ka tie atbilst nozares standartiem un klientu cer\u012bb\u0101m.<\/p>\n<p><img decoding=\"async\" src=\"https:\/\/www.hydraulic-cylinders.net\/wp-content\/uploads\/2025\/04\/songte-cylinder-head-with-all-kinds-excavator-models.webp\" alt=\"Ekskavatoru mode\u013ci\"><\/p>\n<h2>Str\u0113les cilindra pielietojumi<\/h2>\n<h3>Celtniec\u012bbas apr\u012bkojums<\/h3>\n<p>B\u016bvniec\u012bbas iek\u0101rt\u0101s, piem\u0113ram, ekskavatoros, str\u0113les cilindri ir b\u016btiski augsnes vai gru\u017eu rak\u0161anai, iekrau\u0161anai un p\u0101rvieto\u0161anai. Tie nodro\u0161ina nepiecie\u0161amo sp\u0113ku, lai prec\u012bzi paceltu un novietotu smagus materi\u0101lus. \u0160o cilindru darb\u012bba tie\u0161i ietekm\u0113 rak\u0161anas darbu efektivit\u0101ti, \u013caujot \u0101tr\u0101k pabeigt projektus.<\/p>\n<h3>Lauksaimniec\u012bbas tehnika<\/h3>\n<p>Str\u0113les cilindri ir atrodami ar\u012b front\u0101lajos iekr\u0101v\u0113jos, kur tie pal\u012bdz sav\u0101kt, pacelt un transport\u0113t augsni, sienu un citus materi\u0101lus. To sp\u0113ja apstr\u0101d\u0101t smagas kravas un veikt daudzfunkcion\u0101lus uzdevumus palielina produktivit\u0101ti saimniec\u012bb\u0101s, padarot tos par b\u016btisku lauksaimniec\u012bbas darb\u012bbu sast\u0101vda\u013cu.<\/p>\n<h3>Ekskavatori<\/h3>\n<p>Ekskavatoros str\u0113les cilindrs \u013cauj kausam efekt\u012bvi iek\u013c\u016bt zem\u0113 rak\u0161anas darbu laik\u0101. \u0160\u012b funkcionalit\u0101te ir \u013coti svar\u012bga, lai sasniegtu maksim\u0101lu rak\u0161anas dzi\u013cumu un efektivit\u0101ti, t\u0101d\u0113j\u0101di veicinot tehnikas kop\u0113jo veiktsp\u0113ju.<\/p>\n<h3>Iekr\u0101v\u0113ji<\/h3>\n<p>Front\u0101lajiem iekr\u0101v\u0113jiem str\u0113les cilindri pal\u012bdz efekt\u012bvi pacelt un izg\u0101zt kravas. To hidraulisk\u0101 jauda \u013cauj operatoriem viegli manevr\u0113t ar smagiem materi\u0101liem, uzlabojot iekrau\u0161anas un izkrau\u0161anas procesu efektivit\u0101ti, kas ir \u012bpa\u0161i izdev\u012bgi b\u016bvniec\u012bbas un atkritumu apsaimnieko\u0161anas darbos.<\/p>\n<h2>Dizaina apsv\u0113rumi un atlases krit\u0113riji<\/h2>\n<h3>Kravnes\u012bba<\/h3>\n<p>Izv\u0113loties str\u0113les cilindru, ir \u013coti svar\u012bgi izprast t\u0101 kravnes\u012bbu. Cilindram j\u0101sp\u0113j iztur\u0113t maksim\u0101lo svaru, kas tam b\u016bs j\u0101pace\u013c, nodro\u0161inot dro\u0161\u012bbu un funkcionalit\u0101ti darb\u012bbas laik\u0101. Izv\u0113loties cilindru ar atbilsto\u0161u kravnes\u012bbas nov\u0113rt\u0113jumu, tiek garant\u0113ts, ka tas nesaboj\u0101sies spiediena ietekm\u0113, samazinot negad\u012bjumu un apr\u012bkojuma boj\u0101jumu risku.<\/p>\n<h3>Bl\u012bv\u0113juma veiktsp\u0113ja<\/h3>\n<p>Bl\u012bv\u0113jums ir v\u0113l viens svar\u012bgs faktors str\u0113les cilindru konstrukcij\u0101. Augstas kvalit\u0101tes bl\u012bv\u0113jumi nov\u0113r\u0161 hidraulisk\u0101 \u0161\u0137idruma nopl\u016bdes un uztur spiedienu sist\u0113m\u0101. Efekt\u012bvs bl\u012bv\u0113jums nodro\u0161ina cilindra vienm\u0113r\u012bgu un efekt\u012bvu darb\u012bbu, samazinot apkopes nepiecie\u0161am\u012bbu un pagarinot cilindra kalpo\u0161anas laiku. Da\u017e\u0101di bl\u012bv\u0113\u0161anas materi\u0101li, piem\u0113ram, poliuret\u0101ns un nitrilgumija, tiek izv\u0113l\u0113ti to iztur\u012bbas pret nodilumu un vides faktoriem d\u0113\u013c.<\/p>\n<h3>Iztur\u012bba<\/h3>\n<p>Iztur\u012bba ir vit\u0101li svar\u012bga str\u0113les cilindriem, kas bie\u017ei darbojas skarbos apst\u0101k\u013cos. Konstrukcij\u0101 izmantotajiem materi\u0101liem j\u0101b\u016bt iztur\u012bgiem pret nodilumu, koroziju un nogurumu, lai nodro\u0161in\u0101tu ilgsto\u0161u darb\u012bbu. Labi konstru\u0113tam str\u0113les cilindram b\u016bs funkcijas, kas uzlabo t\u0101 iztur\u012bbu, piem\u0113ram, pastiprin\u0101tas metin\u0101juma \u0161uves un biez\u0101kas sienas, kas \u013cauj tam iztur\u0113t lielas slodzes pielietojumu slodzi.<\/p>\n<h3>Dro\u0161\u012bbas standarti<\/h3>\n<p>Projekt\u0113jot str\u0113les cilindrus, dro\u0161\u012bbas apsv\u0113rumiem j\u0101b\u016bt priek\u0161pl\u0101n\u0101. Tas ietver funkcijas, kas nov\u0113r\u0161 p\u0101rspiedienu, nodro\u0161inot, ka cilindrs var dro\u0161i darboties da\u017e\u0101dos slodzes apst\u0101k\u013cos. Dro\u0161\u012bbas v\u0101rstu un spiediena samazin\u0101\u0161anas meh\u0101nismu ievie\u0161ana var pal\u012bdz\u0113t samazin\u0101t negad\u012bjumu un iek\u0101rtu boj\u0101jumu risku.<\/p>\n<h3>Apkopes pras\u012bbas<\/h3>\n<p>Vienk\u0101r\u0161a apkope ir b\u016btiska, lai nodro\u0161in\u0101tu str\u0113les cilindru ilgm\u016b\u017e\u012bbu un veiktsp\u0113ju. Projekt\u0113\u0161anas apsv\u0113rumos j\u0101iek\u013cauj pieejam\u012bba p\u0101rbaud\u0113m, e\u013c\u013co\u0161anai un nepiecie\u0161amajiem remontiem. Regul\u0101rajiem apkopes uzdevumiem j\u0101b\u016bt vienk\u0101r\u0161iem, \u013caujot operatoriem uztur\u0113t apr\u012bkojumu optim\u0101l\u0101 darba st\u0101vokl\u012b bez ilgsto\u0161as \u200b\u200bd\u012bkst\u0101ves.<\/p>\n<p><img decoding=\"async\" src=\"https:\/\/www.hydraulic-cylinders.net\/wp-content\/uploads\/2025\/04\/songte-oil-pipes-and-spare-parts.webp\" alt=\"E\u013c\u013cas caurules un rezerves da\u013cas\"><\/p>\n<h2>Bl\u012bv\u0113\u0161ana un e\u013c\u013co\u0161ana<\/h2>\n<p>Pareiza bl\u012bv\u0113\u0161ana un e\u013c\u013co\u0161ana ir b\u016btiska str\u0113les cilindru efekt\u012bvai darb\u012bbai. Lai nodro\u0161in\u0101tu, ka hidrauliskais \u0161\u0137idrums netek un cilindrs saglab\u0101 spiedienu, tiek izmantoti da\u017e\u0101di bl\u012bv\u0113\u0161anas komponenti, piem\u0113ram, virzu\u013ca bl\u012bv\u0113jumi un stie\u0146a bl\u012bv\u0113jumi. No iztur\u012bgiem materi\u0101liem, piem\u0113ram, poliuret\u0101na un nitrila gumijas, izgatavoti bl\u012bv\u0113jumi ir v\u0113lami to nodilumiztur\u012bbas d\u0113\u013c. Turkl\u0101t cilindra korpuss un v\u012bt\u0146otie gali tiek r\u016bp\u012bgi apstr\u0101d\u0101ti, lai uzlabotu to nodilumiztur\u012bbu. Regul\u0101ra e\u013c\u013co\u0161ana ar hidraulisko e\u013c\u013cu ir nepiecie\u0161ama, lai uztur\u0113tu vienm\u0113r\u012bgu darb\u012bbu, samazin\u0101tu berzi un nov\u0113rstu priek\u0161laic\u012bgu nodilumu.<\/p>\n<h2>Prevent\u012bvie apkopes pas\u0101kumi<\/h2>\n<ul>\n<li>Regul\u0101ras p\u0101rbaudes: Regul\u0101ru p\u0101rbau\u017eu veik\u0161ana pal\u012bdz identific\u0113t potenci\u0101l\u0101s probl\u0113mas, pirms t\u0101s p\u0101raug nopietn\u0101s probl\u0113m\u0101s, t\u0101d\u0113j\u0101di nodro\u0161inot balona ilgm\u016b\u017e\u012bbu.<\/li>\n<li>Pareiza e\u013c\u013co\u0161ana: Vienm\u0113r\u012bga atbilsto\u0161a e\u013c\u013co\u0161ana pal\u012bdz samazin\u0101t nodilumu, saglab\u0101jot cilindra veiktsp\u0113ju.<\/li>\n<li>Bl\u012bvju nomai\u0146a: Bl\u012bvju st\u0101vok\u013ca uzraudz\u012bba un nepiecie\u0161am\u012bbas gad\u012bjum\u0101 to nomai\u0146a nov\u0113r\u0161 nopl\u016bdes un uztur hidraulisko spiedienu.<\/li>\n<\/ul>\n<h2>Uzst\u0101d\u012b\u0161anas vadl\u012bnijas<\/h2>\n<p>Uzst\u0101dot str\u0113les cilindru, ir svar\u012bgi iev\u0113rot atbilsto\u0161as \u200b\u200bproced\u016bras, lai nodro\u0161in\u0101tu optim\u0101lu veiktsp\u0113ju. S\u0101ciet ar uzst\u0101d\u012b\u0161anas vietas sagatavo\u0161anu, p\u0101rliecinoties, ka t\u0101 ir t\u012bra un bez gru\u017eiem. Prec\u012bzi izl\u012bdziniet cilindru ar mont\u0101\u017eas kron\u0161teiniem, izmantojot atbilsto\u0161us mont\u0101\u017eas balstus, lai to nostiprin\u0101tu viet\u0101. Ir \u013coti svar\u012bgi nodro\u0161in\u0101t, lai cilindrs b\u016btu pareizi izl\u012bdzin\u0101ts, lai izvair\u012btos no nevajadz\u012bgas slodzes darb\u012bbas laik\u0101. Kad tas ir novietots, pievelciet visas skr\u016bves un stiprin\u0101jumus saska\u0146\u0101 ar ra\u017eot\u0101ja specifik\u0101cij\u0101m. Visbeidzot, pirms pilna m\u0113roga lieto\u0161anas p\u0101rbaudiet sist\u0113mu, vai nav nopl\u016b\u017eu un darb\u012bbas efektivit\u0101ti.<\/p>\n<h2>Bie\u017ei sastopamie apkopes uzdevumi<\/h2>\n<ul>\n<li><strong>Regul\u0101ras p\u0101rbaudes:<\/strong> Veiciet pl\u0101notas p\u0101rbaudes, lai noteiktu nolietojumu, nodro\u0161inot, ka visas sast\u0101vda\u013cas darbojas pareizi. Regul\u0101ras p\u0101rbaudes \u013cauj laikus atkl\u0101t probl\u0113mas, kas var nov\u0113rst nopietn\u0101ku probl\u0113mu ra\u0161anos.<\/li>\n<li><strong>Piem\u0113rota e\u013c\u013co\u0161ana:<\/strong> P\u0101rliecinieties, ka cilindrs un t\u0101 sast\u0101vda\u013cas ir pien\u0101c\u012bgi iee\u013c\u013cotas, lai nodro\u0161in\u0101tu vienm\u0113r\u012bgu darb\u012bbu. Pareiza e\u013c\u013co\u0161ana samazina berzi un pagarina bl\u012bv\u0113jumu un cilindra sast\u0101vda\u013cu kalpo\u0161anas laiku.<\/li>\n<li><strong>Bl\u012bv\u0113juma nomai\u0146a un kalibr\u0113\u0161ana:<\/strong> Regul\u0101ri p\u0101rbaudiet bl\u012bves, vai nav nodiluma paz\u012bmju, un nomainiet t\u0101s p\u0113c nepiecie\u0161am\u012bbas. Balona kalibr\u0113\u0161ana nodro\u0161ina, ka tas darbojas noteikto parametru robe\u017e\u0101s, uzlabojot veiktsp\u0113ju un dro\u0161\u012bbu.<\/li>\n<\/ul>\n<p>Uzst\u0101d\u012b\u0161anas proces\u0101 ir \u013coti svar\u012bgi pareizi izl\u012bdzin\u0101t cilindru. Izmantojiet piem\u0113rotus mont\u0101\u017eas kron\u0161teinus, lai efekt\u012bvi nostiprin\u0101tu cilindru. Ieteicamo p\u0101rbaudes, remonta un nomai\u0146as proced\u016bru iev\u0113ro\u0161ana nodro\u0161ina cilindra ilgm\u016b\u017e\u012bbu, uzlabojot t\u0101 veiktsp\u0113ju un uzticam\u012bbu.<\/p>\n<p><img decoding=\"async\" src=\"https:\/\/www.hydraulic-cylinders.net\/wp-content\/uploads\/2025\/04\/songte-chushion-collar.webp\" alt=\"Spilvenu apkakle\"><\/p>\n<h2>Dro\u0161\u012bbas apsv\u0113rumi un vides faktori<\/h2>\n<p>Str\u0101d\u0101jot ar str\u0113les cilindriem, dro\u0161\u012bbas pas\u0101kumi ir \u0101rk\u0101rt\u012bgi svar\u012bgi. Operatoriem vienm\u0113r j\u0101apzin\u0101s iesp\u0113jamie apdraud\u0113jumi, kas saist\u012bti ar hidraulisko apr\u012bkojumu. J\u0101valk\u0101 dro\u0161\u012bbas ap\u0123\u0113rbs un, darbinot un apkopjot apr\u012bkojumu, j\u0101iev\u0113ro atbilsto\u0161i protokoli. Turkl\u0101t t\u0101di vides faktori k\u0101 pak\u013cau\u0161ana ekstrem\u0101l\u0101m temperat\u016br\u0101m, \u0137\u012bmisk\u0101m viel\u0101m un mitrumam var ietekm\u0113t hidraulisko cilindru darb\u012bbu. Regul\u0101ra darba vides nov\u0113rt\u0113\u0161ana un atbilsto\u0161i aizsardz\u012bbas pas\u0101kumi var mazin\u0101t \u0161os riskus, nodro\u0161inot dro\u0161u un efekt\u012bvu darb\u012bbu.<\/p>\n<h2>Probl\u0113mu nov\u0113r\u0161ana un bie\u017ei sastopamas probl\u0113mas<\/h2>\n<h3>Bie\u017ei sastopamas probl\u0113mas<\/h3>\n<ul>\n<li><strong>Nopl\u016bdes:<\/strong> Nopl\u016bdes bie\u017ei izraisa nolietotas bl\u012bves vai nepareiza uzst\u0101d\u012b\u0161ana. Regul\u0101ras p\u0101rbaudes var pal\u012bdz\u0113t savlaic\u012bgi identific\u0113t un nov\u0113rst \u0161\u012bs probl\u0113mas.<\/li>\n<li><strong>Slikta veiktsp\u0113ja:<\/strong> Samazin\u0101tu cilindru veiktsp\u0113ju var izrais\u012bt nepietiekama e\u013c\u013co\u0161ana vai iek\u0161\u0113jais nodilums. Regul\u0101ra apkope un e\u013c\u013co\u0161ana ir galvenie faktori, kas nov\u0113r\u0161 \u0161o probl\u0113mu.<\/li>\n<li><strong>P\u0101rkar\u0161ana:<\/strong> P\u0101rkar\u0161ana var rasties p\u0101rm\u0113r\u012bgas slodzes vai hidraulisk\u0101 \u0161\u0137idruma tr\u016bkuma d\u0113\u013c. Cilindra darb\u012bbas apst\u0101k\u013cu uzraudz\u012bba var nov\u0113rst p\u0101rkar\u0161anu.<\/li>\n<\/ul>\n<h2>Probl\u0113mu nov\u0113r\u0161anas padomi<\/h2>\n<p>Lai efekt\u012bvi diagnostic\u0113tu un nov\u0113rstu probl\u0113mas ar str\u0113les cilindriem, ir nepiecie\u0161ama regul\u0101ra apkope un darb\u012bbas nov\u0113ro\u0161ana. Piev\u0113rsiet uzman\u012bbu nodiluma paz\u012bm\u0113m un nekav\u0113joties nov\u0113rsiet t\u0101s, lai izvair\u012btos no st\u0101vok\u013ca pasliktin\u0101\u0161an\u0101s. Ieviesiet prevent\u012bvus pas\u0101kumus, piem\u0113ram, regul\u0101ras p\u0101rbaudes un savlaic\u012bgus remontdarbus, lai samazin\u0101tu iesp\u0113jamo probl\u0113mu risku.<\/p>\n<p><img decoding=\"async\" src=\"https:\/\/www.hydraulic-cylinders.net\/wp-content\/uploads\/2025\/04\/songte-bushings-with-all-kinds-of-excavator-models.webp\" alt=\"Bukses ar ekskavatora mode\u013ciem\"><\/p>\n<h2>Uz\u0146\u0113muma p\u0101rskats<\/h2>\n<p>M\u0113s esam vado\u0161ais rezerves hidraulisko cilindru ra\u017eot\u0101js, kas pied\u0101v\u0101 pla\u0161u produktu kl\u0101stu gan viet\u0113jiem, gan starptautiskajiem tirgiem. M\u016bsu ap\u0146em\u0161anos nodro\u0161in\u0101t izcil\u012bbu kvalit\u0101t\u0113 un prec\u012bz\u0101 ra\u017eo\u0161an\u0101 atbalsta progres\u012bvas ra\u017eo\u0161anas vad\u012bbas strat\u0113\u0123ijas, izmantojot kvalific\u0113tu tehnisko person\u0101lu un augst\u0101k\u0101s klases digit\u0101l\u0101s ra\u017eo\u0161anas iek\u0101rtas. M\u0113s past\u0101v\u012bgi uzlabojam savu ra\u017eo\u0161anas platformu un pilnveidojam ra\u017eo\u0161anas procesus, lai nodro\u0161in\u0101tu augstas kvalit\u0101tes produkciju. M\u016bsu sp\u0113ja apmierin\u0101t da\u017e\u0101das klientu vajadz\u012bbas izriet no m\u016bsu uzman\u012bbas uz efektivit\u0101ti, precizit\u0101ti un kvalit\u0101ti.<\/p>\n<p><img decoding=\"async\" src=\"https:\/\/www.hydraulic-cylinders.net\/wp-content\/uploads\/2025\/04\/songte-company-4.webp\" alt=\"Uz\u0146\u0113muma p\u0101rskats\"><br \/>\n<img decoding=\"async\" src=\"https:\/\/www.hydraulic-cylinders.net\/wp-content\/uploads\/2025\/04\/songte-company-3.webp\" alt=\"Ra\u017eo\u0161anas iek\u0101rtas\"><\/p>\n<p>M\u016bsu uz\u0146\u0113mums ir atz\u012bts par savu profesionalit\u0101ti, starptautiskajiem sertifik\u0101tiem un piel\u0101gojamiem pakalpojumiem. Ar modern\u0101m ra\u017eo\u0161anas iek\u0101rt\u0101m un stabilu p\u0113cp\u0101rdo\u0161anas servisa sist\u0113mu m\u0113s nodro\u0161in\u0101m, ka katrs produkts atbilst augst\u0101kajiem kvalit\u0101tes un uzticam\u012bbas standartiem.<\/p>\n<p>Autors: lil<\/p>","protected":false},"excerpt":{"rendered":"<p>Boom Cylinder For Carter CT65-8B Introduction to Boom Cylinder The Boom Cylinder for Carter CT65-8B is a vital component in hydraulic systems, specifically designed for heavy machinery, including excavators, backhoes, and front loaders. This hydraulic cylinder controls the movement of the bucket, enabling it to lift, lower, and tilt effectively, which is essential for material [&hellip;]<\/p>","protected":false},"featured_media":17869,"comment_status":"open","ping_status":"closed","template":"","meta":{"_et_pb_use_builder":"","_et_pb_old_content":"","_et_gb_content_width":""},"product_brand":[],"product_cat":[1546],"product_tag":[1547,1496],"class_list":{"0":"post-19516","1":"product","2":"type-product","3":"status-publish","4":"has-post-thumbnail","6":"product_cat-boom-cylinders","7":"product_tag-boom-cylinders","8":"product_tag-hydraulic-cylinders","10":"first","11":"instock","12":"shipping-taxable","13":"product-type-simple"},"amp_enabled":true,"_links":{"self":[{"href":"https:\/\/www.hydraulic-cylinders.net\/lv\/wp-json\/wp\/v2\/product\/19516","targetHints":{"allow":["GET"]}}],"collection":[{"href":"https:\/\/www.hydraulic-cylinders.net\/lv\/wp-json\/wp\/v2\/product"}],"about":[{"href":"https:\/\/www.hydraulic-cylinders.net\/lv\/wp-json\/wp\/v2\/types\/product"}],"replies":[{"embeddable":true,"href":"https:\/\/www.hydraulic-cylinders.net\/lv\/wp-json\/wp\/v2\/comments?post=19516"}],"wp:featuredmedia":[{"embeddable":true,"href":"https:\/\/www.hydraulic-cylinders.net\/lv\/wp-json\/wp\/v2\/media\/17869"}],"wp:attachment":[{"href":"https:\/\/www.hydraulic-cylinders.net\/lv\/wp-json\/wp\/v2\/media?parent=19516"}],"wp:term":[{"taxonomy":"product_brand","embeddable":true,"href":"https:\/\/www.hydraulic-cylinders.net\/lv\/wp-json\/wp\/v2\/product_brand?post=19516"},{"taxonomy":"product_cat","embeddable":true,"href":"https:\/\/www.hydraulic-cylinders.net\/lv\/wp-json\/wp\/v2\/product_cat?post=19516"},{"taxonomy":"product_tag","embeddable":true,"href":"https:\/\/www.hydraulic-cylinders.net\/lv\/wp-json\/wp\/v2\/product_tag?post=19516"}],"curies":[{"name":"wp","href":"https:\/\/api.w.org\/{rel}","templated":true}]}}