{"id":19517,"date":"2025-04-07T06:51:54","date_gmt":"2025-04-07T06:51:54","guid":{"rendered":"https:\/\/www.hydraulic-cylinders.net\/product\/boom-cylinder-for-carter-ct150-8\/"},"modified":"2025-04-07T06:51:56","modified_gmt":"2025-04-07T06:51:56","slug":"boom-cylinder-for-carter-ct150-8","status":"publish","type":"product","link":"https:\/\/www.hydraulic-cylinders.net\/lv\/products\/boom-cylinder-for-carter-ct150-8\/","title":{"rendered":"Str\u0113les cilindrs Carter CT150-8"},"content":{"rendered":"<h1>Str\u0113les cilindrs Carter CT150-8<\/h1>\n<h2>Ievads str\u0113les cilindr\u0101<\/h2>\n<p>Str\u0113les cilindrs ir b\u016btiska smago ma\u0161\u012bnu hidraulisko sist\u0113mu sast\u0101vda\u013ca, \u012bpa\u0161i ekskavatoros, univers\u0101lajos iekr\u0101v\u0113jos un front\u0101lajos iekr\u0101v\u0113jos. Tas ir \u012bpa\u0161i izstr\u0101d\u0101ts, lai kontrol\u0113tu kausa kust\u012bbu, \u013caujot veikt pacel\u0161anas, nolai\u0161anas un noliek\u0161anas darb\u012bbas, kas ir b\u016btiskas efekt\u012bviem materi\u0101lu apstr\u0101des uzdevumiem. Kausa cilindrs, kas ir hidraulisk\u0101 cilindra veids, sp\u0113l\u0113 iz\u0161\u0137iro\u0161u lomu \u0161aj\u0101s darb\u012bb\u0101s, nodro\u0161inot nepiecie\u0161amo sp\u0113ku, lai prec\u012bzi veiktu lieljaudas uzdevumus.<\/p>\n<p><img decoding=\"async\" src=\"https:\/\/www.hydraulic-cylinders.net\/wp-content\/uploads\/2025\/04\/songte-company-1.webp\" alt=\"Str\u0113les cilindrs\" \/><\/p>\n<h3>Defin\u012bcija un p\u0101rskats<\/h3>\n<p>Kausa cilindrs darbojas, p\u0101rveidojot hidraulisko spiedienu meh\u0101nisk\u0101 sp\u0113k\u0101. Kad hidrauliskais \u0161\u0137idrums tiek ievad\u012bts cilindr\u0101, tas iespie\u017e virzuli, kas savuk\u0101rt p\u0101rvieto piestiprin\u0101to sviru vai kausu. \u0160\u012b sist\u0113ma nodro\u0161ina vienm\u0113r\u012bgas un kontrol\u0113tas kust\u012bbas, padarot to neaizst\u0101jamu celtniec\u012bbas un lauksaimniec\u012bbas darbos, kur j\u0101p\u0101rvieto vai j\u0101apstr\u0101d\u0101 smagi materi\u0101li. Str\u0113les cilindra efektivit\u0101te un uzticam\u012bba nodro\u0161ina, ka operatori var \u0101tri un efekt\u012bvi veikt uzdevumus, samazinot d\u012bkst\u0101ves laiku un palielinot produktivit\u0101ti.<\/p>\n<h2>Str\u0113les cilindra galven\u0101s iez\u012bmes<\/h2>\n<ul>\n<li><strong>Augsta iztur\u012bba un ilgm\u016b\u017e\u012bba:<\/strong> Izgatavots no augstas stipr\u012bbas t\u0113rauda vai alum\u012bnija, kas paredz\u0113ts augsta spiediena un lielu slodzi iztur\u0113\u0161anai, vienlaikus esot iztur\u012bgs pret nodilumu un koroziju.<\/li>\n<li><strong>Efekt\u012bva hidraulisk\u0101 darb\u012bba:<\/strong> Izmanto hidraulisk\u0101s e\u013c\u013cas spiedienu vienm\u0113r\u012bgai un \u0101trai izstiep\u0161anai un ievilk\u0161anai, nodro\u0161inot sp\u0113c\u012bgus stum\u0161anas un vilk\u0161anas sp\u0113kus, kas piem\u0113roti smagiem vai sare\u017e\u0123\u012btiem uzdevumiem.<\/li>\n<li><strong>Da\u017e\u0101di veidi:<\/strong> Pieejams vienk\u0101r\u0161\u0101s darb\u012bbas (izmantojot hidrauliku vien\u0101 virzien\u0101) vai divk\u0101r\u0161\u0101s darb\u012bbas (izmantojot hidrauliku abos virzienos) konfigur\u0101cij\u0101s, da\u017eiem mode\u013ciem ir teleskopiska konstrukcija, kas nodro\u0161ina liel\u0101ku sniedzam\u012bbu, nepalielinot \u0101r\u0113jos izm\u0113rus.<\/li>\n<li><strong>Piel\u0101gojamas opcijas:<\/strong> Var piel\u0101got konkr\u0113t\u0101m tehnikas vajadz\u012bb\u0101m un ekspluat\u0101cijas pras\u012bb\u0101m, uzlabojot daudzpus\u012bbu da\u017e\u0101dos pielietojumos.<\/li>\n<li><strong>Vienk\u0101r\u0161a uzst\u0101d\u012b\u0161ana un apkope:<\/strong> Paredz\u0113ts vienk\u0101r\u0161ai uzst\u0101d\u012b\u0161anai ar lietot\u0101jam draudz\u012bg\u0101m apkopes funkcij\u0101m, kas \u013cauj \u0101tri nomain\u012bt un remont\u0113t.<\/li>\n<\/ul>\n<p>M\u0113s ra\u017eojam \u0161o produktu, un m\u016bsu cilindri var lieliski aizst\u0101t \u0161os hidrauliskos cilindrus.<\/p>\n<p><img decoding=\"async\" src=\"https:\/\/www.hydraulic-cylinders.net\/wp-content\/uploads\/2025\/04\/songte-cylinder-head-with-all-kinds-excavator-models.webp\" alt=\"Ekskavatoru mode\u013ci\" \/><\/p>\n<h2>Str\u0113les cilindra pielietojumi<\/h2>\n<h3>Celtniec\u012bbas apr\u012bkojums<\/h3>\n<p>Ekskavatoros str\u0113les cilindri ir svar\u012bgi augsnes vai gru\u017eu rak\u0161anai, iekrau\u0161anai un p\u0101rvieto\u0161anai. Tie \u013cauj kausam dzi\u013ci iedzi\u013cin\u0101ties zem\u0113, efekt\u012bvi izrokot materi\u0101lus. Ekskavatoros-iekr\u0101v\u0113jos \u0161ie cilindri atvieglo gan rak\u0161anas, gan cel\u0161anas darb\u012bbas, nodro\u0161inot daudzpus\u012bbu b\u016bvlaukumos.<\/p>\n<h3>Lauksaimniec\u012bbas tehnika<\/h3>\n<p>Front\u0101lajos iekr\u0101v\u0113jos str\u0113les cilindri tiek izmantoti augsnes, siena un citu materi\u0101lu sav\u0101k\u0161anai, cel\u0161anai un transport\u0113\u0161anai. Tas padara tos vit\u0101li svar\u012bgus t\u0101diem uzdevumiem k\u0101 kravas automa\u0161\u012bnu iekrau\u0161ana vai lopbar\u012bbas un beramkravu p\u0101rvieto\u0161ana, iev\u0113rojami uzlabojot ra\u017e\u012bgumu saimniec\u012bb\u0101s.<\/p>\n<h3>Rak\u0161anas darbi<\/h3>\n<p>Ekskavatoros kausa cilindrs \u013cauj kausam iek\u013c\u016bt augsn\u0113, efekt\u012bvi veicot rak\u0161anas darbus. \u0160\u012b sp\u0113ja ir \u013coti svar\u012bga b\u016bvniec\u012bbas projektos, zemes att\u012br\u012b\u0161an\u0101 un ainavu veido\u0161an\u0101, kur nepiecie\u0161ama prec\u012bza rak\u0161ana.<\/p>\n<h3>Iel\u0101d\u0113t\u0101ja lietojumprogrammas<\/h3>\n<p>Front\u0101lajos iekr\u0101v\u0113jos str\u0113les cilindri pal\u012bdz efekt\u012bvi pacelt un izg\u0101zt kravas. Tie nodro\u0161ina nepiecie\u0161amo iztur\u012bbu smagu materi\u0101lu apstr\u0101dei, padarot tos par b\u016btiskiem da\u017e\u0101diem iekrau\u0161anas un izkrau\u0161anas darbiem.<\/p>\n<h2>Dizaina apsv\u0113rumi un atlases krit\u0113riji<\/h2>\n<h3>Kravnes\u012bba<\/h3>\n<p>Str\u0113les cilindra kravnes\u012bba ir kritisks projekt\u0113\u0161anas apsv\u0113rums. Cilindram j\u0101b\u016bt projekt\u0113tam t\u0101, lai tas iztur\u0113tu maksim\u0101lo svaru, ar ko tas saskarsies darb\u012bbas laik\u0101. Tas ietver spiediena v\u0113rt\u0113jumu, materi\u0101la iztur\u012bbas un kop\u0113j\u0101s konstrukcijas nov\u0113rt\u0113\u0161anu, lai nodro\u0161in\u0101tu dro\u0161\u012bbu un funkcionalit\u0101ti lielu slod\u017eu gad\u012bjum\u0101.<\/p>\n<h3>Bl\u012bv\u0113juma veiktsp\u0113ja<\/h3>\n<p>Bl\u012bv\u0113jums ir \u013coti svar\u012bgs hidraulisko cilindru pareizai darb\u012bbai. Augstas kvalit\u0101tes bl\u012bv\u0113jumi nov\u0113r\u0161 hidraulisk\u0101 \u0161\u0137idruma nopl\u016bdi, nodro\u0161inot efekt\u012bvu darb\u012bbu un saglab\u0101jot spiedienu. Bl\u012bv\u0113jumu materi\u0101lu, piem\u0113ram, poliuret\u0101na vai nitrila gumijas, izv\u0113le ietekm\u0113 iztur\u012bbu un veiktsp\u0113ju, \u012bpa\u0161i skarbos apst\u0101k\u013cos.<\/p>\n<h3>Iztur\u012bba<\/h3>\n<p>Iztur\u012bba ir galvenais faktors str\u0113les cilindru konstrukcij\u0101. Tiem j\u0101iztur ekstrem\u0101li apst\u0101k\u013ci, tostarp augsts spiediens un temperat\u016bra, vienlaikus iztur\u012bgi pret nodilumu un koroziju. Tas prasa r\u016bp\u012bgu materi\u0101lu un aizsargp\u0101rkl\u0101jumu izv\u0113li, lai pagarin\u0101tu cilindra kalpo\u0161anas laiku.<\/p>\n<h3>Dro\u0161\u012bbas funkcijas<\/h3>\n<p>Dro\u0161\u012bbas elementu iek\u013cau\u0161ana str\u0113les cilindru konstrukcij\u0101 ir \u013coti svar\u012bga. Tas ietver meh\u0101nismus p\u0101rstiep\u0161an\u0101s nov\u0113r\u0161anai, aizsardz\u012bbu pret p\u0101rslodzi un spiediena samazin\u0101\u0161anas sist\u0113mas, lai nodro\u0161in\u0101tu operatora dro\u0161\u012bbu un apr\u012bkojuma uzticam\u012bbu darb\u012bbas laik\u0101.<\/p>\n<h3>Apkopes pieejam\u012bba<\/h3>\n<p>Apkopes pieejam\u012bbas projekt\u0113\u0161ana ir b\u016btiska, lai samazin\u0101tu d\u012bkst\u0101ves laiku. T\u0101das funkcijas k\u0101 viegla piek\u013cuve bl\u012bv\u0113m un e\u013c\u013co\u0161anas punktiem var iev\u0113rojami vienk\u0101r\u0161ot apkopes uzdevumus, \u013caujot veikt savlaic\u012bgus remontdarbus un pagarin\u0101t cilindra ekspluat\u0101cijas laiku.<\/p>\n<p><img decoding=\"async\" src=\"https:\/\/www.hydraulic-cylinders.net\/wp-content\/uploads\/2025\/04\/songte-oil-pipes-and-spare-parts.webp\" alt=\"E\u013c\u013cas caurules un rezerves da\u013cas\" \/><\/p>\n<h2>Cilindra bl\u012bv\u0113\u0161ana un e\u013c\u013co\u0161ana<\/h2>\n<p>Efekt\u012bva bl\u012bv\u0113\u0161ana un e\u013c\u013co\u0161ana ir \u013coti svar\u012bga str\u0113les cilindra darb\u012bbai. Lai nov\u0113rstu hidraulisk\u0101 \u0161\u0137idruma nopl\u016bdi, vienlaikus nodro\u0161inot vienm\u0113r\u012bgu darb\u012bbu, tiek izmantoti da\u017e\u0101di bl\u012bv\u0113jumu veidi, piem\u0113ram, virzu\u013ca bl\u012bv\u0113jumi un stie\u0146a bl\u012bv\u0113jumi. Bl\u012bv\u0113jumi, kas izgatavoti no nodilumiztur\u012bgiem materi\u0101liem, piem\u0113ram, poliuret\u0101na un nitrila gumijas, uzlabo ilgm\u016b\u017e\u012bbu un uzticam\u012bbu.<\/p>\n<p>Cilindra korpuss un v\u012bt\u0146ot\u0101s gala virsmas tiek r\u016bp\u012bgi apstr\u0101d\u0101tas, lai uzlabotu nodilumiztur\u012bbu un bl\u012bv\u0113juma veiktsp\u0113ju, nodro\u0161inot cilindra efekt\u012bvu darb\u012bbu augsta spiediena apst\u0101k\u013cos. Regul\u0101ra e\u013c\u013co\u0161ana ar atbilsto\u0161u hidraulisko e\u013c\u013cu ir b\u016btiska, lai samazin\u0101tu berzi un nodilumu, veicinot virzu\u013ca vienm\u0113r\u012bgu kust\u012bbu cilindr\u0101.<\/p>\n<h2>Prevent\u012bvie apkopes pas\u0101kumi<\/h2>\n<ul>\n<li><strong>Regul\u0101ras p\u0101rbaudes:<\/strong> Veiciet regul\u0101ras p\u0101rbaudes, lai identific\u0113tu jebk\u0101das nodiluma vai boj\u0101jumu paz\u012bmes, nodro\u0161inot savlaic\u012bgu remontu, pirms probl\u0113mas saasin\u0101s.<\/li>\n<li><strong>E\u013c\u013co\u0161ana:<\/strong> P\u0101rliecinieties, ka cilindrs ir pien\u0101c\u012bgi iee\u013c\u013cots ar pareizo hidraulisko e\u013c\u013cu, lai uztur\u0113tu optim\u0101lu veiktsp\u0113ju un nov\u0113rstu nodilumu.<\/li>\n<li><strong>Bl\u012bv\u0113juma nomai\u0146a:<\/strong> Regul\u0101ri p\u0101rbaudiet bl\u012bv\u0113jumu nodilumu un nomainiet tos p\u0113c nepiecie\u0161am\u012bbas, lai nov\u0113rstu nopl\u016bdes un saglab\u0101tu spiediena integrit\u0101ti.<\/li>\n<\/ul>\n<h2>Uzst\u0101d\u012b\u0161anas vadl\u012bnijas<\/h2>\n<p>Pareiza str\u0113les cilindra uzst\u0101d\u012b\u0161ana ir \u013coti svar\u012bga optim\u0101lai veiktsp\u0113jai. Vispirms p\u0101rliecinieties, vai mont\u0101\u017eas virsmas ir t\u012bras un bez gru\u017eiem. R\u016bp\u012bgi novietojiet cilindru pareizaj\u0101 orient\u0101cij\u0101, izmantojot piem\u0113rotus mont\u0101\u017eas kron\u0161teinus, lai to nostiprin\u0101tu viet\u0101. Ir svar\u012bgi izvair\u012bties no nepareizas izl\u012bdzin\u0101\u0161anas, jo tas var izrais\u012bt priek\u0161laic\u012bgu cilindra nodilumu un boj\u0101jumu.<\/p>\n<p>Uzst\u0101d\u012b\u0161anas laik\u0101 p\u0101rliecinieties, vai visi hidrauliskie savienojumi ir cie\u0161i un bez nopl\u016bd\u0113m. P\u0113c uzst\u0101d\u012b\u0161anas p\u0101rbaudiet cilindra darb\u012bbu zem slodzes, lai p\u0101rliecin\u0101tos, ka tas darbojas pareizi. Neparastu trok\u0161\u0146u vai kust\u012bbu uzraudz\u012bba darb\u012bbas laik\u0101 var pal\u012bdz\u0113t laikus identific\u0113t iesp\u0113jam\u0101s probl\u0113mas.<\/p>\n<h2>Bie\u017ei sastopamie apkopes uzdevumi<\/h2>\n<ul>\n<li><strong>Regul\u0101ras p\u0101rbaudes:<\/strong> Veiciet vizu\u0101las p\u0101rbaudes, lai noteiktu nopl\u016bdes, plaisas vai citas nodiluma paz\u012bmes. Tas pal\u012bdz laikus atkl\u0101t potenci\u0101l\u0101s probl\u0113mas un nodro\u0161ina cilindra efekt\u012bvu darb\u012bbu.<\/li>\n<li><strong>Pareiza e\u013c\u013co\u0161ana:<\/strong> P\u0101rliecinieties, vai cilindrs ir iee\u013c\u013cots saska\u0146\u0101 ar ra\u017eot\u0101ja specifik\u0101cij\u0101m. Nepietiekama e\u013c\u013co\u0161ana var izrais\u012bt palielin\u0101tu berzi un nodilumu, samazinot cilindra kalpo\u0161anas laiku.<\/li>\n<li><strong>Bl\u012bv\u0113juma nomai\u0146a:<\/strong> Regul\u0101ri p\u0101rbaudiet bl\u012bv\u0113jumu st\u0101vokli un nomainiet tos p\u0113c nepiecie\u0161am\u012bbas, lai nov\u0113rstu \u0161\u0137idruma nopl\u016bdes un saglab\u0101tu veiktsp\u0113ju.<\/li>\n<\/ul>\n<p>Pareiza cilindra izl\u012bdzin\u0101\u0161ana uzst\u0101d\u012b\u0161anas laik\u0101 ir \u013coti svar\u012bga. Izmantojiet atbilsto\u0161us mont\u0101\u017eas kron\u0161teinus, lai nostiprin\u0101tu cilindru, nodro\u0161inot, ka tas netiek pak\u013cauts nepareizas izl\u012bdzin\u0101\u0161anas slodz\u0113m. Iev\u0113rojiet ieteicam\u0101s p\u0101rbaudes, remonta un deta\u013cu nomai\u0146as proced\u016bras, lai saglab\u0101tu cilindra funkcionalit\u0101ti un pagarin\u0101tu t\u0101 kalpo\u0161anas laiku.<\/p>\n<p><img decoding=\"async\" src=\"https:\/\/www.hydraulic-cylinders.net\/wp-content\/uploads\/2025\/04\/songte-chushion-collar.webp\" alt=\"Spilvenu apkakle\" \/><\/p>\n<h2>Dro\u0161\u012bbas apsv\u0113rumi un vides faktori<\/h2>\n<p>Izmantojot str\u0113les cilindrus, dro\u0161\u012bbas pas\u0101kumi ir \u0101rk\u0101rt\u012bgi svar\u012bgi. Operatoriem j\u0101b\u016bt apm\u0101c\u012btiem, lai izprastu hidraulisko sist\u0113mu darb\u012bbu un ar tiem saist\u012btos riskus. J\u0101valk\u0101 atbilsto\u0161s dro\u0161\u012bbas apr\u012bkojums, un tehnika regul\u0101ri j\u0101p\u0101rbauda, \u200b\u200blai nov\u0113rstu negad\u012bjumus. Lai samazin\u0101tu kait\u0113jumu videi, ir svar\u012bgi ar\u012b apzin\u0101ties hidraulisko \u0161\u0137idrumu ietekmi uz vidi un atbilsto\u0161as \u200b\u200bizlietoto \u0161\u0137idrumu utiliz\u0101cijas metodes.<\/p>\n<h2>Bie\u017ei sastopamo probl\u0113mu nov\u0113r\u0161ana<\/h2>\n<ul>\n<li><strong>Jaudas zudums:<\/strong> Ja cilindrs nenodro\u0161ina pietiekamu sp\u0113ku, p\u0101rbaudiet, vai hidrauliskaj\u0101 sist\u0113m\u0101 nav nopl\u016b\u017eu vai zema \u0161\u0137idruma l\u012bme\u0146a, kas var\u0113tu ietekm\u0113t veiktsp\u0113ju.<\/li>\n<li><strong>Trok\u0161\u0146aina darb\u012bba:<\/strong> Neparastas ska\u0146as var liecin\u0101t par nepareizu izl\u012bdzin\u0101\u0161anu, e\u013c\u013co\u0161anas tr\u016bkumu vai nodilu\u0161iem bl\u012bv\u0113jumiem. P\u0101rbaudiet sist\u0113mu, vai nav probl\u0113mu, un veiciet atbilsto\u0161as \u200b\u200b\u200b\u200bkori\u0123\u0113jo\u0161as darb\u012bbas.<\/li>\n<li><strong>L\u0113na kust\u012bba:<\/strong> L\u0113nu reakcijas laiku var izrais\u012bt iek\u0161\u0113js nodilums, hidraulisk\u0101 \u0161\u0137idruma pies\u0101r\u0146ojums vai probl\u0113mas ar hidraulisko s\u016bkni. Regul\u0101ra apkope var pal\u012bdz\u0113t mazin\u0101t \u0161\u012bs probl\u0113mas.<\/li>\n<\/ul>\n<p>Lai efekt\u012bvi nov\u0113rstu probl\u0113mas, vienm\u0113r skatiet ra\u017eot\u0101ja vadl\u012bnijas un konsult\u0113jieties ar hidraulikas speci\u0101listu, ja probl\u0113mas joproj\u0101m past\u0101v. Prevent\u012bvie pas\u0101kumi, piem\u0113ram, regul\u0101ra apkope un p\u0101rbaudes, var iev\u0113rojami samazin\u0101t \u0161o bie\u017ei sastopamo probl\u0113mu iesp\u0113jam\u012bbu.<\/p>\n<p><img decoding=\"async\" src=\"https:\/\/www.hydraulic-cylinders.net\/wp-content\/uploads\/2025\/04\/songte-bushings-with-all-kinds-of-excavator-models.webp\" alt=\"Bukses ar ekskavatora mode\u013ciem\" \/><\/p>\n<h2>Uz\u0146\u0113muma p\u0101rskats<\/h2>\n<p>M\u0113s esam alternat\u012bvo hidraulisko cilindru ra\u017eot\u0101js, pied\u0101v\u0101jot pla\u0161u produktu kl\u0101stu, kas m\u016bs ir padar\u012bjis par vienu no vado\u0161ajiem ra\u017eot\u0101jiem un vairumtirgot\u0101jiem viet\u0113j\u0101 un starptautiskaj\u0101 tirg\u016b. M\u0113s iev\u0113rojam izcil\u012bbas kvalit\u0101tes principu, ko atbalsta lieliska ra\u017eo\u0161anas darbn\u012bca un r\u016bpniecisk\u0101s ra\u017eo\u0161anas vad\u012bbas strat\u0113\u0123ija. M\u016bsu uz\u0146\u0113mums nep\u0101rtraukti uzlabo savas ra\u017eo\u0161anas iesp\u0113jas, izmantojot kvalific\u0113tu person\u0101lu, modernu digit\u0101lo ra\u017eo\u0161anas apr\u012bkojumu un profesion\u0101las test\u0113\u0161anas sist\u0113mas.<\/p>\n<p>Ap\u0146emoties nodro\u0161in\u0101t augstu efektivit\u0101ti, precizit\u0101ti un kvalit\u0101ti, m\u0113s apmierin\u0101m da\u017e\u0101das klientu vajadz\u012bbas, vienlaikus nodro\u0161inot augst\u0101kos ra\u017eo\u0161anas standartus. M\u016bsu pieredze piel\u0101go\u0161anas jom\u0101, starptautisk\u0101s sertifik\u0101cijas, modern\u0101k\u0101s ra\u017eo\u0161anas iek\u0101rtas un specializ\u0113tais p\u0113cp\u0101rdo\u0161anas serviss v\u0113l vair\u0101k nostiprina m\u016bsu poz\u012bciju k\u0101 uzticams l\u012bderis hidraulisko cilindru nozar\u0113.<\/p>\n<p><img decoding=\"async\" src=\"https:\/\/www.hydraulic-cylinders.net\/wp-content\/uploads\/2025\/04\/songte-company-4.webp\" alt=\"Uz\u0146\u0113muma p\u0101rskats 1\" \/><br \/>\n<img decoding=\"async\" src=\"https:\/\/www.hydraulic-cylinders.net\/wp-content\/uploads\/2025\/04\/songte-company-3.webp\" alt=\"Uz\u0146\u0113muma p\u0101rskats 2\" \/><\/p>\n<p>Autors: lil<\/p>","protected":false},"excerpt":{"rendered":"<p>Boom Cylinder For Carter CT150-8 Introduction to the Boom Cylinder The Boom Cylinder is a vital component in the hydraulic systems of heavy machinery, particularly in excavators, backhoes, and front loaders. It is specifically designed to control the movement of the bucket, allowing for lifting, lowering, and tilting actions essential for efficient material handling tasks. [&hellip;]<\/p>","protected":false},"featured_media":17870,"comment_status":"open","ping_status":"closed","template":"","meta":{"_et_pb_use_builder":"","_et_pb_old_content":"","_et_gb_content_width":""},"product_brand":[],"product_cat":[1546],"product_tag":[1547,1496],"class_list":{"0":"post-19517","1":"product","2":"type-product","3":"status-publish","4":"has-post-thumbnail","6":"product_cat-boom-cylinders","7":"product_tag-boom-cylinders","8":"product_tag-hydraulic-cylinders","10":"first","11":"instock","12":"shipping-taxable","13":"product-type-simple"},"amp_enabled":true,"_links":{"self":[{"href":"https:\/\/www.hydraulic-cylinders.net\/lv\/wp-json\/wp\/v2\/product\/19517","targetHints":{"allow":["GET"]}}],"collection":[{"href":"https:\/\/www.hydraulic-cylinders.net\/lv\/wp-json\/wp\/v2\/product"}],"about":[{"href":"https:\/\/www.hydraulic-cylinders.net\/lv\/wp-json\/wp\/v2\/types\/product"}],"replies":[{"embeddable":true,"href":"https:\/\/www.hydraulic-cylinders.net\/lv\/wp-json\/wp\/v2\/comments?post=19517"}],"wp:featuredmedia":[{"embeddable":true,"href":"https:\/\/www.hydraulic-cylinders.net\/lv\/wp-json\/wp\/v2\/media\/17870"}],"wp:attachment":[{"href":"https:\/\/www.hydraulic-cylinders.net\/lv\/wp-json\/wp\/v2\/media?parent=19517"}],"wp:term":[{"taxonomy":"product_brand","embeddable":true,"href":"https:\/\/www.hydraulic-cylinders.net\/lv\/wp-json\/wp\/v2\/product_brand?post=19517"},{"taxonomy":"product_cat","embeddable":true,"href":"https:\/\/www.hydraulic-cylinders.net\/lv\/wp-json\/wp\/v2\/product_cat?post=19517"},{"taxonomy":"product_tag","embeddable":true,"href":"https:\/\/www.hydraulic-cylinders.net\/lv\/wp-json\/wp\/v2\/product_tag?post=19517"}],"curies":[{"name":"wp","href":"https:\/\/api.w.org\/{rel}","templated":true}]}}