{"id":19518,"date":"2025-04-07T06:51:56","date_gmt":"2025-04-07T06:51:56","guid":{"rendered":"https:\/\/www.hydraulic-cylinders.net\/product\/boom-cylinder-for-carter-ct260-8c\/"},"modified":"2025-04-07T06:51:59","modified_gmt":"2025-04-07T06:51:59","slug":"boom-cylinder-for-carter-ct260-8c","status":"publish","type":"product","link":"https:\/\/www.hydraulic-cylinders.net\/lv\/products\/boom-cylinder-for-carter-ct260-8c\/","title":{"rendered":"Str\u0113les cilindrs Carter CT260-8C"},"content":{"rendered":"<h1>Str\u0113les cilindrs Carter CT260-8C<\/h1>\n<h2>Ievads str\u0113les cilindr\u0101<\/h2>\n<p>Str\u0113les cilindrs ir b\u016btiska hidraulisko sist\u0113mu sast\u0101vda\u013ca, \u012bpa\u0161i smagaj\u0101s ma\u0161\u012bn\u0101s, piem\u0113ram, ekskavatoros, iekr\u0101v\u0113jos ar plati iekr\u0101v\u0113jiem un front\u0101lajos iekr\u0101v\u0113jos. Tas ir paredz\u0113ts kausa kust\u012bbas kontrolei, \u013caujot tam efekt\u012bvi pacelt, nolaist un noliekt. \u0160\u012b funkcionalit\u0101te uzlabo materi\u0101lu apstr\u0101des uzdevumus un ir \u013coti svar\u012bga da\u017e\u0101diem b\u016bvniec\u012bbas un lauksaimniec\u012bbas darbiem. Kausa cilindrs darbojas, p\u0101rveidojot hidraulisko spiedienu meh\u0101nisk\u0101 sp\u0113k\u0101, nodro\u0161inot prec\u012bzas un sp\u0113c\u012bgas kust\u012bbas, kas ir b\u016btiskas sare\u017e\u0123\u012btu uzdevumu veik\u0161an\u0101.<\/p>\n<p><img decoding=\"async\" src=\"https:\/\/www.hydraulic-cylinders.net\/wp-content\/uploads\/2025\/04\/songte-company-1.webp\" alt=\"Str\u0113les cilindra att\u0113ls\"><\/p>\n<h2>Str\u0113les cilindra \u012bpa\u0161\u012bbas<\/h2>\n<ul>\n<li><strong>Augsta iztur\u012bba un ilgm\u016b\u017e\u012bba:<\/strong> Izgatavots no augstas stipr\u012bbas t\u0113rauda vai alum\u012bnija, \u0161is cilindrs iztur augstu spiedienu un lielas slodzes, padarot to piem\u0113rotu skarbajiem darba apst\u0101k\u013ciem.<\/li>\n<li><strong>Efekt\u012bva hidraulisk\u0101 darb\u012bba:<\/strong> Izmanto hidraulisk\u0101s e\u013c\u013cas spiedienu vienm\u0113r\u012bgai izb\u012bd\u012b\u0161anai un ievilk\u0161anai, \u0101tri rea\u0123\u0113jot uz operatora komand\u0101m un nodro\u0161inot sp\u0113c\u012bgu stum\u0161anas un vilk\u0161anas sp\u0113ku.<\/li>\n<li><strong>Da\u017e\u0101di veidi:<\/strong> Pieejams vienvirziena darb\u012bbas (darbojas vien\u0101 virzien\u0101) vai divk\u0101r\u0161as darb\u012bbas (darbojas abos virzienos) konfigur\u0101cij\u0101s, kas atbilst da\u017e\u0101d\u0101m ekspluat\u0101cijas vajadz\u012bb\u0101m. Da\u017ei mode\u013ci ir teleskopiski, kas \u013cauj iev\u0113rojami pagarin\u0101t, nepalielinot \u0101r\u0113jos izm\u0113rus.<\/li>\n<li><strong>Pla\u0161a sader\u012bba:<\/strong> Izstr\u0101d\u0101ts, lai neman\u0101mi aizst\u0101tu eso\u0161os cilindrus, nodro\u0161inot bez kompromisiem attiec\u012bb\u0101 uz veiktsp\u0113ju.<\/li>\n<li><strong>Izmaksu efektivit\u0101te:<\/strong> Nodro\u0161ina uzticamu un ekonomisku risin\u0101jumu tehnikas nomai\u0146as vajadz\u012bb\u0101m, uzlabojot darb\u012bbas efektivit\u0101ti.<\/li>\n<\/ul>\n<p><img decoding=\"async\" src=\"https:\/\/www.hydraulic-cylinders.net\/wp-content\/uploads\/2025\/04\/songte-cylinder-head-with-all-kinds-excavator-models.webp\" alt=\"Cilindru sader\u012bbas att\u0113ls\"><\/p>\n<h2>Str\u0113les cilindra pielietojumi<\/h2>\n<h3>Celtniec\u012bbas apr\u012bkojums<\/h3>\n<p>Ekskavatoros str\u0113les cilindri ir \u013coti svar\u012bgi augsnes vai gru\u017eu rak\u0161anai, iekrau\u0161anai un p\u0101rvieto\u0161anai. Sp\u0113ja regul\u0113t kausa le\u0146\u0137i uzlabo efektivit\u0101ti un precizit\u0101ti rak\u0161anas darbos. Ekskavatoros-iekr\u0101v\u0113jos \u0161ie cilindri pal\u012bdz gan rak\u0161anas, gan cel\u0161anas oper\u0101cij\u0101s, padarot tos daudzpus\u012bgus da\u017e\u0101d\u0101m b\u016bvlaukumiem.<\/p>\n<h3>Lauksaimniec\u012bbas tehnika<\/h3>\n<p>Front\u0101lajos iekr\u0101v\u0113jos str\u0113les cilindri ir b\u016btiski augsnes, siena un citu materi\u0101lu sav\u0101k\u0161anai, cel\u0161anai un transport\u0113\u0161anai. Tie uzlabo ra\u017e\u012bgumu saimniec\u012bb\u0101s, \u013caujot \u0101tri un efekt\u012bvi p\u0101rvietot smagas kravas, kas ir \u013coti svar\u012bgi da\u017e\u0101diem lauksaimniec\u012bbas darbiem.<\/p>\n<h3>Ekskavatori<\/h3>\n<p>Str\u0113les cilindrs \u013cauj kausam efekt\u012bvi iek\u013c\u016bt augsn\u0113, atvieglojot rak\u0161anas procesu. \u0160\u012b funkcionalit\u0101te ir \u013coti svar\u012bga b\u016bvniec\u012bbas projektos, kur grunts ir j\u0101no\u0146em pamatu iekl\u0101\u0161anai un citiem objekta sagatavo\u0161anas darbiem.<\/p>\n<h3>Iekr\u0101v\u0113ji<\/h3>\n<p>Front\u0101lajos iekr\u0101v\u0113jos str\u0113les cilindriem ir b\u016btiska loma materi\u0101lu efekt\u012bv\u0101 cel\u0161an\u0101 un izg\u0101\u0161an\u0101. To konstrukcija nodro\u0161ina augstu celtsp\u0113ju, nodro\u0161inot, ka materi\u0101lus var prec\u012bzi p\u0101rvietot un izg\u0101zt, neapdraudot dro\u0161\u012bbu.<\/p>\n<h2>Dizaina apsv\u0113rumi un atlases krit\u0113riji<\/h2>\n<h3>Kravnes\u012bba<\/h3>\n<p>Izv\u0113loties str\u0113les cilindru, \u0101rk\u0101rt\u012bgi svar\u012bgi ir izprast t\u0101 kravnes\u012bbu. Cilindram j\u0101sp\u0113j iztur\u0113t p\u0101rvietojamo materi\u0101lu svaru, neapdraudot veiktsp\u0113ju. Ra\u017eot\u0101ja specifik\u0101cij\u0101s j\u0101nor\u0101da maksim\u0101l\u0101s slodzes robe\u017eas, nodro\u0161inot, ka izv\u0113l\u0113tais cilindrs atbilst j\u016bsu darb\u012bbas pras\u012bb\u0101m.<\/p>\n<h3>Bl\u012bv\u0113juma integrit\u0101te<\/h3>\n<p>Bl\u012bv\u0113jums ir \u013coti svar\u012bgs hidraulisko cilindru darb\u012bbai. Augstas kvalit\u0101tes bl\u012bv\u0113jumi nov\u0113r\u0161 hidraulisk\u0101 \u0161\u0137idruma nopl\u016bdi, uztur spiedienu un nodro\u0161ina efekt\u012bvu darb\u012bbu. Regul\u0101ras p\u0101rbaudes un modernu bl\u012bv\u0113\u0161anas materi\u0101lu izmanto\u0161ana veicina cilindra ilgm\u016b\u017e\u012bbu un uzticam\u012bbu.<\/p>\n<h3>Iztur\u012bba<\/h3>\n<p>Str\u0113les cilindra materi\u0101ls un izgatavo\u0161anas metodes b\u016btiski ietekm\u0113 t\u0101 iztur\u012bbu. No augstas iztur\u012bbas materi\u0101liem izgatavoti cilindri var iztur\u0113t vides slodzi, padarot tos piem\u0113rotus lieljaudas lietojumiem. P\u0101rliecinieties, vai cilindrs ir konstru\u0113ts t\u0101, lai tas b\u016btu iztur\u012bgs pret nodilumu un koroziju, lai pagarin\u0101tu t\u0101 kalpo\u0161anas laiku.<\/p>\n<h3>Dro\u0161\u012bbas funkcijas<\/h3>\n<p>Izv\u0113loties str\u0113les cilindru, nekad nedr\u012bkst apdraud\u0113t dro\u0161\u012bbu. Mekl\u0113jiet t\u0101das funkcijas k\u0101 dro\u0161\u012bbas v\u0101rsti un spiediena samazin\u0101\u0161anas sist\u0113mas, kas darb\u012bbas laik\u0101 aizsarg\u0101 gan tehniku, gan operatorus. Regul\u0101ra apkope un dro\u0161\u012bbas noteikumu iev\u0113ro\u0161ana ir b\u016btiska negad\u012bjumu nov\u0113r\u0161anai.<\/p>\n<h3>Uzturam\u012bba<\/h3>\n<p>Visbeidzot, izv\u0113loties str\u0113les cilindru, \u0146emiet v\u0113r\u0101 apkopes vienk\u0101r\u0161\u012bbu. Labi izstr\u0101d\u0101ts cilindrs nodro\u0161ina \u0113rtu piek\u013cuvi bl\u012bv\u0113m un iek\u0161\u0113j\u0101m sast\u0101vda\u013c\u0101m, atvieglojot regul\u0101ras p\u0101rbaudes un remontu. Izv\u0113lieties cilindrus, kuriem ir pievienotas detaliz\u0113tas apkopes rokasgr\u0101matas, lai nodro\u0161in\u0101tu optim\u0101lu veiktsp\u0113ju laika gait\u0101.<\/p>\n<p><img decoding=\"async\" src=\"https:\/\/www.hydraulic-cylinders.net\/wp-content\/uploads\/2025\/04\/songte-oil-pipes-and-spare-parts.webp\" alt=\"Apkopes komponentu att\u0113ls\"><\/p>\n<h2>Str\u0113les cilindra bl\u012bves un e\u013c\u013co\u0161ana<\/h2>\n<p>Pareiza bl\u012bv\u0113\u0161ana un e\u013c\u013co\u0161ana ir b\u016btiska str\u0113les cilindru efekt\u012bvai darb\u012bbai. Lai nov\u0113rstu hidraulisk\u0101 \u0161\u0137idruma nopl\u016bdi, tiek izmantoti da\u017e\u0101di bl\u012bv\u0113jumi, tostarp virzu\u013ca bl\u012bv\u0113jumi un stie\u0146a bl\u012bv\u0113jumi. Bl\u012bv\u0113jumi, kas izgatavoti no iztur\u012bgiem materi\u0101liem, piem\u0113ram, poliuret\u0101na un nitrila gumijas, uzlabo nodilumiztur\u012bbu, nodro\u0161inot ilgm\u016b\u017e\u012bbu. Cilindra korpuss un v\u012bt\u0146otie gali tiek prec\u012bzi apstr\u0101d\u0101ti, lai uzlabotu nodiluma \u012bpa\u0161\u012bbas. Regul\u0101ra hidraulisk\u0101s e\u013c\u013cas papildin\u0101\u0161ana ir \u013coti svar\u012bga e\u013c\u013co\u0161anai, jo t\u0101 samazina berzi un nodilumu, pagarinot cilindra kalpo\u0161anas laiku.<\/p>\n<h2>Regul\u0101ra p\u0101rbaude un profilaktisk\u0101 apkope<\/h2>\n<ul>\n<li><strong>Regul\u0101ras p\u0101rbaudes:<\/strong> Regul\u0101ri veiciet vizu\u0101las p\u0101rbaudes, lai p\u0101rliecin\u0101tos, ka nav nodiluma vai boj\u0101jumu paz\u012bmju. Mekl\u0113jiet \u0161\u0137idrumu nopl\u016bdes un p\u0101rliecinieties, ka visas deta\u013cas ir neskartas. Probl\u0113mu agr\u012bna atkl\u0101\u0161ana var nov\u0113rst d\u0101rgus remontdarbus.<\/li>\n<li><strong>E\u013c\u013co\u0161ana:<\/strong> Nodro\u0161iniet atbilsto\u0161u e\u013c\u013co\u0161anu saska\u0146\u0101 ar ra\u017eot\u0101ja nor\u0101d\u012bjumiem. Regul\u0101ri uzkl\u0101jiet hidraulisko e\u013c\u013cu, lai nodro\u0161in\u0101tu vienm\u0113r\u012bgu darb\u012bbu un nov\u0113rstu cilindra p\u0101rkar\u0161anu.<\/li>\n<li><strong>Bl\u012bv\u0113juma nomai\u0146a:<\/strong> Uzraugiet bl\u012bv\u0113jumu st\u0101vokli un nomainiet tos, ja par\u0101d\u0101s nodiluma paz\u012bmes. Pareiza bl\u012bv\u0113\u0161ana ir \u013coti svar\u012bga hidraulisk\u0101 spiediena un veiktsp\u0113jas uztur\u0113\u0161anai.<\/li>\n<\/ul>\n<h2>Str\u0113les cilindra uzst\u0101d\u012b\u0161anas vadl\u012bnijas<\/h2>\n<p>Pareiza str\u0113les cilindra uzst\u0101d\u012b\u0161ana ir \u013coti svar\u012bga optim\u0101lai veiktsp\u0113jai. Vispirms p\u0101rliecinieties, vai mont\u0101\u017eas kron\u0161teini ir pareizi izl\u012bdzin\u0101ti. Izmantojiet atbilsto\u0161us mont\u0101\u017eas balstus, lai nostiprin\u0101tu cilindru, nov\u0113r\u0161ot jebk\u0101du kust\u012bbu darb\u012bbas laik\u0101. Pievelkot skr\u016bves, iev\u0113rojiet ra\u017eot\u0101ja nor\u0101d\u012btos griezes momentus, lai izvair\u012btos no deta\u013cu boj\u0101jumiem. P\u0101rliecinieties, vai hidraulisk\u0101s l\u012bnijas ir pareizi pievienotas un vai nav samezglojumu vai saspiedumu. P\u0113c uzst\u0101d\u012b\u0161anas veiciet testa braucienu, lai p\u0101rliecin\u0101tos par vienm\u0113r\u012bgu darb\u012bbu, un p\u0101rbaudiet, vai nav nopl\u016b\u017eu.<\/p>\n<h2>Bie\u017ei sastopamie apkopes uzdevumi<\/h2>\n<ul>\n<li><strong>Regul\u0101ras p\u0101rbaudes:<\/strong> Regul\u0101ras p\u0101rbaudes pal\u012bdz identific\u0113t potenci\u0101l\u0101s probl\u0113mas, pirms t\u0101s saasin\u0101s. Darb\u012bbas laik\u0101 mekl\u0113jiet nodiluma paz\u012bmes, \u0161\u0137idrumu nopl\u016bdes un neparastus trok\u0161\u0146us.<\/li>\n<li><strong>Pareiza e\u013c\u013co\u0161ana:<\/strong> Ir svar\u012bgi uztur\u0113t pareizu hidraulisk\u0101s e\u013c\u013cas l\u012bmeni. P\u0101rliecinieties, ka e\u013c\u013ca ir t\u012bra un bez piemais\u012bjumiem, un nomainiet to p\u0113c nepiecie\u0161am\u012bbas, lai nodro\u0161in\u0101tu efekt\u012bvu darb\u012bbu.<\/li>\n<li><strong>Bl\u012bv\u0113juma nomai\u0146as un kalibr\u0113\u0161anas p\u0101rbaudes:<\/strong> Regul\u0101ri nomainiet bl\u012bves, kur\u0101m ir nodiluma paz\u012bmes, lai nov\u0113rstu nopl\u016bdes. Turkl\u0101t veiciet kalibr\u0113\u0161anas p\u0101rbaudes, lai p\u0101rliecin\u0101tos, ka cilindrs darbojas noteikto parametru robe\u017e\u0101s, uzlabojot dro\u0161\u012bbu un efektivit\u0101ti.<\/li>\n<\/ul>\n<h2>Dro\u0161\u012bbas apsv\u0113rumi un vides faktori<\/h2>\n<p>Izmantojot str\u0113les cilindrus, dro\u0161\u012bbas pas\u0101kumi ir \u0101rk\u0101rt\u012bgi svar\u012bgi. Operatoriem j\u0101b\u016bt apm\u0101c\u012btiem par pareizu apie\u0161anos un ekspluat\u0101ciju, lai nov\u0113rstu negad\u012bjumus. Dro\u0161\u012bbas protokolu ievie\u0161ana, piem\u0113ram, aizsargl\u012bdzek\u013cu valk\u0101\u0161ana un dro\u0161a att\u0101luma iev\u0113ro\u0161ana no kust\u012bgaj\u0101m da\u013c\u0101m, var mazin\u0101t riskus. Turkl\u0101t j\u0101\u0146em v\u0113r\u0101 vides apsv\u0113rumi, nodro\u0161inot, ka hidrauliskie \u0161\u0137idrumi tiek pareizi apstr\u0101d\u0101ti un utiliz\u0113ti, lai nov\u0113rstu pies\u0101r\u0146ojumu.<\/p>\n<h2>Bie\u017ei sastopamo probl\u0113mu nov\u0113r\u0161ana<\/h2>\n<ul>\n<li><strong>Nopl\u016bdu\u0161as bl\u012bves:<\/strong> Ja hidrauliskais \u0161\u0137idrums nopl\u016bst, p\u0101rbaudiet, vai bl\u012bves nav boj\u0101tas vai nodilu\u0161as. Nekav\u0113joties nomainiet bl\u012bves, lai nov\u0113rstu turpm\u0101ku \u0161\u0137idruma zudumu un uztur\u0113tu spiedienu sist\u0113m\u0101.<\/li>\n<li><strong>L\u0113na darb\u012bba:<\/strong> Ja cilindrs kustas l\u0113ni, p\u0101rbaudiet, vai hidrauliskaj\u0101s l\u012bnij\u0101s nav zems hidraulisk\u0101s e\u013c\u013cas l\u012bmenis vai aizsprostojumi. P\u0101rliecinieties, vai sist\u0113ma ir pien\u0101c\u012bgi iee\u013c\u013cota un bez gru\u017eiem.<\/li>\n<li><strong>Neparastas ska\u0146as:<\/strong> Darb\u012bbas laik\u0101 dzirdamie trok\u0161\u0146i var liecin\u0101t par iek\u0161\u0113ju nodilumu vai nepietiekamu e\u013c\u013co\u0161anu. Veiciet r\u016bp\u012bgu p\u0101rbaudi un nekav\u0113joties nov\u0113rsiet visas meh\u0101nisk\u0101s probl\u0113mas.<\/li>\n<\/ul>\n<h2>Probl\u0113mu nov\u0113r\u0161anas padomi<\/h2>\n<p>Lai efekt\u012bvi nov\u0113rstu probl\u0113mas ar str\u0113les cilindru, s\u0101ciet ar regul\u0101r\u0101m p\u0101rbaud\u0113m. Regul\u0101ras p\u0101rbaudes var pal\u012bdz\u0113t laikus identific\u0113t un nov\u0113rst probl\u0113mas, samazinot d\u012bkst\u0101ves laiku. Ieviesiet prevent\u012bvus pas\u0101kumus, piem\u0113ram, uzturiet pareizu \u0161\u0137idruma l\u012bmeni un nomainiet nolietot\u0101s bl\u012bves, lai samazin\u0101tu iesp\u0113jam\u0101s komplik\u0101cijas. Organiz\u0113ta apkopes \u017eurn\u0101la uztur\u0113\u0161ana var ar\u012b pal\u012bdz\u0113t izsekot cilindra darb\u012bbai un prognoz\u0113t apkopes termi\u0146us.<\/p>\n<p><img decoding=\"async\" src=\"https:\/\/www.hydraulic-cylinders.net\/wp-content\/uploads\/2025\/04\/songte-bushings-with-all-kinds-of-excavator-models.webp\" alt=\"Ekskavatoru bukses att\u0113ls\"><\/p>\n<h2>Par m\u016bsu uz\u0146\u0113mumu<\/h2>\n<p>M\u0113s esam vado\u0161ais rezerves hidraulisko cilindru ra\u017eot\u0101js, kas pied\u0101v\u0101 pla\u0161u produktu kl\u0101stu, kas apmierina gan viet\u0113jo, gan starptautisko tirgu vajadz\u012bbas. M\u016bsu ap\u0146em\u0161an\u0101s sasniegt izcil\u012bbu ir redzama m\u016bsu r\u016bp\u012bgi izstr\u0101d\u0101taj\u0101s ra\u017eo\u0161anas strat\u0113\u0123ij\u0101s, ko atbalsta modernas digit\u0101l\u0101s iek\u0101rtas un kvalit\u0101tes kontroles sist\u0113mas. M\u016bsu tehnisko ekspertu komanda nep\u0101rtraukti uzlabo m\u016bsu ra\u017eo\u0161anas iesp\u0113jas, nodro\u0161inot augstu efektivit\u0101ti, precizit\u0101ti un kvalit\u0101ti. M\u0113s pied\u0101v\u0101jam piel\u0101gotus pakalpojumus, starptautiskus sertifik\u0101tus un izcilu p\u0113cp\u0101rdo\u0161anas atbalstu, padarot m\u016bs par iecien\u012btu izv\u0113li hidraulisko cilindru risin\u0101jumu jom\u0101.<\/p>\n<p><img decoding=\"async\" src=\"https:\/\/www.hydraulic-cylinders.net\/wp-content\/uploads\/2025\/04\/songte-company-4.webp\" alt=\"Uz\u0146\u0113muma att\u0113ls 1\"><br \/>\n<img decoding=\"async\" src=\"https:\/\/www.hydraulic-cylinders.net\/wp-content\/uploads\/2025\/04\/songte-company-3.webp\" alt=\"Uz\u0146\u0113muma att\u0113ls 2\"><\/p>\n<p>Autors: lil<\/p>","protected":false},"excerpt":{"rendered":"<p>Boom Cylinder For Carter CT260-8C Introduction to Boom Cylinder The Boom Cylinder is a vital component in hydraulic systems, particularly in heavy machinery like excavators, backhoe loaders, and front loaders. It is designed to control the movement of the bucket, enabling it to lift, lower, and tilt effectively. This functionality enhances material handling tasks and [&hellip;]<\/p>","protected":false},"featured_media":17871,"comment_status":"open","ping_status":"closed","template":"","meta":{"_et_pb_use_builder":"","_et_pb_old_content":"","_et_gb_content_width":""},"product_brand":[],"product_cat":[1546],"product_tag":[1547,1496],"class_list":{"0":"post-19518","1":"product","2":"type-product","3":"status-publish","4":"has-post-thumbnail","6":"product_cat-boom-cylinders","7":"product_tag-boom-cylinders","8":"product_tag-hydraulic-cylinders","10":"first","11":"instock","12":"shipping-taxable","13":"product-type-simple"},"amp_enabled":true,"_links":{"self":[{"href":"https:\/\/www.hydraulic-cylinders.net\/lv\/wp-json\/wp\/v2\/product\/19518","targetHints":{"allow":["GET"]}}],"collection":[{"href":"https:\/\/www.hydraulic-cylinders.net\/lv\/wp-json\/wp\/v2\/product"}],"about":[{"href":"https:\/\/www.hydraulic-cylinders.net\/lv\/wp-json\/wp\/v2\/types\/product"}],"replies":[{"embeddable":true,"href":"https:\/\/www.hydraulic-cylinders.net\/lv\/wp-json\/wp\/v2\/comments?post=19518"}],"wp:featuredmedia":[{"embeddable":true,"href":"https:\/\/www.hydraulic-cylinders.net\/lv\/wp-json\/wp\/v2\/media\/17871"}],"wp:attachment":[{"href":"https:\/\/www.hydraulic-cylinders.net\/lv\/wp-json\/wp\/v2\/media?parent=19518"}],"wp:term":[{"taxonomy":"product_brand","embeddable":true,"href":"https:\/\/www.hydraulic-cylinders.net\/lv\/wp-json\/wp\/v2\/product_brand?post=19518"},{"taxonomy":"product_cat","embeddable":true,"href":"https:\/\/www.hydraulic-cylinders.net\/lv\/wp-json\/wp\/v2\/product_cat?post=19518"},{"taxonomy":"product_tag","embeddable":true,"href":"https:\/\/www.hydraulic-cylinders.net\/lv\/wp-json\/wp\/v2\/product_tag?post=19518"}],"curies":[{"name":"wp","href":"https:\/\/api.w.org\/{rel}","templated":true}]}}