{"id":19520,"date":"2025-04-07T06:52:01","date_gmt":"2025-04-07T06:52:01","guid":{"rendered":"https:\/\/www.hydraulic-cylinders.net\/product\/boom-cylinder-for-carter-ct70-8g\/"},"modified":"2025-04-07T06:52:03","modified_gmt":"2025-04-07T06:52:03","slug":"boom-cylinder-for-carter-ct70-8g","status":"publish","type":"product","link":"https:\/\/www.hydraulic-cylinders.net\/lv\/products\/boom-cylinder-for-carter-ct70-8g\/","title":{"rendered":"Str\u0113les cilindrs Carter CT70-8G"},"content":{"rendered":"<h1>Str\u0113les cilindrs Carter CT70-8G<\/h1>\n<h2>Izpratne par kausa cilindru<\/h2>\n<p>Carter CT70-8G str\u0113les cilindrs ir specializ\u0113ts hidrauliskais cilindrs, kas paredz\u0113ts kausu kust\u012bbas vad\u012bbai smagaj\u0101s ma\u0161\u012bn\u0101s, piem\u0113ram, ekskavatoros, iekr\u0101v\u0113jos ar ekskavatoru un front\u0101lajos iekr\u0101v\u0113jos. \u0160\u012b hidraulisk\u0101 sast\u0101vda\u013ca \u013cauj kausam pacelties, nolaisties un noliekties, t\u0101d\u0113j\u0101di veicinot efekt\u012bvu materi\u0101lu apstr\u0101di. Kausa cilindram ir iz\u0161\u0137iro\u0161a noz\u012bme hidrauliskaj\u0101s sist\u0113m\u0101s, izmantojot spiediena \u0161\u0137idrumu, lai nodro\u0161in\u0101tu prec\u012bzu vad\u012bbu un jaud\u012bgas kust\u012bbas, kas nepiecie\u0161amas da\u017e\u0101diem b\u016bvniec\u012bbas un lauksaimniec\u012bbas darbiem.<\/p>\n<p><img decoding=\"async\" src=\"https:\/\/www.hydraulic-cylinders.net\/wp-content\/uploads\/2025\/04\/songte-company-1.webp\" alt=\"Str\u0113les cilindra att\u0113ls\"><\/p>\n<h3>Galven\u0101s iez\u012bmes<\/h3>\n<ul>\n<li><strong>Augsta iztur\u012bba un ilgm\u016b\u017e\u012bba:<\/strong> \u0160ie cilindri ir izgatavoti no augstas stipr\u012bbas t\u0113rauda vai alum\u012bnija, un tie var iztur\u0113t augstu spiedienu un lielas slodzes, ir piem\u0113roti skarbajiem darba apst\u0101k\u013ciem, nodro\u0161inot ilgsto\u0161u iztur\u012bbu.<\/li>\n<li><strong>Efekt\u012bva hidraulisk\u0101 darb\u012bba:<\/strong> Cilindrs izmanto hidraulisk\u0101s e\u013c\u013cas spiedienu, lai nodro\u0161in\u0101tu vienm\u0113r\u012bgu izstiep\u0161anu un ievilk\u0161anu, \u0101tri rea\u0123\u0113jot uz vad\u012bbas komand\u0101m un nodro\u0161inot sp\u0113c\u012bgus stum\u0161anas un vilk\u0161anas sp\u0113kus, kas nepiecie\u0161ami smagu un sare\u017e\u0123\u012btu uzdevumu veik\u0161anai.<\/li>\n<li><strong>Da\u017e\u0101di veidi:<\/strong> Pieejams vienvirziena darb\u012bbas (darbojas vien\u0101 virzien\u0101) un divk\u0101r\u0161as darb\u012bbas (darbojas abos virzienos) variantos, kas \u013cauj piel\u0101got atbilsto\u0161i ekspluat\u0101cijas vajadz\u012bb\u0101m, un da\u017ei mode\u013ci ir paredz\u0113ti teleskopiskai izb\u012bd\u012b\u0161anai, nodro\u0161inot liel\u0101ku sasniedzam\u012bbu ierobe\u017eot\u0101s telp\u0101s.<\/li>\n<\/ul>\n<p>M\u0113s ra\u017eojam \u0161o produktu, un m\u016bsu cilindri var lieliski aizst\u0101t da\u017e\u0101dus hidrauliskos cilindrus.<\/p>\n<p><img decoding=\"async\" src=\"https:\/\/www.hydraulic-cylinders.net\/wp-content\/uploads\/2025\/04\/songte-cylinder-head-with-all-kinds-excavator-models.webp\" alt=\"Hidraulisk\u0101 cilindra nomai\u0146a\"><\/p>\n<h2>Str\u0113les cilindra pielietojumi<\/h2>\n<h3>Celtniec\u012bbas apr\u012bkojums<\/h3>\n<p>Ekskavatoros str\u0113les cilindri ir svar\u012bgi zemes vai gru\u017eu rak\u0161anai, iekrau\u0161anai un p\u0101rvieto\u0161anai. Tiem ir b\u016btiska loma gan rak\u0161anas darbos, gan cel\u0161an\u0101 ekskavatoros-iekr\u0101v\u0113jos, nodro\u0161inot vienm\u0113r\u012bgu darb\u012bbas efektivit\u0101ti.<\/p>\n<h3>Lauksaimniec\u012bbas tehnika<\/h3>\n<p>Front\u0101lo iekr\u0101v\u0113ju str\u0113les cilindri ir \u013coti svar\u012bgi augsnes, siena un citu materi\u0101lu sav\u0101k\u0161anai, cel\u0161anai un transport\u0113\u0161anai. Tie nodro\u0161ina nepiecie\u0161amo sp\u0113ku, lai efekt\u012bvi veiktu da\u017e\u0101dus lauksaimniec\u012bbas uzdevumus.<\/p>\n<h3>Ekskavatori<\/h3>\n<p>Str\u0113les cilindri \u013cauj kausam iek\u013c\u016bt augsn\u0113 rak\u0161anas laik\u0101, \u013caujot operatoriem rakt dzi\u013c\u0101k un efekt\u012bv\u0101k, kas ir svar\u012bgi b\u016bvniec\u012bbas un b\u016bvlaukuma sagatavo\u0161anas darbiem.<\/p>\n<h3>Iekr\u0101v\u0113ji<\/h3>\n<p>Front\u0101lajos iekr\u0101v\u0113jos \u0161ie cilindri pal\u012bdz pacelt un izkraut kravas, optimiz\u0113jot materi\u0101lu apstr\u0101di un uzlabojot produktivit\u0101ti darba viet\u0101s.<\/p>\n<h2>Dizaina apsv\u0113rumi un atlases krit\u0113riji<\/h2>\n<h3>Kravnes\u012bba<\/h3>\n<p>Izv\u0113loties str\u0113les cilindru, ir svar\u012bgi \u0146emt v\u0113r\u0101 t\u0101 kravnes\u012bbu, kas nosaka, cik lielu svaru cilindrs var dro\u0161i iztur\u0113t. Pareizi nov\u0113rt\u0113ts cilindrs nodro\u0161ina ekspluat\u0101cijas dro\u0161\u012bbu un efektivit\u0101ti, nov\u0113r\u0161ot k\u013c\u016bmes lielas slodzes darb\u012bbu laik\u0101.<\/p>\n<h3>Bl\u012bv\u0113\u0161ana<\/h3>\n<p>Bl\u012bv\u0113jums ir v\u0113l viens svar\u012bgs aspekts, jo augstas kvalit\u0101tes bl\u012bv\u0113jumi nov\u0113r\u0161 \u0161\u0137idruma nopl\u016bdi un pies\u0101r\u0146ojumu, nodro\u0161inot hidraulisk\u0101s sist\u0113mas ilgm\u016b\u017e\u012bbu un uzticam\u012bbu. Bl\u012bv\u0113jumu materi\u0101lu izv\u0113le ietekm\u0113 veiktsp\u0113ju, \u012bpa\u0161i sare\u017e\u0123\u012btos apst\u0101k\u013cos.<\/p>\n<h3>Iztur\u012bba<\/h3>\n<p>Hidrauliskajiem cilindriem, kas darbojas sare\u017e\u0123\u012btos apst\u0101k\u013cos, iztur\u012bba ir b\u016btiska. J\u0101\u0146em v\u0113r\u0101 t\u0101di faktori k\u0101 iztur\u012bba pret nodilumu un koroziju, jo \u0161ie elementi tie\u0161i ietekm\u0113 cilindra kalpo\u0161anas laiku un veiktsp\u0113ju.<\/p>\n<h3>Dro\u0161\u012bba<\/h3>\n<p>Dro\u0161\u012bbas funkcijas, piem\u0113ram, spiediena samazin\u0101\u0161anas v\u0101rsti un iztur\u012bga konstrukcija, ir b\u016btiskas, lai nov\u0113rstu negad\u012bjumus un traumas ekspluat\u0101cijas laik\u0101. Ir oblig\u0101ti j\u0101nodro\u0161ina, lai \u0161\u012bs funkcijas b\u016btu iek\u013cautas un darbotos jebkur\u0101 hidrauliskaj\u0101 sist\u0113m\u0101.<\/p>\n<h3>Apkope<\/h3>\n<p>V\u0113l viens svar\u012bgs faktors ir viegla apkope. Izv\u0113loties cilindrus, kas \u013cauj viegli p\u0101rbaud\u012bt, e\u013c\u013cot un nomain\u012bt deta\u013cas, tiks samazin\u0101ts d\u012bkst\u0101ves laiks un apkopes izmaksas, t\u0101d\u0113j\u0101di palielinot kop\u0113jo produktivit\u0101ti.<\/p>\n<p><img decoding=\"async\" src=\"https:\/\/www.hydraulic-cylinders.net\/wp-content\/uploads\/2025\/04\/songte-oil-pipes-and-spare-parts.webp\" alt=\"E\u013c\u013cas caurules un rezerves da\u013cas\"><\/p>\n<h2>Bl\u012bv\u0113\u0161ana un e\u013c\u013co\u0161ana<\/h2>\n<p>Pareiza bl\u012bv\u0113\u0161ana un e\u013c\u013co\u0161ana ir b\u016btiska hidraulisko cilindru ilgm\u016b\u017e\u012bbai un efektivit\u0101tei. Lai saglab\u0101tu \u0161\u0137idruma integrit\u0101ti, tiek izmantoti da\u017e\u0101di bl\u012bv\u0113jumi, piem\u0113ram, virzu\u013ca bl\u012bv\u0113jumi un stie\u0146a bl\u012bv\u0113jumi. Bl\u012bv\u0113jumi, kas izgatavoti no iztur\u012bgiem materi\u0101liem, piem\u0113ram, poliuret\u0101na un nitrila gumijas, uzlabo nodilumiztur\u012bbu. Turkl\u0101t cilindra korpuss un v\u012bt\u0146otie gali tiek r\u016bp\u012bgi apstr\u0101d\u0101ti, lai palielin\u0101tu nodilumiztur\u012bbu. Regul\u0101ra e\u013c\u013co\u0161ana ar hidraulisko e\u013c\u013cu ir nepiecie\u0161ama, lai nodro\u0161in\u0101tu vienm\u0113r\u012bgu darb\u012bbu un nov\u0113rstu nodilumu.<\/p>\n<h2>Prevent\u012bvie apkopes pas\u0101kumi<\/h2>\n<ul>\n<li>Regul\u0101ri p\u0101rbaudiet hidraulisk\u0101s l\u012bnijas un savienojumus, vai nav nopl\u016b\u017eu.<\/li>\n<li>P\u0101rliecinieties, ka bl\u012bves ir lab\u0101 st\u0101vokl\u012b, un nomainiet t\u0101s p\u0113c nepiecie\u0161am\u012bbas.<\/li>\n<li>Uzraugiet hidraulisk\u0101 \u0161\u0137idruma l\u012bmeni un kvalit\u0101ti; nepiecie\u0161am\u012bbas gad\u012bjum\u0101 papildiniet vai nomainiet.<\/li>\n<\/ul>\n<h2>Uzst\u0101d\u012b\u0161anas vadl\u012bnijas<\/h2>\n<p>Str\u0113les cilindra uzst\u0101d\u012b\u0161anai nepiecie\u0161ama precizit\u0101te, lai nodro\u0161in\u0101tu optim\u0101lu veiktsp\u0113ju. Vispirms p\u0101rliecinieties, vai darba vieta ir br\u012bva un ir pieejami nepiecie\u0161amie instrumenti. Novietojiet cilindru ar mont\u0101\u017eas kron\u0161teiniem, p\u0101rliecinoties, ka visas skr\u016bves un savienojumi ir pareizi novietoti. Izmantojiet atbilsto\u0161us mont\u0101\u017eas kron\u0161teinus, lai stingri nostiprin\u0101tu cilindru. P\u0113c uzst\u0101d\u012b\u0161anas pirms iek\u0101rtas iedarbin\u0101\u0161anas p\u0101rbaudiet izl\u012bdzin\u0101\u0161anu un darb\u012bbu. Regul\u0101ras p\u0101rbaudes p\u0113c uzst\u0101d\u012b\u0161anas pal\u012bdz\u0113s laikus identific\u0113t visas probl\u0113mas.<\/p>\n<h2>Bie\u017ei sastopamie apkopes uzdevumi<\/h2>\n<h3>Regul\u0101ras p\u0101rbaudes<\/h3>\n<p>Regul\u0101ru p\u0101rbau\u017eu veik\u0161ana ir \u013coti svar\u012bga, lai identific\u0113tu iesp\u0113jam\u0101s probl\u0113mas, pirms t\u0101s saasin\u0101s. P\u0101rbaudiet, vai nav nodiluma paz\u012bmju, nopl\u016b\u017eu vai boj\u0101jumu, kas var\u0113tu trauc\u0113t darb\u012bbu. \u0160o p\u0101rbau\u017eu grafika iev\u0113ro\u0161ana var nodro\u0161in\u0101t proakt\u012bvu apkopi, samazinot negaid\u012btu d\u012bkst\u0101vi.<\/p>\n<h3>Piem\u0113rota e\u013c\u013co\u0161ana<\/h3>\n<p>Pareiza e\u013c\u013co\u0161ana ir \u013coti svar\u012bga, lai nodro\u0161in\u0101tu hidraulisk\u0101 cilindra vienm\u0113r\u012bgu darb\u012bbu. P\u0101rliecinieties, vai hidraulisk\u0101s e\u013c\u013cas l\u012bmenis ir ieteicamaj\u0101 l\u012bmen\u012b, un vienm\u0113r\u012bgi uzkl\u0101jiet to, lai izvair\u012btos no berzes un nodiluma starp kust\u012bgaj\u0101m da\u013c\u0101m. Regul\u0101ras e\u013c\u013co\u0161anas ievie\u0161ana pagarin\u0101s cilindra kalpo\u0161anas laiku.<\/p>\n<h3>Bl\u012bv\u0113juma nomai\u0146a<\/h3>\n<p>Bl\u012bvju nomai\u0146a ir kritiski svar\u012bga sist\u0113mas integrit\u0101tes uztur\u0113\u0161anai. Laika gait\u0101 bl\u012bv\u0113m nolietojoties, t\u0101s var izrais\u012bt nopl\u016bdes un samazin\u0101t veiktsp\u0113ju. Regul\u0101ra bl\u012bvju nomai\u0146a pal\u012bdz\u0113s uztur\u0113t optim\u0101lu darb\u012bbu un nov\u0113rs\u012bs hidraulisk\u0101 \u0161\u0137idruma zudumus.<\/p>\n<p><img decoding=\"async\" src=\"https:\/\/www.hydraulic-cylinders.net\/wp-content\/uploads\/2025\/04\/songte-chushion-collar.webp\" alt=\"Spilvenu apkakles att\u0113ls\"><\/p>\n<h2>Dro\u0161\u012bbas apsv\u0113rumi un vides faktori<\/h2>\n<p>Str\u0101d\u0101jot ar hidrauliskaj\u0101m sist\u0113m\u0101m, dro\u0161\u012bbas pas\u0101kumi ir \u0101rk\u0101rt\u012bgi svar\u012bgi. Vienm\u0113r iev\u0113rojiet ra\u017eot\u0101ja vadl\u012bnijas un izmantojiet dro\u0161\u012bbas apr\u012bkojumu, lai nov\u0113rstu negad\u012bjumus. Turkl\u0101t \u0146emiet v\u0113r\u0101 hidraulisko \u0161\u0137idrumu ietekmi uz vidi un ieviesiet p\u0101rstr\u0101des un utiliz\u0101cijas metodes, kas samazina kait\u0113jumu videi.<\/p>\n<h2>Bie\u017ei sastopamo probl\u0113mu nov\u0113r\u0161ana<\/h2>\n<ul>\n<li><strong>Nopl\u016bde:<\/strong> P\u0101rbaudiet bl\u012bves un savienojumus, vai tie nav boj\u0101ti; nomainiet, ja nepiecie\u0161ams.<\/li>\n<li><strong>Nerea\u0123\u0113jo\u0161a darb\u012bba:<\/strong> P\u0101rliecinieties, vai hidraulisk\u0101 \u0161\u0137idruma l\u012bmenis ir pietiekams, un p\u0101rbaudiet, vai sist\u0113m\u0101 nav aizsprostojumu.<\/li>\n<li><strong>P\u0101rm\u0113r\u012bgs troksnis:<\/strong> P\u0101rbaudiet, vai sist\u0113m\u0101 nav gaisa vai nolietotu deta\u013cu; atgaisojiet sist\u0113mu un nomainiet boj\u0101t\u0101s deta\u013cas, ja nepiecie\u0161ams.<\/li>\n<\/ul>\n<h2>Probl\u0113mu nov\u0113r\u0161anas padomi<\/h2>\n<p>Efekt\u012bva probl\u0113mu nov\u0113r\u0161ana ietver sistem\u0101tiskas hidraulisk\u0101s sist\u0113mas p\u0101rbaudes. S\u0101ciet ar jebk\u0101du neparastu simptomu identific\u0113\u0161anu un to iesp\u0113jamo c\u0113lo\u0146u izseko\u0161anu. Ieviesiet prevent\u012bvus pas\u0101kumus, piem\u0113ram, regul\u0101ru apkopi un p\u0101rbaudes, lai mazin\u0101tu bie\u017ei sastopamas probl\u0113mas, nodro\u0161inot ilgtermi\u0146a uzticam\u012bbu un efektivit\u0101ti.<\/p>\n<p><img decoding=\"async\" src=\"https:\/\/www.hydraulic-cylinders.net\/wp-content\/uploads\/2025\/04\/songte-bushings-with-all-kinds-of-excavator-models.webp\" alt=\"Bukses att\u0113ls\"><\/p>\n<h2>Par m\u016bsu uz\u0146\u0113mumu<\/h2>\n<p>M\u0113s esam vado\u0161ais rezerves hidraulisko cilindru ra\u017eot\u0101js, kas pied\u0101v\u0101 pla\u0161u produktu kl\u0101stu viet\u0113j\u0101 un starptautiskaj\u0101 tirg\u016b. M\u016bsu ap\u0146em\u0161an\u0101s sasniegt izcil\u012bbu ir redzama m\u016bsu pilnveidotaj\u0101s ra\u017eo\u0161anas strat\u0113\u0123ij\u0101s un modernu digit\u0101lo ra\u017eo\u0161anas iek\u0101rtu un profesion\u0101lu test\u0113\u0161anas sist\u0113mu izmanto\u0161an\u0101. Ar sp\u0113c\u012bgu uzsvaru uz kvalit\u0101ti m\u016bsu produkti ir izstr\u0101d\u0101ti, lai efekt\u012bvi apmierin\u0101tu da\u017e\u0101das klientu vajadz\u012bbas.<\/p>\n<h3>Ekspert\u012bze<\/h3>\n<p>M\u016bsu komandas pieredze hidraulisko cilindru projekt\u0113\u0161an\u0101 un ra\u017eo\u0161an\u0101 nodro\u0161ina augstus standartus un veiktsp\u0113jas uzticam\u012bbu.<\/p>\n<h3>Starptautisk\u0101s sertifik\u0101cijas<\/h3>\n<p>M\u0113s iev\u0113rojam starptautiskos standartus, nodro\u0161inot, ka m\u016bsu produkti atbilst stingr\u0101m kvalit\u0101tes un dro\u0161\u012bbas pras\u012bb\u0101m.<\/p>\n<h3>Piel\u0101goti pakalpojumi<\/h3>\n<p>M\u0113s pied\u0101v\u0101jam piel\u0101gotus risin\u0101jumus, kas piel\u0101goti konkr\u0113t\u0101m klientu pras\u012bb\u0101m, uzlabojot lietojumprogrammu elast\u012bbu.<\/p>\n<h3>Uzlabots ra\u017eo\u0161anas apr\u012bkojums<\/h3>\n<p>M\u016bsu modern\u0101k\u0101s ra\u017eo\u0161anas iek\u0101rtas nodro\u0161ina prec\u012bzu ra\u017eo\u0161anu un kvalit\u0101tes nodro\u0161in\u0101\u0161anu.<\/p>\n<h3>P\u0113cp\u0101rdo\u0161anas atbalsts<\/h3>\n<p>M\u0113s nodro\u0161in\u0101m visaptvero\u0161u p\u0113cp\u0101rdo\u0161anas atbalstu, lai nodro\u0161in\u0101tu klientu apmierin\u0101t\u012bbu un produktu uzticam\u012bbu.<\/p>\n<p><img decoding=\"async\" src=\"https:\/\/www.hydraulic-cylinders.net\/wp-content\/uploads\/2025\/04\/songte-company-4.webp\" alt=\"Uz\u0146\u0113muma t\u0113ls\"><br \/>\n<img decoding=\"async\" src=\"https:\/\/www.hydraulic-cylinders.net\/wp-content\/uploads\/2025\/04\/songte-company-3.webp\" alt=\"Uz\u0146\u0113muma t\u0113ls\"><\/p>\n<p>Autors lyl<\/p>","protected":false},"excerpt":{"rendered":"<p>Boom Cylinder For Carter CT70-8G Understanding the Bucket Cylinder The Boom Cylinder for Carter CT70-8G is a specialized hydraulic cylinder designed to control the movement of buckets in heavy machinery such as excavators, backhoe loaders, and front loaders. This hydraulic component allows the bucket to lift, lower, and tilt, facilitating the efficient handling of materials. [&hellip;]<\/p>","protected":false},"featured_media":17873,"comment_status":"open","ping_status":"closed","template":"","meta":{"_et_pb_use_builder":"","_et_pb_old_content":"","_et_gb_content_width":""},"product_brand":[],"product_cat":[1546],"product_tag":[1547,1496],"class_list":{"0":"post-19520","1":"product","2":"type-product","3":"status-publish","4":"has-post-thumbnail","6":"product_cat-boom-cylinders","7":"product_tag-boom-cylinders","8":"product_tag-hydraulic-cylinders","10":"first","11":"instock","12":"shipping-taxable","13":"product-type-simple"},"amp_enabled":true,"_links":{"self":[{"href":"https:\/\/www.hydraulic-cylinders.net\/lv\/wp-json\/wp\/v2\/product\/19520","targetHints":{"allow":["GET"]}}],"collection":[{"href":"https:\/\/www.hydraulic-cylinders.net\/lv\/wp-json\/wp\/v2\/product"}],"about":[{"href":"https:\/\/www.hydraulic-cylinders.net\/lv\/wp-json\/wp\/v2\/types\/product"}],"replies":[{"embeddable":true,"href":"https:\/\/www.hydraulic-cylinders.net\/lv\/wp-json\/wp\/v2\/comments?post=19520"}],"wp:featuredmedia":[{"embeddable":true,"href":"https:\/\/www.hydraulic-cylinders.net\/lv\/wp-json\/wp\/v2\/media\/17873"}],"wp:attachment":[{"href":"https:\/\/www.hydraulic-cylinders.net\/lv\/wp-json\/wp\/v2\/media?parent=19520"}],"wp:term":[{"taxonomy":"product_brand","embeddable":true,"href":"https:\/\/www.hydraulic-cylinders.net\/lv\/wp-json\/wp\/v2\/product_brand?post=19520"},{"taxonomy":"product_cat","embeddable":true,"href":"https:\/\/www.hydraulic-cylinders.net\/lv\/wp-json\/wp\/v2\/product_cat?post=19520"},{"taxonomy":"product_tag","embeddable":true,"href":"https:\/\/www.hydraulic-cylinders.net\/lv\/wp-json\/wp\/v2\/product_tag?post=19520"}],"curies":[{"name":"wp","href":"https:\/\/api.w.org\/{rel}","templated":true}]}}