{"id":19521,"date":"2025-04-07T06:52:03","date_gmt":"2025-04-07T06:52:03","guid":{"rendered":"https:\/\/www.hydraulic-cylinders.net\/product\/boom-cylinder-for-carter-ct85-8a-8b\/"},"modified":"2025-04-07T06:52:06","modified_gmt":"2025-04-07T06:52:06","slug":"boom-cylinder-for-carter-ct85-8a-8b","status":"publish","type":"product","link":"https:\/\/www.hydraulic-cylinders.net\/lv\/products\/boom-cylinder-for-carter-ct85-8a-8b\/","title":{"rendered":"Str\u0113les cilindrs Carter CT85-8A-8B"},"content":{"rendered":"<h1>Str\u0113les cilindrs Carter CT85-8A-8B<\/h1>\n<h2>Ievads str\u0113les cilindros<\/h2>\n<p>The <strong>Str\u0113les cilindrs<\/strong> ir b\u016btiska hidraulisko sist\u0113mu sast\u0101vda\u013ca, kas \u012bpa\u0161i paredz\u0113ta, lai kontrol\u0113tu kausu kust\u012bbu da\u017e\u0101d\u0101s smagaj\u0101s ma\u0161\u012bn\u0101s, piem\u0113ram, ekskavatoros, ekskavatoros-iekr\u0101v\u0113jos un front\u0101lajos iekr\u0101v\u0113jos. \u0160ie cilindri \u013cauj kausam pacelt, nolaist un noliekt, kas atvieglo materi\u0101lu apstr\u0101des uzdevumus. Str\u0113les cilindru funkcionalit\u0101te ir b\u016btiska efekt\u012bvai un lietder\u012bgai darb\u012bbai b\u016bvniec\u012bbas un rak\u0161anas projektos.<\/p>\n<p><img decoding=\"async\" src=\"https:\/\/www.hydraulic-cylinders.net\/wp-content\/uploads\/2025\/04\/songte-company-1.webp\" alt=\"Str\u0113les cilindrs\" \/><\/p>\n<h3>Kas ir str\u0113les cilindrs?<\/h3>\n<p>Str\u0113les cilindrs ir hidraulisk\u0101 cilindra veids, ko izmanto, lai p\u0101rvald\u012btu smag\u0101 apr\u012bkojuma str\u0113les vai sviras vertik\u0101l\u0101s un horizont\u0101l\u0101s kust\u012bbas. P\u0101rveidojot hidraulisko spiedienu line\u0101r\u0101 kust\u012bb\u0101, \u0161ie cilindri nodro\u0161ina nepiecie\u0161amo jaudu cel\u0161anas un rak\u0161anas darb\u012bbu veik\u0161anai. Str\u0113les cilindru projekt\u0113\u0161an\u0101 un konstrukcij\u0101 ir izmantoti augstas iztur\u012bbas materi\u0101li, lai iztur\u0113tu ekstrem\u0101lus ekspluat\u0101cijas apst\u0101k\u013cus, vienlaikus nodro\u0161inot iztur\u012bbu un uzticam\u012bbu.<\/p>\n<h2>Str\u0113les cilindra \u012bpa\u0161\u012bbas<\/h2>\n<ul>\n<li><strong>Augsta iztur\u012bba un ilgm\u016b\u017e\u012bba:<\/strong> \u0160ie cilindri ir izgatavoti no augstas stipr\u012bbas t\u0113rauda vai alum\u012bnija, un tie var iztur\u0113t augstu spiedienu un lielas slodzes, padarot tos piem\u0113rotus skarbajiem darba apst\u0101k\u013ciem.<\/li>\n<li><strong>Efekt\u012bva hidraulisk\u0101 darb\u012bba:<\/strong> Str\u0113les cilindrs darbojas vienm\u0113r\u012bgi, izmantojot hidraulisk\u0101s e\u013c\u013cas spiedienu, lai pan\u0101ktu \u0101tru izstiep\u0161anu un ievilk\u0161anu, nodro\u0161inot sp\u0113c\u012bgu stum\u0161anas un vilk\u0161anas sp\u0113ku smagu materi\u0101lu apstr\u0101dei.<\/li>\n<li><strong>Da\u017e\u0101di veidi:<\/strong> Cilindri ir pieejami vienk\u0101r\u0161\u0101s un divk\u0101r\u0161\u0101s darb\u012bbas variantos, lai atbilstu da\u017e\u0101d\u0101m ekspluat\u0101cijas pras\u012bb\u0101m, un da\u017ei mode\u013ci pied\u0101v\u0101 teleskopiskas konstrukcijas, kas nodro\u0161ina liel\u0101ku sniedzam\u012bbu, nepalielinot \u0101r\u0113jos izm\u0113rus.<\/li>\n<li><strong>Piel\u0101gojams dizains:<\/strong> Str\u0113les cilindrus var piel\u0101got konkr\u0113t\u0101m tehnikas pras\u012bb\u0101m, nodro\u0161inot optim\u0101lu veiktsp\u0113ju da\u017e\u0101dos pielietojumos.<\/li>\n<li><strong>Viegli kopjams:<\/strong> \u0160ie cilindri ir izstr\u0101d\u0101ti, lai atvieglotu apkopi, un tos var vienk\u0101r\u0161i p\u0101rbaud\u012bt un remont\u0113t, lai nodro\u0161in\u0101tu ilgu kalpo\u0161anas laiku.<\/li>\n<\/ul>\n<h2>M\u016bsu ra\u017eo\u0161anas iesp\u0113jas<\/h2>\n<p>M\u0113s specializ\u0113jamies augstas kvalit\u0101tes str\u0113les cilindru ra\u017eo\u0161an\u0101 un varam nodro\u0161in\u0101t perfektus eso\u0161o hidraulisko cilindru aizvietot\u0101jus tirg\u016b.<\/p>\n<p><img decoding=\"async\" src=\"https:\/\/www.hydraulic-cylinders.net\/wp-content\/uploads\/2025\/04\/songte-cylinder-head-with-all-kinds-excavator-models.webp\" alt=\"Hidraulisko cilindru ra\u017eo\u0161ana\" \/><\/p>\n<h2>Str\u0113les cilindra pielietojumi<\/h2>\n<h3>Celtniec\u012bbas apr\u012bkojums<\/h3>\n<p>Ekskavatoros str\u0113les cilindri ir b\u016btiski augsnes vai gru\u017eu rak\u0161anai, iekrau\u0161anai un p\u0101rvieto\u0161anai. Tie nodro\u0161ina nepiecie\u0161amo sp\u0113ku, lai kauss iek\u013c\u016btu zem\u0113 un efekt\u012bvi paceltu smagas kravas. \u0160o cilindru pied\u0101v\u0101t\u0101 prec\u012bz\u0101 vad\u012bba \u013cauj operatoriem veikt sare\u017e\u0123\u012btas kust\u012bbas, padarot tos nenov\u0113rt\u0113jamus b\u016bvniec\u012bbas darbos.<\/p>\n<h3>Lauksaimniec\u012bbas tehnika<\/h3>\n<p>Front\u0101lajos iekr\u0101v\u0113jos str\u0113les cilindri ir atbild\u012bgi par augsnes, siena un citu materi\u0101lu sav\u0101k\u0161anu, cel\u0161anu un transport\u0113\u0161anu. Sp\u0113ja kontrol\u0113t kausa le\u0146\u0137i un augstumu nodro\u0161ina efekt\u012bvu iekrau\u0161anu un izkrau\u0161anu, kas ir \u013coti svar\u012bgi lauksaimniec\u012bbas darbos, kur laiks un efektivit\u0101te ir \u013coti svar\u012bgi.<\/p>\n<h3>Ekskavatori<\/h3>\n<p>Str\u0113les cilindrs \u013cauj ekskavatoriem ar kausu iek\u013c\u016bt augsn\u0113, padarot rak\u0161anas darbus \u0101trus un efekt\u012bvus. Hidraulisk\u0101s sist\u0113mas rea\u0123\u0113tsp\u0113ja \u013cauj veikt detaliz\u0113tus rak\u0161anas darbus, nodro\u0161inot, ka projekti tiek pabeigti atbilsto\u0161i specifik\u0101cij\u0101m un termi\u0146os.<\/p>\n<h3>Iekr\u0101v\u0113ji<\/h3>\n<p>Front\u0101lajos iekr\u0101v\u0113jos str\u0113les cilindri pal\u012bdz efekt\u012bvi pacelt un izg\u0101zt materi\u0101lus. \u0160o cilindru nodro\u0161in\u0101t\u0101 hidraulisk\u0101 jauda nodro\u0161ina, ka smagus materi\u0101lus var viegli apstr\u0101d\u0101t, uzlabojot produktivit\u0101ti darba viet\u0101.<\/p>\n<h2>Dizaina apsv\u0113rumi un atlases krit\u0113riji<\/h2>\n<h3>Kravnes\u012bba<\/h3>\n<p>Izv\u0113loties str\u0113les cilindru, ir svar\u012bgi \u0146emt v\u0113r\u0101 t\u0101 kravnes\u012bbu. Cilindram j\u0101sp\u0113j pacelt un atbalst\u012bt maksim\u0101lo materi\u0101lu svaru, ar kuriem tas var tikt gal\u0101, nerisk\u0113jot saboj\u0101ties. Tas ietver ne tikai materi\u0101lu svaru, bet ar\u012b dinamiskos sp\u0113kus, kas rodas darb\u012bbas laik\u0101.<\/p>\n<h3>Bl\u012bv\u0113jums un iztur\u012bba<\/h3>\n<p>Efekt\u012bva bl\u012bv\u0113\u0161ana ir \u013coti svar\u012bga, lai nov\u0113rstu hidraulisk\u0101 \u0161\u0137idruma nopl\u016bdes, kas var samazin\u0101t veiktsp\u0113ju un palielin\u0101t apkopes nepiecie\u0161am\u012bbu. Lai nodro\u0161in\u0101tu iztur\u012bbu, j\u0101izmanto augstas kvalit\u0101tes bl\u012bv\u0113jumi, un materi\u0101liem j\u0101iztur ekspluat\u0101cijas vides nodilums.<\/p>\n<h3>Dro\u0161\u012bbas funkcijas<\/h3>\n<p>Dro\u0161\u012bba ir \u0101rk\u0101rt\u012bgi svar\u012bga str\u0113les cilindru konstrukcij\u0101. J\u0101integr\u0113 t\u0101das funkcijas k\u0101 p\u0101rslodzes aizsardz\u012bba un atbilsto\u0161i dro\u0161\u012bbas v\u0101rsti, lai nov\u0113rstu negad\u012bjumus, kas rodas hidraulisku k\u013c\u016bmju d\u0113\u013c.<\/p>\n<h3>Apkope un remont\u0113jam\u012bba<\/h3>\n<p>Labi projekt\u0113tam cilindram j\u0101nodro\u0161ina vienk\u0101r\u0161a apkope un remonts. Piek\u013cuves punktiem bl\u012bv\u0113jumu un veidgabalu p\u0101rbaudei un nomai\u0146ai j\u0101b\u016bt viegli pieejam\u0101m, lai samazin\u0101tu d\u012bkst\u0101ves laiku un nodro\u0161in\u0101tu netrauc\u0113tu darb\u012bbu.<\/p>\n<p><img decoding=\"async\" src=\"https:\/\/www.hydraulic-cylinders.net\/wp-content\/uploads\/2025\/04\/songte-oil-pipes-and-spare-parts.webp\" alt=\"Hidraulisko cilindru deta\u013cas\" \/><\/p>\n<h2>Bl\u012bv\u0113\u0161ana un e\u013c\u013co\u0161ana<\/h2>\n<p>Pareiza bl\u012bv\u0113\u0161ana un e\u013c\u013co\u0161ana ir kritiski svar\u012bga str\u0113les cilindru ilgm\u016b\u017e\u012bbai un efektivit\u0101tei. Lai samazin\u0101tu nopl\u016bdes, tiek izmantoti da\u017e\u0101di bl\u012bv\u0113jumi, piem\u0113ram, virzu\u013ca bl\u012bv\u0113jumi un stie\u0146a bl\u012bv\u0113jumi. Bl\u012bv\u0113jumi, kas izgatavoti no t\u0101diem materi\u0101liem k\u0101 poliuret\u0101ns un nitrilgumija, parasti tiek izmantoti to nodilumiztur\u012bbas d\u0113\u013c. Turkl\u0101t cilindra korpuss un v\u012bt\u0146ot\u0101s gala virsmas ir smalki apstr\u0101d\u0101tas, lai uzlabotu nodilumiztur\u012bbu. Regul\u0101ra e\u013c\u013co\u0161ana ar hidraulisko e\u013c\u013cu ir nepiecie\u0161ama, lai nodro\u0161in\u0101tu vienm\u0113r\u012bgu darb\u012bbu un nov\u0113rstu nodilumu.<\/p>\n<h2>Prevent\u012bvie apkopes pas\u0101kumi<\/h2>\n<ul>\n<li><strong>Regul\u0101ras p\u0101rbaudes:<\/strong> P\u0101rbaudiet, vai cilindram un t\u0101 sast\u0101vda\u013c\u0101m nav nodiluma, nopl\u016bdes vai boj\u0101jumu paz\u012bmju. Agr\u012bna atkl\u0101\u0161ana var nov\u0113rst nopietnus boj\u0101jumus.<\/li>\n<li><strong>Piem\u0113rota e\u013c\u013co\u0161ana:<\/strong> Nodro\u0161iniet, lai hidraulisk\u0101 e\u013c\u013ca tiktu regul\u0101ri papildin\u0101ta un lai tiktu izmantots pareizais e\u013c\u013cas veids, lai uztur\u0113tu darb\u012bbas efektivit\u0101ti.<\/li>\n<li><strong>Bl\u012bv\u0113juma nomai\u0146a:<\/strong> Uzraugiet bl\u012bv\u0113jumu nodilumu un nomainiet tos p\u0113c nepiecie\u0161am\u012bbas, lai nov\u0113rstu hidraulisk\u0101 \u0161\u0137idruma nopl\u016bdes un saglab\u0101tu veiktsp\u0113ju.<\/li>\n<\/ul>\n<h2>Instal\u0101cijas rokasgr\u0101mata<\/h2>\n<p>Pareiza str\u0113les cilindra uzst\u0101d\u012b\u0161ana ir \u013coti svar\u012bga optim\u0101lai veiktsp\u0113jai. Vispirms p\u0101rliecinieties, vai gan cilindra, gan ma\u0161\u012bnas mont\u0101\u017eas virsmas ir t\u012bras un bez gru\u017eiem. Izmantojiet atbilsto\u0161us mont\u0101\u017eas kron\u0161teinus, lai nostiprin\u0101tu cilindru viet\u0101, nodro\u0161inot, ka tas ir pareizi izl\u012bdzin\u0101ts ar hidrauliskaj\u0101m l\u012bnij\u0101m. Pirms ekspluat\u0101cijas p\u0101rbaudiet, vai visi hidrauliskie savienojumi ir cie\u0161i un bez nopl\u016bd\u0113m. P\u0113c uzst\u0101d\u012b\u0161anas ir svar\u012bgi p\u0101rbaud\u012bt sist\u0113mu, lai p\u0101rliecin\u0101tos, ka cilindrs darbojas vienm\u0113r\u012bgi un efekt\u012bvi.<\/p>\n<h2>Bie\u017ei sastopamie apkopes uzdevumi<\/h2>\n<h3>Regul\u0101ras p\u0101rbaudes<\/h3>\n<p>Regul\u0101ras p\u0101rbaudes ir \u013coti svar\u012bgas, lai laikus identific\u0113tu iesp\u0113jam\u0101s probl\u0113mas. P\u0101rbaudiet, vai nav nodiluma vai boj\u0101jumu paz\u012bmju, un p\u0101rliecinieties, ka hidraulisk\u0101 sist\u0113ma darbojas pareizi. Agr\u012bna atkl\u0101\u0161ana var nov\u0113rst d\u0101rgus remontdarbus un nodro\u0161in\u0101t dro\u0161\u012bbu.<\/p>\n<h3>Pareiza e\u013c\u013co\u0161ana<\/h3>\n<p>Pareizas e\u013c\u013co\u0161anas uztur\u0113\u0161ana ir \u013coti svar\u012bga str\u0113les cilindra nevainojamai darb\u012bbai. Regul\u0101ri p\u0101rbaudiet hidraulisk\u0101s e\u013c\u013cas l\u012bmeni un p\u0101rliecinieties, vai tiek izmantots pareizais e\u013c\u013cas veids, jo tas iev\u0113rojami uzlabos cilindra veiktsp\u0113ju un kalpo\u0161anas laiku.<\/p>\n<h3>Bl\u012bvju nomai\u0146as un kalibr\u0113\u0161anas p\u0101rbaudes<\/h3>\n<p>Nodilu\u0161o bl\u012bv\u0113jumu nomai\u0146a ir b\u016btiska, lai nov\u0113rstu hidraulisk\u0101 \u0161\u0137idruma nopl\u016bdes. Turkl\u0101t kalibr\u0113\u0161anas p\u0101rbau\u017eu veik\u0161ana nodro\u0161ina cilindra optim\u0101lu darb\u012bbu, saglab\u0101jot efektivit\u0101ti un dro\u0161\u012bbu darb\u012bbas laik\u0101.<\/p>\n<p><img decoding=\"async\" src=\"https:\/\/www.hydraulic-cylinders.net\/wp-content\/uploads\/2025\/04\/songte-chushion-collar.webp\" alt=\"Spilvenu apkakle\" \/><\/p>\n<h2>Dro\u0161\u012bbas apsv\u0113rumi un vides faktori<\/h2>\n<p>Dro\u0161\u012bbas pas\u0101kumu ievie\u0161ana, lietojot str\u0113les cilindrus, ir \u013coti svar\u012bga. Operatori ir j\u0101apm\u0101ca par pareizu lieto\u0161anu, lai samazin\u0101tu negad\u012bjumu skaitu. Vides faktori, piem\u0113ram, ekstrem\u0101la temperat\u016bra un mitrums, var ietekm\u0113t hidraulisko sist\u0113mu darb\u012bbu, un j\u0101veic aizsardz\u012bbas pas\u0101kumi, lai nodro\u0161in\u0101tu iztur\u012bbu.<\/p>\n<h2>Probl\u0113mu nov\u0113r\u0161ana un bie\u017ei sastopamas probl\u0113mas<\/h2>\n<ul>\n<li><strong>Hidraulisk\u0101 \u0161\u0137idruma nopl\u016bde:<\/strong> To var izrais\u012bt nolietotas bl\u012bves vai boj\u0101tas \u0161\u013c\u016btenes. P\u0101rbaudiet un nomainiet bl\u012bves, ja nepiecie\u0161ams.<\/li>\n<li><strong>L\u0113na darb\u012bba:<\/strong> Ja cilindrs darbojas l\u0113ni, p\u0101rbaudiet hidraulisk\u0101s e\u013c\u013cas l\u012bmeni un p\u0101rliecinieties, vai sist\u0113m\u0101 nav aizsprostojumu.<\/li>\n<li><strong>Neparastas ska\u0146as:<\/strong> Darb\u012bbas laik\u0101 dzirdami trok\u0161\u0146i var liecin\u0101t par iek\u0161\u0113jiem boj\u0101jumiem vai e\u013c\u013co\u0161anas tr\u016bkumu. Nekav\u0113joties izp\u0113tiet un nov\u0113rsiet visas anom\u0101lijas.<\/li>\n<\/ul>\n<h2>Probl\u0113mu nov\u0113r\u0161anas padomi<\/h2>\n<p>Lai efekt\u012bvi diagnostic\u0113tu probl\u0113mas ar str\u0113les cilindru, vispirms p\u0101rbaudiet hidraulisk\u0101 \u0161\u0137idruma l\u012bmeni un p\u0101rbaudiet, vai nav nopl\u016b\u017eu. Regul\u0101ra apkope var nov\u0113rst daudzas probl\u0113mas. Ja probl\u0113mas joproj\u0101m past\u0101v, konsult\u0113jieties ar speci\u0101listu, lai veiktu visaptvero\u0161u diagnostiku un remontu.<\/p>\n<p><img decoding=\"async\" src=\"https:\/\/www.hydraulic-cylinders.net\/wp-content\/uploads\/2025\/04\/songte-bushings-with-all-kinds-of-excavator-models.webp\" alt=\"Ekskavatora bukses\" \/><\/p>\n<h2>Uz\u0146\u0113muma p\u0101rskats<\/h2>\n<p>M\u0113s esam vado\u0161ais rezerves hidraulisko cilindru ra\u017eot\u0101js, kas ir labi paz\u012bstams gan viet\u0113j\u0101, gan starptautiskaj\u0101 tirg\u016b. M\u016bsu ap\u0146em\u0161an\u0101s sasniegt izcil\u012bbu atspogu\u013cojas m\u016bsu daudzveid\u012bgaj\u0101 produktu kl\u0101st\u0101. M\u0113s izmantojam prec\u012bzi piel\u0101gotu ra\u017eo\u0161anas strat\u0113\u0123iju, uzsverot kvalit\u0101ti un precizit\u0101ti. M\u016bsu kvalific\u0113tie tehni\u0137i un modern\u0101s digit\u0101l\u0101s ra\u017eo\u0161anas iek\u0101rtas uzlabo m\u016bsu ra\u017eo\u0161anas iesp\u0113jas, nodro\u0161inot, ka m\u0113s efekt\u012bvi apmierin\u0101m da\u017e\u0101d\u0101s klientu pras\u012bbas.<\/p>\n<h3>Profesionalit\u0101te un starptautisk\u0101 sertifik\u0101cija<\/h3>\n<p>M\u016bsu produkti atbilst starptautiskajiem standartiem, nodro\u0161inot sirdsmieru m\u016bsu klientiem. M\u0113s pied\u0101v\u0101jam piel\u0101gojamus pakalpojumus, lai apmierin\u0101tu \u012bpa\u0161as vajadz\u012bbas, un nodro\u0161in\u0101m kvalit\u0101tes kontroli katr\u0101 ra\u017eo\u0161anas posm\u0101.<\/p>\n<h3>Ra\u017eo\u0161anas iek\u0101rtas<\/h3>\n<p>M\u016bsu modern\u0101k\u0101s ra\u017eo\u0161anas iek\u0101rtas nodro\u0161ina augstu ra\u017eo\u0161anas efektivit\u0101ti un precizit\u0101ti. Tas \u013cauj mums uztur\u0113t augstu produktu kvalit\u0101ti, vienlaikus iev\u0113rojot ra\u017eo\u0161anas termi\u0146us.<\/p>\n<h3>P\u0113cp\u0101rdo\u0161anas serviss<\/h3>\n<p>M\u0113s lepojamies ar savu stabilo p\u0113cp\u0101rdo\u0161anas atbalstu, nodro\u0161inot klientu apmierin\u0101t\u012bbu, izmantojot uzticamu servisu un nor\u0101d\u012bjumus p\u0113c pirkuma. M\u016bsu komanda vienm\u0113r ir pieejama, lai atbild\u0113tu uz visiem jaut\u0101jumiem vai ba\u017e\u0101m.<\/p>\n<p><img decoding=\"async\" src=\"https:\/\/www.hydraulic-cylinders.net\/wp-content\/uploads\/2025\/04\/songte-company-4.webp\" alt=\"Hidraulisko cilindru uz\u0146\u0113mums\" \/><br \/>\n<img decoding=\"async\" src=\"https:\/\/www.hydraulic-cylinders.net\/wp-content\/uploads\/2025\/04\/songte-company-3.webp\" alt=\"Uz\u0146\u0113muma p\u0101rskats\" \/><\/p>\n<p>Autors: lil<\/p>","protected":false},"excerpt":{"rendered":"<p>Boom Cylinder For Carter CT85-8A-8B Introduction to Boom Cylinders The Boom Cylinder is a crucial component in hydraulic systems, specifically designed to control the motion of buckets in various heavy machinery, such as excavators, backhoe loaders, and front loaders. These cylinders enable the bucket to lift, lower, and tilt, which facilitates material handling tasks. The [&hellip;]<\/p>","protected":false},"featured_media":17874,"comment_status":"open","ping_status":"closed","template":"","meta":{"_et_pb_use_builder":"","_et_pb_old_content":"","_et_gb_content_width":""},"product_brand":[],"product_cat":[1546],"product_tag":[1547,1496],"class_list":{"0":"post-19521","1":"product","2":"type-product","3":"status-publish","4":"has-post-thumbnail","6":"product_cat-boom-cylinders","7":"product_tag-boom-cylinders","8":"product_tag-hydraulic-cylinders","10":"first","11":"instock","12":"shipping-taxable","13":"product-type-simple"},"amp_enabled":true,"_links":{"self":[{"href":"https:\/\/www.hydraulic-cylinders.net\/lv\/wp-json\/wp\/v2\/product\/19521","targetHints":{"allow":["GET"]}}],"collection":[{"href":"https:\/\/www.hydraulic-cylinders.net\/lv\/wp-json\/wp\/v2\/product"}],"about":[{"href":"https:\/\/www.hydraulic-cylinders.net\/lv\/wp-json\/wp\/v2\/types\/product"}],"replies":[{"embeddable":true,"href":"https:\/\/www.hydraulic-cylinders.net\/lv\/wp-json\/wp\/v2\/comments?post=19521"}],"wp:featuredmedia":[{"embeddable":true,"href":"https:\/\/www.hydraulic-cylinders.net\/lv\/wp-json\/wp\/v2\/media\/17874"}],"wp:attachment":[{"href":"https:\/\/www.hydraulic-cylinders.net\/lv\/wp-json\/wp\/v2\/media?parent=19521"}],"wp:term":[{"taxonomy":"product_brand","embeddable":true,"href":"https:\/\/www.hydraulic-cylinders.net\/lv\/wp-json\/wp\/v2\/product_brand?post=19521"},{"taxonomy":"product_cat","embeddable":true,"href":"https:\/\/www.hydraulic-cylinders.net\/lv\/wp-json\/wp\/v2\/product_cat?post=19521"},{"taxonomy":"product_tag","embeddable":true,"href":"https:\/\/www.hydraulic-cylinders.net\/lv\/wp-json\/wp\/v2\/product_tag?post=19521"}],"curies":[{"name":"wp","href":"https:\/\/api.w.org\/{rel}","templated":true}]}}