{"id":19522,"date":"2025-04-07T06:52:25","date_gmt":"2025-04-07T06:52:25","guid":{"rendered":"https:\/\/www.hydraulic-cylinders.net\/product\/boom-cylinder-for-carter-ct240-8c\/"},"modified":"2025-04-07T06:52:28","modified_gmt":"2025-04-07T06:52:28","slug":"boom-cylinder-for-carter-ct240-8c","status":"publish","type":"product","link":"https:\/\/www.hydraulic-cylinders.net\/lv\/products\/boom-cylinder-for-carter-ct240-8c\/","title":{"rendered":"Str\u0113les cilindrs Carter CT240-8C"},"content":{"rendered":"<h1>Str\u0113les cilindrs Carter CT240-8C<\/h1>\n<h2>Ievads str\u0113les cilindros<\/h2>\n<p>Str\u0113les cilindrs, \u012bpa\u0161i Carter CT240-8C modelim, ir b\u016btiska hidrauliska sast\u0101vda\u013ca, kas paredz\u0113ta kausu kust\u012bbas vad\u012bbai da\u017e\u0101d\u0101s smagaj\u0101s ma\u0161\u012bn\u0101s, tostarp ekskavatoros, iekr\u0101v\u0113ju ekskavatoros un front\u0101lajos iekr\u0101v\u0113jos. \u0160is hidrauliskais cilindrs \u013cauj kausam pacelties, nolaisties un noliekties, t\u0101d\u0113j\u0101di efekt\u012bvi atvieglojot materi\u0101lu apstr\u0101des uzdevumus. Str\u0113les cilindri ir \u013coti svar\u012bgi, lai uzlabotu \u0161o ma\u0161\u012bnu darb\u012bbas iesp\u0113jas, \u013caujot t\u0101m viegli veikt sare\u017e\u0123\u012btus uzdevumus.<\/p>\n<p><img decoding=\"async\" src=\"https:\/\/www.hydraulic-cylinders.net\/wp-content\/uploads\/2025\/04\/songte-company-1.webp\" alt=\"Str\u0113les cilindra att\u0113ls\" \/><\/p>\n<h3>Funkcija un pielietojums<\/h3>\n<p>K\u0101 hidraulisk\u0101 cilindra veids, str\u0113les cilindram ir b\u016btiska loma hidrauliskaj\u0101s sist\u0113m\u0101s. Tas galvenok\u0101rt ir atbild\u012bgs par hidraulisk\u0101s ener\u0123ijas p\u0101rveido\u0161anu meh\u0101niskaj\u0101 ener\u0123ij\u0101, \u013caujot smagaj\u0101m ma\u0161\u012bn\u0101m efekt\u012bvi p\u0101rvietoties. Str\u0113les cilindru pielietojums aptver da\u017e\u0101das nozares, tostarp b\u016bvniec\u012bbu un lauksaimniec\u012bbu. Tie ir iz\u0161\u0137iro\u0161i t\u0101dos uzdevumos k\u0101 rak\u0161ana, iekrau\u0161ana un materi\u0101lu transport\u0113\u0161ana. Pateicoties sp\u0113jai iztur\u0113t iev\u0113rojamu svaru un nodro\u0161in\u0101t prec\u012bzas kust\u012bbas, str\u0113les cilindri ir neaizst\u0101jami m\u016bsdienu ma\u0161\u012bn\u0101s.<\/p>\n<h2>Str\u0113les cilindra \u012bpa\u0161\u012bbas<\/h2>\n<ul>\n<li><strong>Augsta iztur\u012bba un ilgm\u016b\u017e\u012bba:<\/strong> \u0160ie cilindri ir izgatavoti no augstas stipr\u012bbas t\u0113rauda vai alum\u012bnija, un tie var iztur\u0113t augstu spiedienu un lielas slodzes, padarot tos piem\u0113rotus skarbajiem darba apst\u0101k\u013ciem.<\/li>\n<li><strong>Efekt\u012bva hidraulisk\u0101 darb\u012bba:<\/strong> Hidraulisk\u0101s e\u013c\u013cas spiediena izmanto\u0161ana nodro\u0161ina vienm\u0113r\u012bgu izvilk\u0161anu un ievilk\u0161anu, nodro\u0161inot sp\u0113c\u012bgu stum\u0161anas un vilk\u0161anas sp\u0113ku, kas ir ide\u0101li piem\u0113rots smagiem un sare\u017e\u0123\u012btiem uzdevumiem.<\/li>\n<li><strong>Da\u017e\u0101di veidi:<\/strong> Pieejams vienk\u0101r\u0161\u0101s vai divk\u0101r\u0161\u0101s darb\u012bbas versij\u0101s, lai apmierin\u0101tu da\u017e\u0101das ekspluat\u0101cijas vajadz\u012bbas, da\u017eiem mode\u013ciem pied\u0101v\u0101jot teleskopiskas iesp\u0113jas liel\u0101kai sasniedzam\u012bbai, nepalielinot \u0101r\u0113jos izm\u0113rus.<\/li>\n<li><strong>Apkopei draudz\u012bgs dizains:<\/strong> Izstr\u0101d\u0101ts, lai nodro\u0161in\u0101tu \u0113rtu piek\u013cuvi komponentiem, atvieglojot ikdienas apkopi un apkalpo\u0161anu.<\/li>\n<li><strong>Korozijas iztur\u012bba:<\/strong> Daudzi str\u0113les cilindri ir apstr\u0101d\u0101ti, lai iztur\u0113tu pret r\u016bsu un koroziju, nodro\u0161inot ilgm\u016b\u017e\u012bbu un uzticam\u012bbu da\u017e\u0101dos apst\u0101k\u013cos.<\/li>\n<\/ul>\n<p>M\u0113s ra\u017eojam \u0161o produktu, un m\u016bsu pied\u0101v\u0101jums var lieliski aizst\u0101t \u0161os hidrauliskos cilindrus.<\/p>\n<p><img decoding=\"async\" src=\"https:\/\/www.hydraulic-cylinders.net\/wp-content\/uploads\/2025\/04\/songte-cylinder-head-with-all-kinds-excavator-models.webp\" alt=\"Hidraulisk\u0101 cilindra nomai\u0146a\" \/><\/p>\n<h2>Str\u0113les cilindru pielietojuma scen\u0101riji<\/h2>\n<h3>Celtniec\u012bbas apr\u012bkojums<\/h3>\n<p>Ekskavatoros str\u0113les cilindri ir b\u016btiski rak\u0161anai, iekrau\u0161anai un augsnes vai gru\u017eu p\u0101rvieto\u0161anai. To meh\u0101nisk\u0101 sviras efekts \u013cauj operatoriem efekt\u012bvi rakt un transport\u0113t materi\u0101lus uz v\u0113lamaj\u0101m viet\u0101m. Ekskavatoros-iekr\u0101v\u0113jos \u0161ie cilindri pal\u012bdz gan rak\u0161anas, gan cel\u0161anas darbos, uzlabojot produktivit\u0101ti b\u016bvlaukumos.<\/p>\n<h3>Lauksaimniec\u012bbas tehnika<\/h3>\n<p>Front\u0101lajos iekr\u0101v\u0113jos str\u0113les cilindri ir \u013coti svar\u012bgi augsnes, siena un citu materi\u0101lu sav\u0101k\u0161anai, cel\u0161anai un transport\u0113\u0161anai. To sp\u0113ja darboties ar liel\u0101m slodz\u0113m padara tos ide\u0101li piem\u0113rotus lauksaimniec\u012bbas darb\u012bb\u0101m, kur\u0101s nepiecie\u0161ams efekt\u012bvi p\u0101rvietot beramkravu materi\u0101lus.<\/p>\n<h3>Ekskavatori<\/h3>\n<p>Ekskavatori izmanto str\u0113les cilindrus, lai efekt\u012bvi iek\u013c\u016btu augsn\u0113, nodro\u0161inot dzi\u013cu rak\u0161anu un materi\u0101la no\u0146em\u0161anu. \u0160\u012b funkcionalit\u0101te ir b\u016btiska da\u017e\u0101diem b\u016bvniec\u012bbas un ainavu veido\u0161anas projektiem, kuros nepiecie\u0161ams iev\u0113rojams dzi\u013cums un precizit\u0101te.<\/p>\n<h3>Iekr\u0101v\u0113ji<\/h3>\n<p>Front\u0101lajos iekr\u0101v\u0113jos str\u0113les cilindri pal\u012bdz efekt\u012bvi pacelt un izkraut kravas. To konstrukcija nodro\u0161ina \u0101tru un efekt\u012bvu darb\u012bbu, kas ir \u013coti svar\u012bgi laikietilp\u012bgiem uzdevumiem operacion\u0101l\u0101 vid\u0113.<\/p>\n<h2>Dizaina apsv\u0113rumi un atlases krit\u0113riji<\/h2>\n<h3>Kravnes\u012bba<\/h3>\n<p>Projekt\u0113jot str\u0113les cilindrus, galvenais apsv\u0113rums ir kravnes\u012bba. Ir svar\u012bgi nodro\u0161in\u0101t, lai cilindrs var\u0113tu iztur\u0113t maksim\u0101lo svaru, ar ko tas saskarsies ekspluat\u0101cijas laik\u0101. Tas ietver iztur\u012bgu materi\u0101lu un in\u017eeniertehnisko specifik\u0101ciju izmanto\u0161anu, lai nodro\u0161in\u0101tu cilindra uzticamu darb\u012bbu slodzes apst\u0101k\u013cos.<\/p>\n<h3>Bl\u012bv\u0113juma integrit\u0101te<\/h3>\n<p>Hidrauliskajos cilindros bl\u012bv\u0113jums ir \u013coti svar\u012bgs, jo tas nov\u0113r\u0161 e\u013c\u013cas nopl\u016bdi un uztur spiedienu. Lai nodro\u0161in\u0101tu cilindra ilgm\u016b\u017e\u012bbu un efektivit\u0101ti, j\u0101izv\u0113las efekt\u012bvi bl\u012bv\u0113\u0161anas meh\u0101nismi, tostarp virzu\u013ca bl\u012bv\u0113jumi un stie\u0146a bl\u012bv\u0113jumi. Lai uzlabotu bl\u012bv\u0113\u0161anas efektivit\u0101ti, parasti tiek izmantoti da\u017e\u0101di materi\u0101li, piem\u0113ram, poliuret\u0101ns un nitrilgumija.<\/p>\n<h3>Iztur\u012bba<\/h3>\n<p>Iztur\u012bba ir b\u016btiska str\u0113les cilindriem, kas bie\u017ei tiek pak\u013cauti skarbiem darba apst\u0101k\u013ciem. Lai nodro\u0161in\u0101tu, ka cilindrs laika gait\u0101 iztur\u0113s nodilumu, j\u0101izv\u0113rt\u0113 t\u0101di faktori k\u0101 materi\u0101la izv\u0113le, virsmas apstr\u0101de un konstrukcijas elementi.<\/p>\n<h3>Dro\u0161\u012bbas funkcijas<\/h3>\n<p>Dro\u0161\u012bba ir \u0101rk\u0101rt\u012bgi svar\u012bga hidraulisko cilindru projekt\u0113\u0161an\u0101. T\u0101du funkciju k\u0101 spiediena samazin\u0101\u0161anas v\u0101rstu un dro\u0161\u012bbas sl\u0113dze\u0146u iek\u013cau\u0161ana var nov\u0113rst negad\u012bjumus un nodro\u0161in\u0101t dro\u0161u darb\u012bbu. Regul\u0101ras dro\u0161\u012bbas nov\u0113rt\u0113\u0161anas un nozares standartu iev\u0113ro\u0161ana ir b\u016btiska, lai mazin\u0101tu riskus.<\/p>\n<h3>Apkalpojam\u012bbas uztur\u0113\u0161ana<\/h3>\n<p>Projekt\u0113jot, \u0146emot v\u0113r\u0101 apkopes iesp\u0113jas, tiek rad\u012bti cilindri, kurus var viegli apkalpot un remont\u0113t. Tas ietver komponentu pieejam\u012bbas apsv\u0113r\u0161anu un iesp\u0113ju nomain\u012bt nolietot\u0101s deta\u013cas bez pla\u0161as demont\u0101\u017eas, kas var ietaup\u012bt laiku un izmaksas apkopes darb\u012bb\u0101s.<\/p>\n<p><img decoding=\"async\" src=\"https:\/\/www.hydraulic-cylinders.net\/wp-content\/uploads\/2025\/04\/songte-oil-pipes-and-spare-parts.webp\" alt=\"Hidraulisko cilindru deta\u013cas\" \/><\/p>\n<h2>Bl\u012bv\u0113\u0161ana un e\u013c\u013co\u0161ana<\/h2>\n<p>Da\u017e\u0101du bl\u012bv\u0113\u0161anas elementu, piem\u0113ram, virzu\u013ca bl\u012bv\u0113jumu un stie\u0146a bl\u012bv\u0113jumu, izmanto\u0161ana ir \u013coti svar\u012bga str\u0113les cilindru efekt\u012bvai darb\u012bbai. Bl\u012bv\u0113jumi, kas izgatavoti no iztur\u012bgiem materi\u0101liem, piem\u0113ram, poliuret\u0101na un nitrila gumijas, nodro\u0161ina izcilu nodilumiztur\u012bbu, nodro\u0161inot ilgm\u016b\u017e\u012bbu. Cilindra korpuss un v\u012bt\u0146otie gali tiek r\u016bp\u012bgi apstr\u0101d\u0101ti, lai uzlabotu nodilumiztur\u012bbu, kas ir \u013coti svar\u012bgi hidraulisk\u0101s efektivit\u0101tes uztur\u0113\u0161anai. Lai samazin\u0101tu berzi un nodro\u0161in\u0101tu vienm\u0113r\u012bgu darb\u012bbu, ir nepiecie\u0161ama regul\u0101ra e\u013c\u013co\u0161ana ar atbilsto\u0161u hidraulisko e\u013c\u013cu.<\/p>\n<h2>Prevent\u012bvie apkopes pas\u0101kumi<\/h2>\n<ul>\n<li><strong>Regul\u0101ras p\u0101rbaudes:<\/strong> Veiciet pl\u0101notas p\u0101rbaudes, lai identific\u0113tu potenci\u0101l\u0101s probl\u0113mas, pirms t\u0101s p\u0101raug nopietn\u0101s probl\u0113m\u0101s. Tas ietver nopl\u016b\u017eu, nodiluma un jebk\u0101du boj\u0101jumu paz\u012bmju p\u0101rbaudi.<\/li>\n<li><strong>Piem\u0113rota e\u013c\u013co\u0161ana:<\/strong> P\u0101rliecinieties, ka hidraulisk\u0101 e\u013c\u013ca ir pietiekami uzpild\u012bta un uztur\u0113ta lab\u0101 st\u0101vokl\u012b, jo nepietiekama e\u013c\u013co\u0161ana var izrais\u012bt palielin\u0101tu nodilumu un priek\u0161laic\u012bgu deta\u013cu boj\u0101jumu.<\/li>\n<li><strong>Bl\u012bv\u0113juma nomai\u0146a:<\/strong> Regul\u0101ri p\u0101rbaudiet un nomainiet bl\u012bves p\u0113c nepiecie\u0161am\u012bbas, lai nov\u0113rstu nopl\u016bdes un uztur\u0113tu sist\u0113mas efektivit\u0101ti.<\/li>\n<\/ul>\n<h2>Pareizas uzst\u0101d\u012b\u0161anas vadl\u012bnijas<\/h2>\n<p>Lai str\u0113les cilindrus veiksm\u012bgi uzst\u0101d\u012btu, nodro\u0161iniet pareizu izl\u012bdzin\u0101\u0161anu ar saist\u012btaj\u0101m iek\u0101rt\u0101m. Tas var nov\u0113rst nevajadz\u012bgu cilindra slodzi un uzlabot darb\u012bbas efektivit\u0101ti. Lai stingri nostiprin\u0101tu cilindru, ir svar\u012bgi izmantot atbilsto\u0161us mont\u0101\u017eas kron\u0161teinus. Uzst\u0101d\u012b\u0161anas laik\u0101 ir \u013coti svar\u012bgi iev\u0113rot ra\u017eot\u0101ja specifik\u0101cijas attiec\u012bb\u0101 uz griezes momenta iestat\u012bjumiem. P\u0113c uzst\u0101d\u012b\u0161anas j\u0101veic r\u016bp\u012bgas p\u0101rbaudes, lai p\u0101rliecin\u0101tos, ka visi savienojumi ir cie\u0161i pievilkti un hidrauliskaj\u0101 sist\u0113m\u0101 nav nopl\u016b\u017eu. Ir svar\u012bgi ar\u012b iev\u0113rot ieskrie\u0161an\u0101s periodu saska\u0146\u0101 ar ra\u017eot\u0101ja nor\u0101d\u012bjumiem, lai cilindrs var\u0113tu vienm\u0113r\u012bgi piel\u0101goties darb\u012bbai.<\/p>\n<h2>Bie\u017ei sastopamie apkopes uzdevumi<\/h2>\n<ul>\n<li><strong>Regul\u0101ras p\u0101rbaudes:<\/strong> Periodiski p\u0101rbaudiet str\u0113les cilindrus, vai nav nodiluma, nopl\u016b\u017eu vai boj\u0101jumu paz\u012bmju. Agr\u012bna atkl\u0101\u0161ana var nov\u0113rst katastrof\u0101las k\u013c\u016bmes.<\/li>\n<li><strong>Pareiza e\u013c\u013co\u0161ana:<\/strong> Uzturiet atbilsto\u0161u e\u013c\u013co\u0161anu, regul\u0101ri p\u0101rbaudot e\u013c\u013cas l\u012bmeni un nodro\u0161inot, ka tiek izmantots pareiza veida hidrauliskais \u0161\u0137idrums.<\/li>\n<li><strong>Bl\u012bv\u0113juma nomai\u0146as un kalibr\u0113\u0161anas p\u0101rbaudes:<\/strong> Laika gait\u0101 bl\u012bves var nolietoties, un t\u0101s ir j\u0101nomaina. Kalibr\u0113\u0161ana nodro\u0161ina cilindra darb\u012bbu noteikto parametru robe\u017e\u0101s.<\/li>\n<\/ul>\n<h2>Dro\u0161\u012bbas apsv\u0113rumi un vides faktori<\/h2>\n<p>Str\u0113les cilindru darb\u012bbas laik\u0101 dro\u0161\u012bbas pas\u0101kumi ir \u0101rk\u0101rt\u012bgi svar\u012bgi gan apr\u012bkojuma, gan person\u0101la aizsardz\u012bbai. Dro\u0161\u012bbas protokolu iek\u013cau\u0161ana ekspluat\u0101cijas laik\u0101 var mazin\u0101t ar hidrauliskaj\u0101m sist\u0113m\u0101m saist\u012btos riskus. Ar\u012b vides faktoriem ir iz\u0161\u0137iro\u0161a noz\u012bme cilindru darb\u012bb\u0101, jo ekstrem\u0101las temperat\u016bras vai saskare ar kod\u012bg\u0101m viel\u0101m var ietekm\u0113t hidraulisko komponentu kalpo\u0161anas laiku un efektivit\u0101ti.<\/p>\n<h2>Probl\u0113mu nov\u0113r\u0161ana un bie\u017ei sastopamas probl\u0113mas<\/h2>\n<ul>\n<li><strong>Nopl\u016bde:<\/strong> Hidraulisk\u0101 \u0161\u0137idruma nopl\u016bde var liecin\u0101t par bl\u012bv\u0113juma atteici vai cilindra boj\u0101jumu. Lai nov\u0113rstu veiktsp\u0113jas zudumu, nepiecie\u0161ama t\u016bl\u012bt\u0113ja p\u0101rbaude un remonts.<\/li>\n<li><strong>L\u0113na kust\u012bba:<\/strong> Ja str\u0113les cilindrs kustas l\u0113ni, tas var b\u016bt saist\u012bts ar nepietiekamu hidraulisk\u0101 \u0161\u0137idruma daudzumu vai aizsprostojumiem sist\u0113m\u0101. P\u0101rbaudiet \u0161\u0137idruma l\u012bmeni un p\u0101rbaudiet, vai nav aizsprostojumu.<\/li>\n<li><strong>Nav kust\u012bbas:<\/strong> Piln\u012bgs kust\u012bbas tr\u016bkums var rasties gaisa d\u0113\u013c hidrauliskaj\u0101s l\u012bnij\u0101s vai nepareizi funkcion\u0113jo\u0161a s\u016bk\u0146a d\u0113\u013c. \u0160\u012bs probl\u0113mas var atrisin\u0101t, izlai\u017eot gaisu no sist\u0113mas vai p\u0101rbaudot s\u016bkni.<\/li>\n<\/ul>\n<h2>Probl\u0113mu nov\u0113r\u0161anas padomi<\/h2>\n<p>Lai efekt\u012bvi diagnostic\u0113tu un nov\u0113rstu probl\u0113mas ar str\u0113les cilindriem, iev\u0113rojiet sistem\u0101tisku pieeju. Vispirms p\u0101rbaudiet, vai nav redzamu nopl\u016b\u017eu vai boj\u0101jumu paz\u012bmju. P\u0113c tam p\u0101rbaudiet hidraulisk\u0101 \u0161\u0137idruma l\u012bmeni un kvalit\u0101ti, jo sliktas kvalit\u0101tes \u0161\u0137idrums var izrais\u012bt veiktsp\u0113jas probl\u0113mas. Papildu ieskatu var sniegt ra\u017eot\u0101ja probl\u0113mu nov\u0113r\u0161anas rokasgr\u0101mata. Prevent\u012bv\u0101s apkopes prakses ievie\u0161ana var iev\u0113rojami samazin\u0101t \u0161o probl\u0113mu ra\u0161an\u0101s iesp\u0113jam\u012bbu.<\/p>\n<p><img decoding=\"async\" src=\"https:\/\/www.hydraulic-cylinders.net\/wp-content\/uploads\/2025\/04\/songte-bushings-with-all-kinds-of-excavator-models.webp\" alt=\"Ekskavatora bukses\" \/><\/p>\n<h2>Par m\u016bsu uz\u0146\u0113mumu<\/h2>\n<p>M\u0113s esam ra\u017eot\u0101js, kas specializ\u0113jas rezerves hidraulisko cilindru ra\u017eo\u0161an\u0101 un lepojas ar pla\u0161u produktu kl\u0101stu. M\u016bsu uz\u0146\u0113mums ir pozicion\u0113jis sevi k\u0101 vado\u0161o hidraulisko cilindru ra\u017eot\u0101ju un vairumtirdzniec\u012bbas izplat\u012bt\u0101ju gan viet\u0113j\u0101, gan starptautiskaj\u0101 tirg\u016b. M\u0113s iev\u0113rojam saist\u012bbas pret kvalit\u0101ti, ko virza izsmalcin\u0101ta ra\u017eo\u0161anas vad\u012bbas strat\u0113\u0123ija. M\u016bsu uzman\u012bbas centr\u0101 ir tehnolo\u0123iskie talanti, progres\u012bvas ra\u017eo\u0161anas iek\u0101rtas un specializ\u0113tas test\u0113\u0161anas sist\u0113mas, kas nep\u0101rtraukti uzlabo m\u016bsu ra\u017eo\u0161anas iesp\u0113jas, nodro\u0161inot augstu efektivit\u0101ti, precizit\u0101ti un kvalit\u0101ti, lai apmierin\u0101tu da\u017e\u0101das klientu vajadz\u012bbas.<\/p>\n<p><img decoding=\"async\" src=\"https:\/\/www.hydraulic-cylinders.net\/wp-content\/uploads\/2025\/04\/songte-company-4.webp\" alt=\"Uz\u0146\u0113muma p\u0101rskats\" \/><br \/>\n<img decoding=\"async\" src=\"https:\/\/www.hydraulic-cylinders.net\/wp-content\/uploads\/2025\/04\/songte-company-3.webp\" alt=\"Uz\u0146\u0113muma telpas\" \/><\/p>\n<p>M\u016bsu pieredze aptver profesion\u0101lus pakalpojumus, starptautiskus sertifik\u0101tus, piel\u0101gotus risin\u0101jumus, modern\u0101k\u0101s ra\u017eo\u0161anas iek\u0101rtas un visaptvero\u0161u p\u0113cp\u0101rdo\u0161anas atbalstu, nodro\u0161inot, ka m\u0113s efekt\u012bvi apmierin\u0101m m\u016bsu klientu vajadz\u012bbas.<\/p>\n<p>Autors: lil<\/p>","protected":false},"excerpt":{"rendered":"<p>Boom Cylinder For Carter CT240-8C Introduction to Boom Cylinders The Boom Cylinder, particularly for the Carter CT240-8C, is an essential hydraulic component designed for controlling the movement of buckets in various heavy machinery, including excavators, backhoe loaders, and front-end loaders. This hydraulic cylinder allows the bucket to lift, lower, and tilt, thereby facilitating material handling [&hellip;]<\/p>","protected":false},"featured_media":17875,"comment_status":"open","ping_status":"closed","template":"","meta":{"_et_pb_use_builder":"","_et_pb_old_content":"","_et_gb_content_width":""},"product_brand":[],"product_cat":[1546],"product_tag":[1547,1496],"class_list":{"0":"post-19522","1":"product","2":"type-product","3":"status-publish","4":"has-post-thumbnail","6":"product_cat-boom-cylinders","7":"product_tag-boom-cylinders","8":"product_tag-hydraulic-cylinders","10":"first","11":"instock","12":"shipping-taxable","13":"product-type-simple"},"amp_enabled":true,"_links":{"self":[{"href":"https:\/\/www.hydraulic-cylinders.net\/lv\/wp-json\/wp\/v2\/product\/19522","targetHints":{"allow":["GET"]}}],"collection":[{"href":"https:\/\/www.hydraulic-cylinders.net\/lv\/wp-json\/wp\/v2\/product"}],"about":[{"href":"https:\/\/www.hydraulic-cylinders.net\/lv\/wp-json\/wp\/v2\/types\/product"}],"replies":[{"embeddable":true,"href":"https:\/\/www.hydraulic-cylinders.net\/lv\/wp-json\/wp\/v2\/comments?post=19522"}],"wp:featuredmedia":[{"embeddable":true,"href":"https:\/\/www.hydraulic-cylinders.net\/lv\/wp-json\/wp\/v2\/media\/17875"}],"wp:attachment":[{"href":"https:\/\/www.hydraulic-cylinders.net\/lv\/wp-json\/wp\/v2\/media?parent=19522"}],"wp:term":[{"taxonomy":"product_brand","embeddable":true,"href":"https:\/\/www.hydraulic-cylinders.net\/lv\/wp-json\/wp\/v2\/product_brand?post=19522"},{"taxonomy":"product_cat","embeddable":true,"href":"https:\/\/www.hydraulic-cylinders.net\/lv\/wp-json\/wp\/v2\/product_cat?post=19522"},{"taxonomy":"product_tag","embeddable":true,"href":"https:\/\/www.hydraulic-cylinders.net\/lv\/wp-json\/wp\/v2\/product_tag?post=19522"}],"curies":[{"name":"wp","href":"https:\/\/api.w.org\/{rel}","templated":true}]}}