{"id":19523,"date":"2025-04-07T06:52:28","date_gmt":"2025-04-07T06:52:28","guid":{"rendered":"https:\/\/www.hydraulic-cylinders.net\/product\/boom-cylinder-for-carter-ct330-8c\/"},"modified":"2025-04-07T06:52:37","modified_gmt":"2025-04-07T06:52:37","slug":"boom-cylinder-for-carter-ct330-8c","status":"publish","type":"product","link":"https:\/\/www.hydraulic-cylinders.net\/lv\/products\/boom-cylinder-for-carter-ct330-8c\/","title":{"rendered":"Str\u0113les cilindrs Carter CT330-8C"},"content":{"rendered":"<h1>Str\u0113les cilindrs Carter CT330-8C<\/h1>\n<h2>Ievads str\u0113les cilindr\u0101<\/h2>\n<p>Carter CT330-8C str\u0113les cilindrs ir specializ\u0113ts hidrauliskais cilindrs, kas paredz\u0113ts kausa kust\u012bbas vad\u012bbai da\u017e\u0101d\u0101s smagaj\u0101s ma\u0161\u012bn\u0101s, piem\u0113ram, ekskavatoros, ekskavatoros un front\u0101lajos iekr\u0101v\u0113jos. \u0160is hidrauliskais komponents ir \u013coti svar\u012bgs darb\u012bb\u0101m, kas saist\u012btas ar kausa pacel\u0161anu, nolai\u0161anu un noliek\u0161anu, t\u0101d\u0113j\u0101di atvieglojot efekt\u012bvus materi\u0101lu apstr\u0101des uzdevumus.<\/p>\n<p>Hidrauliskajiem cilindriem, tostarp str\u0113les cilindriem, ir b\u016btiska loma hidrauliskaj\u0101s sist\u0113m\u0101s. Tie p\u0101rveido hidraulisko ener\u0123iju meh\u0101niskaj\u0101 ener\u0123ij\u0101, nodro\u0161inot vienm\u0113r\u012bgas un kontrol\u0113tas kust\u012bbas, kas nepiecie\u0161amas lieljaudas iek\u0101rt\u0101m. Str\u0113les cilindrs ir \u012bpa\u0161i svar\u012bgs b\u016bvniec\u012bbas un lauksaimniec\u012bbas nozar\u0113s, kur nepiecie\u0161ama smagu kravu cel\u0161ana un prec\u012bza kust\u012bba.<\/p>\n<p><img decoding=\"async\" src=\"https:\/\/www.hydraulic-cylinders.net\/wp-content\/uploads\/2025\/04\/songte-company-1.webp\" alt=\"Str\u0113les cilindrs\"><\/p>\n<h2>Str\u0113les cilindra \u012bpa\u0161\u012bbas<\/h2>\n<ul>\n<li><strong>Augsta iztur\u012bba un ilgm\u016b\u017e\u012bba:<\/strong> \u0160ie cilindri, kas parasti ir izgatavoti no augstas stipr\u012bbas t\u0113rauda vai alum\u012bnija, var iztur\u0113t augstu spiedienu un lielas slodzes, vienlaikus piel\u0101gojoties skarbajai darba videi. Tie ir izstr\u0101d\u0101ti, \u0146emot v\u0113r\u0101 nodilumiztur\u012bbu un korozijas iztur\u012bbu, lai pagarin\u0101tu to kalpo\u0161anas laiku.<\/li>\n<li><strong>Efekt\u012bva hidraulisk\u0101 darb\u012bba:<\/strong> Izmantojot hidraulisk\u0101s e\u013c\u013cas spiedienu, str\u0113les cilindrs nodro\u0161ina vienm\u0113r\u012bgu izstiep\u0161anu un ievilk\u0161anu, \u013caujot \u0101tri rea\u0123\u0113t uz vad\u012bbas komand\u0101m un nodro\u0161inot jaud\u012bgu stum\u0161anas un vilk\u0161anas sp\u0113ku, kas piem\u0113rots smagu materi\u0101lu apstr\u0101dei un sare\u017e\u0123\u012btu uzdevumu veik\u0161anai.<\/li>\n<li><strong>Da\u017e\u0101di veidi:<\/strong> Klienti var izv\u0113l\u0113ties vienas darb\u012bbas (hidrauliska darb\u012bba vien\u0101 virzien\u0101) vai divk\u0101r\u0161as darb\u012bbas (hidrauliska darb\u012bba abos virzienos) cilindrus, lai apmierin\u0101tu da\u017e\u0101das ekspluat\u0101cijas vajadz\u012bbas. Da\u017ei mode\u013ci ir teleskopiski, kas \u013cauj tos pla\u0161\u0101k izstiept, nepalielinot \u0101r\u0113jos izm\u0113rus, kas ir ide\u0101li piem\u0113rots ierobe\u017eotas vietas lietojumprogramm\u0101m.<\/li>\n<li><strong>Piel\u0101gojami risin\u0101jumi:<\/strong> M\u0113s ra\u017eojam \u0161o produktu, lai perfekti aizst\u0101tu eso\u0161os hidrauliskos cilindrus, nodro\u0161inot sader\u012bbu un veiktsp\u0113ju.<\/li>\n<li><strong>Iztur\u012bgs dizains:<\/strong> Ietverot progres\u012bvas in\u017eeniertehnisk\u0101s metodes, str\u0113les cilindrs ir rad\u012bts ilgam kalpo\u0161anas laikam, nodro\u0161inot uzticam\u012bbu sare\u017e\u0123\u012btos apst\u0101k\u013cos.<\/li>\n<\/ul>\n<p><img decoding=\"async\" src=\"https:\/\/www.hydraulic-cylinders.net\/wp-content\/uploads\/2025\/04\/songte-cylinder-head-with-all-kinds-excavator-models.webp\" alt=\"Carter CT330-8C str\u0113les cilindrs\"><\/p>\n<h2>Str\u0113les cilindra pielietojumi<\/h2>\n<h3>Celtniec\u012bbas apr\u012bkojums<\/h3>\n<p>B\u016bvniec\u012bbas ma\u0161\u012bn\u0101s str\u0113les cilindri ir neat\u0146emama ekskavatoru sast\u0101vda\u013ca, kur tie atvieglo rak\u0161anu, iekrau\u0161anu un zemes vai gru\u017eu p\u0101rvieto\u0161anu. Ekskavatoros-iekr\u0101v\u0113jos kausa cilindrs pal\u012bdz gan rak\u0161anas, gan cel\u0161anas darbos, padarot to neaizst\u0101jamu b\u016bvniec\u012bbas projektos.<\/p>\n<h3>Lauksaimniec\u012bbas tehnika<\/h3>\n<p>Front\u0101lajos iekr\u0101v\u0113jos str\u0113les cilindri ir b\u016btiski augsnes, siena un citu materi\u0101lu sav\u0101k\u0161anai, cel\u0161anai un transport\u0113\u0161anai. To uzticam\u012bba nodro\u0161ina lauksaimniec\u012bbas darbu efekt\u012bvu veik\u0161anu, uzlabojot ra\u017e\u012bgumu saimniec\u012bb\u0101s.<\/p>\n<h3>Ekskavatori<\/h3>\n<p>Ekskavatoros str\u0113les cilindrs \u013cauj kausam iek\u013c\u016bt augsn\u0113, atvieglojot efekt\u012bvas rak\u0161anas oper\u0101cijas. T\u0101 prec\u012bz\u0101 vad\u012bba \u013cauj operatoriem veikt detaliz\u0113tus rak\u0161anas darbus, kas ir \u013coti svar\u012bgi vietas sagatavo\u0161anai un ainavu veido\u0161anai.<\/p>\n<h3>Iekr\u0101v\u0113ji<\/h3>\n<p>Front\u0101lajos iekr\u0101v\u0113jos str\u0113les cilindri efekt\u012bvi pal\u012bdz pacelt un izg\u0101zt materi\u0101lus. To stabil\u0101 veiktsp\u0113ja nodro\u0161ina, ka smagas kravas var tikt p\u0101rvald\u012btas ar vieglumu un precizit\u0101ti, samazinot darba laiku un palielinot efektivit\u0101ti.<\/p>\n<h2>Dizaina apsv\u0113rumi un atlases krit\u0113riji<\/h2>\n<h3>Kravnes\u012bba<\/h3>\n<p>Kravnes\u012bba ir kritisks faktors str\u0113les cilindra izv\u0113l\u0113. Katram cilindram j\u0101sp\u0113j iztur\u0113t konkr\u0113to svaru, ko tas pacels vai p\u0101rvietos. Pareizi apr\u0113\u0137ini, kuru pamat\u0101 ir ma\u0161\u012bnas specifik\u0101cijas un ekspluat\u0101cijas pras\u012bbas, nodro\u0161ina dro\u0161\u012bbu un efektivit\u0101ti.<\/p>\n<h3>Bl\u012bv\u0113\u0161anas meh\u0101nismi<\/h3>\n<p>Efekt\u012bvi bl\u012bv\u0113\u0161anas meh\u0101nismi ir b\u016btiski, lai nov\u0113rstu hidraulisk\u0101 \u0161\u0137idruma nopl\u016bdes un uztur\u0113tu spiedienu. Augstas kvalit\u0101tes bl\u012bv\u0113jumi, kas sp\u0113j iztur\u0113t ekstrem\u0101las temperat\u016bras un spiedienus, pagarina cilindra kalpo\u0161anas laiku un nodro\u0161ina optim\u0101lu veiktsp\u0113ju.<\/p>\n<h3>Iztur\u012bba<\/h3>\n<p>Iztur\u012bba ir \u0101rk\u0101rt\u012bgi svar\u012bga str\u0113les cilindru konstrukcij\u0101. Tiem j\u0101b\u016bt izgatavotiem no materi\u0101liem, kas laika gait\u0101 ir iztur\u012bgi pret nodilumu, koroziju un nogurumu, nodro\u0161inot to darb\u012bbu skarbos apst\u0101k\u013cos un intens\u012bv\u0101 lieto\u0161an\u0101.<\/p>\n<h3>Dro\u0161\u012bbas funkcijas<\/h3>\n<p>Dro\u0161\u012bba ir galvenais apsv\u0113rums hidraulisko cilindru konstrukcij\u0101. T\u0101das funkcijas k\u0101 p\u0101rslodzes aizsardz\u012bba un dro\u0161\u012bbas v\u0101rsti pal\u012bdz nov\u0113rst negad\u012bjumus un iek\u0101rtu boj\u0101jumus, aizsarg\u0101jot gan operatorus, gan ma\u0161\u012bnas darb\u012bbas laik\u0101.<\/p>\n<h3>Uzturam\u012bba<\/h3>\n<p>Izv\u0113lieties konstrukcijas, kas nodro\u0161ina \u0113rtu apkopi un remontu. Piek\u013cuve kritiski svar\u012bg\u0101m sast\u0101vda\u013c\u0101m p\u0101rbaudei, bl\u012bv\u0113jumu nomai\u0146ai un e\u013c\u013co\u0161anai nodro\u0161ina cilindra ilgm\u016b\u017e\u012bbu un uzticam\u012bbu.<\/p>\n<p><img decoding=\"async\" src=\"https:\/\/www.hydraulic-cylinders.net\/wp-content\/uploads\/2025\/04\/songte-oil-pipes-and-spare-parts.webp\" alt=\"Hidraulisko cilindru komponenti\"><\/p>\n<h2>Bl\u012bv\u0113\u0161ana un e\u013c\u013co\u0161ana<\/h2>\n<p>Str\u0113les cilindra efektivit\u0101te liel\u0101 m\u0113r\u0101 ir atkar\u012bga no t\u0101 bl\u012bv\u0113\u0161anas un e\u013c\u013co\u0161anas sist\u0113m\u0101m. Da\u017e\u0101di bl\u012bv\u0113jumi, piem\u0113ram, virzu\u013ca bl\u012bv\u0113jumi un stie\u0146a bl\u012bv\u0113jumi, ir \u013coti svar\u012bgi hidraulisk\u0101 spiediena uztur\u0113\u0161anai un \u0161\u0137idruma nopl\u016b\u017eu nov\u0113r\u0161anai. \u0160ie bl\u012bv\u0113jumi parasti ir izgatavoti no iztur\u012bgiem materi\u0101liem, piem\u0113ram, poliuret\u0101na un nitrila gumijas, kas nodro\u0161ina izcilu nodilumiztur\u012bbu.<\/p>\n<p>Cilindra korpuss un v\u012bt\u0146ot\u0101s gala virsmas tiek r\u016bp\u012bgi apstr\u0101d\u0101tas, lai uzlabotu to iztur\u012bbu un nodilumiztur\u012bbu. Regul\u0101ra e\u013c\u013co\u0161ana ar hidraulisko e\u013c\u013cu ir b\u016btiska, lai samazin\u0101tu berzi un nodilumu, nodro\u0161inot vienm\u0113r\u012bgu darb\u012bbu un pagarinot cilindra kalpo\u0161anas laiku.<\/p>\n<h2>Regul\u0101ra p\u0101rbaude un profilaktisk\u0101 apkope<\/h2>\n<ul>\n<li><strong>Periodiskas p\u0101rbaudes:<\/strong> Regul\u0101ras str\u0113les cilindra p\u0101rbaudes, lai noteiktu nodiluma, nopl\u016b\u017eu un boj\u0101jumu paz\u012bmes, ir \u013coti svar\u012bgas, lai uztur\u0113tu darb\u012bbas integrit\u0101ti. P\u0101rbaudiet bl\u012bves, \u0161\u013c\u016btenes un savienojumus un nekav\u0113joties nomainiet visas nolietot\u0101s deta\u013cas.<\/li>\n<li><strong>Pareiza e\u013c\u013co\u0161ana:<\/strong> P\u0101rliecinieties, ka hidraulisk\u0101 \u0161\u0137idruma l\u012bmenis ir atbilsto\u0161s un ka e\u013c\u013co\u0161ana tiek uzkl\u0101ta saska\u0146\u0101 ar ra\u017eot\u0101ja nor\u0101d\u012bjumiem, lai nov\u0113rstu p\u0101rm\u0113r\u012bgu nodilumu un p\u0101rkar\u0161anu.<\/li>\n<li><strong>Bl\u012bv\u0113juma nomai\u0146a:<\/strong> Regul\u0101ra bl\u012bv\u0113jumu nomai\u0146a var nov\u0113rst nopl\u016bdes un nodro\u0161in\u0101t cilindra efekt\u012bvu darb\u012bbu. Pl\u0101nojiet nomai\u0146u, pamatojoties uz lieto\u0161anas bie\u017eumu un vides apst\u0101k\u013ciem.<\/li>\n<\/ul>\n<h2>Uzst\u0101d\u012b\u0161anas vadl\u012bnijas<\/h2>\n<p>Pareiza str\u0113les cilindra uzst\u0101d\u012b\u0161ana ir b\u016btiska t\u0101 optim\u0101lai darb\u012bbai. Vispirms p\u0101rliecinieties, vai mont\u0101\u017eas virsmas ir t\u012bras un bez gru\u017eiem. Izmantojiet atbilsto\u0161us izl\u012bdzin\u0101\u0161anas instrumentus, lai pareizi izl\u012bdzin\u0101tu cilindru, lai izvair\u012btos no nevajadz\u012bgas slodzes un nodiluma uz cilindru un pievienotaj\u0101m sast\u0101vda\u013c\u0101m. Nostipriniet cilindru, izmantojot piem\u0113rotas mont\u0101\u017eas kron\u0161teinus, p\u0101rliecinoties, ka tas ir stingri sav\u0101 viet\u0101. Uzst\u0101d\u012b\u0161anas laik\u0101 divreiz p\u0101rbaudiet hidrauliskos savienojumus, vai nav nopl\u016b\u017eu, un pirms piln\u012bgas darb\u012bbas p\u0101rbaudiet sist\u0113mu kontrol\u0113tos apst\u0101k\u013cos.<\/p>\n<h2>Bie\u017ei sastopamie apkopes uzdevumi<\/h2>\n<h3>Periodiskas p\u0101rbaudes<\/h3>\n<p>Regul\u0101ras str\u0113les cilindra p\u0101rbaudes ir \u013coti svar\u012bgas, lai identific\u0113tu iesp\u0113jam\u0101s probl\u0113mas, pirms t\u0101s saasin\u0101s. Regul\u0101ru p\u0101rbau\u017eu laik\u0101 p\u0101rbaudiet, vai nav nopl\u016b\u017eu, neparastu trok\u0161\u0146u un nodiluma paz\u012bmju. \u0160\u012b proakt\u012bv\u0101 pieeja nodro\u0161ina cilindra darb\u012bbu un dro\u0161\u012bbu.<\/p>\n<h3>Piem\u0113rota e\u013c\u013co\u0161ana<\/h3>\n<p>Pareizas e\u013c\u013co\u0161anas uztur\u0113\u0161ana ir \u013coti svar\u012bga str\u0113les cilindra netrauc\u0113tai darb\u012bbai. Izmantojiet augstas kvalit\u0101tes hidraulisko e\u013c\u013cu un p\u0101rliecinieties, ka t\u0101 ir piepild\u012bta l\u012bdz ra\u017eot\u0101ja ieteiktajam l\u012bmenim. Regul\u0101ri p\u0101rbaudiet hidraulisko e\u013c\u013cu, vai t\u0101 nav pies\u0101r\u0146ota vai boj\u0101ta, un nepiecie\u0161am\u012bbas gad\u012bjum\u0101 nomainiet to.<\/p>\n<h3>Bl\u012bvju nomai\u0146as un kalibr\u0113\u0161anas p\u0101rbaudes<\/h3>\n<p>Regul\u0101ri nomainiet bl\u012bves, lai nov\u0113rstu nopl\u016bdes un uztur\u0113tu hidraulisko integrit\u0101ti. Kalibr\u0113\u0161anas p\u0101rbaudes nodro\u0161ina, ka str\u0113les cilindrs darbojas noteikto parametru robe\u017e\u0101s. Ieteicamo proced\u016bru un grafiku iev\u0113ro\u0161ana \u0161iem uzdevumiem iev\u0113rojami uzlabo cilindra ilgm\u016b\u017e\u012bbu un veiktsp\u0113ju.<\/p>\n<p><img decoding=\"async\" src=\"https:\/\/www.hydraulic-cylinders.net\/wp-content\/uploads\/2025\/04\/songte-chushion-collar.webp\" alt=\"Str\u0113les cilindra amortizatora apkakle\"><\/p>\n<h2>Dro\u0161\u012bbas apsv\u0113rumi un vides faktori<\/h2>\n<p>Darbinot hidrauliskos cilindrus, dro\u0161\u012bbas pas\u0101kumi ir \u0101rk\u0101rt\u012bgi svar\u012bgi. Operatoriem j\u0101b\u016bt apm\u0101c\u012btiem atpaz\u012bt ar hidrauliskaj\u0101m sist\u0113m\u0101m saist\u012btos riskus, tostarp augstspiediena \u0161\u0137idruma nopl\u016bdes un iesp\u0113jamus iek\u0101rtu boj\u0101jumus. Dro\u0161\u012bbas protokolu ievie\u0161ana un regul\u0101ra apm\u0101c\u012bba var iev\u0113rojami samazin\u0101t ar str\u0113les cilindru lieto\u0161anu saist\u012btos riskus.<\/p>\n<h2>Probl\u0113mu nov\u0113r\u0161ana un bie\u017ei sastopamas probl\u0113mas<\/h2>\n<ul>\n<li><strong>Nopl\u016bde:<\/strong> Hidraulisk\u0101 \u0161\u0137idruma nopl\u016bdes var liecin\u0101t par nolietotiem bl\u012bv\u0113jumiem vai savienojumiem. Veiciet r\u016bp\u012bgu p\u0101rbaudi un nekav\u0113joties nomainiet nolietot\u0101s deta\u013cas, lai nov\u0113rstu turpm\u0101kus boj\u0101jumus.<\/li>\n<li><strong>Nerea\u0123\u0113jo\u0161a darb\u012bba:<\/strong> Ja str\u0113les cilindrs nerea\u0123\u0113, p\u0101rbaudiet hidraulisk\u0101 \u0161\u0137idruma l\u012bmeni un p\u0101rliecinieties, vai sist\u0113m\u0101 nav gaisa. Ja nepiecie\u0161ams, atgaisojiet sist\u0113mu.<\/li>\n<li><strong>Nevienm\u0113r\u012bga kust\u012bba:<\/strong> Nevienm\u0113r\u012bga izstiep\u0161an\u0101s vai ievilk\u0161an\u0101s var rasties aizsprostojumu vai nepareizi funkcion\u0113jo\u0161u bl\u012bv\u0113jumu d\u0113\u013c. P\u0101rbaudiet, vai nav aizsprostojumu, un nekav\u0113joties nomainiet boj\u0101tus bl\u012bv\u0113jumus.<\/li>\n<\/ul>\n<h2>Probl\u0113mu nov\u0113r\u0161anas padomi<\/h2>\n<p>Diagnostic\u0113jot probl\u0113mas ar str\u0113les cilindru, ir svar\u012bgi iev\u0113rot sistem\u0101tisku pieeju. S\u0101ciet ar izplat\u012btu probl\u0113mu, piem\u0113ram, \u0161\u0137idruma nopl\u016b\u017eu vai spiediena zudumu, p\u0101rbaudi. Regul\u0101ra apkope un p\u0101rbaudes var pal\u012bdz\u0113t laikus identific\u0113t potenci\u0101l\u0101s probl\u0113mas, samazinot nopietnu probl\u0113mu risku. Ieviesiet prevent\u012bvus pas\u0101kumus, piem\u0113ram, regul\u0101ru e\u013c\u013co\u0161anu un bl\u012bv\u0113jumu p\u0101rbaudes, lai samazin\u0101tu k\u013c\u016bmju ra\u0161anos.<\/p>\n<p><img decoding=\"async\" src=\"https:\/\/www.hydraulic-cylinders.net\/wp-content\/uploads\/2025\/04\/songte-bushings-with-all-kinds-of-excavator-models.webp\" alt=\"Ekskavatoru mode\u013cu bukses\"><\/p>\n<h2>Par m\u016bsu uz\u0146\u0113mumu<\/h2>\n<p>M\u0113s esam vado\u0161ais rezerves hidraulisko cilindru ra\u017eot\u0101js, pied\u0101v\u0101jot pla\u0161u produktu kl\u0101stu, kas m\u016bs ir pozicion\u0113jis k\u0101 vienu no vado\u0161ajiem hidraulisko cilindru ra\u017eot\u0101jiem un vairumtirgot\u0101jiem viet\u0113j\u0101 un starptautiskaj\u0101 tirg\u016b. M\u016bsu ap\u0146em\u0161anos nodro\u0161in\u0101t izcil\u012bbu kvalit\u0101t\u0113 atbalsta sare\u017e\u0123\u012bta ra\u017eo\u0161anas vad\u012bbas strat\u0113\u0123ija, kas uzsver precizit\u0101ti un efektivit\u0101ti.<\/p>\n<p>M\u0113s izmantojam progres\u012bvas ra\u017eo\u0161anas tehnolo\u0123ijas, prasm\u012bgu tehnisko person\u0101lu un stingras test\u0113\u0161anas sist\u0113mas, lai uzlabotu m\u016bsu ra\u017eo\u0161anas jaudas. M\u016bsu sp\u0113c\u012bg\u0101 inov\u0101ciju kapacit\u0101te \u013cauj mums efekt\u012bvi apmierin\u0101t da\u017e\u0101das klientu vajadz\u012bbas. Koncentr\u0113joties uz augstu efektivit\u0101ti, precizit\u0101ti un kvalit\u0101ti, m\u0113s nodro\u0161in\u0101m, ka m\u016bsu produkti atbilst augst\u0101kajiem nozares standartiem.<\/p>\n<p>M\u016bsu pakalpojumi ietver ar\u012b piel\u0101gotus risin\u0101jumus, kas piel\u0101goti konkr\u0113t\u0101m pras\u012bb\u0101m, ar profesion\u0101lu p\u0113cp\u0101rdo\u0161anas atbalstu, lai nodro\u0161in\u0101tu m\u016bsu klientu apmierin\u0101t\u012bbu ar sav\u0101m hidrauliskaj\u0101m sist\u0113m\u0101m.<\/p>\n<p><img decoding=\"async\" src=\"https:\/\/www.hydraulic-cylinders.net\/wp-content\/uploads\/2025\/04\/songte-company-4.webp\" alt=\"M\u016bsu uz\u0146\u0113muma p\u0101rskats\"><br \/>\n<img decoding=\"async\" src=\"https:\/\/www.hydraulic-cylinders.net\/wp-content\/uploads\/2025\/04\/songte-company-3.webp\" alt=\"Uz\u0146\u0113muma ra\u017eo\u0161anas iek\u0101rta\"><\/p>\n<p>Autors: lil<\/p>","protected":false},"excerpt":{"rendered":"<p>Boom Cylinder For Carter CT330-8C Introduction to the Boom Cylinder The Boom Cylinder for Carter CT330-8C is a specialized hydraulic cylinder designed to control the movement of the bucket on various heavy machinery such as excavators, backhoes, and front loaders. This hydraulic component is crucial for operations that involve lifting, lowering, and tilting the bucket, [&hellip;]<\/p>","protected":false},"featured_media":17876,"comment_status":"open","ping_status":"closed","template":"","meta":{"_et_pb_use_builder":"","_et_pb_old_content":"","_et_gb_content_width":""},"product_brand":[],"product_cat":[1546],"product_tag":[1547,1496],"class_list":{"0":"post-19523","1":"product","2":"type-product","3":"status-publish","4":"has-post-thumbnail","6":"product_cat-boom-cylinders","7":"product_tag-boom-cylinders","8":"product_tag-hydraulic-cylinders","10":"first","11":"instock","12":"shipping-taxable","13":"product-type-simple"},"amp_enabled":true,"_links":{"self":[{"href":"https:\/\/www.hydraulic-cylinders.net\/lv\/wp-json\/wp\/v2\/product\/19523","targetHints":{"allow":["GET"]}}],"collection":[{"href":"https:\/\/www.hydraulic-cylinders.net\/lv\/wp-json\/wp\/v2\/product"}],"about":[{"href":"https:\/\/www.hydraulic-cylinders.net\/lv\/wp-json\/wp\/v2\/types\/product"}],"replies":[{"embeddable":true,"href":"https:\/\/www.hydraulic-cylinders.net\/lv\/wp-json\/wp\/v2\/comments?post=19523"}],"wp:featuredmedia":[{"embeddable":true,"href":"https:\/\/www.hydraulic-cylinders.net\/lv\/wp-json\/wp\/v2\/media\/17876"}],"wp:attachment":[{"href":"https:\/\/www.hydraulic-cylinders.net\/lv\/wp-json\/wp\/v2\/media?parent=19523"}],"wp:term":[{"taxonomy":"product_brand","embeddable":true,"href":"https:\/\/www.hydraulic-cylinders.net\/lv\/wp-json\/wp\/v2\/product_brand?post=19523"},{"taxonomy":"product_cat","embeddable":true,"href":"https:\/\/www.hydraulic-cylinders.net\/lv\/wp-json\/wp\/v2\/product_cat?post=19523"},{"taxonomy":"product_tag","embeddable":true,"href":"https:\/\/www.hydraulic-cylinders.net\/lv\/wp-json\/wp\/v2\/product_tag?post=19523"}],"curies":[{"name":"wp","href":"https:\/\/api.w.org\/{rel}","templated":true}]}}