{"id":19524,"date":"2025-04-07T06:52:37","date_gmt":"2025-04-07T06:52:37","guid":{"rendered":"https:\/\/www.hydraulic-cylinders.net\/product\/boom-cylinder-for-kym-ky55\/"},"modified":"2025-04-07T06:52:45","modified_gmt":"2025-04-07T06:52:45","slug":"boom-cylinder-for-kym-ky55","status":"publish","type":"product","link":"https:\/\/www.hydraulic-cylinders.net\/lv\/products\/boom-cylinder-for-kym-ky55\/","title":{"rendered":"KYM KY55 str\u0113les cilindrs"},"content":{"rendered":"<h1>KYM KY55 str\u0113les cilindrs<\/h1>\n<h2>Ievads str\u0113les cilindr\u0101<\/h2>\n<p>Str\u0113les cilindrs ir svar\u012bga sast\u0101vda\u013ca, kas \u012bpa\u0161i izstr\u0101d\u0101ta smagaj\u0101m ma\u0161\u012bn\u0101m, \u013caujot kontrol\u0113t kausa kust\u012bbas t\u0101d\u0101s lietojumprogramm\u0101s k\u0101 ekskavatori, univers\u0101lie iekr\u0101v\u0113ji un front\u0101lie iekr\u0101v\u0113ji. \u0160ie hidrauliskie cilindri \u013cauj kausam pacelt, nolaist un noliekt, t\u0101d\u0113j\u0101di atvieglojot efekt\u012bvus materi\u0101lu apstr\u0101des uzdevumus. Darbojoties k\u0101 izpildmeh\u0101nisms, str\u0113les cilindrs p\u0101rveido hidraulisko ener\u0123iju meh\u0101nisk\u0101 sp\u0113k\u0101, nodro\u0161inot vienm\u0113r\u012bgu darb\u012bbu pat pie liel\u0101m slodz\u0113m. Izmantojot hidraulisko spiedienu, cilindram ir iz\u0161\u0137iro\u0161a noz\u012bme materi\u0101lu rak\u0161an\u0101 un cel\u0161an\u0101, padarot to neaizst\u0101jamu da\u017e\u0101d\u0101s nozar\u0113s, tostarp b\u016bvniec\u012bb\u0101 un lauksaimniec\u012bb\u0101.<\/p>\n<p><img decoding=\"async\" src=\"https:\/\/www.hydraulic-cylinders.net\/wp-content\/uploads\/2025\/04\/songte-company-1.webp\" alt=\"Str\u0113les cilindra att\u0113ls\" \/><\/p>\n<h2>Str\u0113les cilindra \u012bpa\u0161\u012bbas<\/h2>\n<ul>\n<li>\n<h3>Augsta iztur\u012bba un ilgm\u016b\u017e\u012bba<\/h3>\n<p>Izgatavots no augstas stipr\u012bbas t\u0113rauda vai alum\u012bnija, str\u0113les cilindrs ir izstr\u0101d\u0101ts, lai iztur\u0113tu augstu spiedienu un lielas slodzes. Tas ir paredz\u0113ts darbam skarbos darba apst\u0101k\u013cos, un tam ir funkcijas, kas uzlabo nodilumiztur\u012bbu un aizsardz\u012bbu pret koroziju, t\u0101d\u0113j\u0101di pagarinot kalpo\u0161anas laiku.<\/p>\n<\/li>\n<li>\n<h3>Efekt\u012bva hidraulisk\u0101 darb\u012bba<\/h3>\n<p>Cilindrs izmanto hidraulisk\u0101s e\u013c\u013cas spiedienu, lai pan\u0101ktu vienm\u0113r\u012bgas un atsauc\u012bgas pagarin\u0101\u0161anas un ievilk\u0161anas darb\u012bbas, nodro\u0161inot sp\u0113c\u012bgas stum\u0161anas un vilk\u0161anas sp\u0113jas. \u0160\u012b efektivit\u0101te padara to piem\u0113rotu smagu materi\u0101lu apstr\u0101dei un sare\u017e\u0123\u012btu oper\u0101ciju uzdevumu veik\u0161anai.<\/p>\n<\/li>\n<li>\n<h3>Pieejami da\u017e\u0101di veidi<\/h3>\n<p>Atkar\u012bb\u0101 no ekspluat\u0101cijas vajadz\u012bb\u0101m klienti var izv\u0113l\u0113ties starp vienas darb\u012bbas (hidrauliskais spiediens vien\u0101 virzien\u0101) vai divk\u0101r\u0161as darb\u012bbas (hidrauliskais spiediens abos virzienos) cilindriem. Da\u017ei mode\u013ci ir teleskopiski, kas \u013cauj veikt liel\u0101ku pagarin\u0101jumu, nepalielinot \u0101r\u0113jos izm\u0113rus, kas ir ide\u0101li piem\u0113rots lietojumiem ar ierobe\u017eotu vietu.<\/p>\n<\/li>\n<\/ul>\n<p>M\u0113s ra\u017eojam \u0161o produktu, un m\u016bsu pied\u0101v\u0101jums kalpo k\u0101 ide\u0101ls aizvietot\u0101js da\u017e\u0101diem hidrauliskajiem cilindriem.<\/p>\n<p><img decoding=\"async\" src=\"https:\/\/www.hydraulic-cylinders.net\/wp-content\/uploads\/2025\/04\/songte-cylinder-head-with-all-kinds-excavator-models.webp\" alt=\"Ekskavatoru mode\u013ci\" \/><\/p>\n<h2>Str\u0113les cilindra pielietojums<\/h2>\n<ul>\n<li>\n<h3>Celtniec\u012bbas apr\u012bkojums<\/h3>\n<p>Ekskavatoros str\u0113les cilindri ir svar\u012bgi zemes vai gru\u017eu rak\u0161anai, iekrau\u0161anai un p\u0101rvieto\u0161anai. Tie \u013cauj kausam efekt\u012bvi iek\u013c\u016bt zem\u0113, nodro\u0161inot efekt\u012bvu rak\u0161anu. Turkl\u0101t ekskavatoros-iekr\u0101v\u0113jos tie pal\u012bdz gan rak\u0161anas, gan cel\u0161anas oper\u0101cij\u0101s, uzlabojot ma\u0161\u012bnas daudzpus\u012bbu un produktivit\u0101ti.<\/p>\n<\/li>\n<li>\n<h3>Lauksaimniec\u012bbas tehnika<\/h3>\n<p>Front\u0101lajos iekr\u0101v\u0113jos str\u0113les cilindri atvieglo augsnes, siena un citu materi\u0101lu sav\u0101k\u0161anu, cel\u0161anu un transport\u0113\u0161anu. To uzticama darb\u012bba ir \u013coti svar\u012bga lauksaimniec\u012bbas darbos, padarot tos neaizst\u0101jamus lauksaimniekiem, kuri ikdienas darb\u012bb\u0101s pa\u013caujas uz smago tehniku.<\/p>\n<\/li>\n<li>\n<h3>Ekskavatori<\/h3>\n<p>Str\u0113les cilindrs \u013cauj ekskavatoriem veikt rak\u0161anas kust\u012bbas, \u013caujot kausam efekt\u012bvi iek\u013c\u016bt augsn\u0113. \u0160\u012b funkcionalit\u0101te ir kritiski svar\u012bga projektiem, kuros nepiecie\u0161ama augsnes rak\u0161ana, padarot str\u0113les cilindru par galveno sast\u0101vda\u013cu \u0161aj\u0101s ma\u0161\u012bn\u0101s.<\/p>\n<\/li>\n<li>\n<h3>Iekr\u0101v\u0113ji<\/h3>\n<p>Front\u0101lajos iekr\u0101v\u0113jos str\u0113les cilindri pal\u012bdz efekt\u012bvi pacelt un izg\u0101zt kravas. Tie nodro\u0161ina nepiecie\u0161amo sp\u0113ku kausa noliek\u0161anai, nodro\u0161inot efekt\u012bvu materi\u0101lu apstr\u0101di un optimiz\u0113jot slodzes sadal\u012bjumu dro\u0161\u0101kai darb\u012bbai.<\/p>\n<\/li>\n<\/ul>\n<h2>Dizaina apsv\u0113rumi un atlases krit\u0113riji<\/h2>\n<ul>\n<li>\n<h3>Kravnes\u012bba<\/h3>\n<p>Izv\u0113loties str\u0113les cilindru, ir svar\u012bgi \u0146emt v\u0113r\u0101 t\u0101 kravnes\u012bbu, nodro\u0161inot, ka tas var iztur\u0113t paredz\u0113to svaru bez boj\u0101juma riska. Tas ietver konstrukcij\u0101 izmantoto materi\u0101lu, cilindra izm\u0113ru un hidraulisk\u0101 spiediena, ko tas var iztur\u0113t, nov\u0113rt\u0113\u0161anu.<\/p>\n<\/li>\n<li>\n<h3>Bl\u012bv\u0113juma veiktsp\u0113ja<\/h3>\n<p>Efekt\u012bva bl\u012bv\u0113\u0161ana ir \u0101rk\u0101rt\u012bgi svar\u012bga, lai nov\u0113rstu hidraulisk\u0101 \u0161\u0137idruma nopl\u016bdi un nodro\u0161in\u0101tu optim\u0101lu veiktsp\u0113ju. Cilindriem j\u0101b\u016bt apr\u012bkotiem ar augstas kvalit\u0101tes bl\u012bv\u0113m, kas sp\u0113j iztur\u0113t \u0101rk\u0101rt\u0113ju spiedienu un uztur\u0113t e\u013c\u013co\u0161anu, kas pagarina cilindra kalpo\u0161anas laiku un efektivit\u0101ti.<\/p>\n<\/li>\n<li>\n<h3>Iztur\u012bba<\/h3>\n<p>Iztur\u012bba ir galvenais faktors str\u0113les cilindru konstrukcij\u0101. Tiem j\u0101sp\u0113j iztur\u0113t nodilumu nep\u0101rtrauktas lieto\u0161anas laik\u0101 skarbos apst\u0101k\u013cos. Lai saglab\u0101tu ilgm\u016b\u017e\u012bbu, ir svar\u012bgi izv\u0113l\u0113ties materi\u0101lus, kas ir iztur\u012bgi pret koroziju un \u0101r\u0113jiem elementiem nodar\u012btiem boj\u0101jumiem.<\/p>\n<\/li>\n<li>\n<h3>Dro\u0161\u012bbas funkcijas<\/h3>\n<p>Dro\u0161\u012bbu nekad nedr\u012bkst apdraud\u0113t. Str\u0113les cilindriem j\u0101b\u016bt ieb\u016bv\u0113tiem dro\u0161\u012bbas elementiem, lai nov\u0113rstu negad\u012bjumus, piem\u0113ram, spiediena samazin\u0101\u0161anas v\u0101rstiem un iztur\u012bg\u0101m konstrukcij\u0101m, kas sp\u0113j iztur\u0113t negaid\u012btas slodzes vai triecienus, nodro\u0161inot operatoru un tehnikas dro\u0161\u012bbu.<\/p>\n<\/li>\n<li>\n<h3>Apkopes pieejam\u012bba<\/h3>\n<p>Vienk\u0101r\u0161a apkope ir \u013coti svar\u012bga hidraulisko cilindru ilgm\u016b\u017e\u012bbai. Konstrukcijai j\u0101nodro\u0161ina \u0113rta piek\u013cuve t\u0101d\u0101m sast\u0101vda\u013c\u0101m k\u0101 bl\u012bves un savienojumi, atvieglojot regul\u0101ras p\u0101rbaudes, apkopi un remontu, t\u0101d\u0113j\u0101di samazinot d\u012bkst\u0101ves laiku.<\/p>\n<\/li>\n<\/ul>\n<p><img decoding=\"async\" src=\"https:\/\/www.hydraulic-cylinders.net\/wp-content\/uploads\/2025\/04\/songte-oil-pipes-and-spare-parts.webp\" alt=\"E\u013c\u013cas caurules un rezerves da\u013cas\" \/><\/p>\n<h2>Bl\u012bv\u0113\u0161ana un e\u013c\u013co\u0161ana<\/h2>\n<p>Pareiza bl\u012bv\u0113\u0161ana un e\u013c\u013co\u0161ana ir kritiski svar\u012bga str\u0113les cilindru veiktsp\u0113jai un ilgm\u016b\u017e\u012bbai. Lai nodro\u0161in\u0101tu hidraulisk\u0101 \u0161\u0137idruma palik\u0161anu cilindr\u0101, tiek izmantoti da\u017e\u0101di bl\u012bv\u0113jumi, piem\u0113ram, virzu\u013ca bl\u012bv\u0113jumi un stie\u0146a bl\u012bv\u0113jumi. Bl\u012bv\u0113jumi, kas izgatavoti no nodilumiztur\u012bgiem materi\u0101liem, piem\u0113ram, poliuret\u0101na un nitrila gumijas, ir ide\u0101li piem\u0113roti nodiluma samazin\u0101\u0161anai. Turkl\u0101t cilindra korpuss un v\u012bt\u0146otie gali tiek r\u016bp\u012bgi apstr\u0101d\u0101ti, lai uzlabotu iztur\u012bbu pret abraz\u012bviem elementiem. Regul\u0101ra e\u013c\u013co\u0161ana ar hidraulisko e\u013c\u013cu ir nepiecie\u0161ama, lai uztur\u0113tu vienm\u0113r\u012bgu darb\u012bbu, samazin\u0101tu berzi un nov\u0113rstu p\u0101rkar\u0161anu, t\u0101d\u0113j\u0101di pagarinot cilindra kalpo\u0161anas laiku.<\/p>\n<h2>Regul\u0101ras p\u0101rbaudes un profilaktisk\u0101s apkopes pas\u0101kumi<\/h2>\n<ul>\n<li>\n<h3>Regul\u0101ras p\u0101rbaudes<\/h3>\n<p>Regul\u0101ri j\u0101p\u0101rbauda str\u0113les cilindrs, lai noteiktu jebk\u0101das nodiluma, nopl\u016bdes vai boj\u0101jumu paz\u012bmes. Probl\u0113mu agr\u012bna atkl\u0101\u0161ana var nov\u0113rst nopietn\u0101kas probl\u0113mas un d\u0101rgus remontdarbus.<\/p>\n<\/li>\n<li>\n<h3>Pareiza e\u013c\u013co\u0161ana<\/h3>\n<p>Ir \u013coti svar\u012bgi uztur\u0113t atbilsto\u0161u e\u013c\u013co\u0161anas l\u012bmeni hidrauliskaj\u0101 sist\u0113m\u0101. Nodro\u0161iniet, lai hidraulisk\u0101 e\u013c\u013ca tiktu papildin\u0101ta p\u0113c nepiecie\u0161am\u012bbas, lai izvair\u012btos no p\u0101rkar\u0161anas un p\u0101rm\u0113r\u012bga deta\u013cu nodiluma.<\/p>\n<\/li>\n<li>\n<h3>Bl\u012bv\u0113juma nomai\u0146a<\/h3>\n<p>Bl\u012bves regul\u0101ri j\u0101nomaina, lai nov\u0113rstu hidraulisk\u0101 \u0161\u0137idruma nopl\u016bdes. Ieviesiet bl\u012bvju p\u0101rbau\u017eu un nomai\u0146as grafiku, lai nodro\u0161in\u0101tu str\u0113les cilindra optim\u0101lu darb\u012bbu.<\/p>\n<\/li>\n<\/ul>\n<h2>Uzst\u0101d\u012b\u0161anas vadl\u012bnijas<\/h2>\n<p>Pareiza str\u0113les cilindra uzst\u0101d\u012b\u0161ana ir b\u016btiska t\u0101 optim\u0101lai darb\u012bbai. Vispirms p\u0101rliecinieties, vai cilindrs ir pareizi izl\u012bdzin\u0101ts ar stiprin\u0101juma punktiem, lai nov\u0113rstu nepareizas izl\u012bdzin\u0101\u0161anas probl\u0113mas. Izmantojiet atbilsto\u0161us mont\u0101\u017eas kron\u0161teinus, lai nostiprin\u0101tu cilindru viet\u0101, nodro\u0161inot, ka tas ir cie\u0161i piestiprin\u0101ts, lai darb\u012bbas laik\u0101 izvair\u012btos no jebk\u0101das kust\u012bbas. Ir \u013coti svar\u012bgi pareizi pievienot hidraulisk\u0101s l\u012bnijas, iev\u0113rojot ra\u017eot\u0101ja specifik\u0101cijas spiediena un \u0161\u0137idruma savienojumiem. P\u0113c uzst\u0101d\u012b\u0161anas pirms ma\u0161\u012bnas lieto\u0161anas veiciet r\u016bp\u012bgu visu savienojumu un iestat\u012bjumu p\u0101rbaudi, p\u0101rliecinoties, ka viss ir sav\u0101 viet\u0101 dro\u0161ai un efekt\u012bvai lieto\u0161anai.<\/p>\n<h2>Bie\u017ei sastopamie apkopes uzdevumi<\/h2>\n<ul>\n<li>\n<h3>Regul\u0101ras p\u0101rbaudes<\/h3>\n<p>Regul\u0101ru p\u0101rbau\u017eu veik\u0161ana ir \u013coti svar\u012bga, lai identific\u0113tu iesp\u0113jam\u0101s probl\u0113mas, pirms t\u0101s saasin\u0101s. Mekl\u0113jiet nodiluma vai boj\u0101jumu paz\u012bmes un nekav\u0113joties nov\u0113rsiet visas ba\u017eas, lai nodro\u0161in\u0101tu, ka str\u0113les cilindrs turpina darboties optim\u0101li.<\/p>\n<\/li>\n<li>\n<h3>Piem\u0113rota e\u013c\u013co\u0161ana<\/h3>\n<p>Pareiza hidraulisk\u0101s e\u013c\u013cas veida un daudzuma lieto\u0161ana ir b\u016btiska veiktsp\u0113jas uztur\u0113\u0161anai. Regul\u0101ri pievienojiet sm\u0113rvielas un uzturiet sist\u0113mu t\u012bru no pies\u0101r\u0146ot\u0101jiem, lai aizsarg\u0101tu str\u0113les cilindra integrit\u0101ti.<\/p>\n<\/li>\n<li>\n<h3>Bl\u012bvju nomai\u0146as un kalibr\u0113\u0161anas p\u0101rbaudes<\/h3>\n<p>Regul\u0101ra bl\u012bv\u0113jumu nomai\u0146a un kalibr\u0113\u0161anas p\u0101rbau\u017eu veik\u0161ana nodro\u0161ina sist\u0113mas nevainojamu darb\u012bbu. Apkopes laik\u0101 j\u0101p\u0101rbauda bl\u012bv\u0113jumu nodilums, un visas hidraulisk\u0101s sist\u0113mas neatbilst\u012bbas nekav\u0113joties j\u0101nov\u0113r\u0161.<\/p>\n<\/li>\n<\/ul>\n<p><img decoding=\"async\" src=\"https:\/\/www.hydraulic-cylinders.net\/wp-content\/uploads\/2025\/04\/songte-chushion-collar.webp\" alt=\"Spilvenu apkakle\" \/><\/p>\n<h2>Dro\u0161\u012bbas apsv\u0113rumi un vides faktori<\/h2>\n<p>Str\u0101d\u0101jot ar hidrauliskaj\u0101m sist\u0113m\u0101m, dro\u0161\u012bbas pas\u0101kumi ir \u0101rk\u0101rt\u012bgi svar\u012bgi. Lai samazin\u0101tu negad\u012bjumu risku, ir nepiecie\u0161ama atbilsto\u0161a apm\u0101c\u012bba par t\u0101du ma\u0161\u012bnu ekspluat\u0101ciju, kas apr\u012bkotas ar str\u0113les cilindriem. Operatoriem j\u0101apzin\u0101s iesp\u0113jamie apdraud\u0113jumi, kas saist\u012bti ar hidraulisko spiedienu, un j\u0101nodro\u0161ina, lai vienm\u0113r tiktu valk\u0101ts dro\u0161\u012bbas apr\u012bkojums. Turkl\u0101t j\u0101\u0146em v\u0113r\u0101 vides apsv\u0113rumi; videi draudz\u012bgu hidraulisko \u0161\u0137idrumu lieto\u0161ana var samazin\u0101t ietekmi uz vidi. Izlietot\u0101s e\u013c\u013cas vai \u0161\u0137idrumus utiliz\u0113jiet saska\u0146\u0101 ar viet\u0113jiem noteikumiem, lai nov\u0113rstu augsnes vai \u016bdens avotu pies\u0101r\u0146o\u0161anu.<\/p>\n<h2>Bie\u017ei sastopamo probl\u0113mu nov\u0113r\u0161ana<\/h2>\n<ul>\n<li>\n<h3>Nopl\u016bde<\/h3>\n<p>Hidraulisk\u0101 \u0161\u0137idruma nopl\u016bde var liecin\u0101t par nodilu\u0161iem bl\u012bv\u0113jumiem vai boj\u0101tiem komponentiem. P\u0101rbaudiet bl\u012bves, vai nav nodiluma paz\u012bmju, un nomainiet t\u0101s, ja nepiecie\u0161ams. P\u0101rbaudiet savienojumu stingr\u012bbu, lai nov\u0113rstu nopl\u016bdes.<\/p>\n<\/li>\n<li>\n<h3>Samazin\u0101ta veiktsp\u0113ja<\/h3>\n<p>Ja str\u0113les cilindrs nedarbojas, k\u0101 paredz\u0113ts, p\u0101rbaudiet hidraulisk\u0101 \u0161\u0137idruma l\u012bmeni un kvalit\u0101ti. Zems vai pies\u0101r\u0146ots \u0161\u0137idrums var kav\u0113t veiktsp\u0113ju. Turkl\u0101t p\u0101rbaudiet, vai hidrauliskaj\u0101s l\u012bnij\u0101s nav aizsprostojumu.<\/p>\n<\/li>\n<li>\n<h3>Negaid\u012bti trok\u0161\u0146i<\/h3>\n<p>Neparasti trok\u0161\u0146i darb\u012bbas laik\u0101 var liecin\u0101t par iek\u0161\u0113jiem boj\u0101jumiem vai zemu e\u013c\u013co\u0161anas l\u012bmeni. Noskaidrojiet trok\u0161\u0146a avotu un nekav\u0113joties nov\u0113rsiet to, lai nov\u0113rstu turpm\u0101kus boj\u0101jumus.<\/p>\n<\/li>\n<\/ul>\n<p>Prevent\u012bvu pas\u0101kumu, piem\u0113ram, regul\u0101ru p\u0101rbau\u017eu un savlaic\u012bgas apkopes, ievie\u0161ana var iev\u0113rojami samazin\u0101t \u0161o probl\u0113mu ra\u0161an\u0101s iesp\u0113jam\u012bbu, nodro\u0161inot str\u0113les cilindra uzticam\u012bbu.<\/p>\n<p><img decoding=\"async\" src=\"https:\/\/www.hydraulic-cylinders.net\/wp-content\/uploads\/2025\/04\/songte-bushings-with-all-kinds-of-excavator-models.webp\" alt=\"Bukses ar ekskavatora mode\u013ciem\" \/><\/p>\n<h2>Par m\u016bsu uz\u0146\u0113mumu<\/h2>\n<p>M\u0113s esam vado\u0161ais rezerves hidraulisko cilindru ra\u017eot\u0101js, kas paz\u012bstams ar pla\u0161o produktu kl\u0101stu un ap\u0146em\u0161anos nodro\u0161in\u0101t kvalit\u0101ti. K\u0101 viens no vado\u0161ajiem ra\u017eot\u0101jiem un vairumtirgot\u0101jiem viet\u0113j\u0101 un starptautiskaj\u0101 tirg\u016b, m\u0113s iev\u0113rojam augst\u0101kos izcil\u012bbas standartus. M\u016bsu sare\u017e\u0123\u012bt\u0101s ra\u017eo\u0161anas vad\u012bbas strat\u0113\u0123ijas apvienojum\u0101 ar prasm\u012bgu tehnisko person\u0101lu un modernu ra\u017eo\u0161anas apr\u012bkojumu \u013cauj mums pieg\u0101d\u0101t augstas kvalit\u0101tes hidrauliskos cilindrus. M\u016bsu ra\u017eo\u0161anas procesi ir optimiz\u0113ti efektivit\u0101tei, precizit\u0101tei un kvalit\u0101tei, nodro\u0161inot, ka m\u0113s apmierin\u0101m m\u016bsu klientu da\u017e\u0101d\u0101s vajadz\u012bbas.<\/p>\n<ul>\n<li>\n<h3>Ekspert\u012bze un nozares sertifik\u0101ti<\/h3>\n<p>Mums ir pla\u0161as nozares zin\u0101\u0161anas un sertifik\u0101ti, kas apliecina m\u016bsu ap\u0146em\u0161anos iev\u0113rot kvalit\u0101tes un dro\u0161\u012bbas standartus, nodro\u0161inot m\u016bsu produktu uzticam\u012bbu un efektivit\u0101ti.<\/p>\n<\/li>\n<li>\n<h3>Piel\u0101goti pakalpojumi<\/h3>\n<p>M\u0113s pied\u0101v\u0101jam piel\u0101gotus risin\u0101jumus, kas piel\u0101goti konkr\u0113t\u0101m klientu pras\u012bb\u0101m, uzlabojot m\u016bsu produktu daudzpus\u012bbu un nodro\u0161inot klientu apmierin\u0101t\u012bbu.<\/p>\n<\/li>\n<li>\n<h3>Uzlabotas ra\u017eo\u0161anas iek\u0101rtas<\/h3>\n<p>M\u016bsu modern\u0101k\u0101s ra\u017eo\u0161anas iek\u0101rtas izmanto jaun\u0101k\u0101s tehnolo\u0123ijas augstas kvalit\u0101tes hidraulisko cilindru ra\u017eo\u0161anai, nodro\u0161inot precizit\u0101ti un veiktsp\u0113ju katr\u0101 vien\u012bb\u0101.<\/p>\n<\/li>\n<li>\n<h3>Visaptvero\u0161s p\u0113cp\u0101rdo\u0161anas atbalsts<\/h3>\n<p>M\u0113s nodro\u0161in\u0101m nep\u0101rtrauktu atbalstu un apkalpo\u0161anu p\u0113c p\u0101rdo\u0161anas, nodro\u0161inot, ka m\u016bsu klienti sa\u0146em pal\u012bdz\u012bbu ikreiz, kad t\u0101 nepiecie\u0161ama, t\u0101d\u0113j\u0101di veicinot ilgtermi\u0146a partnerattiec\u012bbas.<\/p>\n<\/li>\n<\/ul>\n<p><img decoding=\"async\" src=\"https:\/\/www.hydraulic-cylinders.net\/wp-content\/uploads\/2025\/04\/songte-company-4.webp\" alt=\"Uz\u0146\u0113muma att\u0113ls 1\" \/><br \/>\n<img decoding=\"async\" src=\"https:\/\/www.hydraulic-cylinders.net\/wp-content\/uploads\/2025\/04\/songte-company-3.webp\" alt=\"Uz\u0146\u0113muma att\u0113ls 2\" \/><\/p>\n<p>Autors: lil<\/p>","protected":false},"excerpt":{"rendered":"<p>Boom Cylinder For KYM KY55 Introduction to Boom Cylinder The Boom Cylinder is a vital component specifically designed for heavy machinery, enabling the control of bucket movements in applications such as excavators, backhoe loaders, and front-end loaders. These hydraulic cylinders allow the bucket to lift, lower, and tilt, facilitating efficient material handling tasks. Acting as [&hellip;]<\/p>","protected":false},"featured_media":17877,"comment_status":"open","ping_status":"closed","template":"","meta":{"_et_pb_use_builder":"","_et_pb_old_content":"","_et_gb_content_width":""},"product_brand":[],"product_cat":[1546],"product_tag":[1547,1496],"class_list":{"0":"post-19524","1":"product","2":"type-product","3":"status-publish","4":"has-post-thumbnail","6":"product_cat-boom-cylinders","7":"product_tag-boom-cylinders","8":"product_tag-hydraulic-cylinders","10":"first","11":"instock","12":"shipping-taxable","13":"product-type-simple"},"amp_enabled":true,"_links":{"self":[{"href":"https:\/\/www.hydraulic-cylinders.net\/lv\/wp-json\/wp\/v2\/product\/19524","targetHints":{"allow":["GET"]}}],"collection":[{"href":"https:\/\/www.hydraulic-cylinders.net\/lv\/wp-json\/wp\/v2\/product"}],"about":[{"href":"https:\/\/www.hydraulic-cylinders.net\/lv\/wp-json\/wp\/v2\/types\/product"}],"replies":[{"embeddable":true,"href":"https:\/\/www.hydraulic-cylinders.net\/lv\/wp-json\/wp\/v2\/comments?post=19524"}],"wp:featuredmedia":[{"embeddable":true,"href":"https:\/\/www.hydraulic-cylinders.net\/lv\/wp-json\/wp\/v2\/media\/17877"}],"wp:attachment":[{"href":"https:\/\/www.hydraulic-cylinders.net\/lv\/wp-json\/wp\/v2\/media?parent=19524"}],"wp:term":[{"taxonomy":"product_brand","embeddable":true,"href":"https:\/\/www.hydraulic-cylinders.net\/lv\/wp-json\/wp\/v2\/product_brand?post=19524"},{"taxonomy":"product_cat","embeddable":true,"href":"https:\/\/www.hydraulic-cylinders.net\/lv\/wp-json\/wp\/v2\/product_cat?post=19524"},{"taxonomy":"product_tag","embeddable":true,"href":"https:\/\/www.hydraulic-cylinders.net\/lv\/wp-json\/wp\/v2\/product_tag?post=19524"}],"curies":[{"name":"wp","href":"https:\/\/api.w.org\/{rel}","templated":true}]}}