{"id":19533,"date":"2025-04-07T06:53:08","date_gmt":"2025-04-07T06:53:08","guid":{"rendered":"https:\/\/www.hydraulic-cylinders.net\/product\/boom-cylinder-for-kym-ky105a\/"},"modified":"2025-04-07T06:53:11","modified_gmt":"2025-04-07T06:53:11","slug":"boom-cylinder-for-kym-ky105a","status":"publish","type":"product","link":"https:\/\/www.hydraulic-cylinders.net\/lv\/products\/boom-cylinder-for-kym-ky105a\/","title":{"rendered":"Str\u0113les cilindrs KYM KY105A"},"content":{"rendered":"<h1>Str\u0113les cilindrs KYM KY105A<\/h1>\n<h2>Produkta p\u0101rskats<\/h2>\n<p>KYM KY105A str\u0113les cilindrs ir b\u016btiska hidraulisko sist\u0113mu sast\u0101vda\u013ca, kas \u012bpa\u0161i paredz\u0113ta kausu kust\u012bbas vad\u012bbai smag\u0101 ma\u0161\u012bn\u0101, piem\u0113ram, ekskavatoros, ekskavatoros-iekr\u0101v\u0113jos un front\u0101lajos iekr\u0101v\u0113jos. \u0160is hidrauliskais cilindrs \u013cauj kausam pacelt, nolaist un noliekt, t\u0101d\u0113j\u0101di atvieglojot efekt\u012bvus materi\u0101lu apstr\u0101des uzdevumus. Str\u0113les cilindrs ir hidraulisk\u0101 cilindra veids, kas darbojas, izmantojot spiediena hidraulisko \u0161\u0137idrumu, p\u0101rveidojot hidraulisko ener\u0123iju meh\u0101nisk\u0101 ener\u0123ij\u0101, lai veiktu da\u017e\u0101das kust\u012bbas.<\/p>\n<p><img decoding=\"async\" src=\"https:\/\/www.hydraulic-cylinders.net\/wp-content\/uploads\/2025\/04\/songte-company-1.webp\" alt=\"Str\u0113les cilindrs\" \/><\/p>\n<h2>Str\u0113les cilindra \u012bpa\u0161\u012bbas<\/h2>\n<ul>\n<li>\n<h3>Augsta iztur\u012bba un ilgm\u016b\u017e\u012bba<\/h3>\n<p>Parasti no augstas stipr\u012bbas t\u0113rauda vai alum\u012bnija izgatavotais str\u0113les cilindrs var iztur\u0113t augstu spiedienu un lielas slodzes, un tas ir paredz\u0113ts piel\u0101go\u0161an\u0101s sp\u0113jai skarbai darba videi, uzlabojot nodilumiztur\u012bbu un korozijas iztur\u012bbu, lai pagarin\u0101tu t\u0101 kalpo\u0161anas laiku.<\/li>\n<li>\n<h3>Efekt\u012bva hidraulisk\u0101 darb\u012bba<\/h3>\n<p>Cilindrs izmanto hidraulisk\u0101s e\u013c\u013cas spiedienu, lai pan\u0101ktu vienm\u0113r\u012bgu izstiep\u0161anu un ievilk\u0161anu, \u0101tri rea\u0123\u0113jot uz vad\u012bbas komand\u0101m un nodro\u0161inot sp\u0113c\u012bgu stum\u0161anas un vilk\u0161anas sp\u0113ku, padarot to piem\u0113rotu smagu un sare\u017e\u0123\u012btu darb\u012bbu veik\u0161anai.<\/li>\n<li>\n<h3>Da\u017e\u0101di veidi<\/h3>\n<p>Pieejami vienvirziena darb\u012bbas (darbojas vien\u0101 virzien\u0101) un divk\u0101r\u0161as darb\u012bbas (darbojas abos virzienos) konfigur\u0101cij\u0101s, da\u017eiem mode\u013ciem ir teleskopiskas konstrukcijas, kas nodro\u0161ina liel\u0101ku pagarin\u0101jumu, nepalielinot \u0101r\u0113jos izm\u0113rus, kas ir ide\u0101li piem\u0113rots lietojumiem ar ierobe\u017eotu vietu.<\/li>\n<li>\n<h3>Piel\u0101gota ra\u017eo\u0161ana<\/h3>\n<p>M\u016bsu produkti var lieliski aizst\u0101t da\u017e\u0101dus hidrauliskos cilindrus, nodro\u0161inot sader\u012bbu un veiktsp\u0113ju.<\/li>\n<\/ul>\n<p><img decoding=\"async\" src=\"https:\/\/www.hydraulic-cylinders.net\/wp-content\/uploads\/2025\/04\/songte-cylinder-head-with-all-kinds-excavator-models.webp\" alt=\"Hidraulisko cilindru mode\u013ci\" \/><\/p>\n<h2>Lietojumprogrammu scen\u0101riji<\/h2>\n<ul>\n<li>\n<h3>Celtniec\u012bbas apr\u012bkojums<\/h3>\n<p>Ekskavatoros str\u0113les cilindri ir svar\u012bgi rak\u0161anai, iekrau\u0161anai un augsnes vai gru\u017eu p\u0101rvieto\u0161anai. Tie atvieglo rak\u0161anas darb\u012bbu, \u013caujot kausam iek\u013c\u016bt zem\u0113, padarot tos par iz\u0161\u0137iro\u0161iem b\u016bvniec\u012bbas darbos. Ekskavatoros-iekr\u0101v\u0113jos str\u0113les cilindrs pal\u012bdz gan rak\u0161anas, gan cel\u0161anas oper\u0101cij\u0101s, uzlabojot produktivit\u0101ti.<\/h3>\n<\/li>\n<li>\n<h3>Lauksaimniec\u012bbas tehnika<\/h3>\n<p>Front\u0101lajos iekr\u0101v\u0113jos str\u0113les cilindri tiek izmantoti augsnes, siena un citu materi\u0101lu sav\u0101k\u0161anai, cel\u0161anai un transport\u0113\u0161anai. To uzticama darb\u012bba nodro\u0161ina efekt\u012bvu lauksaimniec\u012bbas produktu p\u0101rvieto\u0161anu, padarot tos neaizst\u0101jamus lauksaimniec\u012bbas darb\u012bb\u0101s.<\/h3>\n<\/li>\n<li>\n<h3>Ekskavatori<\/h3>\n<p>Str\u0113les cilindrs \u013cauj kausam viegli iek\u013c\u016bt augsn\u0113, atvieglojot efekt\u012bvas rak\u0161anas oper\u0101cijas. \u0160\u012b sp\u0113ja ir vit\u0101li svar\u012bga da\u017e\u0101diem rak\u0161anas projektiem, tostarp ainavu veido\u0161anai, tran\u0161eju rak\u0161anai un vietas sagatavo\u0161anai.<\/h3>\n<\/li>\n<li>\n<h3>Iekr\u0101v\u0113ji<\/h3>\n<p>Front\u0101lajos iekr\u0101v\u0113jos str\u0113les cilindri pal\u012bdz efekt\u012bvi pacelt un izg\u0101zt kravas, t\u0101d\u0113j\u0101di nodro\u0161inot vienm\u0113r\u012bgu materi\u0101lu apstr\u0101di. To sp\u0113ja kontrol\u0113t kausa kust\u012bbu ir kritiski svar\u012bga da\u017e\u0101dos iekrau\u0161anas uzdevumos.<\/h3>\n<\/li>\n<\/ul>\n<h2>Dizaina apsv\u0113rumi un atlases krit\u0113riji<\/h2>\n<ul>\n<li>\n<h3>Kravnes\u012bba<\/h3>\n<p>Str\u0113les cilindram j\u0101b\u016bt konstru\u0113tam t\u0101, lai tas bez atteices iztur\u0113tu paredzamo slodzi. Svara un apstr\u0101d\u0101jamo materi\u0101lu veida nov\u0113rt\u0113\u0161ana ir \u013coti svar\u012bga, lai noteiktu atbilsto\u0161u cilindra izm\u0113ru un iztur\u012bbu. Liel\u0101ka kravnes\u012bba nodro\u0161ina, ka apr\u012bkojums var darboties sare\u017e\u0123\u012btos apst\u0101k\u013cos, uzlabojot dro\u0161\u012bbu un uzticam\u012bbu.<\/h3>\n<\/li>\n<li>\n<h3>Bl\u012bv\u0113juma \u012bpa\u0161\u012bbas<\/h3>\n<p>Efekt\u012bva bl\u012bv\u0113\u0161ana ir b\u016btiska, lai nov\u0113rstu hidraulisk\u0101 \u0161\u0137idruma nopl\u016bdi, kas var samazin\u0101t efektivit\u0101ti un izrais\u012bt iesp\u0113jamus boj\u0101jumus. Bl\u012bv\u0113jumu, piem\u0113ram, virzu\u013ca bl\u012bv\u0113jumu un stie\u0146a bl\u012bv\u0113jumu, izv\u0113lei ir b\u016btiska loma hidraulisk\u0101 spiediena uztur\u0113\u0161an\u0101 un vienm\u0113r\u012bgas darb\u012bbas nodro\u0161in\u0101\u0161an\u0101.<\/h3>\n<\/li>\n<li>\n<h3>Iztur\u012bba<\/h3>\n<p>Iztur\u012bba ir kritiski svar\u012bgs faktors, jo str\u0113les cilindri tiek pak\u013cauti skarbiem apst\u0101k\u013ciem. Materi\u0101liem j\u0101b\u016bt iztur\u012bgiem pret nodilumu, koroziju un nogurumu, lai nodro\u0161in\u0101tu ilgsto\u0161u darb\u012bbu. Regul\u0101ra apkope var v\u0113l vair\u0101k uzlabot iztur\u012bbu, pagarinot cilindra kalpo\u0161anas laiku.<\/h3>\n<\/li>\n<li>\n<h3>Dro\u0161\u012bbas funkcijas<\/h3>\n<p>Dro\u0161\u012bbas funkciju, piem\u0113ram, p\u0101rslodzes aizsardz\u012bbas un av\u0101rijas aptur\u0113\u0161anas meh\u0101nismu, iek\u013cau\u0161ana ir b\u016btiska, lai nov\u0113rstu negad\u012bjumus ekspluat\u0101cijas laik\u0101. Nodro\u0161inot, ka konstrukcija atbilst dro\u0161\u012bbas standartiem, tiek aizsarg\u0101ti operatori un iek\u0101rtas, veicinot dro\u0161\u0101ku darba vidi.<\/h3>\n<\/li>\n<li>\n<h3>Apkopes vienk\u0101r\u0161\u012bba<\/h3>\n<p>Konstrukcija, kas nodro\u0161ina \u0113rtu piek\u013cuvi galvenaj\u0101m sast\u0101vda\u013c\u0101m, atvieglo regul\u0101ras apkopes p\u0101rbaudes un remontu. \u0160is apsv\u0113rums var iev\u0113rojami samazin\u0101t d\u012bkst\u0101ves laiku un ekspluat\u0101cijas izmaksas, jo labi uztur\u0113ti cilindri parasti darbojas lab\u0101k un kalpo ilg\u0101k.<\/h3>\n<\/li>\n<\/ul>\n<p><img decoding=\"async\" src=\"https:\/\/www.hydraulic-cylinders.net\/wp-content\/uploads\/2025\/04\/songte-oil-pipes-and-spare-parts.webp\" alt=\"Hidraulisk\u0101s da\u013cas\" \/><\/p>\n<h2>Bl\u012bv\u0113\u0161ana un e\u013c\u013co\u0161ana<\/h2>\n<p>Lai nodro\u0161in\u0101tu optim\u0101lu veiktsp\u0113ju, ir svar\u012bgi izmantot da\u017e\u0101dus bl\u012bv\u0113\u0161anas komponentus, tostarp virzu\u013ca bl\u012bv\u0113jumus, stie\u0146a bl\u012bv\u0113jumus un citus bl\u012bv\u0113\u0161anas elementus. Bl\u012bv\u0113jumi, kas izgatavoti no iztur\u012bgiem materi\u0101liem, piem\u0113ram, poliuret\u0101na un nitrila gumijas, uzlabo nodilumiztur\u012bbu, samazinot nopl\u016b\u017eu iesp\u0113jam\u012bbu. Turkl\u0101t cilindra korpuss un v\u012bt\u0146otie gali ir r\u016bp\u012bgi j\u0101apstr\u0101d\u0101, lai uzlabotu nodilumiztur\u012bbu. Regul\u0101ra e\u013c\u013co\u0161ana ar hidraulisko e\u013c\u013cu ir b\u016btiska, lai nodro\u0161in\u0101tu vienm\u0113r\u012bgu darb\u012bbu, samazinot kust\u012bgo da\u013cu berzi un nodilumu. Pl\u0101noti e\u013c\u013co\u0161anas interv\u0101li pal\u012bdz nodro\u0161in\u0101t hidraulisk\u0101s sist\u0113mas efekt\u012bvu darb\u012bbu, pagarinot str\u0113les cilindra un saist\u012bto komponentu kalpo\u0161anas laiku.<\/p>\n<h2>Regul\u0101ras p\u0101rbaudes un profilaktisk\u0101s apkopes pas\u0101kumi<\/h2>\n<ul>\n<li>\n<h3>Regul\u0101ras p\u0101rbaudes<\/h3>\n<p>Regul\u0101ras str\u0113les cilindra p\u0101rbaudes ir \u013coti svar\u012bgas, lai laikus atkl\u0101tu jebk\u0101das nodiluma, nopl\u016b\u017eu vai boj\u0101jumu paz\u012bmes. Bl\u012bvju, \u0161\u013c\u016bte\u0146u un savienojumu p\u0101rbaude pal\u012bdz uztur\u0113t optim\u0101lu veiktsp\u0113ju un nov\u0113rst negaid\u012btus boj\u0101jumus.<\/h3>\n<\/li>\n<li>\n<h3>Piem\u0113rota e\u013c\u013co\u0161ana<\/h3>\n<p>Lai nodro\u0161in\u0101tu nevainojamu darb\u012bbu, ir svar\u012bgi nodro\u0161in\u0101t hidraulisk\u0101 cilindra savlaic\u012bgu un atbilsto\u0161u e\u013c\u013co\u0161anu. Pareiza veida hidraulisk\u0101s e\u013c\u013cas izmanto\u0161ana un atbilsto\u0161a e\u013c\u013cas l\u012bme\u0146a uztur\u0113\u0161ana nov\u0113r\u0161 p\u0101rkar\u0161anu un nodilumu, t\u0101d\u0113j\u0101di nodro\u0161inot iek\u0101rtas ilgm\u016b\u017e\u012bbu.<\/h3>\n<\/li>\n<li>\n<h3>Bl\u012bv\u0113juma nomai\u0146a<\/h3>\n<p>Regul\u0101ra bl\u012bv\u0113jumu p\u0101rbaude un nomai\u0146a ir \u013coti svar\u012bga, lai uztur\u0113tu hidraulisko spiedienu un nov\u0113rstu nopl\u016bdes. Nodilu\u0161as vai boj\u0101tas bl\u012bves nekav\u0113joties j\u0101nomaina, lai nodro\u0161in\u0101tu hidraulisk\u0101s sist\u0113mas uzticam\u012bbu.<\/h3>\n<\/li>\n<\/ul>\n<h2>Uzst\u0101d\u012b\u0161anas vadl\u012bnijas<\/h2>\n<p>Pareiza str\u0113les cilindra uzst\u0101d\u012b\u0161ana ir t\u0101 darb\u012bbas atsl\u0113ga. Vispirms p\u0101rliecinieties, vai mont\u0101\u017eas virsmas ir t\u012bras un bez gru\u017eiem. Pareizi izl\u012bdziniet cilindru, lai izvair\u012btos no nepareizas izl\u012bdzin\u0101\u0161anas, kas var izrais\u012bt priek\u0161laic\u012bgu nodilumu vai boj\u0101jumus. Izmantojiet atbilsto\u0161us mont\u0101\u017eas kron\u0161teinus, lai nostiprin\u0101tu cilindru viet\u0101, nodro\u0161inot, ka tas darb\u012bbas laik\u0101 saglab\u0101 stabilit\u0101ti. P\u0113c uzst\u0101d\u012b\u0161anas p\u0101rbaudiet hidrauliskos savienojumus, vai nav nopl\u016b\u017eu, un p\u0101rliecinieties, vai hidraulisk\u0101 \u0161\u0137idruma l\u012bmenis ir pietiekams. Kalibr\u0113jiet sist\u0113mu, iev\u0113rojot ra\u017eot\u0101ja specifik\u0101cijas, lai optimiz\u0113tu funkcionalit\u0101ti. Pareiza uzst\u0101d\u012b\u0161ana iev\u0113rojami veicina hidraulisk\u0101s sist\u0113mas efektivit\u0101ti un ilgm\u016b\u017e\u012bbu.<\/p>\n<h2>Bie\u017ei sastopamie apkopes uzdevumi<\/h2>\n<ul>\n<li>\n<h3>Regul\u0101ras p\u0101rbaudes<\/h3>\n<p>Regul\u0101ras p\u0101rbaudes \u013cauj laikus atkl\u0101t potenci\u0101las probl\u0113mas. P\u0101rbaudiet balonu, vai nav nodiluma paz\u012bmju, nopl\u016b\u017eu un t\u0101 visp\u0101r\u0113jo st\u0101vokli, nodro\u0161inot, ka visi nepiecie\u0161amie remontdarbi tiek veikti nekav\u0113joties, lai izvair\u012btos no sare\u017e\u0123\u012bjumiem.<\/h3>\n<\/li>\n<li>\n<h3>E\u013c\u013co\u0161ana<\/h3>\n<p>Regul\u0101ra e\u013c\u013co\u0161ana ir b\u016btiska, lai samazin\u0101tu kust\u012bgo da\u013cu berzi un nodilumu. P\u0101rliecinieties, vai izmantot\u0101 hidraulisk\u0101 e\u013c\u013ca ir ieteicam\u0101 tipa, un uzturiet atbilsto\u0161u e\u013c\u013cas l\u012bmeni, lai nodro\u0161in\u0101tu vienm\u0113r\u012bgu darb\u012bbu.<\/h3>\n<\/li>\n<li>\n<h3>Bl\u012bvju nomai\u0146as un kalibr\u0113\u0161anas p\u0101rbaudes<\/h3>\n<p>Nodilu\u0161o bl\u012bv\u0113jumu nomai\u0146a regul\u0101r\u0101s apkopes ietvaros nodro\u0161ina hidraulisk\u0101s sist\u0113mas darb\u012bbu bez nopl\u016bd\u0113m. Periodiskas kalibr\u0113\u0161anas p\u0101rbaudes pal\u012bdz uztur\u0113t cilindru darb\u012bbas precizit\u0101ti, nodro\u0161inot, ka tie atbilst ekspluat\u0101cijas pras\u012bb\u0101m.<\/h3>\n<\/li>\n<\/ul>\n<p><img decoding=\"async\" src=\"https:\/\/www.hydraulic-cylinders.net\/wp-content\/uploads\/2025\/04\/songte-chushion-collar.webp\" alt=\"Spilvenu apkakle\" \/><\/p>\n<h2>Dro\u0161\u012bbas apsv\u0113rumi un vides faktori<\/h2>\n<p>Darbinot hidraulisk\u0101s sist\u0113mas ar str\u0113les cilindriem, dro\u0161\u012bbas pas\u0101kumu ievie\u0161ana ir \u0101rk\u0101rt\u012bgi svar\u012bga. Operatoriem j\u0101b\u016bt apm\u0101c\u012btiem atpaz\u012bt iesp\u0113jamos apdraud\u0113jumus un ekspluat\u0101cijas laik\u0101 lietot individu\u0101los aizsardz\u012bbas l\u012bdzek\u013cus (IAL). Regul\u0101ras apkopes p\u0101rbaudes pal\u012bdz identific\u0113t un risin\u0101t ar dro\u0161\u012bbu saist\u012btas probl\u0113mas, pirms t\u0101s saasin\u0101s, t\u0101d\u0113j\u0101di veicinot dro\u0161\u0101ku darba vidi. Turkl\u0101t hidraulisko \u0161\u0137idrumu un komponentu pareiza utiliz\u0101cija ir b\u016btiska, lai samazin\u0101tu ietekmi uz vidi, iev\u0113rojot viet\u0113jos noteikumus, lai nodro\u0161in\u0101tu atbild\u012bgu praksi.<\/p>\n<h2>Bie\u017ei sastopamo probl\u0113mu nov\u0113r\u0161ana<\/h2>\n<ul>\n<li>\n<h3>Nopl\u016bde<\/h3>\n<p>Nopl\u016bdes bie\u017ei izraisa nolietoti bl\u012bv\u0113jumi vai boj\u0101tas \u0161\u013c\u016btenes. Lai risin\u0101tu \u0161o probl\u0113mu, p\u0101rbaudiet bl\u012bv\u0113jumu nodilumu un nomainiet tos p\u0113c nepiecie\u0161am\u012bbas. Lai nov\u0113rstu \u0161\u0137idruma zudumu, p\u0101rliecinieties, vai \u0161\u013c\u016btenes nav samezgloju\u0161\u0101s vai boj\u0101tas.<\/h3>\n<\/li>\n<li>\n<h3>Nekonsekventa veiktsp\u0113ja<\/h3>\n<p>Ja str\u0113les cilindrs kustas nevienm\u0113r\u012bgi, tas var liecin\u0101t par zemu hidraulisk\u0101 \u0161\u0137idruma l\u012bmeni vai gaisu sist\u0113m\u0101. P\u0101rbaudiet \u0161\u0137idruma l\u012bmeni un, ja nepiecie\u0161ams, atgaisojiet sist\u0113mu, lai atjaunotu nemain\u012bgu veiktsp\u0113ju.<\/h3>\n<\/li>\n<li>\n<h3>P\u0101rkar\u0161ana<\/h3>\n<p>P\u0101rkar\u0161anu var izrais\u012bt nepietiekama e\u013c\u013co\u0161ana vai p\u0101rm\u0113r\u012bga slodze. Nodro\u0161iniet pareizu e\u013c\u013co\u0161anu un p\u0101rbaudiet, vai cilindrs netiek p\u0101rslogots vair\u0101k nek\u0101 t\u0101 jauda, \u200b\u200blai nov\u0113rstu p\u0101rkar\u0161anu.<\/h3>\n<\/li>\n<\/ul>\n<p>\u0160o bie\u017ei sastopamo probl\u0113mu savlaic\u012bga identific\u0113\u0161ana un risin\u0101\u0161ana var nov\u0113rst turpm\u0101kus boj\u0101jumus un nodro\u0161in\u0101t hidraulisk\u0101s sist\u0113mas efekt\u012bvu darb\u012bbu. Prevent\u012bvu pas\u0101kumu, piem\u0113ram, regul\u0101ras apkopes un p\u0101rbau\u017eu, ievie\u0161ana ir \u013coti svar\u012bga, lai samazin\u0101tu potenci\u0101l\u0101s probl\u0113mas.<\/p>\n<p><img decoding=\"async\" src=\"https:\/\/www.hydraulic-cylinders.net\/wp-content\/uploads\/2025\/04\/songte-bushings-with-all-kinds-of-excavator-models.webp\" alt=\"Ekskavatora bukses\" \/><\/p>\n<h2>Par m\u016bsu uz\u0146\u0113mumu<\/h2>\n<p>M\u0113s esam vado\u0161ais rezerves hidraulisko cilindru ra\u017eot\u0101js, kas pied\u0101v\u0101 pla\u0161u produktu kl\u0101stu, kas apmierina gan viet\u0113jo, gan starptautisko tirgu vajadz\u012bbas. M\u016bsu ap\u0146em\u0161an\u0101s sasniegt izcil\u012bbu virza m\u016bsu ra\u017eo\u0161anas praksi, izmantojot progres\u012bvas ra\u017eo\u0161anas vad\u012bbas strat\u0113\u0123ijas un modernu apr\u012bkojumu. M\u0113s nep\u0101rtraukti uzlabojam savu ra\u017eo\u0161anas platformu, pielietojot tehnisk\u0101s zin\u0101\u0161anas un prec\u012bzas test\u0113\u0161anas sist\u0113mas, t\u0101d\u0113j\u0101di nodro\u0161inot visaugst\u0101ko m\u016bsu produktu kvalit\u0101ti. Koncentr\u0113joties uz efektivit\u0101ti, precizit\u0101ti un klientu apmierin\u0101t\u012bbu, m\u0113s esam ap\u0146\u0113mu\u0161ies apmierin\u0101t da\u017e\u0101das klientu vajadz\u012bbas.<\/p>\n<p><img decoding=\"async\" src=\"https:\/\/www.hydraulic-cylinders.net\/wp-content\/uploads\/2025\/04\/songte-company-4.webp\" alt=\"Uz\u0146\u0113muma t\u0113ls\" \/><br \/>\n<img decoding=\"async\" src=\"https:\/\/www.hydraulic-cylinders.net\/wp-content\/uploads\/2025\/04\/songte-company-3.webp\" alt=\"Uz\u0146\u0113muma t\u0113ls\" \/><\/p>\n<p>M\u016bsu specializ\u0101ciju hidraulisko cilindru jom\u0101 atbalsta starptautiski sertifik\u0101ti, piel\u0101goti pakalpojumi un sp\u0113c\u012bgs p\u0113cp\u0101rdo\u0161anas atbalsts. M\u0113s pie\u0161\u0137iram priorit\u0101ti kvalit\u0101tes kontrolei un iev\u0113rojam stingrus nozares standartus, lai apmierin\u0101tu m\u016bsu klientu augst\u0101k\u0101s cer\u012bbas.<\/p>\n<p>Autors: lil<\/p>","protected":false},"excerpt":{"rendered":"<p>Boom Cylinder For KYM KY105A Product Overview The Boom Cylinder for KYM KY105A is a vital component in hydraulic systems, specifically designed for controlling the movement of buckets in heavy machinery such as excavators, backhoe loaders, and front loaders. This hydraulic cylinder enables the bucket to lift, lower, and tilt, facilitating efficient material handling tasks. [&hellip;]<\/p>","protected":false},"featured_media":17871,"comment_status":"open","ping_status":"closed","template":"","meta":{"_et_pb_use_builder":"","_et_pb_old_content":"","_et_gb_content_width":""},"product_brand":[],"product_cat":[1546],"product_tag":[1547,1496],"class_list":{"0":"post-19533","1":"product","2":"type-product","3":"status-publish","4":"has-post-thumbnail","6":"product_cat-boom-cylinders","7":"product_tag-boom-cylinders","8":"product_tag-hydraulic-cylinders","10":"first","11":"instock","12":"shipping-taxable","13":"product-type-simple"},"amp_enabled":true,"_links":{"self":[{"href":"https:\/\/www.hydraulic-cylinders.net\/lv\/wp-json\/wp\/v2\/product\/19533","targetHints":{"allow":["GET"]}}],"collection":[{"href":"https:\/\/www.hydraulic-cylinders.net\/lv\/wp-json\/wp\/v2\/product"}],"about":[{"href":"https:\/\/www.hydraulic-cylinders.net\/lv\/wp-json\/wp\/v2\/types\/product"}],"replies":[{"embeddable":true,"href":"https:\/\/www.hydraulic-cylinders.net\/lv\/wp-json\/wp\/v2\/comments?post=19533"}],"wp:featuredmedia":[{"embeddable":true,"href":"https:\/\/www.hydraulic-cylinders.net\/lv\/wp-json\/wp\/v2\/media\/17871"}],"wp:attachment":[{"href":"https:\/\/www.hydraulic-cylinders.net\/lv\/wp-json\/wp\/v2\/media?parent=19533"}],"wp:term":[{"taxonomy":"product_brand","embeddable":true,"href":"https:\/\/www.hydraulic-cylinders.net\/lv\/wp-json\/wp\/v2\/product_brand?post=19533"},{"taxonomy":"product_cat","embeddable":true,"href":"https:\/\/www.hydraulic-cylinders.net\/lv\/wp-json\/wp\/v2\/product_cat?post=19533"},{"taxonomy":"product_tag","embeddable":true,"href":"https:\/\/www.hydraulic-cylinders.net\/lv\/wp-json\/wp\/v2\/product_tag?post=19533"}],"curies":[{"name":"wp","href":"https:\/\/api.w.org\/{rel}","templated":true}]}}