{"id":19536,"date":"2025-04-07T06:53:16","date_gmt":"2025-04-07T06:53:16","guid":{"rendered":"https:\/\/www.hydraulic-cylinders.net\/product\/boom-cylinder-for-pengpu-sw240e\/"},"modified":"2025-04-07T06:53:18","modified_gmt":"2025-04-07T06:53:18","slug":"boom-cylinder-for-pengpu-sw240e","status":"publish","type":"product","link":"https:\/\/www.hydraulic-cylinders.net\/lv\/products\/boom-cylinder-for-pengpu-sw240e\/","title":{"rendered":"Pengpu SW240E str\u0113les cilindrs"},"content":{"rendered":"<h1>Pengpu SW240E str\u0113les cilindrs<\/h1>\n<h2>Produkta p\u0101rskats<\/h2>\n<p>The <strong>Pengpu SW240E str\u0113les cilindrs<\/strong> ir b\u016btiska hidrauliska sast\u0101vda\u013ca, kas paredz\u0113ta, lai kontrol\u0113tu kausu kust\u012bbu smagaj\u0101s ma\u0161\u012bn\u0101s, piem\u0113ram, ekskavatoros, univers\u0101lajos iekr\u0101v\u0113jos un front\u0101lajos iekr\u0101v\u0113jos. \u0160is hidrauliskais cilindrs \u013cauj kausam pacelt, nolaist un noliekt, t\u0101d\u0113j\u0101di atvieglojot efekt\u012bvus materi\u0101lu apstr\u0101des uzdevumus. Darbojoties k\u0101 kritiska hidraulisko sist\u0113mu sast\u0101vda\u013ca, tas p\u0101rveido hidraulisko ener\u0123iju meh\u0101nisk\u0101 kust\u012bb\u0101, nodro\u0161inot prec\u012bzu un jaud\u012bgu darb\u012bbu.<\/p>\n<p><img decoding=\"async\" src=\"https:\/\/www.hydraulic-cylinders.net\/wp-content\/uploads\/2025\/04\/songte-company-1.webp\" alt=\"Str\u0113les cilindrs\" \/><\/p>\n<h3>Kausa cilindru izpratne<\/h3>\n<p>Kausa cilindri ir hidrauliskie cilindri, kas \u012bpa\u0161i paredz\u0113ti smag\u0101s tehnikas lieto\u0161anai. Tie nodro\u0161ina nepiecie\u0161amo sp\u0113ku, lai efekt\u012bvi vad\u012btu kausa kust\u012bbas. Izmantojot hidraulisko e\u013c\u013cu zem spiediena, \u0161ie cilindri pan\u0101k vienm\u0113r\u012bgu un kontrol\u0113tu darb\u012bbu, padarot tos par vit\u0101li svar\u012bgiem celtniec\u012bbas un lauksaimniec\u012bbas tehnikai.<\/p>\n<h2>Galven\u0101s iez\u012bmes<\/h2>\n<ul>\n<li><strong>Augsta iztur\u012bba un ilgm\u016b\u017e\u012bba:<\/strong> Izgatavots no augstas stipr\u012bbas t\u0113rauda vai alum\u012bnija, str\u0113les cilindrs ir paredz\u0113ts augsta spiediena un lielu kravu iztur\u0113\u0161anai, padarot to piem\u0113rotu skarbajiem darba apst\u0101k\u013ciem.<\/li>\n<li><strong>Efekt\u012bva hidraulisk\u0101 darb\u012bba:<\/strong> Cilindrs izmanto hidraulisko spiedienu vienm\u0113r\u012bgai izvilk\u0161anai un ievilk\u0161anai, \u013caujot \u0101tri rea\u0123\u0113t uz operatora komand\u0101m un nodro\u0161inot iev\u0113rojamu stum\u0161anas un vilk\u0161anas sp\u0113ku.<\/li>\n<li><strong>Da\u017e\u0101di veidi:<\/strong> \u0160ie cilindri, kas pieejami vienk\u0101r\u0161\u0101s un divk\u0101r\u0161\u0101s darb\u012bbas konfigur\u0101cij\u0101s, atbilst da\u017e\u0101d\u0101m ekspluat\u0101cijas pras\u012bb\u0101m. Da\u017ei mode\u013ci ir teleskopiski, kas \u013cauj sasniegt liel\u0101ku sniedzam\u012bbu, nepalielinot kop\u0113jo izm\u0113ru.<\/li>\n<li><strong>Prec\u012bzijas in\u017eenierija:<\/strong> Katrs str\u0113les cilindrs ir konstru\u0113ts ar stingr\u0101m pielaid\u0113m, nodro\u0161inot optim\u0101lu darb\u012bbu un ilgm\u016b\u017e\u012bbu sare\u017e\u0123\u012btos uzdevumos.<\/li>\n<li><strong>Piel\u0101gojamas opcijas:<\/strong> M\u0113s varam izgatavot \u0161o produktu, kas piel\u0101gots konkr\u0113tiem lietojumiem vai pras\u012bb\u0101m, nodro\u0161inot perfektu atbilst\u012bbu j\u016bsu hidrauliskaj\u0101m sist\u0113m\u0101m.<\/li>\n<\/ul>\n<p><img decoding=\"async\" src=\"https:\/\/www.hydraulic-cylinders.net\/wp-content\/uploads\/2025\/04\/songte-cylinder-head-with-all-kinds-excavator-models.webp\" alt=\"Str\u0113les cilindra galva\" \/><\/p>\n<h2>Pieteikumi<\/h2>\n<h3>Celtniec\u012bbas apr\u012bkojums<\/h3>\n<p>Ekskavatoros str\u0113les cilindri ir \u013coti svar\u012bgi augsnes vai gru\u017eu rak\u0161anai, iekrau\u0161anai un transport\u0113\u0161anai. To uzticam\u0101 darb\u012bba nodro\u0161ina efekt\u012bvu veiktsp\u0113ju, str\u0101d\u0101jot ar smagiem materi\u0101liem. Ekskavatoriem-iekr\u0101v\u0113jiem \u0161ie cilindri pal\u012bdz ne tikai rak\u0161anas darbos, bet ar\u012b cel\u0161anas oper\u0101cij\u0101s, nodro\u0161inot daudzpus\u012bbu un produktivit\u0101ti darba viet\u0101s.<\/p>\n<h3>Lauksaimniec\u012bbas tehnika<\/h3>\n<p>Front\u0101lie iekr\u0101v\u0113ji izmanto str\u0113les cilindrus augsnes, siena un citu materi\u0101lu sav\u0101k\u0161anai, cel\u0161anai un transport\u0113\u0161anai. \u0160ie hidrauliskie cilindri uzlabo lauksaimniec\u012bbas tehnikas veiktsp\u0113ju, padarot t\u0101dus uzdevumus k\u0101 kult\u016braugu iekrau\u0161ana un izkrau\u0161ana efekt\u012bv\u0101kus.<\/p>\n<h3>Ekskavatori<\/h3>\n<p>Str\u0113les cilindrs \u013cauj kausam iek\u013c\u016bt zem\u0113, atvieglojot rak\u0161anas procesus. T\u0101 iztur\u012bba un uzticam\u012bba ir b\u016btiska, lai \u0101tri un efekt\u012bvi p\u0101rvietotu lielus augsnes apjomus.<\/p>\n<h3>Iekr\u0101v\u0113ji<\/h3>\n<p>Front\u0101lajos iekr\u0101v\u0113jos str\u0113les cilindriem ir b\u016btiska loma kravu efekt\u012bv\u0101 cel\u0161an\u0101 un izg\u0101\u0161an\u0101. To konstrukcija nodro\u0161ina, ka materi\u0101lus var viegli apstr\u0101d\u0101t, t\u0101d\u0113j\u0101di palielinot kop\u0113jo produktivit\u0101ti.<\/p>\n<h2>Dizaina apsv\u0113rumi un atlases krit\u0113riji<\/h2>\n<h3>Kravnes\u012bba<\/h3>\n<p>Izv\u0113loties str\u0113les cilindru, ir \u013coti svar\u012bgi nov\u0113rt\u0113t t\u0101 kravnes\u012bbu. P\u0101rliecinieties, vai cilindrs var iztur\u0113t maksim\u0101lo materi\u0101lu svaru, ar kuriem tas str\u0101d\u0101s. P\u0101rslodze var izrais\u012bt priek\u0161laic\u012bgu boj\u0101jumu un dro\u0161\u012bbas apdraud\u0113jumu.<\/p>\n<h3>Bl\u012bv\u0113juma integrit\u0101te<\/h3>\n<p>Svar\u012bga konstrukcijas iez\u012bme ir bl\u012bv\u0113\u0161anas sist\u0113ma. Pareizi bl\u012bv\u0113jumi nov\u0113r\u0161 hidraulisk\u0101 \u0161\u0137idruma nopl\u016bdes, nodro\u0161inot efekt\u012bvu darb\u012bbu un aizsarg\u0101jot vidi no pies\u0101r\u0146ojuma. Apsveriet cilindrus ar augstas kvalit\u0101tes bl\u012bv\u0113m, kas izgatavotas no iztur\u012bgiem materi\u0101liem.<\/p>\n<h3>Iztur\u012bba<\/h3>\n<p>Iztur\u012bba ir b\u016btiska str\u0113les cilindriem, jo \u200b\u200btie iztur skarbus darba apst\u0101k\u013cus. Izv\u0113loties cilindrus, kas izgatavoti no materi\u0101liem, kas ir iztur\u012bgi pret nodilumu, koroziju un nogurumu, var iev\u0113rojami pagarin\u0101t to kalpo\u0161anas laiku.<\/p>\n<h3>Dro\u0161\u012bbas funkcijas<\/h3>\n<p>Dro\u0161\u012bbas meh\u0101nismi, piem\u0113ram, spiediena samazin\u0101\u0161anas v\u0101rsti un av\u0101rijas dro\u0161in\u0101t\u0101ji, ir \u013coti svar\u012bgi hidrauliskajos cilindros. Tie nov\u0113r\u0161 negad\u012bjumus un iek\u0101rtu boj\u0101jumus, nodro\u0161inot cilindra darb\u012bbu dro\u0161\u0101s robe\u017e\u0101s.<\/p>\n<h3>Apkopes pieejam\u012bba<\/h3>\n<p>Ir svar\u012bgi projekt\u0113t t\u0101, lai nodro\u0161in\u0101tu vienk\u0101r\u0161u apkopi. Izv\u0113lieties cilindrus, kas nodro\u0161ina \u0113rtu piek\u013cuvi deta\u013c\u0101m p\u0101rbaudei, t\u012br\u012b\u0161anai un remontam. \u0160is apsv\u0113rums var pal\u012bdz\u0113t samazin\u0101t d\u012bkst\u0101ves laiku un apkopes izmaksas.<\/p>\n<p><img decoding=\"async\" src=\"https:\/\/www.hydraulic-cylinders.net\/wp-content\/uploads\/2025\/04\/songte-oil-pipes-and-spare-parts.webp\" alt=\"Hidraulisk\u0101s da\u013cas\" \/><\/p>\n<h2>Bl\u012bv\u0113\u0161ana un e\u013c\u013co\u0161ana<\/h2>\n<p>Str\u0113les cilindru bl\u012bv\u0113\u0161anas sist\u0113m\u0101s tiek izmantoti da\u017e\u0101di bl\u012bv\u0113jumi, tostarp virzu\u013ca bl\u012bv\u0113jumi un stie\u0146a bl\u012bv\u0113jumi, kas izgatavoti no nodilumiztur\u012bgiem materi\u0101liem, piem\u0113ram, poliuret\u0101na un nitrila gumijas. \u0160ie bl\u012bv\u0113jumi nov\u0113r\u0161 hidraulisk\u0101 \u0161\u0137idruma nopl\u016bdes un uztur spiedienu sist\u0113m\u0101. Turkl\u0101t cilindra korpuss un v\u012bt\u0146otie gali tiek r\u016bp\u012bgi apstr\u0101d\u0101ti, lai uzlabotu nodilumiztur\u012bbu. Regul\u0101ra atbilsto\u0161as \u200b\u200bhidraulisk\u0101s e\u013c\u013cas pievieno\u0161ana e\u013c\u013co\u0161anai ir b\u016btiska, lai nodro\u0161in\u0101tu cilindra ilgm\u016b\u017e\u012bbu un efektivit\u0101ti.<\/p>\n<h2>Prevent\u012bvie apkopes pas\u0101kumi<\/h2>\n<ul>\n<li><strong>Regul\u0101ra p\u0101rbaude:<\/strong> Veiciet regul\u0101ras p\u0101rbaudes, lai p\u0101rliecin\u0101tos, ka visas sast\u0101vda\u013cas darbojas pareizi.<\/li>\n<li><strong>Pareiza e\u013c\u013co\u0161ana:<\/strong> Uztur\u0113t hidraulisk\u0101 \u0161\u0137idruma l\u012bmeni un nodro\u0161in\u0101t savlaic\u012bgu bl\u012bv\u0113jumu un kust\u012bgo da\u013cu e\u013c\u013co\u0161anu, lai nov\u0113rstu berzi un nodilumu.<\/li>\n<li><strong>Bl\u012bv\u0113juma nomai\u0146a:<\/strong> P\u0101rbaudiet bl\u012bves, vai t\u0101s nav nodilu\u0161as, un nomainiet t\u0101s p\u0113c nepiecie\u0161am\u012bbas, lai saglab\u0101tu cilindra integrit\u0101ti un veiktsp\u0113ju.<\/li>\n<\/ul>\n<h2>Produkta uzst\u0101d\u012b\u0161anas vadl\u012bnijas<\/h2>\n<p>Lai pareizi uzst\u0101d\u012btu str\u0113les cilindru, veiciet t\u0101l\u0101k nor\u0101d\u012bt\u0101s darb\u012bbas.<\/p>\n<ol>\n<li>P\u0101rliecinieties, ka darba vieta ir br\u012bva un dro\u0161a uzst\u0101d\u012b\u0161anai.<\/li>\n<li>Izmantojiet atbilsto\u0161\u0101s mont\u0101\u017eas kron\u0161teinus, lai nostiprin\u0101tu cilindru viet\u0101, nodro\u0161inot pareizu izl\u012bdzin\u0101\u0161anu ar cit\u0101m hidrauliskaj\u0101m sast\u0101vda\u013c\u0101m.<\/li>\n<li>Pievienojiet hidraulisk\u0101s \u0161\u013c\u016btenes saska\u0146\u0101 ar ra\u017eot\u0101ja nor\u0101d\u012bjumiem, p\u0101rliecinoties, ka savienojumos nav nopl\u016b\u017eu.<\/li>\n<li>Pirms hidraulisk\u0101s sist\u0113mas aktiviz\u0113\u0161anas divreiz p\u0101rbaudiet visus savienojumus un izl\u012bdzin\u0101jumus.<\/li>\n<li>Veiciet testa braucienu, lai p\u0101rliecin\u0101tos par pareizu darb\u012bbu un nekav\u0113joties nov\u0113rstu visas probl\u0113mas.<\/li>\n<\/ol>\n<h2>Bie\u017ei sastopamie apkopes uzdevumi<\/h2>\n<ul>\n<li><strong>Regul\u0101ras p\u0101rbaudes:<\/strong> Regul\u0101ras nopl\u016b\u017eu un nodiluma p\u0101rbaudes var pal\u012bdz\u0113t atkl\u0101t probl\u0113mas, pirms t\u0101s saasin\u0101s.<\/li>\n<li><strong>Piem\u0113rota e\u013c\u013co\u0161ana:<\/strong> Bl\u012bvju e\u013c\u013co\u0161ana ir \u013coti svar\u012bga, lai nov\u0113rstu nodilumu un pagarin\u0101tu cilindra kalpo\u0161anas laiku.<\/li>\n<li><strong>Bl\u012bv\u0113juma nomai\u0146a un kalibr\u0113\u0161ana:<\/strong> Regul\u0101ra bl\u012bv\u0113jumu nomai\u0146a un cilindra kalibr\u0113\u0161ana nodro\u0161ina optim\u0101lu veiktsp\u0113ju un dro\u0161\u012bbu.<\/li>\n<\/ul>\n<h2>Dro\u0161\u012bbas apsv\u0113rumi un vides faktori<\/h2>\n<p>Izmantojot hidraulisk\u0101s sist\u0113mas, dro\u0161\u012bbas pas\u0101kumi ir \u0101rk\u0101rt\u012bgi svar\u012bgi. Nodro\u0161iniet atbilsto\u0161u operatoru apm\u0101c\u012bbu un iev\u0113rojiet dro\u0161\u012bbas vadl\u012bnijas, lai nov\u0113rstu negad\u012bjumus. Turkl\u0101t \u0146emiet v\u0113r\u0101 hidraulisko \u0161\u0137idrumu ietekmi uz vidi un centieties samazin\u0101t nopl\u016bdes un izl\u012b\u0161anu, iev\u0113rojot noteikumus un lab\u0101ko praksi.<\/p>\n<h2>Probl\u0113mu nov\u0113r\u0161ana un bie\u017ei sastopamas probl\u0113mas<\/h2>\n<ul>\n<li><strong>Nopl\u016bde:<\/strong> Nosakiet nopl\u016bdes avotu, kas var\u0113tu b\u016bt saist\u012bts ar nodilu\u0161iem bl\u012bv\u0113jumiem vai boj\u0101t\u0101m \u0161\u013c\u016bten\u0113m. Nomainiet bl\u012bves un p\u0101rbaudiet \u0161\u013c\u016bte\u0146u integrit\u0101ti.<\/li>\n<li><strong>L\u0113na darb\u012bba:<\/strong> Tas var\u0113tu liecin\u0101t par zemu hidraulisk\u0101 \u0161\u0137idruma l\u012bmeni vai aizsprostojumu hidrauliskaj\u0101s l\u012bnij\u0101s. P\u0101rbaudiet \u0161\u0137idruma l\u012bmeni un p\u0101rliecinieties, vai l\u012bnijas ir t\u012bras.<\/li>\n<li><strong>Neparastas ska\u0146as:<\/strong> Trok\u0161\u0146i var liecin\u0101t par iek\u0161\u0113jiem boj\u0101jumiem vai zemu \u0161\u0137idruma l\u012bmeni. Nekav\u0113joties izp\u0113tiet un nov\u0113rsiet visas probl\u0113mas.<\/li>\n<\/ul>\n<h2>Padomi k\u013c\u016bmju nov\u0113r\u0161anai<\/h2>\n<p>Lai efekt\u012bvi diagnostic\u0113tu un nov\u0113rstu probl\u0113mas, vispirms veiciet r\u016bp\u012bgas p\u0101rbaudes, lai identific\u0113tu probl\u0113mas. Izmantojiet prevent\u012bvus pas\u0101kumus, piem\u0113ram, uzturiet atbilsto\u0161u \u0161\u0137idruma l\u012bmeni un regul\u0101ri veiciet apkopi, lai samazin\u0101tu turpm\u0101ku probl\u0113mu risku.<\/p>\n<p><img decoding=\"async\" src=\"https:\/\/www.hydraulic-cylinders.net\/wp-content\/uploads\/2025\/04\/songte-bushings-with-all-kinds-of-excavator-models.webp\" alt=\"Bukses\" \/><\/p>\n<h2>Uz\u0146\u0113muma p\u0101rskats<\/h2>\n<p>M\u0113s esam vado\u0161ais rezerves hidraulisko cilindru ra\u017eot\u0101js un vairumtirgot\u0101js ar pla\u0161u produktu kl\u0101stu, kas m\u016bs ir pozicion\u0113jis k\u0101 galveno sp\u0113l\u0113t\u0101ju gan viet\u0113j\u0101, gan starptautiskaj\u0101 tirg\u016b. M\u016bsu ap\u0146em\u0161anos nodro\u0161in\u0101t kvalit\u0101ti nodro\u0161ina r\u016bp\u012bgas ra\u017eo\u0161anas vad\u012bbas strat\u0113\u0123ijas, izmantojot progres\u012bvas tehnolo\u0123ijas, kvalific\u0113tu person\u0101lu un stingras test\u0113\u0161anas sist\u0113mas. M\u0113s priorit\u0101ti pie\u0161\u0137iram augstai efektivit\u0101tei, precizit\u0101tei un kvalit\u0101tei, lai apmierin\u0101tu da\u017e\u0101d\u0101s klientu vajadz\u012bbas.<\/p>\n<p><img decoding=\"async\" src=\"https:\/\/www.hydraulic-cylinders.net\/wp-content\/uploads\/2025\/04\/songte-company-4.webp\" alt=\"Uz\u0146\u0113muma p\u0101rskats 1\" \/><br \/>\n<img decoding=\"async\" src=\"https:\/\/www.hydraulic-cylinders.net\/wp-content\/uploads\/2025\/04\/songte-company-3.webp\" alt=\"Uz\u0146\u0113muma p\u0101rskats 2\" \/><\/p>\n<p>M\u016bsu profesionalit\u0101te, starptautisk\u0101s sertifik\u0101cijas, piel\u0101gotie pakalpojumi un izcilais p\u0113cp\u0101rdo\u0161anas atbalsts v\u0113l vair\u0101k uzsver m\u016bsu ap\u0146em\u0161anos nodro\u0161in\u0101t izcil\u012bbu hidraulisko cilindru ra\u017eo\u0161an\u0101.<\/p>\n<p>Autors: lil<\/p>","protected":false},"excerpt":{"rendered":"<p>Boom Cylinder For Pengpu SW240E Product Overview The Boom Cylinder For Pengpu SW240E is an essential hydraulic component designed to control the movement of buckets in heavy machinery such as excavators, backhoes, and front loaders. This hydraulic cylinder enables the bucket to lift, lower, and tilt, facilitating efficient material handling tasks. Acting as a critical [&hellip;]<\/p>","protected":false},"featured_media":17874,"comment_status":"open","ping_status":"closed","template":"","meta":{"_et_pb_use_builder":"","_et_pb_old_content":"","_et_gb_content_width":""},"product_brand":[],"product_cat":[1546],"product_tag":[1547,1496],"class_list":{"0":"post-19536","1":"product","2":"type-product","3":"status-publish","4":"has-post-thumbnail","6":"product_cat-boom-cylinders","7":"product_tag-boom-cylinders","8":"product_tag-hydraulic-cylinders","10":"first","11":"instock","12":"shipping-taxable","13":"product-type-simple"},"amp_enabled":true,"_links":{"self":[{"href":"https:\/\/www.hydraulic-cylinders.net\/lv\/wp-json\/wp\/v2\/product\/19536","targetHints":{"allow":["GET"]}}],"collection":[{"href":"https:\/\/www.hydraulic-cylinders.net\/lv\/wp-json\/wp\/v2\/product"}],"about":[{"href":"https:\/\/www.hydraulic-cylinders.net\/lv\/wp-json\/wp\/v2\/types\/product"}],"replies":[{"embeddable":true,"href":"https:\/\/www.hydraulic-cylinders.net\/lv\/wp-json\/wp\/v2\/comments?post=19536"}],"wp:featuredmedia":[{"embeddable":true,"href":"https:\/\/www.hydraulic-cylinders.net\/lv\/wp-json\/wp\/v2\/media\/17874"}],"wp:attachment":[{"href":"https:\/\/www.hydraulic-cylinders.net\/lv\/wp-json\/wp\/v2\/media?parent=19536"}],"wp:term":[{"taxonomy":"product_brand","embeddable":true,"href":"https:\/\/www.hydraulic-cylinders.net\/lv\/wp-json\/wp\/v2\/product_brand?post=19536"},{"taxonomy":"product_cat","embeddable":true,"href":"https:\/\/www.hydraulic-cylinders.net\/lv\/wp-json\/wp\/v2\/product_cat?post=19536"},{"taxonomy":"product_tag","embeddable":true,"href":"https:\/\/www.hydraulic-cylinders.net\/lv\/wp-json\/wp\/v2\/product_tag?post=19536"}],"curies":[{"name":"wp","href":"https:\/\/api.w.org\/{rel}","templated":true}]}}