{"id":19538,"date":"2025-04-07T06:53:21","date_gmt":"2025-04-07T06:53:21","guid":{"rendered":"https:\/\/www.hydraulic-cylinders.net\/product\/boom-cylinder-for-pengpu-sw330es\/"},"modified":"2025-04-07T06:53:23","modified_gmt":"2025-04-07T06:53:23","slug":"boom-cylinder-for-pengpu-sw330es","status":"publish","type":"product","link":"https:\/\/www.hydraulic-cylinders.net\/lv\/products\/boom-cylinder-for-pengpu-sw330es\/","title":{"rendered":"Str\u0113les cilindrs Pengpu SW330ES"},"content":{"rendered":"<h1>Str\u0113les cilindrs Pengpu SW330ES<\/h1>\n<h2>Str\u0113les cilindra izpratne<\/h2>\n<p>Str\u0113les cilindrs ir b\u016btiska hidraulisko sist\u0113mu sast\u0101vda\u013ca, kas \u012bpa\u0161i paredz\u0113ta kausu kust\u012bbas vad\u012bbai smagaj\u0101s ma\u0161\u012bn\u0101s, piem\u0113ram, ekskavatoros, ekskavatoros-iekr\u0101v\u0113jos un front\u0101lajos iekr\u0101v\u0113jos. \u0160is hidrauliskais cilindrs atvieglo kausa pacel\u0161anu, nolai\u0161anu un noliek\u0161anu, padarot to par neaizst\u0101jamu instrumentu materi\u0101lu apstr\u0101des darbos. Izmantojot hidraulisko \u0161\u0137idrumu zem spiediena, \u0161ie cilindri var rad\u012bt iev\u0113rojamu sp\u0113ku, \u013caujot operatoriem veikt pat vispras\u012bg\u0101kos uzdevumus ar precizit\u0101ti un efektivit\u0101ti.<\/p>\n<p><img decoding=\"async\" src=\"https:\/\/www.hydraulic-cylinders.net\/wp-content\/uploads\/2025\/04\/songte-company-1.webp\" alt=\"Str\u0113les cilindrs\"><\/p>\n<h2>Str\u0113les cilindra galven\u0101s iez\u012bmes<\/h2>\n<ul>\n<li><strong>Augsta iztur\u012bba un ilgm\u016b\u017e\u012bba:<\/strong> Parasti no augstas stipr\u012bbas t\u0113rauda vai alum\u012bnija izgatavotais str\u0113les cilindrs var iztur\u0113t augstu spiedienu un lielas slodzes. T\u0101 konstrukcij\u0101 ir iek\u013cauta nodilumiztur\u012bba un aizsardz\u012bba pret koroziju, lai pagarin\u0101tu t\u0101 kalpo\u0161anas laiku.<\/li>\n<li><strong>Efekt\u012bva hidraulisk\u0101 darb\u012bba:<\/strong> \u0160is cilindrs izmanto hidraulisk\u0101s e\u013c\u013cas spiedienu vienm\u0113r\u012bgai izvilk\u0161anai un ievilk\u0161anai, \u013caujot \u0101tri rea\u0123\u0113t uz operatora komand\u0101m un nodro\u0161inot sp\u0113c\u012bgu vilk\u0161anas un stum\u0161anas sp\u0113ku, kas ir piem\u0113rots smagu un sare\u017e\u0123\u012btu uzdevumu veik\u0161anai.<\/li>\n<li><strong>Pieejami da\u017e\u0101di veidi:<\/strong> Atkar\u012bb\u0101 no ekspluat\u0101cijas vajadz\u012bb\u0101m lietot\u0101ji var izv\u0113l\u0113ties starp vienas darb\u012bbas (izmantojot hidraulisko spiedienu vien\u0101 virzien\u0101) vai divk\u0101r\u0161as darb\u012bbas (izmantojot hidraulisko spiedienu abos virzienos) cilindriem. Da\u017eiem mode\u013ciem ir teleskopiska konstrukcija, kas nodro\u0161ina liel\u0101ku pagarin\u0101jumu, nepalielinot \u0101r\u0113jos izm\u0113rus, padarot tos ide\u0101li piem\u0113rotus lietojumiem ar ierobe\u017eotu vietu.<\/li>\n<\/ul>\n<h2>Ra\u017eo\u0161anas iesp\u0113jas<\/h2>\n<p>M\u016bsu uz\u0146\u0113mums sp\u0113j ra\u017eot \u0161o produktu, nodro\u0161inot, ka m\u016bsu cilindri perfekti aizvieto eso\u0161os hidrauliskos cilindrus.<\/p>\n<p><img decoding=\"async\" src=\"https:\/\/www.hydraulic-cylinders.net\/wp-content\/uploads\/2025\/04\/songte-cylinder-head-with-all-kinds-excavator-models.webp\" alt=\"Ekskavatoru mode\u013ci\"><\/p>\n<h2>Str\u0113les cilindra pielietojumi<\/h2>\n<h3>Celtniec\u012bbas apr\u012bkojums<\/h3>\n<p>Ekskavatoros str\u0113les cilindrs ir \u013coti svar\u012bgs augsnes vai gru\u017eu rak\u0161anai, iekrau\u0161anai un p\u0101rvieto\u0161anai. T\u0101 sp\u0113ja izstiepties un ievilkties nodro\u0161ina efekt\u012bvu rak\u0161anu un cel\u0161anu, savuk\u0101rt ekskavatoros-iekr\u0101v\u0113jos tas pal\u012bdz gan rak\u0161anas, gan pacel\u0161anas darbos.<\/p>\n<h3>Lauksaimniec\u012bbas tehnika<\/h3>\n<p>Front\u0101lajos iekr\u0101v\u0113jos \u0161ie cilindri tiek izmantoti augsnes, siena un citu materi\u0101lu sav\u0101k\u0161anai, pacel\u0161anai un transport\u0113\u0161anai, t\u0101d\u0113j\u0101di uzlabojot lauksaimniec\u012bbas darbu produktivit\u0101ti, vienk\u0101r\u0161ojot \u0161os uzdevumus.<\/p>\n<h3>Ekskavatori<\/h3>\n<p>Str\u0113les cilindrs \u013cauj kausam efekt\u012bvi iek\u013c\u016bt zem\u0113, nodro\u0161inot efekt\u012bvas rak\u0161anas darb\u012bbas da\u017e\u0101dos reljefos. T\u0101 iztur\u012bg\u0101 konstrukcija nodro\u0161ina ilgsto\u0161u veiktsp\u0113ju pat sare\u017e\u0123\u012btos apst\u0101k\u013cos.<\/p>\n<h3>Iekr\u0101v\u0113ji<\/h3>\n<p>Front\u0101lajos iekr\u0101v\u0113jos str\u0113les cilindrs pal\u012bdz efekt\u012bvi pacelt un izkraut kravas, t\u0101d\u0113j\u0101di uzlabojot materi\u0101lu apstr\u0101des iesp\u0113jas b\u016bvlaukumos un r\u016bpnieciskos pielietojumos.<\/p>\n<h2>Dizaina apsv\u0113rumi un atlases krit\u0113riji<\/h2>\n<h3>Kravnes\u012bba<\/h3>\n<p>Ir \u013coti svar\u012bgi nov\u0113rt\u0113t str\u0113les cilindra kravnes\u012bbu, jo tam j\u0101sp\u0113j iztur\u0113t apstr\u0101d\u0101jamo materi\u0101lu svaru, neapdraudot dro\u0161\u012bbu vai veiktsp\u0113ju. P\u0101rslodze var izrais\u012bt cilindra boj\u0101jumus, radot iev\u0113rojamus riskus. Izv\u0113loties cilindru, ir svar\u012bgi \u0146emt v\u0113r\u0101 gan maksim\u0101lo slodzi, ko tas var iztur\u0113t, gan t\u0101 ekspluat\u0101cijas ierobe\u017eojumus.<\/p>\n<h3>Bl\u012bv\u0113juma integrit\u0101te<\/h3>\n<p>Bl\u012bv\u0113juma integrit\u0101te ir vit\u0101li svar\u012bga hidraulisko sist\u0113mu efekt\u012bvai darb\u012bbai. Augstas kvalit\u0101tes bl\u012bv\u0113jumi nov\u0113r\u0161 hidraulisk\u0101 \u0161\u0137idruma nopl\u016bdi, kas ir \u013coti svar\u012bgi spiediena uztur\u0113\u0161anai un sist\u0113mas efekt\u012bvas darb\u012bbas nodro\u0161in\u0101\u0161anai. Da\u017e\u0101das bl\u012bv\u0113\u0161anas tehnolo\u0123ijas, piem\u0113ram, virzu\u013ca bl\u012bv\u0113jumi un stie\u0146a bl\u012bv\u0113jumi, j\u0101izv\u0113las atkar\u012bb\u0101 no konkr\u0113tajiem darba apst\u0101k\u013ciem, lai samazin\u0101tu nodilumu un palielin\u0101tu iztur\u012bbu.<\/p>\n<h3>Iztur\u012bba<\/h3>\n<p>Str\u0113les cilindra iztur\u012bbu ietekm\u0113 izmantotie materi\u0101li un ra\u017eo\u0161anas procesi. Augstas kvalit\u0101tes materi\u0101li un prec\u012bza in\u017eenierija nodro\u0161ina ilg\u0101ku kalpo\u0161anas laiku un samazina apkopes nepiecie\u0161am\u012bbu. Ir svar\u012bgi izv\u0113l\u0113ties cilindrus, kas paredz\u0113ti, lai iztur\u0113tu skarbus vides apst\u0101k\u013cus, piem\u0113ram, ekstrem\u0101las temperat\u016bras un kod\u012bgas vielas.<\/p>\n<h3>Dro\u0161\u012bbas funkcijas<\/h3>\n<p>Dro\u0161\u012bbas elementu iek\u013cau\u0161ana str\u0113les cilindra konstrukcij\u0101 ir \u0101rk\u0101rt\u012bgi svar\u012bga. Tas ietver spiediena samazin\u0101\u0161anas v\u0101rstu ievie\u0161anu, lai nov\u0113rstu p\u0101rspiedienu, un visu komponentu atbilst\u012bbas nodro\u0161in\u0101\u0161anu attiec\u012bgajiem dro\u0161\u012bbas standartiem. Regul\u0101ri j\u0101veic dro\u0161\u012bbas p\u0101rbaudes, lai saglab\u0101tu \u0161o elementu integrit\u0101ti un nodro\u0161in\u0101tu dro\u0161u darb\u012bbu.<\/p>\n<h3>Uzturam\u012bba<\/h3>\n<p>Izv\u0113loties str\u0113les cilindru, b\u016btisks faktors ir apkopes vienk\u0101r\u0161\u012bba. Sast\u0101vda\u013c\u0101m j\u0101b\u016bt konstru\u0113t\u0101m t\u0101, lai t\u0101m b\u016btu viegli piek\u013c\u016bt, lai atvieglotu regul\u0101ras p\u0101rbaudes un remontu. Efekt\u012bv\u0101 apkopes pl\u0101n\u0101 j\u0101iek\u013cauj pl\u0101notas p\u0101rbaudes un prevent\u012bvi pas\u0101kumi, lai nov\u0113rstu nolietojumu, pirms tas izraisa sist\u0113mas k\u013c\u016bmes.<\/p>\n<p><img decoding=\"async\" src=\"https:\/\/www.hydraulic-cylinders.net\/wp-content\/uploads\/2025\/04\/songte-oil-pipes-and-spare-parts.webp\" alt=\"E\u013c\u013cas caurules un rezerves da\u013cas\"><\/p>\n<h2>Bl\u012bv\u0113\u0161ana un e\u013c\u013co\u0161ana<\/h2>\n<p>Hidraulisko cilindru efektivit\u0101tes uztur\u0113\u0161anai ir svar\u012bgi izmantot da\u017e\u0101dus bl\u012bv\u0113\u0161anas elementus, piem\u0113ram, virzu\u013ca bl\u012bves un stie\u0146a bl\u012bves. Bl\u012bv\u0113jumi, kas izgatavoti no iztur\u012bgiem materi\u0101liem, piem\u0113ram, poliuret\u0101na un nitrila gumijas, ir ieteicami to nodilumiztur\u012bbas d\u0113\u013c. Cilindra korpuss un v\u012bt\u0146otie gali ir r\u016bp\u012bgi j\u0101apstr\u0101d\u0101, lai uzlabotu nodilumiztur\u012bbu. Lai nov\u0113rstu kust\u012bgo da\u013cu berzi un nodilumu, ir nepiecie\u0161ama regul\u0101ra e\u013c\u013co\u0161ana ar hidraulisko e\u013c\u013cu, lai nodro\u0161in\u0101tu optim\u0101lu cilindra veiktsp\u0113ju un ilgm\u016b\u017e\u012bbu.<\/p>\n<h2>Prevent\u012bvie apkopes pas\u0101kumi<\/h2>\n<ul>\n<li><strong>Regul\u0101ras p\u0101rbaudes:<\/strong> Regul\u0101ru p\u0101rbau\u017eu veik\u0161ana \u013cauj laikus atkl\u0101t probl\u0113mas, pirms t\u0101s p\u0101raug nopietn\u0101k\u0101s probl\u0113m\u0101s. Regul\u0101ri p\u0101rbaudiet nopl\u016bdes, nodilumu un kop\u0113jo sist\u0113mas integrit\u0101ti.<\/li>\n<li><strong>Pareiza e\u013c\u013co\u0161ana:<\/strong> Ensure that the cylinder is adequately lubricated according to the manufacturer&#8217;s specifications. Lack of lubrication can lead to increased friction and premature wear.<\/li>\n<li><strong>Bl\u012bv\u0113juma nomai\u0146a:<\/strong> Regul\u0101ri p\u0101rbaudiet bl\u012bves, vai nav nolieto\u0161an\u0101s paz\u012bmju, un nomainiet t\u0101s p\u0113c nepiecie\u0161am\u012bbas, lai nov\u0113rstu hidraulisk\u0101 \u0161\u0137idruma nopl\u016bdi un saglab\u0101tu sist\u0113mas efektivit\u0101ti.<\/li>\n<\/ul>\n<h2>Instal\u0101cijas rokasgr\u0101mata<\/h2>\n<p>Str\u0113les cilindra uzst\u0101d\u012b\u0161ana prasa r\u016bp\u012bgu uzman\u012bbu deta\u013c\u0101m, lai nodro\u0161in\u0101tu pareizu darb\u012bbu un dro\u0161\u012bbu. S\u0101ciet, sav\u0101cot visus nepiecie\u0161amos instrumentus un dro\u0161\u012bbas apr\u012bkojumu. Pareizi izl\u012bdziniet cilindru ar stiprin\u0101juma punktiem, p\u0101rliecinoties, ka tas ir taisns un dro\u0161i nostiprin\u0101ts. Uzst\u0101d\u012b\u0161anas laik\u0101 ieteicams izmantot atbilsto\u0161us mont\u0101\u017eas kron\u0161teinus, lai stabiliz\u0113tu cilindru. Kad tas ir pareizi novietots, pievelciet visus savienojumus, nep\u0101rspie\u017eot, jo tas var saboj\u0101t deta\u013cas. P\u0113c uzst\u0101d\u012b\u0161anas pirms ma\u0161\u012bnas darbin\u0101\u0161anas p\u0101rbaudiet, vai nav nepareizas izl\u012bdzin\u0101\u0161anas vai nopl\u016b\u017eu.<\/p>\n<h2>Bie\u017ei sastopamie apkopes uzdevumi<\/h2>\n<ul>\n<li><strong>Regul\u0101ras p\u0101rbaudes:<\/strong> Iepl\u0101nojiet regul\u0101ras p\u0101rbaudes, lai uzraudz\u012btu str\u0113les cilindra visp\u0101r\u0113jo st\u0101vokli, tostarp vizu\u0101las p\u0101rbaudes, lai noteiktu nopl\u016bdes vai boj\u0101jumus.<\/li>\n<li><strong>E\u013c\u013co\u0161ana:<\/strong> Ieviesiet regul\u0101ru e\u013c\u013co\u0161anas grafiku, lai nodro\u0161in\u0101tu, ka kust\u012bg\u0101s da\u013cas ir labi iee\u013c\u013cotas, t\u0101d\u0113j\u0101di samazinot nodilumu un uzlabojot veiktsp\u0113ju.<\/li>\n<li><strong>Bl\u012bv\u0113juma nomai\u0146a:<\/strong> Uztur\u0113t rezerves bl\u012bv\u0113jumu invent\u0101ru un izstr\u0101d\u0101t proakt\u012bvu nomai\u0146as grafiku, lai izvair\u012btos no nopl\u016bd\u0113m un sist\u0113mas neefektivit\u0101tes.<\/li>\n<\/ul>\n<h2>Dro\u0161\u012bbas apsv\u0113rumi un vides faktori<\/h2>\n<p>Str\u0101d\u0101jot ar hidrauliskaj\u0101m sist\u0113m\u0101m, dro\u0161\u012bbas pas\u0101kumi ir \u013coti svar\u012bgi, lai nov\u0113rstu negad\u012bjumus un traumas. R\u012bkojoties ar hidrauliskajiem cilindriem, vienm\u0113r valk\u0101jiet atbilsto\u0161us individu\u0101los aizsardz\u012bbas l\u012bdzek\u013cus (IAL), piem\u0113ram, cimdus un aizsargbrilles. Turkl\u0101t nodro\u0161iniet, lai darba vide b\u016btu br\u012bva no apdraud\u0113jumiem, kas var\u0113tu izrais\u012bt negad\u012bjumus. Svar\u012bga ir ar\u012b atbilsto\u0161a operatoru apm\u0101c\u012bba par dro\u0161u lieto\u0161anu un iesp\u0113jamiem apdraud\u0113jumiem, kas saist\u012bti ar hidrauliskaj\u0101m sist\u0113m\u0101m.<\/p>\n<h2>Bie\u017ei sastopamo probl\u0113mu nov\u0113r\u0161ana<\/h2>\n<ul>\n<li><strong>Nopl\u016bde:<\/strong> Ja tiek konstat\u0113ta nopl\u016bde, nekav\u0113joties izol\u0113jiet sist\u0113mu un p\u0101rbaudiet, vai nav boj\u0101ti visi bl\u012bv\u0113jumi un savienojumi.<\/li>\n<li><strong>Veiktsp\u0113jas probl\u0113mas:<\/strong> Ja cilindrs nerea\u0123\u0113 pareizi, p\u0101rbaudiet hidraulisk\u0101 \u0161\u0137idruma l\u012bmeni un filtra st\u0101vokli. Zems \u0161\u0137idruma l\u012bmenis var samazin\u0101t veiktsp\u0113ju.<\/li>\n<li><strong>Troksnis darb\u012bbas laik\u0101:<\/strong> Neparastas ska\u0146as var liecin\u0101t par gaisu hidrauliskaj\u0101 sist\u0113m\u0101 vai nepietiekamu e\u013c\u013co\u0161anu. Atgaisojiet sist\u0113mu, lai izvad\u012btu gaisu, un p\u0101rbaudiet e\u013c\u013co\u0161anas l\u012bmeni.<\/li>\n<\/ul>\n<h2>Probl\u0113mu nov\u0113r\u0161anas padomi<\/h2>\n<p>Lai efekt\u012bvi diagnostic\u0113tu probl\u0113mas, uzturiet visu veiktsp\u0113jas probl\u0113mu \u017eurn\u0101lu, nor\u0101dot, kad t\u0101s rodas un k\u0101dos apst\u0101k\u013cos. \u0160\u012b inform\u0101cija var pal\u012bdz\u0113t identific\u0113t mode\u013cus, kas liecina par konkr\u0113tiem c\u0113lo\u0146iem. Ieviesiet prevent\u012bv\u0101s apkopes grafiku, lai regul\u0101ri p\u0101rbaud\u012btu potenci\u0101l\u0101s probl\u0113mas, nodro\u0161inot optim\u0101lu sist\u0113mas darb\u012bbu un samazinot negaid\u012btus boj\u0101jumus.<\/p>\n<p><img decoding=\"async\" src=\"https:\/\/www.hydraulic-cylinders.net\/wp-content\/uploads\/2025\/04\/songte-bushings-with-all-kinds-of-excavator-models.webp\" alt=\"Bukses ar ekskavatora mode\u013ciem\"><\/p>\n<h2>Par m\u016bsu uz\u0146\u0113mumu<\/h2>\n<p>M\u0113s esam rezerves hidraulisko cilindru ra\u017eot\u0101js, kas pied\u0101v\u0101 pla\u0161u produktu kl\u0101stu un k\u013c\u016bst par vienu no vado\u0161ajiem ra\u017eot\u0101jiem un vairumtirgot\u0101jiem gan viet\u0113j\u0101, gan starptautiskaj\u0101 tirg\u016b. M\u0113s iev\u0113rojam izcil\u012bbu kvalit\u0101t\u0113, izmantojot izsmalcin\u0101tu ra\u017eo\u0161anas darbn\u012bcu strat\u0113\u0123iju un digit\u0101las augstas klases ra\u017eo\u0161anas iek\u0101rtas, nep\u0101rtraukti uzlabojot savu ra\u017eo\u0161anas platformu. Koncentr\u0113joties uz kvalitat\u012bviem ra\u017eo\u0161anas mar\u0161rutiem un sp\u0113c\u012bgu rado\u0161o potenci\u0101lu, m\u0113s cen\u0161amies efekt\u012bvi un prec\u012bzi apmierin\u0101t da\u017e\u0101das klientu vajadz\u012bbas.<\/p>\n<p><img decoding=\"async\" src=\"https:\/\/www.hydraulic-cylinders.net\/wp-content\/uploads\/2025\/04\/songte-company-4.webp\" alt=\"Uz\u0146\u0113muma p\u0101rskats\"><br \/>\n<img decoding=\"async\" src=\"https:\/\/www.hydraulic-cylinders.net\/wp-content\/uploads\/2025\/04\/songte-company-3.webp\" alt=\"Uz\u0146\u0113muma telpas\"><\/p>\n<p>M\u016bsu pieredze aptver profesion\u0101l\u0101s kvalifik\u0101cijas, starptautiskus sertifik\u0101tus, piel\u0101gotus pakalpojumus un modernas ra\u017eo\u0161anas iek\u0101rtas, ko papildina \u012bpa\u0161s p\u0113cp\u0101rdo\u0161anas atbalsts, lai nodro\u0161in\u0101tu klientu apmierin\u0101t\u012bbu un izcilu produktu kvalit\u0101ti.<\/p>\n<p>Autors: lil<\/p>","protected":false},"excerpt":{"rendered":"<p>Boom Cylinder For Pengpu SW330ES Understanding the Boom Cylinder The Boom Cylinder is an essential component in hydraulic systems, specifically designed for controlling the movement of buckets in heavy machinery such as excavators, backhoe loaders, and front loaders. This hydraulic cylinder facilitates the lifting, lowering, and tilting of the bucket, making it an indispensable tool [&hellip;]<\/p>","protected":false},"featured_media":17876,"comment_status":"open","ping_status":"closed","template":"","meta":{"_et_pb_use_builder":"","_et_pb_old_content":"","_et_gb_content_width":""},"product_brand":[],"product_cat":[1546],"product_tag":[1547,1496],"class_list":{"0":"post-19538","1":"product","2":"type-product","3":"status-publish","4":"has-post-thumbnail","6":"product_cat-boom-cylinders","7":"product_tag-boom-cylinders","8":"product_tag-hydraulic-cylinders","10":"first","11":"instock","12":"shipping-taxable","13":"product-type-simple"},"amp_enabled":true,"_links":{"self":[{"href":"https:\/\/www.hydraulic-cylinders.net\/lv\/wp-json\/wp\/v2\/product\/19538","targetHints":{"allow":["GET"]}}],"collection":[{"href":"https:\/\/www.hydraulic-cylinders.net\/lv\/wp-json\/wp\/v2\/product"}],"about":[{"href":"https:\/\/www.hydraulic-cylinders.net\/lv\/wp-json\/wp\/v2\/types\/product"}],"replies":[{"embeddable":true,"href":"https:\/\/www.hydraulic-cylinders.net\/lv\/wp-json\/wp\/v2\/comments?post=19538"}],"wp:featuredmedia":[{"embeddable":true,"href":"https:\/\/www.hydraulic-cylinders.net\/lv\/wp-json\/wp\/v2\/media\/17876"}],"wp:attachment":[{"href":"https:\/\/www.hydraulic-cylinders.net\/lv\/wp-json\/wp\/v2\/media?parent=19538"}],"wp:term":[{"taxonomy":"product_brand","embeddable":true,"href":"https:\/\/www.hydraulic-cylinders.net\/lv\/wp-json\/wp\/v2\/product_brand?post=19538"},{"taxonomy":"product_cat","embeddable":true,"href":"https:\/\/www.hydraulic-cylinders.net\/lv\/wp-json\/wp\/v2\/product_cat?post=19538"},{"taxonomy":"product_tag","embeddable":true,"href":"https:\/\/www.hydraulic-cylinders.net\/lv\/wp-json\/wp\/v2\/product_tag?post=19538"}],"curies":[{"name":"wp","href":"https:\/\/api.w.org\/{rel}","templated":true}]}}