{"id":19540,"date":"2025-04-07T06:53:26","date_gmt":"2025-04-07T06:53:26","guid":{"rendered":"https:\/\/www.hydraulic-cylinders.net\/product\/boom-cylinder-for-pushhm-pz60-7b\/"},"modified":"2025-04-07T06:53:28","modified_gmt":"2025-04-07T06:53:28","slug":"boom-cylinder-for-pushhm-pz60-7b","status":"publish","type":"product","link":"https:\/\/www.hydraulic-cylinders.net\/lv\/products\/boom-cylinder-for-pushhm-pz60-7b\/","title":{"rendered":"Str\u0113les cilindrs Pushhm PZ60-7B"},"content":{"rendered":"<h1>Str\u0113les cilindrs Pushhm PZ60-7B<\/h1>\n<h2>Produkta p\u0101rskats<\/h2>\n<p>The <strong>Str\u0113les cilindrs Pushhm PZ60-7B<\/strong> ir b\u016btiska hidraulisko sist\u0113mu sast\u0101vda\u013ca, kas \u012bpa\u0161i paredz\u0113ta smago ma\u0161\u012bnu kausu kust\u012bbas vad\u012bbai. \u0160ie cilindri \u013cauj pacelt, nolaist un noliekt kausus t\u0101d\u0101s iek\u0101rt\u0101s k\u0101 ekskavatori, ekskavatori-iekr\u0101v\u0113ji un front\u0101lie iekr\u0101v\u0113ji, atvieglojot da\u017e\u0101dus materi\u0101lu apstr\u0101des uzdevumus.<\/p>\n<p><img decoding=\"async\" src=\"https:\/\/www.hydraulic-cylinders.net\/wp-content\/uploads\/2025\/04\/songte-company-1.webp\" alt=\"Ekskavatoru str\u0113les cilindrs\"><\/p>\n<h3>Kas ir kausa cilindrs?<\/h3>\n<p>Kausa cilindrs ir hidraulisk\u0101 cilindra veids, kam ir iz\u0161\u0137iro\u0161a noz\u012bme smago ma\u0161\u012bnu darb\u012bb\u0101. Tas satur hidraulisko \u0161\u0137idrumu, kas rada spiedienu, nodro\u0161inot vienm\u0113r\u012bgu un efekt\u012bvu kust\u012bbu. Kausa cilindru konstrukcija nodro\u0161ina, ka tie var iztur\u0113t augstu spiedienu un lielas slodzes, padarot tos par b\u016btiskiem uzdevumiem b\u016bvniec\u012bb\u0101, lauksaimniec\u012bb\u0101 un citur. To sp\u0113ja p\u0101rvald\u012bt kausu dinamisk\u0101s kust\u012bbas pal\u012bdz rakt, celt un transport\u0113t materi\u0101lus, uzlabojot produktivit\u0101ti darba viet\u0101s.<\/p>\n<h2>Str\u0113les cilindra \u012bpa\u0161\u012bbas<\/h2>\n<ul>\n<li><strong>Augsta iztur\u012bba un ilgm\u016b\u017e\u012bba:<\/strong> \u0160ie cilindri, kas parasti ir izgatavoti no augstas stipr\u012bbas t\u0113rauda vai alum\u012bnija, var iztur\u0113t augstu spiedienu un lielas slodzes, t\u0101p\u0113c ir piem\u0113roti skarbiem darba apst\u0101k\u013ciem. To konstrukcija ir veidota, \u0146emot v\u0113r\u0101 nodilumiztur\u012bbu un aizsardz\u012bbu pret koroziju, lai pagarin\u0101tu to kalpo\u0161anas laiku.<\/li>\n<li><strong>Efekt\u012bva hidraulisk\u0101 darb\u012bba:<\/strong> Izmantojot hidraulisk\u0101s e\u013c\u013cas spiedienu, \u0161ie cilindri nodro\u0161ina vienm\u0113r\u012bgu izvirz\u012b\u0161anos un ievilk\u0161anu, \u0101tri rea\u0123\u0113jot uz darb\u012bbas komand\u0101m un nodro\u0161inot sp\u0113c\u012bgu stum\u0161anas un vilk\u0161anas sp\u0113ku, kas ir ide\u0101li piem\u0113rots smagu un sare\u017e\u0123\u012btu uzdevumu veik\u0161anai.<\/li>\n<li><strong>Da\u017e\u0101di veidi:<\/strong> Pieejami vienk\u0101r\u0161\u0101s darb\u012bbas (hidraulisk\u0101 darb\u012bba vien\u0101 virzien\u0101) vai divk\u0101r\u0161\u0101s darb\u012bbas (hidraulisk\u0101 darb\u012bba abos virzienos) mode\u013ci, lai apmierin\u0101tu da\u017e\u0101das ekspluat\u0101cijas pras\u012bbas. Da\u017ei mode\u013ci ir teleskopiski, kas \u013cauj veikt liel\u0101ku pagarin\u0101jumu, nepalielinot \u0101r\u0113jos izm\u0113rus, un ir piem\u0113roti lieto\u0161anai ierobe\u017eot\u0101 telp\u0101.<\/li>\n<li><strong>Piel\u0101gojami risin\u0101jumi:<\/strong> M\u0113s ra\u017eojam produktus, kas var perfekti aizst\u0101t eso\u0161os hidrauliskos cilindrus, nodro\u0161inot sader\u012bbu un veiktsp\u0113ju.<\/li>\n<li><strong>Prec\u012bzijas in\u017eenierija:<\/strong> Katrs cilindrs ir prec\u012bzi izstr\u0101d\u0101ts, lai garant\u0113tu optim\u0101lu veiktsp\u0113ju un uzticam\u012bbu sare\u017e\u0123\u012btos apst\u0101k\u013cos.<\/li>\n<\/ul>\n<p><img decoding=\"async\" src=\"https:\/\/www.hydraulic-cylinders.net\/wp-content\/uploads\/2025\/04\/songte-cylinder-head-with-all-kinds-excavator-models.webp\" alt=\"Cilindra galva ekskavatoriem\"><\/p>\n<h2>Lietojumprogrammu scen\u0101riji<\/h2>\n<h3>Celtniec\u012bbas apr\u012bkojums<\/h3>\n<p>Ekskavatoros str\u0113les cilindri ir svar\u012bgi rak\u0161anai, iekrau\u0161anai un augsnes vai gru\u017eu p\u0101rvieto\u0161anai. Tie \u013cauj kausam iek\u013c\u016bt zem\u0113, nodro\u0161inot efekt\u012bvus rak\u0161anas procesus. Ekskavatoros-iekr\u0101v\u0113jos \u0161ie cilindri ne tikai pal\u012bdz rak\u0161an\u0101, bet ar\u012b cel\u0161anas oper\u0101cij\u0101s, nodro\u0161inot daudzpus\u012bbu b\u016bvniec\u012bbas darbos.<\/p>\n<h3>Lauksaimniec\u012bbas tehnika<\/h3>\n<p>Front\u0101lie iekr\u0101v\u0113ji izmanto str\u0113les cilindrus augsnes, siena un citu materi\u0101lu sav\u0101k\u0161anai, cel\u0161anai un transport\u0113\u0161anai. \u0160\u012b iesp\u0113ja uzlabo lauksaimniec\u012bbas darbu produktivit\u0101ti, \u013caujot \u0101tri apstr\u0101d\u0101t materi\u0101lus un p\u0101rvietot tos pa laukiem.<\/p>\n<h3>Ekskavatori<\/h3>\n<p>Ekskavatoros str\u0113les cilindrs nodro\u0161ina rak\u0161anas darb\u012bbu, \u013caujot kausam iek\u013c\u016bt augsn\u0113. \u0160\u012b funkcija ir kritiski svar\u012bga, lai efekt\u012bvi p\u0101rvietotu lielus zemes apjomus b\u016bvniec\u012bbas projektu laik\u0101, uzlabojot kop\u0113jo efektivit\u0101ti.<\/p>\n<h3>Iekr\u0101v\u0113ji<\/h3>\n<p>Front\u0101lajos iekr\u0101v\u0113jos \u0161ie cilindri pal\u012bdz efekt\u012bvi pacelt un izkraut kravas. To konstrukcija nodro\u0161ina stabilu darb\u012bbu, \u013caujot efekt\u012bvi apstr\u0101d\u0101t materi\u0101lus da\u017e\u0101dos augstumos.<\/p>\n<h2>Dizaina apsv\u0113rumi un atlases krit\u0113riji<\/h2>\n<h3>Kravnes\u012bba<\/h3>\n<p>Viens no galvenajiem apsv\u0113rumiem str\u0113les cilindru projekt\u0113\u0161an\u0101 ir to kravnes\u012bba. Ir svar\u012bgi izv\u0113l\u0113ties cilindru, kas sp\u0113j iztur\u0113t maksim\u0101lo paredzamo svaru ekspluat\u0101cijas laik\u0101. Tas ietver spiediena un sp\u0113ka apr\u0113\u0137in\u0101\u0161anu, kas nepiecie\u0161ama konkr\u0113tu kravu pacel\u0161anai, vienlaikus iev\u0113rojot dro\u0161\u012bbas standartus. In\u017eenieriem ir j\u0101nodro\u0161ina, ka izmantotie materi\u0101li var iztur\u0113t \u0161\u0101dus sp\u0113kus, nedeform\u0113joties un nel\u016bstot.<\/p>\n<h3>Bl\u012bv\u0113\u0161anas meh\u0101nismi<\/h3>\n<p>Efekt\u012bva bl\u012bv\u0113\u0161ana ir \u013coti svar\u012bga hidraulisk\u0101 spiediena uztur\u0113\u0161anai un nopl\u016b\u017eu nov\u0113r\u0161anai. Lai nodro\u0161in\u0101tu cie\u0161u piegul\u0161anu, tiek izmantoti augstas kvalit\u0101tes bl\u012bv\u0113jumi, piem\u0113ram, virzu\u013ca bl\u012bvsl\u0113gi \u200b\u200bun stie\u0146a bl\u012bvsl\u0113gi, kas izgatavoti no iztur\u012bgiem materi\u0101liem, piem\u0113ram, poliuret\u0101na vai nitrila gumijas. Lai izvair\u012btos no hidraulisk\u0101 \u0161\u0137idruma zuduma, kas var izrais\u012bt sist\u0113mas k\u013c\u016bmi, ir nepiecie\u0161amas regul\u0101ras \u0161o bl\u012bv\u0113jumu p\u0101rbaudes.<\/p>\n<h3>Iztur\u012bba<\/h3>\n<p>Iztur\u012bba ir \u013coti svar\u012bga str\u0113les cilindriem, \u012bpa\u0161i, ja tos izmanto sare\u017e\u0123\u012btos apst\u0101k\u013cos. Tiem j\u0101b\u016bt iztur\u012bgiem pret nodilumu, koroziju un ekstrem\u0101l\u0101m temperat\u016br\u0101m. Ra\u017eot\u0101ji bie\u017ei izmanto aizsargp\u0101rkl\u0101jumus un izv\u0113las materi\u0101lus, kas iztur skarbus apst\u0101k\u013cus, t\u0101d\u0113j\u0101di pagarinot cilindru kalpo\u0161anas laiku.<\/p>\n<h3>Dro\u0161\u012bbas funkcijas<\/h3>\n<p>Dro\u0161\u012bbas apsv\u0113rumi str\u0113les cilindru projekt\u0113\u0161an\u0101 ietver ieb\u016bv\u0113tus dro\u0161\u012bbas v\u0101rstus, lai nov\u0113rstu p\u0101rspiedienu, nodro\u0161inot, ka tehnika darbojas dro\u0161\u0101s robe\u017e\u0101s. Pareiza konstrukcija var samazin\u0101t negad\u012bjumu risku ekspluat\u0101cijas laik\u0101, aizsarg\u0101jot gan apr\u012bkojumu, gan operatoru.<\/p>\n<h3>Uzturam\u012bba<\/h3>\n<p>V\u0113l viens svar\u012bgs faktors ir viegla apkope. Baloniem j\u0101b\u016bt konstru\u0113tiem t\u0101, lai b\u016btu viegli piek\u013c\u016bt kritiski svar\u012bg\u0101m sast\u0101vda\u013c\u0101m regul\u0101ru p\u0101rbau\u017eu un remontu veik\u0161anai. Regul\u0101ra apkope samazina d\u012bkst\u0101ves laiku un uzlabo iek\u0101rtu darb\u012bbas efektivit\u0101ti.<\/p>\n<p><img decoding=\"async\" src=\"https:\/\/www.hydraulic-cylinders.net\/wp-content\/uploads\/2025\/04\/songte-oil-pipes-and-spare-parts.webp\" alt=\"Hidraulisk\u0101s sast\u0101vda\u013cas\"><\/p>\n<h2>Bl\u012bv\u0113\u0161ana un e\u013c\u013co\u0161ana<\/h2>\n<p>Efekt\u012bva bl\u012bv\u0113\u0161ana un e\u013c\u013co\u0161ana ir b\u016btiska str\u0113les cilindru veiktsp\u0113jai un ilgm\u016b\u017e\u012bbai. Lai nov\u0113rstu hidraulisk\u0101 \u0161\u0137idruma nopl\u016bdes un uztur\u0113tu spiedienu, tiek izmantoti da\u017e\u0101di bl\u012bv\u0113jumi, piem\u0113ram, virzu\u013ca bl\u012bv\u0113jumi un stie\u0146a bl\u012bv\u0113jumi. Bl\u012bv\u0113jumi bie\u017ei tiek izgatavoti no iztur\u012bgiem materi\u0101liem, piem\u0113ram, poliuret\u0101na un nitrila gumijas, kas nodro\u0161ina izcilu nodilumiztur\u012bbu. Cilindra korpuss un v\u012bt\u0146ot\u0101s gala virsmas tiek r\u016bp\u012bgi apstr\u0101d\u0101tas, lai uzlabotu iztur\u012bbu. Regul\u0101ra e\u013c\u013co\u0161ana ar atbilsto\u0161u hidraulisk\u0101s e\u013c\u013cas daudzumu ir nepiecie\u0161ama, lai samazin\u0101tu berzi un nodilumu, nodro\u0161inot vienm\u0113r\u012bgu darb\u012bbu un pagarinot cilindra kalpo\u0161anas laiku.<\/p>\n<h2>Prevent\u012bvie apkopes pas\u0101kumi<\/h2>\n<ul>\n<li><strong>Regul\u0101ras p\u0101rbaudes:<\/strong> Regul\u0101ri p\u0101rbaudiet hidraulisko sist\u0113mu, vai nav nopl\u016b\u017eu, boj\u0101jumu vai nodiluma. P\u0101rbaudiet bl\u012bves un savienojumus, lai p\u0101rliecin\u0101tos, ka tie ir neskarti un darbojas pareizi.<\/li>\n<li><strong>E\u013c\u013co\u0161anas grafiks:<\/strong> Izveidojiet hidraulisk\u0101s e\u013c\u013cas e\u013c\u013co\u0161anas grafiku, nodro\u0161inot, ka cilindri ir pien\u0101c\u012bgi iee\u013c\u013coti, lai samazin\u0101tu berzi un nodilumu.<\/li>\n<li><strong>Bl\u012bv\u0113juma nomai\u0146a:<\/strong> Uzraugiet bl\u012bv\u0113jumu darb\u012bbu un nekav\u0113joties nomainiet nolietot\u0101s vai boj\u0101t\u0101s bl\u012bves, lai nov\u0113rstu nopl\u016bdes un saglab\u0101tu efektivit\u0101ti.<\/li>\n<\/ul>\n<h2>Uzst\u0101d\u012b\u0161anas vadl\u012bnijas<\/h2>\n<p>Pareiza str\u0113les cilindra uzst\u0101d\u012b\u0161ana ir \u013coti svar\u012bga optim\u0101lai veiktsp\u0113jai. Vispirms p\u0101rliecinieties, vai mont\u0101\u017eas virsmas ir t\u012bras un bez gru\u017eiem. Pareizi izl\u012bdziniet cilindru ar mont\u0101\u017eas kron\u0161teiniem, izmantojot atbilsto\u0161us balstus, lai to notur\u0113tu viet\u0101. Pievelciet skr\u016bves atbilsto\u0161i ra\u017eot\u0101ja specifik\u0101cij\u0101m, p\u0101rliecinoties, ka nerodas nepareiza izl\u012bdzin\u0101\u0161ana. P\u0113c uzst\u0101d\u012b\u0161anas p\u0101rbaudiet hidraulisko sist\u0113mu, vai nav nopl\u016b\u017eu un vai t\u0101 darbojas pareizi. P\u0113c uzst\u0101d\u012b\u0161anas ir nepiecie\u0161amas regul\u0101ras p\u0101rbaudes, lai p\u0101rliecin\u0101tos, ka cilindrs darbojas vienm\u0113r\u012bgi un efekt\u012bvi.<\/p>\n<h2>Apkopes uzdevumi<\/h2>\n<ul>\n<li><strong>Regul\u0101ras p\u0101rbaudes:<\/strong> Regul\u0101ras p\u0101rbaudes pal\u012bdz identific\u0113t potenci\u0101l\u0101s probl\u0113mas, pirms t\u0101s k\u013c\u016bst par nopietn\u0101m probl\u0113m\u0101m. Mekl\u0113jiet nodiluma un boj\u0101jumu paz\u012bmes, \u012bpa\u0161i bl\u012bv\u0113jumos un savienojumos. Lai nodro\u0161in\u0101tu vienm\u0113r\u012bgu darb\u012bbu, j\u0101p\u0101rbauda ar\u012b pareiza izl\u012bdzin\u0101\u0161ana.<\/li>\n<li><strong>Pareiza e\u013c\u013co\u0161ana:<\/strong> Iev\u0113rojiet regul\u0101ru e\u013c\u013co\u0161anas grafiku, lai nodro\u0161in\u0101tu pareizu hidraulisk\u0101s e\u013c\u013cas l\u012bmeni. \u0160\u012b prakse pal\u012bdz samazin\u0101t berzi un nodilumu, t\u0101d\u0113j\u0101di pagarinot cilindra kalpo\u0161anas laiku.<\/li>\n<li><strong>Bl\u012bv\u0113juma nomai\u0146a:<\/strong> Laika gait\u0101 bl\u012bves var nolietoties spiediena un vides faktoru d\u0113\u013c. Regul\u0101ri p\u0101rbaudiet, vai bl\u012bv\u0113m nav boj\u0101jumu paz\u012bmju, un nomainiet t\u0101s p\u0113c nepiecie\u0161am\u012bbas, lai nov\u0113rstu nopl\u016bdes un nodro\u0161in\u0101tu efekt\u012bvu darb\u012bbu.<\/li>\n<\/ul>\n<h2>Dro\u0161\u012bbas apsv\u0113rumi un vides faktori<\/h2>\n<p>Izmantojot str\u0113les cilindrus, ir svar\u012bgi iev\u0113rot dro\u0161\u012bbas pas\u0101kumus. Operatoriem j\u0101b\u016bt apm\u0101c\u012btiem atpaz\u012bt iesp\u0113jamos apdraud\u0113jumus, kas saist\u012bti ar hidrauliskaj\u0101m sist\u0113m\u0101m. Lai samazin\u0101tu negad\u012bjumu risku, ir j\u0101izveido atbilsto\u0161i apstr\u0101des un ekspluat\u0101cijas protokoli. Turkl\u0101t, projekt\u0113jot hidraulisk\u0101s sist\u0113mas, j\u0101\u0146em v\u0113r\u0101 vides faktori. Nodro\u0161inot, ka hidrauliskie \u0161\u0137idrumi ir biolo\u0123iski no\u0101rd\u0101mi, un samazinot nopl\u016bdes, var pal\u012bdz\u0113t aizsarg\u0101t vidi.<\/p>\n<h2>Bie\u017ei sastopamo probl\u0113mu nov\u0113r\u0161ana<\/h2>\n<ul>\n<li><strong>Nopl\u016bde:<\/strong> Ja hidrauliskais \u0161\u0137idrums nopl\u016bst, p\u0101rbaudiet, vai bl\u012bves un savienojumi nav boj\u0101ti. Nomainiet visas nolietot\u0101s deta\u013cas, lai nov\u0113rstu turpm\u0101kas nopl\u016bdes.<\/li>\n<li><strong>L\u0113na kust\u012bba:<\/strong> L\u0113ni kust\u012bgs cilindrs var liecin\u0101t par nepietiekamu hidraulisk\u0101 \u0161\u0137idruma daudzumu. P\u0101rbaudiet \u0161\u0137idruma l\u012bmeni un, ja nepiecie\u0161ams, uzpildiet degvielu. P\u0101rbaudiet ar\u012b, vai sist\u0113m\u0101 nav aizsprostojumu, kas var\u0113tu kav\u0113t pl\u016bsmu.<\/li>\n<li><strong>Nav kust\u012bbas:<\/strong> Ja cilindrs nekustas, p\u0101rbaudiet, vai hidrauliskaj\u0101 s\u016bkn\u012b un vad\u012bbas v\u0101rstos nav boj\u0101jumu. P\u0101rliecinieties, vai hidrauliskajai sist\u0113mai tiek pieg\u0101d\u0101ta str\u0101va.<\/li>\n<\/ul>\n<h2>Probl\u0113mu nov\u0113r\u0161anas padomi<\/h2>\n<p>Lai efekt\u012bvi diagnostic\u0113tu un nov\u0113rstu probl\u0113mas ar str\u0113les cilindriem, vispirms veiciet r\u016bp\u012bgu visu sast\u0101vda\u013cu p\u0101rbaudi. Mekl\u0113jiet redzamas nodiluma, nopl\u016b\u017eu vai boj\u0101jumu paz\u012bmes. P\u0101rliecinieties, vai visi savienojumi ir dro\u0161i un vai hidraulisk\u0101 \u0161\u0137idruma l\u012bmenis ir pietiekams. Ieviesiet prevent\u012bvus pas\u0101kumus, piem\u0113ram, regul\u0101ras apkopes p\u0101rbaudes, lai laikus identific\u0113tu iesp\u0113jam\u0101s probl\u0113mas. Detaliz\u0113ta apkopes darb\u012bbu uzskaite var pal\u012bdz\u0113t izsekot cilindra darb\u012bbai un paredz\u0113t turpm\u0101kas probl\u0113mas.<\/p>\n<p><img decoding=\"async\" src=\"https:\/\/www.hydraulic-cylinders.net\/wp-content\/uploads\/2025\/04\/songte-bushings-with-all-kinds-of-excavator-models.webp\" alt=\"Ekskavatoru bukses\"><\/p>\n<h2>Par m\u016bsu uz\u0146\u0113mumu<\/h2>\n<p>M\u0113s esam rezerves hidraulisko cilindru ra\u017eot\u0101js, kas pied\u0101v\u0101 pla\u0161u produktu kl\u0101stu. K\u0101 viens no vado\u0161ajiem hidraulisko cilindru ra\u017eot\u0101jiem un izplat\u012bt\u0101jiem gan viet\u0113j\u0101, gan starptautiskaj\u0101 tirg\u016b, m\u0113s iev\u0113rojam izcil\u012bbu kvalit\u0101t\u0113. M\u016bsu ra\u017eo\u0161anas vad\u012bbas strat\u0113\u0123ija ir balst\u012bta uz prec\u012bz\u0101m ra\u017eo\u0161anas darbn\u012bc\u0101m, izmantojot progres\u012bvas tehnolo\u0123ijas un augstas klases ra\u017eo\u0161anas iek\u0101rtas. M\u016bsu prasm\u012bg\u0101 tehnisk\u0101 komanda apvienojum\u0101 ar profesion\u0101l\u0101m test\u0113\u0161anas sist\u0113m\u0101m uzlabo m\u016bsu ra\u017eo\u0161anas iesp\u0113jas, \u013caujot mums apmierin\u0101t klientu da\u017e\u0101d\u0101s vajadz\u012bbas.<\/p>\n<p><img decoding=\"async\" src=\"https:\/\/www.hydraulic-cylinders.net\/wp-content\/uploads\/2025\/04\/songte-company-4.webp\" alt=\"Uz\u0146\u0113muma p\u0101rskats\"><br \/>\n<img decoding=\"async\" src=\"https:\/\/www.hydraulic-cylinders.net\/wp-content\/uploads\/2025\/04\/songte-company-3.webp\" alt=\"Ra\u017eo\u0161anas iek\u0101rta\"><\/p>\n<h3>Profesionalit\u0101te<\/h3>\n<p>M\u016bsu komandai ir pla\u0161as zin\u0101\u0161anas hidraulisko sist\u0113mu jom\u0101, kas nodro\u0161ina augstas kvalit\u0101tes produktu pieg\u0101di, kas piel\u0101goti konkr\u0113t\u0101m klientu pras\u012bb\u0101m. M\u0113s uztur\u0113jam starptautiskus sertifik\u0101tus, kas apliecina m\u016bsu ap\u0146em\u0161anos iev\u0113rot kvalit\u0101tes un dro\u0161\u012bbas standartus.<\/p>\n<h3>Piel\u0101goti pakalpojumi<\/h3>\n<p>M\u0113s pied\u0101v\u0101jam piel\u0101gojamus risin\u0101jumus, lai apmierin\u0101tu da\u017e\u0101das darb\u012bbas vajadz\u012bbas. Neatkar\u012bgi no t\u0101, vai tas ir konkr\u0113ts izm\u0113rs vai unik\u0101ls dizains, m\u016bsu in\u017eenieri cie\u0161i sadarbojas ar klientiem, lai nodro\u0161in\u0101tu vislab\u0101ko atbilst\u012bbu.<\/p>\n<h3>Ra\u017eo\u0161anas iek\u0101rtas<\/h3>\n<p>M\u016bsu modern\u0101 ra\u017eo\u0161anas iek\u0101rta ir apr\u012bkota ar modern\u0101m iek\u0101rt\u0101m un instrumentiem, kas \u013cauj mums efekt\u012bvi ra\u017eot augstas precizit\u0101tes hidrauliskos cilindrus.<\/p>\n<h3>P\u0113cp\u0101rdo\u0161anas serviss<\/h3>\n<p>M\u0113s priorit\u0101ri r\u016bp\u0113jamies par klientu apmierin\u0101t\u012bbu un nodro\u0161in\u0101m izcilu p\u0113cp\u0101rdo\u0161anas atbalstu. M\u016bsu \u012bpa\u0161i izveidot\u0101 komanda vienm\u0113r ir pieejama, lai pal\u012bdz\u0113tu ar visiem jaut\u0101jumiem vai probl\u0113m\u0101m p\u0113c pirkuma veik\u0161anas, nodro\u0161inot m\u016bsu klientiem netrauc\u0113tu pieredzi.<\/p>\n<p>Autors: lil<\/p>","protected":false},"excerpt":{"rendered":"<p>Boom Cylinder For Pushhm PZ60-7B Product Overview The Boom Cylinder For Pushhm PZ60-7B is a vital component in hydraulic systems, specifically designed to control the movement of heavy machinery buckets. These cylinders enable the lifting, lowering, and tilting of buckets in equipment such as excavators, backhoe loaders, and front-end loaders, facilitating various material handling tasks. [&hellip;]<\/p>","protected":false},"featured_media":17878,"comment_status":"open","ping_status":"closed","template":"","meta":{"_et_pb_use_builder":"","_et_pb_old_content":"","_et_gb_content_width":""},"product_brand":[],"product_cat":[1546],"product_tag":[1547,1496],"class_list":{"0":"post-19540","1":"product","2":"type-product","3":"status-publish","4":"has-post-thumbnail","6":"product_cat-boom-cylinders","7":"product_tag-boom-cylinders","8":"product_tag-hydraulic-cylinders","10":"first","11":"instock","12":"shipping-taxable","13":"product-type-simple"},"amp_enabled":true,"_links":{"self":[{"href":"https:\/\/www.hydraulic-cylinders.net\/lv\/wp-json\/wp\/v2\/product\/19540","targetHints":{"allow":["GET"]}}],"collection":[{"href":"https:\/\/www.hydraulic-cylinders.net\/lv\/wp-json\/wp\/v2\/product"}],"about":[{"href":"https:\/\/www.hydraulic-cylinders.net\/lv\/wp-json\/wp\/v2\/types\/product"}],"replies":[{"embeddable":true,"href":"https:\/\/www.hydraulic-cylinders.net\/lv\/wp-json\/wp\/v2\/comments?post=19540"}],"wp:featuredmedia":[{"embeddable":true,"href":"https:\/\/www.hydraulic-cylinders.net\/lv\/wp-json\/wp\/v2\/media\/17878"}],"wp:attachment":[{"href":"https:\/\/www.hydraulic-cylinders.net\/lv\/wp-json\/wp\/v2\/media?parent=19540"}],"wp:term":[{"taxonomy":"product_brand","embeddable":true,"href":"https:\/\/www.hydraulic-cylinders.net\/lv\/wp-json\/wp\/v2\/product_brand?post=19540"},{"taxonomy":"product_cat","embeddable":true,"href":"https:\/\/www.hydraulic-cylinders.net\/lv\/wp-json\/wp\/v2\/product_cat?post=19540"},{"taxonomy":"product_tag","embeddable":true,"href":"https:\/\/www.hydraulic-cylinders.net\/lv\/wp-json\/wp\/v2\/product_tag?post=19540"}],"curies":[{"name":"wp","href":"https:\/\/api.w.org\/{rel}","templated":true}]}}