{"id":19543,"date":"2025-04-07T06:53:38","date_gmt":"2025-04-07T06:53:38","guid":{"rendered":"https:\/\/www.hydraulic-cylinders.net\/product\/boom-cylinder-for-pushhm-pz220-8\/"},"modified":"2025-04-07T06:53:46","modified_gmt":"2025-04-07T06:53:46","slug":"boom-cylinder-for-pushhm-pz220-8","status":"publish","type":"product","link":"https:\/\/www.hydraulic-cylinders.net\/lv\/products\/boom-cylinder-for-pushhm-pz220-8\/","title":{"rendered":"Str\u0113les cilindrs Pushhm PZ220-8"},"content":{"rendered":"<h1>Str\u0113les cilindrs Pushhm PZ220-8<\/h1>\n<h2>Produkta p\u0101rskats<\/h2>\n<p>Pushhm PZ220-8 str\u0113les cilindrs ir specializ\u0113ts hidrauliskais cilindrs, kas paredz\u0113ts kausu kust\u012bbas vad\u012bbai smagaj\u0101 ma\u0161\u012bn\u0101, piem\u0113ram, ekskavatoros, ekskavatoros-iekr\u0101v\u0113jos un front\u0101lajos iekr\u0101v\u0113jos. \u0160is hidrauliskais cilindrs \u013cauj kausam pacelties, nolaisties un noliekties, kas ir svar\u012bgi efekt\u012bviem materi\u0101lu apstr\u0101des uzdevumiem.<\/p>\n<p>K\u0101 hidrauliskais cilindrs tas darbojas, izmantojot hidraulisk\u0101 \u0161\u0137idruma spiedienu, lai rad\u012btu stum\u0161anas vai vilk\u0161anas sp\u0113ku, nodro\u0161inot prec\u012bzu vad\u012bbu da\u017e\u0101dos pielietojumos. \u0160\u012b sp\u0113ja ir \u013coti svar\u012bga b\u016bvniec\u012bb\u0101, lauksaimniec\u012bb\u0101 un cit\u0101s nozar\u0113s, kur\u0101s materi\u0101lu rak\u0161anai, cel\u0161anai un transport\u0113\u0161anai tiek izmantota smag\u0101 tehnika.<\/p>\n<p><img decoding=\"async\" src=\"https:\/\/www.hydraulic-cylinders.net\/wp-content\/uploads\/2025\/04\/songte-company-1.webp\" alt=\"Str\u0113les cilindrs Pushhm PZ220-8\" \/><\/p>\n<h2>Str\u0113les cilindra \u012bpa\u0161\u012bbas<\/h2>\n<ul>\n<li><strong>Augsta iztur\u012bba un ilgm\u016b\u017e\u012bba:<\/strong> Balons ir izgatavots no augstas stipr\u012bbas t\u0113rauda vai alum\u012bnija un iztur augstu spiedienu un lielas slodzes, padarot to ide\u0101li piem\u0113rotu skarbiem darba apst\u0101k\u013ciem. Konstrukcij\u0101 ir iek\u013cauta nodilumiztur\u012bba un iztur\u012bba pret koroziju, lai pagarin\u0101tu t\u0101 kalpo\u0161anas laiku.<\/li>\n<li><strong>Efekt\u012bva hidraulisk\u0101 darb\u012bba:<\/strong> Cilindrs izmanto hidraulisk\u0101 \u0161\u0137idruma spiedienu, lai nodro\u0161in\u0101tu vienm\u0113r\u012bgu izstiep\u0161anu un ievilk\u0161anu, \u0101tri rea\u0123\u0113jot uz vad\u012bbas komand\u0101m un nodro\u0161inot sp\u0113c\u012bgus stum\u0161anas un vilk\u0161anas sp\u0113kus, kas piem\u0113roti smagu un sare\u017e\u0123\u012btu uzdevumu veik\u0161anai.<\/li>\n<li><strong>Da\u017e\u0101di veidi:<\/strong> Pieejams vienk\u0101r\u0161\u0101s darb\u012bbas (hidrauliska darb\u012bba vien\u0101 virzien\u0101) vai divk\u0101r\u0161\u0101s darb\u012bbas (hidrauliska darb\u012bba abos virzienos) konfigur\u0101cij\u0101s, kas \u013cauj izv\u0113l\u0113ties atbilsto\u0161i konkr\u0113t\u0101m ekspluat\u0101cijas vajadz\u012bb\u0101m. Da\u017ei mode\u013ci ir teleskopiski, kas nodro\u0161ina liel\u0101ku pagarin\u0101jumu, nepalielinot \u0101r\u0113jos izm\u0113rus, kas ir ide\u0101li piem\u0113rots lietojumiem ar ierobe\u017eotu vietu.<\/li>\n<li><strong>Uzlabota bl\u012bv\u0113\u0161anas tehnolo\u0123ija:<\/strong> Apr\u012bkots ar augstas kvalit\u0101tes bl\u012bv\u0113m, lai nov\u0113rstu nopl\u016bdes un nodro\u0161in\u0101tu optim\u0101lu veiktsp\u0113ju, uzlabojot hidraulisko sist\u0113mu uzticam\u012bbu un efektivit\u0101ti.<\/li>\n<li><strong>Piel\u0101gota ra\u017eo\u0161ana:<\/strong> M\u0113s varam ra\u017eot \u0161o produktu, lai tas perfekti aizst\u0101tu eso\u0161os hidrauliskos cilindrus, nodro\u0161inot sader\u012bbu un veiktsp\u0113jas uzlabo\u0161anu.<\/li>\n<\/ul>\n<p><img decoding=\"async\" src=\"https:\/\/www.hydraulic-cylinders.net\/wp-content\/uploads\/2025\/04\/songte-cylinder-head-with-all-kinds-excavator-models.webp\" alt=\"Ekskavatoru mode\u013ci\" \/><\/p>\n<h2>Str\u0113les cilindra pielietojumi<\/h2>\n<h3>Celtniec\u012bbas apr\u012bkojums<\/h3>\n<p>Ekskavatoros str\u0113les cilindri ir vit\u0101li svar\u012bgi augsnes vai gru\u017eu rak\u0161anai, iekrau\u0161anai un p\u0101rvieto\u0161anai. Tie pal\u012bdz pacelt kausu efekt\u012bvai rak\u0161anai, nodro\u0161inot prec\u012bzu augsnes iek\u013c\u016b\u0161anu un materi\u0101lu apstr\u0101di.<\/p>\n<h3>Lauksaimniec\u012bbas tehnika<\/h3>\n<p>Front\u0101lajos iekr\u0101v\u0113jos str\u0113les cilindri ir nepiecie\u0161ami augsnes, siena un citu materi\u0101lu sav\u0101k\u0161anai, cel\u0161anai un transport\u0113\u0161anai. To jaud\u012bg\u0101 darb\u012bba \u013cauj lauksaimniekiem \u0101tri un efekt\u012bvi p\u0101rvald\u012bt lauksaimniec\u012bbas uzdevumus.<\/p>\n<h3>Ekskavatori<\/h3>\n<p>Str\u0113les cilindrs \u013cauj kausam iek\u013c\u016bt augsn\u0113, atvieglojot rak\u0161anas procesu. Tas nodro\u0161ina nepiecie\u0161amo sp\u0113ku, lai izlauztos cauri cietiem zemes materi\u0101liem, t\u0101d\u0113j\u0101di veicinot kop\u0113jo rak\u0161anas efektivit\u0101ti.<\/p>\n<h3>Iekr\u0101v\u0113ji<\/h3>\n<p>Front\u0101lajos iekr\u0101v\u0113jos \u0161ie cilindri pal\u012bdz efekt\u012bvi pacelt un izg\u0101zt materi\u0101lus. Tie nodro\u0161ina, ka smagas kravas var tikt apstr\u0101d\u0101tas prec\u012bzi, uzlabojot produktivit\u0101ti b\u016bvlaukumos.<\/p>\n<h2>Dizaina apsv\u0113rumi un atlases krit\u0113riji<\/h2>\n<h3>Kravnes\u012bba<\/h3>\n<p>Str\u0113les cilindra kravnes\u012bba ir \u013coti svar\u012bga, lai nodro\u0161in\u0101tu, ka tas var iztur\u0113t paredzamo svaru bez boj\u0101jumiem. Tam j\u0101b\u016bt konstru\u0113tam t\u0101, lai tas iztur\u0113tu gan statisk\u0101s, gan dinamisk\u0101s slodzes, \u0146emot v\u0113r\u0101 t\u0101dus faktorus k\u0101 dro\u0161\u012bbas robe\u017eas un ekspluat\u0101cijas apst\u0101k\u013ci.<\/p>\n<h3>Bl\u012bv\u0113jums un iztur\u012bba<\/h3>\n<p>Efekt\u012bva bl\u012bv\u0113\u0161ana ir b\u016btiska, lai nov\u0113rstu hidraulisk\u0101 \u0161\u0137idruma nopl\u016bdi, nodro\u0161inot efektivit\u0101ti un dro\u0161\u012bbu. Piem\u0113rotu bl\u012bv\u0113\u0161anas materi\u0101lu, piem\u0113ram, poliuret\u0101na vai nitrilgumijas, izv\u0113le uzlabo iztur\u012bbu un veiktsp\u0113ju da\u017e\u0101d\u0101s vid\u0113s.<\/p>\n<h3>Dro\u0161\u012bbas funkcijas<\/h3>\n<p>Dro\u0161\u012bbas apsv\u0113rumi projekt\u0113\u0161an\u0101 ietver p\u0101rslodzes aizsardz\u012bbu un dro\u0161\u012bbas meh\u0101nismus, kas nov\u0113r\u0161 negad\u012bjumus un iek\u0101rtu boj\u0101jumus. Dro\u0161\u012bbas faktoru iek\u013cau\u0161ana projekt\u0113\u0161an\u0101 pal\u012bdz nodro\u0161in\u0101t uzticamu darb\u012bbu da\u017e\u0101dos apst\u0101k\u013cos.<\/p>\n<h3>Apkopes pieejam\u012bba<\/h3>\n<p>Ir \u013coti svar\u012bgi projekt\u0113t sist\u0113mu, kas paredz\u0113ta vienk\u0101r\u0161ai apkopei. Tas ietver bl\u012bv\u0113jumu un deta\u013cu pieejam\u012bbas apsv\u0113r\u0161anu p\u0101rbaudei un nomai\u0146ai, nodro\u0161inot, ka regul\u0101ru apkopi var veikt bez iev\u0113rojama d\u012bkst\u0101ves laika.<\/p>\n<p><img decoding=\"async\" src=\"https:\/\/www.hydraulic-cylinders.net\/wp-content\/uploads\/2025\/04\/songte-oil-pipes-and-spare-parts.webp\" alt=\"E\u013c\u013cas caurules un rezerves da\u013cas\" \/><\/p>\n<h2>Bl\u012bv\u0113\u0161ana un e\u013c\u013co\u0161ana<\/h2>\n<p>Str\u0113les cilindra efektivit\u0101te liel\u0101 m\u0113r\u0101 ir atkar\u012bga no t\u0101 bl\u012bv\u0113\u0161anas un e\u013c\u013co\u0161anas sist\u0113m\u0101m. Lai uztur\u0113tu hidraulisko spiedienu un nov\u0113rstu nopl\u016bdes, tiek izmantoti da\u017e\u0101di bl\u012bv\u0113jumi, piem\u0113ram, virzu\u013ca bl\u012bv\u0113jumi un stie\u0146a bl\u012bv\u0113jumi. Bl\u012bv\u0113jumi, kas izgatavoti no nodilumiztur\u012bgiem materi\u0101liem, piem\u0113ram, poliuret\u0101na un nitrila gumijas, nodro\u0161ina ilgm\u016b\u017e\u012bbu un uzticam\u012bbu.<\/p>\n<p>Cilindra korpuss un v\u012bt\u0146otie gali tiek prec\u012bzi apstr\u0101d\u0101ti, lai uzlabotu nodilumiztur\u012bbu. Regul\u0101ra e\u013c\u013co\u0161ana ar hidraulisko e\u013c\u013cu ir b\u016btiska optim\u0101lai darb\u012bbai, samazinot berzi un nov\u0113r\u0161ot nodilumu starp kust\u012bgaj\u0101m da\u013c\u0101m. Lai nodro\u0161in\u0101tu hidraulisk\u0101s sist\u0113mas nevainojamu darb\u012bbu, j\u0101iev\u0113ro atbilsto\u0161i e\u013c\u013co\u0161anas interv\u0101li.<\/p>\n<h2>Prevent\u012bvie apkopes pas\u0101kumi<\/h2>\n<ul>\n<li><strong>Regul\u0101ras p\u0101rbaudes:<\/strong> Regul\u0101ras nodiluma, \u0161\u0137idruma l\u012bme\u0146a un bl\u012bv\u0113juma integrit\u0101tes p\u0101rbaudes ir \u013coti svar\u012bgas. Probl\u0113mu agr\u012bna atkl\u0101\u0161ana var nov\u0113rst liel\u0101kas probl\u0113mas v\u0113l\u0101k.<\/li>\n<li><strong>E\u013c\u013co\u0161anas protokoli:<\/strong> Pareiza e\u013c\u013co\u0161anas grafika ievie\u0161ana nodro\u0161ina, ka visas kust\u012bg\u0101s da\u013cas ir pien\u0101c\u012bgi iee\u013c\u013cotas, samazinot berzi un pagarinot cilindra kalpo\u0161anas laiku.<\/li>\n<li><strong>Bl\u012bv\u0113juma nomai\u0146a:<\/strong> Regul\u0101ra bl\u012bvju nomai\u0146a pal\u012bdz uztur\u0113t hidraulisko spiedienu un nov\u0113r\u0161 nopl\u016bdes. Rezerves bl\u012bvju kr\u0101jumu uztur\u0113\u0161ana var atvieglot savlaic\u012bgu remontu.<\/li>\n<\/ul>\n<h2>Uzst\u0101d\u012b\u0161anas vadl\u012bnijas<\/h2>\n<p>Pareiza str\u0113les cilindra uzst\u0101d\u012b\u0161ana ir \u013coti svar\u012bga, lai nodro\u0161in\u0101tu t\u0101 ilgm\u016b\u017e\u012bbu un funkcionalit\u0101ti. S\u0101ciet ar t\u012bru darba vietu un sagatavojiet visus nepiecie\u0161amos instrumentus un komponentus. Pareizi izl\u012bdziniet cilindru ar tehnikas stiprin\u0101juma punktiem, p\u0101rliecinoties, ka visi stiprin\u0101jumi ir sader\u012bgi.<\/p>\n<p>Izmantojiet atbilsto\u0161us mont\u0101\u017eas kron\u0161teinus, lai nostiprin\u0101tu cilindru viet\u0101, nov\u0113r\u0161ot jebk\u0101du nepareizu izl\u012bdzin\u0101\u0161anu darb\u012bbas laik\u0101. P\u0101rbaudiet, vai hidraulisk\u0101s l\u012bnijas ir pareizi pievienotas, bez loc\u012bjumiem vai sav\u0113rp\u0161an\u0101s. P\u0113c uzst\u0101d\u012b\u0161anas veiciet spiediena p\u0101rbaudi, lai p\u0101rliecin\u0101tos, ka nav nopl\u016b\u017eu un ka cilindrs darbojas, k\u0101 paredz\u0113ts. Regul\u0101ri p\u0101rbaudiet uzst\u0101d\u012b\u0161anu, vai nav nodiluma vai nepareizas izl\u012bdzin\u0101\u0161anas paz\u012bmju.<\/p>\n<h2>Bie\u017ei sastopamie apkopes uzdevumi<\/h2>\n<h3>Regul\u0101ras p\u0101rbaudes<\/h3>\n<p>Regul\u0101ru p\u0101rbau\u017eu veik\u0161ana ir \u013coti svar\u012bga, lai identific\u0113tu potenci\u0101l\u0101s probl\u0113mas, pirms t\u0101s saasin\u0101s. P\u0101rbaudiet, vai nav redzamas bl\u012bv\u0113jumu un deta\u013cu nodiluma paz\u012bmes, un uzraugiet hidraulisk\u0101 \u0161\u0137idruma l\u012bmeni. \u0160\u012b proakt\u012bv\u0101 pieeja pal\u012bdz uztur\u0113t sist\u0113mas integrit\u0101ti kopum\u0101.<\/p>\n<h3>Pareiza e\u013c\u013co\u0161ana<\/h3>\n<p>P\u0101rliecinieties, vai visas kust\u012bg\u0101s da\u013cas ir iee\u013c\u013cotas saska\u0146\u0101 ar ra\u017eot\u0101ja nor\u0101d\u012bjumiem. Pareiza e\u013c\u013co\u0161ana samazina berzi, nov\u0113r\u0161 koroziju un uzlabo hidraulisk\u0101s sist\u0113mas veiktsp\u0113ju un kalpo\u0161anas laiku.<\/p>\n<h3>Bl\u012bvju nomai\u0146as un kalibr\u0113\u0161anas p\u0101rbaudes<\/h3>\n<p>Regul\u0101ri nomainiet nolietot\u0101s bl\u012bves, lai uztur\u0113tu hidraulisko spiedienu un veiktsp\u0113ju. Turkl\u0101t kalibr\u0113\u0161anas p\u0101rbaudes nodro\u0161ina, ka cilindrs darbojas noteiktos parametros, nov\u0113r\u0161ot darb\u012bbas probl\u0113mas un uzlabojot dro\u0161\u012bbu.<\/p>\n<p><img decoding=\"async\" src=\"https:\/\/www.hydraulic-cylinders.net\/wp-content\/uploads\/2025\/04\/songte-chushion-collar.webp\" alt=\"Spilvenu apkakle\" \/><\/p>\n<h2>Dro\u0161\u012bbas apsv\u0113rumi un vides faktori<\/h2>\n<p>Dro\u0161\u012bbas pas\u0101kumu ievie\u0161ana hidraulisko cilindru darb\u012bbas laik\u0101 ir \u013coti svar\u012bga. Operatoriem j\u0101b\u016bt apm\u0101c\u012btiem atpaz\u012bt iesp\u0113jamos apdraud\u0113jumus un iev\u0113rot dro\u0161\u012bbas protokolus, lai nov\u0113rstu negad\u012bjumus. Regul\u0101ra apkope un p\u0101rbaudes ir b\u016btiskas, lai identific\u0113tu jebk\u0101das probl\u0113mas, kas var\u0113tu apdraud\u0113t dro\u0161\u012bbu.<\/p>\n<h2>Probl\u0113mu nov\u0113r\u0161ana un bie\u017ei sastopamas probl\u0113mas<\/h2>\n<ul>\n<li><strong>\u0160\u0137idruma nopl\u016bde:<\/strong> P\u0101rbaudiet bl\u012bves, vai t\u0101s nav nodilu\u0161as vai boj\u0101tas. Nomainiet visas boj\u0101t\u0101s bl\u012bves, lai nov\u0113rstu hidraulisk\u0101 \u0161\u0137idruma zudumu, kas var\u0113tu izrais\u012bt sist\u0113mas k\u013c\u016bmi.<\/li>\n<li><strong>L\u0113na darb\u012bba:<\/strong> P\u0101rbaudiet hidraulisk\u0101 \u0161\u0137idruma l\u012bmeni un p\u0101rbaudiet, vai \u0161\u013c\u016bten\u0113s vai savienojumos nav aizsprostojumu. P\u0101rliecinieties, vai hidrauliskais s\u016bknis darbojas pareizi.<\/li>\n<li><strong>Nerea\u0123\u0113jo\u0161s cilindrs:<\/strong> P\u0101rliecinieties, ka hidrauliskaj\u0101 sist\u0113m\u0101 nav gaisa burbu\u013cu un vai visi savienojumi ir dro\u0161i.<\/li>\n<\/ul>\n<h2>K\u013c\u016bmju diagnostika un risin\u0101jumi<\/h2>\n<p>Probl\u0113mu savlaic\u012bga identific\u0113\u0161ana var samazin\u0101t d\u012bkst\u0101ves laiku un remonta izmaksas. Regul\u0101ra uzraudz\u012bba un r\u016bp\u012bga hidraulisk\u0101s sist\u0113mas izpratne pal\u012bdz\u0113s efekt\u012bvi diagnostic\u0113t probl\u0113mas. Prevent\u012bvu pas\u0101kumu, piem\u0113ram, regul\u0101ru p\u0101rbau\u017eu un savlaic\u012bgas apkopes, ievie\u0161ana pal\u012bdz samazin\u0101t k\u013c\u016bmju risku.<\/p>\n<p><img decoding=\"async\" src=\"https:\/\/www.hydraulic-cylinders.net\/wp-content\/uploads\/2025\/04\/songte-bushings-with-all-kinds-of-excavator-models.webp\" alt=\"Bukses ar ekskavatora mode\u013ciem\" \/><\/p>\n<h2>Uz\u0146\u0113muma p\u0101rskats<\/h2>\n<p>M\u0113s esam vado\u0161ais hidraulisko cilindru ra\u017eot\u0101js un vairumtirgot\u0101js, kas pied\u0101v\u0101 pla\u0161u produktu kl\u0101stu, lai apmierin\u0101tu gan viet\u0113j\u0101, gan starptautisk\u0101 tirgus vajadz\u012bbas. M\u016bsu ap\u0146em\u0161anos nodro\u0161in\u0101t izcilu kvalit\u0101ti nodro\u0161ina progres\u012bvas ra\u017eo\u0161anas strat\u0113\u0123ijas, izmantojot prec\u012bzijas iek\u0101rtas un kvalific\u0113tu tehnisko person\u0101lu. M\u0113s nep\u0101rtraukti uzlabojam savas ra\u017eo\u0161anas iesp\u0113jas, lai apmierin\u0101tu da\u017e\u0101das klientu pras\u012bbas ar augstu efektivit\u0101ti un precizit\u0101ti.<\/p>\n<p>M\u016bsu uz\u0146\u0113mums pied\u0101v\u0101 piel\u0101gotus pakalpojumus, kas piel\u0101goti konkr\u0113t\u0101m klientu vajadz\u012bb\u0101m, nodro\u0161inot, ka visi produkti atbilst stingriem starptautiskajiem standartiem. M\u0113s lepojamies ar savu stabilo p\u0113cp\u0101rdo\u0161anas atbalstu, sniedzot pal\u012bdz\u012bbu un apkopes pakalpojumus, lai nodro\u0161in\u0101tu m\u016bsu produktu ilgm\u016b\u017e\u012bbu.<\/p>\n<p><img decoding=\"async\" src=\"https:\/\/www.hydraulic-cylinders.net\/wp-content\/uploads\/2025\/04\/songte-company-4.webp\" alt=\"Uz\u0146\u0113muma p\u0101rskats\" \/><br \/>\n<img decoding=\"async\" src=\"https:\/\/www.hydraulic-cylinders.net\/wp-content\/uploads\/2025\/04\/songte-company-3.webp\" alt=\"Uz\u0146\u0113muma ra\u017eo\u0161ana\" \/><\/p>\n<p>Autors: lil<\/p>","protected":false},"excerpt":{"rendered":"<p>Boom Cylinder For Pushhm PZ220-8 Product Overview The Boom Cylinder for Pushhm PZ220-8 is a specialized hydraulic cylinder designed to control the movement of buckets in heavy machinery such as excavators, backhoe loaders, and front-end loaders. This hydraulic cylinder enables the bucket to lift, lower, and tilt, essential for efficient material handling tasks. As a [&hellip;]<\/p>","protected":false},"featured_media":17881,"comment_status":"open","ping_status":"closed","template":"","meta":{"_et_pb_use_builder":"","_et_pb_old_content":"","_et_gb_content_width":""},"product_brand":[],"product_cat":[1546],"product_tag":[1547,1496],"class_list":{"0":"post-19543","1":"product","2":"type-product","3":"status-publish","4":"has-post-thumbnail","6":"product_cat-boom-cylinders","7":"product_tag-boom-cylinders","8":"product_tag-hydraulic-cylinders","10":"first","11":"instock","12":"shipping-taxable","13":"product-type-simple"},"amp_enabled":true,"_links":{"self":[{"href":"https:\/\/www.hydraulic-cylinders.net\/lv\/wp-json\/wp\/v2\/product\/19543","targetHints":{"allow":["GET"]}}],"collection":[{"href":"https:\/\/www.hydraulic-cylinders.net\/lv\/wp-json\/wp\/v2\/product"}],"about":[{"href":"https:\/\/www.hydraulic-cylinders.net\/lv\/wp-json\/wp\/v2\/types\/product"}],"replies":[{"embeddable":true,"href":"https:\/\/www.hydraulic-cylinders.net\/lv\/wp-json\/wp\/v2\/comments?post=19543"}],"wp:featuredmedia":[{"embeddable":true,"href":"https:\/\/www.hydraulic-cylinders.net\/lv\/wp-json\/wp\/v2\/media\/17881"}],"wp:attachment":[{"href":"https:\/\/www.hydraulic-cylinders.net\/lv\/wp-json\/wp\/v2\/media?parent=19543"}],"wp:term":[{"taxonomy":"product_brand","embeddable":true,"href":"https:\/\/www.hydraulic-cylinders.net\/lv\/wp-json\/wp\/v2\/product_brand?post=19543"},{"taxonomy":"product_cat","embeddable":true,"href":"https:\/\/www.hydraulic-cylinders.net\/lv\/wp-json\/wp\/v2\/product_cat?post=19543"},{"taxonomy":"product_tag","embeddable":true,"href":"https:\/\/www.hydraulic-cylinders.net\/lv\/wp-json\/wp\/v2\/product_tag?post=19543"}],"curies":[{"name":"wp","href":"https:\/\/api.w.org\/{rel}","templated":true}]}}