{"id":19548,"date":"2025-04-07T06:53:57","date_gmt":"2025-04-07T06:53:57","guid":{"rendered":"https:\/\/www.hydraulic-cylinders.net\/product\/boom-cylinder-for-nante-nt20\/"},"modified":"2025-04-07T06:54:00","modified_gmt":"2025-04-07T06:54:00","slug":"boom-cylinder-for-nante-nt20","status":"publish","type":"product","link":"https:\/\/www.hydraulic-cylinders.net\/lv\/products\/boom-cylinder-for-nante-nt20\/","title":{"rendered":"Nante NT20 str\u0113les cilindrs"},"content":{"rendered":"<h1>Nante NT20 str\u0113les cilindrs<\/h1>\n<h2>Ievads str\u0113les cilindr\u0101<\/h2>\n<p>Str\u0113les cilindrs, kas \u012bpa\u0161i izstr\u0101d\u0101ts Nante NT20, ir kritiski svar\u012bga hidraulisko sist\u0113mu sast\u0101vda\u013ca. \u0160is hidrauliskais cilindrs ir specializ\u0113ts kausu kust\u012bbas vad\u012bbai da\u017e\u0101d\u0101s smagaj\u0101s ma\u0161\u012bn\u0101s, tostarp ekskavatoros, ekskavatoros-iekr\u0101v\u0113jos un front\u0101lajos iekr\u0101v\u0113jos. Tas \u013cauj kausam pacelt, nolaist un noliekt, efekt\u012bvi atvieglojot materi\u0101lu apstr\u0101des uzdevumus. Kausa cilindrs ir hidraulisks izpildmeh\u0101nisms, kas p\u0101rveido hidraulisko ener\u0123iju meh\u0101nisk\u0101 kust\u012bb\u0101, kas ir b\u016btiska vair\u0101ku darb\u012bbu veik\u0161anai lieljaudas lietojumos.<\/p>\n<p><img decoding=\"async\" src=\"https:\/\/www.hydraulic-cylinders.net\/wp-content\/uploads\/2025\/04\/songte-company-1.webp\" alt=\"Str\u0113les cilindrs\"><\/p>\n<h2>Str\u0113les cilindra \u012bpa\u0161\u012bbas<\/h2>\n<ul>\n<li><strong>Augsta iztur\u012bba un ilgm\u016b\u017e\u012bba:<\/strong> \u0160ie cilindri, kas parasti ir izgatavoti no augstas stipr\u012bbas t\u0113rauda vai alum\u012bnija, var iztur\u0113t augstu spiedienu un lielas slodzes, padarot tos piem\u0113rotus skarbiem darba apst\u0101k\u013ciem. Konstrukcij\u0101 ir \u0146emta v\u0113r\u0101 ar\u012b nodilumiztur\u012bba un iztur\u012bba pret koroziju, kas iev\u0113rojami pagarina to kalpo\u0161anas laiku.<\/li>\n<li><strong>Efekt\u012bva hidraulisk\u0101 darb\u012bba:<\/strong> Izmantojot hidraulisk\u0101s e\u013c\u013cas spiedienu, cilindrs nodro\u0161ina vienm\u0113r\u012bgu izvirz\u012b\u0161anos un ievilk\u0161anu, \u013caujot \u0101tri rea\u0123\u0113t uz vad\u012bbas komand\u0101m un rad\u012bt sp\u0113c\u012bgus stum\u0161anas un vilk\u0161anas sp\u0113kus. Tas ir ide\u0101li piem\u0113rots smagu materi\u0101lu apstr\u0101dei un sare\u017e\u0123\u012btu operacion\u0101lu uzdevumu veik\u0161anai.<\/li>\n<li><strong>Da\u017e\u0101di veidi:<\/strong> Pieejams vienvirziena darb\u012bbas (darbojas vien\u0101 virzien\u0101) vai divk\u0101r\u0161as darb\u012bbas (darbojas abos virzienos) konfigur\u0101cij\u0101s, kas \u013cauj piel\u0101got atbilsto\u0161i ekspluat\u0101cijas vajadz\u012bb\u0101m. Da\u017eiem mode\u013ciem ir teleskopiska konstrukcija, kas \u013cauj pan\u0101kt liel\u0101ku pagarin\u0101jumu, nepalielinot \u0101r\u0113jos izm\u0113rus, kas ir ide\u0101li piem\u0113rots lietojumiem ar ierobe\u017eotu vietu.<\/li>\n<li><strong>Prec\u012bzijas in\u017eenierija:<\/strong> Izgatavots ar augstu precizit\u0101ti, lai nodro\u0161in\u0101tu efekt\u012bvu darb\u012bbu un ilgm\u016b\u017e\u012bbu, konstrukcij\u0101 ir iek\u013cautas progres\u012bvas in\u017eeniertehnisk\u0101s metodes optim\u0101lai veiktsp\u0113jai.<\/li>\n<li><strong>Piel\u0101gojamas opcijas:<\/strong> M\u0113s varam izgatavot \u0161o produktu atbilsto\u0161i j\u016bsu \u012bpa\u0161aj\u0101m pras\u012bb\u0101m, nodro\u0161inot ide\u0101lu da\u017e\u0101du hidraulisko cilindru aizvieto\u0161anu.<\/li>\n<\/ul>\n<p><img decoding=\"async\" src=\"https:\/\/www.hydraulic-cylinders.net\/wp-content\/uploads\/2025\/04\/songte-cylinder-head-with-all-kinds-excavator-models.webp\" alt=\"Hidraulisko cilindru veidi\"><\/p>\n<h2>Str\u0113les cilindra pielietojums<\/h2>\n<h3>Celtniec\u012bbas apr\u012bkojums<\/h3>\n<p>Ekskavatoros str\u0113les cilindri ir vit\u0101li svar\u012bgi rak\u0161anai, iekrau\u0161anai un augsnes vai gru\u017eu p\u0101rvieto\u0161anai. Tie \u013cauj kausam efekt\u012bvi iek\u013c\u016bt augsn\u0113, kas ir \u013coti svar\u012bgi rak\u0161anas darbos. Ekskavatoros-iekr\u0101v\u0113jos str\u0113les cilindrs pal\u012bdz gan rak\u0161an\u0101, gan cel\u0161an\u0101, padarot to par daudzfunkcion\u0101lu instrumentu b\u016bvniec\u012bbas vid\u0113.<\/p>\n<h3>Lauksaimniec\u012bbas tehnika<\/h3>\n<p>Front\u0101lie iekr\u0101v\u0113ji izmanto str\u0113les cilindrus, lai paceltu, paceltu un transport\u0113tu augsni, sienu un citus materi\u0101lus. To daudzpus\u012bba padara tos neaizst\u0101jamus da\u017e\u0101diem lauksaimniec\u012bbas darbiem, pal\u012bdzot lauksaimniekiem efekt\u012bvi veikt savus uzdevumus.<\/p>\n<h3>Ekskavatori<\/h3>\n<p>Ekskavatoros kausa cilindrs atvieglo rak\u0161anas darb\u012bbu, \u013caujot kausam iek\u013c\u016bt zem\u0113. \u0160\u012b sp\u0113ja ir b\u016btiska da\u017e\u0101diem projektiem, tostarp zemes att\u012br\u012b\u0161anai, plan\u0113\u0161anai un tran\u0161eju rak\u0161anai, padarot str\u0113les cilindru par neaizst\u0101jamu ekskavatora darb\u012bbas sast\u0101vda\u013cu.<\/p>\n<h3>Iekr\u0101v\u0113ji<\/h3>\n<p>Front\u0101lajos iekr\u0101v\u0113jos str\u0113les cilindri veicina materi\u0101lu efekt\u012bvu pacel\u0161anu un izg\u0101\u0161anu. Tie nodro\u0161ina nepiecie\u0161amo sp\u0113ku, lai paceltu smagas kravas, kas ir \u013coti svar\u012bgi b\u016bvniec\u012bb\u0101, ainavu veido\u0161an\u0101 un citos lieljaudas darbos.<\/p>\n<h2>Dizaina apsv\u0113rumi un atlases krit\u0113riji<\/h2>\n<h3>Kravnes\u012bba<\/h3>\n<p>Izv\u0113loties str\u0113les cilindru, viens no svar\u012bg\u0101kajiem faktoriem ir t\u0101 kravnes\u012bba. Cilindram j\u0101sp\u0113j iztur\u0113t maksim\u0101lo svaru, ar ko tas saskarsies ekspluat\u0101cijas laik\u0101. Tas ietver izpratni par darba vidi, tehnikas veidu, pie kuras tas tiks piestiprin\u0101ts, un konkr\u0113tajiem uzdevumiem, ko tas veiks. Ja cilindrs netiek izv\u0113l\u0113ts ar atbilsto\u0161u kravnes\u012bbu, tas var izrais\u012bt meh\u0101niskus boj\u0101jumus un potenci\u0101li b\u012bstamas situ\u0101cijas. Pareizi in\u017eeniertehniskie apr\u0113\u0137ini un test\u0113\u0161ana ir b\u016btiski, lai nodro\u0161in\u0101tu, ka cilindrs atbilst vis\u0101m ekspluat\u0101cijas pras\u012bb\u0101m, uzlabojot dro\u0161\u012bbu un veiktsp\u0113ju.<\/p>\n<h3>Bl\u012bv\u0113\u0161anas meh\u0101nismi<\/h3>\n<p>Efekt\u012bva bl\u012bv\u0113\u0161ana ir \u0101rk\u0101rt\u012bgi svar\u012bga, lai saglab\u0101tu hidraulisko sist\u0113mu integrit\u0101ti. Bl\u012bv\u0113jumu izv\u0113le, tostarp virzu\u013ca bl\u012bv\u0113jumi, stie\u0146a bl\u012bv\u0113jumi un citi, nosaka cilindra sp\u0113ju nov\u0113rst hidraulisk\u0101 \u0161\u0137idruma nopl\u016bdi. Augstas kvalit\u0101tes bl\u012bv\u0113jumi, kas izgatavoti no iztur\u012bgiem materi\u0101liem, piem\u0113ram, poliuret\u0101na vai nitrila gumijas, ir b\u016btiski, lai nodro\u0161in\u0101tu ilgm\u016b\u017e\u012bbu un veiktsp\u0113ju. Turkl\u0101t cilindra korpusa un v\u012bt\u0146oto galu virsmas apdarei j\u0101b\u016bt r\u016bp\u012bgi izstr\u0101d\u0101tai, lai uzlabotu nodilumiztur\u012bbu un samazin\u0101tu nopl\u016b\u017eu risku. Regul\u0101ra \u0161o bl\u012bv\u0113jumu apkope un p\u0101rbaude ir \u013coti svar\u012bga, lai nodro\u0161in\u0101tu hidraulisk\u0101s sist\u0113mas efekt\u012bvu darb\u012bbu.<\/p>\n<h3>Iztur\u012bba un apkope<\/h3>\n<p>Iztur\u012bba ir galvenais aspekts, izv\u0113loties str\u0113les cilindru. Darba vide var b\u016bt skarba, pak\u013cauta putek\u013ciem, mitrumam un ekstrem\u0101l\u0101m temperat\u016br\u0101m. T\u0101p\u0113c ir svar\u012bgi izv\u0113l\u0113ties materi\u0101lus, kas var iztur\u0113t \u0161os apst\u0101k\u013cus. Regul\u0101ra apkope, tostarp p\u0101rbaudes un nolietoto deta\u013cu savlaic\u012bga nomai\u0146a, ir b\u016btiska, lai pagarin\u0101tu cilindra kalpo\u0161anas laiku. Apkopes grafiku iev\u0113ro\u0161ana nov\u0113rs\u012bs negaid\u012btus boj\u0101jumus un d\u0101rgas d\u012bkst\u0101ves, galu gal\u0101 veicinot atbalst\u012bto iek\u0101rtu efektivit\u0101ti.<\/p>\n<p><img decoding=\"async\" src=\"https:\/\/www.hydraulic-cylinders.net\/wp-content\/uploads\/2025\/04\/songte-oil-pipes-and-spare-parts.webp\" alt=\"Hidraulisko cilindru deta\u013cas\"><\/p>\n<h2>Bl\u012bv\u0113\u0161ana un e\u013c\u013co\u0161ana<\/h2>\n<p>Str\u0113les cilindru bl\u012bv\u0113\u0161ana un e\u013c\u013co\u0161ana ir kritiski svar\u012bga to veiktsp\u0113jai un ilgm\u016b\u017e\u012bbai. Da\u017e\u0101di bl\u012bv\u0113jumi, piem\u0113ram, virzu\u013ca bl\u012bv\u0113jumi un stie\u0146a bl\u012bv\u0113jumi, ir paredz\u0113ti, lai saglab\u0101tu hidraulisk\u0101s sist\u0113mas integrit\u0101ti. Ir svar\u012bgi izv\u0113l\u0113ties bl\u012bv\u0113jumus, kas izgatavoti no augstas nodilumiztur\u012bbas materi\u0101liem, piem\u0113ram, poliuret\u0101na un nitrila gumijas, lai uzlabotu iztur\u012bbu. Turkl\u0101t cilindra korpuss un v\u012bt\u0146otie gali ir r\u016bp\u012bgi j\u0101apstr\u0101d\u0101, lai uzlabotu nodilumiztur\u012bbu, nodro\u0161inot, ka bl\u012bv\u0113jumi laika gait\u0101 darbojas efekt\u012bvi. Regul\u0101ra e\u013c\u013co\u0161ana ar atbilsto\u0161u hidraulisko e\u013c\u013cu ir nepiecie\u0161ama, lai samazin\u0101tu berzi, samazin\u0101tu nodilumu un nov\u0113rstu boj\u0101jumus. E\u013c\u013co\u0161anas praks\u0113 j\u0101iek\u013cauj e\u013c\u013cas l\u012bme\u0146a kontrole un e\u013c\u013cas nomai\u0146a ieteicamajos interv\u0101los, lai nodro\u0161in\u0101tu optim\u0101lu veiktsp\u0113ju.<\/p>\n<h2>Regul\u0101ras p\u0101rbaudes un profilaktisk\u0101 apkope<\/h2>\n<ul>\n<li><strong>Pl\u0101not\u0101s p\u0101rbaudes:<\/strong> Lai noteiktu jebk\u0101das nodiluma, nopl\u016b\u017eu vai boj\u0101jumu paz\u012bmes, j\u0101veic regul\u0101ras hidraulisko cilindru p\u0101rbaudes. Regul\u0101ras p\u0101rbaudes var pal\u012bdz\u0113t atkl\u0101t potenci\u0101las probl\u0113mas, pirms t\u0101s noved pie nopietniem boj\u0101jumiem.<\/li>\n<li><strong>E\u013c\u013co\u0161anas prakse:<\/strong> Ir svar\u012bgi uztur\u0113t atbilsto\u0161u e\u013c\u013co\u0161anas l\u012bmeni, k\u0101 nor\u0101d\u012bjis ra\u017eot\u0101js. Atbilsto\u0161a e\u013c\u013co\u0161ana samazina berzi un paildzina cilindra kalpo\u0161anas laiku.<\/li>\n<li><strong>Bl\u012bv\u0113juma nomai\u0146a:<\/strong> Bl\u012bves regul\u0101ri j\u0101p\u0101rbauda, \u200b\u200bvai nav nodiluma paz\u012bmju, un j\u0101nomaina p\u0113c nepiecie\u0161am\u012bbas. Tas ir \u013coti svar\u012bgi hidraulisk\u0101s integrit\u0101tes saglab\u0101\u0161anai un efekt\u012bvas darb\u012bbas nodro\u0161in\u0101\u0161anai.<\/li>\n<\/ul>\n<h2>Uzst\u0101d\u012b\u0161anas vadl\u012bnijas<\/h2>\n<p>Pareiza str\u0113les cilindru uzst\u0101d\u012b\u0161ana ir b\u016btiska, lai nodro\u0161in\u0101tu optim\u0101lu veiktsp\u0113ju un dro\u0161\u012bbu. Vispirms p\u0101rliecinieties, vai mont\u0101\u017eas virsmas ir t\u012bras un bez gru\u017eiem. Pareizi izl\u012bdziniet cilindru ar tehniku, lai izvair\u012btos no nepareizas izl\u012bdzin\u0101\u0161anas probl\u0113m\u0101m, kas var izrais\u012bt p\u0101rm\u0113r\u012bgu nodilumu. Izmantojiet atbilsto\u0161us mont\u0101\u017eas kron\u0161teinus, lai nostiprin\u0101tu cilindru viet\u0101, p\u0101rliecinoties, ka tas ir stingri piestiprin\u0101ts bez p\u0101rm\u0113r\u012bga sp\u0113ka. Pievelkot skr\u016bves, iev\u0113rojiet ra\u017eot\u0101ja nor\u0101d\u012bjumus par griezes momenta specifik\u0101cij\u0101m. P\u0113c uzst\u0101d\u012b\u0161anas veiciet r\u016bp\u012bgu p\u0101rbaudi, lai p\u0101rliecin\u0101tos, ka viss ir pareizi novietots un darbojas. Sist\u0113mas test\u0113\u0161ana kontrol\u0113tos apst\u0101k\u013cos var pal\u012bdz\u0113t laikus identific\u0113t visas iesp\u0113jam\u0101s probl\u0113mas.<\/p>\n<h2>Apkopes uzdevumi<\/h2>\n<h3>Regul\u0101ras p\u0101rbaudes<\/h3>\n<p>Regul\u0101ru p\u0101rbau\u017eu veik\u0161ana ir \u013coti svar\u012bga, lai probl\u0113mas tiktu atkl\u0101tas agr\u012bni. Mekl\u0113jiet nopl\u016bdes, neparastas ska\u0146as vai nodiluma paz\u012bmes. \u0160\u012bm p\u0101rbaud\u0113m j\u0101b\u016bt sistem\u0101tisk\u0101m un dokument\u0113t\u0101m, lai laika gait\u0101 izsekotu balona st\u0101vokli.<\/p>\n<h3>Piem\u0113rota e\u013c\u013co\u0161ana<\/h3>\n<p>P\u0101rliecinieties, vai cilindrs ir pien\u0101c\u012bgi iee\u013c\u013cots saska\u0146\u0101 ar ra\u017eot\u0101ja specifik\u0101cij\u0101m. Tas ietver pareiza veida hidraulisk\u0101s e\u013c\u013cas izmanto\u0161anu un t\u0101s uzkl\u0101\u0161anu noteiktos interv\u0101los, lai bl\u012bv\u0113jumi un kust\u012bg\u0101s da\u013cas darbotos nevainojami.<\/p>\n<h3>Bl\u012bvju nomai\u0146as un kalibr\u0113\u0161anas p\u0101rbaudes<\/h3>\n<p>Regul\u0101ri p\u0101rbaudiet bl\u012bv\u0113jumu nodilumu un nomainiet tos p\u0113c nepiecie\u0161am\u012bbas. Periodiski j\u0101veic ar\u012b kalibr\u0113\u0161anas p\u0101rbaudes, lai p\u0101rliecin\u0101tos, ka cilindrs darbojas atbilsto\u0161i paredz\u0113taj\u0101m specifik\u0101cij\u0101m. Tas ir \u013coti svar\u012bgi, lai saglab\u0101tu veiktsp\u0113ju un nov\u0113rstu boj\u0101jumus.<\/p>\n<p><img decoding=\"async\" src=\"https:\/\/www.hydraulic-cylinders.net\/wp-content\/uploads\/2025\/04\/songte-chushion-collar.webp\" alt=\"Cilindra uzst\u0101d\u012b\u0161ana\"><\/p>\n<h2>Dro\u0161\u012bbas apsv\u0113rumi un vides faktori<\/h2>\n<p>Izmantojot str\u0113les cilindrus, ir svar\u012bgi noteikt dro\u0161\u012bbas pas\u0101kumu priorit\u0101ti. Tas ietver izpratni par potenci\u0101lajiem riskiem, kas saist\u012bti ar hidrauliskaj\u0101m sist\u0113m\u0101m, un strat\u0113\u0123iju ievie\u0161anu to mazin\u0101\u0161anai. Nodro\u0161iniet, lai operatori b\u016btu apm\u0101c\u012bti atpaz\u012bt b\u012bstam\u012bbu, lietotu atbilsto\u0161u aizsargapr\u012bkojumu un iev\u0113rotu noteiktos dro\u0161\u012bbas protokolus. Turkl\u0101t j\u0101\u0146em v\u0113r\u0101 vides apsv\u0113rumi, piem\u0113ram, pareiza hidraulisko \u0161\u0137idrumu utiliz\u0101cija un nopl\u016b\u017eu samazin\u0101\u0161ana, lai aizsarg\u0101tu apk\u0101rt\u0113j\u0101s ekosist\u0113mas. Dro\u0161\u012bbas un vides atbild\u012bbas uzsv\u0113r\u0161ana var b\u016btiski ietekm\u0113t hidraulisko darb\u012bbu kop\u0113jo efektivit\u0101ti un ilgtsp\u0113j\u012bbu.<\/p>\n<h2>Probl\u0113mu nov\u0113r\u0161ana un bie\u017ei sastopamas probl\u0113mas<\/h2>\n<ul>\n<li><strong>Nopl\u016bde:<\/strong> Ja ir man\u0101ma nopl\u016bde, tas var liecin\u0101t par nolietotiem bl\u012bv\u0113jumiem vai boj\u0101tiem komponentiem. Lai atrisin\u0101tu \u0161o probl\u0113mu, var b\u016bt nepiecie\u0161ama bl\u012bv\u0113jumu p\u0101rbaude un nomai\u0146a.<\/li>\n<li><strong>L\u0113na darb\u012bba:<\/strong> Ja cilindrs darbojas l\u0113ni, tas var b\u016bt saist\u012bts ar zemu hidraulisk\u0101 \u0161\u0137idruma l\u012bmeni vai sist\u0113m\u0101 iesprostotu gaisu. P\u0101rbaudiet \u0161\u0137idruma l\u012bmeni un atgaisojiet sist\u0113mu, lai nodro\u0161in\u0101tu efekt\u012bvu darb\u012bbu.<\/li>\n<li><strong>Neparastas ska\u0146as:<\/strong> Neparastas ska\u0146as darb\u012bbas laik\u0101 var liecin\u0101t par meh\u0101nisku k\u013c\u016bmi vai nepietiekamu e\u013c\u013co\u0161anu. P\u0101rbaudiet cilindru, vai nav boj\u0101jumu, un p\u0101rliecinieties, vai tiek uztur\u0113ta pietiekama e\u013c\u013co\u0161ana.<\/li>\n<\/ul>\n<h2>Probl\u0113mu risin\u0101\u0161anas padomi<\/h2>\n<p>Diagnostic\u0113jot probl\u0113mas ar str\u0113les cilindriem, ir svar\u012bgi izmantot sistem\u0101tisku metodi. S\u0101ciet ar \u0161\u0137idruma l\u012bme\u0146a p\u0101rbaudi un p\u0101rliecinieties, ka sist\u0113m\u0101 nav gaisa. Regul\u0101ras apkopes darb\u012bbas, piem\u0113ram, savlaic\u012bga bl\u012bv\u0113jumu nomai\u0146a un e\u013c\u013co\u0161ana, var pal\u012bdz\u0113t nov\u0113rst daudzas bie\u017ei sastopamas probl\u0113mas. Detaliz\u0113ta apkopes \u017eurn\u0101la uztur\u0113\u0161ana var ar\u012b pal\u012bdz\u0113t identific\u0113t mode\u013cus vai atk\u0101rtotas probl\u0113mas, nodro\u0161inot efekt\u012bv\u0101kus prevent\u012bvos pas\u0101kumus.<\/p>\n<p><img decoding=\"async\" src=\"https:\/\/www.hydraulic-cylinders.net\/wp-content\/uploads\/2025\/04\/songte-bushings-with-all-kinds-of-excavator-models.webp\" alt=\"Str\u0113les cilindra probl\u0113mu nov\u0113r\u0161ana\"><\/p>\n<h2>Uz\u0146\u0113muma p\u0101rskats<\/h2>\n<p>M\u0113s esam vado\u0161ais rezerves hidraulisko cilindru ra\u017eot\u0101js un vairumtirdzniec\u012bbas izplat\u012bt\u0101js, kas apkalpo gan viet\u0113jo, gan starptautisko tirgu. M\u016bsu pla\u0161ais produktu kl\u0101sts ir padar\u012bjis m\u016bs par vienu no vado\u0161ajiem ra\u017eot\u0101jiem nozar\u0113. M\u0113s koncentr\u0113jamies uz izcil\u012bbu kvalit\u0101t\u0113, izmantojot izsmalcin\u0101tu ra\u017eo\u0161anas darbn\u012bcu ar r\u016bpniecisk\u0101s ra\u017eo\u0161anas vad\u012bbas strat\u0113\u0123iju. M\u016bsu uz\u0146\u0113mums past\u0101v\u012bgi uzlabo savu ra\u017eo\u0161anas platformu, integr\u0113jot tehniskos talantus, modernu digit\u0101lo ra\u017eo\u0161anas apr\u012bkojumu un profesion\u0101las test\u0113\u0161anas sist\u0113mas. \u0160\u012b ap\u0146em\u0161an\u0101s ir novedusi pie sp\u0113c\u012bgu rado\u0161o sp\u0113ju veido\u0161anas, nodro\u0161inot, ka m\u0113s apmierin\u0101m da\u017e\u0101das klientu vajadz\u012bbas ar augstu efektivit\u0101ti, precizit\u0101ti un kvalit\u0101ti.<\/p>\n<p><img decoding=\"async\" src=\"https:\/\/www.hydraulic-cylinders.net\/wp-content\/uploads\/2025\/04\/songte-company-4.webp\" alt=\"Uz\u0146\u0113muma ra\u017eo\u0161ana\"><br \/>\n<img decoding=\"async\" src=\"https:\/\/www.hydraulic-cylinders.net\/wp-content\/uploads\/2025\/04\/songte-company-3.webp\" alt=\"Uz\u0146\u0113muma ra\u017eo\u0161anas iek\u0101rta\"><\/p>\n<h2>Secin\u0101jums<\/h2>\n<p>Rezum\u0113jot, Nante NT20 str\u0113les cilindrs ir b\u016btiska sast\u0101vda\u013ca da\u017e\u0101d\u0101s hidraulisk\u0101s lietojumprogramm\u0101s, kas nodro\u0161ina stabilu un efekt\u012bvu veiktsp\u0113ju. Izpratne par t\u0101 funkcij\u0101m, pielietojumu un apkopes pras\u012bb\u0101m nodro\u0161ina optim\u0101lu darb\u012bbu un ilgm\u016b\u017e\u012bbu. M\u016bsu uz\u0146\u0113mums ir gatavs nodro\u0161in\u0101t augstas kvalit\u0101tes hidrauliskos risin\u0101jumus, lai apmierin\u0101tu j\u016bsu \u012bpa\u0161\u0101s vajadz\u012bbas.<\/p>\n<p>Autors: lil<\/p>","protected":false},"excerpt":{"rendered":"<p>Boom Cylinder For Nante NT20 Introduction to Boom Cylinder The Boom Cylinder, specifically designed for the Nante NT20, is a critical component in hydraulic systems. This hydraulic cylinder is specialized for controlling the movement of buckets in various heavy machinery, including excavators, backhoe loaders, and front-end loaders. It enables the bucket to lift, lower, and [&hellip;]<\/p>","protected":false},"featured_media":17871,"comment_status":"open","ping_status":"closed","template":"","meta":{"_et_pb_use_builder":"","_et_pb_old_content":"","_et_gb_content_width":""},"product_brand":[],"product_cat":[1546],"product_tag":[1547,1496],"class_list":{"0":"post-19548","1":"product","2":"type-product","3":"status-publish","4":"has-post-thumbnail","6":"product_cat-boom-cylinders","7":"product_tag-boom-cylinders","8":"product_tag-hydraulic-cylinders","10":"first","11":"instock","12":"shipping-taxable","13":"product-type-simple"},"amp_enabled":true,"_links":{"self":[{"href":"https:\/\/www.hydraulic-cylinders.net\/lv\/wp-json\/wp\/v2\/product\/19548","targetHints":{"allow":["GET"]}}],"collection":[{"href":"https:\/\/www.hydraulic-cylinders.net\/lv\/wp-json\/wp\/v2\/product"}],"about":[{"href":"https:\/\/www.hydraulic-cylinders.net\/lv\/wp-json\/wp\/v2\/types\/product"}],"replies":[{"embeddable":true,"href":"https:\/\/www.hydraulic-cylinders.net\/lv\/wp-json\/wp\/v2\/comments?post=19548"}],"wp:featuredmedia":[{"embeddable":true,"href":"https:\/\/www.hydraulic-cylinders.net\/lv\/wp-json\/wp\/v2\/media\/17871"}],"wp:attachment":[{"href":"https:\/\/www.hydraulic-cylinders.net\/lv\/wp-json\/wp\/v2\/media?parent=19548"}],"wp:term":[{"taxonomy":"product_brand","embeddable":true,"href":"https:\/\/www.hydraulic-cylinders.net\/lv\/wp-json\/wp\/v2\/product_brand?post=19548"},{"taxonomy":"product_cat","embeddable":true,"href":"https:\/\/www.hydraulic-cylinders.net\/lv\/wp-json\/wp\/v2\/product_cat?post=19548"},{"taxonomy":"product_tag","embeddable":true,"href":"https:\/\/www.hydraulic-cylinders.net\/lv\/wp-json\/wp\/v2\/product_tag?post=19548"}],"curies":[{"name":"wp","href":"https:\/\/api.w.org\/{rel}","templated":true}]}}