{"id":19553,"date":"2025-04-07T06:54:11","date_gmt":"2025-04-07T06:54:11","guid":{"rendered":"https:\/\/www.hydraulic-cylinders.net\/product\/boom-cylinder-for-yanmar-sv017\/"},"modified":"2025-04-07T06:54:13","modified_gmt":"2025-04-07T06:54:13","slug":"boom-cylinder-for-yanmar-sv017","status":"publish","type":"product","link":"https:\/\/www.hydraulic-cylinders.net\/lv\/products\/boom-cylinder-for-yanmar-sv017\/","title":{"rendered":"Str\u0113les cilindrs Yanmar SV017"},"content":{"rendered":"<h1>Str\u0113les cilindrs Yanmar SV017<\/h1>\n<h2>Str\u0113les cilindra izpratne<\/h2>\n<p>Str\u0113les cilindrs ir b\u016btiska sast\u0101vda\u013ca hidrauliskaj\u0101s sist\u0113m\u0101s, ko izmanto smagaj\u0101s ma\u0161\u012bn\u0101s, \u012bpa\u0161i taj\u0101s, kuras darbina Yanmar SV017 ekskavatori. \u0160is hidrauliskais cilindrs ir \u012bpa\u0161i izstr\u0101d\u0101ts, lai kontrol\u0113tu str\u0113les kust\u012bbu, kas ir b\u016btiska ma\u0161\u012bnas sast\u0101vda\u013ca, kas \u013cauj tai efekt\u012bvi veikt da\u017e\u0101dus uzdevumus.<\/p>\n<p>B\u016bt\u012bb\u0101 str\u0113les cilindrs \u013cauj str\u0113lei pacelt, nolaist un noliekt, atvieglojot materi\u0101lu apstr\u0101des uzdevumus, kas ir svar\u012bgi b\u016bvniec\u012bb\u0101, lauksaimniec\u012bb\u0101 un cit\u0101s nozar\u0113s. T\u0101 darb\u012bba ir balst\u012bta uz hidrauliskiem principiem, kur kust\u012bbas rad\u012b\u0161anai tiek izmantots spiediena hidrauliskais \u0161\u0137idrums. \u0160\u012b konstrukcija nodro\u0161ina prec\u012bzu vad\u012bbu un milz\u012bgu jaudu, padarot to ide\u0101li piem\u0113rotu lieljaudas lietojumiem.<\/p>\n<p><img decoding=\"async\" src=\"https:\/\/www.hydraulic-cylinders.net\/wp-content\/uploads\/2025\/04\/songte-company-1.webp\" alt=\"Str\u0113les cilindrs\" \/><\/p>\n<h2>Str\u0113les cilindra \u012bpa\u0161\u012bbas<\/h2>\n<ul>\n<li><strong>Augsta iztur\u012bba un ilgm\u016b\u017e\u012bba:<\/strong> Izgatavots no augstas stipr\u012bbas t\u0113rauda vai alum\u012bnija, kas nodro\u0161ina, ka tas var iztur\u0113t augstu spiedienu un lielas slodzes, vienlaikus piel\u0101gojoties skarbajiem darba apst\u0101k\u013ciem. Izstr\u0101d\u0101ts, lai b\u016btu iztur\u012bgs pret nodilumu un koroziju, pagarinot t\u0101 kalpo\u0161anas laiku.<\/li>\n<li><strong>Efekt\u012bva hidraulisk\u0101 darb\u012bba:<\/strong> Izmanto hidraulisk\u0101 \u0161\u0137idruma spiedienu vienm\u0113r\u012bgai izstiep\u0161anai un ievilk\u0161anai, nodro\u0161inot \u0101tru rea\u0123\u0113\u0161anu uz darb\u012bbas komand\u0101m un jaud\u012bgu stum\u0161anas un vilk\u0161anas sp\u0113ku, kas ir piem\u0113rots smagu kravu apstr\u0101dei un sare\u017e\u0123\u012btu uzdevumu veik\u0161anai.<\/li>\n<li><strong>Da\u017e\u0101di veidi:<\/strong> Pieejami ar vienas darb\u012bbas (darbojas vien\u0101 virzien\u0101) vai divk\u0101r\u0161as darb\u012bbas (darbojas abos virzienos) cilindriem, lai apmierin\u0101tu da\u017e\u0101das ekspluat\u0101cijas vajadz\u012bbas. Da\u017ei mode\u013ci ir teleskopiski, kas \u013cauj tos pagarin\u0101t, nepalielinot \u0101r\u0113jos izm\u0113rus, kas ir ide\u0101li piem\u0113roti lieto\u0161anai ierobe\u017eot\u0101 telp\u0101.<\/li>\n<\/ul>\n<p>M\u0113s varam ra\u017eot \u0161o produktu, un m\u016bsu produkti var lieliski aizst\u0101t \u0161os hidrauliskos cilindrus.<\/p>\n<p><img decoding=\"async\" src=\"https:\/\/www.hydraulic-cylinders.net\/wp-content\/uploads\/2025\/04\/songte-cylinder-head-with-all-kinds-excavator-models.webp\" alt=\"Hidraulisk\u0101 cilindra nomai\u0146a\" \/><\/p>\n<h2>Str\u0113les cilindra pielietojumi<\/h2>\n<h3>Celtniec\u012bbas apr\u012bkojums<\/h3>\n<p>Ekskavatoros str\u0113les cilindri ir nepiecie\u0161ami augsnes vai gru\u017eu rak\u0161anai, iekrau\u0161anai un p\u0101rvieto\u0161anai. Tie nodro\u0161ina nepiecie\u0161amo sp\u0113ku efekt\u012bvai rak\u0161anai un ir neat\u0146emama ma\u0161\u012bnas kop\u0113j\u0101s veiktsp\u0113jas sast\u0101vda\u013ca. Ekskavatoros-iekr\u0101v\u0113jos str\u0113les cilindrs pal\u012bdz gan rak\u0161an\u0101, gan cel\u0161an\u0101, padarot to par daudzpus\u012bgu instrumentu b\u016bvlaukumos.<\/p>\n<h3>Lauksaimniec\u012bbas tehnika<\/h3>\n<p>Front\u0101lajos iekr\u0101v\u0113jos izmantotais str\u0113les cilindrs atvieglo augsnes, siena un citu materi\u0101lu sav\u0101k\u0161anu, cel\u0161anu un transport\u0113\u0161anu. \u0160\u012b funkcionalit\u0101te ir vit\u0101li svar\u012bga lauksaimniec\u012bbas darbos, \u013caujot lauksaimniekiem efekt\u012bvi r\u012bkoties ar materi\u0101liem un uzlabot produktivit\u0101ti.<\/p>\n<h3>Ekskavatori<\/h3>\n<p>Str\u0113les cilindrs uzlabo rak\u0161anas darb\u012bbu, \u013caujot kausam iek\u013c\u016bt zem\u0113. \u0160\u012b sp\u0113ja ir \u013coti svar\u012bga efekt\u012bv\u0101m rak\u0161anas oper\u0101cij\u0101m un veicina ekskavatora kop\u0113jo efektivit\u0101ti da\u017e\u0101dos augsnes apst\u0101k\u013cos.<\/p>\n<h3>Iekr\u0101v\u0113ji<\/h3>\n<p>Front\u0101lajos iekr\u0101v\u0113jos str\u0113les cilindri pal\u012bdz pacelt un izkraut materi\u0101lus, nodro\u0161inot efekt\u012bvu kravu p\u0101rvieto\u0161anu. To uzticam\u012bba un iztur\u012bba ir atsl\u0113ga veiksm\u012bg\u0101m iekrau\u0161anas oper\u0101cij\u0101m b\u016bvniec\u012bb\u0101 un r\u016bpniec\u012bb\u0101.<\/p>\n<h2>Dizaina apsv\u0113rumi un atlases krit\u0113riji<\/h2>\n<h3>Kravnes\u012bba<\/h3>\n<p>Str\u0113les cilindra kravnes\u012bba ir galvenais projekt\u0113\u0161anas apsv\u0113rums. Tam j\u0101sp\u0113j iztur\u0113t maksim\u0101lo svaru, kas tiks piem\u0113rots ekspluat\u0101cijas laik\u0101. Tas ietver r\u016bp\u012bgus apr\u0113\u0137inus, pamatojoties uz tehnikas ekspluat\u0101cijas pras\u012bb\u0101m un slod\u017eu veidiem, ar kuriem t\u0101 saskarsies.<\/p>\n<h3>Bl\u012bv\u0113\u0161ana<\/h3>\n<p>Pareiza bl\u012bv\u0113\u0161ana ir \u013coti svar\u012bga, lai nov\u0113rstu hidraulisk\u0101 \u0161\u0137idruma nopl\u016bdes, kas var samazin\u0101t efektivit\u0101ti un izrais\u012bt iesp\u0113jamus boj\u0101jumus. Augstas kvalit\u0101tes bl\u012bv\u0113jumi, tostarp virzu\u013ca bl\u012bv\u0113jumi un stie\u0146a bl\u012bv\u0113jumi, ir b\u016btiski sist\u0113mas integrit\u0101tes uztur\u0113\u0161anai. Izv\u0113loties bl\u012bv\u0113jumus, kas izgatavoti no iztur\u012bgiem materi\u0101liem, piem\u0113ram, poliuret\u0101na vai nitrila gumijas, tiek nodro\u0161in\u0101ta ilgsto\u0161a darb\u012bba.<\/p>\n<h3>Iztur\u012bba<\/h3>\n<p>Iztur\u012bba ir vit\u0101li svar\u012bga hidrauliskajiem cilindriem, kas darbojas sare\u017e\u0123\u012btos apst\u0101k\u013cos. Materi\u0101lu izv\u0113lei, projekt\u0113\u0161anai un apdares procesiem ir j\u0101veicina produkta ilgm\u016b\u017e\u012bba. Labi projekt\u0113tam cilindram j\u0101iztur past\u0101v\u012bgs nodilums, darbojoties da\u017e\u0101dos apst\u0101k\u013cos.<\/p>\n<h3>Dro\u0161\u012bba<\/h3>\n<p>Hidrauliskaj\u0101 konstrukcij\u0101 \u0101rk\u0101rt\u012bgi svar\u012bgas ir dro\u0161\u012bbas funkcijas. T\u0101s ietver ieb\u016bv\u0113tus dro\u0161\u012bbas meh\u0101nismus, kas nov\u0113r\u0161 p\u0101rslodzi, un hidraulisk\u0101s spiediena atbr\u012bvo\u0161anas sist\u0113mas, kas nodro\u0161ina dro\u0161u darb\u012bbu jebkuros apst\u0101k\u013cos. J\u0101\u0146em v\u0113r\u0101 ar\u012b tas, k\u0101 cilindrs darbosies \u0101rk\u0101rtas situ\u0101cij\u0101s.<\/p>\n<h3>Uzturam\u012bba<\/h3>\n<p>Apkopes vienk\u0101r\u0161\u012bba ir b\u016btisks faktors projekt\u0113\u0161an\u0101. Hidrauliskajiem cilindriem j\u0101b\u016bt konstru\u0113tiem t\u0101, lai tiem b\u016btu viegli piek\u013c\u016bt galvenaj\u0101m sast\u0101vda\u013c\u0101m, \u013caujot veikt regul\u0101ras p\u0101rbaudes un nomai\u0146u. Tas nodro\u0161ina, ka apkopi var veikt \u0101tri un efekt\u012bvi, samazinot d\u012bkst\u0101ves laiku.<\/p>\n<p><img decoding=\"async\" src=\"https:\/\/www.hydraulic-cylinders.net\/wp-content\/uploads\/2025\/04\/songte-oil-pipes-and-spare-parts.webp\" alt=\"Hidraulisko cilindru rezerves da\u013cas\" \/><\/p>\n<h2>Bl\u012bv\u0113\u0161ana un e\u013c\u013co\u0161ana<\/h2>\n<p>Pareizai bl\u012bv\u0113\u0161anai un e\u013c\u013co\u0161anai ir iz\u0161\u0137iro\u0161a noz\u012bme hidraulisko cilindru funkcionalit\u0101t\u0113 un ilgm\u016b\u017e\u012bb\u0101. Lai nov\u0113rstu nopl\u016bdes un uztur\u0113tu spiedienu, tiek izmantoti da\u017e\u0101di bl\u012bv\u0113jumi, piem\u0113ram, virzu\u013ca bl\u012bvsl\u0113gi \u200b\u200bun stie\u0146a bl\u012bvsl\u0113gi. Materi\u0101li, piem\u0113ram, poliuret\u0101ns un nitrilgumija, ir v\u0113lami to nodilumiztur\u012bbas un ilgm\u016b\u017e\u012bbas d\u0113\u013c.<\/p>\n<p>Cilindra korpusam un v\u012bt\u0146otaj\u0101m gala virsm\u0101m nepiecie\u0161ama smalka apstr\u0101de, lai uzlabotu nodilumiztur\u012bbu. Regul\u0101ra hidraulisk\u0101s e\u013c\u013cas papildin\u0101\u0161ana ir b\u016btiska e\u013c\u013co\u0161anai, nodro\u0161inot vienm\u0113r\u012bgu darb\u012bbu un nov\u0113r\u0161ot berzes rad\u012btus boj\u0101jumus.<\/p>\n<h2>Regul\u0101ra p\u0101rbaude un profilaktisk\u0101 apkope<\/h2>\n<ul>\n<li><strong>Regul\u0101ras p\u0101rbaudes:<\/strong> Veiciet regul\u0101ras p\u0101rbaudes, lai laikus noteiktu nodilumu vai boj\u0101jumus. \u0160\u012b proakt\u012bv\u0101 pieeja pal\u012bdz nov\u0113rst nopietnas probl\u0113mas, pirms t\u0101s saasin\u0101s.<\/li>\n<li><strong>Pareiza e\u013c\u013co\u0161ana:<\/strong> P\u0101rliecinieties, vai cilindrs ir atbilsto\u0161i iee\u013c\u013cots saska\u0146\u0101 ar ra\u017eot\u0101ja specifik\u0101cij\u0101m. Nepietiekama e\u013c\u013co\u0161ana var izrais\u012bt p\u0101rkar\u0161anu un priek\u0161laic\u012bgu nodilumu.<\/li>\n<li><strong>Bl\u012bv\u0113juma nomai\u0146a:<\/strong> Uzraugiet bl\u012bves, vai nav nodiluma paz\u012bmju, un nomainiet t\u0101s p\u0113c nepiecie\u0161am\u012bbas, lai uztur\u0113tu optim\u0101lu veiktsp\u0113ju. Boj\u0101tas bl\u012bves var izrais\u012bt nopl\u016bdes un samazin\u0101tu efektivit\u0101ti.<\/li>\n<\/ul>\n<h2>Uzst\u0101d\u012b\u0161anas vadl\u012bnijas<\/h2>\n<p>Pareiza uzst\u0101d\u012b\u0161ana ir \u013coti svar\u012bga str\u0113les cilindra efekt\u012bvai darb\u012bbai. Iev\u0113rojiet \u0161\u012bs vadl\u012bnijas:<\/p>\n<ul>\n<li>Lai darb\u012bbas laik\u0101 nov\u0113rstu p\u0101rm\u0113r\u012bgu spriegumu, nodro\u0161iniet cilindra pareizu izl\u012bdzin\u0101\u0161anu ar mont\u0101\u017eas kron\u0161teiniem.<\/li>\n<li>Izmantojiet atbilsto\u0161us mont\u0101\u017eas kron\u0161teinus, lai stingri nostiprin\u0101tu cilindru viet\u0101, nodro\u0161inot, ka tas var iztur\u0113t ekspluat\u0101cijas sp\u0113kus.<\/li>\n<li>Lai nodro\u0161in\u0101tu optim\u0101lu veiktsp\u0113ju, iev\u0113rojiet ra\u017eot\u0101ja ieteikumus par hidraulisk\u0101 \u0161\u0137idruma veidu un daudzumu.<\/li>\n<li>P\u0113c uzst\u0101d\u012b\u0161anas p\u0101rbaudiet, vai nav nopl\u016b\u017eu, un veiciet nepiecie\u0161amos piel\u0101gojumus, lai nodro\u0161in\u0101tu pareizu darb\u012bbu.<\/li>\n<\/ul>\n<h2>Apkopes uzdevumi<\/h2>\n<h3>Regul\u0101ras p\u0101rbaudes<\/h3>\n<p>Regul\u0101ras p\u0101rbaudes \u013cauj atkl\u0101t potenci\u0101las probl\u0113mas, pirms t\u0101s noved pie k\u013c\u016bmes. P\u0101rbaudiet nopl\u016bdes, nodilumu un pareizu darb\u012bbu. Dro\u0161\u012bbas un efektivit\u0101tes nodro\u0161in\u0101\u0161anai ir svar\u012bgi ar\u012b nodro\u0161in\u0101t, lai visi savienojumi b\u016btu cie\u0161i un dro\u0161i.<\/p>\n<h3>Pareiza e\u013c\u013co\u0161ana<\/h3>\n<p>Pareizas e\u013c\u013co\u0161anas uztur\u0113\u0161ana ir \u013coti svar\u012bga, lai samazin\u0101tu berzi un pagarin\u0101tu cilindra kalpo\u0161anas laiku. Izmantojiet augstas kvalit\u0101tes hidraulisko e\u013c\u013cu, k\u0101 ieteicis ra\u017eot\u0101js, un izveidojiet regul\u0101ru e\u013c\u013co\u0161anas grafiku, lai cilindrs darbotos optim\u0101li.<\/p>\n<h3>Bl\u012bv\u0113juma nomai\u0146a<\/h3>\n<p>Bl\u012bves periodiski j\u0101nomaina k\u0101 da\u013ca no regul\u0101ras apkopes. P\u0101rbaudiet, vai bl\u012bv\u0113m nav nodiluma paz\u012bmju, piem\u0113ram, plaisu vai nodiluma, un nekav\u0113joties nomainiet t\u0101s, lai nov\u0113rstu nopl\u016bdes un uztur\u0113tu spiedienu sist\u0113m\u0101.<\/p>\n<p><img decoding=\"async\" src=\"https:\/\/www.hydraulic-cylinders.net\/wp-content\/uploads\/2025\/04\/songte-chushion-collar.webp\" alt=\"Spilvenu apkakle\" \/><\/p>\n<h2>Dro\u0161\u012bbas apsv\u0113rumi un vides faktori<\/h2>\n<p>Izmantojot str\u0113les cilindrus, dro\u0161\u012bbas pas\u0101kumi ir \u0101rk\u0101rt\u012bgi svar\u012bgi. Operatoriem j\u0101b\u016bt apm\u0101c\u012btiem dro\u0161as lieto\u0161anas praks\u0113 un j\u0101saprot hidraulisk\u0101s sist\u0113mas darb\u012bba. Regul\u0101ri j\u0101veic dro\u0161\u012bbas p\u0101rbaudes, lai nodro\u0161in\u0101tu, ka visas sast\u0101vda\u013cas darbojas pareizi. Turkl\u0101t ir svar\u012bgi iev\u0113rot vides noteikumus, jo nepareiza hidraulisko \u0161\u0137idrumu utiliz\u0101cija var kait\u0113t ekosist\u0113m\u0101m.<\/p>\n<h2>K\u013c\u016bmju diagnostika un bie\u017e\u0101k sastopam\u0101s probl\u0113mas<\/h2>\n<ul>\n<li><strong>Nopl\u016bde:<\/strong> Nopl\u016bde bie\u017ei liecina par nodilu\u0161iem bl\u012bv\u0113jumiem vai cilindra boj\u0101jumiem. Regul\u0101ras p\u0101rbaudes var pal\u012bdz\u0113t noteikt \u0161o probl\u0113mu agr\u012bn\u0101 stadij\u0101.<\/li>\n<li><strong>Samazin\u0101ta veiktsp\u0113ja:<\/strong> Ja cilindrs nedarbojas vienm\u0113r\u012bgi, tas var b\u016bt j\u0101iee\u013c\u013co vai j\u0101nomaina bl\u012bve. Tas var ietekm\u0113t kop\u0113jo iek\u0101rtas efektivit\u0101ti.<\/li>\n<li><strong>P\u0101rkar\u0161ana:<\/strong> P\u0101rkar\u0161ana var liecin\u0101t par nepietiekamu e\u013c\u013co\u0161anu vai p\u0101rm\u0113r\u012bgu slodzi. Ir \u013coti svar\u012bgi nodro\u0161in\u0101t pareizu e\u013c\u013co\u0161anu un slodzes ierobe\u017eojumu iev\u0113ro\u0161anu.<\/li>\n<\/ul>\n<h2>Probl\u0113mu nov\u0113r\u0161anas padomi<\/h2>\n<p>Lai efekt\u012bvi diagnostic\u0113tu un nov\u0113rstu probl\u0113mas, iev\u0113rojiet \u0161os probl\u0113mu nov\u0113r\u0161anas padomus:<\/p>\n<ul>\n<li>P\u0101rbaudiet visus hidraulisk\u0101 \u0161\u0137idruma l\u012bme\u0146us un p\u0101rliecinieties, ka tie ir ieteicamaj\u0101 diapazon\u0101.<\/li>\n<li>P\u0101rbaudiet bl\u012bves un \u0161\u013c\u016btenes, vai nav nodiluma vai boj\u0101jumu paz\u012bmju, un nomainiet t\u0101s, ja nepiecie\u0161ams.<\/li>\n<li>Uzraugiet cilindra darba temperat\u016bru; ja notiek p\u0101rkar\u0161ana, samaziniet slodzi un p\u0101rbaudiet e\u013c\u013co\u0161anas l\u012bmeni.<\/li>\n<\/ul>\n<p><img decoding=\"async\" src=\"https:\/\/www.hydraulic-cylinders.net\/wp-content\/uploads\/2025\/04\/songte-bushings-with-all-kinds-of-excavator-models.webp\" alt=\"Ekskavatora bukses\" \/><\/p>\n<h2>Par m\u016bsu uz\u0146\u0113mumu<\/h2>\n<p>M\u0113s esam vado\u0161ais hidraulisko cilindru ra\u017eot\u0101js un vairumtirgot\u0101js, kas paz\u012bstams ar pla\u0161u produktu kl\u0101stu. M\u016bsu uz\u0146\u0113mums stingri iev\u0113ro izcil\u012bbu kvalit\u0101t\u0113 un iev\u0113ro industrializ\u0113tu ra\u017eo\u0161anas vad\u012bbas strat\u0113\u0123iju, kas uzsver prec\u012bzus ra\u017eo\u0161anas procesus.<\/p>\n<p>M\u0113s past\u0101v\u012bgi uzlabojam savu ra\u017eo\u0161anas platformu, izmantojot kvalific\u0113tus tehni\u0137us, modernu digit\u0101lo ra\u017eo\u0161anas apr\u012bkojumu un profesion\u0101las test\u0113\u0161anas sist\u0113mas. M\u016bsu ap\u0146em\u0161an\u0101s nodro\u0161in\u0101t augstu efektivit\u0101ti, precizit\u0101ti un kvalit\u0101ti \u013cauj mums efekt\u012bvi apmierin\u0101t da\u017e\u0101das klientu vajadz\u012bbas.<\/p>\n<p><img decoding=\"async\" src=\"https:\/\/www.hydraulic-cylinders.net\/wp-content\/uploads\/2025\/04\/songte-company-4.webp\" alt=\"Uz\u0146\u0113muma ra\u017eo\u0161ana\" \/><br \/>\n<img decoding=\"async\" src=\"https:\/\/www.hydraulic-cylinders.net\/wp-content\/uploads\/2025\/04\/songte-company-3.webp\" alt=\"Uz\u0146\u0113muma apr\u012bkojums\" \/><\/p>\n<p>Autors: lil<\/p>","protected":false},"excerpt":{"rendered":"<p>Boom Cylinder For Yanmar SV017 Understanding the Boom Cylinder The Boom Cylinder is a crucial component in the hydraulic systems used in heavy machinery, particularly those operated by Yanmar SV017 excavators. This hydraulic cylinder is designed specifically to control the movement of the boom, which is an essential part of the machine that allows it [&hellip;]<\/p>","protected":false},"featured_media":17876,"comment_status":"open","ping_status":"closed","template":"","meta":{"_et_pb_use_builder":"","_et_pb_old_content":"","_et_gb_content_width":""},"product_brand":[],"product_cat":[1546],"product_tag":[1547,1496],"class_list":{"0":"post-19553","1":"product","2":"type-product","3":"status-publish","4":"has-post-thumbnail","6":"product_cat-boom-cylinders","7":"product_tag-boom-cylinders","8":"product_tag-hydraulic-cylinders","10":"first","11":"instock","12":"shipping-taxable","13":"product-type-simple"},"amp_enabled":true,"_links":{"self":[{"href":"https:\/\/www.hydraulic-cylinders.net\/lv\/wp-json\/wp\/v2\/product\/19553","targetHints":{"allow":["GET"]}}],"collection":[{"href":"https:\/\/www.hydraulic-cylinders.net\/lv\/wp-json\/wp\/v2\/product"}],"about":[{"href":"https:\/\/www.hydraulic-cylinders.net\/lv\/wp-json\/wp\/v2\/types\/product"}],"replies":[{"embeddable":true,"href":"https:\/\/www.hydraulic-cylinders.net\/lv\/wp-json\/wp\/v2\/comments?post=19553"}],"wp:featuredmedia":[{"embeddable":true,"href":"https:\/\/www.hydraulic-cylinders.net\/lv\/wp-json\/wp\/v2\/media\/17876"}],"wp:attachment":[{"href":"https:\/\/www.hydraulic-cylinders.net\/lv\/wp-json\/wp\/v2\/media?parent=19553"}],"wp:term":[{"taxonomy":"product_brand","embeddable":true,"href":"https:\/\/www.hydraulic-cylinders.net\/lv\/wp-json\/wp\/v2\/product_brand?post=19553"},{"taxonomy":"product_cat","embeddable":true,"href":"https:\/\/www.hydraulic-cylinders.net\/lv\/wp-json\/wp\/v2\/product_cat?post=19553"},{"taxonomy":"product_tag","embeddable":true,"href":"https:\/\/www.hydraulic-cylinders.net\/lv\/wp-json\/wp\/v2\/product_tag?post=19553"}],"curies":[{"name":"wp","href":"https:\/\/api.w.org\/{rel}","templated":true}]}}