{"id":19554,"date":"2025-04-07T06:54:13","date_gmt":"2025-04-07T06:54:13","guid":{"rendered":"https:\/\/www.hydraulic-cylinders.net\/product\/boom-cylinder-for-yanmar-sv08-1a\/"},"modified":"2025-04-07T06:54:16","modified_gmt":"2025-04-07T06:54:16","slug":"boom-cylinder-for-yanmar-sv08-1a","status":"publish","type":"product","link":"https:\/\/www.hydraulic-cylinders.net\/lv\/products\/boom-cylinder-for-yanmar-sv08-1a\/","title":{"rendered":"Str\u0113les cilindrs Yanmar SV08-1A"},"content":{"rendered":"<h1>Str\u0113les cilindrs Yanmar SV08-1A<\/h1>\n<h2>Produkta p\u0101rskats<\/h2>\n<p>Yanmar SV08-1A str\u0113les cilindrs ir specializ\u0113ts hidrauliskais cilindrs, kas paredz\u0113ts ma\u0161\u012bnu str\u0113les da\u013cas kust\u012bbas vad\u012bbai, \u012bpa\u0161i ekskavatoros un cit\u0101 smagaj\u0101 apr\u012bkojum\u0101. \u0160is hidrauliskais cilindrs ir \u013coti svar\u012bgs da\u017e\u0101d\u0101m darb\u012bb\u0101m, \u013caujot pacelt, nolaist un noliekt str\u0113li, kas uzlabo materi\u0101lu apstr\u0101des uzdevumus.<\/p>\n<p><img decoding=\"async\" src=\"https:\/\/www.hydraulic-cylinders.net\/wp-content\/uploads\/2025\/04\/songte-company-1.webp\" alt=\"Str\u0113les cilindra att\u0113ls\"><\/p>\n<h3>Kausa cilindra defin\u012bcija<\/h3>\n<p>Kausa cilindrs ir hidraulisk\u0101 cilindra veids, kas \u012bpa\u0161i konstru\u0113ts, lai p\u0101rvald\u012btu kausu kust\u012bbu smagaj\u0101s ma\u0161\u012bn\u0101s, piem\u0113ram, ekskavatoros, ekskavatoros un front\u0101lajos iekr\u0101v\u0113jos. T\u0101 galven\u0101 funkcija ir atvieglot cel\u0161anas, nolai\u0161anas un noliek\u0161anas kust\u012bbas, kas ir b\u016btiskas efekt\u012bvai materi\u0101lu iekrau\u0161anai un transport\u0113\u0161anai. \u0160iem cilindriem ir b\u016btiska loma hidrauliskaj\u0101s sist\u0113m\u0101s, kur tie izmanto hidraulisk\u0101 \u0161\u0137idruma spiedienu, lai rad\u012btu nepiecie\u0161amo sp\u0113ku smagu cel\u0161anas uzdevumu veik\u0161anai.<\/p>\n<h2>Str\u0113les cilindra \u012bpa\u0161\u012bbas<\/h2>\n<ul>\n<li><strong>Augsta iztur\u012bba un ilgm\u016b\u017e\u012bba:<\/strong> \u0160ie cilindri ir izgatavoti no augstas stipr\u012bbas t\u0113rauda vai alum\u012bnija, un tie ir konstru\u0113ti t\u0101, lai iztur\u0113tu augstu spiedienu un lielas slodzes, padarot tos piem\u0113rotus skarbajiem darba apst\u0101k\u013ciem.<\/li>\n<li><strong>Efekt\u012bva hidraulisk\u0101 darb\u012bba:<\/strong> Cilindrs darbojas vienm\u0113r\u012bgi, pateicoties hidraulisk\u0101s e\u013c\u013cas spiedienam, \u013caujot \u0101tri rea\u0123\u0113t uz vad\u012bbas komand\u0101m, vienlaikus nodro\u0161inot jaud\u012bgas stum\u0161anas un vilk\u0161anas sp\u0113jas, kas ir ide\u0101li piem\u0113rotas smagu un sare\u017e\u0123\u012btu uzdevumu veik\u0161anai.<\/li>\n<li><strong>Veidu da\u017e\u0101d\u012bba:<\/strong> Pieejams vienk\u0101r\u0161\u0101s darb\u012bbas (darbojas vien\u0101 virzien\u0101) un divk\u0101r\u0161\u0101s darb\u012bbas (darbojas abos virzienos) konfigur\u0101cij\u0101s, un da\u017ei teleskopiskie mode\u013ci pied\u0101v\u0101 liel\u0101ku pagarin\u0101jumu, nepalielinot \u0101r\u0113jos izm\u0113rus, kas ir ide\u0101li piem\u0113rots lietojumiem ar ierobe\u017eotu vietu.<\/li>\n<li><strong>Piel\u0101gota ra\u017eo\u0161ana:<\/strong> M\u016bsu produkti var lieliski aizst\u0101t \u0161os hidrauliskos cilindrus, nodro\u0161inot sader\u012bbu un veiktsp\u0113ju j\u016bsu iek\u0101rt\u0101s.<\/li>\n<\/ul>\n<p><img decoding=\"async\" src=\"https:\/\/www.hydraulic-cylinders.net\/wp-content\/uploads\/2025\/04\/songte-cylinder-head-with-all-kinds-excavator-models.webp\" alt=\"Cilindra nomai\u0146as att\u0113ls\"><\/p>\n<h2>Str\u0113les cilindra pielietojumi<\/h2>\n<h3>Celtniec\u012bbas apr\u012bkojums<\/h3>\n<p>Ekskavatoros str\u0113les cilindrs ir neat\u0146emama sast\u0101vda\u013ca augsnes vai gru\u017eu rak\u0161anai, iekrau\u0161anai un p\u0101rvieto\u0161anai. T\u0101 konstrukcija nodro\u0161ina prec\u012bzu vad\u012bbu, \u013caujot operatoriem efekt\u012bvi un dro\u0161i veikt uzdevumus. Ekskavatoros-iekr\u0101v\u0113jos str\u0113les cilindrs uzlabo gan rak\u0161anas iesp\u0113jas, gan cel\u0161anas funkcijas, padarot to par daudzpus\u012bgu instrumentu b\u016bvlaukumos.<\/p>\n<h3>Lauksaimniec\u012bbas tehnika<\/h3>\n<p>Front\u0101lo iekr\u0101v\u0113ju str\u0113les cilindri ir nepiecie\u0161ami augsnes, siena un citu materi\u0101lu sav\u0101k\u0161anai, cel\u0161anai un transport\u0113\u0161anai. Tie vienk\u0101r\u0161o lauksaimniec\u012bbas darb\u012bbas, nodro\u0161inot \u0101tru iekrau\u0161anu un izkrau\u0161anu, padarot tos neaizst\u0101jamus lauksaimniec\u012bbas darb\u012bb\u0101s.<\/p>\n<h3>Ekskavatori<\/h3>\n<p>Ekskavatoru str\u0113les cilindrs atvieglo rak\u0161anas darb\u012bbas, \u013caujot kausam efekt\u012bvi iek\u013c\u016bt augsn\u0113. T\u0101 iztur\u012bg\u0101 konstrukcija nodro\u0161ina, ka tas sp\u0113j iztur\u0113t rak\u0161anas darb\u012bbu rad\u012bto slodzi, t\u0101d\u0113j\u0101di uzlabojot jebkura rak\u0161anas projekta produktivit\u0101ti.<\/p>\n<h3>Iekr\u0101v\u0113ji<\/h3>\n<p>Front\u0101lajos iekr\u0101v\u0113jos str\u0113les cilindri pal\u012bdz efekt\u012bvi pacelt un izg\u0101zt kravas. To sp\u0113ja dro\u0161i un efekt\u012bvi p\u0101rvald\u012bt smagus svarus padara tos par b\u016btisku sast\u0101vda\u013cu materi\u0101lu apstr\u0101des oper\u0101cij\u0101s.<\/p>\n<h2>Dizaina apsv\u0113rumi un atlases krit\u0113riji<\/h2>\n<h3>Kravnes\u012bba<\/h3>\n<p>Str\u0113les cilindra kravnes\u012bba ir b\u016btiska, lai nodro\u0161in\u0101tu, ka tas var iztur\u0113t paredz\u0113to svaru bez boj\u0101juma riska. Cilindra izv\u0113le ar atbilsto\u0161u kravnes\u012bbas nov\u0113rt\u0113jumu ir \u013coti svar\u012bga, lai darb\u012bbas laik\u0101 saglab\u0101tu dro\u0161\u012bbu un efektivit\u0101ti. Tas ietver apstr\u0101d\u0101jamo materi\u0101lu svara nov\u0113rt\u0113\u0161anu un darba apst\u0101k\u013cu izpratni.<\/p>\n<h3>Bl\u012bv\u0113\u0161anas meh\u0101nismi<\/h3>\n<p>Bl\u012bv\u0113jums ir vit\u0101li svar\u012bgs, lai nov\u0113rstu hidraulisk\u0101 \u0161\u0137idruma nopl\u016bdes un uztur\u0113tu sist\u0113mas spiedienu. Augstas kvalit\u0101tes bl\u012bv\u0113\u0161anas sist\u0113ma, kas izgatavota no t\u0101diem materi\u0101liem k\u0101 poliuret\u0101ns vai nitrilgumija, var nodro\u0161in\u0101t ilgm\u016b\u017e\u012bbu un veiktsp\u0113ju. Pareiza bl\u012bv\u0113\u0161ana pal\u012bdz uztur\u0113t hidraulisko darb\u012bbu efektivit\u0101ti, samazinot apkopes izmaksas un d\u012bkst\u0101ves laiku.<\/p>\n<h3>Iztur\u012bba<\/h3>\n<p>Iztur\u012bba ir galvenais faktors, jo str\u0113les cilindrs darbojas ekstrem\u0101los apst\u0101k\u013cos. Tam j\u0101b\u016bt konstru\u0113tam t\u0101, lai tas b\u016btu iztur\u012bgs pret nodilumu un koroziju, nodro\u0161inot, ka tas var iztur\u0113t atk\u0101rtotus smagas slodzes uzdevumus bez degrad\u0101cijas. Deta\u013cu uzman\u012bba materi\u0101lu izv\u0113l\u0113 un ra\u017eo\u0161anas procesos iev\u0113rojami ietekm\u0113 cilindra kop\u0113jo kalpo\u0161anas laiku.<\/p>\n<h3>Dro\u0161\u012bbas funkcijas<\/h3>\n<p>Hidraulisko cilindru konstrukcij\u0101 ir svar\u012bgi iek\u013caut dro\u0161\u012bbas elementus. Tas ietver p\u0101rslodzes aizsardz\u012bbas sist\u0113mas, kas ne\u013cauj cilindram darboties \u0101rpus t\u0101 robe\u017e\u0101m, k\u0101 ar\u012b dro\u0161\u012bbas v\u0101rstus, kas darb\u012bbas trauc\u0113jumu gad\u012bjum\u0101 var atbr\u012bvot spiedienu. \u0160\u012bs funkcijas ir \u013coti svar\u012bgas, lai nodro\u0161in\u0101tu operatora dro\u0161\u012bbu un nov\u0113rstu iek\u0101rtu boj\u0101jumus.<\/p>\n<h3>Apkopes apsv\u0113rumi<\/h3>\n<p>V\u0113l viens svar\u012bgs konstrukcijas apsv\u0113rums ir viegla apkope. Labi izstr\u0101d\u0101tam str\u0113les cilindram j\u0101nodro\u0161ina \u0113rta piek\u013cuve vis\u0101m sast\u0101vda\u013c\u0101m p\u0101rbaudei un remontam. Regul\u0101ras apkopes p\u0101rbaudes var pal\u012bdz\u0113t identific\u0113t potenci\u0101l\u0101s probl\u0113mas, pirms t\u0101s k\u013c\u016bst par nopietn\u0101m probl\u0113m\u0101m, nodro\u0161inot uzticamu darb\u012bbu laika gait\u0101.<\/p>\n<p><img decoding=\"async\" src=\"https:\/\/www.hydraulic-cylinders.net\/wp-content\/uploads\/2025\/04\/songte-oil-pipes-and-spare-parts.webp\" alt=\"E\u013c\u013cas caurules un rezerves da\u013cu att\u0113ls\"><\/p>\n<h2>Bl\u012bv\u0113\u0161ana un e\u013c\u013co\u0161ana<\/h2>\n<p>Hidraulisk\u0101s sist\u0113mas efektivit\u0101te liel\u0101 m\u0113r\u0101 ir atkar\u012bga no t\u0101s bl\u012bv\u0113juma un e\u013c\u013co\u0161anas. Lai nodro\u0161in\u0101tu, ka hidrauliskais \u0161\u0137idrums nenopl\u016bst, tiek izmantoti da\u017e\u0101di bl\u012bv\u0113jumi, piem\u0113ram, virzu\u013ca bl\u012bv\u0113jumi un stie\u0146a bl\u012bv\u0113jumi. Iztur\u012bgu materi\u0101lu, piem\u0113ram, poliuret\u0101na, izv\u0113le bl\u012bv\u0113m pal\u012bdz uzlabot nodilumiztur\u012bbu. Cilindra korpuss un v\u012bt\u0146otie gali ir j\u0101apstr\u0101d\u0101 prec\u012bzi, lai uzlabotu iztur\u012bbu. Lai uztur\u0113tu veiktsp\u0113ju un nov\u0113rstu kust\u012bgo da\u013cu nodilumu, ir nepiecie\u0161ams regul\u0101ri pievienot atbilsto\u0161u hidraulisk\u0101 \u0161\u0137idruma daudzumu e\u013c\u013co\u0161anai.<\/p>\n<h2>Regul\u0101ra p\u0101rbaude un profilaktisk\u0101 apkope<\/h2>\n<ul>\n<li><strong>Rut\u012bnas p\u0101rbaudes:<\/strong> Regul\u0101ru p\u0101rbau\u017eu veik\u0161ana pal\u012bdz laikus noteikt nodilumu. Mekl\u0113jiet nopl\u016bdes paz\u012bmes un p\u0101rbaudiet balona visp\u0101r\u0113jo integrit\u0101ti.<\/li>\n<li><strong>Pareiza e\u013c\u013co\u0161ana:<\/strong> Regul\u0101ri iee\u013c\u013cojiet cilindru, lai nodro\u0161in\u0101tu vienm\u0113r\u012bgu darb\u012bbu un nov\u0113rstu berzes izrais\u012btu nodilumu.<\/li>\n<li><strong>Bl\u012bv\u0113juma nomai\u0146a:<\/strong> Nomainiet bl\u012bves, ja ir redzamas boj\u0101jumu vai nodiluma paz\u012bmes, lai uztur\u0113tu hidraulisko spiedienu un nov\u0113rstu nopl\u016bdes.<\/li>\n<\/ul>\n<h2>Uzst\u0101d\u012b\u0161anas vadl\u012bnijas<\/h2>\n<p>Pareiza str\u0113les cilindra uzst\u0101d\u012b\u0161ana ir \u013coti svar\u012bga optim\u0101lai veiktsp\u0113jai. P\u0101rliecinieties, vai cilindrs ir pareizi izl\u012bdzin\u0101ts ar stiprin\u0101juma punktiem, lai izvair\u012btos no p\u0101rm\u0113r\u012bgas slodzes uz komponentiem. Izmantojiet atbilsto\u0161us stiprin\u0101juma kron\u0161teinus, lai nostiprin\u0101tu cilindru viet\u0101, nov\u0113r\u0161ot t\u0101 kust\u012bbu darb\u012bbas laik\u0101. Pievelkot skr\u016bves, ir svar\u012bgi iev\u0113rot ra\u017eot\u0101ja specifik\u0101cijas attiec\u012bb\u0101 uz griezes momenta v\u0113rt\u012bb\u0101m, lai nodro\u0161in\u0101tu, ka visas sast\u0101vda\u013cas ir cie\u0161i pievilktas. P\u0113c uzst\u0101d\u012b\u0161anas veiciet r\u016bp\u012bgu p\u0101rbaudi, lai p\u0101rliecin\u0101tos, ka visi savienojumi ir dro\u0161i un hidrauliskaj\u0101 sist\u0113m\u0101 nav nopl\u016b\u017eu.<\/p>\n<h2>Bie\u017ei sastopamie apkopes uzdevumi<\/h2>\n<ul>\n<li><strong>Regul\u0101ras p\u0101rbaudes:<\/strong> Veiciet vizu\u0101las p\u0101rbaudes, lai p\u0101rbaud\u012btu nopl\u016bdes, nodilumu un pareizu darb\u012bbu. \u0160is uzdevums pal\u012bdz identific\u0113t potenci\u0101l\u0101s probl\u0113mas, pirms t\u0101s saasin\u0101s.<\/li>\n<li><strong>Piem\u0113rota e\u013c\u013co\u0161ana:<\/strong> Regul\u0101ra e\u013c\u013co\u0161ana ir \u013coti svar\u012bga, lai uztur\u0113tu cilindra funkcionalit\u0101ti. P\u0101rliecinieties, ka izmantojat ieteicamo hidraulisko e\u013c\u013cu un uztur\u0113jat pareizu l\u012bmeni.<\/li>\n<li><strong>Bl\u012bv\u0113juma nomai\u0146a un kalibr\u0113\u0161ana:<\/strong> Regul\u0101ri p\u0101rbaudiet bl\u012bv\u0113jumu nodilumu un nomainiet tos p\u0113c nepiecie\u0161am\u012bbas. Kalibr\u0113\u0161anas p\u0101rbaudes nodro\u0161ina cilindra prec\u012bzu un efekt\u012bvu darb\u012bbu, nov\u0113r\u0161ot darb\u012bbas probl\u0113mas.<\/li>\n<\/ul>\n<h2>Dro\u0161\u012bbas apsv\u0113rumi un vides faktori<\/h2>\n<p>Izmantojot hidrauliskos cilindrus, dro\u0161\u012bbas pas\u0101kumi ir \u0101rk\u0101rt\u012bgi svar\u012bgi. Operatoriem j\u0101valk\u0101 atbilsto\u0161s aizsargapr\u012bkojums un j\u0101iev\u0113ro dro\u0161\u012bbas protokoli, lai samazin\u0101tu negad\u012bjumu risku. Izv\u0113loties hidrauliskos cilindrus, j\u0101\u0146em v\u0113r\u0101 ar\u012b vides faktori, piem\u0113ram, pak\u013cau\u0161ana ekstrem\u0101l\u0101m temperat\u016br\u0101m vai kod\u012bgiem materi\u0101liem, lai nodro\u0161in\u0101tu, ka tie iztur darba apst\u0101k\u013cus bez boj\u0101jumiem.<\/p>\n<h2>Probl\u0113mu nov\u0113r\u0161ana un bie\u017ei sastopamas probl\u0113mas<\/h2>\n<p>Hidraulisko sist\u0113mu defektu noteik\u0161ana var b\u016bt sare\u017e\u0123\u012bta. Bie\u017ei sastopamas probl\u0113mas ir nopl\u016bdes, l\u0113na darb\u012bba un p\u0101rm\u0113r\u012bgs troksnis. Katru probl\u0113mu bie\u017ei vien var izsekot l\u012bdz bl\u012bv\u0113jumu nodilumam vai nepareizai e\u013c\u013co\u0161anai. Regul\u0101ra apkope var pal\u012bdz\u0113t nov\u0113rst \u0161\u012bs probl\u0113mas, pirms t\u0101s k\u013c\u016bst par nopietn\u0101m probl\u0113m\u0101m.<\/p>\n<h2>Padomi k\u013c\u016bmju nov\u0113r\u0161anai<\/h2>\n<p>Lai efekt\u012bvi diagnostic\u0113tu un nov\u0113rstu probl\u0113mas, vienm\u0113r s\u0101ciet ar r\u016bp\u012bgu hidraulisk\u0101s sist\u0113mas p\u0101rbaudi. Vispirms p\u0101rbaudiet, vai nav nopl\u016b\u017eu, jo t\u0101s bie\u017ei vien ir visvienk\u0101r\u0161\u0101k nov\u0113r\u0161am\u0101 probl\u0113ma. P\u0101rliecinieties, vai visas sast\u0101vda\u013cas ir pien\u0101c\u012bgi iee\u013c\u013cotas un vai bl\u012bves ir lab\u0101 st\u0101vokl\u012b. Prevent\u012bvie pas\u0101kumi, piem\u0113ram, regul\u0101ra apkope un p\u0101rbaudes, var iev\u0113rojami samazin\u0101t nopietnu probl\u0113mu iesp\u0113jam\u012bbu n\u0101kotn\u0113.<\/p>\n<p><img decoding=\"async\" src=\"https:\/\/www.hydraulic-cylinders.net\/wp-content\/uploads\/2025\/04\/songte-bushings-with-all-kinds-of-excavator-models.webp\" alt=\"Bukses att\u0113ls\"><\/p>\n<h2>Uz\u0146\u0113muma p\u0101rskats<\/h2>\n<p>M\u0113s esam vado\u0161ais rezerves hidraulisko cilindru ra\u017eot\u0101js, kas ir atz\u012bts gan viet\u0113j\u0101, gan starptautiskaj\u0101 tirg\u016b. M\u016bsu pla\u0161ais produktu kl\u0101sts ir padar\u012bjis m\u016bs par vienu no vado\u0161ajiem hidraulisko cilindru ra\u017eot\u0101jiem un vairumtirgot\u0101jiem. M\u0113s iev\u0113rojam izcil\u012bbu un izmantojam izsmalcin\u0101tas ra\u017eo\u0161anas strat\u0113\u0123ijas, tostarp augstas klases digit\u0101lo apr\u012bkojumu un specializ\u0113tas test\u0113\u0161anas sist\u0113mas, lai uzlabotu m\u016bsu ra\u017eo\u0161anas iesp\u0113jas. M\u016bsu ap\u0146em\u0161an\u0101s nodro\u0161in\u0101t kvalit\u0101ti atspogu\u013cojas m\u016bsu efekt\u012bvajos, prec\u012bzajos un augstas kvalit\u0101tes ra\u017eo\u0161anas procesos, kas apmierina da\u017e\u0101das klientu vajadz\u012bbas.<\/p>\n<p><img decoding=\"async\" src=\"https:\/\/www.hydraulic-cylinders.net\/wp-content\/uploads\/2025\/04\/songte-company-4.webp\" alt=\"Uz\u0146\u0113muma t\u0113ls\"><br \/>\n<img decoding=\"async\" src=\"https:\/\/www.hydraulic-cylinders.net\/wp-content\/uploads\/2025\/04\/songte-company-3.webp\" alt=\"Uz\u0146\u0113muma t\u0113ls\"><\/p>\n<h2>Secin\u0101jums<\/h2>\n<p>Our expertise in hydraulic cylinder manufacturing ensures that we provide products that meet rigorous quality standards while offering customized solutions tailored to our clients&#8217; needs. With a focus on professional service, international certification, and comprehensive after-sales support, our company stands out as a reliable partner in the hydraulic cylinder industry.<\/p>\n<p>Autors: lil<\/p>","protected":false},"excerpt":{"rendered":"<p>Boom Cylinder For Yanmar SV08-1A Product Overview The Boom Cylinder for Yanmar SV08-1A is a specialized hydraulic cylinder designed to control the movement of the boom section of machinery, particularly in excavators and other heavy equipment. This hydraulic cylinder is crucial for various operations, allowing for lifting, lowering, and tilting of the boom, which enhances [&hellip;]<\/p>","protected":false},"featured_media":17877,"comment_status":"open","ping_status":"closed","template":"","meta":{"_et_pb_use_builder":"","_et_pb_old_content":"","_et_gb_content_width":""},"product_brand":[],"product_cat":[1546],"product_tag":[1547,1496],"class_list":{"0":"post-19554","1":"product","2":"type-product","3":"status-publish","4":"has-post-thumbnail","6":"product_cat-boom-cylinders","7":"product_tag-boom-cylinders","8":"product_tag-hydraulic-cylinders","10":"first","11":"instock","12":"shipping-taxable","13":"product-type-simple"},"amp_enabled":true,"_links":{"self":[{"href":"https:\/\/www.hydraulic-cylinders.net\/lv\/wp-json\/wp\/v2\/product\/19554","targetHints":{"allow":["GET"]}}],"collection":[{"href":"https:\/\/www.hydraulic-cylinders.net\/lv\/wp-json\/wp\/v2\/product"}],"about":[{"href":"https:\/\/www.hydraulic-cylinders.net\/lv\/wp-json\/wp\/v2\/types\/product"}],"replies":[{"embeddable":true,"href":"https:\/\/www.hydraulic-cylinders.net\/lv\/wp-json\/wp\/v2\/comments?post=19554"}],"wp:featuredmedia":[{"embeddable":true,"href":"https:\/\/www.hydraulic-cylinders.net\/lv\/wp-json\/wp\/v2\/media\/17877"}],"wp:attachment":[{"href":"https:\/\/www.hydraulic-cylinders.net\/lv\/wp-json\/wp\/v2\/media?parent=19554"}],"wp:term":[{"taxonomy":"product_brand","embeddable":true,"href":"https:\/\/www.hydraulic-cylinders.net\/lv\/wp-json\/wp\/v2\/product_brand?post=19554"},{"taxonomy":"product_cat","embeddable":true,"href":"https:\/\/www.hydraulic-cylinders.net\/lv\/wp-json\/wp\/v2\/product_cat?post=19554"},{"taxonomy":"product_tag","embeddable":true,"href":"https:\/\/www.hydraulic-cylinders.net\/lv\/wp-json\/wp\/v2\/product_tag?post=19554"}],"curies":[{"name":"wp","href":"https:\/\/api.w.org\/{rel}","templated":true}]}}