{"id":19557,"date":"2025-04-07T06:54:20","date_gmt":"2025-04-07T06:54:20","guid":{"rendered":"https:\/\/www.hydraulic-cylinders.net\/product\/boom-cylinder-for-yanmar-vi55-5b\/"},"modified":"2025-04-07T06:54:23","modified_gmt":"2025-04-07T06:54:23","slug":"boom-cylinder-for-yanmar-vi55-5b","status":"publish","type":"product","link":"https:\/\/www.hydraulic-cylinders.net\/lv\/products\/boom-cylinder-for-yanmar-vi55-5b\/","title":{"rendered":"Str\u0113les cilindrs Yanmar VI55-5B"},"content":{"rendered":"<h1>Str\u0113les cilindrs Yanmar VI55-5B<\/h1>\n<h2>Str\u0113les cilindra izpratne<\/h2>\n<p>Str\u0113les cilindrs ir hidraulisk\u0101 cilindra veids, kas \u012bpa\u0161i paredz\u0113ts, lai kontrol\u0113tu kausu kust\u012bbu da\u017e\u0101d\u0101s smagaj\u0101s ma\u0161\u012bn\u0101s, piem\u0113ram, ekskavatoros, iekr\u0101v\u0113ju ekskavatoros un front\u0101lajos iekr\u0101v\u0113jos. Tam ir iz\u0161\u0137iro\u0161a noz\u012bme kausa pacel\u0161anas, nolai\u0161anas un noliek\u0161anas atvieglo\u0161an\u0101, kas ir b\u016btiski materi\u0101lu apstr\u0101des darbos. Izmantojot hidraulisko spiedienu, str\u0113les cilindrs \u013cauj operatoriem veikt prec\u012bzas kust\u012bbas, kas nepiecie\u0161amas efekt\u012bv\u0101m rak\u0161anas, iekrau\u0161anas un transport\u0113\u0161anas darb\u012bb\u0101m.<\/p>\n<p>K\u0101 hidrauliskais izpildmeh\u0101nisms str\u0113les cilindrs p\u0101rveido hidraulisko ener\u0123iju meh\u0101nisk\u0101 sp\u0113k\u0101, \u013caujot kausam veikt sare\u017e\u0123\u012btas kust\u012bbas. \u0160\u012b funkcionalit\u0101te ir vit\u0101li svar\u012bga b\u016bvniec\u012bb\u0101, lauksaimniec\u012bb\u0101 un cit\u0101s nozar\u0113s, kur\u0101s nepiecie\u0161ama smagu kravu cel\u0161ana un materi\u0101lu apstr\u0101de. Str\u0113les cilindru robust\u0101 konstrukcija un uzticam\u0101 darb\u012bba nodro\u0161ina, ka tie var iztur\u0113t smago ma\u0161\u012bnu sare\u017e\u0123\u012bto vidi, padarot tos neaizst\u0101jamus efekt\u012bvai projektu izpildei.<\/p>\n<p><img decoding=\"async\" src=\"https:\/\/www.hydraulic-cylinders.net\/wp-content\/uploads\/2025\/04\/songte-company-1.webp\" alt=\"Ekskavatoru str\u0113les cilindrs\"><\/p>\n<h2>Str\u0113les cilindra galven\u0101s iez\u012bmes<\/h2>\n<ul>\n<li><strong>Augsta iztur\u012bba un ilgm\u016b\u017e\u012bba:<\/strong> \u0160ie cilindri, kas parasti ir izgatavoti no augstas stipr\u012bbas t\u0113rauda vai alum\u012bnija, var iztur\u0113t augstu spiedienu un lielas slodzes, padarot tos piem\u0113rotus skarbajiem darba apst\u0101k\u013ciem.<\/li>\n<li><strong>Efekt\u012bva hidraulisk\u0101 darb\u012bba:<\/strong> Izmantojot hidraulisk\u0101 \u0161\u0137idruma spiedienu, cilindrs nodro\u0161ina vienm\u0113r\u012bgu izvirz\u012b\u0161anos un ievilk\u0161anu, nodro\u0161inot \u0101tru reakciju uz vad\u012bbas komand\u0101m un iev\u0113rojamu stum\u0161anas un vilk\u0161anas sp\u0113ku.<\/li>\n<li><strong>Veidu da\u017e\u0101d\u012bba:<\/strong> Pieejams vienk\u0101r\u0161\u0101s darb\u012bbas (izmantojot hidraulisko sp\u0113ku vien\u0101 virzien\u0101) vai divk\u0101r\u0161\u0101s darb\u012bbas (izmantojot hidraulisko sp\u0113ku abos virzienos) konstrukcij\u0101s, lai apmierin\u0101tu da\u017e\u0101das ekspluat\u0101cijas vajadz\u012bbas, un da\u017ei mode\u013ci pied\u0101v\u0101 teleskopiskas iesp\u0113jas liel\u0101kam sniedzam\u012bbas att\u0101lumam.<\/li>\n<li><strong>Apkopei draudz\u012bgs dizains:<\/strong> Izstr\u0101d\u0101ts vieglai apkopei, \u0101trai remontam un produkta kalpo\u0161anas laika pagarin\u0101\u0161anai.<\/li>\n<li><strong>Korozijas iztur\u012bba:<\/strong> Daudzi mode\u013ci ir izstr\u0101d\u0101ti t\u0101, lai tie b\u016btu iztur\u012bgi pret koroziju un nodilumu, nodro\u0161inot ilgm\u016b\u017e\u012bbu pat nelabv\u0113l\u012bgos apst\u0101k\u013cos.<\/li>\n<\/ul>\n<h2>Ra\u017eo\u0161anas iesp\u0113jas<\/h2>\n<p>M\u0113s ra\u017eojam \u0161o produktu ar precizit\u0101ti, nodro\u0161inot, ka m\u016bsu hidrauliskie cilindri var perfekti aizst\u0101t eso\u0161os mode\u013cus. M\u016bsu pieredze hidraulisko cilindru ra\u017eo\u0161an\u0101 garant\u0113, ka j\u016bs sa\u0146emat augstas kvalit\u0101tes komponentus, kas atbilst stingriem veiktsp\u0113jas standartiem.<\/p>\n<p><img decoding=\"async\" src=\"https:\/\/www.hydraulic-cylinders.net\/wp-content\/uploads\/2025\/04\/songte-cylinder-head-with-all-kinds-excavator-models.webp\" alt=\"Hidrauliskais cilindrs ekskavatoriem\"><\/p>\n<h2>Str\u0113les cilindra pielietojumi<\/h2>\n<h3>Celtniec\u012bbas apr\u012bkojums<\/h3>\n<p>Ekskavatoros str\u0113les cilindri ir \u013coti svar\u012bgi rak\u0161anas un iekrau\u0161anas darbos. Tie nodro\u0161ina nepiecie\u0161amo sp\u0113ku, lai kauss iek\u013c\u016btu augsn\u0113 vai efekt\u012bvi p\u0101rvietotu gru\u017eus. Prec\u012bza vad\u012bba, ko nodro\u0161ina str\u0113les cilindrs, \u013cauj operatoriem veikt detaliz\u0113tus darbus, piem\u0113ram, tran\u0161eju rak\u0161anu vai plan\u0113\u0161anu, kas ir svar\u012bgi b\u016bvniec\u012bbas projektos.<\/p>\n<h3>Lauksaimniec\u012bbas tehnika<\/h3>\n<p>Front\u0101lajos iekr\u0101v\u0113jos str\u0113les cilindri tiek izmantoti, lai paceltu, paceltu un transport\u0113tu t\u0101dus materi\u0101lus k\u0101 augsne, siens un citas preces. To sp\u0113ja apstr\u0101d\u0101t smagas kravas ar minim\u0101lu piep\u016bli padara tos par vit\u0101li svar\u012bgiem lauksaimniec\u012bbas darbos, kur efektivit\u0101te un produktivit\u0101te ir \u0101rk\u0101rt\u012bgi svar\u012bgas.<\/p>\n<h3>Ekskavatori<\/h3>\n<p>Ekskavatoros str\u0113les cilindrs atvieglo rak\u0161anas darb\u012bbu, \u013caujot kausam iek\u013c\u016bt zem\u0113. \u0160\u012b darb\u012bba ir kritiski svar\u012bga da\u017e\u0101d\u0101m ainavu veido\u0161anas un b\u016bvniec\u012bbas darb\u012bb\u0101m, nodro\u0161inot, ka apr\u012bkojums var efekt\u012bvi darboties da\u017e\u0101dos reljefos.<\/p>\n<h3>Iekr\u0101v\u0113ji<\/h3>\n<p>Front\u0101lajos iekr\u0101v\u0113jos str\u0113les cilindri pal\u012bdz \u0101tri un efekt\u012bvi pacelt un izkraut kravas. \u0160\u012b sp\u0113ja ir noz\u012bm\u012bga materi\u0101lu apstr\u0101des uzdevumos, kur savlaic\u012bga un efekt\u012bva darb\u012bba ir iz\u0161\u0137iro\u0161a projekta pan\u0101kumiem.<\/p>\n<h2>Dizaina apsv\u0113rumi<\/h2>\n<h3>Kravnes\u012bba<\/h3>\n<p>Projekt\u0113jot str\u0113les cilindru, galven\u0101 priorit\u0101te ir kravnes\u012bba. Cilindram j\u0101sp\u0113j iztur\u0113t maksim\u0101lo svaru, ar kuru tas saskarsies ekspluat\u0101cijas laik\u0101, nesaliecoties un nel\u016bstot. Tas prasa r\u016bp\u012bgu materi\u0101lu izv\u0113li un konstrukcijas integrit\u0101tes anal\u012bzi, lai nodro\u0161in\u0101tu dro\u0161\u012bbu un uzticam\u012bbu.<\/p>\n<h3>Bl\u012bv\u0113juma veiktsp\u0113ja<\/h3>\n<p>Efekt\u012bva bl\u012bv\u0113\u0161ana ir b\u016btiska, lai nov\u0113rstu hidraulisk\u0101 \u0161\u0137idruma nopl\u016bdi un uztur\u0113tu spiedienu sist\u0113m\u0101. Augstas kvalit\u0101tes bl\u012bves ir nepiecie\u0161amas, lai nodro\u0161in\u0101tu iztur\u012bbu un ilgm\u016b\u017e\u012bbu, samazinot nepiecie\u0161am\u012bbu p\u0113c bie\u017eas nomai\u0146as un remonta.<\/p>\n<h3>Iztur\u012bba<\/h3>\n<p>Iztur\u012bba ir galvenais konstrukcijas faktors, jo str\u0113les cilindri darbojas sare\u017e\u0123\u012btos apst\u0101k\u013cos. Materi\u0101li j\u0101izv\u0113las t\u0101, lai tie iztur\u0113tu nodilumu, triecienus un skarbu vidi, nodro\u0161inot, ka produkts kalpo visu t\u0101 kalpo\u0161anas laiku, neapdraudot veiktsp\u0113ju.<\/p>\n<h3>Dro\u0161\u012bbas funkcijas<\/h3>\n<p>Dro\u0161\u012bbas elementu iek\u013cau\u0161ana konstrukcij\u0101 ir \u013coti svar\u012bga, lai nov\u0113rstu negad\u012bjumus un traumas ekspluat\u0101cijas laik\u0101. Dro\u0161\u012bbas v\u0101rsti un p\u0101rslodzes aizsardz\u012bbas meh\u0101nismi var pal\u012bdz\u0113t aizsarg\u0101t gan iek\u0101rtas, gan operatorus.<\/p>\n<h3>Apkopes pieejam\u012bba<\/h3>\n<p>Str\u0113les cilindru projekt\u0113\u0161ana, lai atvieglotu apkopi, var iev\u0113rojami pagarin\u0101t to ekspluat\u0101cijas laiku. T\u0101das funkcijas k\u0101 pieejamas e\u013c\u013co\u0161anas nipe\u013ci un vienk\u0101r\u0161oti demont\u0101\u017eas procesi var atvieglot regul\u0101ras apkopes p\u0101rbaudes un remontu, samazinot d\u012bkst\u0101ves laiku.<\/p>\n<p><img decoding=\"async\" src=\"https:\/\/www.hydraulic-cylinders.net\/wp-content\/uploads\/2025\/04\/songte-oil-pipes-and-spare-parts.webp\" alt=\"Hidraulisko cilindru rezerves da\u013cas\"><\/p>\n<h2>Bl\u012bv\u0113\u0161ana un e\u013c\u013co\u0161ana<\/h2>\n<p>Pareiza bl\u012bv\u0113\u0161ana un e\u013c\u013co\u0161ana ir b\u016btiska str\u0113les cilindra efekt\u012bvai darb\u012bbai. Lai uztur\u0113tu spiedienu un nov\u0113rstu nopl\u016bdes, tiek izmantoti da\u017e\u0101di bl\u012bv\u0113jumi, piem\u0113ram, virzu\u013ca bl\u012bv\u0113jumi un stie\u0146a bl\u012bv\u0113jumi. Bl\u012bv\u0113jumi, kas izgatavoti no nodilumiztur\u012bgiem materi\u0101liem, piem\u0113ram, poliuret\u0101na un nitrila gumijas, ir priek\u0161roka to iztur\u012bbai un efektivit\u0101tei skarbos apst\u0101k\u013cos.<\/p>\n<p>Cilindra korpuss un v\u012bt\u0146otie gali ir r\u016bp\u012bgi apstr\u0101d\u0101ti, lai uzlabotu nodilumiztur\u012bbu, nodro\u0161inot optim\u0101lu veiktsp\u0113ju laika gait\u0101. Regul\u0101ra e\u013c\u013co\u0161ana ar hidraulisko e\u013c\u013cu ir b\u016btiska, lai samazin\u0101tu kust\u012bgo da\u013cu berzi un nodilumu, pagarinot cilindra kalpo\u0161anas laiku.<\/p>\n<h2>Regul\u0101ra p\u0101rbaude un profilaktisk\u0101 apkope<\/h2>\n<ul>\n<li><strong>Regul\u0101ra p\u0101rbaude:<\/strong> Regul\u0101ras p\u0101rbaudes pal\u012bdz identific\u0113t potenci\u0101l\u0101s probl\u0113mas, pirms t\u0101s saasin\u0101s. Operatoriem j\u0101p\u0101rbauda, \u200b\u200bvai nav nopl\u016b\u017eu, nodiluma un jebk\u0101du boj\u0101jumu paz\u012bmju.<\/li>\n<li><strong>Pareiza e\u013c\u013co\u0161ana:<\/strong> Nodro\u0161inot, ka cilindrs ir pien\u0101c\u012bgi iee\u013c\u013cots, tiek nov\u0113rsts p\u0101rm\u0113r\u012bgs nodilums un tiek uztur\u0113ta vienm\u0113r\u012bga darb\u012bba. Operatoriem j\u0101izveido e\u013c\u013co\u0161anas grafiks, pamatojoties uz lieto\u0161anas re\u017e\u012bmu.<\/li>\n<li><strong>Bl\u012bv\u0113juma nomai\u0146a:<\/strong> Regul\u0101ra bl\u012bv\u0113jumu p\u0101rbaude un nomai\u0146a p\u0113c nepiecie\u0161am\u012bbas ir \u013coti svar\u012bga, lai uztur\u0113tu hidraulisko spiedienu un nov\u0113rstu \u0161\u0137idruma zudumus.<\/li>\n<\/ul>\n<h2>Uzst\u0101d\u012b\u0161anas vadl\u012bnijas<\/h2>\n<p>Str\u0113les cilindra uzst\u0101d\u012b\u0161anai nepiecie\u0161ama precizit\u0101te, lai nodro\u0161in\u0101tu efekt\u012bvu darb\u012bbu. Vispirms p\u0101rliecinieties, vai cilindrs ir pareizi izl\u012bdzin\u0101ts ar stiprin\u0101juma punktiem. Atbilsto\u0161u kron\u0161teinu izmanto\u0161ana pal\u012bdz\u0113s nostiprin\u0101t cilindru un nov\u0113rs\u012bs nepareizu izl\u012bdzin\u0101\u0161anu darb\u012bbas laik\u0101.<\/p>\n<p>Ir \u013coti svar\u012bgi iev\u0113rot ra\u017eot\u0101ja specifik\u0101cijas attiec\u012bb\u0101 uz griezes momenta iestat\u012bjumiem un izl\u012bdzin\u0101\u0161anas le\u0146\u0137iem. P\u0113c uzst\u0101d\u012b\u0161anas p\u0101rbaudiet hidraulisko sist\u0113mu, vai nav nopl\u016b\u017eu un vai t\u0101 darbojas pareizi, pirms s\u0101kat iek\u0101rtas piln\u012bgu ekspluat\u0101ciju. Regul\u0101ri p\u0101rskatot uzst\u0101d\u012b\u0161anas proced\u016bras, tiek nodro\u0161in\u0101ts, ka visas sast\u0101vda\u013cas ir dro\u0161as un darbojas, k\u0101 paredz\u0113ts.<\/p>\n<h2>Bie\u017ei sastopamie apkopes uzdevumi<\/h2>\n<ul>\n<li><strong>Regul\u0101ras p\u0101rbaudes:<\/strong> Veiciet regul\u0101ras p\u0101rbaudes, lai noteiktu nodiluma un boj\u0101jumu paz\u012bmes. \u0160\u012b proakt\u012bv\u0101 pieeja pal\u012bdz mazin\u0101t potenci\u0101l\u0101s probl\u0113mas, pirms t\u0101s k\u013c\u016bst nopietnas.<\/li>\n<li><strong>Piem\u0113rota e\u013c\u013co\u0161ana:<\/strong> E\u013c\u013co\u0161ana ir b\u016btiska kust\u012bgo da\u013cu integrit\u0101tes uztur\u0113\u0161anai. Izmantojiet ieteicamo hidraulisko e\u013c\u013cu un iev\u0113rojiet ieteiktos e\u013c\u013co\u0161anas interv\u0101lus.<\/li>\n<li><strong>Bl\u012bv\u0113juma nomai\u0146a:<\/strong> Regul\u0101ri p\u0101rbaudiet bl\u012bves, vai t\u0101s nav nodilu\u0161as, un nomainiet t\u0101s p\u0113c nepiecie\u0161am\u012bbas, lai nov\u0113rstu nopl\u016bdes un uztur\u0113tu spiedienu sist\u0113m\u0101.<\/li>\n<\/ul>\n<h2>Dro\u0161\u012bbas apsv\u0113rumi un vides faktori<\/h2>\n<p>Str\u0101d\u0101jot ar hidrauliskajiem cilindriem, dro\u0161\u012bbas pas\u0101kumi ir \u0101rk\u0101rt\u012bgi svar\u012bgi. Operatoriem j\u0101valk\u0101 atbilsto\u0161i individu\u0101lie aizsardz\u012bbas l\u012bdzek\u013ci un j\u0101b\u016bt apm\u0101c\u012btiem dro\u0161as lieto\u0161anas proced\u016br\u0101s, lai samazin\u0101tu negad\u012bjumu risku. Turkl\u0101t pareiza hidraulisko \u0161\u0137idrumu utiliz\u0101cija un vides noteikumu iev\u0113ro\u0161ana ir \u013coti svar\u012bga, lai samazin\u0101tu ietekmi uz vidi.<\/p>\n<h2>Probl\u0113mu nov\u0113r\u0161ana un bie\u017ei sastopamas probl\u0113mas<\/h2>\n<ul>\n<li><strong>Nopl\u016bde:<\/strong> Nosakiet nopl\u016bdes avotu, kas bie\u017ei vien ir nolietotu bl\u012bv\u0113jumu vai boj\u0101tu deta\u013cu d\u0113\u013c. Nekav\u0113joties salabojiet vai nomainiet boj\u0101t\u0101s deta\u013cas.<\/li>\n<li><strong>Slikta veiktsp\u0113ja:<\/strong> Ja cilindrs nedarbojas vienm\u0113r\u012bgi, p\u0101rbaudiet, vai hidrauliskaj\u0101 sist\u0113m\u0101 nav aizsprostojumu vai zema \u0161\u0137idruma l\u012bme\u0146a.<\/li>\n<li><strong>P\u0101rkar\u0161ana:<\/strong> P\u0101rm\u0113r\u012bgs karstums var liecin\u0101t par p\u0101rm\u0113r\u012bgu lieto\u0161anu vai nepietiekamu e\u013c\u013co\u0161anu. Uzraugiet \u0161\u0137idruma l\u012bmeni un p\u0101rliecinieties, vai ir ieviesti atbilsto\u0161i dzes\u0113\u0161anas pas\u0101kumi.<\/li>\n<\/ul>\n<h2>Diagnostikas padomi un prevent\u012bvie pas\u0101kumi<\/h2>\n<p>Lai efekt\u012bvi diagnostic\u0113tu probl\u0113mas, operatoriem j\u0101iepaz\u012bstas ar str\u0113les cilindra funkcionalit\u0101ti un regul\u0101ri j\u0101uzrauga t\u0101 darb\u012bba. Apkopes \u017eurn\u0101la uztur\u0113\u0161ana var pal\u012bdz\u0113t izsekot vis\u0101m probl\u0113m\u0101m un to risin\u0101jumiem. Prevent\u012bvie pas\u0101kumi, piem\u0113ram, regul\u0101ras p\u0101rbaudes un savlaic\u012bgs remonts, var iev\u0113rojami samazin\u0101t iesp\u0113jam\u0101s probl\u0113mas, nodro\u0161inot iek\u0101rtas netrauc\u0113tu darb\u012bbu un ilgm\u016b\u017e\u012bbu.<\/p>\n<p><img decoding=\"async\" src=\"https:\/\/www.hydraulic-cylinders.net\/wp-content\/uploads\/2025\/04\/songte-bushings-with-all-kinds-of-excavator-models.webp\" alt=\"Str\u0113les cilindra bukses\"><\/p>\n<h2>Par m\u016bsu uz\u0146\u0113mumu<\/h2>\n<p>M\u0113s esam vado\u0161ais rezerves hidraulisko cilindru ra\u017eot\u0101js, kas pied\u0101v\u0101 pla\u0161u produktu kl\u0101stu viet\u0113jam un starptautiskajam tirgum. M\u016bsu ap\u0146em\u0161anos sasniegt izcil\u012bbu nodro\u0161ina izsmalcin\u0101ta ra\u017eo\u0161anas strat\u0113\u0123ija, kas izmanto kvalific\u0113tu tehnisko person\u0101lu, modernu digit\u0101lo ra\u017eo\u0161anas apr\u012bkojumu un stingras test\u0113\u0161anas sist\u0113mas. Tas nodro\u0161ina, ka m\u016bsu ra\u017eo\u0161anas procesi atbilst augstiem kvalit\u0101tes standartiem un klientu vajadz\u012bb\u0101m.<\/p>\n<p>Koncentr\u0113joties uz profesionalit\u0101ti, starptautisk\u0101m sertifik\u0101cij\u0101m un piel\u0101gotiem risin\u0101jumiem, m\u016bsu ra\u017eo\u0161anas iesp\u0113jas ir izstr\u0101d\u0101tas, lai apmierin\u0101tu da\u017e\u0101das klientu pras\u012bbas. M\u016bsu ap\u0146\u0113m\u012bba sniegt p\u0113cp\u0101rdo\u0161anas pakalpojumus v\u0113l vair\u0101k uzlabo klientu apmierin\u0101t\u012bbu, nodro\u0161inot atbalstu vis\u0101 produkta dz\u012bves cikl\u0101.<\/p>\n<p><img decoding=\"async\" src=\"https:\/\/www.hydraulic-cylinders.net\/wp-content\/uploads\/2025\/04\/songte-company-4.webp\" alt=\"Uz\u0146\u0113muma p\u0101rskats\"><br \/>\n<img decoding=\"async\" src=\"https:\/\/www.hydraulic-cylinders.net\/wp-content\/uploads\/2025\/04\/songte-company-3.webp\" alt=\"Uz\u0146\u0113muma ra\u017eo\u0161ana\"><\/p>\n<p>Autors: lil<\/p>","protected":false},"excerpt":{"rendered":"<p>Boom Cylinder For Yanmar VI55-5B Understanding the Boom Cylinder A boom cylinder is a type of hydraulic cylinder specifically designed to control the movement of buckets in various heavy machinery, such as excavators, backhoe loaders, and front loaders. It plays a critical role in facilitating the lifting, lowering, and tilting of the bucket, which is [&hellip;]<\/p>","protected":false},"featured_media":17880,"comment_status":"open","ping_status":"closed","template":"","meta":{"_et_pb_use_builder":"","_et_pb_old_content":"","_et_gb_content_width":""},"product_brand":[],"product_cat":[1546],"product_tag":[1547,1496],"class_list":{"0":"post-19557","1":"product","2":"type-product","3":"status-publish","4":"has-post-thumbnail","6":"product_cat-boom-cylinders","7":"product_tag-boom-cylinders","8":"product_tag-hydraulic-cylinders","10":"first","11":"instock","12":"shipping-taxable","13":"product-type-simple"},"amp_enabled":true,"_links":{"self":[{"href":"https:\/\/www.hydraulic-cylinders.net\/lv\/wp-json\/wp\/v2\/product\/19557","targetHints":{"allow":["GET"]}}],"collection":[{"href":"https:\/\/www.hydraulic-cylinders.net\/lv\/wp-json\/wp\/v2\/product"}],"about":[{"href":"https:\/\/www.hydraulic-cylinders.net\/lv\/wp-json\/wp\/v2\/types\/product"}],"replies":[{"embeddable":true,"href":"https:\/\/www.hydraulic-cylinders.net\/lv\/wp-json\/wp\/v2\/comments?post=19557"}],"wp:featuredmedia":[{"embeddable":true,"href":"https:\/\/www.hydraulic-cylinders.net\/lv\/wp-json\/wp\/v2\/media\/17880"}],"wp:attachment":[{"href":"https:\/\/www.hydraulic-cylinders.net\/lv\/wp-json\/wp\/v2\/media?parent=19557"}],"wp:term":[{"taxonomy":"product_brand","embeddable":true,"href":"https:\/\/www.hydraulic-cylinders.net\/lv\/wp-json\/wp\/v2\/product_brand?post=19557"},{"taxonomy":"product_cat","embeddable":true,"href":"https:\/\/www.hydraulic-cylinders.net\/lv\/wp-json\/wp\/v2\/product_cat?post=19557"},{"taxonomy":"product_tag","embeddable":true,"href":"https:\/\/www.hydraulic-cylinders.net\/lv\/wp-json\/wp\/v2\/product_tag?post=19557"}],"curies":[{"name":"wp","href":"https:\/\/api.w.org\/{rel}","templated":true}]}}