{"id":19558,"date":"2025-04-07T06:54:23","date_gmt":"2025-04-07T06:54:23","guid":{"rendered":"https:\/\/www.hydraulic-cylinders.net\/product\/boom-cylinder-for-yanmar-sv025-6\/"},"modified":"2025-04-07T06:54:25","modified_gmt":"2025-04-07T06:54:25","slug":"boom-cylinder-for-yanmar-sv025-6","status":"publish","type":"product","link":"https:\/\/www.hydraulic-cylinders.net\/lv\/products\/boom-cylinder-for-yanmar-sv025-6\/","title":{"rendered":"Str\u0113les cilindrs Yanmar SV025-6"},"content":{"rendered":"<h1>Str\u0113les cilindrs Yanmar SV025-6<\/h1>\n<h2>Str\u0113les cilindra izpratne<\/h2>\n<p>Str\u0113les cilindrs ir b\u016btiska hidrauliska sast\u0101vda\u013ca, kas \u012bpa\u0161i paredz\u0113ta kausu kust\u012bbas vad\u012bbai smagaj\u0101s ma\u0161\u012bn\u0101s, piem\u0113ram, ekskavatoros, ekskavatoros-iekr\u0101v\u0113jos un front\u0101lajos iekr\u0101v\u0113jos. \u0160is hidrauliskais cilindrs \u013cauj veikt pacel\u0161anas, nolai\u0161anas un noliek\u0161anas kust\u012bbas, t\u0101d\u0113j\u0101di efekt\u012bvi atvieglojot materi\u0101lu apstr\u0101des uzdevumus.<\/p>\n<p>Str\u0113les cilindri, kas konstru\u0113ti, lai iztur\u0113tu sare\u017e\u0123\u012btus b\u016bvniec\u012bbas un rak\u0161anas vietu apst\u0101k\u013cus, sp\u0113l\u0113 b\u016btisku lomu hidrauliskaj\u0101s sist\u0113m\u0101s. To galven\u0101 funkcija ir p\u0101rveidot hidraulisko spiedienu meh\u0101nisk\u0101 sp\u0113k\u0101, \u013caujot operatoriem prec\u012bzi manipul\u0113t ar apr\u012bkojumu. Izmantojot hidraulisko e\u013c\u013cu k\u0101 vidi, \u0161ie cilindri nodro\u0161ina vienm\u0113r\u012bgas un kontrol\u0113tas kust\u012bbas, padarot tos neaizst\u0101jamus operatoriem, kas str\u0101d\u0101 ar smag\u0101m krav\u0101m.<\/p>\n<p><img decoding=\"async\" src=\"https:\/\/www.hydraulic-cylinders.net\/wp-content\/uploads\/2025\/04\/songte-company-1.webp\" alt=\"Str\u0113les cilindrs\" \/><\/p>\n<h2>Str\u0113les cilindra galven\u0101s iez\u012bmes<\/h2>\n<ul>\n<li><strong>Augsta iztur\u012bba un ilgm\u016b\u017e\u012bba:<\/strong> \u0160ie cilindri, kas parasti ir izgatavoti no augstas stipr\u012bbas t\u0113rauda vai alum\u012bnija, var iztur\u0113t augstu spiedienu un lielas slodzes, labi piel\u0101gojoties skarbajai darba videi. To konstrukcija uzsver nodilumiztur\u012bbu un aizsardz\u012bbu pret koroziju, pagarinot to kalpo\u0161anas laiku.<\/li>\n<li><strong>Efekt\u012bva hidraulisk\u0101 darb\u012bba:<\/strong> Str\u0113les cilindrs izmanto hidraulisk\u0101s e\u013c\u013cas spiedienu, lai atvieglotu vienm\u0113r\u012bgu izstiep\u0161anu un ievilk\u0161anu, nodro\u0161inot \u0101tru reakciju uz operatora komand\u0101m un sp\u0113c\u012bgu stum\u0161anas un vilk\u0161anas sp\u0113ku lieljaudas uzdevumiem.<\/li>\n<li><strong>Da\u017e\u0101di veidi:<\/strong> Str\u0113les cilindrus var izv\u0113l\u0113ties vienas darb\u012bbas (hidraulisk\u0101 sp\u0113ka piedzi\u0146a vien\u0101 virzien\u0101) vai divk\u0101r\u0161as darb\u012bbas (darb\u012bbas abos virzienos) konfigur\u0101cij\u0101s, lai apmierin\u0101tu da\u017e\u0101das ekspluat\u0101cijas vajadz\u012bbas. Da\u017ei mode\u013ci ir teleskopiski, kas \u013cauj veikt liel\u0101ku pagarin\u0101jumu, nepalielinot \u0101r\u0113jos izm\u0113rus, kas ir ide\u0101li piem\u0113rots darbam ar ierobe\u017eotu vietu.<\/li>\n<li><strong>Piel\u0101gota ra\u017eo\u0161ana:<\/strong> M\u0113s specializ\u0113jamies str\u0113les cilindru ra\u017eo\u0161an\u0101, kas ir ide\u0101li piem\u0113roti citu hidraulisko cilindru aizvieto\u0161anai, nodro\u0161inot sader\u012bbu un optim\u0101lu veiktsp\u0113ju.<\/li>\n<li><strong>Daudzpus\u012bgi pielietojumi:<\/strong> \u0160ie cilindri ir paredz\u0113ti da\u017e\u0101d\u0101m smagaj\u0101m ma\u0161\u012bn\u0101m, padarot tos par b\u016btiskiem vair\u0101k\u0101m nozar\u0113m.<\/li>\n<\/ul>\n<p><img decoding=\"async\" src=\"https:\/\/www.hydraulic-cylinders.net\/wp-content\/uploads\/2025\/04\/songte-cylinder-head-with-all-kinds-excavator-models.webp\" alt=\"Ekskavatoru mode\u013ci\" \/><\/p>\n<h2>Str\u0113les cilindra pielietojumi<\/h2>\n<h3>Celtniec\u012bbas apr\u012bkojums<\/h3>\n<p>Ekskavatoros str\u0113les cilindri ir \u013coti svar\u012bgi zemes vai gru\u017eu rak\u0161anai, iekrau\u0161anai un p\u0101rvieto\u0161anai. Tie nodro\u0161ina nepiecie\u0161amo sp\u0113ku kausa nolai\u0161anai un pacel\u0161anai, \u013caujot operatoriem efekt\u012bvi veikt uzdevumus. Ekskavatoros-iekr\u0101v\u0113jos \u0161ie cilindri pal\u012bdz ne tikai rak\u0161an\u0101, bet ar\u012b materi\u0101lu cel\u0161an\u0101, demonstr\u0113jot to daudzpus\u012bbu b\u016bvniec\u012bbas darbos.<\/p>\n<h3>Lauksaimniec\u012bbas tehnika<\/h3>\n<p>Front\u0101lajos iekr\u0101v\u0113jos str\u0113les cilindrus izmanto augsnes, siena un citu materi\u0101lu sav\u0101k\u0161anai, cel\u0161anai un transport\u0113\u0161anai. To iztur\u012bg\u0101 konstrukcija pal\u012bdz lauksaimniekiem tikt gal\u0101 ar smag\u0101m krav\u0101m, uzlabojot produktivit\u0101ti un efektivit\u0101ti saimniec\u012bb\u0101. Str\u0113les cilindru vienm\u0113r\u012bg\u0101 darb\u012bba nodro\u0161ina, ka tehnika var veikt da\u017e\u0101dus uzdevumus bez p\u0101rtraukumiem.<\/p>\n<h3>Ekskavatori<\/h3>\n<p>Ekskavatoros str\u0113les cilindrs \u013cauj kausam efekt\u012bvi iek\u013c\u016bt augsn\u0113, nodro\u0161inot efekt\u012bvu rak\u0161anu. \u0160\u012b funkcija ir vit\u0101li svar\u012bga rak\u0161anas projektos, kur nepiecie\u0161ama precizit\u0101te un jauda, \u200b\u200blai \u0101tri un dro\u0161i p\u0101rvietotu lielus materi\u0101la apjomus.<\/p>\n<h3>Iekr\u0101v\u0113ji<\/h3>\n<p>Front\u0101lajos iekr\u0101v\u0113jos str\u0113les cilindri atvieglo kravu efekt\u012bvu pacel\u0161anu un izg\u0101\u0161anu. Tie \u013cauj operatoriem pacelt kausu, lai izg\u0101ztu materi\u0101lus augstum\u0101, uzlabojot darbpl\u016bsmu un samazinot darba laiku objekt\u0101.<\/p>\n<h2>Dizaina apsv\u0113rumi un atlases krit\u0113riji<\/h2>\n<h3>Kravnes\u012bba<\/h3>\n<p>Izv\u0113loties str\u0113les cilindru, ir \u013coti svar\u012bgi izprast t\u0101 kravnes\u012bbu. Tas attiecas uz maksim\u0101lo svaru, ko cilindrs var iztur\u0113t, vienlaikus saglab\u0101jot darb\u012bbas efektivit\u0101ti. Kravnes\u012bbu nosaka t\u0101di faktori k\u0101 cilindra izm\u0113rs, materi\u0101la iztur\u012bba un hidraulisk\u0101 spiediena ierobe\u017eojumi. Ir svar\u012bgi izv\u0113l\u0113ties cilindru ar atbilsto\u0161u kravnes\u012bbu, kas ne tikai atbilst ekspluat\u0101cijas pras\u012bb\u0101m, bet ar\u012b nodro\u0161ina dro\u0161\u012bbu lieto\u0161anas laik\u0101.<\/p>\n<h3>Bl\u012bv\u0113juma integrit\u0101te<\/h3>\n<p>Bl\u012bv\u0113jumam ir b\u016btiska loma hidraulisko cilindru darb\u012bb\u0101. Pareizi bl\u012bv\u0113jumi nov\u0113r\u0161 hidraulisk\u0101 \u0161\u0137idruma nopl\u016bdes, kas var samazin\u0101t efektivit\u0101ti un rad\u012bt iesp\u0113jamus boj\u0101jumus tehnikai. Bl\u012bv\u0113jumiem j\u0101b\u016bt izgatavotiem no iztur\u012bgiem materi\u0101liem, kas sp\u0113j iztur\u0113t ekstrem\u0101las temperat\u016bras un spiediena sv\u0101rst\u012bbas. Pareiza bl\u012bv\u0113\u0161ana nodro\u0161ina ilg\u0101ku cilindra ekspluat\u0101cijas laiku un uzlabotu uzticam\u012bbu.<\/p>\n<h3>Iztur\u012bba<\/h3>\n<p>Iztur\u012bba ir iz\u0161\u0137iro\u0161s faktors hidraulisko cilindru konstrukcij\u0101. Konstrukcij\u0101 izmantotajiem materi\u0101liem j\u0101b\u016bt iztur\u012bgiem pret nodilumu, koroziju un citiem vides faktoriem. Tas ir \u012bpa\u0161i svar\u012bgi cilindriem, kas darbojas skarbos apst\u0101k\u013cos, kur putek\u013cu, mitruma un \u0137\u012bmisku vielu iedarb\u012bba var negat\u012bvi ietekm\u0113t veiktsp\u0113ju. Iztur\u012bga str\u0113les cilindra izv\u0113le nodro\u0161ina nemain\u012bgu veiktsp\u0113ju un samazina nepiecie\u0161am\u012bbu p\u0113c bie\u017eas nomai\u0146as.<\/p>\n<h3>Dro\u0161\u012bbas funkcijas<\/h3>\n<p>Projekt\u0113jot un izv\u0113loties hidrauliskos cilindrus, dro\u0161\u012bbai vienm\u0113r j\u0101b\u016bt priorit\u0101tei. Ir svar\u012bgi iek\u013caut dro\u0161\u012bbas elementus, piem\u0113ram, spiediena samazin\u0101\u0161anas v\u0101rstus un iztur\u012bgus mont\u0101\u017eas dizainus, lai nov\u0113rstu negad\u012bjumus ekspluat\u0101cijas laik\u0101. \u0160ie elementi ne tikai aizsarg\u0101 apr\u012bkojumu, bet ar\u012b nodro\u0161ina tuvum\u0101 str\u0101d\u0101jo\u0161o operatoru dro\u0161\u012bbu.<\/p>\n<h3>Apkopes pieejam\u012bba<\/h3>\n<p>V\u0113l viens svar\u012bgs apsv\u0113rums ir viegla apkope. Labi izstr\u0101d\u0101tam str\u0113les cilindram j\u0101nodro\u0161ina \u0113rta piek\u013cuve kritiski svar\u012bg\u0101m sast\u0101vda\u013c\u0101m regul\u0101ru p\u0101rbau\u017eu un apkopes veik\u0161anai. Tas ne tikai atvieglo regul\u0101ru apkopi, bet ar\u012b veicina cilindra ilgm\u016b\u017e\u012bbu un kop\u0113jo apr\u012bkojuma efektivit\u0101ti.<\/p>\n<p><img decoding=\"async\" src=\"https:\/\/www.hydraulic-cylinders.net\/wp-content\/uploads\/2025\/04\/songte-oil-pipes-and-spare-parts.webp\" alt=\"Hidraulisk\u0101s sast\u0101vda\u013cas\" \/><\/p>\n<h2>Bl\u012bv\u0113\u0161ana un e\u013c\u013co\u0161ana<\/h2>\n<p>Hidraulisko cilindru integrit\u0101tes saglab\u0101\u0161an\u0101 \u0101rk\u0101rt\u012bgi svar\u012bgi ir izmantot da\u017e\u0101dus bl\u012bv\u0113\u0161anas komponentus, tostarp virzu\u013ca bl\u012bv\u0113jumus un stie\u0146a bl\u012bv\u0113jumus. Bl\u012bv\u0113jumi, kas izgatavoti no iztur\u012bgiem materi\u0101liem, piem\u0113ram, poliuret\u0101na un nitrila gumijas, ir b\u016btiski, lai nodro\u0161in\u0101tu iztur\u012bbu pret nodilumu. Cilindra korpuss un v\u012bt\u0146ot\u0101s gala virsmas tiek prec\u012bzi apstr\u0101d\u0101tas, lai uzlabotu nodilumiztur\u012bbu, t\u0101d\u0113j\u0101di pagarinot cilindra ekspluat\u0101cijas laiku.<\/p>\n<p>Lai uztur\u0113tu optim\u0101lu veiktsp\u0113ju, nepiecie\u0161ama regul\u0101ra e\u013c\u013co\u0161ana. Ir \u013coti svar\u012bgi nodro\u0161in\u0101t pietiekamu hidraulisk\u0101s e\u013c\u013cas daudzumu, lai nodro\u0161in\u0101tu vienm\u0113r\u012bgu kust\u012bbu cilindr\u0101. E\u013c\u013co\u0161anas nov\u0101rt\u0101 atst\u0101\u0161ana var izrais\u012bt palielin\u0101tu berzi, nodilumu un potenci\u0101lus boj\u0101jumus, kas uzsver regul\u0101ras e\u013c\u013co\u0161anas grafika ievie\u0161anas noz\u012bmi.<\/p>\n<h2>Regul\u0101ra p\u0101rbaude un profilaktisk\u0101 apkope<\/h2>\n<ul>\n<li><strong>Regul\u0101ras p\u0101rbaudes:<\/strong> Regul\u0101ru p\u0101rbau\u017eu veik\u0161ana ir \u013coti svar\u012bga, lai laikus identific\u0113tu jebk\u0101das nodiluma vai boj\u0101jumu paz\u012bmes. Operatoriem iek\u0101rtu darb\u012bbas laik\u0101 vizu\u0101li j\u0101p\u0101rbauda, \u200b\u200bvai nav nopl\u016b\u017eu, plaisu vai neparastu trok\u0161\u0146u, un nekav\u0113joties j\u0101risina visas probl\u0113mas.<\/li>\n<li><strong>Pareiza e\u013c\u013co\u0161ana:<\/strong> Lai nodro\u0161in\u0101tu optim\u0101lu veiktsp\u0113ju, ir svar\u012bgi nodro\u0161in\u0101t, lai cilindri b\u016btu pien\u0101c\u012bgi iee\u013c\u013coti. Lai saglab\u0101tu efektivit\u0101ti, operatoriem j\u0101iev\u0113ro ra\u017eot\u0101ja vadl\u012bnijas attiec\u012bb\u0101 uz sm\u0113rvielas veidu un lieto\u0161anas bie\u017eumu.<\/li>\n<li><strong>Bl\u012bv\u0113juma nomai\u0146a:<\/strong> Laika gait\u0101 bl\u012bves var nolietoties un t\u0101s var b\u016bt j\u0101nomaina. Regul\u0101ra bl\u012bvju nodiluma p\u0101rbaude un to savlaic\u012bga nomai\u0146a var nov\u0113rst nopl\u016bdes un saglab\u0101t hidraulisko efektivit\u0101ti.<\/li>\n<\/ul>\n<h2>Uzst\u0101d\u012b\u0161anas vadl\u012bnijas<\/h2>\n<p>Pareiza str\u0113les cilindra uzst\u0101d\u012b\u0161ana ir \u013coti svar\u012bga optim\u0101lai veiktsp\u0113jai. \u0160eit ir nor\u0101d\u012btas da\u017eas darb\u012bbas, kas j\u0101veic:<\/p>\n<ul>\n<li>Pirms uzst\u0101d\u012b\u0161anas p\u0101rliecinieties, vai mont\u0101\u017eas kron\u0161teini un virsmas ir t\u012bras un bez gru\u017eiem. Tas samazina boj\u0101jumu risku mont\u0101\u017eas laik\u0101.<\/li>\n<li>Prec\u012bzi nol\u012bdziniet cilindru ar stiprin\u0101juma punktiem. Nepareiza izl\u012bdzin\u0101\u0161ana var rad\u012bt slodzi uz cilindru, ietekm\u0113jot t\u0101 darb\u012bbu un kalpo\u0161anas laiku.<\/li>\n<li>Izmantojiet atbilsto\u0161us mont\u0101\u017eas kron\u0161teinus, lai nostiprin\u0101tu cilindru viet\u0101, nodro\u0161inot, ka tas ir stingri piestiprin\u0101ts bez p\u0101rm\u0113r\u012bga sp\u0113ka, kas var\u0113tu rad\u012bt boj\u0101jumus.<\/li>\n<li>Divreiz p\u0101rbaudiet visu hidraulisko l\u012bniju un savienojumu herm\u0113tiskumu, lai nov\u0113rstu nopl\u016bdes. Jebkuri va\u013c\u012bgi savienojumi var izrais\u012bt sist\u0113mas neefektivit\u0101ti un potenci\u0101las k\u013c\u016bmes.<\/li>\n<li>P\u0113c uzst\u0101d\u012b\u0161anas veiciet testa darb\u012bbu, lai p\u0101rliecin\u0101tos, ka cilindrs darbojas nevainojami un efekt\u012bvi, p\u0101rbaudot, vai nav radu\u0161\u0101s jebk\u0101das iesp\u0113jam\u0101s probl\u0113mas.<\/li>\n<\/ul>\n<h2>Bie\u017ei sastopamie apkopes uzdevumi<\/h2>\n<ul>\n<li><strong>Regul\u0101ras p\u0101rbaudes:<\/strong> Regul\u0101ras vizu\u0101las p\u0101rbaudes var pal\u012bdz\u0113t laikus atkl\u0101t jebk\u0101das nodiluma vai nopl\u016b\u017eu paz\u012bmes, nov\u0113r\u0161ot nopietn\u0101kas probl\u0113mas v\u0113l\u0101k. Vienm\u0113r uzraugiet hidraulisk\u0101 \u0161\u0137idruma l\u012bmeni un mekl\u0113jiet jebk\u0101das darb\u012bbas anom\u0101lijas.<\/li>\n<li><strong>E\u013c\u013co\u0161ana:<\/strong> Pareiza e\u013c\u013co\u0161ana ir b\u016btiska, lai nodro\u0161in\u0101tu cilindra nevainojamu darb\u012bbu. Ra\u017eot\u0101ja nor\u0101d\u012bjumu iev\u0113ro\u0161ana attiec\u012bb\u0101 uz sm\u0113rvielas veidu un lieto\u0161anas bie\u017eumu uzlabos veiktsp\u0113ju un kalpo\u0161anas laiku.<\/li>\n<li><strong>Bl\u012bv\u0113juma nomai\u0146a:<\/strong> Regul\u0101ri j\u0101p\u0101rbauda bl\u012bv\u0113jumi. Ja ir k\u0101das boj\u0101\u0161an\u0101s paz\u012bmes, bl\u012bv\u0113jumi nekav\u0113joties j\u0101nomaina, lai saglab\u0101tu hidraulisko efektivit\u0101ti un nov\u0113rstu nopl\u016bdes.<\/li>\n<\/ul>\n<h2>Dro\u0161\u012bbas apsv\u0113rumi un vides faktori<\/h2>\n<p>Darbinot hidrauliskos cilindrus, dro\u0161\u012bbas pas\u0101kumi ir \u0101rk\u0101rt\u012bgi svar\u012bgi. Operatoriem j\u0101b\u016bt apm\u0101c\u012btiem atpaz\u012bt dro\u0161\u012bbas protokolu noz\u012bmi, tostarp valk\u0101t atbilsto\u0161us individu\u0101los aizsardz\u012bbas l\u012bdzek\u013cus (IAL) un izprast potenci\u0101los apdraud\u0113jumus, kas saist\u012bti ar cilindru darb\u012bbu. Regul\u0101ri j\u0101veic dro\u0161\u012bbas apm\u0101c\u012bba, lai nodro\u0161in\u0101tu, ka viss person\u0101ls ir inform\u0113ts par proced\u016br\u0101m un var efekt\u012bvi rea\u0123\u0113t \u0101rk\u0101rtas situ\u0101cij\u0101s.<\/p>\n<h2>Bie\u017ei sastopamo probl\u0113mu nov\u0113r\u0161ana<\/h2>\n<ul>\n<li><strong>Nopl\u016bde:<\/strong> Viena no visbie\u017e\u0101k sastopamaj\u0101m hidraulisko cilindru probl\u0113m\u0101m ir nopl\u016bde. Ja tiek nov\u0113rota \u0161\u0137idruma nopl\u016bde, tas var\u0113tu b\u016bt saist\u012bts ar nodilu\u0161iem bl\u012bv\u0113jumiem vai boj\u0101tiem savienojumiem. \u0100tra bl\u012bv\u0113jumu identific\u0113\u0161ana un nomai\u0146a var atrisin\u0101t \u0161o probl\u0113mu.<\/li>\n<li><strong>Nekonsekventa darb\u012bba:<\/strong> Ja str\u0113les cilindrs darbojas nevienm\u0113r\u012bgi, tas var liecin\u0101t par probl\u0113m\u0101m ar hidraulisk\u0101 \u0161\u0137idruma l\u012bmeni vai aizsprostojumiem hidrauliskaj\u0101s l\u012bnij\u0101s. Ir svar\u012bgi p\u0101rbaud\u012bt \u0161\u0137idruma l\u012bmeni un p\u0101rliecin\u0101ties, ka l\u012bnijas ir t\u012bras.<\/li>\n<li><strong>L\u0113na reakcija:<\/strong> L\u0113nu reakciju darb\u012bbas laik\u0101 var attiecin\u0101t uz gaisu hidrauliskaj\u0101 sist\u0113m\u0101 vai nepietiekamu hidraulisk\u0101 \u0161\u0137idruma daudzumu. \u0160o probl\u0113mu var nov\u0113rst, atgaisojot sist\u0113mu, lai izvad\u012btu gaisu, un papildinot hidraulisko \u0161\u0137idrumu.<\/li>\n<\/ul>\n<p>Veicot prevent\u012bvus pas\u0101kumus, piem\u0113ram, regul\u0101ras apkopes p\u0101rbaudes, var iev\u0113rojami samazin\u0101t \u0161o probl\u0113mu ra\u0161an\u0101s iesp\u0113jam\u012bbu. Operatoriem j\u0101b\u016bt proakt\u012bviem sav\u0101 pieej\u0101 apkopei, iev\u0113rojot noteikt\u0101s proced\u016bras, lai nodro\u0161in\u0101tu hidraulisk\u0101s sist\u0113mas darb\u012bbu.<\/p>\n<p><img decoding=\"async\" src=\"https:\/\/www.hydraulic-cylinders.net\/wp-content\/uploads\/2025\/04\/songte-bushings-with-all-kinds-of-excavator-models.webp\" alt=\"Ekskavatora bukses\" \/><\/p>\n<h2>Par m\u016bsu uz\u0146\u0113mumu<\/h2>\n<p>M\u0113s esam vado\u0161ais hidraulisko cilindru ra\u017eot\u0101js un vairumtirgot\u0101js, kas specializ\u0113jas augstas kvalit\u0101tes alternat\u012bvu nodro\u0161in\u0101\u0161an\u0101. M\u016bsu pla\u0161ais produktu kl\u0101sts m\u016bs pozicion\u0113 k\u0101 vienu no vado\u0161ajiem sp\u0113l\u0113t\u0101jiem gan viet\u0113j\u0101, gan starptautiskaj\u0101 tirg\u016b. Iev\u0113rojot izcil\u012bbas principu, m\u0113s izmantojam izsmalcin\u0101tas ra\u017eo\u0161anas strat\u0113\u0123ijas, izmantojot modernu digit\u0101lo apr\u012bkojumu un profesion\u0101las test\u0113\u0161anas sist\u0113mas.<\/p>\n<p>M\u016bsu ap\u0146em\u0161an\u0101s nodro\u0161in\u0101t kvalit\u0101ti atspogu\u013cojas invest\u012bcij\u0101s kvalific\u0113t\u0101 person\u0101l\u0101 un inovat\u012bv\u0101s ra\u017eo\u0161anas tehnik\u0101s, kas uzlabo m\u016bsu ra\u017eo\u0161anas platformas un produktu kvalit\u0101ti. Ar ap\u0146em\u0161anos nodro\u0161in\u0101t efektivit\u0101ti, precizit\u0101ti un augstu kvalit\u0101ti m\u0113s apmierin\u0101m da\u017e\u0101das klientu vajadz\u012bbas, pied\u0101v\u0101jot piel\u0101gotus risin\u0101jumus.<\/p>\n<p><img decoding=\"async\" src=\"https:\/\/www.hydraulic-cylinders.net\/wp-content\/uploads\/2025\/04\/songte-company-4.webp\" alt=\"Uz\u0146\u0113muma p\u0101rskats\" \/><br \/>\n<img decoding=\"async\" src=\"https:\/\/www.hydraulic-cylinders.net\/wp-content\/uploads\/2025\/04\/songte-company-3.webp\" alt=\"Ra\u017eo\u0161anas iek\u0101rtas\" \/><\/p>\n<p>Rezum\u0113jot, m\u016bsu uz\u0146\u0113mums izce\u013cas ar savu profesionalit\u0101ti, starptautiskajiem sertifik\u0101tiem, piel\u0101gotajiem pakalpojumiem, modernu ra\u017eo\u0161anas apr\u012bkojumu un izcilu p\u0113cp\u0101rdo\u0161anas atbalstu.<\/p>\n<p>Autors: lil<\/p>","protected":false},"excerpt":{"rendered":"<p>Boom Cylinder For Yanmar SV025-6 Understanding the Boom Cylinder The boom cylinder is an essential hydraulic component, specifically designed for controlling the movement of buckets in heavy machinery such as excavators, backhoe loaders, and front loaders. This hydraulic cylinder allows for lifting, lowering, and tilting motions, thereby facilitating material handling tasks efficiently. Constructed to endure [&hellip;]<\/p>","protected":false},"featured_media":17881,"comment_status":"open","ping_status":"closed","template":"","meta":{"_et_pb_use_builder":"","_et_pb_old_content":"","_et_gb_content_width":""},"product_brand":[],"product_cat":[1546],"product_tag":[1547,1496],"class_list":{"0":"post-19558","1":"product","2":"type-product","3":"status-publish","4":"has-post-thumbnail","6":"product_cat-boom-cylinders","7":"product_tag-boom-cylinders","8":"product_tag-hydraulic-cylinders","10":"first","11":"instock","12":"shipping-taxable","13":"product-type-simple"},"amp_enabled":true,"_links":{"self":[{"href":"https:\/\/www.hydraulic-cylinders.net\/lv\/wp-json\/wp\/v2\/product\/19558","targetHints":{"allow":["GET"]}}],"collection":[{"href":"https:\/\/www.hydraulic-cylinders.net\/lv\/wp-json\/wp\/v2\/product"}],"about":[{"href":"https:\/\/www.hydraulic-cylinders.net\/lv\/wp-json\/wp\/v2\/types\/product"}],"replies":[{"embeddable":true,"href":"https:\/\/www.hydraulic-cylinders.net\/lv\/wp-json\/wp\/v2\/comments?post=19558"}],"wp:featuredmedia":[{"embeddable":true,"href":"https:\/\/www.hydraulic-cylinders.net\/lv\/wp-json\/wp\/v2\/media\/17881"}],"wp:attachment":[{"href":"https:\/\/www.hydraulic-cylinders.net\/lv\/wp-json\/wp\/v2\/media?parent=19558"}],"wp:term":[{"taxonomy":"product_brand","embeddable":true,"href":"https:\/\/www.hydraulic-cylinders.net\/lv\/wp-json\/wp\/v2\/product_brand?post=19558"},{"taxonomy":"product_cat","embeddable":true,"href":"https:\/\/www.hydraulic-cylinders.net\/lv\/wp-json\/wp\/v2\/product_cat?post=19558"},{"taxonomy":"product_tag","embeddable":true,"href":"https:\/\/www.hydraulic-cylinders.net\/lv\/wp-json\/wp\/v2\/product_tag?post=19558"}],"curies":[{"name":"wp","href":"https:\/\/api.w.org\/{rel}","templated":true}]}}