{"id":19561,"date":"2025-04-07T06:54:31","date_gmt":"2025-04-07T06:54:31","guid":{"rendered":"https:\/\/www.hydraulic-cylinders.net\/product\/boom-cylinder-for-yanmar-v55-6\/"},"modified":"2025-04-07T06:54:37","modified_gmt":"2025-04-07T06:54:37","slug":"boom-cylinder-for-yanmar-v55-6","status":"publish","type":"product","link":"https:\/\/www.hydraulic-cylinders.net\/lv\/products\/boom-cylinder-for-yanmar-v55-6\/","title":{"rendered":"Str\u0113les cilindrs Yanmar V55-6"},"content":{"rendered":"<h1>Str\u0113les cilindrs Yanmar V55-6<\/h1>\n<h2>Ievads str\u0113les cilindr\u0101<\/h2>\n<p>Str\u0113les cilindrs ir b\u016btiska smago ma\u0161\u012bnu sast\u0101vda\u013ca, kas \u012bpa\u0161i paredz\u0113ta t\u0101d\u0101m ma\u0161\u012bn\u0101m k\u0101 ekskavatori, ekskavatori-iekr\u0101v\u0113ji un front\u0101lie iekr\u0101v\u0113ji. Tam ir iz\u0161\u0137iro\u0161a noz\u012bme kausa kust\u012bbas kontrol\u0113\u0161an\u0101, \u013caujot tam pacelt, nolaist un sasv\u0113rties. \u0160\u012b funkcionalit\u0101te ir b\u016btiska efekt\u012bviem materi\u0101lu apstr\u0101des uzdevumiem da\u017e\u0101dos pielietojumos, tostarp b\u016bvniec\u012bbas un lauksaimniec\u012bbas darbos.<\/p>\n<p><img decoding=\"async\" src=\"https:\/\/www.hydraulic-cylinders.net\/wp-content\/uploads\/2025\/04\/songte-company-1.webp\" alt=\"Str\u0113les cilindrs Yanmar V55-6\" \/><\/p>\n<h3>Defin\u012bcija un p\u0101rskats<\/h3>\n<p>Str\u0113les cilindrs, kas paz\u012bstams ar\u012b k\u0101 kausa cilindrs, ir hidraulisk\u0101 cilindra veids, ko \u012bpa\u0161i izmanto smago ma\u0161\u012bnu kausu kust\u012bbu kontrolei. Tam ir iz\u0161\u0137iro\u0161a noz\u012bme hidrauliskaj\u0101s sist\u0113m\u0101s, jo tas nodro\u0161ina da\u017e\u0101das kust\u012bbas, p\u0101rveidojot hidraulisko ener\u0123iju meh\u0101niskaj\u0101 ener\u0123ij\u0101. Str\u0113les cilindrs \u013cauj operatoriem prec\u012bzi kontrol\u0113t kausa poz\u012bciju, nodro\u0161inot precizit\u0101ti un efektivit\u0101ti materi\u0101lu cel\u0161an\u0101 un p\u0101rvieto\u0161an\u0101.<\/p>\n<h2>Str\u0113les cilindra \u012bpa\u0161\u012bbas<\/h2>\n<ul>\n<li><strong>Augsta iztur\u012bba un ilgm\u016b\u017e\u012bba:<\/strong> Izgatavots no augstas stipr\u012bbas t\u0113rauda vai alum\u012bnija, tas var iztur\u0113t augstu spiedienu un lielas slodzes. T\u0101 konstrukcija ir veidota, \u0146emot v\u0113r\u0101 nodilumiztur\u012bbu un korozijas iztur\u012bbu, iev\u0113rojami pagarinot t\u0101 kalpo\u0161anas laiku.<\/li>\n<li><strong>Efekt\u012bva hidraulisk\u0101 darb\u012bba:<\/strong> Izmanto hidraulisk\u0101s e\u013c\u013cas spiedienu vienm\u0113r\u012bgai izvilk\u0161anai un ievilk\u0161anai, nodro\u0161inot \u0101tru reakciju uz vad\u012bbas komand\u0101m un jaud\u012bgu stum\u0161anas un vilk\u0161anas sp\u0113ku, kas ir ide\u0101li piem\u0113rots smagu priek\u0161metu apstr\u0101dei un sare\u017e\u0123\u012btu uzdevumu veik\u0161anai.<\/li>\n<li><strong>Veidu da\u017e\u0101d\u012bba:<\/strong> Pieejams vienk\u0101r\u0161\u0101s darb\u012bbas (hidraulisk\u0101 darb\u012bba vien\u0101 virzien\u0101) vai divk\u0101r\u0161\u0101s darb\u012bbas (hidraulisk\u0101 darb\u012bba abos virzienos) konfigur\u0101cij\u0101s, lai apmierin\u0101tu da\u017e\u0101das ekspluat\u0101cijas vajadz\u012bbas. Da\u017eiem mode\u013ciem ir teleskopiska konstrukcija, kas \u013cauj pan\u0101kt liel\u0101ku pagarin\u0101jumu, nepalielinot \u0101r\u0113jos izm\u0113rus, t\u0101p\u0113c tie ir piem\u0113roti lieto\u0161anai ierobe\u017eot\u0101 telp\u0101.<\/li>\n<\/ul>\n<h3>M\u016bsu ra\u017eo\u0161anas iesp\u0113jas<\/h3>\n<p>M\u0113s specializ\u0113jamies \u0161\u012b produkta ra\u017eo\u0161an\u0101, nodro\u0161inot, ka m\u016bsu cilindri var perfekti aizst\u0101t eso\u0161os hidrauliskos cilindrus.<\/p>\n<p><img decoding=\"async\" src=\"https:\/\/www.hydraulic-cylinders.net\/wp-content\/uploads\/2025\/04\/songte-cylinder-head-with-all-kinds-excavator-models.webp\" alt=\"Hidrauliskais cilindrs ekskavatoriem\" \/><\/p>\n<h2>Str\u0113les cilindra pielietojums<\/h2>\n<h3>Celtniec\u012bbas apr\u012bkojums<\/h3>\n<p>Ekskavatoros str\u0113les cilindri ir svar\u012bgi rak\u0161anai, iekrau\u0161anai un augsnes vai gru\u017eu p\u0101rvieto\u0161anai. Tie \u013cauj veikt prec\u012bzas rak\u0161anas darb\u012bbas, nodro\u0161inot, ka operators var efekt\u012bvi izrakt nepiecie\u0161amos materi\u0101lus. Ekskavatoros-iekr\u0101v\u0113jos str\u0113les cilindrs pal\u012bdz gan rak\u0161an\u0101, gan cel\u0161an\u0101, padarot to par neaizst\u0101jamu b\u016bvniec\u012bbas uzdevumu sast\u0101vda\u013cu.<\/p>\n<h3>Lauksaimniec\u012bbas tehnika<\/h3>\n<p>Front\u0101lajos iekr\u0101v\u0113jos str\u0113les cilindri pal\u012bdz gr\u0101bt, pacelt un transport\u0113t augsni, sienu un citus materi\u0101lus. \u0160\u012bs funkcijas ir \u013coti svar\u012bgas efekt\u012bvai lauksaimniec\u012bbas darb\u012bbai, nodro\u0161inot, ka smagas kravas var p\u0101rvietot viegli un prec\u012bzi.<\/p>\n<h3>Ekskavatori<\/h3>\n<p>Ekskavatoros str\u0113les cilindrs \u013cauj kausam iek\u013c\u016bt augsn\u0113, atvieglojot rak\u0161anas darb\u012bbu. T\u0101 iztur\u012bg\u0101 konstrukcija nodro\u0161ina, ka tas var iztur\u0113t slodzi, kas saist\u012bta ar iek\u013c\u016b\u0161anu ciet\u0101 zem\u0113, padarot to par b\u016btisku sast\u0101vda\u013cu zemes p\u0101rvieto\u0161anas darbos.<\/p>\n<h3>Iekr\u0101v\u0113ji<\/h3>\n<p>Front\u0101lajos iekr\u0101v\u0113jos str\u0113les cilindri pal\u012bdz efekt\u012bvi pacelt un izg\u0101zt kravas. To sp\u0113ja nodro\u0161in\u0101t sp\u0113c\u012bgu celtsp\u0113ju nodro\u0161ina, ka operatori var efekt\u012bvi p\u0101rvald\u012bt materi\u0101lu transport\u0113\u0161anu, uzlabojot produktivit\u0101ti darba viet\u0101.<\/p>\n<h2>Dizaina apsv\u0113rumi un atlases krit\u0113riji<\/h2>\n<h3>Kravnes\u012bba<\/h3>\n<p>Str\u0113les cilindra kravnes\u012bba ir kritisks faktors t\u0101 konstrukcij\u0101. Tam j\u0101sp\u0113j iztur\u0113t maksim\u0101lo svaru, ar kuru tas saskarsies ekspluat\u0101cijas laik\u0101. Ra\u017eot\u0101ji parasti nor\u0101da kravnes\u012bbas v\u0113rt\u0113jumus, pamatojoties uz stingriem testiem, lai nodro\u0161in\u0101tu dro\u0161\u012bbu un uzticam\u012bbu. Atbilsto\u0161as \u200b\u200bkravnes\u012bbas izv\u0113le ir \u013coti svar\u012bga, lai nov\u0113rstu iesp\u0113jamus boj\u0101jumus intens\u012bvas ekspluat\u0101cijas laik\u0101.<\/p>\n<h3>Bl\u012bv\u0113\u0161anas meh\u0101nismi<\/h3>\n<p>Efekt\u012bva bl\u012bv\u0113\u0161ana ir b\u016btiska hidraulisk\u0101s sist\u0113mas integrit\u0101tes uztur\u0113\u0161anai. Bl\u012bv\u0113jumu, piem\u0113ram, virzu\u013ca bl\u012bv\u0113jumu un stie\u0146a bl\u012bv\u0113jumu, izv\u0113le ietekm\u0113 cilindra darb\u012bbas efektivit\u0101ti un ilgm\u016b\u017e\u012bbu. Bl\u012bv\u0113jumi, kas izgatavoti no augstas kvalit\u0101tes materi\u0101liem, piem\u0113ram, poliuret\u0101na vai nitrila gumijas, samazina nodilumu un nov\u0113r\u0161 nopl\u016bdes, t\u0101d\u0113j\u0101di nodro\u0161inot optim\u0101lu veiktsp\u0113ju. Regul\u0101ras bl\u012bv\u0113jumu p\u0101rbaudes ir nepiecie\u0161amas, lai laikus paman\u012btu jebk\u0101das nodiluma paz\u012bmes, kas ilgtermi\u0146\u0101 var ietaup\u012bt remonta izmaksas.<\/p>\n<h3>Iztur\u012bba<\/h3>\n<p>Iztur\u012bba ir galvenais apsv\u0113rums, projekt\u0113jot str\u0113les cilindrus. Tiem j\u0101iztur skarbi vides apst\u0101k\u013ci, tostarp ekstrem\u0101las temperat\u016bras, mitrums un \u0137\u012bmisko vielu iedarb\u012bba. Materi\u0101li un p\u0101rkl\u0101jumi tiek \u012bpa\u0161i izv\u0113l\u0113ti, \u0146emot v\u0113r\u0101 to iztur\u012bbu pret koroziju un nodilumu. Iztur\u012bga konstrukcija ne tikai uzlabo cilindra kalpo\u0161anas laiku, bet ar\u012b samazina d\u012bkst\u0101ves laiku apkopes vai nomai\u0146as d\u0113\u013c.<\/p>\n<h3>Dro\u0161\u012bbas funkcijas<\/h3>\n<p>Dro\u0161\u012bba ir \u0101rk\u0101rt\u012bgi svar\u012bga hidraulisko cilindru konstrukcij\u0101. T\u0101das funkcijas k\u0101 p\u0101rslodzes aizsardz\u012bba un spiediena samazin\u0101\u0161anas v\u0101rsti pal\u012bdz pasarg\u0101t no negaid\u012btiem boj\u0101jumiem. \u0160ie dro\u0161\u012bbas pas\u0101kumi nodro\u0161ina, ka operatori var str\u0101d\u0101t ar p\u0101rliec\u012bbu, samazinot negad\u012bjumu un traumu risku darba viet\u0101.<\/p>\n<h3>Apkopes vienk\u0101r\u0161\u012bba<\/h3>\n<p>Str\u0113les cilindru projekt\u0113\u0161ana, lai tos b\u016btu viegli apkopt un remont\u0113t, ir \u013coti svar\u012bga ilgsto\u0161ai lieto\u0161anai un efektivit\u0101tei. Pieejamu komponentu iek\u013cau\u0161ana un skaidras apkopes vadl\u012bnijas \u013cauj \u0101tr\u0101k veikt remontu, samazinot d\u012bkst\u0101ves laiku. Ra\u017eot\u0101jiem, projekt\u0113jot cilindru, j\u0101\u0146em v\u0113r\u0101 gala lietot\u0101ja apkopes iesp\u0113jas, nodro\u0161inot, ka to var efekt\u012bvi apkalpot, neizmantojot specializ\u0113tus instrumentus vai apm\u0101c\u012bbu.<\/p>\n<p><img decoding=\"async\" src=\"https:\/\/www.hydraulic-cylinders.net\/wp-content\/uploads\/2025\/04\/songte-oil-pipes-and-spare-parts.webp\" alt=\"Hidraulisko cilindru deta\u013cas\" \/><\/p>\n<h2>Bl\u012bv\u0113\u0161ana un e\u013c\u013co\u0161ana<\/h2>\n<p>Efekt\u012bva bl\u012bv\u0113\u0161ana un e\u013c\u013co\u0161ana ir b\u016btiska, lai uztur\u0113tu str\u0113les cilindru veiktsp\u0113ju. Da\u017e\u0101di bl\u012bv\u0113\u0161anas elementi, piem\u0113ram, virzu\u013ca bl\u012bv\u0113jumi un stie\u0146a bl\u012bv\u0113jumi, ir kritiski svar\u012bgi, lai nov\u0113rstu hidraulisk\u0101 \u0161\u0137idruma nopl\u016bdi. Ir \u013coti svar\u012bgi izv\u0113l\u0113ties bl\u012bv\u0113jumus, kas izgatavoti no iztur\u012bgiem materi\u0101liem, piem\u0113ram, poliuret\u0101na un nitrila gumijas, kas nodro\u0161ina izcilu nodilumiztur\u012bbu. Cilindra korpuss un v\u012bt\u0146otie gali ir smalki apstr\u0101d\u0101ti, lai uzlabotu iztur\u012bbu un nodilumiztur\u012bbu. Regul\u0101ra e\u013c\u013co\u0161ana ar atbilsto\u0161u hidraulisko e\u013c\u013cu ir nepiecie\u0161ama, lai nodro\u0161in\u0101tu cilindra vienm\u0113r\u012bgu darb\u012bbu un samazin\u0101tu berzi, kas var izrais\u012bt priek\u0161laic\u012bgu nodilumu un boj\u0101jumus.<\/p>\n<h2>Prevent\u012bvie apkopes pas\u0101kumi<\/h2>\n<ul>\n<li><strong>Regul\u0101ras p\u0101rbaudes:<\/strong> Regul\u0101ras hidraulisk\u0101s sist\u0113mas p\u0101rbaudes var pal\u012bdz\u0113t noteikt agr\u012bnas nodiluma vai boj\u0101jumu paz\u012bmes. P\u0101rbaudiet nopl\u016bdes, sprieguma punktus un kop\u0113jo funkcionalit\u0101ti.<\/li>\n<li><strong>Pareiza e\u013c\u013co\u0161ana:<\/strong> Atbilsto\u0161a e\u013c\u013co\u0161anas l\u012bme\u0146a uztur\u0113\u0161ana ir \u013coti svar\u012bga, lai samazin\u0101tu nodilumu un pagarin\u0101tu cilindra kalpo\u0161anas laiku. P\u0101rliecinieties, ka tiek izmantota atbilsto\u0161a hidraulisk\u0101 e\u013c\u013ca un ka l\u012bme\u0146i tiek regul\u0101ri p\u0101rbaud\u012bti.<\/li>\n<li><strong>Bl\u012bv\u0113juma nomai\u0146a:<\/strong> Regul\u0101ri p\u0101rbaudiet bl\u012bves, vai nav nodiluma paz\u012bmju, un nekav\u0113joties nomainiet t\u0101s, lai nov\u0113rstu nopl\u016bdes un saglab\u0101tu sist\u0113mas efektivit\u0101ti.<\/li>\n<\/ul>\n<h2>Uzst\u0101d\u012b\u0161anas vadl\u012bnijas<\/h2>\n<p>Pareiza str\u0113les cilindra uzst\u0101d\u012b\u0161ana ir \u013coti svar\u012bga optim\u0101lai veiktsp\u0113jai. Vispirms p\u0101rliecinieties, vai cilindrs ir pareizi izl\u012bdzin\u0101ts ar mont\u0101\u017eas kron\u0161teiniem. Izmantojiet atbilsto\u0161us mont\u0101\u017eas balstus, lai nostiprin\u0101tu cilindru viet\u0101. Ir svar\u012bgi iev\u0113rot ra\u017eot\u0101ja specifik\u0101cijas attiec\u012bb\u0101 uz griezes momenta iestat\u012bjumiem un izl\u012bdzin\u0101\u0161anas pielaid\u0113m. P\u0113c uzst\u0101d\u012b\u0161anas p\u0101rbaudiet hidrauliskos savienojumus, lai p\u0101rliecin\u0101tos, ka nav nopl\u016b\u017eu. P\u0113c uzst\u0101d\u012b\u0161anas ieteicams palaist sist\u0113mu piln\u0101 kust\u012bbas diapazon\u0101, lai apstiprin\u0101tu pareizu darb\u012bbu un laikus atkl\u0101tu visas probl\u0113mas.<\/p>\n<h2>Bie\u017ei sastopamie apkopes uzdevumi<\/h2>\n<ul>\n<li><strong>Regul\u0101ras p\u0101rbaudes:<\/strong> Regul\u0101ru p\u0101rbau\u017eu veik\u0161ana \u013cauj identific\u0113t potenci\u0101l\u0101s probl\u0113mas, pirms t\u0101s saasin\u0101s. Mekl\u0113jiet nodiluma, nopl\u016b\u017eu vai noguruma paz\u012bmes cilindr\u0101 un apk\u0101rt\u0113j\u0101s deta\u013c\u0101s.<\/li>\n<li><strong>Piem\u0113rota e\u013c\u013co\u0161ana:<\/strong> Regul\u0101ra e\u013c\u013co\u0161ana ir b\u016btiska, lai samazin\u0101tu berzi un nodilumu. P\u0101rliecinieties, ka tiek izmantots pareizais hidraulisk\u0101s e\u013c\u013cas veids un daudzums, un iev\u0113rojiet ra\u017eot\u0101ja nor\u0101d\u012bjumus par e\u013c\u013co\u0161anas bie\u017eumu.<\/li>\n<li><strong>Bl\u012bv\u0113juma nomai\u0146as un kalibr\u0113\u0161anas p\u0101rbaudes:<\/strong> Regul\u0101ri p\u0101rbaudiet bl\u012bv\u0113jumu nodilumu un nomainiet tos p\u0113c nepiecie\u0161am\u012bbas. Kalibr\u0113\u0161anas p\u0101rbaudes nodro\u0161ina, ka cilindrs darbojas noteikto parametru robe\u017e\u0101s, saglab\u0101jot sist\u0113mas efektivit\u0101ti un dro\u0161\u012bbu.<\/li>\n<\/ul>\n<p>Pareiza uzst\u0101d\u012b\u0161ana, e\u013c\u013co\u0161ana un regul\u0113\u0161ana ir \u013coti svar\u012bga, lai nodro\u0161in\u0101tu str\u0113les cilindra ilgm\u016b\u017e\u012bbu un efektivit\u0101ti. Uzst\u0101d\u012b\u0161anas laik\u0101 p\u0101rliecinieties, vai cilindrs ir pareizi izl\u012bdzin\u0101ts un dro\u0161i piestiprin\u0101ts, izmantojot atbilsto\u0161us balstus. Stingri j\u0101iev\u0113ro ieteicam\u0101 prakse deta\u013cu p\u0101rbaudei, remontam un nomai\u0146ai. \u0160o strat\u0113\u0123iju ievie\u0161ana uzlabos str\u0113les cilindra kalpo\u0161anas laiku un veiktsp\u0113ju.<\/p>\n<p><img decoding=\"async\" src=\"https:\/\/www.hydraulic-cylinders.net\/wp-content\/uploads\/2025\/04\/songte-chushion-collar.webp\" alt=\"Hidraulisko cilindru spilvena apkakle\" \/><\/p>\n<h2>Dro\u0161\u012bbas apsv\u0113rumi un vides faktori<\/h2>\n<p>Izmantojot str\u0113les cilindrus, dro\u0161\u012bbas pas\u0101kumu ievie\u0161ana ir \u0101rk\u0101rt\u012bgi svar\u012bga. Operatoriem j\u0101b\u016bt apm\u0101c\u012btiem dro\u0161\u0101 ekspluat\u0101cijas praks\u0113, lai samazin\u0101tu negad\u012bjumu risku. Turkl\u0101t ir svar\u012bgi izprast vides faktorus, kas var ietekm\u0113t hidraulisko cilindru darb\u012bbu, piem\u0113ram, temperat\u016bras sv\u0101rst\u012bbas un saskari ar b\u012bstam\u0101m viel\u0101m. Regul\u0101ras dro\u0161\u012bbas p\u0101rbaudes var pal\u012bdz\u0113t identific\u0113t iesp\u0113jamos riskus un nodro\u0161in\u0101t atbilst\u012bbu dro\u0161\u012bbas noteikumiem.<\/p>\n<h2>K\u013c\u016bmju diagnostika un bie\u017e\u0101k sastopam\u0101s probl\u0113mas<\/h2>\n<ul>\n<li><strong>Hidraulisk\u0101s nopl\u016bdes:<\/strong> Nopl\u016bdes var rasties nolietotu bl\u012bv\u0113jumu vai boj\u0101tu deta\u013cu d\u0113\u013c. Regul\u0101ras p\u0101rbaudes un savlaic\u012bga nomai\u0146a var mazin\u0101t \u0161o probl\u0113mu.<\/li>\n<li><strong>L\u0113na darb\u012bba:<\/strong> Ja cilindrs darbojas l\u0113ni, tas var liecin\u0101t par zemu hidraulisk\u0101 \u0161\u0137idruma l\u012bmeni vai pies\u0101r\u0146ojumu. Regul\u0101ra apkope un \u0161\u0137idrumu p\u0101rbaudes ir b\u016btiskas.<\/li>\n<li><strong>Neparastas ska\u0146as:<\/strong> Darb\u012bbas laik\u0101 dzirdami trok\u0161\u0146i var liecin\u0101t par meh\u0101nisku nodilumu vai gaisu hidrauliskaj\u0101 sist\u0113m\u0101. \u0160o probl\u0113mu savlaic\u012bga identific\u0113\u0161ana un nov\u0113r\u0161ana var nov\u0113rst turpm\u0101kus boj\u0101jumus.<\/li>\n<\/ul>\n<h2>Probl\u0113mu nov\u0113r\u0161anas padomi un risin\u0101jumi<\/h2>\n<p>Lai efekt\u012bvi diagnostic\u0113tu un nov\u0113rstu probl\u0113mas ar str\u0113les cilindriem, operatoriem j\u0101iev\u0113ro noteikti so\u013ci. S\u0101ciet ar hidraulisk\u0101 \u0161\u0137idruma l\u012bme\u0146a p\u0101rbaudi un nopl\u016b\u017eu p\u0101rbaudi. Ja tiek nov\u0113rota l\u0113na darb\u012bba, nov\u0113rt\u0113jiet sist\u0113mas pies\u0101r\u0146ojumu un nomainiet \u0161\u0137idrumus p\u0113c nepiecie\u0161am\u012bbas. Neparasti trok\u0161\u0146i j\u0101p\u0101rbauda, \u200b\u200bp\u0101rbaudot bl\u012bves un meh\u0101nisk\u0101s sast\u0101vda\u013cas, vai t\u0101m nav nodiluma vai boj\u0101jumu. Prevent\u012bvu pas\u0101kumu, piem\u0113ram, regul\u0101ras apkopes un ekspluat\u0101cijas vadl\u012bniju iev\u0113ro\u0161anas, ievie\u0161ana var iev\u0113rojami samazin\u0101t \u0161o probl\u0113mu ra\u0161anos.<\/p>\n<p><img decoding=\"async\" src=\"https:\/\/www.hydraulic-cylinders.net\/wp-content\/uploads\/2025\/04\/songte-bushings-with-all-kinds-of-excavator-models.webp\" alt=\"Hidraulisko cilindru bukses\" \/><\/p>\n<h2>Uz\u0146\u0113muma p\u0101rskats<\/h2>\n<p>M\u0113s esam vado\u0161ais rezerves hidraulisko cilindru ra\u017eot\u0101js, kas specializ\u0113jas pla\u0161\u0101 produktu kl\u0101st\u0101. M\u016bsu uz\u0146\u0113mums ir k\u013cuvis par galveno sp\u0113l\u0113t\u0101ju viet\u0113j\u0101 un starptautiskaj\u0101 hidraulisko cilindru ra\u017eo\u0161anas un vairumtirdzniec\u012bbas tirg\u016b. M\u0113s iev\u0113rojam izcil\u012bbu kvalit\u0101t\u0113 un izmantojam izsmalcin\u0101tas ra\u017eo\u0161anas vad\u012bbas strat\u0113\u0123ijas. Koncentr\u0113joties uz prec\u012bzu ra\u017eo\u0161anu, modernu digit\u0101lo apr\u012bkojumu un profesion\u0101l\u0101m test\u0113\u0161anas sist\u0113m\u0101m, m\u0113s past\u0101v\u012bgi uzlabojam savas ra\u017eo\u0161anas iesp\u0113jas. M\u016bsu sp\u0113c\u012bg\u0101s iesp\u0113jas nodro\u0161ina, ka m\u0113s apmierin\u0101m m\u016bsu klientu da\u017e\u0101d\u0101s vajadz\u012bbas ar augstu efektivit\u0101ti, precizit\u0101ti un kvalit\u0101ti.<\/p>\n<p><img decoding=\"async\" src=\"https:\/\/www.hydraulic-cylinders.net\/wp-content\/uploads\/2025\/04\/songte-company-4.webp\" alt=\"Uz\u0146\u0113muma p\u0101rskats 1\" \/><br \/>\n<img decoding=\"async\" src=\"https:\/\/www.hydraulic-cylinders.net\/wp-content\/uploads\/2025\/04\/songte-company-3.webp\" alt=\"Uz\u0146\u0113muma p\u0101rskats 2\" \/><\/p>\n<h2>Secin\u0101jums<\/h2>\n<p>Ar m\u016bsu ap\u0146em\u0161anos sniegt profesion\u0101lu apkalpo\u0161anu, starptautiskiem sertifik\u0101tiem un piel\u0101gojamiem risin\u0101jumiem m\u0113s nodro\u0161in\u0101m, ka m\u016bsu produkti izce\u013cas tirg\u016b. M\u016bsu modern\u0101k\u0101s ra\u017eo\u0161anas iek\u0101rtas un specializ\u0113tais p\u0113cp\u0101rdo\u0161anas serviss v\u0113l vair\u0101k palielina m\u016bsu uzticam\u012bbu un klientu apmierin\u0101t\u012bbu.<\/p>\n<p>Autors: lil<\/p>","protected":false},"excerpt":{"rendered":"<p>Boom Cylinder For Yanmar V55-6 Introduction to Boom Cylinder The Boom Cylinder is a vital component in heavy machinery, specifically designed for machines like excavators, backhoe loaders, and front loaders. It plays a crucial role in controlling the movement of the bucket, allowing it to lift, lower, and tilt. This functionality is essential for efficient [&hellip;]<\/p>","protected":false},"featured_media":17869,"comment_status":"open","ping_status":"closed","template":"","meta":{"_et_pb_use_builder":"","_et_pb_old_content":"","_et_gb_content_width":""},"product_brand":[],"product_cat":[1546],"product_tag":[1547,1496],"class_list":{"0":"post-19561","1":"product","2":"type-product","3":"status-publish","4":"has-post-thumbnail","6":"product_cat-boom-cylinders","7":"product_tag-boom-cylinders","8":"product_tag-hydraulic-cylinders","10":"first","11":"instock","12":"shipping-taxable","13":"product-type-simple"},"amp_enabled":true,"_links":{"self":[{"href":"https:\/\/www.hydraulic-cylinders.net\/lv\/wp-json\/wp\/v2\/product\/19561","targetHints":{"allow":["GET"]}}],"collection":[{"href":"https:\/\/www.hydraulic-cylinders.net\/lv\/wp-json\/wp\/v2\/product"}],"about":[{"href":"https:\/\/www.hydraulic-cylinders.net\/lv\/wp-json\/wp\/v2\/types\/product"}],"replies":[{"embeddable":true,"href":"https:\/\/www.hydraulic-cylinders.net\/lv\/wp-json\/wp\/v2\/comments?post=19561"}],"wp:featuredmedia":[{"embeddable":true,"href":"https:\/\/www.hydraulic-cylinders.net\/lv\/wp-json\/wp\/v2\/media\/17869"}],"wp:attachment":[{"href":"https:\/\/www.hydraulic-cylinders.net\/lv\/wp-json\/wp\/v2\/media?parent=19561"}],"wp:term":[{"taxonomy":"product_brand","embeddable":true,"href":"https:\/\/www.hydraulic-cylinders.net\/lv\/wp-json\/wp\/v2\/product_brand?post=19561"},{"taxonomy":"product_cat","embeddable":true,"href":"https:\/\/www.hydraulic-cylinders.net\/lv\/wp-json\/wp\/v2\/product_cat?post=19561"},{"taxonomy":"product_tag","embeddable":true,"href":"https:\/\/www.hydraulic-cylinders.net\/lv\/wp-json\/wp\/v2\/product_tag?post=19561"}],"curies":[{"name":"wp","href":"https:\/\/api.w.org\/{rel}","templated":true}]}}