{"id":19563,"date":"2025-04-07T06:54:40","date_gmt":"2025-04-07T06:54:40","guid":{"rendered":"https:\/\/www.hydraulic-cylinders.net\/product\/boom-cylinder-for-yanmar-vib65\/"},"modified":"2025-04-07T06:54:49","modified_gmt":"2025-04-07T06:54:49","slug":"boom-cylinder-for-yanmar-vib65","status":"publish","type":"product","link":"https:\/\/www.hydraulic-cylinders.net\/lv\/products\/boom-cylinder-for-yanmar-vib65\/","title":{"rendered":"Str\u0113les cilindrs Yanmar VIB65"},"content":{"rendered":"<h1>Str\u0113les cilindrs Yanmar VIB65<\/h1>\n<h2>Produkta p\u0101rskats<\/h2>\n<p>Yanmar VIB65 str\u0113les cilindrs ir svar\u012bga hidrauliska sast\u0101vda\u013ca, kas \u012bpa\u0161i paredz\u0113ta smagaj\u0101m ma\u0161\u012bn\u0101m, \u012bpa\u0161i ekskavatoriem, iekr\u0101v\u0113jiem un front\u0101lajiem iekr\u0101v\u0113jiem. \u0160is hidrauliskais cilindrs \u013cauj str\u0113lei pacelt, nolaist un noliekt kausu, t\u0101d\u0113j\u0101di atvieglojot efekt\u012bvus materi\u0101lu apstr\u0101des uzdevumus. Hidrauliskaj\u0101 sist\u0113m\u0101 str\u0113les cilindriem ir iz\u0161\u0137iro\u0161a noz\u012bme, p\u0101rveidojot hidraulisko spiedienu meh\u0101nisk\u0101 sp\u0113k\u0101, lai neman\u0101mi veiktu da\u017e\u0101das darb\u012bbas. Tie ir b\u016btiski t\u0101diem uzdevumiem k\u0101 rak\u0161ana, cel\u0161ana un materi\u0101lu p\u0101rvieto\u0161ana, nodro\u0161inot prec\u012bzu kontroli un veiktsp\u0113ju sare\u017e\u0123\u012btos darba apst\u0101k\u013cos.<\/p>\n<p><img decoding=\"async\" src=\"https:\/\/www.hydraulic-cylinders.net\/wp-content\/uploads\/2025\/04\/songte-company-1.webp\" alt=\"Str\u0113les cilindrs Yanmar VIB65\"><\/p>\n<h2>Str\u0113les cilindra \u012bpa\u0161\u012bbas<\/h2>\n<ul>\n<li><strong>Augsta iztur\u012bba un ilgm\u016b\u017e\u012bba:<\/strong> Izgatavots no augstas stipr\u012bbas t\u0113rauda vai alum\u012bnija, \u0161is cilindrs var iztur\u0113t augstu spiedienu un lielas slodzes, padarot to piem\u0113rotu skarbiem darba apst\u0101k\u013ciem.<\/li>\n<li><strong>Efekt\u012bva hidraulisk\u0101 darb\u012bba:<\/strong> Cilindrs izmanto hidraulisk\u0101s e\u013c\u013cas spiedienu, lai nodro\u0161in\u0101tu vienm\u0113r\u012bgu izvilk\u0161anu un ievilk\u0161anu, \u0101tri rea\u0123\u0113jot uz vad\u012bbas komand\u0101m un nodro\u0161inot sp\u0113c\u012bgu stum\u0161anas un vilk\u0161anas sp\u0113ku.<\/li>\n<li><strong>Da\u017e\u0101di veidi:<\/strong> Pieejams vienk\u0101r\u0161\u0101s darb\u012bbas (hidraulisk\u0101 sist\u0113ma tiek izmantota vien\u0101 virzien\u0101) vai divk\u0101r\u0161\u0101s darb\u012bbas (hidraulisk\u0101 sist\u0113ma tiek izmantota abos virzienos) konfigur\u0101cij\u0101s, kas atbilst da\u017e\u0101d\u0101m ekspluat\u0101cijas vajadz\u012bb\u0101m.<\/li>\n<li><strong>Kompakts dizains:<\/strong> Da\u017eiem mode\u013ciem ir teleskopiska konstrukcija, kas nodro\u0161ina liel\u0101ku pagarin\u0101jumu, nepalielinot \u0101r\u0113jos izm\u0113rus, kas ir ide\u0101li piem\u0113rots lietojumiem ar ierobe\u017eotu vietu.<\/li>\n<li><strong>Korozijas iztur\u012bba:<\/strong> Izstr\u0101d\u0101ts ar nodilumiztur\u012bbas un pretkorozijas \u012bpa\u0161\u012bb\u0101m, lai pagarin\u0101tu kalpo\u0161anas laiku, nodro\u0161inot ilgm\u016b\u017e\u012bbu un uzticam\u012bbu.<\/li>\n<\/ul>\n<h2>Ra\u017eo\u0161anas iesp\u0113jas<\/h2>\n<p>M\u0113s specializ\u0113jamies Yanmar VIB65 str\u0113les cilindru ra\u017eo\u0161an\u0101, pied\u0101v\u0101jot produktus, kas lieliski aizst\u0101j eso\u0161os hidrauliskos cilindrus da\u017e\u0101d\u0101s ma\u0161\u012bn\u0101s.<\/p>\n<p><img decoding=\"async\" src=\"https:\/\/www.hydraulic-cylinders.net\/wp-content\/uploads\/2025\/04\/songte-cylinder-head-with-all-kinds-excavator-models.webp\" alt=\"Hidraulisko cilindru mode\u013ci\"><\/p>\n<h2>Lietojumprogrammu scen\u0101riji<\/h2>\n<h3>Celtniec\u012bbas apr\u012bkojums<\/h3>\n<p>Ekskavatoros str\u0113les cilindrs ir b\u016btisks rak\u0161anas un iekrau\u0161anas darbiem. Tas \u013cauj operatoram efekt\u012bvi p\u0101rvietot kausu, prec\u012bzi izrokot augsni vai gru\u017eus. Tas pats attiecas uz ekskavatoriem-iekr\u0101v\u0113jiem, kur str\u0113les cilindrs pal\u012bdz gan rak\u0161anas, gan cel\u0161anas darbos, nodro\u0161inot daudzpus\u012bbu b\u016bvlaukumos.<\/p>\n<h3>Lauksaimniec\u012bbas tehnika<\/h3>\n<p>Front\u0101lie iekr\u0101v\u0113ji izmanto str\u0113les cilindrus, lai paceltu, paceltu un transport\u0113tu t\u0101dus materi\u0101lus k\u0101 augsne un siens. Str\u0113les cilindra uzticam\u012bba lauksaimniec\u012bbas vid\u0113 nodro\u0161ina, ka t\u0101das darb\u012bbas k\u0101 iekrau\u0161ana un izkrau\u0161ana tiek veiktas vienm\u0113r\u012bgi, uzlabojot ra\u017e\u012bgumu saimniec\u012bb\u0101s.<\/p>\n<h3>Ekskavatori<\/h3>\n<p>Ekskavatoros str\u0113les cilindrs \u013cauj kausam efekt\u012bvi iek\u013c\u016bt zem\u0113, atvieglojot rak\u0161anas procesu. T\u0101 efekt\u012bva darb\u012bba ir \u013coti svar\u012bga da\u017e\u0101diem rak\u0161anas darbiem, nodro\u0161inot, ka smagas kravas var viegli apstr\u0101d\u0101t.<\/p>\n<h3>Iekr\u0101v\u0113ji<\/h3>\n<p>Front\u0101lajos iekr\u0101v\u0113jos str\u0113les cilindri pal\u012bdz efekt\u012bvi pacelt un izg\u0101zt materi\u0101lus. To loma ir b\u016btiska b\u016bvniec\u012bb\u0101 un ainavu veido\u0161an\u0101, kur materi\u0101lu \u0101tra un efekt\u012bva p\u0101rvieto\u0161ana var b\u016btiski ietekm\u0113t projekta laika grafiku.<\/p>\n<h2>Dizaina apsv\u0113rumi un atlases krit\u0113riji<\/h2>\n<h3>Kravnes\u012bba<\/h3>\n<p>Izv\u0113loties str\u0113les cilindru, ir svar\u012bgi \u0146emt v\u0113r\u0101 t\u0101 kravnes\u012bbu. Cilindram ir j\u0101iztur maksim\u0101l\u0101 slodze, ar kuru tas saskarsies ekspluat\u0101cijas laik\u0101, nodro\u0161inot dro\u0161\u012bbu un efektivit\u0101ti smag\u0101s slodzes darbos.<\/p>\n<h3>Bl\u012bv\u0113juma integrit\u0101te<\/h3>\n<p>Hidraulisko cilindru bl\u012bv\u0113jums ir \u013coti svar\u012bgs, lai nov\u0113rstu nopl\u016bdes un uztur\u0113tu spiedienu. Lai nodro\u0161in\u0101tu cilindra ilgm\u016b\u017e\u012bbu un samazin\u0101tu apkopes nepiecie\u0161am\u012bbu, j\u0101izmanto augstas kvalit\u0101tes bl\u012bv\u0113jumi.<\/p>\n<h3>Iztur\u012bba<\/h3>\n<p>Iztur\u012bba ir iz\u0161\u0137iro\u0161s faktors, jo str\u0113les cilindram ir j\u0101iztur skarbi apst\u0101k\u013ci. Ra\u017eo\u0161an\u0101 izmantotajiem materi\u0101liem j\u0101b\u016bt iztur\u012bgiem pret nodilumu un koroziju, pagarinot produkta kalpo\u0161anas laiku.<\/p>\n<h3>Dro\u0161\u012bbas funkcijas<\/h3>\n<p>Dro\u0161\u012bba hidrauliskaj\u0101s sist\u0113m\u0101s ir \u0101rk\u0101rt\u012bgi svar\u012bga. Projekt\u0113jum\u0101 j\u0101iek\u013cauj funkcijas, kas samazina negad\u012bjumu risku, piem\u0113ram, spiediena samazin\u0101\u0161anas v\u0101rsti un dro\u0161\u012bbas meh\u0101nismi, lai nov\u0113rstu katastrof\u0101las k\u013c\u016bmes.<\/p>\n<h3>Uzturam\u012bba<\/h3>\n<p>Ir svar\u012bgi projekt\u0113t str\u0113les cilindru t\u0101, lai to b\u016btu viegli apkopt. Komponentiem j\u0101b\u016bt pieejamiem p\u0101rbaudei, remontam un nomai\u0146ai, t\u0101d\u0113j\u0101di nodro\u0161inot efekt\u012bvu apkopi un samazinot d\u012bkst\u0101ves laiku.<\/p>\n<p><img decoding=\"async\" src=\"https:\/\/www.hydraulic-cylinders.net\/wp-content\/uploads\/2025\/04\/songte-oil-pipes-and-spare-parts.webp\" alt=\"Hidraulisko cilindru komponenti\"><\/p>\n<h2>Bl\u012bv\u0113\u0161ana un e\u013c\u013co\u0161ana<\/h2>\n<p>Efekt\u012bva bl\u012bv\u0113\u0161ana un e\u013c\u013co\u0161ana ir \u013coti svar\u012bga str\u0113les cilindra darb\u012bbai. Lai uztur\u0113tu spiedienu un nov\u0113rstu nopl\u016bdes, tiek izmantoti da\u017e\u0101di bl\u012bv\u0113jumi, piem\u0113ram, virzu\u013ca bl\u012bvgredzeni un stie\u0146a bl\u012bv\u0113jumi. Materi\u0101li, piem\u0113ram, poliuret\u0101ns un nitrilgumija, ir priek\u0161roka to iztur\u012bbai un nodilumiztur\u012bbai. Cilindra korpuss un v\u012bt\u0146otie gali tiek r\u016bp\u012bgi apstr\u0101d\u0101ti, lai uzlabotu nodilumiztur\u012bbu. Regul\u0101ra hidraulisk\u0101s e\u013c\u013cas pievieno\u0161ana e\u013c\u013co\u0161anai ir svar\u012bga ar\u012b, lai nodro\u0161in\u0101tu vienm\u0113r\u012bgu darb\u012bbu un nov\u0113rstu iek\u0161\u0113jo komponentu p\u0101rkar\u0161anu un nodilumu.<\/p>\n<h2>Regul\u0101ra p\u0101rbaude un profilaktisk\u0101 apkope<\/h2>\n<ul>\n<li><strong>Regul\u0101ras p\u0101rbaudes:<\/strong> Regul\u0101ri p\u0101rbaudiet str\u0113les cilindru, vai nav nodiluma vai boj\u0101jumu paz\u012bmju. Darb\u012bbas laik\u0101 mekl\u0113jiet nopl\u016bdes vai neparastas ska\u0146as, kas var\u0113tu liecin\u0101t par probl\u0113m\u0101m.<\/li>\n<li><strong>Pareiza e\u013c\u013co\u0161ana:<\/strong> Nodro\u0161iniet, lai vis\u0101m kust\u012bgaj\u0101m da\u013c\u0101m regul\u0101ri tiktu uzkl\u0101ta atbilsto\u0161a e\u013c\u013co\u0161ana. Tas pal\u012bdz uztur\u0113t optim\u0101lu veiktsp\u0113ju un samazin\u0101t nodilumu.<\/li>\n<li><strong>Bl\u012bv\u0113juma nomai\u0146a:<\/strong> Regul\u0101ri p\u0101rbaudiet bl\u012bves un nomainiet t\u0101s p\u0113c nepiecie\u0161am\u012bbas, lai nov\u0113rstu hidraulisk\u0101 \u0161\u0137idruma nopl\u016bdes un uztur\u0113tu spiedienu sist\u0113m\u0101.<\/li>\n<\/ul>\n<h2>Uzst\u0101d\u012b\u0161anas vadl\u012bnijas<\/h2>\n<p>Pareiza str\u0113les cilindra uzst\u0101d\u012b\u0161ana ir \u013coti svar\u012bga optim\u0101lai veiktsp\u0113jai. Vispirms p\u0101rliecinieties, vai mont\u0101\u017eas virsmas ir t\u012bras un bez gru\u017eiem. Pareizi izl\u012bdziniet cilindru, izmantojot atbilsto\u0161us mont\u0101\u017eas kron\u0161teinus, lai to nostiprin\u0101tu viet\u0101. Ir svar\u012bgi iev\u0113rot ra\u017eot\u0101ja specifik\u0101cijas attiec\u012bb\u0101 uz griezes momenta iestat\u012bjumiem un izl\u012bdzin\u0101\u0161anas pielaid\u0113m. P\u0113c uzst\u0101d\u012b\u0161anas veiciet r\u016bp\u012bgu p\u0101rbaudi, lai p\u0101rliecin\u0101tos, ka visas sast\u0101vda\u013cas ir pareizi saliktas, un veiciet testa braucienu, lai p\u0101rbaud\u012btu funkcionalit\u0101ti.<\/p>\n<h2>Bie\u017ei sastopamie apkopes uzdevumi<\/h2>\n<ul>\n<li><strong>Regul\u0101ras p\u0101rbaudes:<\/strong> Regul\u0101ri veiciet p\u0101rbaudes, lai noteiktu jebk\u0101dus nodiluma gad\u012bjumus vai boj\u0101jumus, kuriem var\u0113tu b\u016bt nepiecie\u0161ama uzman\u012bba.<\/li>\n<li><strong>Piem\u0113rota e\u013c\u013co\u0161ana:<\/strong> Lai nodro\u0161in\u0101tu vienm\u0113r\u012bgu darb\u012bbu un ilgm\u016b\u017e\u012bbu, nodro\u0161iniet visu kust\u012bgo da\u013cu atbilsto\u0161u e\u013c\u013co\u0161anu.<\/li>\n<li><strong>Bl\u012bv\u0113juma nomai\u0146a:<\/strong> Regul\u0101ri p\u0101rbaudiet un nomainiet bl\u012bves, lai izvair\u012btos no nopl\u016bd\u0113m un uztur\u0113tu sist\u0113mas spiedienu.<\/li>\n<\/ul>\n<p>Pareiza uzst\u0101d\u012b\u0161ana un izl\u012bdzin\u0101\u0161ana ir \u013coti svar\u012bga. Izmantojiet atbilsto\u0161us mont\u0101\u017eas kron\u0161teinus un p\u0101rliecinieties, vai cilindrs ir pareizi izl\u012bdzin\u0101ts, lai izvair\u012btos no p\u0101rm\u0113r\u012bgas slodzes uz deta\u013c\u0101m.<\/p>\n<h2>Dro\u0161\u012bbas apsv\u0113rumi un vides faktori<\/h2>\n<p>Izmantojot hidraulisk\u0101s sist\u0113mas, dro\u0161\u012bbas pas\u0101kumi ir \u0101rk\u0101rt\u012bgi svar\u012bgi. Atbilsto\u0161a operatoru apm\u0101c\u012bba par hidraulisko iek\u0101rtu lieto\u0161anu un dro\u0161\u012bbas protokolu iev\u0113ro\u0161ana var pal\u012bdz\u0113t nov\u0113rst negad\u012bjumus. Turkl\u0101t ilgtsp\u0113j\u012bgai darb\u012bbai ir svar\u012bgi \u0146emt v\u0113r\u0101 ar\u012b vides apsv\u0113rumus, piem\u0113ram, hidraulisk\u0101 \u0161\u0137idruma nopl\u016b\u017eu p\u0101rvald\u012bbu un veco bl\u012bv\u0113jumu un deta\u013cu pareizu utiliz\u0101ciju.<\/p>\n<h2>K\u013c\u016bmju diagnostika un bie\u017e\u0101k sastopam\u0101s probl\u0113mas<\/h2>\n<ul>\n<li><strong>Nopl\u016bde:<\/strong> Identific\u0113jiet visus nopl\u016b\u017eu avotus ap bl\u012bv\u0113m vai savienojumiem, kas var liecin\u0101t par nolietot\u0101m deta\u013c\u0101m, kuras j\u0101nomaina.<\/li>\n<li><strong>Spiediena zudums:<\/strong> Uzraugiet spiediena l\u012bmeni; spiediena kritums var liecin\u0101t par iek\u0161\u0113j\u0101m k\u013c\u016bm\u0113m vai nopl\u016bd\u0113m, kur\u0101m nepiecie\u0161ama t\u016bl\u012bt\u0113ja uzman\u012bba.<\/li>\n<li><strong>Neparastas ska\u0146as:<\/strong> Ieklausieties, vai nav dzirdamas sl\u012bp\u0113\u0161anas vai klab\u0113\u0161anas ska\u0146as, kas var liecin\u0101t par nepareizu izl\u012bdzin\u0101\u0161anu vai e\u013c\u013co\u0161anas tr\u016bkumu.<\/li>\n<\/ul>\n<h2>Probl\u0113mu nov\u0113r\u0161anas padomi<\/h2>\n<p>Risinot probl\u0113mas ar str\u0113les cilindru, s\u0101ciet ar probl\u0113mas lokaliz\u0113\u0161anu, lai noteiktu t\u0101s avotu. Lai noteiktu nopl\u016bdes, p\u0101rbaudiet bl\u012bves un savienojumus, vai tie nav nodilu\u0161i. Regul\u0101ras apkopes proced\u016bras, piem\u0113ram, kust\u012bgo da\u013cu e\u013c\u013co\u0161ana un nepareizas izl\u012bdzin\u0101\u0161anas p\u0101rbaude, var pal\u012bdz\u0113t nov\u0113rst potenci\u0101las probl\u0113mas. Prevent\u012bv\u0101s apkopes grafika ievie\u0161ana iev\u0113rojami samazin\u0101s nopietnu k\u013c\u016bmju iesp\u0113jam\u012bbu.<\/p>\n<p><img decoding=\"async\" src=\"https:\/\/www.hydraulic-cylinders.net\/wp-content\/uploads\/2025\/04\/songte-bushings-with-all-kinds-of-excavator-models.webp\" alt=\"Ekskavatora komponenti\"><\/p>\n<h2>Uz\u0146\u0113muma p\u0101rskats<\/h2>\n<p>M\u0113s esam vado\u0161ais rezerves hidraulisko cilindru, tostarp Yanmar VIB65 str\u0113les cilindru, ra\u017eot\u0101js un vairumtirgot\u0101js, pied\u0101v\u0101jot pla\u0161u produktu kl\u0101stu. M\u016bsu ap\u0146em\u0161anos nodro\u0161in\u0101t kvalit\u0101ti uzsver m\u016bsu pilnveidotie ra\u017eo\u0161anas procesi un nozares vad\u012bbas strat\u0113\u0123ijas. Izmantojot kvalific\u0113tus tehni\u0137us, augstas klases digit\u0101l\u0101s ra\u017eo\u0161anas iek\u0101rtas un specializ\u0113tas test\u0113\u0161anas sist\u0113mas, m\u0113s past\u0101v\u012bgi uzlabojam savas ra\u017eo\u0161anas iesp\u0113jas un produktu kvalit\u0101ti, efekt\u012bvi apmierinot da\u017e\u0101das klientu vajadz\u012bbas. M\u016bsu specializ\u0101cija aptver profesion\u0101lus pakalpojumus, starptautiskas sertifik\u0101cijas un piel\u0101gotus risin\u0101jumus, kas izstr\u0101d\u0101ti, lai nodro\u0161in\u0101tu klientu apmierin\u0101t\u012bbu.<\/p>\n<p><img decoding=\"async\" src=\"https:\/\/www.hydraulic-cylinders.net\/wp-content\/uploads\/2025\/04\/songte-company-4.webp\" alt=\"Uz\u0146\u0113muma p\u0101rskats\"><br \/>\n<img decoding=\"async\" src=\"https:\/\/www.hydraulic-cylinders.net\/wp-content\/uploads\/2025\/04\/songte-company-3.webp\" alt=\"Ra\u017eo\u0161anas iek\u0101rta\"><\/p>\n<p>Autors: lil<\/p>","protected":false},"excerpt":{"rendered":"<p>Boom Cylinder For Yanmar VIB65 Product Overview The Boom Cylinder for Yanmar VIB65 is a vital hydraulic component designed specifically for heavy machinery, particularly used in excavators, backhoe loaders, and front loaders. This hydraulic cylinder allows the boom to elevate, lower, and tilt the bucket, facilitating efficient material handling tasks. In a hydraulic system, boom [&hellip;]<\/p>","protected":false},"featured_media":17871,"comment_status":"open","ping_status":"closed","template":"","meta":{"_et_pb_use_builder":"","_et_pb_old_content":"","_et_gb_content_width":""},"product_brand":[],"product_cat":[1546],"product_tag":[1547,1496],"class_list":{"0":"post-19563","1":"product","2":"type-product","3":"status-publish","4":"has-post-thumbnail","6":"product_cat-boom-cylinders","7":"product_tag-boom-cylinders","8":"product_tag-hydraulic-cylinders","10":"first","11":"instock","12":"shipping-taxable","13":"product-type-simple"},"amp_enabled":true,"_links":{"self":[{"href":"https:\/\/www.hydraulic-cylinders.net\/lv\/wp-json\/wp\/v2\/product\/19563","targetHints":{"allow":["GET"]}}],"collection":[{"href":"https:\/\/www.hydraulic-cylinders.net\/lv\/wp-json\/wp\/v2\/product"}],"about":[{"href":"https:\/\/www.hydraulic-cylinders.net\/lv\/wp-json\/wp\/v2\/types\/product"}],"replies":[{"embeddable":true,"href":"https:\/\/www.hydraulic-cylinders.net\/lv\/wp-json\/wp\/v2\/comments?post=19563"}],"wp:featuredmedia":[{"embeddable":true,"href":"https:\/\/www.hydraulic-cylinders.net\/lv\/wp-json\/wp\/v2\/media\/17871"}],"wp:attachment":[{"href":"https:\/\/www.hydraulic-cylinders.net\/lv\/wp-json\/wp\/v2\/media?parent=19563"}],"wp:term":[{"taxonomy":"product_brand","embeddable":true,"href":"https:\/\/www.hydraulic-cylinders.net\/lv\/wp-json\/wp\/v2\/product_brand?post=19563"},{"taxonomy":"product_cat","embeddable":true,"href":"https:\/\/www.hydraulic-cylinders.net\/lv\/wp-json\/wp\/v2\/product_cat?post=19563"},{"taxonomy":"product_tag","embeddable":true,"href":"https:\/\/www.hydraulic-cylinders.net\/lv\/wp-json\/wp\/v2\/product_tag?post=19563"}],"curies":[{"name":"wp","href":"https:\/\/api.w.org\/{rel}","templated":true}]}}