{"id":19567,"date":"2025-04-07T06:54:59","date_gmt":"2025-04-07T06:54:59","guid":{"rendered":"https:\/\/www.hydraulic-cylinders.net\/product\/boom-cylinder-for-john-deere-e240lc\/"},"modified":"2025-04-07T06:55:02","modified_gmt":"2025-04-07T06:55:02","slug":"boom-cylinder-for-john-deere-e240lc","status":"publish","type":"product","link":"https:\/\/www.hydraulic-cylinders.net\/lv\/products\/boom-cylinder-for-john-deere-e240lc\/","title":{"rendered":"Str\u0113les cilindrs John Deere E240LC"},"content":{"rendered":"<h1>Str\u0113les cilindrs John Deere E240LC<\/h1>\n<h2>Produkta p\u0101rskats<\/h2>\n<p>John Deere E240LC str\u0113les cilindrs ir specializ\u0113ts hidrauliskais cilindrs, kas paredz\u0113ts str\u0113les sviras kust\u012bbas vad\u012bbai da\u017e\u0101d\u0101s smagaj\u0101s ma\u0161\u012bn\u0101s. \u0160im cilindram ir iz\u0161\u0137iro\u0161a noz\u012bme hidrauliskaj\u0101s sist\u0113m\u0101s, nodro\u0161inot prec\u012bzu t\u0101du iek\u0101rtu k\u0101 ekskavatoru, ekskavatoru-iekr\u0101v\u0113ju un front\u0101lo iekr\u0101v\u0113ju kust\u012bbu un vad\u012bbu. \u013baujot str\u0113lei pacelt, nolaist un noliekt, str\u0113les cilindrs atvieglo efekt\u012bvus materi\u0101lu apstr\u0101des uzdevumus, kas ir svar\u012bgi b\u016bvniec\u012bb\u0101, lauksaimniec\u012bb\u0101 un da\u017e\u0101dos r\u016bpnieciskos pielietojumos.<\/p>\n<p><img decoding=\"async\" src=\"https:\/\/www.hydraulic-cylinders.net\/wp-content\/uploads\/2025\/04\/songte-company-1.webp\" alt=\"John Deere E240LC str\u0113les cilindrs\"><\/p>\n<h2>Galven\u0101s iez\u012bmes<\/h2>\n<ul>\n<li><strong>Augsta iztur\u012bba un ilgm\u016b\u017e\u012bba:<\/strong> \u0160ie cilindri, kas parasti ir izgatavoti no augstas stipr\u012bbas t\u0113rauda vai alum\u012bnija, ir paredz\u0113ti, lai iztur\u0113tu augstu spiedienu un lielas slodzes, kas ir piem\u0113roti skarbajiem darba apst\u0101k\u013ciem.<\/li>\n<li><strong>Efekt\u012bva hidraulisk\u0101 darb\u012bba:<\/strong> Izmantojot hidraulisk\u0101s e\u013c\u013cas spiedienu vienm\u0113r\u012bgai izstiep\u0161anai un ievilk\u0161anai, str\u0113les cilindrs \u0101tri rea\u0123\u0113 uz vad\u012bbas komand\u0101m, nodro\u0161inot jaud\u012bgu stum\u0161anas un vilk\u0161anas sp\u0113ku, kas ir ide\u0101li piem\u0113rots smagu kravu cel\u0161anai un sare\u017e\u0123\u012btiem ekspluat\u0101cijas uzdevumiem.<\/li>\n<li><strong>Da\u017e\u0101di veidi:<\/strong> Pieejams vienvirziena darb\u012bbas (darbojas vien\u0101 virzien\u0101) vai divk\u0101r\u0161as darb\u012bbas (darbojas abos virzienos) konfigur\u0101cij\u0101s, un da\u017ei mode\u013ci pied\u0101v\u0101 teleskopiskas konstrukcijas liel\u0101kai sasniedzam\u012bbai, nepalielinot \u0101r\u0113jos izm\u0113rus, padarot tos piem\u0113rotus lietojumiem ar ierobe\u017eotu vietu.<\/li>\n<\/ul>\n<h2>Ra\u017eo\u0161anas iesp\u0113jas<\/h2>\n<p>M\u016bsu uz\u0146\u0113mums specializ\u0113jas \u0161\u012b produkta ra\u017eo\u0161an\u0101, nodro\u0161inot, ka m\u016bsu str\u0113les cilindri var perfekti aizst\u0101t eso\u0161os hidrauliskos cilindrus ar neman\u0101mu sader\u012bbu.<\/p>\n<p><img decoding=\"async\" src=\"https:\/\/www.hydraulic-cylinders.net\/wp-content\/uploads\/2025\/04\/songte-cylinder-head-with-all-kinds-excavator-models.webp\" alt=\"Hidraulisk\u0101 cilindra galva\"><\/p>\n<h2>Pieteikumi<\/h2>\n<h3>Celtniec\u012bbas apr\u012bkojums<\/h3>\n<p>Str\u0113les cilindri ir neat\u0146emama celtniec\u012bbas tehnikas, piem\u0113ram, ekskavatoru, sast\u0101vda\u013ca, kas tos izmanto rak\u0161anai, iekrau\u0161anai un augsnes vai gru\u017eu p\u0101rvieto\u0161anai. Ekskavatoros-iekr\u0101v\u0113jos \u0161ie cilindri ne tikai pal\u012bdz rak\u0161an\u0101, bet ar\u012b materi\u0101lu cel\u0161an\u0101, nodro\u0161inot vienm\u0113r\u012bgu un efekt\u012bvu darb\u012bbu.<\/p>\n<h3>Lauksaimniec\u012bbas tehnika<\/h3>\n<p>Front\u0101lajos iekr\u0101v\u0113jos str\u0113les cilindri tiek izmantoti augsnes, siena un citu materi\u0101lu sav\u0101k\u0161anai, cel\u0161anai un transport\u0113\u0161anai. To iztur\u012bg\u0101 konstrukcija \u013cauj lauksaimniekiem viegli veikt da\u017e\u0101dus uzdevumus, uzlabojot produktivit\u0101ti uz lauka.<\/p>\n<h3>Ekskavatori<\/h3>\n<p>Str\u0113les cilindrs \u013cauj ekskavatora kausam efekt\u012bvi iek\u013c\u016bt augsn\u0113, padarot to par b\u016btisku rak\u0161anas darbiem. \u0160\u012b funkcionalit\u0101te ir \u013coti svar\u012bga tran\u0161eju rak\u0161an\u0101, pamatu darbos un citos rak\u0161anas darbos.<\/p>\n<h3>Iekr\u0101v\u0113ji<\/h3>\n<p>Front\u0101lajos iekr\u0101v\u0113jos str\u0113les cilindriem ir iz\u0161\u0137iro\u0161a noz\u012bme materi\u0101lu efekt\u012bv\u0101 cel\u0161an\u0101 un izg\u0101\u0161an\u0101. To precizit\u0101te un jauda nodro\u0161ina, ka operatori var p\u0101rliecino\u0161i tikt gal\u0101 ar smag\u0101m krav\u0101m.<\/p>\n<h2>Dizaina apsv\u0113rumi<\/h2>\n<h3>Kravnes\u012bba<\/h3>\n<p>Projekt\u0113jot str\u0113les cilindru, kravnes\u012bba ir \u0101rk\u0101rt\u012bgi svar\u012bga. Cilindram ir j\u0101iztur darb\u012bbas laik\u0101 rad\u012btais svars un spiediens, neapdraudot dro\u0161\u012bbu vai veiktsp\u0113ju. In\u017eenieri veic stingrus testus, lai nodro\u0161in\u0101tu, ka cilindrs atbilst noteiktajiem slodzes standartiem, nodro\u0161inot uzticam\u012bbu un dro\u0161\u012bbu smago iek\u0101rtu darb\u012bb\u0101.<\/p>\n<h3>Bl\u012bv\u0113\u0161ana<\/h3>\n<p>Efekt\u012bva bl\u012bv\u0113\u0161ana ir \u013coti svar\u012bga hidrauliskaj\u0101s sist\u0113m\u0101s, lai nov\u0113rstu nopl\u016bdes un uztur\u0113tu spiedienu. Lai nodro\u0161in\u0101tu ilgm\u016b\u017e\u012bbu un efektivit\u0101ti, tiek izmantoti augstas kvalit\u0101tes bl\u012bv\u0113jumi, kas izgatavoti no iztur\u012bgiem materi\u0101liem, piem\u0113ram, poliuret\u0101na un nitrila gumijas. Pareizi bl\u012bv\u0113\u0161anas meh\u0101nismi pal\u012bdz uztur\u0113t hidraulisk\u0101 \u0161\u0137idruma l\u012bmeni un nov\u0113rst pies\u0101r\u0146ojumu, t\u0101d\u0113j\u0101di uzlabojot hidraulisk\u0101s sist\u0113mas kop\u0113jo veiktsp\u0113ju.<\/p>\n<h3>Iztur\u012bba<\/h3>\n<p>Iztur\u012bba ir str\u0113les cilindru galven\u0101 iez\u012bme, jo tie bie\u017ei tiek pak\u013cauti ekstrem\u0101liem apst\u0101k\u013ciem. Korozijiztur\u012bgu materi\u0101lu un modernu ra\u017eo\u0161anas meto\u017eu izmanto\u0161ana nodro\u0161ina, ka \u0161ie cilindri var iztur\u0113t skarbu vidi, pagarinot to kalpo\u0161anas laiku. Regul\u0101ra apkope un kvalitat\u012bvi materi\u0101li veicina to iztur\u012bbu.<\/p>\n<h3>Dro\u0161\u012bbas funkcijas<\/h3>\n<p>Dro\u0161\u012bba ir galven\u0101 priorit\u0101te, projekt\u0113jot hidrauliskos cilindrus. Dro\u0161\u012bbas funkciju, piem\u0113ram, spiediena samazin\u0101\u0161anas v\u0101rstu un p\u0101rslodzes aizsardz\u012bbas meh\u0101nismu, iek\u013cau\u0161ana ir \u013coti svar\u012bga, lai nov\u0113rstu negad\u012bjumus un nodro\u0161in\u0101tu operatora dro\u0161\u012bbu. \u0160\u012bs funkcijas ir paredz\u0113tas, lai nov\u0113rstu iesp\u0113jamos apdraud\u0113jumus, kas saist\u012bti ar smago ma\u0161\u012bnu darb\u012bbu.<\/p>\n<h3>Apkopes pieejam\u012bba<\/h3>\n<p>Ir svar\u012bgi projekt\u0113t iek\u0101rtas, lai t\u0101s b\u016btu viegli apkopjamas. Hidrauliskajiem cilindriem j\u0101nodro\u0161ina \u0113rta piek\u013cuve deta\u013c\u0101m p\u0101rbaudei, remontam un nomai\u0146ai. \u0160is apsv\u0113rums samazina d\u012bkst\u0101ves laiku un nodro\u0161ina efekt\u012bvu apkopi, saglab\u0101jot iek\u0101rtu darb\u012bbu.<\/p>\n<p><img decoding=\"async\" src=\"https:\/\/www.hydraulic-cylinders.net\/wp-content\/uploads\/2025\/04\/songte-oil-pipes-and-spare-parts.webp\" alt=\"E\u013c\u013cas caurules un rezerves da\u013cas\"><\/p>\n<h2>Bl\u012bv\u0113\u0161ana un e\u013c\u013co\u0161ana<\/h2>\n<p>Hidraulisko cilindru darb\u012bba liel\u0101 m\u0113r\u0101 ir atkar\u012bga no efekt\u012bva bl\u012bv\u0113juma un e\u013c\u013co\u0161anas. Lai nov\u0113rstu hidraulisk\u0101 \u0161\u0137idruma nopl\u016bdi, tiek izmantoti da\u017e\u0101di bl\u012bv\u0113\u0161anas elementi, piem\u0113ram, virzu\u013ca bl\u012bves un stie\u0146a bl\u012bves. Izv\u0113loties bl\u012bves, kas izgatavotas no nodilumiztur\u012bgiem materi\u0101liem, piem\u0113ram, poliuret\u0101na un nitrila gumijas, tiek uzlabota iztur\u012bba un veiktsp\u0113ja. Turkl\u0101t cilindra korpuss un v\u012bt\u0146otie gali tiek r\u016bp\u012bgi apstr\u0101d\u0101ti, lai uzlabotu nodilumiztur\u012bbu. Regul\u0101ra e\u013c\u013co\u0161ana ar hidraulisko e\u013c\u013cu ir nepiecie\u0161ama, lai nodro\u0161in\u0101tu vienm\u0113r\u012bgu darb\u012bbu un samazin\u0101tu berzi starp kust\u012bgaj\u0101m da\u013c\u0101m, t\u0101d\u0113j\u0101di pagarinot cilindra kalpo\u0161anas laiku.<\/p>\n<h2>Regul\u0101ras p\u0101rbaudes un profilaktisk\u0101 apkope<\/h2>\n<ul>\n<li><strong>Regul\u0101ras p\u0101rbaudes:<\/strong> Ir \u013coti svar\u012bgi regul\u0101ri p\u0101rbaud\u012bt hidraulisko cilindru, lai konstat\u0113tu nodiluma paz\u012bmes, nopl\u016bdes un citas iesp\u0113jamas probl\u0113mas. \u0160\u012b proakt\u012bv\u0101 pieeja pal\u012bdz laikus identific\u0113t probl\u0113mas, nov\u0113r\u0161ot d\u0101rgus boj\u0101jumus.<\/li>\n<li><strong>Pareiza e\u013c\u013co\u0161ana:<\/strong> Nodro\u0161inot, ka cilindrs ir pien\u0101c\u012bgi iee\u013c\u013cots, tiek nodro\u0161in\u0101ta vienm\u0113r\u012bga darb\u012bba un samazin\u0101ts deta\u013cu nodilums. Regul\u0101ra hidraulisk\u0101s e\u013c\u013cas l\u012bme\u0146a p\u0101rbaude un papildin\u0101\u0161ana ir b\u016btiska efekt\u012bvai darb\u012bbai.<\/li>\n<li><strong>Bl\u012bv\u0113juma nomai\u0146a:<\/strong> Laika gait\u0101 bl\u012bves var nolietoties un t\u0101s var b\u016bt j\u0101nomaina. Regul\u0101ra bl\u012bvju uzraudz\u012bba un savlaic\u012bga nomai\u0146a var nov\u0113rst nopl\u016bdes un saglab\u0101t sist\u0113mas integrit\u0101ti.<\/li>\n<\/ul>\n<h2>Uzst\u0101d\u012b\u0161anas vadl\u012bnijas<\/h2>\n<p>Pareiza str\u0113les cilindra uzst\u0101d\u012b\u0161ana ir \u013coti svar\u012bga t\u0101 funkcionalit\u0101tei un dro\u0161\u012bbai. Vispirms p\u0101rliecinieties, vai visi instrumenti un komponenti ir sagatavoti pirms uzst\u0101d\u012b\u0161anas. Pareizi izl\u012bdziniet cilindru ar stiprin\u0101juma punktiem, izmantojot atbilsto\u0161us izl\u012bdzin\u0101\u0161anas instrumentus, lai nov\u0113rstu nepareizu izl\u012bdzin\u0101\u0161anu, kas var\u0113tu izrais\u012bt priek\u0161laic\u012bgu nodilumu vai boj\u0101jumus. Ieteicams izmantot piem\u0113rotus mont\u0101\u017eas kron\u0161teinus, lai nostiprin\u0101tu cilindru viet\u0101. P\u0113c uzst\u0101d\u012b\u0161anas p\u0101rbaudiet, vai nav hidraulisk\u0101 \u0161\u0137idruma nopl\u016b\u017eu, un p\u0101rliecinieties, vai visi savienojumi ir cie\u0161i. Regul\u0101ri p\u0101rbaudiet uzst\u0101d\u012b\u0161anu, vai nav nodiluma paz\u012bmju vai probl\u0113mu, lai uztur\u0113tu optim\u0101lu veiktsp\u0113ju.<\/p>\n<p><img decoding=\"async\" src=\"https:\/\/www.hydraulic-cylinders.net\/wp-content\/uploads\/2025\/04\/songte-chushion-collar.webp\" alt=\"Spilvenu apkakle\"><\/p>\n<h2>Dro\u0161\u012bbas apsv\u0113rumi un vides faktori<\/h2>\n<p>Str\u0101d\u0101jot ar hidrauliskajiem cilindriem, dro\u0161\u012bbas pas\u0101kumi ir \u013coti svar\u012bgi. Lietot\u0101jiem vienm\u0113r j\u0101valk\u0101 atbilsto\u0161i individu\u0101lie aizsardz\u012bbas l\u012bdzek\u013ci (IAL) un j\u0101iev\u0113ro dro\u0161\u012bbas protokoli, lai samazin\u0101tu negad\u012bjumu risku. Turkl\u0101t, lai nodro\u0161in\u0101tu dro\u0161u lieto\u0161anu, ir nepiecie\u0161ama atbilsto\u0161a apm\u0101c\u012bba par smago ma\u0161\u012bnu, kas apr\u012bkotas ar hidrauliskajiem cilindriem, ekspluat\u0101ciju. J\u0101\u0146em v\u0113r\u0101 ar\u012b vides apsv\u0113rumi, jo hidraulisk\u0101 \u0161\u0137idruma nopl\u016bdes var rad\u012bt nopietnus draudus videi. Regul\u0101ra apkope un p\u0101rbaudes var pal\u012bdz\u0113t mazin\u0101t \u0161os riskus.<\/p>\n<h2>K\u013c\u016bmju diagnostika un bie\u017e\u0101k sastopam\u0101s probl\u0113mas<\/h2>\n<ul>\n<li><strong>Nopl\u016bde:<\/strong> Viena no visbie\u017e\u0101k sastopamaj\u0101m hidraulisko cilindru probl\u0113m\u0101m ir nopl\u016bde. To var izrais\u012bt nodilu\u0161as bl\u012bves vai nepareiza uzst\u0101d\u012b\u0161ana. Regul\u0101ra bl\u012bvju p\u0101rbaude var pal\u012bdz\u0113t identific\u0113t potenci\u0101l\u0101s probl\u0113mas, pirms t\u0101s saasin\u0101s.<\/li>\n<li><strong>Slikta veiktsp\u0113ja:<\/strong> Ja cilindrs neizvirz\u0101s vai neievelkas vienm\u0113r\u012bgi, sist\u0113m\u0101 var b\u016bt iespr\u016bdis gaiss vai nepietiekams hidraulisk\u0101 \u0161\u0137idruma daudzums. Sist\u0113mas atgaiso\u0161ana un atbilsto\u0161a e\u013c\u013cas l\u012bme\u0146a nodro\u0161in\u0101\u0161ana var pal\u012bdz\u0113t to nov\u0113rst.<\/li>\n<li><strong>P\u0101rkar\u0161ana:<\/strong> P\u0101rkar\u0161ana var notikt, ja hidraulisk\u0101 sist\u0113ma ir p\u0101rslogota vai ja e\u013c\u013co\u0161ana ir nepietiekama. Regul\u0101ra sist\u0113mas temperat\u016bras un slodzes uzraudz\u012bba var nov\u0113rst p\u0101rkar\u0161anu.<\/li>\n<\/ul>\n<h2>Probl\u0113mu nov\u0113r\u0161anas padomi<\/h2>\n<p>Lai efekt\u012bvi diagnostic\u0113tu un nov\u0113rstu probl\u0113mas, lietot\u0101jiem r\u016bp\u012bgi j\u0101uzrauga hidraulisk\u0101 sist\u0113ma, vai nav nopl\u016b\u017eu paz\u012bmju, neparastu trok\u0161\u0146u vai veiktsp\u0113jas samazin\u0101\u0161an\u0101s. Prevent\u012bvu pas\u0101kumu, piem\u0113ram, regul\u0101ras apkopes un p\u0101rbau\u017eu, ievie\u0161ana var iev\u0113rojami samazin\u0101t potenci\u0101lo probl\u0113mu iesp\u0113jam\u012bbu. Ja rodas probl\u0113mas, ieteicams konsult\u0113ties ar speci\u0101listu vai iepaz\u012bties ar iek\u0101rtas rokasgr\u0101matu, lai uzzin\u0101tu par probl\u0113mu nov\u0113r\u0161anas metod\u0113m.<\/p>\n<p><img decoding=\"async\" src=\"https:\/\/www.hydraulic-cylinders.net\/wp-content\/uploads\/2025\/04\/songte-bushings-with-all-kinds-of-excavator-models.webp\" alt=\"Ekskavatoru mode\u013cu bukses\"><\/p>\n<h2>Uz\u0146\u0113muma p\u0101rskats<\/h2>\n<p>M\u0113s esam vado\u0161ais rezerves hidraulisko cilindru ra\u017eot\u0101js, kas pied\u0101v\u0101 pla\u0161u produktu kl\u0101stu, kas ir nostiprin\u0101jis m\u016bsu k\u0101 galven\u0101 sp\u0113l\u0113t\u0101ja poz\u012bciju gan viet\u0113j\u0101, gan starptautiskaj\u0101 tirg\u016b. Ap\u0146\u0113mu\u0161ies sasniegt izcil\u012bbu, m\u0113s iev\u0113rojam izsmalcin\u0101tu ra\u017eo\u0161anas strat\u0113\u0123iju, kas izmanto tehnolo\u0123ijas, prasm\u012bgu person\u0101lu un augst\u0101k\u0101s klases digit\u0101l\u0101s ra\u017eo\u0161anas iek\u0101rtas. M\u016bsu uzman\u012bbas centr\u0101 ir kvalit\u0101tes kontrole, kas nodro\u0161ina, ka m\u016bsu produkti atbilst augst\u0101kajiem standartiem, un tiek izmantotas stingras test\u0113\u0161anas un p\u0101rbaudes sist\u0113mas, lai garant\u0113tu veiktsp\u0113ju. M\u0113s nep\u0101rtraukti uzlabojam savas ra\u017eo\u0161anas iesp\u0113jas un cen\u0161amies apmierin\u0101t m\u016bsu klientu da\u017e\u0101d\u0101s vajadz\u012bbas, izmantojot individu\u0101li piel\u0101gotus risin\u0101jumus.<\/p>\n<p><img decoding=\"async\" src=\"https:\/\/www.hydraulic-cylinders.net\/wp-content\/uploads\/2025\/04\/songte-company-4.webp\" alt=\"Uz\u0146\u0113muma p\u0101rskata att\u0113ls\"><br \/>\n<img decoding=\"async\" src=\"https:\/\/www.hydraulic-cylinders.net\/wp-content\/uploads\/2025\/04\/songte-company-3.webp\" alt=\"Ra\u017eo\u0161anas telpas att\u0113ls\"><\/p>\n<p><strong>Autors:<\/strong> lails<\/p>","protected":false},"excerpt":{"rendered":"<p>Boom Cylinder For John Deere E240LC Product Overview The Boom Cylinder for John Deere E240LC is a specialized hydraulic cylinder designed to control the movement of the boom arm in various heavy machines. This cylinder plays a critical role in hydraulic systems, allowing for precise movement and control of equipment such as excavators, backhoe loaders, [&hellip;]<\/p>","protected":false},"featured_media":17875,"comment_status":"open","ping_status":"closed","template":"","meta":{"_et_pb_use_builder":"","_et_pb_old_content":"","_et_gb_content_width":""},"product_brand":[],"product_cat":[1546],"product_tag":[1547,1496],"class_list":{"0":"post-19567","1":"product","2":"type-product","3":"status-publish","4":"has-post-thumbnail","6":"product_cat-boom-cylinders","7":"product_tag-boom-cylinders","8":"product_tag-hydraulic-cylinders","10":"first","11":"instock","12":"shipping-taxable","13":"product-type-simple"},"amp_enabled":true,"_links":{"self":[{"href":"https:\/\/www.hydraulic-cylinders.net\/lv\/wp-json\/wp\/v2\/product\/19567","targetHints":{"allow":["GET"]}}],"collection":[{"href":"https:\/\/www.hydraulic-cylinders.net\/lv\/wp-json\/wp\/v2\/product"}],"about":[{"href":"https:\/\/www.hydraulic-cylinders.net\/lv\/wp-json\/wp\/v2\/types\/product"}],"replies":[{"embeddable":true,"href":"https:\/\/www.hydraulic-cylinders.net\/lv\/wp-json\/wp\/v2\/comments?post=19567"}],"wp:featuredmedia":[{"embeddable":true,"href":"https:\/\/www.hydraulic-cylinders.net\/lv\/wp-json\/wp\/v2\/media\/17875"}],"wp:attachment":[{"href":"https:\/\/www.hydraulic-cylinders.net\/lv\/wp-json\/wp\/v2\/media?parent=19567"}],"wp:term":[{"taxonomy":"product_brand","embeddable":true,"href":"https:\/\/www.hydraulic-cylinders.net\/lv\/wp-json\/wp\/v2\/product_brand?post=19567"},{"taxonomy":"product_cat","embeddable":true,"href":"https:\/\/www.hydraulic-cylinders.net\/lv\/wp-json\/wp\/v2\/product_cat?post=19567"},{"taxonomy":"product_tag","embeddable":true,"href":"https:\/\/www.hydraulic-cylinders.net\/lv\/wp-json\/wp\/v2\/product_tag?post=19567"}],"curies":[{"name":"wp","href":"https:\/\/api.w.org\/{rel}","templated":true}]}}