{"id":19569,"date":"2025-04-07T06:55:04","date_gmt":"2025-04-07T06:55:04","guid":{"rendered":"https:\/\/www.hydraulic-cylinders.net\/product\/boom-cylinder-for-john-deere-e330lc\/"},"modified":"2025-04-07T06:55:07","modified_gmt":"2025-04-07T06:55:07","slug":"boom-cylinder-for-john-deere-e330lc","status":"publish","type":"product","link":"https:\/\/www.hydraulic-cylinders.net\/lv\/products\/boom-cylinder-for-john-deere-e330lc\/","title":{"rendered":"Str\u0113les cilindrs John Deere E330LC"},"content":{"rendered":"<h1>Str\u0113les cilindrs John Deere E330LC<\/h1>\n<h2>Ievads str\u0113les cilindros<\/h2>\n<p>Str\u0113les cilindrs ir b\u016btiska sast\u0101vda\u013ca hidrauliskaj\u0101s sist\u0113m\u0101s, ko izmanto da\u017e\u0101das smag\u0101s tehnikas, tostarp ekskavatori, ekskavatori-iekr\u0101v\u0113ji un front\u0101lie iekr\u0101v\u0113ji. \u0160ie hidrauliskie cilindri kontrol\u0113 str\u0113les kust\u012bbu, \u013caujot kausam pacelties, nolaisties un noliekties p\u0113c nepiecie\u0161am\u012bbas. \u0160\u012b funkcionalit\u0101te ir b\u016btiska efekt\u012bviem materi\u0101lu apstr\u0101des uzdevumiem b\u016bvlaukumos un cit\u0101s sare\u017e\u0123\u012bt\u0101s vid\u0113s. Str\u0113les cilindri, kas paredz\u0113ti, lai iztur\u0113tu augstu spiedienu un lielas slodzes, parasti ir izgatavoti no augstas stipr\u012bbas t\u0113rauda vai alum\u012bnija, nodro\u0161inot iztur\u012bbu un uzticam\u012bbu pat skarbos darba apst\u0101k\u013cos.<\/p>\n<p><img decoding=\"async\" src=\"https:\/\/www.hydraulic-cylinders.net\/wp-content\/uploads\/2025\/04\/songte-company-1.webp\" alt=\"Str\u0113les cilindra att\u0113ls\"><\/p>\n<h3>Defin\u012bcija un p\u0101rskats<\/h3>\n<p>Str\u0113les cilindrs ir hidraulisk\u0101 cilindra veids, kas \u012bpa\u0161i izstr\u0101d\u0101ts, lai kontrol\u0113tu smag\u0101s tehnikas str\u0113les kust\u012bbu. T\u0101 galvenais uzdevums ir veicin\u0101t prec\u012bzas iek\u0101rtas kausa kust\u012bbas, kas ir \u013coti svar\u012bgi materi\u0101lu rak\u0161anai, cel\u0161anai un transport\u0113\u0161anai. Hidraulisk\u0101 sist\u0113ma darbojas, izmantojot hidraulisko \u0161\u0137idrumu spiediena rad\u012b\u0161anai, nodro\u0161inot vienm\u0113r\u012bgas un kontrol\u0113tas kust\u012bbas. Tas uzlabo efektivit\u0101ti un produktivit\u0101ti darba viet\u0101s, kur sp\u0113ja prec\u012bzi manipul\u0113t ar smag\u0101m krav\u0101m ir kritiski svar\u012bga.<\/p>\n<h2>Str\u0113les cilindru galven\u0101s iez\u012bmes<\/h2>\n<ul>\n<li><strong>Augsta iztur\u012bba un ilgm\u016b\u017e\u012bba:<\/strong> Izgatavoti no augstas stipr\u012bbas t\u0113rauda vai alum\u012bnija, str\u0113les cilindri var iztur\u0113t augstu spiedienu un lielas slodzes, padarot tos piem\u0113rotus skarbiem darba apst\u0101k\u013ciem.<\/li>\n<li><strong>Efekt\u012bva hidraulisk\u0101 darb\u012bba:<\/strong> Izmantojot hidraulisk\u0101s e\u013c\u013cas spiedienu, \u0161ie cilindri nodro\u0161ina vienm\u0113r\u012bgu izvirz\u012b\u0161anu un ievilk\u0161anu, \u013caujot \u0101tri rea\u0123\u0113t uz operatora komand\u0101m.<\/li>\n<li><strong>Veidu da\u017e\u0101d\u012bba:<\/strong> Str\u0113les cilindri, kas pieejami gan vienas, gan divu darb\u012bbu konfigur\u0101cij\u0101s, var apmierin\u0101t da\u017e\u0101das ekspluat\u0101cijas vajadz\u012bbas, un da\u017eiem mode\u013ciem ir teleskopiska konstrukcija liel\u0101kam sniedzam\u012bbas att\u0101lumam.<\/li>\n<li><strong>Paaugstin\u0101ta nodilumiztur\u012bba:<\/strong> \u0160ie cilindri ir izstr\u0101d\u0101ti, \u0146emot v\u0113r\u0101 nodilumiztur\u012bbu un korozijas iztur\u012bbu, un tie ir rad\u012bti ilgam kalpo\u0161anas laikam, samazinot apkopes un nomai\u0146as izmaksas.<\/li>\n<li><strong>Piel\u0101goti risin\u0101jumi:<\/strong> M\u0113s pied\u0101v\u0101jam str\u0113les cilindru ra\u017eo\u0161anu, kas lieliski aizst\u0101j eso\u0161os hidrauliskos cilindrus, nodro\u0161inot sader\u012bbu un veiktsp\u0113ju.<\/li>\n<\/ul>\n<p><img decoding=\"async\" src=\"https:\/\/www.hydraulic-cylinders.net\/wp-content\/uploads\/2025\/04\/songte-cylinder-head-with-all-kinds-excavator-models.webp\" alt=\"Ekskavatoru mode\u013ci\"><\/p>\n<h2>Str\u0113les cilindru pielietojums<\/h2>\n<h3>Celtniec\u012bbas apr\u012bkojums<\/h3>\n<p>Ekskavatoros str\u0113les cilindri ir svar\u012bgi rak\u0161anai, iekrau\u0161anai un augsnes vai gru\u017eu p\u0101rvieto\u0161anai. Tie \u013cauj kausam dzi\u013ci iedzi\u013cin\u0101ties zem\u0113, atvieglojot efekt\u012bvu rak\u0161anu un materi\u0101lu apstr\u0101di. Ekskavatoros-iekr\u0101v\u0113jos \u0161ie cilindri pal\u012bdz ne tikai rakt, bet ar\u012b pacelt materi\u0101lus, uzlabojot ma\u0161\u012bnas daudzpus\u012bbu.<\/p>\n<h3>Lauksaimniec\u012bbas tehnika<\/h3>\n<p>Front\u0101lo iekr\u0101v\u0113ju str\u0113les cilindriem ir b\u016btiska loma augsnes, siena un citu materi\u0101lu sav\u0101k\u0161an\u0101, cel\u0161an\u0101 un transport\u0113\u0161an\u0101. To sp\u0113ja tikt gal\u0101 ar smag\u0101m krav\u0101m padara tos neaizst\u0101jamus lauksaimniec\u012bbas darbos, pal\u012bdzot lauksaimniekiem efekt\u012bvi p\u0101rvald\u012bt savus uzdevumus.<\/p>\n<h3>Ekskavatori<\/h3>\n<p>Ekskavatoros kausa cilindrs nodro\u0161ina rak\u0161anas darb\u012bbas, \u013caujot kausam efekt\u012bvi iek\u013c\u016bt augsn\u0113. \u0160\u012b funkcionalit\u0101te ir \u013coti svar\u012bga da\u017e\u0101dos b\u016bvniec\u012bbas un ainavu veido\u0161anas projektos, kur nepiecie\u0161ama prec\u012bza rak\u0161ana.<\/p>\n<h3>Iekr\u0101v\u0113ji<\/h3>\n<p>Front\u0101lajos iekr\u0101v\u0113jos str\u0113les cilindri veicina efekt\u012bvu kravu cel\u0161anu un izg\u0101\u0161anu. To prec\u012bz\u0101 vad\u012bba un iztur\u012bba \u013cauj operatoriem efekt\u012bvi p\u0101rvald\u012bt materi\u0101lus, nodro\u0161inot vienm\u0113r\u012bgu darb\u012bbu darba objektos.<\/p>\n<h2>Dizaina apsv\u0113rumi un atlases krit\u0113riji<\/h2>\n<ul>\n<li><strong>Kravnes\u012bba:<\/strong> Str\u0113les cilindru konstrukcijai j\u0101\u0146em v\u0113r\u0101 maksim\u0101l\u0101 slodze, ar kuru tie saskarsies darb\u012bbas laik\u0101. Tas ietver apstr\u0101d\u0101jamo materi\u0101lu svara nov\u0113rt\u0113\u0161anu un p\u0101rliecin\u0101\u0161anos, ka cilindrs var dro\u0161i iztur\u0113t \u0161\u012bs slodzes.<\/li>\n<li><strong>Bl\u012bv\u0113juma integrit\u0101te:<\/strong> Pareiza bl\u012bv\u0113\u0161ana ir \u013coti svar\u012bga, lai nov\u0113rstu hidraulisk\u0101 \u0161\u0137idruma nopl\u016bdes, kas var izrais\u012bt sist\u0113mas k\u013c\u016bmes. Augstas kvalit\u0101tes bl\u012bves, kas izgatavotas no iztur\u012bgiem materi\u0101liem, ir b\u016btiskas funkcionalit\u0101tes un dro\u0161\u012bbas uztur\u0113\u0161anai.<\/li>\n<li><strong>Iztur\u012bba:<\/strong> Ra\u017eo\u0161an\u0101 izmantotajiem materi\u0101liem j\u0101iztur nep\u0101rtrauktas lieto\u0161anas rad\u012btais nodilums skarbos apst\u0101k\u013cos. Tas ietver iztur\u012bbu pret koroziju un nodilumu, nodro\u0161inot ilgu kalpo\u0161anas laiku.<\/li>\n<li><strong>Dro\u0161\u012bbas funkcijas:<\/strong> Dro\u0161\u012bbas meh\u0101nismu, piem\u0113ram, spiediena samazin\u0101\u0161anas v\u0101rstu, iek\u013cau\u0161ana var nov\u0113rst negad\u012bjumus un iek\u0101rtu boj\u0101jumus ekstrem\u0101los apst\u0101k\u013cos.<\/li>\n<li><strong>Apkopes pieejam\u012bba:<\/strong> Balonu projekt\u0113\u0161ana t\u0101, lai tiem b\u016btu \u0113rta piek\u013cuve apkopes p\u0101rbau\u017eu laik\u0101, nodro\u0161ina, ka operatori var veikt nepiecie\u0161amo apkopi bez p\u0101rm\u0113r\u012bga d\u012bkst\u0101ves laika.<\/li>\n<\/ul>\n<p><img decoding=\"async\" src=\"https:\/\/www.hydraulic-cylinders.net\/wp-content\/uploads\/2025\/04\/songte-oil-pipes-and-spare-parts.webp\" alt=\"Hidraulisk\u0101s da\u013cas\"><\/p>\n<h2>Bl\u012bv\u0113\u0161ana un e\u013c\u013co\u0161ana<\/h2>\n<p>Pareiza bl\u012bv\u0113\u0161ana un e\u013c\u013co\u0161ana ir b\u016btiska str\u0113les cilindru efekt\u012bvai darb\u012bbai. Lai izveidotu uzticamu barjeru pret hidraulisk\u0101 \u0161\u0137idruma nopl\u016bd\u0113m, tiek izmantoti da\u017e\u0101di bl\u012bv\u0113jumu veidi, piem\u0113ram, virzu\u013ca bl\u012bv\u0113jumi un stie\u0146a bl\u012bv\u0113jumi. \u0160ie bl\u012bv\u0113jumi parasti tiek izgatavoti no nodilumiztur\u012bgiem materi\u0101liem, piem\u0113ram, poliuret\u0101na un nitrila gumijas, lai uzlabotu iztur\u012bbu. Turkl\u0101t cilindra korpuss un v\u012bt\u0146otie gali tiek r\u016bp\u012bgi apstr\u0101d\u0101ti, lai uzlabotu nodilumiztur\u012bbu.<\/p>\n<p>Regul\u0101ra e\u013c\u013co\u0161ana ar hidraulisko e\u013c\u013cu ir nepiecie\u0161ama, lai nodro\u0161in\u0101tu vienm\u0113r\u012bgu darb\u012bbu un nov\u0113rstu p\u0101rm\u0113r\u012bgu nodilumu. Operatoriem j\u0101iev\u0113ro ra\u017eot\u0101ja nor\u0101d\u012bjumi par e\u013c\u013co\u0161anas grafikiem un daudzumiem, jo \u200b\u200bnepietiekama e\u013c\u013co\u0161ana var izrais\u012bt cilindru boj\u0101jumus un d\u0101rgus remontdarbus.<\/p>\n<h2>Regul\u0101ra p\u0101rbaude un profilaktisk\u0101 apkope<\/h2>\n<ul>\n<li><strong>Rut\u012bnas p\u0101rbaudes:<\/strong> Regul\u0101ri j\u0101veic p\u0101rbaudes, lai noteiktu jebk\u0101das nodiluma vai boj\u0101jumu paz\u012bmes. Tas ietver bl\u012bv\u0113jumu p\u0101rbaudi, vai nav nopl\u016b\u017eu, un visu komponentu pareizas darb\u012bbas nodro\u0161in\u0101\u0161anu.<\/li>\n<li><strong>Piem\u0113rota e\u013c\u013co\u0161ana:<\/strong> Nodro\u0161inot, ka cilindrs ir pien\u0101c\u012bgi iee\u013c\u013cots, var nov\u0113rst berzi un nodilumu. Operatoriem j\u0101izmanto ieteicam\u0101 hidraulisk\u0101 e\u013c\u013ca un j\u0101iev\u0113ro e\u013c\u013co\u0161anas grafiks.<\/li>\n<li><strong>Bl\u012bv\u0113juma nomai\u0146a:<\/strong> Laika gait\u0101 bl\u012bves var nolietoties un t\u0101s var b\u016bt j\u0101nomaina. Regul\u0101ras p\u0101rbaudes var pal\u012bdz\u0113t noteikt, kad bl\u012bves ir j\u0101nomaina, pirms t\u0101s rada nopietnas probl\u0113mas.<\/li>\n<\/ul>\n<h2>Uzst\u0101d\u012b\u0161anas vadl\u012bnijas<\/h2>\n<p>Pareiza str\u0113les cilindru uzst\u0101d\u012b\u0161ana ir \u013coti svar\u012bga, lai nodro\u0161in\u0101tu to efekt\u012bvu darb\u012bbu. Pirms uzst\u0101d\u012b\u0161anas vispirms p\u0101rliecinieties, vai hidrauliskaj\u0101 sist\u0113m\u0101 nav spiediena. Prec\u012bzi izl\u012bdziniet cilindru ar stiprin\u0101juma punktiem, lai nov\u0113rstu nepareizu izl\u012bdzin\u0101\u0161anu, kas var izrais\u012bt priek\u0161laic\u012bgu nodilumu vai boj\u0101jumus. Ieteicams izmantot piem\u0113rotas stiprin\u0101juma kron\u0161teinus, lai nostiprin\u0101tu cilindru viet\u0101, nodro\u0161inot stabilit\u0101ti darb\u012bbas laik\u0101.<\/p>\n<p>P\u0113c uzst\u0101d\u012b\u0161anas p\u0101rbaudiet visu savienojumu herm\u0113tiskumu un p\u0101rliecinieties, vai bl\u012bves ir neskartas. Kad viss ir sav\u0101s viet\u0101s, uzpildiet hidraulisko sist\u0113mu ar atbilsto\u0161u e\u013c\u013cu un izlaidiet gaisu no l\u012bnij\u0101m, lai nodro\u0161in\u0101tu vienm\u0113r\u012bgu darb\u012bbu. Regul\u0101ri uzraugiet cilindra darb\u012bbu un p\u0113c uzst\u0101d\u012b\u0161anas p\u0101rbaudiet, vai nav nopl\u016b\u017eu vai neparastu trok\u0161\u0146u paz\u012bmju.<\/p>\n<h2>Bie\u017ei sastopamie apkopes uzdevumi<\/h2>\n<ul>\n<li><strong>Regul\u0101ras p\u0101rbaudes:<\/strong> Regul\u0101ri veiciet balona vizu\u0101lu p\u0101rbaudi, vai nav boj\u0101jumu, nodiluma vai nopl\u016b\u017eu paz\u012bmju. Agr\u012bna atkl\u0101\u0161ana var nov\u0113rst nopietn\u0101kas probl\u0113mas.<\/li>\n<li><strong>Pareiza e\u013c\u013co\u0161ana:<\/strong> Iev\u0113rojiet past\u0101v\u012bgu e\u013c\u013co\u0161anas grafiku, lai nodro\u0161in\u0101tu cilindra nevainojamu darb\u012bbu, nov\u0113r\u0161ot nodilumu un pagarinot t\u0101 kalpo\u0161anas laiku.<\/li>\n<li><strong>Bl\u012bv\u0113juma nomai\u0146a:<\/strong> Regul\u0101ri nov\u0113rt\u0113jiet bl\u012bv\u0113jumu st\u0101vokli un nomainiet tos p\u0113c nepiecie\u0161am\u012bbas. Tas pal\u012bdz uztur\u0113t hidraulisko spiedienu un nov\u0113r\u0161 nopl\u016bdes.<\/li>\n<\/ul>\n<h2>Dro\u0161\u012bbas apsv\u0113rumi un vides faktori<\/h2>\n<p>Str\u0101d\u0101jot ar str\u0113les cilindriem, dro\u0161\u012bbas pas\u0101kumi ir \u0101rk\u0101rt\u012bgi svar\u012bgi. Operatoriem j\u0101apzin\u0101s iesp\u0113jamie apdraud\u0113jumi, kas saist\u012bti ar hidrauliskaj\u0101m sist\u0113m\u0101m, tostarp augstspiediena \u0161\u0137idruma nopl\u016bdes un iek\u0101rtu atteices risks. Lai samazin\u0101tu riskus, ir svar\u012bgi lietot atbilsto\u0161us individu\u0101los aizsardz\u012bbas l\u012bdzek\u013cus (IAL) un iev\u0113rot dro\u0161\u012bbas protokolus. Turkl\u0101t videi dro\u0161as darba zonas uztur\u0113\u0161ana, pareizi utiliz\u0113jot hidrauliskos \u0161\u0137idrumus un nodro\u0161inot, ka nopl\u016bdes ir nov\u0113rstas, var pal\u012bdz\u0113t aizsarg\u0101t gan darbiniekus, gan vidi.<\/p>\n<h2>Probl\u0113mu nov\u0113r\u0161ana un bie\u017ei sastopamas probl\u0113mas<\/h2>\n<ul>\n<li><strong>\u0160\u0137idruma nopl\u016bdes:<\/strong> \u0160\u0137idruma nopl\u016bdes, kas ir izplat\u012bta probl\u0113ma ar hidrauliskajiem cilindriem, var liecin\u0101t par nolietotiem bl\u012bv\u0113jumiem vai boj\u0101tiem komponentiem. Regul\u0101ras p\u0101rbaudes var pal\u012bdz\u0113t \u0161\u012bs probl\u0113mas identific\u0113t agr\u012bn\u0101 stadij\u0101.<\/li>\n<li><strong>Slikta veiktsp\u0113ja:<\/strong> Ja cilindrs ir l\u0113ns vai nerea\u0123\u0113, tam var b\u016bt nepiecie\u0161ams papildu hidrauliskais \u0161\u0137idrums vai ar\u012b hidrauliskaj\u0101s l\u012bnij\u0101s var b\u016bt aizsprostojums.<\/li>\n<li><strong>Trok\u0161\u0146aina darb\u012bba:<\/strong> Neparastas ska\u0146as darb\u012bbas laik\u0101 var liecin\u0101t par iek\u0161\u0113jiem boj\u0101jumiem vai nepiecie\u0161am\u012bbu p\u0113c e\u013c\u013co\u0161anas. Nekav\u0113joties j\u0101piev\u0113r\u0161 uzman\u012bba jebkur\u0101m neparast\u0101m ska\u0146\u0101m, lai nov\u0113rstu turpm\u0101kus boj\u0101jumus.<\/li>\n<\/ul>\n<p>Lai nov\u0113rstu \u0161\u012bs probl\u0113mas, operatoriem vispirms j\u0101p\u0101rbauda, \u200b\u200bvai nav nopl\u016b\u017eu, un j\u0101nodro\u0161ina, lai visi savienojumi b\u016btu dro\u0161i. Ja veiktsp\u0113jas probl\u0113mas joproj\u0101m past\u0101v, var b\u016bt nepiecie\u0161ams konsult\u0113ties ar hidraulikas speci\u0101listu, lai diagnostic\u0113tu un nov\u0113rstu pamatc\u0113loni.<\/p>\n<p><img decoding=\"async\" src=\"https:\/\/www.hydraulic-cylinders.net\/wp-content\/uploads\/2025\/04\/songte-bushings-with-all-kinds-of-excavator-models.webp\" alt=\"Ekskavatora bukses\"><\/p>\n<h2>Par m\u016bsu uz\u0146\u0113mumu<\/h2>\n<p>M\u0113s esam vado\u0161ais rezerves hidraulisko cilindru ra\u017eot\u0101js un vairumtirgot\u0101js, kas ir paz\u012bstams ar savu pla\u0161o produktu kl\u0101stu. M\u016bsu ap\u0146em\u0161anos sasniegt izcil\u012bbu virza koncentr\u0113\u0161an\u0101s uz kvalit\u0101ti, ko atbalsta progres\u012bvas ra\u017eo\u0161anas vad\u012bbas strat\u0113\u0123ijas. Ar prasm\u012bgu tehnisko speci\u0101listu komandu un modern\u0101m digit\u0101laj\u0101m ra\u017eo\u0161anas iek\u0101rt\u0101m m\u0113s past\u0101v\u012bgi uzlabojam savas ra\u017eo\u0161anas iesp\u0113jas.<\/p>\n<p>M\u016bsu ap\u0146em\u0161an\u0101s nodro\u0161in\u0101t augstu efektivit\u0101ti, precizit\u0101ti un kvalit\u0101ti \u013cauj mums apmierin\u0101t da\u017e\u0101das klientu vajadz\u012bbas. M\u0113s pied\u0101v\u0101jam profesion\u0101lus piel\u0101gotus pakalpojumus un esam ieguvu\u0161i starptautiskus sertifik\u0101tus, nodro\u0161inot, ka m\u016bsu produkti atbilst pasaules standartiem. M\u016bsu p\u0113cp\u0101rdo\u0161anas atbalsts ir stabils, sniedzot klientiem pal\u012bdz\u012bbu vis\u0101 m\u016bsu produktu dz\u012bves cikl\u0101.<\/p>\n<p><img decoding=\"async\" src=\"https:\/\/www.hydraulic-cylinders.net\/wp-content\/uploads\/2025\/04\/songte-company-4.webp\" alt=\"Uz\u0146\u0113muma telpas\"><br \/>\n<img decoding=\"async\" src=\"https:\/\/www.hydraulic-cylinders.net\/wp-content\/uploads\/2025\/04\/songte-company-3.webp\" alt=\"Uz\u0146\u0113muma ra\u017eo\u0161ana\"><\/p>\n<p>Autors: lil<\/p>","protected":false},"excerpt":{"rendered":"<p>Boom Cylinder For John Deere E330LC Introduction to Boom Cylinders The boom cylinder is a crucial component in hydraulic systems used by various heavy machinery, including excavators, backhoe loaders, and front-end loaders. These hydraulic cylinders control the movement of the boom, allowing the bucket to rise, lower, and tilt as needed. This functionality is essential [&hellip;]<\/p>","protected":false},"featured_media":17877,"comment_status":"open","ping_status":"closed","template":"","meta":{"_et_pb_use_builder":"","_et_pb_old_content":"","_et_gb_content_width":""},"product_brand":[],"product_cat":[1546],"product_tag":[1547,1496],"class_list":{"0":"post-19569","1":"product","2":"type-product","3":"status-publish","4":"has-post-thumbnail","6":"product_cat-boom-cylinders","7":"product_tag-boom-cylinders","8":"product_tag-hydraulic-cylinders","10":"first","11":"instock","12":"shipping-taxable","13":"product-type-simple"},"amp_enabled":true,"_links":{"self":[{"href":"https:\/\/www.hydraulic-cylinders.net\/lv\/wp-json\/wp\/v2\/product\/19569","targetHints":{"allow":["GET"]}}],"collection":[{"href":"https:\/\/www.hydraulic-cylinders.net\/lv\/wp-json\/wp\/v2\/product"}],"about":[{"href":"https:\/\/www.hydraulic-cylinders.net\/lv\/wp-json\/wp\/v2\/types\/product"}],"replies":[{"embeddable":true,"href":"https:\/\/www.hydraulic-cylinders.net\/lv\/wp-json\/wp\/v2\/comments?post=19569"}],"wp:featuredmedia":[{"embeddable":true,"href":"https:\/\/www.hydraulic-cylinders.net\/lv\/wp-json\/wp\/v2\/media\/17877"}],"wp:attachment":[{"href":"https:\/\/www.hydraulic-cylinders.net\/lv\/wp-json\/wp\/v2\/media?parent=19569"}],"wp:term":[{"taxonomy":"product_brand","embeddable":true,"href":"https:\/\/www.hydraulic-cylinders.net\/lv\/wp-json\/wp\/v2\/product_brand?post=19569"},{"taxonomy":"product_cat","embeddable":true,"href":"https:\/\/www.hydraulic-cylinders.net\/lv\/wp-json\/wp\/v2\/product_cat?post=19569"},{"taxonomy":"product_tag","embeddable":true,"href":"https:\/\/www.hydraulic-cylinders.net\/lv\/wp-json\/wp\/v2\/product_tag?post=19569"}],"curies":[{"name":"wp","href":"https:\/\/api.w.org\/{rel}","templated":true}]}}