{"id":19570,"date":"2025-04-07T06:55:07","date_gmt":"2025-04-07T06:55:07","guid":{"rendered":"https:\/\/www.hydraulic-cylinders.net\/product\/boom-cylinder-for-john-deere-e210lc\/"},"modified":"2025-04-07T06:55:09","modified_gmt":"2025-04-07T06:55:09","slug":"boom-cylinder-for-john-deere-e210lc","status":"publish","type":"product","link":"https:\/\/www.hydraulic-cylinders.net\/lv\/products\/boom-cylinder-for-john-deere-e210lc\/","title":{"rendered":"Str\u0113les cilindrs John Deere E210LC"},"content":{"rendered":"<h1>Str\u0113les cilindrs John Deere E210LC<\/h1>\n<h2>Produkta p\u0101rskats<\/h2>\n<p>John Deere E210LC str\u0113les cilindrs ir b\u016btiska hidrauliska sast\u0101vda\u013ca, kas paredz\u0113ta, lai kontrol\u0113tu str\u0113les kust\u012bbu ekskavatoros. \u0160im hidrauliskajam cilindram ir iz\u0161\u0137iro\u0161a noz\u012bme smago ma\u0161\u012bnu darb\u012bb\u0101, nodro\u0161inot vienm\u0113r\u012bgu str\u0113les pacel\u0161anu, nolai\u0161anu un noliek\u0161anu. B\u016bt\u012bb\u0101 tas \u013cauj operatoriem efekt\u012bvi p\u0101rvald\u012bt materi\u0101lu apstr\u0101des uzdevumus neatkar\u012bgi no t\u0101, vai tie ir b\u016bvniec\u012bbas, nojauk\u0161anas vai ainavu veido\u0161anas projekti.<\/p>\n<p>K\u0101 hidrauliskais cilindrs, kas \u012bpa\u0161i paredz\u0113ts lieto\u0161anai smagaj\u0101 apr\u012bkojum\u0101, str\u0113les cilindrs ir atbild\u012bgs par hidraulisk\u0101 spiediena p\u0101rveido\u0161anu meh\u0101nisk\u0101 sp\u0113k\u0101. Tas \u013cauj str\u0113lei veikt da\u017e\u0101das funkcijas, piem\u0113ram, rak\u0161anu, cel\u0161anu un materi\u0101lu p\u0101rvieto\u0161anu ar precizit\u0101ti un vieglumu. Uzlabotas in\u017eenierijas iek\u013cau\u0161ana t\u0101 konstrukcij\u0101 nodro\u0161ina iztur\u012bbu un uzticam\u012bbu, padarot to par b\u016btisku sast\u0101vda\u013cu ma\u0161\u012bnu veiktsp\u0113jas maksimiz\u0113\u0161anai.<\/p>\n<p><img decoding=\"async\" src=\"https:\/\/www.hydraulic-cylinders.net\/wp-content\/uploads\/2025\/04\/songte-company-1.webp\" alt=\"John Deere E210LC str\u0113les cilindrs\"\/><\/p>\n<h2>Str\u0113les cilindra \u012bpa\u0161\u012bbas<\/h2>\n<ul>\n<li>\n<h3>Augsta iztur\u012bba un ilgm\u016b\u017e\u012bba<\/h3>\n<p>Izgatavots no augstas stipr\u012bbas t\u0113rauda vai alum\u012bnija, str\u0113les cilindrs var iztur\u0113t augstu spiedienu un lielas slodzes. T\u0101 konstrukcij\u0101 ir \u0146emta v\u0113r\u0101 ar\u012b nodilumiztur\u012bba un aizsardz\u012bba pret koroziju, t\u0101d\u0113j\u0101di pagarinot t\u0101 kalpo\u0161anas laiku pat skarbos darba apst\u0101k\u013cos.<\/p>\n<\/li>\n<li>\n<h3>Efekt\u012bva hidraulisk\u0101 darb\u012bba<\/h3>\n<p>Cilindrs izmanto hidraulisk\u0101s e\u013c\u013cas spiedienu, lai nodro\u0161in\u0101tu vienm\u0113r\u012bgas izstiep\u0161anas un ievilk\u0161anas darb\u012bbas, \u013caujot \u0101tri rea\u0123\u0113t uz operatora komand\u0101m. Tas nodro\u0161ina sp\u0113c\u012bgu stum\u0161anas un vilk\u0161anas sp\u0113ku, padarot to ide\u0101li piem\u0113rotu smagu un sare\u017e\u0123\u012btu uzdevumu veik\u0161anai.<\/p>\n<\/li>\n<li>\n<h3>Da\u017e\u0101di veidi<\/h3>\n<p>Atkar\u012bb\u0101 no ekspluat\u0101cijas vajadz\u012bb\u0101m lietot\u0101ji var izv\u0113l\u0113ties starp vienas darb\u012bbas (hidrauliskais sp\u0113ks vien\u0101 virzien\u0101) vai divk\u0101r\u0161as darb\u012bbas (hidrauliskais sp\u0113ks abos virzienos) cilindriem. Da\u017ei mode\u013ci ir teleskopiski, kas \u013cauj tos pagarin\u0101t, nepalielinot \u0101r\u0113jos izm\u0113rus, kas ir ide\u0101li piem\u0113rots lietojumiem ar ierobe\u017eotu vietu.<\/p>\n<\/li>\n<\/ul>\n<p>M\u016bsu ra\u017eo\u0161anas iesp\u0113jas nodro\u0161ina, ka m\u0113s varam ra\u017eot \u0161o produktu, lai perfekti aizst\u0101tu eso\u0161os hidrauliskos cilindrus.<\/p>\n<p><img decoding=\"async\" src=\"https:\/\/www.hydraulic-cylinders.net\/wp-content\/uploads\/2025\/04\/songte-cylinder-head-with-all-kinds-excavator-models.webp\" alt=\"Da\u017e\u0101di ekskavatoru cilindru galvu mode\u013ci\"\/><\/p>\n<h2>Str\u0113les cilindra pielietojumi<\/h2>\n<ul>\n<li>\n<h3>Celtniec\u012bbas apr\u012bkojums<\/h3>\n<p>Ekskavatoros str\u0113les cilindri ir \u013coti svar\u012bgi rak\u0161anai, iekrau\u0161anai un augsnes vai gru\u017eu p\u0101rvieto\u0161anai. \u0160ie cilindri atvieglo str\u0113les pacel\u0161anu un nolai\u0161anu, \u013caujot operatoriem efekt\u012bvi veikt uzdevumus. \u012apa\u0161i b\u016bvlaukumos sp\u0113ja regul\u0113t str\u0113les augstumu un le\u0146\u0137i ir \u013coti svar\u012bga dro\u0161ai un efekt\u012bvai darb\u012bbai.<\/p>\n<\/li>\n<li>\n<h3>Lauksaimniec\u012bbas tehnika<\/h3>\n<p>Front\u0101lajos iekr\u0101v\u0113jos str\u0113les cilindri ir b\u016btiski augsnes, siena un citu materi\u0101lu sav\u0101k\u0161anai, cel\u0161anai un transport\u0113\u0161anai. Tie nodro\u0161ina nepiecie\u0161amo sp\u0113ku, lai efekt\u012bvi p\u0101rvald\u012btu kravas, kas ir \u013coti svar\u012bgi s\u0113\u0161anas un ra\u017eas nov\u0101k\u0161anas sezon\u0101s, kad laiks ir \u013coti svar\u012bgs.<\/p>\n<\/li>\n<li>\n<h3>Ekskavatori<\/h3>\n<p>Ekskavatoros str\u0113les cilindrs \u013cauj kausam iek\u013c\u016bt augsn\u0113, nodro\u0161inot efekt\u012bvas rak\u0161anas darb\u012bbas. \u0160\u012b sp\u0113ja ir \u012bpa\u0161i svar\u012bga projektos, kuros nepiecie\u0161ams izrakt dzi\u013cas tran\u0161ejas vai lielas plat\u012bbas, nodro\u0161inot produktivit\u0101ti un \u0101trumu darb\u012bb\u0101s.<\/p>\n<\/li>\n<li>\n<h3>Iekr\u0101v\u0113ji<\/h3>\n<p>Front\u0101lajos iekr\u0101v\u0113jos str\u0113les cilindri pal\u012bdz efekt\u012bvi pacelt un izg\u0101zt materi\u0101lus. Sp\u0113ja kontrol\u0113t kravas le\u0146\u0137i un augstumu uzlabo manevr\u0113tsp\u0113ju, \u013caujot operatoriem veikt uzdevumus prec\u012bzi un viegli.<\/p>\n<\/li>\n<\/ul>\n<h2>Dizaina apsv\u0113rumi un atlases krit\u0113riji<\/h2>\n<ul>\n<li>\n<h3>Kravnes\u012bba<\/h3>\n<p>Kravnes\u012bba ir iz\u0161\u0137iro\u0161s faktors str\u0113les cilindra konstrukcij\u0101. T\u0101 nosaka, cik lielu svaru cilindrs var dro\u0161i pacelt un atbalst\u012bt. Pareizi konstru\u0113tam cilindram j\u0101b\u016bt pietiekami iztur\u012bgam, lai iztur\u0113tu maksim\u0101lo svaru, ar ko tas saskarsies ekspluat\u0101cijas laik\u0101. Tas ietver materi\u0101lu izv\u0113li, konstrukcijas integrit\u0101ti un r\u016bp\u012bgu test\u0113\u0161anu, lai nodro\u0161in\u0101tu dro\u0161\u012bbu un uzticam\u012bbu.<\/p>\n<\/li>\n<li>\n<h3>Bl\u012bv\u0113\u0161ana<\/h3>\n<p>Efekt\u012bva bl\u012bv\u0113\u0161ana ir b\u016btiska, lai nov\u0113rstu hidraulisk\u0101 \u0161\u0137idruma nopl\u016bdi. Bie\u017ei tiek izmantoti augstas kvalit\u0101tes bl\u012bv\u0113jumi, kas izgatavoti no t\u0101diem materi\u0101liem k\u0101 poliuret\u0101ns vai nitrilgumija, lai nodro\u0161in\u0101tu iztur\u012bbu un nodilumiztur\u012bbu. Projekt\u0113jot j\u0101\u0146em v\u0113r\u0101 ar\u012b spiediena starp\u012bbas un temperat\u016bras, kur\u0101m bl\u012bv\u0113jumi tiks pak\u013cauti, nodro\u0161inot ilgm\u016b\u017e\u012bbu un veiktsp\u0113ju da\u017e\u0101dos apst\u0101k\u013cos.<\/p>\n<\/li>\n<li>\n<h3>Iztur\u012bba<\/h3>\n<p>Iztur\u012bba attiecas uz str\u0113les cilindra sp\u0113ju iztur\u0113t nodilumu laika gait\u0101. Tas ietver iztur\u012bbu pret koroziju, nodilumu un nogurumu. Ra\u017eo\u0161anas procesi, kas uzlabo iztur\u012bbu, piem\u0113ram, virsmas saciet\u0113\u0161anas apstr\u0101de un aizsargp\u0101rkl\u0101jumi, ir svar\u012bgi, lai pagarin\u0101tu cilindra kalpo\u0161anas laiku un saglab\u0101tu t\u0101 veiktsp\u0113ju.<\/p>\n<\/li>\n<li>\n<h3>Dro\u0161\u012bba<\/h3>\n<p>Hidraulisko cilindru konstrukcij\u0101 \u0101rk\u0101rt\u012bgi svar\u012bgas ir dro\u0161\u012bbas funkcijas. Tas ietver spiediena samazin\u0101\u0161anas v\u0101rstus, lai nov\u0113rstu p\u0101rslodzi, k\u0101 ar\u012b iztur\u012bgus mont\u0101\u017eas dizainus, lai izvair\u012btos no boj\u0101jumiem darb\u012bbas laik\u0101. Lai aizsarg\u0101tu operatorus un apr\u012bkojumu, ir \u013coti svar\u012bgi nodro\u0161in\u0101t, lai str\u0113les cilindrs atbilstu nozares dro\u0161\u012bbas standartiem.<\/p>\n<\/li>\n<li>\n<h3>Apkope<\/h3>\n<p>V\u0113l viens svar\u012bgs apsv\u0113rums ir viegla apkope. Konstrukcijai j\u0101nodro\u0161ina \u0113rta piek\u013cuve komponentiem, kuriem nepiecie\u0161ama regul\u0101ra apkope, piem\u0113ram, bl\u012bv\u0113m un e\u013c\u013co\u0161anas punktiem. Ievie\u0161ot funkcijas, kas atvieglo \u0101tru p\u0101rbaudi un remontu, tiks samazin\u0101ts d\u012bkst\u0101ves laiks un uzlabota darb\u012bbas efektivit\u0101te.<\/p>\n<\/li>\n<\/ul>\n<p><img decoding=\"async\" src=\"https:\/\/www.hydraulic-cylinders.net\/wp-content\/uploads\/2025\/04\/songte-oil-pipes-and-spare-parts.webp\" alt=\"Hidraulisk\u0101s caurules un rezerves da\u013cas\"\/><\/p>\n<h2>Hidraulisk\u0101 cilindra bl\u012bv\u0113\u0161ana un e\u013c\u013co\u0161ana<\/h2>\n<p>Str\u0113les cilindra bl\u012bv\u0113\u0161anas un e\u013c\u013co\u0161anas sist\u0113ma ir kritiski svar\u012bga t\u0101 funkcionalit\u0101tei un ilgm\u016b\u017e\u012bbai. Da\u017e\u0101di bl\u012bv\u0113\u0161anas komponenti, piem\u0113ram, virzu\u013ca bl\u012bvsl\u0113gi \u200b\u200bun stie\u0146a bl\u012bvsl\u0113gi, j\u0101izv\u0113las, pamatojoties uz to sp\u0113ju iztur\u0113t hidraulisko spiedienu un nov\u0113rst \u0161\u0137idruma nopl\u016bdi. Parasti izmantotie materi\u0101li ir poliuret\u0101ns un nitrilgumija, kas nodro\u0161ina augstu iztur\u012bbu pret nodilumu un \u0137\u012bmisku degrad\u0101ciju.<\/p>\n<p>Turkl\u0101t cilindra korpuss un v\u012bt\u0146otie gali ir prec\u012bzi j\u0101apstr\u0101d\u0101, lai uzlabotu virsmas apdari, nodilumiztur\u012bbu un nodro\u0161in\u0101tu herm\u0113tisku bl\u012bv\u0113jumu. Lai nodro\u0161in\u0101tu vienm\u0113r\u012bgu darb\u012bbu un samazin\u0101tu berzi starp kust\u012bgaj\u0101m da\u013c\u0101m, t\u0101d\u0113j\u0101di pagarinot cilindra kalpo\u0161anas laiku, ir nepiecie\u0161ama regul\u0101ra e\u013c\u013co\u0161ana ar atbilsto\u0161u hidraulisko e\u013c\u013cu.<\/p>\n<h2>Regul\u0101ras p\u0101rbaudes un profilaktisk\u0101s apkopes pas\u0101kumi<\/h2>\n<ul>\n<li>\n<h3>Regul\u0101ras p\u0101rbaudes<\/h3>\n<p>Regul\u0101ras str\u0113les cilindra p\u0101rbaudes ir \u013coti svar\u012bgas, lai identific\u0113tu jebk\u0101das nodiluma vai boj\u0101jumu paz\u012bmes. Operatoriem j\u0101p\u0101rbauda, \u200b\u200bvai nav hidraulisk\u0101 \u0161\u0137idruma nopl\u016bdes, j\u0101p\u0101rbauda bl\u012bv\u0113jumu integrit\u0101te un j\u0101mekl\u0113 cilindra korpusa deform\u0101cija. Probl\u0113mu agr\u012bna atkl\u0101\u0161ana var nov\u0113rst nopietnus boj\u0101jumus un d\u0101rgus remontdarbus.<\/p>\n<\/li>\n<li>\n<h3>Piem\u0113rota e\u013c\u013co\u0161ana<\/h3>\n<p>Pareiza hidraulisk\u0101s e\u013c\u013cas daudzuma uzkl\u0101\u0161ana ir b\u016btiska optim\u0101lai veiktsp\u0113jai. P\u0101rm\u0113r\u012bga vai nepietiekama e\u013c\u013co\u0161ana var izrais\u012bt darb\u012bbas probl\u0113mas. Lai saglab\u0101tu cilindra funkcionalit\u0101ti, ir svar\u012bgi iev\u0113rot ra\u017eot\u0101ja ieteikumus par e\u013c\u013co\u0161anas bie\u017eumu un daudzumu.<\/p>\n<\/li>\n<li>\n<h3>Bl\u012bvju nomai\u0146as un kalibr\u0113\u0161anas p\u0101rbaudes<\/h3>\n<p>Nodilu\u0161u bl\u012bv\u0113jumu nomai\u0146a ir \u013coti svar\u012bga hidraulisk\u0101s efektivit\u0101tes uztur\u0113\u0161anai. Operatoriem j\u0101b\u016bt apm\u0101c\u012btiem atpaz\u012bt bl\u012bv\u0113jumu boj\u0101jumus un nekav\u0113joties tos nomain\u012bt. Turkl\u0101t regul\u0101ras kalibr\u0113\u0161anas p\u0101rbaudes nodro\u0161ina, ka hidraulisk\u0101 sist\u0113ma darbojas noteiktos parametros, uzlabojot dro\u0161\u012bbu un veiktsp\u0113ju.<\/p>\n<\/li>\n<\/ul>\n<p><img decoding=\"async\" src=\"https:\/\/www.hydraulic-cylinders.net\/wp-content\/uploads\/2025\/04\/songte-chushion-collar.webp\" alt=\"Cilindru spilvenu apkakles\"\/><\/p>\n<h2>Dro\u0161\u012bbas apsv\u0113rumi un vides faktori<\/h2>\n<p>Izmantojot hidrauliskos komponentus, piem\u0113ram, str\u0113les cilindru, dro\u0161\u012bbas pas\u0101kumu ievie\u0161ana ir \u0101rk\u0101rt\u012bgi svar\u012bga. Operatoriem j\u0101b\u016bt apm\u0101c\u012btiem par dro\u0161\u0101m ekspluat\u0101cijas proced\u016br\u0101m, tostarp slodzes ierobe\u017eojumiem, av\u0101rijas izsl\u0113g\u0161anu un pareizu apr\u012bkojuma novietojumu, lai izvair\u012btos no negad\u012bjumiem. Turkl\u0101t j\u0101\u0146em v\u0113r\u0101 t\u0101di vides faktori k\u0101 temperat\u016bras sv\u0101rst\u012bbas un saskare ar kod\u012bg\u0101m viel\u0101m, jo \u200b\u200btie var ietekm\u0113t cilindra veiktsp\u0113ju un ilgm\u016b\u017e\u012bbu.<\/p>\n<h2>K\u013c\u016bmju diagnostika un bie\u017e\u0101k sastopam\u0101s probl\u0113mas<\/h2>\n<ul>\n<li>\n<h3>Nopl\u016bde<\/h3>\n<p>Hidraulisk\u0101 \u0161\u0137idruma nopl\u016bdes ir viena no visbie\u017e\u0101k sastopamaj\u0101m probl\u0113m\u0101m. T\u0101s var rasties nolietotu bl\u012bv\u0113jumu, boj\u0101tu \u0161\u013c\u016bte\u0146u vai nepareizas uzst\u0101d\u012b\u0161anas d\u0113\u013c. Ir \u013coti svar\u012bgi savlaic\u012bgi noteikt nopl\u016bdes avotu, lai nov\u0113rstu hidraulisk\u0101 spiediena zudumu un nodro\u0161in\u0101tu dro\u0161u darb\u012bbu.<\/p>\n<\/li>\n<li>\n<h3>L\u0113ns reakcijas laiks<\/h3>\n<p>Ja str\u0113les cilindram ir l\u0113ns reakcijas laiks, tas var liecin\u0101t par zemu hidraulisk\u0101 \u0161\u0137idruma l\u012bmeni vai iek\u0161\u0113ju nodilumu. Operatoriem j\u0101p\u0101rbauda \u0161\u0137idruma l\u012bmenis un j\u0101apskata cilindrs, vai nav iek\u0161\u0113ju boj\u0101jumu paz\u012bmju. Regul\u0101ra apkope un \u0161\u0137idrumu p\u0101rbaudes var pal\u012bdz\u0113t mazin\u0101t \u0161o probl\u0113mu.<\/p>\n<\/li>\n<li>\n<h3>Nevienm\u0113r\u012bga kust\u012bba<\/h3>\n<p>Nevienm\u0113r\u012bga str\u0113les kust\u012bba var rasties nevienm\u0113r\u012bga spiediena sadal\u012bjuma d\u0113\u013c hidrauliskaj\u0101 sist\u0113m\u0101. To var izrais\u012bt \u0161\u013c\u016bte\u0146u vai v\u0101rstu aizsprostojumi. Regul\u0101ras hidraulisk\u0101s sist\u0113mas p\u0101rbaudes un t\u012br\u012b\u0161ana var pal\u012bdz\u0113t uztur\u0113t vienm\u0113r\u012bgu funkcionalit\u0101ti.<\/p>\n<\/li>\n<\/ul>\n<h2>Probl\u0113mu nov\u0113r\u0161anas padomi un prevent\u012bvie pas\u0101kumi<\/h2>\n<p>Lai efekt\u012bvi nov\u0113rstu probl\u0113mas ar str\u0113les cilindru, operatoriem ir j\u0101uztur detaliz\u0113ts darb\u012bbas un visu neatbilst\u012bbu re\u0123istrs. Regul\u0101ra apkope, tostarp nopl\u016b\u017eu p\u0101rbaudes un pareizas e\u013c\u013co\u0161anas nodro\u0161in\u0101\u0161ana, samazin\u0101s potenci\u0101l\u0101s probl\u0113mas. Prevent\u012bv\u0101s apkopes grafika ievie\u0161ana var iev\u0113rojami samazin\u0101t hidraulisko k\u013c\u016bmju iesp\u0113jam\u012bbu, galu gal\u0101 uzlabojot darb\u012bbas dro\u0161\u012bbu un produktivit\u0101ti.<\/p>\n<p><img decoding=\"async\" src=\"https:\/\/www.hydraulic-cylinders.net\/wp-content\/uploads\/2025\/04\/songte-bushings-with-all-kinds-of-excavator-models.webp\" alt=\"Ekskavatoru mode\u013cu bukses\"\/><\/p>\n<h2>Par m\u016bsu uz\u0146\u0113mumu<\/h2>\n<p>M\u0113s esam ra\u017eot\u0101js, kas specializ\u0113jas hidraulisko cilindru nomai\u0146\u0101, pied\u0101v\u0101jot pla\u0161u produktu kl\u0101stu, kas padara m\u016bs par vienu no vado\u0161ajiem ra\u017eot\u0101jiem un vairumtirgot\u0101jiem viet\u0113j\u0101 un starptautiskaj\u0101 tirg\u016b. M\u016bsu ap\u0146em\u0161anos sasniegt izcil\u012bbu nodro\u0161ina izsmalcin\u0101ta ra\u017eo\u0161anas vad\u012bbas strat\u0113\u0123ija, izmantojot augst\u0101k\u0101s klases ra\u017eo\u0161anas iek\u0101rtas un specializ\u0113tu test\u0113\u0161anas sist\u0113mu. M\u0113s nep\u0101rtraukti uzlabojam savu ra\u017eo\u0161anas platformu, nodro\u0161inot augstu efektivit\u0101ti, precizit\u0101ti un kvalit\u0101ti, lai apmierin\u0101tu da\u017e\u0101das klientu vajadz\u012bbas.<\/p>\n<p>M\u016bsu uz\u0146\u0113mums lepojas ar profesionalit\u0101ti un starptautiskiem sertifik\u0101tiem, kas garant\u0113 m\u016bsu produktu kvalit\u0101ti. M\u0113s pied\u0101v\u0101jam piel\u0101gotus pakalpojumus, lai apmierin\u0101tu \u012bpa\u0161as klientu pras\u012bbas, un uzturam modern\u0101k\u0101s ra\u017eo\u0161anas iek\u0101rtas, lai nodro\u0161in\u0101tu augst\u0101k\u0101s klases produktus. Turkl\u0101t m\u016bsu specializ\u0113tais p\u0113cp\u0101rdo\u0161anas serviss garant\u0113 klientu atbalstu, sniedzot sirdsmieru un risinot visas iesp\u0113jam\u0101s probl\u0113mas.<\/p>\n<p><img decoding=\"async\" src=\"https:\/\/www.hydraulic-cylinders.net\/wp-content\/uploads\/2025\/04\/songte-company-4.webp\" alt=\"Uz\u0146\u0113muma p\u0101rskats\"\/><br \/>\n<img decoding=\"async\" src=\"https:\/\/www.hydraulic-cylinders.net\/wp-content\/uploads\/2025\/04\/songte-company-3.webp\" alt=\"Uz\u0146\u0113muma telpas\"\/><\/p>\n<p>Autors: lil<\/p>","protected":false},"excerpt":{"rendered":"<p>Boom Cylinder For John Deere E210LC Product Overview The Boom Cylinder for John Deere E210LC is an essential hydraulic component designed to control the movement of the boom in excavators. This hydraulic cylinder plays a crucial role in the operation of heavy machinery, enabling the smooth lifting, lowering, and tilting of the boom. In essence, [&hellip;]<\/p>","protected":false},"featured_media":17878,"comment_status":"open","ping_status":"closed","template":"","meta":{"_et_pb_use_builder":"","_et_pb_old_content":"","_et_gb_content_width":""},"product_brand":[],"product_cat":[1546],"product_tag":[1547,1496],"class_list":{"0":"post-19570","1":"product","2":"type-product","3":"status-publish","4":"has-post-thumbnail","6":"product_cat-boom-cylinders","7":"product_tag-boom-cylinders","8":"product_tag-hydraulic-cylinders","10":"first","11":"instock","12":"shipping-taxable","13":"product-type-simple"},"amp_enabled":true,"_links":{"self":[{"href":"https:\/\/www.hydraulic-cylinders.net\/lv\/wp-json\/wp\/v2\/product\/19570","targetHints":{"allow":["GET"]}}],"collection":[{"href":"https:\/\/www.hydraulic-cylinders.net\/lv\/wp-json\/wp\/v2\/product"}],"about":[{"href":"https:\/\/www.hydraulic-cylinders.net\/lv\/wp-json\/wp\/v2\/types\/product"}],"replies":[{"embeddable":true,"href":"https:\/\/www.hydraulic-cylinders.net\/lv\/wp-json\/wp\/v2\/comments?post=19570"}],"wp:featuredmedia":[{"embeddable":true,"href":"https:\/\/www.hydraulic-cylinders.net\/lv\/wp-json\/wp\/v2\/media\/17878"}],"wp:attachment":[{"href":"https:\/\/www.hydraulic-cylinders.net\/lv\/wp-json\/wp\/v2\/media?parent=19570"}],"wp:term":[{"taxonomy":"product_brand","embeddable":true,"href":"https:\/\/www.hydraulic-cylinders.net\/lv\/wp-json\/wp\/v2\/product_brand?post=19570"},{"taxonomy":"product_cat","embeddable":true,"href":"https:\/\/www.hydraulic-cylinders.net\/lv\/wp-json\/wp\/v2\/product_cat?post=19570"},{"taxonomy":"product_tag","embeddable":true,"href":"https:\/\/www.hydraulic-cylinders.net\/lv\/wp-json\/wp\/v2\/product_tag?post=19570"}],"curies":[{"name":"wp","href":"https:\/\/api.w.org\/{rel}","templated":true}]}}